{"id":1683,"date":"2024-01-24T20:41:53","date_gmt":"2024-01-24T20:41:53","guid":{"rendered":"https:\/\/quickpercentcalc.com\/matematik\/knob-beregner\/"},"modified":"2025-04-07T18:37:15","modified_gmt":"2025-04-07T18:37:15","slug":"knob-beregner","status":"publish","type":"page","link":"https:\/\/quickpercentcalc.com\/da\/matematik\/knob-beregner\/","title":{"rendered":"Knob-beregner"},"content":{"rendered":"\n<p>Konverter knob. Vores lommeregner hj\u00e6lper dig med at konvertere mellem knob, km\/t, m\/s og mph. <\/p>\n\n<p>Med denne lommeregner kan du konvertere mellem knob, kilometer i timen (km\/t), meter i sekundet (m\/s) og miles i timen (mph).<\/p>\n\n<p>Knob eller nautiske mil i timen er den standardenhed for hastighed, der bruges i s\u00f8farts- og luftfartssammenh\u00e6nge. En knob svarer til pr\u00e6cis 1,852 kilometer i timen eller cirka 1,15078 miles i timen. Det er fortsat den internationale standard for navigation til s\u00f8s og i luften.  <\/p>\n\n<p>Kilometer i timen er den metriske enhed, der almindeligvis bruges til at m\u00e5le hastighed p\u00e5 landjorden i de fleste lande. I USA m\u00e5les hastigheden dog typisk i miles per hour (mph). <\/p>\n\n<script>\nfunction convertKnotsToKmh() {\n    var knots = parseFloat(document.getElementById(\"knotsToKmh\").value.replace(\/,\/g, \".\"));\n    document.getElementById(\"kmhResult\").value = (knots * 1.852).toFixed(2);\n}\n\nfunction convertKnotsToMs() {\n    var knots = parseFloat(document.getElementById(\"knotsToMs\").value.replace(\/,\/g, \".\"));\n    document.getElementById(\"msResult\").value = (knots * 0.514444).toFixed(2);\n}\n\nfunction convertKnotsToMph() {\n    var knots = parseFloat(document.getElementById(\"knotsToMph\").value.replace(\/,\/g, \".\"));\n    document.getElementById(\"mphResult\").value = (knots * 1.15078).toFixed(2);\n}\n\nfunction convertKmhToKnots() {\n    var kmh = parseFloat(document.getElementById(\"kmhToKnots\").value.replace(\/,\/g, \".\"));\n    document.getElementById(\"knotsResult\").value = (kmh * 0.539957).toFixed(2);\n}\n<\/script>\n\n<!-- Knots to km\/h -->\n<label for=\"knotsToKmh\"><h2>Knob til km\/t<\/h2><\/label><br\/><input type=\"number\" id=\"knotsToKmh\" min=\"0\" placeholder=\"Knuder\"\/>\n<br\/><input type=\"text\" id=\"kmhResult\" placeholder=\"km\/t\" readonly=\"readonly\"\/>\n<button onclick=\"convertKnotsToKmh()\">Convert<\/button>\n<br\/><br\/>\n<!-- Knots to m\/s -->\n<label for=\"knotsToMs\"><h2>Knob til m\/s<\/h2><\/label><br\/><input type=\"number\" id=\"knotsToMs\" min=\"0\" placeholder=\"Knuder\"\/>\n<br\/><input type=\"text\" id=\"msResult\" placeholder=\"m\/s\" readonly=\"readonly\"\/>\n<button onclick=\"convertKnotsToMs()\">Convert<\/button>\n<br\/><br\/>\n<!-- Knots to mph -->\n<label for=\"knotsToMph\"><h2>Knob til mph<\/h2><\/label><br\/><input type=\"number\" id=\"knotsToMph\" min=\"0\" placeholder=\"Knuder\"\/>\n<br\/><input type=\"text\" id=\"mphResult\" placeholder=\"mph\" readonly=\"readonly\"\/>\n<button onclick=\"convertKnotsToMph()\">Convert<\/button>\n<br\/><br\/>\n<!-- km\/h to Knots -->\n<label for=\"kmhToKnots\"><h2>km\/t til knob<\/h2><\/label><br\/><input type=\"number\" id=\"kmhToKnots\" min=\"0\" placeholder=\"km\/t\"\/>\n<br\/><input type=\"text\" id=\"knotsResult\" placeholder=\"Knuder\" readonly=\"readonly\"\/>\n<button onclick=\"convertKmhToKnots()\">Convert<\/button>\n<br\/><br\/>\n\n<h2 class=\"wp-block-heading\">S\u00e5dan omregner du knob til kilometer i timen (mph)<\/h2>\n\n<p>Det er nemt at omregne knob til miles i timen. Da 1 knob svarer til ca. 1,15078 mph, ganger du bare antallet af knob med 1,15078. <\/p>\n\n<p><strong>Formel:<\/strong> mph = knob \u00d7 1,15078<\/p>\n\n<p>Eksempel: En b\u00e5d, der sejler med 10 knob, vil bev\u00e6ge sig med: 10 \u00d7 1,15078 = 11,51 mph<\/p>\n\n<h3 class=\"wp-block-heading\">Praktisk brug af disse omregninger<\/h3>\n\n<p>Disse omregninger er is\u00e6r nyttige for sejlere og piloter, der har brug for at omregne deres hastighed til metriske eller imperiale enheder til navigation eller kommunikation. De er ogs\u00e5 nyttige for studerende eller entusiaster, der studerer meteorologi eller nautisk videnskab. <\/p>\n\n<h3 class=\"wp-block-heading\">V\u00e6rkt\u00f8jer til konvertering<\/h3>\n\n<p>I dagens digitale tidsalder findes der masser af v\u00e6rkt\u00f8jer til at g\u00f8re disse omregninger hurtige og nemme. Fra online-regnemaskiner til mobilapps &#8211; det er nemt at finde et v\u00e6rkt\u00f8j, der passer til dine behov. <\/p>\n","protected":false},"excerpt":{"rendered":"<p>Konverter knob. Vores lommeregner hj\u00e6lper dig med at konvertere mellem knob, km\/t, m\/s og mph. Med denne lommeregner kan du [&hellip;]<\/p>\n","protected":false},"author":1,"featured_media":0,"parent":1593,"menu_order":0,"comment_status":"closed","ping_status":"closed","template":"kalkulator-side.php","meta":{"site-sidebar-layout":"default","site-content-layout":"default","ast-site-content-layout":"default","site-content-style":"default","site-sidebar-style":"default","ast-global-header-display":"","ast-banner-title-visibility":"","ast-main-header-display":"","ast-hfb-above-header-display":"","ast-hfb-below-header-display":"","ast-hfb-mobile-header-display":"","site-post-title":"","ast-breadcrumbs-content":"","ast-featured-img":"","footer-sml-layout":"","theme-transparent-header-meta":"default","adv-header-id-meta":"","stick-header-meta":"default","header-above-stick-meta":"","header-main-stick-meta":"","header-below-stick-meta":"","astra-migrate-meta-layouts":"default","ast-page-background-enabled":"default","ast-page-background-meta":{"desktop":{"background-color":"var(--ast-global-color-5)","background-image":"","background-repeat":"repeat","background-position":"center center","background-size":"auto","background-attachment":"scroll","background-type":"","background-media":"","overlay-type":"","overlay-color":"","overlay-opacity":"","overlay-gradient":""},"tablet":{"background-color":"","background-image":"","background-repeat":"repeat","background-position":"center center","background-size":"auto","background-attachment":"scroll","background-type":"","background-media":"","overlay-type":"","overlay-color":"","overlay-opacity":"","overlay-gradient":""},"mobile":{"background-color":"","background-image":"","background-repeat":"repeat","background-position":"center center","background-size":"auto","background-attachment":"scroll","background-type":"","background-media":"","overlay-type":"","overlay-color":"","overlay-opacity":"","overlay-gradient":""}},"ast-content-background-meta":{"desktop":{"background-color":"var(--ast-global-color-4)","background-image":"","background-repeat":"repeat","background-position":"center center","background-size":"auto","background-attachment":"scroll","background-type":"","background-media":"","overlay-type":"","overlay-color":"","overlay-opacity":"","overlay-gradient":""},"tablet":{"background-color":"var(--ast-global-color-4)","background-image":"","background-repeat":"repeat","background-position":"center center","background-size":"auto","background-attachment":"scroll","background-type":"","background-media":"","overlay-type":"","overlay-color":"","overlay-opacity":"","overlay-gradient":""},"mobile":{"background-color":"var(--ast-global-color-4)","background-image":"","background-repeat":"repeat","background-position":"center center","background-size":"auto","background-attachment":"scroll","background-type":"","background-media":"","overlay-type":"","overlay-color":"","overlay-opacity":"","overlay-gradient":""}},"footnotes":""},"class_list":["post-1683","page","type-page","status-publish","hentry"],"yoast_head":"<!-- This site is optimized with the Yoast SEO plugin v25.5 - https:\/\/yoast.com\/wordpress\/plugins\/seo\/ -->\n<title>Knob til mph Converter - Konverter knob til km\/t, m\/s eller mph!<\/title>\n<meta name=\"description\" content=\"Konverter knob til mph ved hj\u00e6lp af vores lommeregner. \ud83d\udea4 Med dette v\u00e6rkt\u00f8j kan du indtaste en v\u00e6rdi i knob, km\/t eller m\/s og beregne den tilsvarende hastighed i de andre enheder.\" \/>\n<meta name=\"robots\" content=\"index, follow, max-snippet:-1, max-image-preview:large, max-video-preview:-1\" \/>\n<link rel=\"canonical\" href=\"https:\/\/quickpercentcalc.com\/da\/matematik\/knob-beregner\/\" \/>\n<meta property=\"og:locale\" content=\"da_DK\" \/>\n<meta property=\"og:type\" content=\"article\" \/>\n<meta property=\"og:title\" content=\"Knob til mph Converter - Konverter knob til km\/t, m\/s eller mph!\" \/>\n<meta property=\"og:description\" content=\"Konverter knob til mph ved hj\u00e6lp af vores lommeregner. \ud83d\udea4 Med dette v\u00e6rkt\u00f8j kan du indtaste en v\u00e6rdi i knob, km\/t eller m\/s og beregne den tilsvarende hastighed i de andre enheder.\" \/>\n<meta property=\"og:url\" content=\"https:\/\/quickpercentcalc.com\/da\/matematik\/knob-beregner\/\" \/>\n<meta property=\"og:site_name\" content=\"Quick Percent Calculator\" \/>\n<meta property=\"article:modified_time\" content=\"2025-04-07T18:37:15+00:00\" \/>\n<meta name=\"twitter:card\" content=\"summary_large_image\" \/>\n<meta name=\"twitter:label1\" content=\"Estimeret l\u00e6setid\" \/>\n\t<meta name=\"twitter:data1\" content=\"1 minut\" \/>\n<script type=\"application\/ld+json\" class=\"yoast-schema-graph\">{\"@context\":\"https:\/\/schema.org\",\"@graph\":[{\"@type\":\"WebPage\",\"@id\":\"https:\/\/quickpercentcalc.com\/da\/matematik\/knob-beregner\/\",\"url\":\"https:\/\/quickpercentcalc.com\/da\/matematik\/knob-beregner\/\",\"name\":\"Knob til mph Converter - Konverter knob til km\/t, m\/s eller mph!\",\"isPartOf\":{\"@id\":\"https:\/\/quickpercentcalc.com\/da\/#website\"},\"datePublished\":\"2024-01-24T20:41:53+00:00\",\"dateModified\":\"2025-04-07T18:37:15+00:00\",\"description\":\"Konverter knob til mph ved hj\u00e6lp af vores lommeregner. \ud83d\udea4 Med dette v\u00e6rkt\u00f8j kan du indtaste en v\u00e6rdi i knob, km\/t eller m\/s og beregne den tilsvarende hastighed i de andre enheder.\",\"breadcrumb\":{\"@id\":\"https:\/\/quickpercentcalc.com\/da\/matematik\/knob-beregner\/#breadcrumb\"},\"inLanguage\":\"da-DK\",\"potentialAction\":[{\"@type\":\"ReadAction\",\"target\":[\"https:\/\/quickpercentcalc.com\/da\/matematik\/knob-beregner\/\"]}]},{\"@type\":\"BreadcrumbList\",\"@id\":\"https:\/\/quickpercentcalc.com\/da\/matematik\/knob-beregner\/#breadcrumb\",\"itemListElement\":[{\"@type\":\"ListItem\",\"position\":1,\"name\":\"Home\",\"item\":\"https:\/\/quickpercentcalc.com\/da\/\"},{\"@type\":\"ListItem\",\"position\":2,\"name\":\"Matematik\",\"item\":\"https:\/\/quickpercentcalc.com\/da\/matematik\/\"},{\"@type\":\"ListItem\",\"position\":3,\"name\":\"Knob-beregner\"}]},{\"@type\":\"WebSite\",\"@id\":\"https:\/\/quickpercentcalc.com\/da\/#website\",\"url\":\"https:\/\/quickpercentcalc.com\/da\/\",\"name\":\"Quick Percent Calculator\",\"description\":\"\",\"potentialAction\":[{\"@type\":\"SearchAction\",\"target\":{\"@type\":\"EntryPoint\",\"urlTemplate\":\"https:\/\/quickpercentcalc.com\/da\/?s={search_term_string}\"},\"query-input\":{\"@type\":\"PropertyValueSpecification\",\"valueRequired\":true,\"valueName\":\"search_term_string\"}}],\"inLanguage\":\"da-DK\"}]}<\/script>\n<!-- \/ Yoast SEO plugin. -->","yoast_head_json":{"title":"Knob til mph Converter - Konverter knob til km\/t, m\/s eller mph!","description":"Konverter knob til mph ved hj\u00e6lp af vores lommeregner. \ud83d\udea4 Med dette v\u00e6rkt\u00f8j kan du indtaste en v\u00e6rdi i knob, km\/t eller m\/s og beregne den tilsvarende hastighed i de andre enheder.","robots":{"index":"index","follow":"follow","max-snippet":"max-snippet:-1","max-image-preview":"max-image-preview:large","max-video-preview":"max-video-preview:-1"},"canonical":"https:\/\/quickpercentcalc.com\/da\/matematik\/knob-beregner\/","og_locale":"da_DK","og_type":"article","og_title":"Knob til mph Converter - Konverter knob til km\/t, m\/s eller mph!","og_description":"Konverter knob til mph ved hj\u00e6lp af vores lommeregner. \ud83d\udea4 Med dette v\u00e6rkt\u00f8j kan du indtaste en v\u00e6rdi i knob, km\/t eller m\/s og beregne den tilsvarende hastighed i de andre enheder.","og_url":"https:\/\/quickpercentcalc.com\/da\/matematik\/knob-beregner\/","og_site_name":"Quick Percent Calculator","article_modified_time":"2025-04-07T18:37:15+00:00","twitter_card":"summary_large_image","twitter_misc":{"Estimeret l\u00e6setid":"1 minut"},"schema":{"@context":"https:\/\/schema.org","@graph":[{"@type":"WebPage","@id":"https:\/\/quickpercentcalc.com\/da\/matematik\/knob-beregner\/","url":"https:\/\/quickpercentcalc.com\/da\/matematik\/knob-beregner\/","name":"Knob til mph Converter - Konverter knob til km\/t, m\/s eller mph!","isPartOf":{"@id":"https:\/\/quickpercentcalc.com\/da\/#website"},"datePublished":"2024-01-24T20:41:53+00:00","dateModified":"2025-04-07T18:37:15+00:00","description":"Konverter knob til mph ved hj\u00e6lp af vores lommeregner. \ud83d\udea4 Med dette v\u00e6rkt\u00f8j kan du indtaste en v\u00e6rdi i knob, km\/t eller m\/s og beregne den tilsvarende hastighed i de andre enheder.","breadcrumb":{"@id":"https:\/\/quickpercentcalc.com\/da\/matematik\/knob-beregner\/#breadcrumb"},"inLanguage":"da-DK","potentialAction":[{"@type":"ReadAction","target":["https:\/\/quickpercentcalc.com\/da\/matematik\/knob-beregner\/"]}]},{"@type":"BreadcrumbList","@id":"https:\/\/quickpercentcalc.com\/da\/matematik\/knob-beregner\/#breadcrumb","itemListElement":[{"@type":"ListItem","position":1,"name":"Home","item":"https:\/\/quickpercentcalc.com\/da\/"},{"@type":"ListItem","position":2,"name":"Matematik","item":"https:\/\/quickpercentcalc.com\/da\/matematik\/"},{"@type":"ListItem","position":3,"name":"Knob-beregner"}]},{"@type":"WebSite","@id":"https:\/\/quickpercentcalc.com\/da\/#website","url":"https:\/\/quickpercentcalc.com\/da\/","name":"Quick Percent Calculator","description":"","potentialAction":[{"@type":"SearchAction","target":{"@type":"EntryPoint","urlTemplate":"https:\/\/quickpercentcalc.com\/da\/?s={search_term_string}"},"query-input":{"@type":"PropertyValueSpecification","valueRequired":true,"valueName":"search_term_string"}}],"inLanguage":"da-DK"}]}},"_links":{"self":[{"href":"https:\/\/quickpercentcalc.com\/da\/wp-json\/wp\/v2\/pages\/1683","targetHints":{"allow":["GET"]}}],"collection":[{"href":"https:\/\/quickpercentcalc.com\/da\/wp-json\/wp\/v2\/pages"}],"about":[{"href":"https:\/\/quickpercentcalc.com\/da\/wp-json\/wp\/v2\/types\/page"}],"author":[{"embeddable":true,"href":"https:\/\/quickpercentcalc.com\/da\/wp-json\/wp\/v2\/users\/1"}],"replies":[{"embeddable":true,"href":"https:\/\/quickpercentcalc.com\/da\/wp-json\/wp\/v2\/comments?post=1683"}],"version-history":[{"count":1,"href":"https:\/\/quickpercentcalc.com\/da\/wp-json\/wp\/v2\/pages\/1683\/revisions"}],"predecessor-version":[{"id":1684,"href":"https:\/\/quickpercentcalc.com\/da\/wp-json\/wp\/v2\/pages\/1683\/revisions\/1684"}],"up":[{"embeddable":true,"href":"https:\/\/quickpercentcalc.com\/da\/wp-json\/wp\/v2\/pages\/1593"}],"wp:attachment":[{"href":"https:\/\/quickpercentcalc.com\/da\/wp-json\/wp\/v2\/media?parent=1683"}],"curies":[{"name":"wp","href":"https:\/\/api.w.org\/{rel}","templated":true}]}}