{"id":1728,"date":"2021-03-03T09:18:08","date_gmt":"2021-03-03T09:18:08","guid":{"rendered":"https:\/\/quickpercentcalc.com\/statistik\/median-beregner\/"},"modified":"2025-04-07T18:47:24","modified_gmt":"2025-04-07T18:47:24","slug":"median-beregner","status":"publish","type":"page","link":"https:\/\/quickpercentcalc.com\/da\/statistik\/median-beregner\/","title":{"rendered":"Median-beregner"},"content":{"rendered":"\n<p>Beregn medianen. Vores beregner finder medianen for dig. <\/p>\n\n<p>Medianen er det midterste tal i en sorteret liste af tal. Medianen er mindre p\u00e5virket af ekstreme v\u00e6rdier end <a href=\"https:\/\/quickpercentcalc.com\/da\/statistik\/gennemsnitlig-lommeregner\/\">gennemsnittet<\/a> og foretr\u00e6kkes ofte, n\u00e5r man har med afvigende v\u00e6rdier at g\u00f8re. <\/p>\n\n<p>For at bruge denne lommeregner skal du adskille hvert tal med et mellemrum (eksempel: 2 5 4 osv.). Denne lommeregner accepterer ikke decimaltal. Brug ikke tusindtalsseparatorer eller bogstaver.  <\/p>\n\n<p>Formel for medianens placering, n\u00e5r antallet af v\u00e6rdier, n, er ulige:<\/p>\n\n<style> .frac { display: inline-block; position: relative; vertical-align: middle; letter-spacing: 0.001em; text-align: center; } .frac > span { display: block; padding: 0.1em; } .frac span.bottom { border-top: thin solid black; } .frac span.symbol { display: none; } <\/style> <div class=\"formel\">  $$\\frac{n+1}{2}$$  <\/div> <br\/><br\/>\n\n<p>Formel for medianens placering, n\u00e5r antallet af v\u00e6rdier, n, er lige:<\/p>\n\n<style> .frac { display: inline-block; position: relative; vertical-align: middle; letter-spacing: 0.001em; text-align: center; } .frac > span { display: block; padding: 0.1em; } .frac span.bottom { border-top: thin solid black; } .frac span.symbol { display: none; } <\/style> <div class=\"formel\">  $$\\frac{n}{2}$$  <\/div> <br\/><br\/>\n\n<script src=\"https:\/\/ajax.googleapis.com\/ajax\/libs\/jquery\/3.5.1\/jquery.min.js\"><\/script> <script> $(function () { $(\"#regnut\").click(function () { var str = $(\"#tall\").val(); var res = Array.from(str.split(\/[ ]+\/)); res.sort(); var median = 0; for (var i = 0; i < res.length; i++) { res[i] = res[i].replace(\",\", \".\"); res[i] = parseFloat(res[i]); } var half = Math.floor(res.length \/ 2); if (res.length % 2) { median = res[half]; } else { median = (res[half - 1] + res[half]) \/ 2; } if (median % 1 !== 0) { median = median.toFixed(1); } else { median = median.toFixed(); } median = median.toString(); median = median.replace(\".\", \",\"); $(\"#resultat\").html(median); $(\"#resultatBoks\").css({ \"visibility\": \"initial\" }); }); }); <\/script>\n<label for=\"tall\">Nummerliste (brug mellemrum til at adskille numre)<\/label><br\/>\n<textarea type=\"text\" id=\"tall\"><\/textarea>\n<br\/><br\/> <br\/><br\/>\n<input type=\"button\" id=\"regnut\" value=\"Beregn\"\/> <br\/><br\/> <div id=\"resultatBoks\" style=\"visibility: hidden;\"> <span>Resultat:<\/span><br\/> <span id=\"resultat\" class=\"kalkyleResultat\"><\/span> <\/div>\n\n<p><\/p>\n","protected":false},"excerpt":{"rendered":"<p>Beregn medianen. Vores beregner finder medianen for dig. Medianen er det midterste tal i en sorteret liste af tal. Medianen [&hellip;]<\/p>\n","protected":false},"author":1,"featured_media":0,"parent":1701,"menu_order":0,"comment_status":"closed","ping_status":"closed","template":"kalkulator-side.php","meta":{"site-sidebar-layout":"default","site-content-layout":"default","ast-site-content-layout":"","site-content-style":"default","site-sidebar-style":"default","ast-global-header-display":"","ast-banner-title-visibility":"","ast-main-header-display":"","ast-hfb-above-header-display":"","ast-hfb-below-header-display":"","ast-hfb-mobile-header-display":"","site-post-title":"","ast-breadcrumbs-content":"","ast-featured-img":"","footer-sml-layout":"","theme-transparent-header-meta":"default","adv-header-id-meta":"","stick-header-meta":"default","header-above-stick-meta":"","header-main-stick-meta":"","header-below-stick-meta":"","astra-migrate-meta-layouts":"default","ast-page-background-enabled":"default","ast-page-background-meta":{"desktop":{"background-color":"var(--ast-global-color-5)","background-image":"","background-repeat":"repeat","background-position":"center center","background-size":"auto","background-attachment":"scroll","background-type":"","background-media":"","overlay-type":"","overlay-color":"","overlay-opacity":"","overlay-gradient":""},"tablet":{"background-color":"","background-image":"","background-repeat":"repeat","background-position":"center center","background-size":"auto","background-attachment":"scroll","background-type":"","background-media":"","overlay-type":"","overlay-color":"","overlay-opacity":"","overlay-gradient":""},"mobile":{"background-color":"","background-image":"","background-repeat":"repeat","background-position":"center center","background-size":"auto","background-attachment":"scroll","background-type":"","background-media":"","overlay-type":"","overlay-color":"","overlay-opacity":"","overlay-gradient":""}},"ast-content-background-meta":{"desktop":{"background-color":"var(--ast-global-color-4)","background-image":"","background-repeat":"repeat","background-position":"center center","background-size":"auto","background-attachment":"scroll","background-type":"","background-media":"","overlay-type":"","overlay-color":"","overlay-opacity":"","overlay-gradient":""},"tablet":{"background-color":"var(--ast-global-color-4)","background-image":"","background-repeat":"repeat","background-position":"center center","background-size":"auto","background-attachment":"scroll","background-type":"","background-media":"","overlay-type":"","overlay-color":"","overlay-opacity":"","overlay-gradient":""},"mobile":{"background-color":"var(--ast-global-color-4)","background-image":"","background-repeat":"repeat","background-position":"center center","background-size":"auto","background-attachment":"scroll","background-type":"","background-media":"","overlay-type":"","overlay-color":"","overlay-opacity":"","overlay-gradient":""}},"footnotes":""},"class_list":["post-1728","page","type-page","status-publish","hentry"],"yoast_head":"<!-- This site is optimized with the Yoast SEO plugin v25.5 - https:\/\/yoast.com\/wordpress\/plugins\/seo\/ -->\n<title>Median-beregner - Quick Percent Calculator<\/title>\n<meta name=\"robots\" content=\"index, follow, max-snippet:-1, max-image-preview:large, max-video-preview:-1\" \/>\n<link rel=\"canonical\" href=\"https:\/\/quickpercentcalc.com\/da\/statistik\/median-beregner\/\" \/>\n<meta property=\"og:locale\" content=\"da_DK\" \/>\n<meta property=\"og:type\" content=\"article\" \/>\n<meta property=\"og:title\" content=\"Median-beregner - Quick Percent Calculator\" \/>\n<meta property=\"og:description\" content=\"Beregn medianen. Vores beregner finder medianen for dig. Medianen er det midterste tal i en sorteret liste af tal. Medianen [&hellip;]\" \/>\n<meta property=\"og:url\" content=\"https:\/\/quickpercentcalc.com\/da\/statistik\/median-beregner\/\" \/>\n<meta property=\"og:site_name\" content=\"Quick Percent Calculator\" \/>\n<meta property=\"article:modified_time\" content=\"2025-04-07T18:47:24+00:00\" \/>\n<meta name=\"twitter:card\" content=\"summary_large_image\" \/>\n<meta name=\"twitter:label1\" content=\"Estimeret l\u00e6setid\" \/>\n\t<meta name=\"twitter:data1\" content=\"1 minut\" \/>\n<script type=\"application\/ld+json\" class=\"yoast-schema-graph\">{\"@context\":\"https:\/\/schema.org\",\"@graph\":[{\"@type\":\"WebPage\",\"@id\":\"https:\/\/quickpercentcalc.com\/da\/statistik\/median-beregner\/\",\"url\":\"https:\/\/quickpercentcalc.com\/da\/statistik\/median-beregner\/\",\"name\":\"Median-beregner - Quick Percent Calculator\",\"isPartOf\":{\"@id\":\"https:\/\/quickpercentcalc.com\/da\/#website\"},\"datePublished\":\"2021-03-03T09:18:08+00:00\",\"dateModified\":\"2025-04-07T18:47:24+00:00\",\"breadcrumb\":{\"@id\":\"https:\/\/quickpercentcalc.com\/da\/statistik\/median-beregner\/#breadcrumb\"},\"inLanguage\":\"da-DK\",\"potentialAction\":[{\"@type\":\"ReadAction\",\"target\":[\"https:\/\/quickpercentcalc.com\/da\/statistik\/median-beregner\/\"]}]},{\"@type\":\"BreadcrumbList\",\"@id\":\"https:\/\/quickpercentcalc.com\/da\/statistik\/median-beregner\/#breadcrumb\",\"itemListElement\":[{\"@type\":\"ListItem\",\"position\":1,\"name\":\"Home\",\"item\":\"https:\/\/quickpercentcalc.com\/da\/\"},{\"@type\":\"ListItem\",\"position\":2,\"name\":\"Statistik\",\"item\":\"https:\/\/quickpercentcalc.com\/da\/statistics\/\"},{\"@type\":\"ListItem\",\"position\":3,\"name\":\"Median-beregner\"}]},{\"@type\":\"WebSite\",\"@id\":\"https:\/\/quickpercentcalc.com\/da\/#website\",\"url\":\"https:\/\/quickpercentcalc.com\/da\/\",\"name\":\"Quick Percent Calculator\",\"description\":\"\",\"potentialAction\":[{\"@type\":\"SearchAction\",\"target\":{\"@type\":\"EntryPoint\",\"urlTemplate\":\"https:\/\/quickpercentcalc.com\/da\/?s={search_term_string}\"},\"query-input\":{\"@type\":\"PropertyValueSpecification\",\"valueRequired\":true,\"valueName\":\"search_term_string\"}}],\"inLanguage\":\"da-DK\"}]}<\/script>\n<!-- \/ Yoast SEO plugin. -->","yoast_head_json":{"title":"Median-beregner - Quick Percent Calculator","robots":{"index":"index","follow":"follow","max-snippet":"max-snippet:-1","max-image-preview":"max-image-preview:large","max-video-preview":"max-video-preview:-1"},"canonical":"https:\/\/quickpercentcalc.com\/da\/statistik\/median-beregner\/","og_locale":"da_DK","og_type":"article","og_title":"Median-beregner - Quick Percent Calculator","og_description":"Beregn medianen. Vores beregner finder medianen for dig. Medianen er det midterste tal i en sorteret liste af tal. Medianen [&hellip;]","og_url":"https:\/\/quickpercentcalc.com\/da\/statistik\/median-beregner\/","og_site_name":"Quick Percent Calculator","article_modified_time":"2025-04-07T18:47:24+00:00","twitter_card":"summary_large_image","twitter_misc":{"Estimeret l\u00e6setid":"1 minut"},"schema":{"@context":"https:\/\/schema.org","@graph":[{"@type":"WebPage","@id":"https:\/\/quickpercentcalc.com\/da\/statistik\/median-beregner\/","url":"https:\/\/quickpercentcalc.com\/da\/statistik\/median-beregner\/","name":"Median-beregner - Quick Percent Calculator","isPartOf":{"@id":"https:\/\/quickpercentcalc.com\/da\/#website"},"datePublished":"2021-03-03T09:18:08+00:00","dateModified":"2025-04-07T18:47:24+00:00","breadcrumb":{"@id":"https:\/\/quickpercentcalc.com\/da\/statistik\/median-beregner\/#breadcrumb"},"inLanguage":"da-DK","potentialAction":[{"@type":"ReadAction","target":["https:\/\/quickpercentcalc.com\/da\/statistik\/median-beregner\/"]}]},{"@type":"BreadcrumbList","@id":"https:\/\/quickpercentcalc.com\/da\/statistik\/median-beregner\/#breadcrumb","itemListElement":[{"@type":"ListItem","position":1,"name":"Home","item":"https:\/\/quickpercentcalc.com\/da\/"},{"@type":"ListItem","position":2,"name":"Statistik","item":"https:\/\/quickpercentcalc.com\/da\/statistics\/"},{"@type":"ListItem","position":3,"name":"Median-beregner"}]},{"@type":"WebSite","@id":"https:\/\/quickpercentcalc.com\/da\/#website","url":"https:\/\/quickpercentcalc.com\/da\/","name":"Quick Percent Calculator","description":"","potentialAction":[{"@type":"SearchAction","target":{"@type":"EntryPoint","urlTemplate":"https:\/\/quickpercentcalc.com\/da\/?s={search_term_string}"},"query-input":{"@type":"PropertyValueSpecification","valueRequired":true,"valueName":"search_term_string"}}],"inLanguage":"da-DK"}]}},"_links":{"self":[{"href":"https:\/\/quickpercentcalc.com\/da\/wp-json\/wp\/v2\/pages\/1728","targetHints":{"allow":["GET"]}}],"collection":[{"href":"https:\/\/quickpercentcalc.com\/da\/wp-json\/wp\/v2\/pages"}],"about":[{"href":"https:\/\/quickpercentcalc.com\/da\/wp-json\/wp\/v2\/types\/page"}],"author":[{"embeddable":true,"href":"https:\/\/quickpercentcalc.com\/da\/wp-json\/wp\/v2\/users\/1"}],"replies":[{"embeddable":true,"href":"https:\/\/quickpercentcalc.com\/da\/wp-json\/wp\/v2\/comments?post=1728"}],"version-history":[{"count":1,"href":"https:\/\/quickpercentcalc.com\/da\/wp-json\/wp\/v2\/pages\/1728\/revisions"}],"predecessor-version":[{"id":1729,"href":"https:\/\/quickpercentcalc.com\/da\/wp-json\/wp\/v2\/pages\/1728\/revisions\/1729"}],"up":[{"embeddable":true,"href":"https:\/\/quickpercentcalc.com\/da\/wp-json\/wp\/v2\/pages\/1701"}],"wp:attachment":[{"href":"https:\/\/quickpercentcalc.com\/da\/wp-json\/wp\/v2\/media?parent=1728"}],"curies":[{"name":"wp","href":"https:\/\/api.w.org\/{rel}","templated":true}]}}