{"id":1746,"date":"2021-03-03T09:58:02","date_gmt":"2021-03-03T09:58:02","guid":{"rendered":"https:\/\/quickpercentcalc.com\/statistik\/beregner-af-standardafvigelse\/"},"modified":"2025-04-07T18:50:33","modified_gmt":"2025-04-07T18:50:33","slug":"beregner-af-standardafvigelse","status":"publish","type":"page","link":"https:\/\/quickpercentcalc.com\/da\/statistik\/beregner-af-standardafvigelse\/","title":{"rendered":"Beregner af standardafvigelse"},"content":{"rendered":"\n<p>Beregn standardafvigelsen. Vores lommeregner beregner standardafvigelsen for dig.<\/p>\n\n<p>Standardafvigelsen (s) fort\u00e6ller os den gennemsnitlige afvigelse fra gennemsnittet i vores datas\u00e6t. Standardafvigelsen er ogs\u00e5 kvadratroden af variansen.<\/p>\n\n<h2 class=\"wp-block-heading\">S\u00e5dan beregner du standardafvigelse<\/h2>\n\n<p><strong>Trin til beregning af standardafvigelse:<\/strong><br\/>1. Find forskellen mellem hvert tal (x) og <a href=\"https:\/\/quickpercentcalc.com\/da\/statistik\/gennemsnitlig-lommeregner\/\">gennemsnittet<\/a> (\\(\\bar{x}\\)).<br\/>2. Kvadr\u00e9r (^2) hver forskel<br\/>3. L\u00e6g alle de kvadrerede forskelle sammen<br\/>4. Divider med antallet af v\u00e6rdier minus 1<br\/>5. Tag kvadratroden<\/p>\n\n<p>For at bruge denne lommeregner skal du adskille hvert tal med et mellemrum (eksempel: 2 5 4 osv.). Til decimaltal kan du bruge enten et komma eller en prik. Brug ikke tusindtalsseparatorer eller bogstaver.<\/p>\n\n<h2 class=\"wp-block-heading\">Formel for standardafvigelse<\/h2>\n\n<style> .frac { display: inline-block; position: relative; vertical-align: middle; letter-spacing: 0.001em; text-align: center; } .frac > span { display: block; padding: 0.1em; } .frac span.bottom { border-top: thin solid black; } .frac span.symbol { display: none; } <\/style> <div class=\"formel\">  $$\\sqrt{\\frac{1}{n-1} \\sum_{i=1}^N (x_i &#8211; \\overline{x})^2}$$$.  <\/div> <br\/><br\/>\n\n<h2 class=\"wp-block-heading\">Beregner af standardafvigelse<\/h2>\n\n<script src=\"https:\/\/ajax.googleapis.com\/ajax\/libs\/jquery\/3.5.1\/jquery.min.js\"><\/script> <script> $(function () { $(\"#regnut\").click(function () { var str = $(\"#tall\").val(); var res = Array.from(str.split(\/[ ]+\/)); var utregning = Array; var std; for (var i = 0; i < res.length; i++) { res[i] = res[i].replace(\",\", \".\"); res[i] = parseFloat(res[i]); } var total = 0; for (var i = 0; i < res.length; i++) { total = total + res[i]; } var gjsnitt = total \/ res.length; for (var i = 0; i < res.length; i++) { utregning[i] = res[i] - gjsnitt; } for (var i = 0; i < res.length; i++) { utregning[i] = Math.pow(utregning[i], 2); } var sumKv = 0; for (var i = 0; i < res.length; i++) { sumKv = sumKv + utregning[i]; } std = sumKv \/ (res.length - 1); std = Math.sqrt(std); if (std % 1 !== 0) { std = std.toFixed(4); } else { std = std.toFixed(); } std = std.toString(); $(\"#resultat\").html(std); $(\"#resultatBoks\").css({ \"visibility\": \"initial\" }); }); }); <\/script>\n<label for=\"tall\">Nummerliste (brug mellemrum til at adskille numre)<\/label><br\/>\n<textarea type=\"text\" id=\"tall\"><\/textarea>\n<br\/><br\/> <br\/><br\/>\n<input type=\"button\" id=\"regnut\" value=\"Beregn\"\/> <br\/><br\/> <div id=\"resultatBoks\" style=\"visibility: hidden;\"> <span>Resultat:<\/span><br\/> <span id=\"resultat\" class=\"kalkyleResultat\"><\/span> <\/div>\n\n<p><\/p>\n","protected":false},"excerpt":{"rendered":"<p>Beregn standardafvigelsen. Vores lommeregner beregner standardafvigelsen for dig. Standardafvigelsen (s) fort\u00e6ller os den gennemsnitlige afvigelse fra gennemsnittet i vores datas\u00e6t. [&hellip;]<\/p>\n","protected":false},"author":1,"featured_media":0,"parent":1701,"menu_order":0,"comment_status":"closed","ping_status":"closed","template":"kalkulator-side.php","meta":{"site-sidebar-layout":"default","site-content-layout":"default","ast-site-content-layout":"default","site-content-style":"default","site-sidebar-style":"default","ast-global-header-display":"","ast-banner-title-visibility":"","ast-main-header-display":"","ast-hfb-above-header-display":"","ast-hfb-below-header-display":"","ast-hfb-mobile-header-display":"","site-post-title":"","ast-breadcrumbs-content":"","ast-featured-img":"","footer-sml-layout":"","theme-transparent-header-meta":"default","adv-header-id-meta":"","stick-header-meta":"default","header-above-stick-meta":"","header-main-stick-meta":"","header-below-stick-meta":"","astra-migrate-meta-layouts":"default","ast-page-background-enabled":"default","ast-page-background-meta":{"desktop":{"background-color":"var(--ast-global-color-5)","background-image":"","background-repeat":"repeat","background-position":"center center","background-size":"auto","background-attachment":"scroll","background-type":"","background-media":"","overlay-type":"","overlay-color":"","overlay-opacity":"","overlay-gradient":""},"tablet":{"background-color":"","background-image":"","background-repeat":"repeat","background-position":"center center","background-size":"auto","background-attachment":"scroll","background-type":"","background-media":"","overlay-type":"","overlay-color":"","overlay-opacity":"","overlay-gradient":""},"mobile":{"background-color":"","background-image":"","background-repeat":"repeat","background-position":"center center","background-size":"auto","background-attachment":"scroll","background-type":"","background-media":"","overlay-type":"","overlay-color":"","overlay-opacity":"","overlay-gradient":""}},"ast-content-background-meta":{"desktop":{"background-color":"var(--ast-global-color-4)","background-image":"","background-repeat":"repeat","background-position":"center center","background-size":"auto","background-attachment":"scroll","background-type":"","background-media":"","overlay-type":"","overlay-color":"","overlay-opacity":"","overlay-gradient":""},"tablet":{"background-color":"var(--ast-global-color-4)","background-image":"","background-repeat":"repeat","background-position":"center center","background-size":"auto","background-attachment":"scroll","background-type":"","background-media":"","overlay-type":"","overlay-color":"","overlay-opacity":"","overlay-gradient":""},"mobile":{"background-color":"var(--ast-global-color-4)","background-image":"","background-repeat":"repeat","background-position":"center center","background-size":"auto","background-attachment":"scroll","background-type":"","background-media":"","overlay-type":"","overlay-color":"","overlay-opacity":"","overlay-gradient":""}},"footnotes":""},"class_list":["post-1746","page","type-page","status-publish","hentry"],"yoast_head":"<!-- This site is optimized with the Yoast SEO plugin v25.5 - https:\/\/yoast.com\/wordpress\/plugins\/seo\/ -->\n<title>Beregner af standardafvigelse - Quick Percent Calculator<\/title>\n<meta name=\"robots\" content=\"index, follow, max-snippet:-1, max-image-preview:large, max-video-preview:-1\" \/>\n<link rel=\"canonical\" href=\"https:\/\/quickpercentcalc.com\/da\/statistik\/beregner-af-standardafvigelse\/\" \/>\n<meta property=\"og:locale\" content=\"da_DK\" \/>\n<meta property=\"og:type\" content=\"article\" \/>\n<meta property=\"og:title\" content=\"Beregner af standardafvigelse - Quick Percent Calculator\" \/>\n<meta property=\"og:description\" content=\"Beregn standardafvigelsen. Vores lommeregner beregner standardafvigelsen for dig. Standardafvigelsen (s) fort\u00e6ller os den gennemsnitlige afvigelse fra gennemsnittet i vores datas\u00e6t. [&hellip;]\" \/>\n<meta property=\"og:url\" content=\"https:\/\/quickpercentcalc.com\/da\/statistik\/beregner-af-standardafvigelse\/\" \/>\n<meta property=\"og:site_name\" content=\"Quick Percent Calculator\" \/>\n<meta property=\"article:modified_time\" content=\"2025-04-07T18:50:33+00:00\" \/>\n<meta name=\"twitter:card\" content=\"summary_large_image\" \/>\n<meta name=\"twitter:label1\" content=\"Estimeret l\u00e6setid\" \/>\n\t<meta name=\"twitter:data1\" content=\"1 minut\" \/>\n<script type=\"application\/ld+json\" class=\"yoast-schema-graph\">{\"@context\":\"https:\/\/schema.org\",\"@graph\":[{\"@type\":\"WebPage\",\"@id\":\"https:\/\/quickpercentcalc.com\/da\/statistik\/beregner-af-standardafvigelse\/\",\"url\":\"https:\/\/quickpercentcalc.com\/da\/statistik\/beregner-af-standardafvigelse\/\",\"name\":\"Beregner af standardafvigelse - Quick Percent Calculator\",\"isPartOf\":{\"@id\":\"https:\/\/quickpercentcalc.com\/da\/#website\"},\"datePublished\":\"2021-03-03T09:58:02+00:00\",\"dateModified\":\"2025-04-07T18:50:33+00:00\",\"breadcrumb\":{\"@id\":\"https:\/\/quickpercentcalc.com\/da\/statistik\/beregner-af-standardafvigelse\/#breadcrumb\"},\"inLanguage\":\"da-DK\",\"potentialAction\":[{\"@type\":\"ReadAction\",\"target\":[\"https:\/\/quickpercentcalc.com\/da\/statistik\/beregner-af-standardafvigelse\/\"]}]},{\"@type\":\"BreadcrumbList\",\"@id\":\"https:\/\/quickpercentcalc.com\/da\/statistik\/beregner-af-standardafvigelse\/#breadcrumb\",\"itemListElement\":[{\"@type\":\"ListItem\",\"position\":1,\"name\":\"Home\",\"item\":\"https:\/\/quickpercentcalc.com\/da\/\"},{\"@type\":\"ListItem\",\"position\":2,\"name\":\"Statistik\",\"item\":\"https:\/\/quickpercentcalc.com\/da\/statistics\/\"},{\"@type\":\"ListItem\",\"position\":3,\"name\":\"Beregner af standardafvigelse\"}]},{\"@type\":\"WebSite\",\"@id\":\"https:\/\/quickpercentcalc.com\/da\/#website\",\"url\":\"https:\/\/quickpercentcalc.com\/da\/\",\"name\":\"Quick Percent Calculator\",\"description\":\"\",\"potentialAction\":[{\"@type\":\"SearchAction\",\"target\":{\"@type\":\"EntryPoint\",\"urlTemplate\":\"https:\/\/quickpercentcalc.com\/da\/?s={search_term_string}\"},\"query-input\":{\"@type\":\"PropertyValueSpecification\",\"valueRequired\":true,\"valueName\":\"search_term_string\"}}],\"inLanguage\":\"da-DK\"}]}<\/script>\n<!-- \/ Yoast SEO plugin. -->","yoast_head_json":{"title":"Beregner af standardafvigelse - Quick Percent Calculator","robots":{"index":"index","follow":"follow","max-snippet":"max-snippet:-1","max-image-preview":"max-image-preview:large","max-video-preview":"max-video-preview:-1"},"canonical":"https:\/\/quickpercentcalc.com\/da\/statistik\/beregner-af-standardafvigelse\/","og_locale":"da_DK","og_type":"article","og_title":"Beregner af standardafvigelse - Quick Percent Calculator","og_description":"Beregn standardafvigelsen. Vores lommeregner beregner standardafvigelsen for dig. Standardafvigelsen (s) fort\u00e6ller os den gennemsnitlige afvigelse fra gennemsnittet i vores datas\u00e6t. [&hellip;]","og_url":"https:\/\/quickpercentcalc.com\/da\/statistik\/beregner-af-standardafvigelse\/","og_site_name":"Quick Percent Calculator","article_modified_time":"2025-04-07T18:50:33+00:00","twitter_card":"summary_large_image","twitter_misc":{"Estimeret l\u00e6setid":"1 minut"},"schema":{"@context":"https:\/\/schema.org","@graph":[{"@type":"WebPage","@id":"https:\/\/quickpercentcalc.com\/da\/statistik\/beregner-af-standardafvigelse\/","url":"https:\/\/quickpercentcalc.com\/da\/statistik\/beregner-af-standardafvigelse\/","name":"Beregner af standardafvigelse - Quick Percent Calculator","isPartOf":{"@id":"https:\/\/quickpercentcalc.com\/da\/#website"},"datePublished":"2021-03-03T09:58:02+00:00","dateModified":"2025-04-07T18:50:33+00:00","breadcrumb":{"@id":"https:\/\/quickpercentcalc.com\/da\/statistik\/beregner-af-standardafvigelse\/#breadcrumb"},"inLanguage":"da-DK","potentialAction":[{"@type":"ReadAction","target":["https:\/\/quickpercentcalc.com\/da\/statistik\/beregner-af-standardafvigelse\/"]}]},{"@type":"BreadcrumbList","@id":"https:\/\/quickpercentcalc.com\/da\/statistik\/beregner-af-standardafvigelse\/#breadcrumb","itemListElement":[{"@type":"ListItem","position":1,"name":"Home","item":"https:\/\/quickpercentcalc.com\/da\/"},{"@type":"ListItem","position":2,"name":"Statistik","item":"https:\/\/quickpercentcalc.com\/da\/statistics\/"},{"@type":"ListItem","position":3,"name":"Beregner af standardafvigelse"}]},{"@type":"WebSite","@id":"https:\/\/quickpercentcalc.com\/da\/#website","url":"https:\/\/quickpercentcalc.com\/da\/","name":"Quick Percent Calculator","description":"","potentialAction":[{"@type":"SearchAction","target":{"@type":"EntryPoint","urlTemplate":"https:\/\/quickpercentcalc.com\/da\/?s={search_term_string}"},"query-input":{"@type":"PropertyValueSpecification","valueRequired":true,"valueName":"search_term_string"}}],"inLanguage":"da-DK"}]}},"_links":{"self":[{"href":"https:\/\/quickpercentcalc.com\/da\/wp-json\/wp\/v2\/pages\/1746","targetHints":{"allow":["GET"]}}],"collection":[{"href":"https:\/\/quickpercentcalc.com\/da\/wp-json\/wp\/v2\/pages"}],"about":[{"href":"https:\/\/quickpercentcalc.com\/da\/wp-json\/wp\/v2\/types\/page"}],"author":[{"embeddable":true,"href":"https:\/\/quickpercentcalc.com\/da\/wp-json\/wp\/v2\/users\/1"}],"replies":[{"embeddable":true,"href":"https:\/\/quickpercentcalc.com\/da\/wp-json\/wp\/v2\/comments?post=1746"}],"version-history":[{"count":2,"href":"https:\/\/quickpercentcalc.com\/da\/wp-json\/wp\/v2\/pages\/1746\/revisions"}],"predecessor-version":[{"id":1752,"href":"https:\/\/quickpercentcalc.com\/da\/wp-json\/wp\/v2\/pages\/1746\/revisions\/1752"}],"up":[{"embeddable":true,"href":"https:\/\/quickpercentcalc.com\/da\/wp-json\/wp\/v2\/pages\/1701"}],"wp:attachment":[{"href":"https:\/\/quickpercentcalc.com\/da\/wp-json\/wp\/v2\/media?parent=1746"}],"curies":[{"name":"wp","href":"https:\/\/api.w.org\/{rel}","templated":true}]}}