{"id":1796,"date":"2024-01-20T12:06:42","date_gmt":"2024-01-20T12:06:42","guid":{"rendered":"https:\/\/quickpercentcalc.com\/diverse\/marathon-beregner\/"},"modified":"2025-04-07T18:56:00","modified_gmt":"2025-04-07T18:56:00","slug":"marathon-beregner","status":"publish","type":"page","link":"https:\/\/quickpercentcalc.com\/da\/diverse\/marathon-beregner\/","title":{"rendered":"Marathon-beregner"},"content":{"rendered":"\n<p>Beregn din maratontid! Vores l\u00f8beberegner tager din \u00f8nskede tid eller hastighed og beregner tempo\/tid for dig! <\/p>\n\n<p>Tjek ogs\u00e5 vores<a href=\"https:\/\/quickpercentcalc.com\/misc\/1rm-strength-calculator\/\"> 1RM-styrkeberegner<\/a>!<\/p>\n\n<h2 class=\"wp-block-heading\">L\u00f8bende lommeregner<\/h2>\n\n<p>Indtast, hvor langt du l\u00f8ber p\u00e5 en given distance, s\u00e5 viser beregneren dig tempo pr. km, 5 km, 10 km, halvmaraton, helmaraton og 50 km.<\/p>\n\n   <!-- script remains unchanged; it's logic, not language -->   <label for=\"timer\">Timer<\/label> <input type=\"number\" id=\"timer\" min=\"0\"\/> <br\/><br\/> <label for=\"minutter\">Referat<\/label> <input type=\"number\" id=\"minutter\" min=\"0\"\/> <br\/><br\/> <label for=\"sekunder\">Sekunder<\/label> <input type=\"number\" id=\"sekunder\" min=\"0\"\/> <br\/><br\/> <label for=\"distanse\">Afstand (kilometer)<\/label> <input type=\"number\" id=\"distanse\" min=\"0\"\/> <br\/><br\/><input type=\"button\" id=\"regnut\" value=\"Beregn\" onclick=\"regnUt()\"\/>\n<br\/><br\/><div id=\"resultatBoks\" style=\"visibility: hidden;\">\n    <span>Resultater:<\/span><br\/>    <span id=\"resultat\" class=\"maratonResultat\"><\/span>\n<\/div>\n\n \n\n<h2 class=\"wp-block-heading\">Hvor langt er et maraton?<\/h2>\n\n<p>Et maraton er 42,195 kilometer langt, hvilket svarer til 42.195 meter.<\/p>\n\n<p>Denne imponerende distance stammer fra De Olympiske Lege i London i 1908, hvor arrang\u00f8rerne tilf\u00f8jede 385 meter ekstra for at sikre, at l\u00f8bet startede ved Windsor Castle og sluttede foran den britiske kongefamilie p\u00e5 Buckingham Palace. Siden da er denne distance blevet standardiseret som den officielle maratondistance i hele verden. <\/p>\n\n<h2 class=\"wp-block-heading\">Hvad er et halvmaraton?<\/h2>\n\n<p>Et halvmaraton er et l\u00f8b p\u00e5 21,1 kilometer, pr\u00e6cis halvdelen af et helt maraton. Dette format giver en unik blanding af udholdenhed og hurtighed, hvilket g\u00f8r det til en attraktiv distance for en lang r\u00e6kke l\u00f8bere. Mange bruger halvmaraton som et springbr\u00e6t til et helt maraton, mens andre foretr\u00e6kker det som deres prim\u00e6re l\u00f8bedistance.  <\/p>\n\n<p>Et halvmaraton er mere end bare et l\u00f8b; det er en rejse. Med den rette forberedelse og tankegang kan alle nyde sp\u00e6ndingen ved at krydse m\u00e5lstregen efter 21,1 udfordrende og givende kilometer. <\/p>\n\n<h2 class=\"wp-block-heading\">Tr\u00e6ningsplan for maraton<\/h2>\n\n<p>En velstruktureret maratontr\u00e6ningsplan er afg\u00f8rende for at forberede sig p\u00e5 en af de mest kr\u00e6vende l\u00f8beudfordringer &#8211; maraton. Uanset om du er en erfaren l\u00f8ber eller en nybegynder, giver en dedikeret tr\u00e6ningsplan retningslinjer for at opbygge udholdenhed, styrke og ydeevne, der er n\u00f8dvendig for at erobre den legendariske distance p\u00e5 42,195 km. <\/p>\n\n<p>Hvis du dr\u00f8mmer om at gennemf\u00f8re et maraton, er det vigtigt at have en struktureret tr\u00e6ningsplan. Dette maratontr\u00e6ningsprogram er designet til b\u00e5de begyndere og mere erfarne l\u00f8bere, der \u00f8nsker at n\u00e5 deres m\u00e5l. Nedenfor er en ugentlig oversigt over tr\u00e6ningspassene:  <\/p>\n\n<p><strong>Uge 1-4: Opbygning af basisudholdenhed<\/strong><\/p>\n\n<ul class=\"wp-block-list\">\n<li><strong>Mandag:<\/strong> 45 minutters let l\u00f8b<\/li>\n\n\n\n<li><strong>Onsdag:<\/strong> 30 minutters l\u00f8b med fokus p\u00e5 teknik<\/li>\n\n\n\n<li><strong>Fredag:<\/strong> 60 minutters langsomt l\u00f8b<\/li>\n\n\n\n<li><strong>S\u00f8ndag:<\/strong> 90 minutters langsomt l\u00f8b<\/li>\n<\/ul>\n\n<p><strong>Uge 5-8: \u00d8get afstand<\/strong><\/p>\n\n<ul class=\"wp-block-list\">\n<li><strong>Mandag:<\/strong> 45 minutters let l\u00f8b<\/li>\n\n\n\n<li><strong>Onsdag:<\/strong> 40 minutters l\u00f8b med fokus p\u00e5 tempo<\/li>\n\n\n\n<li><strong>Fredag:<\/strong> 75 minutters langsomt l\u00f8b<\/li>\n\n\n\n<li><strong>S\u00f8ndag:<\/strong> 2 timers langsomt l\u00f8b<\/li>\n<\/ul>\n\n<p><strong>Uge 9-12: Opbyg udholdenhed og hastighed<\/strong><\/p>\n\n<ul class=\"wp-block-list\">\n<li><strong>Mandag:<\/strong> 45 minutters l\u00f8b med nogle sprintintervaller<\/li>\n\n\n\n<li><strong>Onsdag:<\/strong> 50 minutters l\u00f8b med \u00f8get tempo<\/li>\n\n\n\n<li><strong>Fredag:<\/strong> 90 minutters langsomt l\u00f8b<\/li>\n\n\n\n<li><strong>S\u00f8ndag:<\/strong> 2,5 timers langsom l\u00f8b<\/li>\n<\/ul>\n\n<p><strong>Uge 13-16: Specifik maratonforberedelse<\/strong><\/p>\n\n<ul class=\"wp-block-list\">\n<li><strong>Mandag:<\/strong> 45 minutters l\u00f8b med hastighedstr\u00e6ning<\/li>\n\n\n\n<li><strong>Onsdag:<\/strong> 60 minutters l\u00f8b med lange temposessioner<\/li>\n\n\n\n<li><strong>Fredag:<\/strong> 100 minutters langsomt l\u00f8b<\/li>\n\n\n\n<li><strong>S\u00f8ndag:<\/strong> 3 timers langsomt l\u00f8b<\/li>\n<\/ul>\n\n<p><strong>Uge 17-20: Nedtrapning og restitution<\/strong><\/p>\n\n<ul class=\"wp-block-list\">\n<li><strong>Mandag:<\/strong> 45 minutters let l\u00f8b<\/li>\n\n\n\n<li><strong>Onsdag:<\/strong> 40 minutters let l\u00f8b<\/li>\n\n\n\n<li><strong>Fredag:<\/strong> 30 minutters let l\u00f8b<\/li>\n\n\n\n<li><strong>P\u00e5 s\u00f8ndag:<\/strong> Maratonl\u00f8b!<\/li>\n<\/ul>\n\n<p>S\u00f8rg for at inkludere styrke- og str\u00e6k\u00f8velser i hele programmet for at forebygge skader og forbedre din l\u00f8beform.<\/p>\n\n<p>N\u00e5r du f\u00f8lger dette maratontr\u00e6ningsprogram og kombinerer det med korrekt ern\u00e6ring og tilstr\u00e6kkelig hvile, er du godt rustet til at krydse m\u00e5lstregen i dit kommende maraton. Held og lykke med din tr\u00e6ning, og nyd rejsen mod dine l\u00f8bem\u00e5l! <\/p>\n","protected":false},"excerpt":{"rendered":"<p>Beregn din maratontid! Vores l\u00f8beberegner tager din \u00f8nskede tid eller hastighed og beregner tempo\/tid for dig! Tjek ogs\u00e5 vores 1RM-styrkeberegner! [&hellip;]<\/p>\n","protected":false},"author":1,"featured_media":0,"parent":1769,"menu_order":0,"comment_status":"closed","ping_status":"closed","template":"kalkulator-side.php","meta":{"site-sidebar-layout":"default","site-content-layout":"default","ast-site-content-layout":"default","site-content-style":"default","site-sidebar-style":"default","ast-global-header-display":"","ast-banner-title-visibility":"","ast-main-header-display":"","ast-hfb-above-header-display":"","ast-hfb-below-header-display":"","ast-hfb-mobile-header-display":"","site-post-title":"","ast-breadcrumbs-content":"","ast-featured-img":"","footer-sml-layout":"","theme-transparent-header-meta":"default","adv-header-id-meta":"","stick-header-meta":"default","header-above-stick-meta":"","header-main-stick-meta":"","header-below-stick-meta":"","astra-migrate-meta-layouts":"default","ast-page-background-enabled":"default","ast-page-background-meta":{"desktop":{"background-color":"var(--ast-global-color-5)","background-image":"","background-repeat":"repeat","background-position":"center center","background-size":"auto","background-attachment":"scroll","background-type":"","background-media":"","overlay-type":"","overlay-color":"","overlay-opacity":"","overlay-gradient":""},"tablet":{"background-color":"","background-image":"","background-repeat":"repeat","background-position":"center center","background-size":"auto","background-attachment":"scroll","background-type":"","background-media":"","overlay-type":"","overlay-color":"","overlay-opacity":"","overlay-gradient":""},"mobile":{"background-color":"","background-image":"","background-repeat":"repeat","background-position":"center center","background-size":"auto","background-attachment":"scroll","background-type":"","background-media":"","overlay-type":"","overlay-color":"","overlay-opacity":"","overlay-gradient":""}},"ast-content-background-meta":{"desktop":{"background-color":"var(--ast-global-color-4)","background-image":"","background-repeat":"repeat","background-position":"center center","background-size":"auto","background-attachment":"scroll","background-type":"","background-media":"","overlay-type":"","overlay-color":"","overlay-opacity":"","overlay-gradient":""},"tablet":{"background-color":"var(--ast-global-color-4)","background-image":"","background-repeat":"repeat","background-position":"center center","background-size":"auto","background-attachment":"scroll","background-type":"","background-media":"","overlay-type":"","overlay-color":"","overlay-opacity":"","overlay-gradient":""},"mobile":{"background-color":"var(--ast-global-color-4)","background-image":"","background-repeat":"repeat","background-position":"center center","background-size":"auto","background-attachment":"scroll","background-type":"","background-media":"","overlay-type":"","overlay-color":"","overlay-opacity":"","overlay-gradient":""}},"footnotes":""},"class_list":["post-1796","page","type-page","status-publish","hentry"],"yoast_head":"<!-- This site is optimized with the Yoast SEO plugin v25.5 - https:\/\/yoast.com\/wordpress\/plugins\/seo\/ -->\n<title>L\u00f8beberegner - Maratonberegner - Find dit tempo<\/title>\n<meta name=\"description\" content=\"Vores l\u00f8beberegner hj\u00e6lper dig med at finde din optimale maratontid.\" \/>\n<meta name=\"robots\" content=\"index, follow, max-snippet:-1, max-image-preview:large, max-video-preview:-1\" \/>\n<link rel=\"canonical\" href=\"https:\/\/quickpercentcalc.com\/da\/diverse\/marathon-beregner\/\" \/>\n<meta property=\"og:locale\" content=\"da_DK\" \/>\n<meta property=\"og:type\" content=\"article\" \/>\n<meta property=\"og:title\" content=\"L\u00f8beberegner - Maratonberegner - Find dit tempo\" \/>\n<meta property=\"og:description\" content=\"Vores l\u00f8beberegner hj\u00e6lper dig med at finde din optimale maratontid.\" \/>\n<meta property=\"og:url\" content=\"https:\/\/quickpercentcalc.com\/da\/diverse\/marathon-beregner\/\" \/>\n<meta property=\"og:site_name\" content=\"Quick Percent Calculator\" \/>\n<meta property=\"article:modified_time\" content=\"2025-04-07T18:56:00+00:00\" \/>\n<meta name=\"twitter:card\" content=\"summary_large_image\" \/>\n<meta name=\"twitter:label1\" content=\"Estimeret l\u00e6setid\" \/>\n\t<meta name=\"twitter:data1\" content=\"3 minutter\" \/>\n<script type=\"application\/ld+json\" class=\"yoast-schema-graph\">{\"@context\":\"https:\/\/schema.org\",\"@graph\":[{\"@type\":\"WebPage\",\"@id\":\"https:\/\/quickpercentcalc.com\/da\/diverse\/marathon-beregner\/\",\"url\":\"https:\/\/quickpercentcalc.com\/da\/diverse\/marathon-beregner\/\",\"name\":\"L\u00f8beberegner - Maratonberegner - Find dit tempo\",\"isPartOf\":{\"@id\":\"https:\/\/quickpercentcalc.com\/da\/#website\"},\"datePublished\":\"2024-01-20T12:06:42+00:00\",\"dateModified\":\"2025-04-07T18:56:00+00:00\",\"description\":\"Vores l\u00f8beberegner hj\u00e6lper dig med at finde din optimale maratontid.\",\"breadcrumb\":{\"@id\":\"https:\/\/quickpercentcalc.com\/da\/diverse\/marathon-beregner\/#breadcrumb\"},\"inLanguage\":\"da-DK\",\"potentialAction\":[{\"@type\":\"ReadAction\",\"target\":[\"https:\/\/quickpercentcalc.com\/da\/diverse\/marathon-beregner\/\"]}]},{\"@type\":\"BreadcrumbList\",\"@id\":\"https:\/\/quickpercentcalc.com\/da\/diverse\/marathon-beregner\/#breadcrumb\",\"itemListElement\":[{\"@type\":\"ListItem\",\"position\":1,\"name\":\"Home\",\"item\":\"https:\/\/quickpercentcalc.com\/da\/\"},{\"@type\":\"ListItem\",\"position\":2,\"name\":\"Diverse\",\"item\":\"https:\/\/quickpercentcalc.com\/da\/misc\/\"},{\"@type\":\"ListItem\",\"position\":3,\"name\":\"Marathon-beregner\"}]},{\"@type\":\"WebSite\",\"@id\":\"https:\/\/quickpercentcalc.com\/da\/#website\",\"url\":\"https:\/\/quickpercentcalc.com\/da\/\",\"name\":\"Quick Percent Calculator\",\"description\":\"\",\"potentialAction\":[{\"@type\":\"SearchAction\",\"target\":{\"@type\":\"EntryPoint\",\"urlTemplate\":\"https:\/\/quickpercentcalc.com\/da\/?s={search_term_string}\"},\"query-input\":{\"@type\":\"PropertyValueSpecification\",\"valueRequired\":true,\"valueName\":\"search_term_string\"}}],\"inLanguage\":\"da-DK\"}]}<\/script>\n<!-- \/ Yoast SEO plugin. -->","yoast_head_json":{"title":"L\u00f8beberegner - Maratonberegner - Find dit tempo","description":"Vores l\u00f8beberegner hj\u00e6lper dig med at finde din optimale maratontid.","robots":{"index":"index","follow":"follow","max-snippet":"max-snippet:-1","max-image-preview":"max-image-preview:large","max-video-preview":"max-video-preview:-1"},"canonical":"https:\/\/quickpercentcalc.com\/da\/diverse\/marathon-beregner\/","og_locale":"da_DK","og_type":"article","og_title":"L\u00f8beberegner - Maratonberegner - Find dit tempo","og_description":"Vores l\u00f8beberegner hj\u00e6lper dig med at finde din optimale maratontid.","og_url":"https:\/\/quickpercentcalc.com\/da\/diverse\/marathon-beregner\/","og_site_name":"Quick Percent Calculator","article_modified_time":"2025-04-07T18:56:00+00:00","twitter_card":"summary_large_image","twitter_misc":{"Estimeret l\u00e6setid":"3 minutter"},"schema":{"@context":"https:\/\/schema.org","@graph":[{"@type":"WebPage","@id":"https:\/\/quickpercentcalc.com\/da\/diverse\/marathon-beregner\/","url":"https:\/\/quickpercentcalc.com\/da\/diverse\/marathon-beregner\/","name":"L\u00f8beberegner - Maratonberegner - Find dit tempo","isPartOf":{"@id":"https:\/\/quickpercentcalc.com\/da\/#website"},"datePublished":"2024-01-20T12:06:42+00:00","dateModified":"2025-04-07T18:56:00+00:00","description":"Vores l\u00f8beberegner hj\u00e6lper dig med at finde din optimale maratontid.","breadcrumb":{"@id":"https:\/\/quickpercentcalc.com\/da\/diverse\/marathon-beregner\/#breadcrumb"},"inLanguage":"da-DK","potentialAction":[{"@type":"ReadAction","target":["https:\/\/quickpercentcalc.com\/da\/diverse\/marathon-beregner\/"]}]},{"@type":"BreadcrumbList","@id":"https:\/\/quickpercentcalc.com\/da\/diverse\/marathon-beregner\/#breadcrumb","itemListElement":[{"@type":"ListItem","position":1,"name":"Home","item":"https:\/\/quickpercentcalc.com\/da\/"},{"@type":"ListItem","position":2,"name":"Diverse","item":"https:\/\/quickpercentcalc.com\/da\/misc\/"},{"@type":"ListItem","position":3,"name":"Marathon-beregner"}]},{"@type":"WebSite","@id":"https:\/\/quickpercentcalc.com\/da\/#website","url":"https:\/\/quickpercentcalc.com\/da\/","name":"Quick Percent Calculator","description":"","potentialAction":[{"@type":"SearchAction","target":{"@type":"EntryPoint","urlTemplate":"https:\/\/quickpercentcalc.com\/da\/?s={search_term_string}"},"query-input":{"@type":"PropertyValueSpecification","valueRequired":true,"valueName":"search_term_string"}}],"inLanguage":"da-DK"}]}},"_links":{"self":[{"href":"https:\/\/quickpercentcalc.com\/da\/wp-json\/wp\/v2\/pages\/1796","targetHints":{"allow":["GET"]}}],"collection":[{"href":"https:\/\/quickpercentcalc.com\/da\/wp-json\/wp\/v2\/pages"}],"about":[{"href":"https:\/\/quickpercentcalc.com\/da\/wp-json\/wp\/v2\/types\/page"}],"author":[{"embeddable":true,"href":"https:\/\/quickpercentcalc.com\/da\/wp-json\/wp\/v2\/users\/1"}],"replies":[{"embeddable":true,"href":"https:\/\/quickpercentcalc.com\/da\/wp-json\/wp\/v2\/comments?post=1796"}],"version-history":[{"count":1,"href":"https:\/\/quickpercentcalc.com\/da\/wp-json\/wp\/v2\/pages\/1796\/revisions"}],"predecessor-version":[{"id":1797,"href":"https:\/\/quickpercentcalc.com\/da\/wp-json\/wp\/v2\/pages\/1796\/revisions\/1797"}],"up":[{"embeddable":true,"href":"https:\/\/quickpercentcalc.com\/da\/wp-json\/wp\/v2\/pages\/1769"}],"wp:attachment":[{"href":"https:\/\/quickpercentcalc.com\/da\/wp-json\/wp\/v2\/media?parent=1796"}],"curies":[{"name":"wp","href":"https:\/\/api.w.org\/{rel}","templated":true}]}}