{"id":1931,"date":"2024-01-16T21:03:36","date_gmt":"2024-01-16T21:03:36","guid":{"rendered":"https:\/\/quickpercentcalc.com\/diverse\/watt-beregner\/"},"modified":"2025-04-08T15:14:02","modified_gmt":"2025-04-08T15:14:02","slug":"watt-beregner","status":"publish","type":"page","link":"https:\/\/quickpercentcalc.com\/da\/diverse\/watt-beregner\/","title":{"rendered":"Watt-beregner"},"content":{"rendered":"\n<p>Beregn ampere, volt og watt. Vores lommeregner hj\u00e6lper dig med at beregne ampere, volt og watt. <\/p>\n\n<h2 class=\"wp-block-heading\">S\u00e5dan omregner du ampere og volt til watt<\/h2>\n\n<p>Det er relativt enkelt at beregne ampere, volt og watt, da de tre m\u00e5linger er t\u00e6t forbundne.<\/p>\n\n<p><strong>watt = ampere x volt<\/strong><\/p>\n\n<p>Som vi kan se, skal man gange ampere og volt for at f\u00e5 watt. Vi kan ogs\u00e5 omarrangere formlen for at finde enten ampere eller volt: <\/p>\n\n<p><strong>ampere = watt \/ volt<\/strong><\/p>\n\n<p><strong>volt = watt \/ ampere<\/strong><\/p>\n\n<script>\n    function regnUtWatt(){\n        var volt = parseFloat(document.getElementById(\"volt\").value.replace(\/,\/g, \".\")) || 0;\n        var ampere = parseFloat(document.getElementById(\"ampere\").value.replace(\/,\/g, \".\")) || 0;\n\n        \/\/ Calculation: watt = volt * ampere\n        var watt = volt * ampere;\n\n        if (!isNaN(watt)) {\n            document.getElementById(\"resultatWatt\").innerHTML = \"Power (Watts): \" + watt.toString() + \" W\";\n            document.getElementById(\"resultatBoksWatt\").style.visibility = \"initial\";\n        }\n    }\n\n    function regnUtAmpere(){\n        var watt = parseFloat(document.getElementById(\"watt\").value.replace(\/,\/g, \".\")) || 0;\n        var volt = parseFloat(document.getElementById(\"voltAmpere\").value.replace(\/,\/g, \".\")) || 0;\n\n        \/\/ Calculation: ampere = watt \/ volt\n        var ampere = watt \/ volt;\n\n        if (!isNaN(ampere)) {\n            document.getElementById(\"resultatAmpere\").innerHTML = \"Current (Amps): \" + ampere.toString() + \" A\";\n            document.getElementById(\"resultatBoksAmpere\").style.visibility = \"initial\";\n        }\n    }\n\n    function regnUtVolt(){\n        var watt = parseFloat(document.getElementById(\"wattVolt\").value.replace(\/,\/g, \".\")) || 0;\n        var ampere = parseFloat(document.getElementById(\"ampereVolt\").value.replace(\/,\/g, \".\")) || 0;\n\n        \/\/ Calculation: volt = watt \/ ampere\n        var volt = watt \/ ampere;\n\n        if (!isNaN(volt)) {\n            document.getElementById(\"resultatVolt\").innerHTML = \"Voltage (Volts): \" + volt.toString() + \" V\";\n            document.getElementById(\"resultatBoksVolt\").style.visibility = \"initial\";\n        }\n    }\n<\/script>\n\n<!-- Calculator for Watts -->\n<h2>Watt-beregner<\/h2>\n<label for=\"volt\">Sp\u00e6nding (volt)<\/label><br\/><input type=\"number\" id=\"volt\" min=\"0\"\/>\n<br\/><br\/>\n<label for=\"ampere\">Str\u00f8m (ampere)<\/label><br\/><input type=\"number\" id=\"ampere\" min=\"0\"\/>\n<br\/><br\/>\n<input type=\"button\" id=\"regnutWatt\" value=\"Beregn\" onclick=\"regnUtWatt()\"\/>\n<br\/><br\/>\n<div id=\"resultatBoksWatt\" style=\"visibility: hidden;\">\n    <span>Resultat:<\/span><br\/>    <span id=\"resultatWatt\" class=\"kalkyleResultat\"><\/span>    \n<\/div>\n<br\/><br\/>\n<!-- Calculator for Amps -->\n<h2>Ampere-beregner<\/h2>\n<label for=\"watt\">Effekt (watt)<\/label><br\/><input type=\"number\" id=\"watt\" min=\"0\"\/>\n<br\/><br\/>\n<label for=\"voltAmpere\">Sp\u00e6nding (volt)<\/label><br\/><input type=\"number\" id=\"voltAmpere\" min=\"0\"\/>\n<br\/><br\/>\n<input type=\"button\" id=\"regnutAmpere\" value=\"Beregn\" onclick=\"regnUtAmpere()\"\/>\n<br\/><br\/>\n<div id=\"resultatBoksAmpere\" style=\"visibility: hidden;\">\n    <span>Resultat:<\/span><br\/>    <span id=\"resultatAmpere\" class=\"kalkyleResultat\"><\/span>    \n<\/div>\n<br\/><br\/>\n<!-- Calculator for Volts -->\n<h2>Sp\u00e6ndingsberegner<\/h2>\n<label for=\"wattVolt\">Effekt (watt)<\/label><br\/><input type=\"number\" id=\"wattVolt\" min=\"0\"\/>\n<br\/><br\/>\n<label for=\"ampereVolt\">Str\u00f8m (ampere)<\/label><br\/><input type=\"number\" id=\"ampereVolt\" min=\"0\"\/>\n<br\/><br\/>\n<input type=\"button\" id=\"regnutVolt\" value=\"Beregn\" onclick=\"regnUtVolt()\"\/>\n<br\/><br\/>\n<div id=\"resultatBoksVolt\" style=\"visibility: hidden;\">\n    <span>Resultat:<\/span><br\/>    <span id=\"resultatVolt\" class=\"kalkyleResultat\"><\/span>    \n<\/div>\n\n<h2 class=\"wp-block-heading\">Hvad er ampere og volt?<\/h2>\n\n<p>Ampere og volt er grundl\u00e6ggende enheder inden for elektroteknik, som spiller en central rolle i forst\u00e5elsen af elektrisk str\u00f8m og sp\u00e6nding. <strong>Ampere<\/strong>, ofte bare kaldet &#8220;amp&#8221;, m\u00e5ler elektrisk str\u00f8m og angiver, hvor mange elektroner der str\u00f8mmer gennem en leder pr. sekund. Dette begreb er is\u00e6r vigtigt, n\u00e5r man skal vurdere str\u00f8mforbruget og kapaciteten i elektriske apparater. I mellemtiden m\u00e5ler <strong>volt<\/strong> det elektriske potentiale. Det angiver, hvor meget kraft der er til r\u00e5dighed til at drive str\u00f8mmen gennem et kredsl\u00f8b. Tilsammen giver ampere og volt et komplet billede af den elektriske ydeevne, hvilket er afg\u00f8rende for at forst\u00e5, hvordan forskellige enheder og systemer fungerer.    <\/p>\n\n<h2 class=\"wp-block-heading\">Omregning af ampere til watt<\/h2>\n\n<p>N\u00e5r det g\u00e6lder omregning <strong>af ampere til watt<\/strong>, er det en kritisk beregning i mange elektriske applikationer. Watt er en enhed for effekt, og den fort\u00e6ller os, hvor meget energi der forbruges eller produceres over tid. For at omregne ampere (str\u00f8m) til watt (effekt) skal du kende sp\u00e6ndingen (m\u00e5lt i volt) i kredsl\u00f8bet. Den grundl\u00e6ggende formel er: <strong>watt = ampere x volt.<\/strong>   <\/p>\n\n<h2 class=\"wp-block-heading\">Hvad er volt-ampere?<\/h2>\n\n<p>Udtrykket <strong>volt-ampere<\/strong> er ogs\u00e5 vigtigt, n\u00e5r man taler om elektrisk effekt. Mens watt repr\u00e6senterer den faktiske effekt, der forbruges i et kredsl\u00f8b, henviser volt-ampere til den &#8220;tilsyneladende&#8221; effekt, ofte i forbindelse med vekselstr\u00f8mskredsl\u00f8b. Denne skelnen er afg\u00f8rende for forst\u00e5elsen af elektriske systemer, is\u00e6r n\u00e5r det g\u00e6lder planl\u00e6gning af belastning og kapacitet.  <\/p>\n\n<h2 class=\"wp-block-heading\">Hvad er amperetimer?<\/h2>\n\n<p><strong>Amperetimer<\/strong> er et andet n\u00f8glebegreb i elektricitetens verden. Det m\u00e5ler m\u00e6ngden af elektrisk ladning, der str\u00f8mmer gennem en komponent i l\u00f8bet af en given periode. Dette begreb er is\u00e6r relevant for batterier og energilagringssystemer, da det giver et m\u00e5l for batteriets kapacitet &#8211; eller hvor l\u00e6nge det kan levere en bestemt str\u00f8m, f\u00f8r det skal genoplades. En amperetime betyder, at der l\u00f8ber 1 ampere gennem en komponent i en time.   <\/p>\n","protected":false},"excerpt":{"rendered":"<p>Beregn ampere, volt og watt. Vores lommeregner hj\u00e6lper dig med at beregne ampere, volt og watt. S\u00e5dan omregner du ampere [&hellip;]<\/p>\n","protected":false},"author":1,"featured_media":0,"parent":1769,"menu_order":0,"comment_status":"closed","ping_status":"closed","template":"kalkulator-side.php","meta":{"site-sidebar-layout":"default","site-content-layout":"default","ast-site-content-layout":"default","site-content-style":"default","site-sidebar-style":"default","ast-global-header-display":"","ast-banner-title-visibility":"","ast-main-header-display":"","ast-hfb-above-header-display":"","ast-hfb-below-header-display":"","ast-hfb-mobile-header-display":"","site-post-title":"","ast-breadcrumbs-content":"","ast-featured-img":"","footer-sml-layout":"","theme-transparent-header-meta":"default","adv-header-id-meta":"","stick-header-meta":"default","header-above-stick-meta":"","header-main-stick-meta":"","header-below-stick-meta":"","astra-migrate-meta-layouts":"default","ast-page-background-enabled":"default","ast-page-background-meta":{"desktop":{"background-color":"var(--ast-global-color-5)","background-image":"","background-repeat":"repeat","background-position":"center center","background-size":"auto","background-attachment":"scroll","background-type":"","background-media":"","overlay-type":"","overlay-color":"","overlay-opacity":"","overlay-gradient":""},"tablet":{"background-color":"","background-image":"","background-repeat":"repeat","background-position":"center center","background-size":"auto","background-attachment":"scroll","background-type":"","background-media":"","overlay-type":"","overlay-color":"","overlay-opacity":"","overlay-gradient":""},"mobile":{"background-color":"","background-image":"","background-repeat":"repeat","background-position":"center center","background-size":"auto","background-attachment":"scroll","background-type":"","background-media":"","overlay-type":"","overlay-color":"","overlay-opacity":"","overlay-gradient":""}},"ast-content-background-meta":{"desktop":{"background-color":"var(--ast-global-color-4)","background-image":"","background-repeat":"repeat","background-position":"center center","background-size":"auto","background-attachment":"scroll","background-type":"","background-media":"","overlay-type":"","overlay-color":"","overlay-opacity":"","overlay-gradient":""},"tablet":{"background-color":"var(--ast-global-color-4)","background-image":"","background-repeat":"repeat","background-position":"center center","background-size":"auto","background-attachment":"scroll","background-type":"","background-media":"","overlay-type":"","overlay-color":"","overlay-opacity":"","overlay-gradient":""},"mobile":{"background-color":"var(--ast-global-color-4)","background-image":"","background-repeat":"repeat","background-position":"center center","background-size":"auto","background-attachment":"scroll","background-type":"","background-media":"","overlay-type":"","overlay-color":"","overlay-opacity":"","overlay-gradient":""}},"footnotes":""},"class_list":["post-1931","page","type-page","status-publish","hentry"],"yoast_head":"<!-- This site is optimized with the Yoast SEO plugin v25.5 - https:\/\/yoast.com\/wordpress\/plugins\/seo\/ -->\n<title>Regnemaskine til watt, ampere og volt<\/title>\n<meta name=\"description\" content=\"Vores beregner omregner watt, ampere og volt\" \/>\n<meta name=\"robots\" content=\"index, follow, max-snippet:-1, max-image-preview:large, max-video-preview:-1\" \/>\n<link rel=\"canonical\" href=\"https:\/\/quickpercentcalc.com\/da\/diverse\/watt-beregner\/\" \/>\n<meta property=\"og:locale\" content=\"da_DK\" \/>\n<meta property=\"og:type\" content=\"article\" \/>\n<meta property=\"og:title\" content=\"Regnemaskine til watt, ampere og volt\" \/>\n<meta property=\"og:description\" content=\"Vores beregner omregner watt, ampere og volt\" \/>\n<meta property=\"og:url\" content=\"https:\/\/quickpercentcalc.com\/da\/diverse\/watt-beregner\/\" \/>\n<meta property=\"og:site_name\" content=\"Quick Percent Calculator\" \/>\n<meta property=\"article:modified_time\" content=\"2025-04-08T15:14:02+00:00\" \/>\n<meta name=\"twitter:card\" content=\"summary_large_image\" \/>\n<meta name=\"twitter:label1\" content=\"Estimeret l\u00e6setid\" \/>\n\t<meta name=\"twitter:data1\" content=\"2 minutter\" \/>\n<script type=\"application\/ld+json\" class=\"yoast-schema-graph\">{\"@context\":\"https:\/\/schema.org\",\"@graph\":[{\"@type\":\"WebPage\",\"@id\":\"https:\/\/quickpercentcalc.com\/da\/diverse\/watt-beregner\/\",\"url\":\"https:\/\/quickpercentcalc.com\/da\/diverse\/watt-beregner\/\",\"name\":\"Regnemaskine til watt, ampere og volt\",\"isPartOf\":{\"@id\":\"https:\/\/quickpercentcalc.com\/da\/#website\"},\"datePublished\":\"2024-01-16T21:03:36+00:00\",\"dateModified\":\"2025-04-08T15:14:02+00:00\",\"description\":\"Vores beregner omregner watt, ampere og volt\",\"breadcrumb\":{\"@id\":\"https:\/\/quickpercentcalc.com\/da\/diverse\/watt-beregner\/#breadcrumb\"},\"inLanguage\":\"da-DK\",\"potentialAction\":[{\"@type\":\"ReadAction\",\"target\":[\"https:\/\/quickpercentcalc.com\/da\/diverse\/watt-beregner\/\"]}]},{\"@type\":\"BreadcrumbList\",\"@id\":\"https:\/\/quickpercentcalc.com\/da\/diverse\/watt-beregner\/#breadcrumb\",\"itemListElement\":[{\"@type\":\"ListItem\",\"position\":1,\"name\":\"Home\",\"item\":\"https:\/\/quickpercentcalc.com\/da\/\"},{\"@type\":\"ListItem\",\"position\":2,\"name\":\"Diverse\",\"item\":\"https:\/\/quickpercentcalc.com\/da\/misc\/\"},{\"@type\":\"ListItem\",\"position\":3,\"name\":\"Watt-beregner\"}]},{\"@type\":\"WebSite\",\"@id\":\"https:\/\/quickpercentcalc.com\/da\/#website\",\"url\":\"https:\/\/quickpercentcalc.com\/da\/\",\"name\":\"Quick Percent Calculator\",\"description\":\"\",\"potentialAction\":[{\"@type\":\"SearchAction\",\"target\":{\"@type\":\"EntryPoint\",\"urlTemplate\":\"https:\/\/quickpercentcalc.com\/da\/?s={search_term_string}\"},\"query-input\":{\"@type\":\"PropertyValueSpecification\",\"valueRequired\":true,\"valueName\":\"search_term_string\"}}],\"inLanguage\":\"da-DK\"}]}<\/script>\n<!-- \/ Yoast SEO plugin. -->","yoast_head_json":{"title":"Regnemaskine til watt, ampere og volt","description":"Vores beregner omregner watt, ampere og volt","robots":{"index":"index","follow":"follow","max-snippet":"max-snippet:-1","max-image-preview":"max-image-preview:large","max-video-preview":"max-video-preview:-1"},"canonical":"https:\/\/quickpercentcalc.com\/da\/diverse\/watt-beregner\/","og_locale":"da_DK","og_type":"article","og_title":"Regnemaskine til watt, ampere og volt","og_description":"Vores beregner omregner watt, ampere og volt","og_url":"https:\/\/quickpercentcalc.com\/da\/diverse\/watt-beregner\/","og_site_name":"Quick Percent Calculator","article_modified_time":"2025-04-08T15:14:02+00:00","twitter_card":"summary_large_image","twitter_misc":{"Estimeret l\u00e6setid":"2 minutter"},"schema":{"@context":"https:\/\/schema.org","@graph":[{"@type":"WebPage","@id":"https:\/\/quickpercentcalc.com\/da\/diverse\/watt-beregner\/","url":"https:\/\/quickpercentcalc.com\/da\/diverse\/watt-beregner\/","name":"Regnemaskine til watt, ampere og volt","isPartOf":{"@id":"https:\/\/quickpercentcalc.com\/da\/#website"},"datePublished":"2024-01-16T21:03:36+00:00","dateModified":"2025-04-08T15:14:02+00:00","description":"Vores beregner omregner watt, ampere og volt","breadcrumb":{"@id":"https:\/\/quickpercentcalc.com\/da\/diverse\/watt-beregner\/#breadcrumb"},"inLanguage":"da-DK","potentialAction":[{"@type":"ReadAction","target":["https:\/\/quickpercentcalc.com\/da\/diverse\/watt-beregner\/"]}]},{"@type":"BreadcrumbList","@id":"https:\/\/quickpercentcalc.com\/da\/diverse\/watt-beregner\/#breadcrumb","itemListElement":[{"@type":"ListItem","position":1,"name":"Home","item":"https:\/\/quickpercentcalc.com\/da\/"},{"@type":"ListItem","position":2,"name":"Diverse","item":"https:\/\/quickpercentcalc.com\/da\/misc\/"},{"@type":"ListItem","position":3,"name":"Watt-beregner"}]},{"@type":"WebSite","@id":"https:\/\/quickpercentcalc.com\/da\/#website","url":"https:\/\/quickpercentcalc.com\/da\/","name":"Quick Percent Calculator","description":"","potentialAction":[{"@type":"SearchAction","target":{"@type":"EntryPoint","urlTemplate":"https:\/\/quickpercentcalc.com\/da\/?s={search_term_string}"},"query-input":{"@type":"PropertyValueSpecification","valueRequired":true,"valueName":"search_term_string"}}],"inLanguage":"da-DK"}]}},"_links":{"self":[{"href":"https:\/\/quickpercentcalc.com\/da\/wp-json\/wp\/v2\/pages\/1931","targetHints":{"allow":["GET"]}}],"collection":[{"href":"https:\/\/quickpercentcalc.com\/da\/wp-json\/wp\/v2\/pages"}],"about":[{"href":"https:\/\/quickpercentcalc.com\/da\/wp-json\/wp\/v2\/types\/page"}],"author":[{"embeddable":true,"href":"https:\/\/quickpercentcalc.com\/da\/wp-json\/wp\/v2\/users\/1"}],"replies":[{"embeddable":true,"href":"https:\/\/quickpercentcalc.com\/da\/wp-json\/wp\/v2\/comments?post=1931"}],"version-history":[{"count":1,"href":"https:\/\/quickpercentcalc.com\/da\/wp-json\/wp\/v2\/pages\/1931\/revisions"}],"predecessor-version":[{"id":1932,"href":"https:\/\/quickpercentcalc.com\/da\/wp-json\/wp\/v2\/pages\/1931\/revisions\/1932"}],"up":[{"embeddable":true,"href":"https:\/\/quickpercentcalc.com\/da\/wp-json\/wp\/v2\/pages\/1769"}],"wp:attachment":[{"href":"https:\/\/quickpercentcalc.com\/da\/wp-json\/wp\/v2\/media?parent=1931"}],"curies":[{"name":"wp","href":"https:\/\/api.w.org\/{rel}","templated":true}]}}