{"id":1960,"date":"2024-07-29T21:25:07","date_gmt":"2024-07-29T21:25:07","guid":{"rendered":"https:\/\/quickpercentcalc.com\/?page_id=1960"},"modified":"2025-04-09T07:10:07","modified_gmt":"2025-04-09T07:10:07","slug":"beregn-pizzadej","status":"publish","type":"page","link":"https:\/\/quickpercentcalc.com\/da\/diverse\/beregn-pizzadej\/","title":{"rendered":"Beregn pizzadej"},"content":{"rendered":"\n<p>Beregn pizzadej! Denne beregner tager flere variabler i betragtning for at bestemme de pr\u00e6cise m\u00e6ngder ingredienser til den perfekte pizzadej. Selvom den er designet til pizza, kan den ogs\u00e5 bruges til andre typer dej.<\/p>\n\n\n\n<head>\n    <style>\n        .container {\n            margin: auto;\n        }\n        .input-group {\n            margin-bottom: 10px;\n        }\n        #resultBox {\n            visibility: hidden;\n            margin-top: 20px;\n        }\n    <\/style>\n<\/head>\n<body>\n    <div class=\"container\">\n        <div class=\"calculator\">\n            <div class=\"input-group\">\n                <label for=\"doughballs\">Number of dough balls:<\/label>\n                <input type=\"number\" id=\"doughballs\" value=\"4\" min=\"1\">\n            <\/div><br>\n            <div class=\"input-group\">\n                <label for=\"weight\">Weight per dough ball (grams):<\/label>\n                <input type=\"number\" id=\"weight\" value=\"250\" min=\"1\">\n            <\/div><br>\n            <div class=\"input-group\">\n                <label for=\"yeast\">Type of yeast:<\/label><br>\n                <select id=\"yeast\">\n                    <option value=\"idy\">Dry yeast<\/option>\n                    <option value=\"cy\">Fresh yeast<\/option>\n                <\/select>\n            <\/div><br>\n            <div class=\"input-group\">\n                <label for=\"temperature\">Room temperature (\u00b0C):<\/label>\n                <input type=\"number\" id=\"temperature\" value=\"22\" min=\"1\">\n            <\/div><br>\n            <div class=\"input-group\">\n                <label for=\"hydration\">Hydration (%):<\/label>\n                <input type=\"number\" id=\"hydration\" value=\"65\" min=\"1\">\n            <\/div><br>\n            <div class=\"input-group\">\n                <label for=\"salt\">Salt (%):<\/label>\n                <input type=\"number\" id=\"saltPercentage\" value=\"3\" min=\"1\">\n            <\/div><br>\n            <div class=\"input-group\">\n                <label for=\"restingTime\">Resting time (hours):<\/label>\n                <input type=\"number\" id=\"restingTime\" value=\"4\" min=\"1\">\n            <\/div><br>\n            <button onclick=\"calculateDough()\">Calculate<\/button>\n        <\/div>\n        <div id=\"resultBox\">\n            <p>Flour: <span id=\"flour\">0<\/span> g<\/p>\n            <p>Water: <span id=\"water\">0<\/span> g<\/p>\n            <p>Yeast: <span id=\"yeastAmount\">0<\/span> g<\/p>\n            <p>Salt: <span id=\"salt\">0<\/span> g<\/p>\n            <p>Resting time: <span id=\"restingTimeOutput\">0<\/span> hours<\/p>\n        <\/div>\n    <\/div>\n\n\n    <script>\n        function calculateDough() {\n            const doughballs = parseFloat(document.getElementById('doughballs').value);\n            const weight = parseFloat(document.getElementById('weight').value);\n            const yeastType = document.getElementById('yeast').value;\n            const temperature = parseFloat(document.getElementById('temperature').value);\n            const hydration = parseFloat(document.getElementById('hydration').value) \/ 100;\n            const saltPercentage = parseFloat(document.getElementById('saltPercentage').value) \/ 100;\n            const restingTime = parseFloat(document.getElementById('restingTime').value);\n\n            const totalWeight = doughballs * weight;\n\n            function getYeastPercentage(temp, yeastType, restingTime) {\n                const yeastTable = {\n                    cy: {\n                        2: { 4: 0.4200, 6: 0.3360, 8: 0.2940, 12: 0.2100, 24: 0.1260 },\n                        4: { 4: 0.2520, 6: 0.1680, 8: 0.1470, 12: 0.1050, 24: 0.0630 },\n                        6: { 4: 0.1680, 6: 0.1260, 8: 0.1050, 12: 0.0840, 24: 0.0420 },\n                        8: { 4: 0.1260, 6: 0.0840, 8: 0.0735, 12: 0.0525, 24: 0.0315 },\n                        10: { 4: 0.1050, 6: 0.0735, 8: 0.0630, 12: 0.0420, 24: 0.0210 },\n                        12: { 4: 0.0840, 6: 0.0630, 8: 0.0525, 12: 0.0420, 24: 0.0210 },\n                        14: { 4: 0.0735, 6: 0.0525, 8: 0.0420, 12: 0.0315, 24: 0.0150 },\n                        16: { 4: 0.0630, 6: 0.0420, 8: 0.0360, 12: 0.0270, 24: 0.0150 },\n                        18: { 4: 0.0525, 6: 0.0360, 8: 0.0315, 12: 0.0210, 24: 0.0105 },\n                        20: { 4: 0.0420, 6: 0.0315, 8: 0.0270, 12: 0.0180, 24: 0.0105 },\n                        22: { 4: 0.0315, 6: 0.0210, 8: 0.0180, 12: 0.0135, 24: 0.0070 },\n                        24: { 4: 0.0270, 6: 0.0180, 8: 0.0150, 12: 0.0105, 24: 0.0060 },\n                        26: { 4: 0.0210, 6: 0.0150, 8: 0.0120, 12: 0.0090, 24: 0.0045 },\n                        28: { 4: 0.0180, 6: 0.0120, 8: 0.0090, 12: 0.0075, 24: 0.0045 },\n                        30: { 4: 0.0150, 6: 0.0090, 8: 0.0075, 12: 0.0060, 24: 0.0035 }\n                    },\n                    idy: {\n                        2: { 4: 0.1600, 6: 0.1280, 8: 0.1120, 12: 0.0800, 24: 0.0480 },\n                        4: { 4: 0.0960, 6: 0.0640, 8: 0.0560, 12: 0.0400, 24: 0.0240 },\n                        6: { 4: 0.0640, 6: 0.0480, 8: 0.0400, 12: 0.0320, 24: 0.0160 },\n                        8: { 4: 0.0480, 6: 0.0320, 8: 0.0280, 12: 0.0200, 24: 0.0120 },\n                        10: { 4: 0.0400, 6: 0.0280, 8: 0.0240, 12: 0.0160, 24: 0.0080 },\n                        12: { 4: 0.0320, 6: 0.0240, 8: 0.0200, 12: 0.0160, 24: 0.0080 },\n                        14: { 4: 0.0280, 6: 0.0200, 8: 0.0160, 12: 0.0120, 24: 0.0060 },\n                        16: { 4: 0.0240, 6: 0.0160, 8: 0.0140, 12: 0.0100, 24: 0.0060 },\n                        18: { 4: 0.0200, 6: 0.0140, 8: 0.0120, 12: 0.0080, 24: 0.0040 },\n                        20: { 4: 0.0160, 6: 0.0120, 8: 0.0100, 12: 0.0060, 24: 0.0040 },\n                        22: { 4: 0.0120, 6: 0.0080, 8: 0.0060, 12: 0.0050, 24: 0.0030 },\n                        24: { 4: 0.0100, 6: 0.0060, 8: 0.0050, 12: 0.0040, 24: 0.0025 },\n                        26: { 4: 0.0080, 6: 0.0050, 8: 0.0040, 12: 0.0030, 24: 0.0015 },\n                        28: { 4: 0.0060, 6: 0.0040, 8: 0.0030, 12: 0.0025, 24: 0.0015 },\n                        30: { 4: 0.0050, 6: 0.0030, 8: 0.0025, 12: 0.0020, 24: 0.0010 }\n                    }\n                };\n\n                function interpolate(x, x0, y0, x1, y1) {\n                    if (x0 === x1) return y0;\n                    return y0 + (x - x0) * (y1 - y0) \/ (x1 - x0);\n                }\n\n                function getClosestValues(arr, val) {\n                    let low = Math.max(...arr.filter(v => v <= val));\n                    let high = Math.min(...arr.filter(v => v >= val));\n                    if (low === -Infinity) low = high;\n                    if (high === Infinity) high = low;\n                    return [low, high];\n                }\n\n                const temperatures = Object.keys(yeastTable[yeastType]).map(Number);\n                const times = Object.keys(yeastTable[yeastType][temperatures[0]]).map(Number);\n\n                const [tempLow, tempHigh] = getClosestValues(temperatures, temp);\n                const [timeLow, timeHigh] = getClosestValues(times, restingTime);\n\n                const yeastLowTempLowTime = yeastTable[yeastType][tempLow][timeLow];\n                const yeastLowTempHighTime = yeastTable[yeastType][tempLow][timeHigh];\n                const yeastHighTempLowTime = yeastTable[yeastType][tempHigh][timeLow];\n                const yeastHighTempHighTime = yeastTable[yeastType][tempHigh][timeHigh];\n\n                const yeastTempLow = interpolate(restingTime, timeLow, yeastLowTempLowTime, timeHigh, yeastLowTempHighTime);\n                const yeastTempHigh = interpolate(restingTime, timeLow, yeastHighTempLowTime, timeHigh, yeastHighTempHighTime);\n                const yeastPercentage = interpolate(temp, tempLow, yeastTempLow, tempHigh, yeastTempHigh);\n\n                return yeastPercentage;\n            }\n\n            const yeastPercentage = getYeastPercentage(temperature, yeastType, restingTime);\n            const flour = totalWeight \/ (1 + hydration + saltPercentage);\n            const water = flour * hydration;\n            const yeastAmount = totalWeight * (yeastPercentage)\/10; \/\/ Calculate the yeast amount correctly\n            const salt = flour* saltPercentage;\n\n            document.getElementById('flour').innerText = flour.toFixed(2);\n            document.getElementById('water').innerText = water.toFixed(2);\n            document.getElementById('yeastAmount').innerText = yeastAmount.toFixed(2);\n            document.getElementById('salt').innerText = salt.toFixed(2);\n            document.getElementById('restingTimeOutput').innerText = restingTime;\n\n            document.getElementById('resultBox').style.visibility = 'visible';\n        }\n\n        window.onload = calculateDough;\n    <\/script>\n<\/body>\n\n\n\n<h2 class=\"wp-block-heading\">Napolitansk pizzadej<\/h2>\n\n\n\n<p>Napolitansk pizzadej er kendt for at v\u00e6re lidt bl\u00f8dere og tykkere end det, mange forbinder med traditionel italiensk skorpe. Det er ikke overraskende, at dette er blevet en favorit \u2014 men hvordan laver man egentlig napolitansk pizzadej?<\/p>\n\n\n\n<p><a href=\"https:\/\/www.pizzanapoletana.org\/en\/ricetta_pizza_napoletana\">The Associazione Verace Pizza Napoletana (AVPN)<\/a> har udgivet officielle retningslinjer for, hvad der kvalificerer som autentisk napolitansk pizza. Som tommelfingerregel er omkring 65% hydrering ideelt \u2014 meaning for every 1000 grams of flour, use 650 grams of water (0.65 \u00d7 1000 g). Tils\u00e6tning af 3% salt forbedrer ogs\u00e5 smagen af skorpen.<\/p>\n\n\n\n<h2 class=\"wp-block-heading\">Topping til napolitansk pizza<\/h2>\n\n\n\n<p>Den mest ikoniske napolitanske pizza er uden tvivl Margherita. Den blev skabt i 1889 for at \u00e6re dronning Margherita af Savoyen and is said to represent the colors of the Italian flag. Dens toppings er enkle: tomatsauce, ost og basilikum.<\/p>\n\n\n\n<h2 class=\"wp-block-heading\">Ost til napolitansk pizza<\/h2>\n\n\n\n<p>Mozzarella b\u00f8r v\u00e6re dit f\u00f8rstevalg, n\u00e5r du v\u00e6lger ost. Mozzarella sold in water works well, and for a richer flavor and texture, buffalo mozzarella is a great option. Bem\u00e6rk, at mozzarella i vand kan g\u00f8re pizzaen v\u00e5d \u2014 du kan presse det overskydende vand ud med et viskestykke. T\u00f8r mozzarella (ikke i vand) fungerer ogs\u00e5 perfekt til pizza.<\/p>\n\n\n\n<h2 class=\"wp-block-heading\">Napolitansk pizzasauce<\/h2>\n\n\n\n<p>San Marzano-tomater er et popul\u00e6rt valg blandt pizzaentusiaster. Disse tomater dyrkes traditionelt i Italiens Campania-region og er kendt for deres fyldige, s\u00f8de smag \u2014 the perfect match for a savory crust. De er normalt tilg\u00e6ngelige p\u00e5 d\u00e5se og kan findes i butikker med et godt udvalg af italienske ingredienser.<\/p>\n\n\n\n<p>En traditionel napolitansk pizzasauce er utroligt enkel. Blend en d\u00e5se San Marzano-tomater i et par sekunder med en stavblender. Det er nok til at lave en god pizzasauce. Du kan eventuelt dr\u00e6ne noget af v\u00e6sken for at g\u00f8re den tykkere. Den rige tomatsmag klarer det meste \u2014 du beh\u00f8ver ikke at tilf\u00f8je meget andet. En knivspids salt kan tils\u00e6ttes, hvis det \u00f8nskes.<\/p>\n","protected":false},"excerpt":{"rendered":"<p>Beregn pizzadej! Denne beregner tager flere variabler i betragtning for at bestemme de pr\u00e6cise m\u00e6ngder ingredienser til den perfekte pizzadej. [&hellip;]<\/p>\n","protected":false},"author":1,"featured_media":0,"parent":1769,"menu_order":0,"comment_status":"closed","ping_status":"closed","template":"kalkulator-side.php","meta":{"site-sidebar-layout":"default","site-content-layout":"default","ast-site-content-layout":"default","site-content-style":"default","site-sidebar-style":"default","ast-global-header-display":"","ast-banner-title-visibility":"","ast-main-header-display":"","ast-hfb-above-header-display":"","ast-hfb-below-header-display":"","ast-hfb-mobile-header-display":"","site-post-title":"","ast-breadcrumbs-content":"","ast-featured-img":"","footer-sml-layout":"","theme-transparent-header-meta":"default","adv-header-id-meta":"","stick-header-meta":"default","header-above-stick-meta":"","header-main-stick-meta":"","header-below-stick-meta":"","astra-migrate-meta-layouts":"default","ast-page-background-enabled":"default","ast-page-background-meta":{"desktop":{"background-color":"var(--ast-global-color-5)","background-image":"","background-repeat":"repeat","background-position":"center center","background-size":"auto","background-attachment":"scroll","background-type":"","background-media":"","overlay-type":"","overlay-color":"","overlay-opacity":"","overlay-gradient":""},"tablet":{"background-color":"","background-image":"","background-repeat":"repeat","background-position":"center center","background-size":"auto","background-attachment":"scroll","background-type":"","background-media":"","overlay-type":"","overlay-color":"","overlay-opacity":"","overlay-gradient":""},"mobile":{"background-color":"","background-image":"","background-repeat":"repeat","background-position":"center center","background-size":"auto","background-attachment":"scroll","background-type":"","background-media":"","overlay-type":"","overlay-color":"","overlay-opacity":"","overlay-gradient":""}},"ast-content-background-meta":{"desktop":{"background-color":"var(--ast-global-color-4)","background-image":"","background-repeat":"repeat","background-position":"center center","background-size":"auto","background-attachment":"scroll","background-type":"","background-media":"","overlay-type":"","overlay-color":"","overlay-opacity":"","overlay-gradient":""},"tablet":{"background-color":"var(--ast-global-color-4)","background-image":"","background-repeat":"repeat","background-position":"center center","background-size":"auto","background-attachment":"scroll","background-type":"","background-media":"","overlay-type":"","overlay-color":"","overlay-opacity":"","overlay-gradient":""},"mobile":{"background-color":"var(--ast-global-color-4)","background-image":"","background-repeat":"repeat","background-position":"center center","background-size":"auto","background-attachment":"scroll","background-type":"","background-media":"","overlay-type":"","overlay-color":"","overlay-opacity":"","overlay-gradient":""}},"footnotes":""},"class_list":["post-1960","page","type-page","status-publish","hentry"],"yoast_head":"<!-- This site is optimized with the Yoast SEO plugin v25.5 - https:\/\/yoast.com\/wordpress\/plugins\/seo\/ -->\n<title>Beregn pizzadej - Quick Percent Calculator<\/title>\n<meta name=\"robots\" content=\"index, follow, max-snippet:-1, max-image-preview:large, max-video-preview:-1\" \/>\n<link rel=\"canonical\" href=\"https:\/\/quickpercentcalc.com\/da\/diverse\/beregn-pizzadej\/\" \/>\n<meta property=\"og:locale\" content=\"da_DK\" \/>\n<meta property=\"og:type\" content=\"article\" \/>\n<meta property=\"og:title\" content=\"Beregn pizzadej - Quick Percent Calculator\" \/>\n<meta property=\"og:description\" content=\"Beregn pizzadej! Denne beregner tager flere variabler i betragtning for at bestemme de pr\u00e6cise m\u00e6ngder ingredienser til den perfekte pizzadej. [&hellip;]\" \/>\n<meta property=\"og:url\" content=\"https:\/\/quickpercentcalc.com\/da\/diverse\/beregn-pizzadej\/\" \/>\n<meta property=\"og:site_name\" content=\"Quick Percent Calculator\" \/>\n<meta property=\"article:modified_time\" content=\"2025-04-09T07:10:07+00:00\" \/>\n<meta name=\"twitter:card\" content=\"summary_large_image\" \/>\n<meta name=\"twitter:label1\" content=\"Estimeret l\u00e6setid\" \/>\n\t<meta name=\"twitter:data1\" content=\"2 minutter\" \/>\n<script type=\"application\/ld+json\" class=\"yoast-schema-graph\">{\"@context\":\"https:\/\/schema.org\",\"@graph\":[{\"@type\":\"WebPage\",\"@id\":\"https:\/\/quickpercentcalc.com\/da\/diverse\/beregn-pizzadej\/\",\"url\":\"https:\/\/quickpercentcalc.com\/da\/diverse\/beregn-pizzadej\/\",\"name\":\"Beregn pizzadej - Quick Percent Calculator\",\"isPartOf\":{\"@id\":\"https:\/\/quickpercentcalc.com\/da\/#website\"},\"datePublished\":\"2024-07-29T21:25:07+00:00\",\"dateModified\":\"2025-04-09T07:10:07+00:00\",\"breadcrumb\":{\"@id\":\"https:\/\/quickpercentcalc.com\/da\/diverse\/beregn-pizzadej\/#breadcrumb\"},\"inLanguage\":\"da-DK\",\"potentialAction\":[{\"@type\":\"ReadAction\",\"target\":[\"https:\/\/quickpercentcalc.com\/da\/diverse\/beregn-pizzadej\/\"]}]},{\"@type\":\"BreadcrumbList\",\"@id\":\"https:\/\/quickpercentcalc.com\/da\/diverse\/beregn-pizzadej\/#breadcrumb\",\"itemListElement\":[{\"@type\":\"ListItem\",\"position\":1,\"name\":\"Home\",\"item\":\"https:\/\/quickpercentcalc.com\/da\/\"},{\"@type\":\"ListItem\",\"position\":2,\"name\":\"Diverse\",\"item\":\"https:\/\/quickpercentcalc.com\/da\/misc\/\"},{\"@type\":\"ListItem\",\"position\":3,\"name\":\"Beregn pizzadej\"}]},{\"@type\":\"WebSite\",\"@id\":\"https:\/\/quickpercentcalc.com\/da\/#website\",\"url\":\"https:\/\/quickpercentcalc.com\/da\/\",\"name\":\"Quick Percent Calculator\",\"description\":\"\",\"potentialAction\":[{\"@type\":\"SearchAction\",\"target\":{\"@type\":\"EntryPoint\",\"urlTemplate\":\"https:\/\/quickpercentcalc.com\/da\/?s={search_term_string}\"},\"query-input\":{\"@type\":\"PropertyValueSpecification\",\"valueRequired\":true,\"valueName\":\"search_term_string\"}}],\"inLanguage\":\"da-DK\"}]}<\/script>\n<!-- \/ Yoast SEO plugin. -->","yoast_head_json":{"title":"Beregn pizzadej - Quick Percent Calculator","robots":{"index":"index","follow":"follow","max-snippet":"max-snippet:-1","max-image-preview":"max-image-preview:large","max-video-preview":"max-video-preview:-1"},"canonical":"https:\/\/quickpercentcalc.com\/da\/diverse\/beregn-pizzadej\/","og_locale":"da_DK","og_type":"article","og_title":"Beregn pizzadej - Quick Percent Calculator","og_description":"Beregn pizzadej! Denne beregner tager flere variabler i betragtning for at bestemme de pr\u00e6cise m\u00e6ngder ingredienser til den perfekte pizzadej. [&hellip;]","og_url":"https:\/\/quickpercentcalc.com\/da\/diverse\/beregn-pizzadej\/","og_site_name":"Quick Percent Calculator","article_modified_time":"2025-04-09T07:10:07+00:00","twitter_card":"summary_large_image","twitter_misc":{"Estimeret l\u00e6setid":"2 minutter"},"schema":{"@context":"https:\/\/schema.org","@graph":[{"@type":"WebPage","@id":"https:\/\/quickpercentcalc.com\/da\/diverse\/beregn-pizzadej\/","url":"https:\/\/quickpercentcalc.com\/da\/diverse\/beregn-pizzadej\/","name":"Beregn pizzadej - Quick Percent Calculator","isPartOf":{"@id":"https:\/\/quickpercentcalc.com\/da\/#website"},"datePublished":"2024-07-29T21:25:07+00:00","dateModified":"2025-04-09T07:10:07+00:00","breadcrumb":{"@id":"https:\/\/quickpercentcalc.com\/da\/diverse\/beregn-pizzadej\/#breadcrumb"},"inLanguage":"da-DK","potentialAction":[{"@type":"ReadAction","target":["https:\/\/quickpercentcalc.com\/da\/diverse\/beregn-pizzadej\/"]}]},{"@type":"BreadcrumbList","@id":"https:\/\/quickpercentcalc.com\/da\/diverse\/beregn-pizzadej\/#breadcrumb","itemListElement":[{"@type":"ListItem","position":1,"name":"Home","item":"https:\/\/quickpercentcalc.com\/da\/"},{"@type":"ListItem","position":2,"name":"Diverse","item":"https:\/\/quickpercentcalc.com\/da\/misc\/"},{"@type":"ListItem","position":3,"name":"Beregn pizzadej"}]},{"@type":"WebSite","@id":"https:\/\/quickpercentcalc.com\/da\/#website","url":"https:\/\/quickpercentcalc.com\/da\/","name":"Quick Percent Calculator","description":"","potentialAction":[{"@type":"SearchAction","target":{"@type":"EntryPoint","urlTemplate":"https:\/\/quickpercentcalc.com\/da\/?s={search_term_string}"},"query-input":{"@type":"PropertyValueSpecification","valueRequired":true,"valueName":"search_term_string"}}],"inLanguage":"da-DK"}]}},"_links":{"self":[{"href":"https:\/\/quickpercentcalc.com\/da\/wp-json\/wp\/v2\/pages\/1960","targetHints":{"allow":["GET"]}}],"collection":[{"href":"https:\/\/quickpercentcalc.com\/da\/wp-json\/wp\/v2\/pages"}],"about":[{"href":"https:\/\/quickpercentcalc.com\/da\/wp-json\/wp\/v2\/types\/page"}],"author":[{"embeddable":true,"href":"https:\/\/quickpercentcalc.com\/da\/wp-json\/wp\/v2\/users\/1"}],"replies":[{"embeddable":true,"href":"https:\/\/quickpercentcalc.com\/da\/wp-json\/wp\/v2\/comments?post=1960"}],"version-history":[{"count":1,"href":"https:\/\/quickpercentcalc.com\/da\/wp-json\/wp\/v2\/pages\/1960\/revisions"}],"predecessor-version":[{"id":1967,"href":"https:\/\/quickpercentcalc.com\/da\/wp-json\/wp\/v2\/pages\/1960\/revisions\/1967"}],"up":[{"embeddable":true,"href":"https:\/\/quickpercentcalc.com\/da\/wp-json\/wp\/v2\/pages\/1769"}],"wp:attachment":[{"href":"https:\/\/quickpercentcalc.com\/da\/wp-json\/wp\/v2\/media?parent=1960"}],"curies":[{"name":"wp","href":"https:\/\/api.w.org\/{rel}","templated":true}]}}