{"id":2146,"date":"2021-12-16T12:00:05","date_gmt":"2021-12-16T12:00:05","guid":{"rendered":"https:\/\/quickpercentcalc.com\/erhvervsoekonomi\/momsberegner\/"},"modified":"2025-04-25T20:02:31","modified_gmt":"2025-04-25T20:02:31","slug":"momsberegner","status":"publish","type":"page","link":"https:\/\/quickpercentcalc.com\/da\/erhvervsoekonomi\/momsberegner\/","title":{"rendered":"Momsberegner"},"content":{"rendered":"\n<p>Beregn merv\u00e6rdiafgift (moms). Denne momsberegner hj\u00e6lper dig med at beregne b\u00e5de inklusive og eksklusive momsbel\u00f8b samt selve momsv\u00e6rdien. <\/p>\n\n<p>Moms (Value-Added Tax) er en forbrugsafgift p\u00e5 varer og tjenesteydelser. Denne beregner viser, hvor meget moms der er inkluderet i en pris, og lader dig beregne bel\u00f8b inklusive eller eksklusive ved hj\u00e6lp af din egen momssats. <\/p>\n\n<p>Formel for bel\u00f8b <strong>inklusive<\/strong> moms:<\/p>\n\n<div class=\"formel\">\n  $$M\u00e6ngde~uden~MOMS \\times (1 + \\frac{MOMS~sats}{100})$$\n<\/div>\n<br\/><br\/>\n\n<p>Formel for bel\u00f8b <strong>ekskl.<\/strong> moms:<\/p>\n\n<div class=\"formel\">\n  $$\\frac{Bel\u00f8b~inklusive~MOMS}{1 + \\frac{MOMS~sats}{100}}$$\n<\/div>\n<br\/><br\/>\n\n<p>Formel til at finde momsbel\u00f8b:<\/p>\n\n<div class=\"formel\">\n  $$Bel\u00f8b~inklusive~MOMS &#8211; Bel\u00f8b~eksklusive~MOMS$$$.\n<\/div>\n<br\/><br\/>\n\n<h2 class=\"wp-block-heading\">Momsberegner<\/h2>\n\n<script>\nfunction regnUt() {\n    document.getElementById(\"feilmeld\").style.visibility = \"hidden\";\n    document.getElementById(\"resultatBoks\").style.visibility = \"hidden\";\n\n    var belop = parseFloat(document.getElementById(\"belop\").value.replace(\/,\/g, \".\"));\n    var sats = parseFloat(document.getElementById(\"sats\").value.replace(\/,\/g, \".\"));\n\n    if (isNaN(belop) || isNaN(sats)) {\n        document.getElementById(\"feilmeld\").style.visibility = \"visible\";\n        return;\n    }\n\n    var inklmva = \"\";\n    var ekslmva = \"\";\n    var mva = 0;\n    var utregning = 0;\n\n    if (document.getElementById(\"inklmva\").checked) {\n        mva = belop * sats \/ 100;\n        utregning = belop + mva;\n    } else {\n        mva = belop - (belop \/ (1 + sats \/ 100));\n        utregning = belop \/ (1 + sats \/ 100);\n    }\n\n    if (utregning % 1 !== 0) {\n        utregning = utregning.toFixed(2);\n    } else {\n        utregning = utregning.toFixed();\n    }\n\n    if (mva % 1 !== 0) {\n        mva = mva.toFixed(2);\n    } else {\n        mva = mva.toFixed();\n    }\n\n    var utregning2 = \"\";\n    if (document.getElementById(\"inklmva\").checked) {\n        inklmva = belop.toFixed(2) + \" excl. VAT = \" + utregning + \" incl. VAT\";\n        utregning2 = inklmva;\n    } else {\n        ekslmva = belop.toFixed(2) + \" incl. VAT = \" + utregning + \" excl. VAT\";\n        utregning2 = ekslmva;\n    }\n\n    document.getElementById(\"resultat\").innerHTML = utregning2;\n    document.getElementById(\"mvaresultat\").innerHTML = mva;\n    document.getElementById(\"resultatBoks\").style.visibility = \"initial\";\n}\n<\/script>\n\n<label for=\"belop\">Bel\u00f8b<\/label><br\/><input type=\"number\" id=\"belop\" min=\"0\" step=\"0.01\"\/>\n<br\/><br\/><label for=\"sats\">Momssats (%)<\/label><br\/><input type=\"number\" id=\"sats\" min=\"0\" value=\"25\" step=\"0.01\"\/>\n<br\/><br\/>\n<input type=\"radio\" id=\"ekslmva\" name=\"mva\" checked=\"checked\"\/>\n<label for=\"ekslmva\">Jeg vil gerne finde bel\u00f8bet uden moms<\/label><br\/><input type=\"radio\" id=\"inklmva\" name=\"mva\"\/>\n<label for=\"inklmva\">Jeg vil gerne finde bel\u00f8bet inklusive moms<\/label><br\/><input type=\"button\" id=\"regnut\" value=\"Beregn\" onclick=\"regnUt()\"\/>\n<br\/><br\/><span id=\"feilmeld\" style=\"visibility: hidden; color: red;\">Udfyld venligst alle felter<\/span>\n<div id=\"resultatBoks\" style=\"visibility: hidden;\">\n    <span>Resultat:<\/span><br\/>    <span id=\"resultat\" class=\"kalkyleResultat\"><\/span><br\/>    <span>Momsbel\u00f8b: <\/span> <span id=\"mvaresultat\" class=\"mvaresultat\"><\/span>\n<\/div>\n\n<div style=\"height:100px\" aria-hidden=\"true\" class=\"wp-block-spacer\"><\/div>\n\n<h2 class=\"wp-block-heading\">Hvad er moms?<\/h2>\n\n<p>Moms, eller merv\u00e6rdiafgift, er en afgift p\u00e5 k\u00f8b af varer og tjenesteydelser. Forbrugeren betaler afgiften, men den opkr\u00e6ves og indbetales til staten af den virksomhed, der s\u00e6lger varerne eller tjenesteydelserne. Momssatserne varierer fra land til land og nogle gange ogs\u00e5 fra produkttype til produkttype. I mange europ\u00e6iske lande er standardmomssatsen omkring 20-25% med reducerede satser p\u00e5 varer som f\u00f8devarer, transport og kulturelle tjenester.   <\/p>\n","protected":false},"excerpt":{"rendered":"<p>Beregn merv\u00e6rdiafgift (moms). Denne momsberegner hj\u00e6lper dig med at beregne b\u00e5de inklusive og eksklusive momsbel\u00f8b samt selve momsv\u00e6rdien. Moms (Value-Added [&hellip;]<\/p>\n","protected":false},"author":1,"featured_media":0,"parent":1982,"menu_order":0,"comment_status":"closed","ping_status":"closed","template":"kalkulator-side.php","meta":{"site-sidebar-layout":"default","site-content-layout":"default","ast-site-content-layout":"default","site-content-style":"default","site-sidebar-style":"default","ast-global-header-display":"","ast-banner-title-visibility":"","ast-main-header-display":"","ast-hfb-above-header-display":"","ast-hfb-below-header-display":"","ast-hfb-mobile-header-display":"","site-post-title":"","ast-breadcrumbs-content":"","ast-featured-img":"","footer-sml-layout":"","theme-transparent-header-meta":"default","adv-header-id-meta":"","stick-header-meta":"default","header-above-stick-meta":"","header-main-stick-meta":"","header-below-stick-meta":"","astra-migrate-meta-layouts":"default","ast-page-background-enabled":"default","ast-page-background-meta":{"desktop":{"background-color":"var(--ast-global-color-5)","background-image":"","background-repeat":"repeat","background-position":"center center","background-size":"auto","background-attachment":"scroll","background-type":"","background-media":"","overlay-type":"","overlay-color":"","overlay-opacity":"","overlay-gradient":""},"tablet":{"background-color":"","background-image":"","background-repeat":"repeat","background-position":"center center","background-size":"auto","background-attachment":"scroll","background-type":"","background-media":"","overlay-type":"","overlay-color":"","overlay-opacity":"","overlay-gradient":""},"mobile":{"background-color":"","background-image":"","background-repeat":"repeat","background-position":"center center","background-size":"auto","background-attachment":"scroll","background-type":"","background-media":"","overlay-type":"","overlay-color":"","overlay-opacity":"","overlay-gradient":""}},"ast-content-background-meta":{"desktop":{"background-color":"var(--ast-global-color-4)","background-image":"","background-repeat":"repeat","background-position":"center center","background-size":"auto","background-attachment":"scroll","background-type":"","background-media":"","overlay-type":"","overlay-color":"","overlay-opacity":"","overlay-gradient":""},"tablet":{"background-color":"var(--ast-global-color-4)","background-image":"","background-repeat":"repeat","background-position":"center center","background-size":"auto","background-attachment":"scroll","background-type":"","background-media":"","overlay-type":"","overlay-color":"","overlay-opacity":"","overlay-gradient":""},"mobile":{"background-color":"var(--ast-global-color-4)","background-image":"","background-repeat":"repeat","background-position":"center center","background-size":"auto","background-attachment":"scroll","background-type":"","background-media":"","overlay-type":"","overlay-color":"","overlay-opacity":"","overlay-gradient":""}},"footnotes":""},"class_list":["post-2146","page","type-page","status-publish","hentry"],"yoast_head":"<!-- This site is optimized with the Yoast SEO plugin v25.5 - https:\/\/yoast.com\/wordpress\/plugins\/seo\/ -->\n<title>Momsberegner | Beregner til merv\u00e6rdiafgift<\/title>\n<meta name=\"robots\" content=\"index, follow, max-snippet:-1, max-image-preview:large, max-video-preview:-1\" \/>\n<link rel=\"canonical\" href=\"https:\/\/quickpercentcalc.com\/da\/erhvervsoekonomi\/momsberegner\/\" \/>\n<meta property=\"og:locale\" content=\"da_DK\" \/>\n<meta property=\"og:type\" content=\"article\" \/>\n<meta property=\"og:title\" content=\"Momsberegner | Beregner til merv\u00e6rdiafgift\" \/>\n<meta property=\"og:description\" content=\"Beregn merv\u00e6rdiafgift (moms). Denne momsberegner hj\u00e6lper dig med at beregne b\u00e5de inklusive og eksklusive momsbel\u00f8b samt selve momsv\u00e6rdien. Moms (Value-Added [&hellip;]\" \/>\n<meta property=\"og:url\" content=\"https:\/\/quickpercentcalc.com\/da\/erhvervsoekonomi\/momsberegner\/\" \/>\n<meta property=\"og:site_name\" content=\"Quick Percent Calculator\" \/>\n<meta property=\"article:modified_time\" content=\"2025-04-25T20:02:31+00:00\" \/>\n<meta name=\"twitter:card\" content=\"summary_large_image\" \/>\n<meta name=\"twitter:label1\" content=\"Estimeret l\u00e6setid\" \/>\n\t<meta name=\"twitter:data1\" content=\"1 minut\" \/>\n<script type=\"application\/ld+json\" class=\"yoast-schema-graph\">{\"@context\":\"https:\/\/schema.org\",\"@graph\":[{\"@type\":\"WebPage\",\"@id\":\"https:\/\/quickpercentcalc.com\/da\/erhvervsoekonomi\/momsberegner\/\",\"url\":\"https:\/\/quickpercentcalc.com\/da\/erhvervsoekonomi\/momsberegner\/\",\"name\":\"Momsberegner | Beregner til merv\u00e6rdiafgift\",\"isPartOf\":{\"@id\":\"https:\/\/quickpercentcalc.com\/da\/#website\"},\"datePublished\":\"2021-12-16T12:00:05+00:00\",\"dateModified\":\"2025-04-25T20:02:31+00:00\",\"breadcrumb\":{\"@id\":\"https:\/\/quickpercentcalc.com\/da\/erhvervsoekonomi\/momsberegner\/#breadcrumb\"},\"inLanguage\":\"da-DK\",\"potentialAction\":[{\"@type\":\"ReadAction\",\"target\":[\"https:\/\/quickpercentcalc.com\/da\/erhvervsoekonomi\/momsberegner\/\"]}]},{\"@type\":\"BreadcrumbList\",\"@id\":\"https:\/\/quickpercentcalc.com\/da\/erhvervsoekonomi\/momsberegner\/#breadcrumb\",\"itemListElement\":[{\"@type\":\"ListItem\",\"position\":1,\"name\":\"Home\",\"item\":\"https:\/\/quickpercentcalc.com\/da\/\"},{\"@type\":\"ListItem\",\"position\":2,\"name\":\"Erhvervs\u00f8konomi\",\"item\":\"https:\/\/quickpercentcalc.com\/da\/erhvervsoekonomi\/\"},{\"@type\":\"ListItem\",\"position\":3,\"name\":\"Momsberegner\"}]},{\"@type\":\"WebSite\",\"@id\":\"https:\/\/quickpercentcalc.com\/da\/#website\",\"url\":\"https:\/\/quickpercentcalc.com\/da\/\",\"name\":\"Quick Percent Calculator\",\"description\":\"\",\"potentialAction\":[{\"@type\":\"SearchAction\",\"target\":{\"@type\":\"EntryPoint\",\"urlTemplate\":\"https:\/\/quickpercentcalc.com\/da\/?s={search_term_string}\"},\"query-input\":{\"@type\":\"PropertyValueSpecification\",\"valueRequired\":true,\"valueName\":\"search_term_string\"}}],\"inLanguage\":\"da-DK\"}]}<\/script>\n<!-- \/ Yoast SEO plugin. -->","yoast_head_json":{"title":"Momsberegner | Beregner til merv\u00e6rdiafgift","robots":{"index":"index","follow":"follow","max-snippet":"max-snippet:-1","max-image-preview":"max-image-preview:large","max-video-preview":"max-video-preview:-1"},"canonical":"https:\/\/quickpercentcalc.com\/da\/erhvervsoekonomi\/momsberegner\/","og_locale":"da_DK","og_type":"article","og_title":"Momsberegner | Beregner til merv\u00e6rdiafgift","og_description":"Beregn merv\u00e6rdiafgift (moms). Denne momsberegner hj\u00e6lper dig med at beregne b\u00e5de inklusive og eksklusive momsbel\u00f8b samt selve momsv\u00e6rdien. Moms (Value-Added [&hellip;]","og_url":"https:\/\/quickpercentcalc.com\/da\/erhvervsoekonomi\/momsberegner\/","og_site_name":"Quick Percent Calculator","article_modified_time":"2025-04-25T20:02:31+00:00","twitter_card":"summary_large_image","twitter_misc":{"Estimeret l\u00e6setid":"1 minut"},"schema":{"@context":"https:\/\/schema.org","@graph":[{"@type":"WebPage","@id":"https:\/\/quickpercentcalc.com\/da\/erhvervsoekonomi\/momsberegner\/","url":"https:\/\/quickpercentcalc.com\/da\/erhvervsoekonomi\/momsberegner\/","name":"Momsberegner | Beregner til merv\u00e6rdiafgift","isPartOf":{"@id":"https:\/\/quickpercentcalc.com\/da\/#website"},"datePublished":"2021-12-16T12:00:05+00:00","dateModified":"2025-04-25T20:02:31+00:00","breadcrumb":{"@id":"https:\/\/quickpercentcalc.com\/da\/erhvervsoekonomi\/momsberegner\/#breadcrumb"},"inLanguage":"da-DK","potentialAction":[{"@type":"ReadAction","target":["https:\/\/quickpercentcalc.com\/da\/erhvervsoekonomi\/momsberegner\/"]}]},{"@type":"BreadcrumbList","@id":"https:\/\/quickpercentcalc.com\/da\/erhvervsoekonomi\/momsberegner\/#breadcrumb","itemListElement":[{"@type":"ListItem","position":1,"name":"Home","item":"https:\/\/quickpercentcalc.com\/da\/"},{"@type":"ListItem","position":2,"name":"Erhvervs\u00f8konomi","item":"https:\/\/quickpercentcalc.com\/da\/erhvervsoekonomi\/"},{"@type":"ListItem","position":3,"name":"Momsberegner"}]},{"@type":"WebSite","@id":"https:\/\/quickpercentcalc.com\/da\/#website","url":"https:\/\/quickpercentcalc.com\/da\/","name":"Quick Percent Calculator","description":"","potentialAction":[{"@type":"SearchAction","target":{"@type":"EntryPoint","urlTemplate":"https:\/\/quickpercentcalc.com\/da\/?s={search_term_string}"},"query-input":{"@type":"PropertyValueSpecification","valueRequired":true,"valueName":"search_term_string"}}],"inLanguage":"da-DK"}]}},"_links":{"self":[{"href":"https:\/\/quickpercentcalc.com\/da\/wp-json\/wp\/v2\/pages\/2146","targetHints":{"allow":["GET"]}}],"collection":[{"href":"https:\/\/quickpercentcalc.com\/da\/wp-json\/wp\/v2\/pages"}],"about":[{"href":"https:\/\/quickpercentcalc.com\/da\/wp-json\/wp\/v2\/types\/page"}],"author":[{"embeddable":true,"href":"https:\/\/quickpercentcalc.com\/da\/wp-json\/wp\/v2\/users\/1"}],"replies":[{"embeddable":true,"href":"https:\/\/quickpercentcalc.com\/da\/wp-json\/wp\/v2\/comments?post=2146"}],"version-history":[{"count":1,"href":"https:\/\/quickpercentcalc.com\/da\/wp-json\/wp\/v2\/pages\/2146\/revisions"}],"predecessor-version":[{"id":2147,"href":"https:\/\/quickpercentcalc.com\/da\/wp-json\/wp\/v2\/pages\/2146\/revisions\/2147"}],"up":[{"embeddable":true,"href":"https:\/\/quickpercentcalc.com\/da\/wp-json\/wp\/v2\/pages\/1982"}],"wp:attachment":[{"href":"https:\/\/quickpercentcalc.com\/da\/wp-json\/wp\/v2\/media?parent=2146"}],"curies":[{"name":"wp","href":"https:\/\/api.w.org\/{rel}","templated":true}]}}