{"id":1636,"date":"2024-11-20T08:03:02","date_gmt":"2024-11-20T08:03:02","guid":{"rendered":"https:\/\/quickpercentcalc.com\/mathematik\/zoll-zu-cm-rechner\/"},"modified":"2025-04-07T18:35:09","modified_gmt":"2025-04-07T18:35:09","slug":"zoll-zu-cm-rechner","status":"publish","type":"page","link":"https:\/\/quickpercentcalc.com\/de\/mathematik\/zoll-zu-cm-rechner\/","title":{"rendered":"Zoll-zu-cm-Rechner"},"content":{"rendered":"\n<p>Dieser Rechner basiert auf einem gew\u00e4hlten Wert, der entweder in Zoll oder cm angegeben ist, um in die andere Einheit umzurechnen.<\/p>\n\n<p>Haben Sie sich jemals gefragt, wie man Zoll in cm umrechnet? Das ist eine h\u00e4ufige Herausforderung, besonders wenn Sie auf Ma\u00dfe und Gr\u00f6\u00dfen sto\u00dfen, die nicht das metrische System verwenden. <\/p> <p>Um herauszufinden, wie viele Zentimeter in einem Zoll stecken, multiplizieren Sie einfach die Anzahl der Zoll mit 2,54. Denn ein Zoll entspricht 2,54 cm. <\/p>\n<h2>Formel f\u00fcr die Umrechnung von Zoll in cm:<\/h2>\n<style>\n.frac {<br \/>\n    display: inline-block;<br \/>\n    position: relative;<br \/>\n    vertical-align: middle;<br \/>\n    letter-spacing: 0.001em;<br \/>\n    text-align: center;<br \/>\n}<br \/>\n.frac > span {<br \/>\n    display: block;<br \/>\n    padding: 0.1em;<br \/>\n}<br \/>\n.frac span.bottom {<br \/>\n    border-top: thin solid black;<br \/>\n}<br \/>\n.frac span.symbol {<br \/>\n    display: none;<br \/>\n}<br \/>\n<\/style>\n<div class=\"formel\">Anzahl der Zoll x 2,54<\/div>\n<p>\nWir k\u00f6nnen die Formel einfach umkehren, um herauszufinden, wie viele Zoll in einem bestimmten cm-Wert enthalten sind.<\/p>\n<h2>Formel f\u00fcr die Umrechnung von cm in Zoll:<\/h2>\n<div class=\"formel\">Anzahl der cm \u00f7 2.54<\/div>\n<h2>Umrechnen zwischen Zentimetern und Zoll<\/h2>\n<p>Verwenden Sie diesen Rechner, um einen Wert von cm in Zoll oder von Zoll in cm umzurechnen.<\/p>\n\n<label for=\"verdi\">Wert<\/label>\n<input id=\"verdi\" type=\"number\" placeholder=\"Wert eingeben\"\/>\n\n<label for=\"retning\">Konvertieren Sie:<\/label>\n<select id=\"retning\">\n<option value=\"cmToInches\">Zentimeter zu Inches<\/option>\n<option value=\"inchesToCm\">Zoll zu Zentimetern<\/option>\n<\/select>\n\n<input id=\"regnut\" type=\"button\" value=\"Konvertieren\"\/>\n<div id=\"resultatBoks\" style=\"visibility: hidden;\">Ergebnis:\n<span id=\"resultat\" class=\"kalkyleResultat\"><\/span><\/div>\n<h2>Was ist ein Zoll?<\/h2>\n<p>\nEin Inch ist eine traditionelle Ma\u00dfeinheit, die in englischsprachigen L\u00e4ndern wie den Vereinigten Staaten und dem Vereinigten K\u00f6nigreich h\u00e4ufig verwendet wird. Ein Inch entspricht genau 2,54 Zentimetern und wird oft zum Messen verwendet: <\/p>\n<ul>\n \t<li>Bildschirmgr\u00f6\u00dfen (z. B. Fernseher, Computermonitore, Telefone)<\/li>\n \t<li>Konfektionsgr\u00f6\u00dfen (z.B. Taillenumfang, Hosenl\u00e4nge)<\/li>\n \t<li>Holz und Baumaterialien (z.B. Breite und Dicke der Dielen)<\/li>\n<\/ul>\n<h2>Was ist ein Zentimeter?<\/h2><p>\nEin Zentimeter (cm) ist eine Einheit im metrischen System, das in den meisten anderen L\u00e4ndern der Standard ist. Ein Zentimeter ist ein Hundertstel eines Meters und wird verwendet, um L\u00e4ngen und Entfernungen zu messen, von allt\u00e4glichen Aufgaben bis hin zu wissenschaftlichen Berechnungen. <\/p>\n\n<script>\ndocument.addEventListener(\"DOMContentLoaded\", function () {\n    document.getElementById(\"regnut\").addEventListener(\"click\", function () {\n        let verdi = parseFloat(document.getElementById(\"verdi\").value.replace(\/,\/g, \".\"));\n        let retning = document.getElementById(\"retning\").value;\n\n        if (isNaN(verdi)) {\n            alert(\"Please enter a valid number.\");\n            return;\n        }\n\n        let resultat;\n\n        if (retning === \"cmToInches\") {\n            resultat = verdi \/ 2.54;\n        } else if (retning === \"inchesToCm\") {\n            resultat = verdi * 2.54;\n        }\n\n        resultat = resultat % 1 !== 0 ? resultat.toFixed(2).replace(\".\", \",\") : resultat.toFixed();\n\n        document.getElementById(\"resultat\").innerHTML = resultat;\n        document.getElementById(\"resultatBoks\").style.visibility = \"visible\";\n    });\n});\n<\/script>\n\n","protected":false},"excerpt":{"rendered":"<p>Dieser Rechner basiert auf einem gew\u00e4hlten Wert, der entweder in Zoll oder cm angegeben ist, um in die andere Einheit [&hellip;]<\/p>\n","protected":false},"author":1,"featured_media":0,"parent":1614,"menu_order":0,"comment_status":"closed","ping_status":"closed","template":"kalkulator-side.php","meta":{"site-sidebar-layout":"default","site-content-layout":"","ast-site-content-layout":"default","site-content-style":"default","site-sidebar-style":"default","ast-global-header-display":"","ast-banner-title-visibility":"","ast-main-header-display":"","ast-hfb-above-header-display":"","ast-hfb-below-header-display":"","ast-hfb-mobile-header-display":"","site-post-title":"","ast-breadcrumbs-content":"","ast-featured-img":"","footer-sml-layout":"","theme-transparent-header-meta":"","adv-header-id-meta":"","stick-header-meta":"","header-above-stick-meta":"","header-main-stick-meta":"","header-below-stick-meta":"","astra-migrate-meta-layouts":"default","ast-page-background-enabled":"default","ast-page-background-meta":{"desktop":{"background-color":"var(--ast-global-color-5)","background-image":"","background-repeat":"repeat","background-position":"center center","background-size":"auto","background-attachment":"scroll","background-type":"","background-media":"","overlay-type":"","overlay-color":"","overlay-opacity":"","overlay-gradient":""},"tablet":{"background-color":"","background-image":"","background-repeat":"repeat","background-position":"center center","background-size":"auto","background-attachment":"scroll","background-type":"","background-media":"","overlay-type":"","overlay-color":"","overlay-opacity":"","overlay-gradient":""},"mobile":{"background-color":"","background-image":"","background-repeat":"repeat","background-position":"center center","background-size":"auto","background-attachment":"scroll","background-type":"","background-media":"","overlay-type":"","overlay-color":"","overlay-opacity":"","overlay-gradient":""}},"ast-content-background-meta":{"desktop":{"background-color":"var(--ast-global-color-4)","background-image":"","background-repeat":"repeat","background-position":"center center","background-size":"auto","background-attachment":"scroll","background-type":"","background-media":"","overlay-type":"","overlay-color":"","overlay-opacity":"","overlay-gradient":""},"tablet":{"background-color":"var(--ast-global-color-4)","background-image":"","background-repeat":"repeat","background-position":"center center","background-size":"auto","background-attachment":"scroll","background-type":"","background-media":"","overlay-type":"","overlay-color":"","overlay-opacity":"","overlay-gradient":""},"mobile":{"background-color":"var(--ast-global-color-4)","background-image":"","background-repeat":"repeat","background-position":"center center","background-size":"auto","background-attachment":"scroll","background-type":"","background-media":"","overlay-type":"","overlay-color":"","overlay-opacity":"","overlay-gradient":""}},"footnotes":""},"class_list":["post-1636","page","type-page","status-publish","hentry"],"yoast_head":"<!-- This site is optimized with the Yoast SEO plugin v25.5 - https:\/\/yoast.com\/wordpress\/plugins\/seo\/ -->\n<title>Zoll-zu-cm-Rechner - Quick Percent Calculator<\/title>\n<meta name=\"robots\" content=\"index, follow, max-snippet:-1, max-image-preview:large, max-video-preview:-1\" \/>\n<link rel=\"canonical\" href=\"https:\/\/quickpercentcalc.com\/de\/mathematik\/zoll-zu-cm-rechner\/\" \/>\n<meta property=\"og:locale\" content=\"de_DE\" \/>\n<meta property=\"og:type\" content=\"article\" \/>\n<meta property=\"og:title\" content=\"Zoll-zu-cm-Rechner - Quick Percent Calculator\" \/>\n<meta property=\"og:description\" content=\"Dieser Rechner basiert auf einem gew\u00e4hlten Wert, der entweder in Zoll oder cm angegeben ist, um in die andere Einheit [&hellip;]\" \/>\n<meta property=\"og:url\" content=\"https:\/\/quickpercentcalc.com\/de\/mathematik\/zoll-zu-cm-rechner\/\" \/>\n<meta property=\"og:site_name\" content=\"Quick Percent Calculator\" \/>\n<meta property=\"article:modified_time\" content=\"2025-04-07T18:35:09+00:00\" \/>\n<meta name=\"twitter:card\" content=\"summary_large_image\" \/>\n<meta name=\"twitter:label1\" content=\"Gesch\u00e4tzte Lesezeit\" \/>\n\t<meta name=\"twitter:data1\" content=\"1\u00a0Minute\" \/>\n<script type=\"application\/ld+json\" class=\"yoast-schema-graph\">{\"@context\":\"https:\/\/schema.org\",\"@graph\":[{\"@type\":\"WebPage\",\"@id\":\"https:\/\/quickpercentcalc.com\/de\/mathematik\/zoll-zu-cm-rechner\/\",\"url\":\"https:\/\/quickpercentcalc.com\/de\/mathematik\/zoll-zu-cm-rechner\/\",\"name\":\"Zoll-zu-cm-Rechner - Quick Percent Calculator\",\"isPartOf\":{\"@id\":\"https:\/\/quickpercentcalc.com\/de\/#website\"},\"datePublished\":\"2024-11-20T08:03:02+00:00\",\"dateModified\":\"2025-04-07T18:35:09+00:00\",\"breadcrumb\":{\"@id\":\"https:\/\/quickpercentcalc.com\/de\/mathematik\/zoll-zu-cm-rechner\/#breadcrumb\"},\"inLanguage\":\"de\",\"potentialAction\":[{\"@type\":\"ReadAction\",\"target\":[\"https:\/\/quickpercentcalc.com\/de\/mathematik\/zoll-zu-cm-rechner\/\"]}]},{\"@type\":\"BreadcrumbList\",\"@id\":\"https:\/\/quickpercentcalc.com\/de\/mathematik\/zoll-zu-cm-rechner\/#breadcrumb\",\"itemListElement\":[{\"@type\":\"ListItem\",\"position\":1,\"name\":\"Home\",\"item\":\"https:\/\/quickpercentcalc.com\/de\/\"},{\"@type\":\"ListItem\",\"position\":2,\"name\":\"Mathematik\",\"item\":\"https:\/\/quickpercentcalc.com\/de\/math\/\"},{\"@type\":\"ListItem\",\"position\":3,\"name\":\"Zoll-zu-cm-Rechner\"}]},{\"@type\":\"WebSite\",\"@id\":\"https:\/\/quickpercentcalc.com\/de\/#website\",\"url\":\"https:\/\/quickpercentcalc.com\/de\/\",\"name\":\"Quick Percent Calculator\",\"description\":\"\",\"potentialAction\":[{\"@type\":\"SearchAction\",\"target\":{\"@type\":\"EntryPoint\",\"urlTemplate\":\"https:\/\/quickpercentcalc.com\/de\/?s={search_term_string}\"},\"query-input\":{\"@type\":\"PropertyValueSpecification\",\"valueRequired\":true,\"valueName\":\"search_term_string\"}}],\"inLanguage\":\"de\"}]}<\/script>\n<!-- \/ Yoast SEO plugin. -->","yoast_head_json":{"title":"Zoll-zu-cm-Rechner - Quick Percent Calculator","robots":{"index":"index","follow":"follow","max-snippet":"max-snippet:-1","max-image-preview":"max-image-preview:large","max-video-preview":"max-video-preview:-1"},"canonical":"https:\/\/quickpercentcalc.com\/de\/mathematik\/zoll-zu-cm-rechner\/","og_locale":"de_DE","og_type":"article","og_title":"Zoll-zu-cm-Rechner - Quick Percent Calculator","og_description":"Dieser Rechner basiert auf einem gew\u00e4hlten Wert, der entweder in Zoll oder cm angegeben ist, um in die andere Einheit [&hellip;]","og_url":"https:\/\/quickpercentcalc.com\/de\/mathematik\/zoll-zu-cm-rechner\/","og_site_name":"Quick Percent Calculator","article_modified_time":"2025-04-07T18:35:09+00:00","twitter_card":"summary_large_image","twitter_misc":{"Gesch\u00e4tzte Lesezeit":"1\u00a0Minute"},"schema":{"@context":"https:\/\/schema.org","@graph":[{"@type":"WebPage","@id":"https:\/\/quickpercentcalc.com\/de\/mathematik\/zoll-zu-cm-rechner\/","url":"https:\/\/quickpercentcalc.com\/de\/mathematik\/zoll-zu-cm-rechner\/","name":"Zoll-zu-cm-Rechner - Quick Percent Calculator","isPartOf":{"@id":"https:\/\/quickpercentcalc.com\/de\/#website"},"datePublished":"2024-11-20T08:03:02+00:00","dateModified":"2025-04-07T18:35:09+00:00","breadcrumb":{"@id":"https:\/\/quickpercentcalc.com\/de\/mathematik\/zoll-zu-cm-rechner\/#breadcrumb"},"inLanguage":"de","potentialAction":[{"@type":"ReadAction","target":["https:\/\/quickpercentcalc.com\/de\/mathematik\/zoll-zu-cm-rechner\/"]}]},{"@type":"BreadcrumbList","@id":"https:\/\/quickpercentcalc.com\/de\/mathematik\/zoll-zu-cm-rechner\/#breadcrumb","itemListElement":[{"@type":"ListItem","position":1,"name":"Home","item":"https:\/\/quickpercentcalc.com\/de\/"},{"@type":"ListItem","position":2,"name":"Mathematik","item":"https:\/\/quickpercentcalc.com\/de\/math\/"},{"@type":"ListItem","position":3,"name":"Zoll-zu-cm-Rechner"}]},{"@type":"WebSite","@id":"https:\/\/quickpercentcalc.com\/de\/#website","url":"https:\/\/quickpercentcalc.com\/de\/","name":"Quick Percent Calculator","description":"","potentialAction":[{"@type":"SearchAction","target":{"@type":"EntryPoint","urlTemplate":"https:\/\/quickpercentcalc.com\/de\/?s={search_term_string}"},"query-input":{"@type":"PropertyValueSpecification","valueRequired":true,"valueName":"search_term_string"}}],"inLanguage":"de"}]}},"_links":{"self":[{"href":"https:\/\/quickpercentcalc.com\/de\/wp-json\/wp\/v2\/pages\/1636","targetHints":{"allow":["GET"]}}],"collection":[{"href":"https:\/\/quickpercentcalc.com\/de\/wp-json\/wp\/v2\/pages"}],"about":[{"href":"https:\/\/quickpercentcalc.com\/de\/wp-json\/wp\/v2\/types\/page"}],"author":[{"embeddable":true,"href":"https:\/\/quickpercentcalc.com\/de\/wp-json\/wp\/v2\/users\/1"}],"replies":[{"embeddable":true,"href":"https:\/\/quickpercentcalc.com\/de\/wp-json\/wp\/v2\/comments?post=1636"}],"version-history":[{"count":2,"href":"https:\/\/quickpercentcalc.com\/de\/wp-json\/wp\/v2\/pages\/1636\/revisions"}],"predecessor-version":[{"id":1674,"href":"https:\/\/quickpercentcalc.com\/de\/wp-json\/wp\/v2\/pages\/1636\/revisions\/1674"}],"up":[{"embeddable":true,"href":"https:\/\/quickpercentcalc.com\/de\/wp-json\/wp\/v2\/pages\/1614"}],"wp:attachment":[{"href":"https:\/\/quickpercentcalc.com\/de\/wp-json\/wp\/v2\/media?parent=1636"}],"curies":[{"name":"wp","href":"https:\/\/api.w.org\/{rel}","templated":true}]}}