{"id":1691,"date":"2024-01-24T20:41:53","date_gmt":"2024-01-24T20:41:53","guid":{"rendered":"https:\/\/quickpercentcalc.com\/mathematik\/knoten-rechner\/"},"modified":"2025-04-07T18:38:19","modified_gmt":"2025-04-07T18:38:19","slug":"knoten-rechner","status":"publish","type":"page","link":"https:\/\/quickpercentcalc.com\/de\/mathematik\/knoten-rechner\/","title":{"rendered":"Knoten-Rechner"},"content":{"rendered":"\n<p>Knoten umrechnen. Unser Rechner hilft Ihnen, zwischen Knoten, km\/h, m\/s und mph umzurechnen. <\/p>\n\n<p>Mit diesem Rechner k\u00f6nnen Sie zwischen Knoten, Kilometern pro Stunde (km\/h), Metern pro Sekunde (m\/s) und Meilen pro Stunde (mph) umrechnen.<\/p>\n\n<p>Knoten oder nautische Meilen pro Stunde sind die Standardeinheit f\u00fcr die Geschwindigkeit, die in der See- und Luftfahrt verwendet wird. Ein Knoten entspricht genau 1,852 Kilometern pro Stunde oder ungef\u00e4hr 1,15078 Meilen pro Stunde. Sie ist nach wie vor der internationale Standard f\u00fcr die Navigation auf See und in der Luft.  <\/p>\n\n<p>Kilometer pro Stunde ist die metrische Einheit, die in den meisten L\u00e4ndern zur Messung der Geschwindigkeit an Land verwendet wird. In den USA wird die Geschwindigkeit jedoch in der Regel in Meilen pro Stunde (mph) gemessen. <\/p>\n\n<script>\nfunction convertKnotsToKmh() {\n    var knots = parseFloat(document.getElementById(\"knotsToKmh\").value.replace(\/,\/g, \".\"));\n    document.getElementById(\"kmhResult\").value = (knots * 1.852).toFixed(2);\n}\n\nfunction convertKnotsToMs() {\n    var knots = parseFloat(document.getElementById(\"knotsToMs\").value.replace(\/,\/g, \".\"));\n    document.getElementById(\"msResult\").value = (knots * 0.514444).toFixed(2);\n}\n\nfunction convertKnotsToMph() {\n    var knots = parseFloat(document.getElementById(\"knotsToMph\").value.replace(\/,\/g, \".\"));\n    document.getElementById(\"mphResult\").value = (knots * 1.15078).toFixed(2);\n}\n\nfunction convertKmhToKnots() {\n    var kmh = parseFloat(document.getElementById(\"kmhToKnots\").value.replace(\/,\/g, \".\"));\n    document.getElementById(\"knotsResult\").value = (kmh * 0.539957).toFixed(2);\n}\n<\/script>\n\n<!-- Knots to km\/h -->\n<label for=\"knotsToKmh\"><h2>Knoten in km\/h<\/h2><\/label><br\/><input type=\"number\" id=\"knotsToKmh\" min=\"0\" placeholder=\"Knoten\"\/>\n<br\/><input type=\"text\" id=\"kmhResult\" placeholder=\"km\/h\" readonly=\"readonly\"\/>\n<button onclick=\"convertKnotsToKmh()\">Konvertieren<\/button>\n<br\/><br\/>\n<!-- Knots to m\/s -->\n<label for=\"knotsToMs\"><h2>Knoten in m\/s<\/h2><\/label><br\/><input type=\"number\" id=\"knotsToMs\" min=\"0\" placeholder=\"Knoten\"\/>\n<br\/><input type=\"text\" id=\"msResult\" placeholder=\"m\/s\" readonly=\"readonly\"\/>\n<button onclick=\"convertKnotsToMs()\">Konvertieren<\/button>\n<br\/><br\/>\n<!-- Knots to mph -->\n<label for=\"knotsToMph\"><h2>Knoten zu mph<\/h2><\/label><br\/><input type=\"number\" id=\"knotsToMph\" min=\"0\" placeholder=\"Knoten\"\/>\n<br\/><input type=\"text\" id=\"mphResult\" placeholder=\"mph\" readonly=\"readonly\"\/>\n<button onclick=\"convertKnotsToMph()\">Konvertieren<\/button>\n<br\/><br\/>\n<!-- km\/h to Knots -->\n<label for=\"kmhToKnots\"><h2>km\/h zu Knoten<\/h2><\/label><br\/><input type=\"number\" id=\"kmhToKnots\" min=\"0\" placeholder=\"km\/h\"\/>\n<br\/><input type=\"text\" id=\"knotsResult\" placeholder=\"Knoten\" readonly=\"readonly\"\/>\n<button onclick=\"convertKmhToKnots()\">Konvertieren<\/button>\n<br\/><br\/>\n\n<h2 class=\"wp-block-heading\">Wie man Knoten in Meilen pro Stunde (mph) umrechnet<\/h2>\n\n<p>Die Umrechnung von Knoten in Meilen pro Stunde ist ganz einfach. Da 1 Knoten ungef\u00e4hr 1,15078 mph entspricht, multiplizieren Sie einfach die Anzahl der Knoten mit 1,15078. <\/p>\n\n<p><strong>Formel:<\/strong> mph = Knoten \u00d7 1,15078<\/p>\n\n<p>Beispiel: Ein Boot, das mit 10 Knoten f\u00e4hrt, w\u00fcrde sich mit: 10 \u00d7 1,15078 = 11,51 mph<\/p>\n\n<h3 class=\"wp-block-heading\">Praktische Anwendung dieser Umrechnungen<\/h3>\n\n<p>Diese Umrechnungen sind besonders n\u00fctzlich f\u00fcr Segler und Piloten, die ihre Geschwindigkeit f\u00fcr die Navigation oder Kommunikation in metrische oder imperiale Einheiten umrechnen m\u00fcssen. Sie sind auch hilfreich f\u00fcr Studenten oder Enthusiasten, die Meteorologie oder Nautik studieren. <\/p>\n\n<h3 class=\"wp-block-heading\">Konvertierungs-Tools<\/h3>\n\n<p>Im heutigen digitalen Zeitalter gibt es eine Vielzahl von Tools, die diese Umrechnungen schnell und einfach machen. Von Online-Rechnern bis hin zu mobilen Apps &#8211; es ist ganz einfach, ein Tool zu finden, das Ihren Bed\u00fcrfnissen entspricht. <\/p>\n","protected":false},"excerpt":{"rendered":"<p>Knoten umrechnen. Unser Rechner hilft Ihnen, zwischen Knoten, km\/h, m\/s und mph umzurechnen. Mit diesem Rechner k\u00f6nnen Sie zwischen Knoten, [&hellip;]<\/p>\n","protected":false},"author":1,"featured_media":0,"parent":1614,"menu_order":0,"comment_status":"closed","ping_status":"closed","template":"kalkulator-side.php","meta":{"site-sidebar-layout":"default","site-content-layout":"default","ast-site-content-layout":"default","site-content-style":"default","site-sidebar-style":"default","ast-global-header-display":"","ast-banner-title-visibility":"","ast-main-header-display":"","ast-hfb-above-header-display":"","ast-hfb-below-header-display":"","ast-hfb-mobile-header-display":"","site-post-title":"","ast-breadcrumbs-content":"","ast-featured-img":"","footer-sml-layout":"","theme-transparent-header-meta":"default","adv-header-id-meta":"","stick-header-meta":"default","header-above-stick-meta":"","header-main-stick-meta":"","header-below-stick-meta":"","astra-migrate-meta-layouts":"default","ast-page-background-enabled":"default","ast-page-background-meta":{"desktop":{"background-color":"var(--ast-global-color-5)","background-image":"","background-repeat":"repeat","background-position":"center center","background-size":"auto","background-attachment":"scroll","background-type":"","background-media":"","overlay-type":"","overlay-color":"","overlay-opacity":"","overlay-gradient":""},"tablet":{"background-color":"","background-image":"","background-repeat":"repeat","background-position":"center center","background-size":"auto","background-attachment":"scroll","background-type":"","background-media":"","overlay-type":"","overlay-color":"","overlay-opacity":"","overlay-gradient":""},"mobile":{"background-color":"","background-image":"","background-repeat":"repeat","background-position":"center center","background-size":"auto","background-attachment":"scroll","background-type":"","background-media":"","overlay-type":"","overlay-color":"","overlay-opacity":"","overlay-gradient":""}},"ast-content-background-meta":{"desktop":{"background-color":"var(--ast-global-color-4)","background-image":"","background-repeat":"repeat","background-position":"center center","background-size":"auto","background-attachment":"scroll","background-type":"","background-media":"","overlay-type":"","overlay-color":"","overlay-opacity":"","overlay-gradient":""},"tablet":{"background-color":"var(--ast-global-color-4)","background-image":"","background-repeat":"repeat","background-position":"center center","background-size":"auto","background-attachment":"scroll","background-type":"","background-media":"","overlay-type":"","overlay-color":"","overlay-opacity":"","overlay-gradient":""},"mobile":{"background-color":"var(--ast-global-color-4)","background-image":"","background-repeat":"repeat","background-position":"center center","background-size":"auto","background-attachment":"scroll","background-type":"","background-media":"","overlay-type":"","overlay-color":"","overlay-opacity":"","overlay-gradient":""}},"footnotes":""},"class_list":["post-1691","page","type-page","status-publish","hentry"],"yoast_head":"<!-- This site is optimized with the Yoast SEO plugin v25.5 - https:\/\/yoast.com\/wordpress\/plugins\/seo\/ -->\n<title>Knoten in mph Konverter - Konvertieren Sie Knoten in km\/h, m\/s, oder mph!<\/title>\n<meta name=\"description\" content=\"Rechnen Sie mit unserem Rechner Knoten in mph um. \ud83d\udea4 Mit diesem Tool k\u00f6nnen Sie einen Wert in Knoten, km\/h oder m\/s eingeben und die entsprechende Geschwindigkeit in den anderen Einheiten berechnen.\" \/>\n<meta name=\"robots\" content=\"index, follow, max-snippet:-1, max-image-preview:large, max-video-preview:-1\" \/>\n<link rel=\"canonical\" href=\"https:\/\/quickpercentcalc.com\/de\/mathematik\/knoten-rechner\/\" \/>\n<meta property=\"og:locale\" content=\"de_DE\" \/>\n<meta property=\"og:type\" content=\"article\" \/>\n<meta property=\"og:title\" content=\"Knoten in mph Konverter - Konvertieren Sie Knoten in km\/h, m\/s, oder mph!\" \/>\n<meta property=\"og:description\" content=\"Rechnen Sie mit unserem Rechner Knoten in mph um. \ud83d\udea4 Mit diesem Tool k\u00f6nnen Sie einen Wert in Knoten, km\/h oder m\/s eingeben und die entsprechende Geschwindigkeit in den anderen Einheiten berechnen.\" \/>\n<meta property=\"og:url\" content=\"https:\/\/quickpercentcalc.com\/de\/mathematik\/knoten-rechner\/\" \/>\n<meta property=\"og:site_name\" content=\"Quick Percent Calculator\" \/>\n<meta property=\"article:modified_time\" content=\"2025-04-07T18:38:19+00:00\" \/>\n<meta name=\"twitter:card\" content=\"summary_large_image\" \/>\n<meta name=\"twitter:label1\" content=\"Gesch\u00e4tzte Lesezeit\" \/>\n\t<meta name=\"twitter:data1\" content=\"1\u00a0Minute\" \/>\n<script type=\"application\/ld+json\" class=\"yoast-schema-graph\">{\"@context\":\"https:\/\/schema.org\",\"@graph\":[{\"@type\":\"WebPage\",\"@id\":\"https:\/\/quickpercentcalc.com\/de\/mathematik\/knoten-rechner\/\",\"url\":\"https:\/\/quickpercentcalc.com\/de\/mathematik\/knoten-rechner\/\",\"name\":\"Knoten in mph Konverter - Konvertieren Sie Knoten in km\/h, m\/s, oder mph!\",\"isPartOf\":{\"@id\":\"https:\/\/quickpercentcalc.com\/de\/#website\"},\"datePublished\":\"2024-01-24T20:41:53+00:00\",\"dateModified\":\"2025-04-07T18:38:19+00:00\",\"description\":\"Rechnen Sie mit unserem Rechner Knoten in mph um. \ud83d\udea4 Mit diesem Tool k\u00f6nnen Sie einen Wert in Knoten, km\/h oder m\/s eingeben und die entsprechende Geschwindigkeit in den anderen Einheiten berechnen.\",\"breadcrumb\":{\"@id\":\"https:\/\/quickpercentcalc.com\/de\/mathematik\/knoten-rechner\/#breadcrumb\"},\"inLanguage\":\"de\",\"potentialAction\":[{\"@type\":\"ReadAction\",\"target\":[\"https:\/\/quickpercentcalc.com\/de\/mathematik\/knoten-rechner\/\"]}]},{\"@type\":\"BreadcrumbList\",\"@id\":\"https:\/\/quickpercentcalc.com\/de\/mathematik\/knoten-rechner\/#breadcrumb\",\"itemListElement\":[{\"@type\":\"ListItem\",\"position\":1,\"name\":\"Home\",\"item\":\"https:\/\/quickpercentcalc.com\/de\/\"},{\"@type\":\"ListItem\",\"position\":2,\"name\":\"Mathematik\",\"item\":\"https:\/\/quickpercentcalc.com\/de\/math\/\"},{\"@type\":\"ListItem\",\"position\":3,\"name\":\"Knoten-Rechner\"}]},{\"@type\":\"WebSite\",\"@id\":\"https:\/\/quickpercentcalc.com\/de\/#website\",\"url\":\"https:\/\/quickpercentcalc.com\/de\/\",\"name\":\"Quick Percent Calculator\",\"description\":\"\",\"potentialAction\":[{\"@type\":\"SearchAction\",\"target\":{\"@type\":\"EntryPoint\",\"urlTemplate\":\"https:\/\/quickpercentcalc.com\/de\/?s={search_term_string}\"},\"query-input\":{\"@type\":\"PropertyValueSpecification\",\"valueRequired\":true,\"valueName\":\"search_term_string\"}}],\"inLanguage\":\"de\"}]}<\/script>\n<!-- \/ Yoast SEO plugin. -->","yoast_head_json":{"title":"Knoten in mph Konverter - Konvertieren Sie Knoten in km\/h, m\/s, oder mph!","description":"Rechnen Sie mit unserem Rechner Knoten in mph um. \ud83d\udea4 Mit diesem Tool k\u00f6nnen Sie einen Wert in Knoten, km\/h oder m\/s eingeben und die entsprechende Geschwindigkeit in den anderen Einheiten berechnen.","robots":{"index":"index","follow":"follow","max-snippet":"max-snippet:-1","max-image-preview":"max-image-preview:large","max-video-preview":"max-video-preview:-1"},"canonical":"https:\/\/quickpercentcalc.com\/de\/mathematik\/knoten-rechner\/","og_locale":"de_DE","og_type":"article","og_title":"Knoten in mph Konverter - Konvertieren Sie Knoten in km\/h, m\/s, oder mph!","og_description":"Rechnen Sie mit unserem Rechner Knoten in mph um. \ud83d\udea4 Mit diesem Tool k\u00f6nnen Sie einen Wert in Knoten, km\/h oder m\/s eingeben und die entsprechende Geschwindigkeit in den anderen Einheiten berechnen.","og_url":"https:\/\/quickpercentcalc.com\/de\/mathematik\/knoten-rechner\/","og_site_name":"Quick Percent Calculator","article_modified_time":"2025-04-07T18:38:19+00:00","twitter_card":"summary_large_image","twitter_misc":{"Gesch\u00e4tzte Lesezeit":"1\u00a0Minute"},"schema":{"@context":"https:\/\/schema.org","@graph":[{"@type":"WebPage","@id":"https:\/\/quickpercentcalc.com\/de\/mathematik\/knoten-rechner\/","url":"https:\/\/quickpercentcalc.com\/de\/mathematik\/knoten-rechner\/","name":"Knoten in mph Konverter - Konvertieren Sie Knoten in km\/h, m\/s, oder mph!","isPartOf":{"@id":"https:\/\/quickpercentcalc.com\/de\/#website"},"datePublished":"2024-01-24T20:41:53+00:00","dateModified":"2025-04-07T18:38:19+00:00","description":"Rechnen Sie mit unserem Rechner Knoten in mph um. \ud83d\udea4 Mit diesem Tool k\u00f6nnen Sie einen Wert in Knoten, km\/h oder m\/s eingeben und die entsprechende Geschwindigkeit in den anderen Einheiten berechnen.","breadcrumb":{"@id":"https:\/\/quickpercentcalc.com\/de\/mathematik\/knoten-rechner\/#breadcrumb"},"inLanguage":"de","potentialAction":[{"@type":"ReadAction","target":["https:\/\/quickpercentcalc.com\/de\/mathematik\/knoten-rechner\/"]}]},{"@type":"BreadcrumbList","@id":"https:\/\/quickpercentcalc.com\/de\/mathematik\/knoten-rechner\/#breadcrumb","itemListElement":[{"@type":"ListItem","position":1,"name":"Home","item":"https:\/\/quickpercentcalc.com\/de\/"},{"@type":"ListItem","position":2,"name":"Mathematik","item":"https:\/\/quickpercentcalc.com\/de\/math\/"},{"@type":"ListItem","position":3,"name":"Knoten-Rechner"}]},{"@type":"WebSite","@id":"https:\/\/quickpercentcalc.com\/de\/#website","url":"https:\/\/quickpercentcalc.com\/de\/","name":"Quick Percent Calculator","description":"","potentialAction":[{"@type":"SearchAction","target":{"@type":"EntryPoint","urlTemplate":"https:\/\/quickpercentcalc.com\/de\/?s={search_term_string}"},"query-input":{"@type":"PropertyValueSpecification","valueRequired":true,"valueName":"search_term_string"}}],"inLanguage":"de"}]}},"_links":{"self":[{"href":"https:\/\/quickpercentcalc.com\/de\/wp-json\/wp\/v2\/pages\/1691","targetHints":{"allow":["GET"]}}],"collection":[{"href":"https:\/\/quickpercentcalc.com\/de\/wp-json\/wp\/v2\/pages"}],"about":[{"href":"https:\/\/quickpercentcalc.com\/de\/wp-json\/wp\/v2\/types\/page"}],"author":[{"embeddable":true,"href":"https:\/\/quickpercentcalc.com\/de\/wp-json\/wp\/v2\/users\/1"}],"replies":[{"embeddable":true,"href":"https:\/\/quickpercentcalc.com\/de\/wp-json\/wp\/v2\/comments?post=1691"}],"version-history":[{"count":1,"href":"https:\/\/quickpercentcalc.com\/de\/wp-json\/wp\/v2\/pages\/1691\/revisions"}],"predecessor-version":[{"id":1692,"href":"https:\/\/quickpercentcalc.com\/de\/wp-json\/wp\/v2\/pages\/1691\/revisions\/1692"}],"up":[{"embeddable":true,"href":"https:\/\/quickpercentcalc.com\/de\/wp-json\/wp\/v2\/pages\/1614"}],"wp:attachment":[{"href":"https:\/\/quickpercentcalc.com\/de\/wp-json\/wp\/v2\/media?parent=1691"}],"curies":[{"name":"wp","href":"https:\/\/api.w.org\/{rel}","templated":true}]}}