{"id":1718,"date":"2021-03-03T08:37:16","date_gmt":"2021-03-03T08:37:16","guid":{"rendered":"https:\/\/quickpercentcalc.com\/statistik\/mittelwert-durchschnitt-rechner\/"},"modified":"2025-04-07T18:46:23","modified_gmt":"2025-04-07T18:46:23","slug":"mittelwert-durchschnitt-rechner","status":"publish","type":"page","link":"https:\/\/quickpercentcalc.com\/de\/statistik\/mittelwert-durchschnitt-rechner\/","title":{"rendered":"Mittelwert (Durchschnitt) Rechner"},"content":{"rendered":"\n<p>Berechnen Sie den Mittelwert. Unser Rechner ermittelt den Mittelwert f\u00fcr Sie. <\/p>\n\n<h2 class=\"wp-block-heading\">Wie man den Mittelwert berechnet<\/h2>\n\n<p>Der Mittelwert kann einfach berechnet werden, indem die Zahlen in der Liste addiert und dann durch die Anzahl der Werte geteilt werden. Dies ist das arithmetische Mittel, auch bekannt als der regul\u00e4re Durchschnitt, und wird durch das Symbol \\(\\bar{x}\\) dargestellt. <\/p>\n\n<p>Der Durchschnitt kann oft durch Ausrei\u00dfer beeintr\u00e4chtigt werden, und in solchen F\u00e4llen ist der <a href=\"https:\/\/quickpercentcalc.com\/statistics\/median\/\">Median<\/a> das bevorzugte Ma\u00df.<\/p>\n\n<p>Um diesen Rechner zu verwenden, trennen Sie jede Zahl mit einem Leerzeichen (Beispiel: 2 5 4 usw.). F\u00fcr Dezimalzahlen k\u00f6nnen Sie entweder ein Komma oder einen Punkt verwenden. Verwenden Sie keine Tausendertrennzeichen oder Buchstaben.  <\/p>\n\n<h2 class=\"wp-block-heading\">Durchschnittliche Formel<\/h2>\n\n<p>Formel f\u00fcr den Durchschnitt, wobei n die Anzahl der Werte ist:<\/p>\n\n<style> .frac { display: inline-block; position: relative; vertical-align: middle; letter-spacing: 0.001em; text-align: center; } .frac > span { display: block; padding: 0.1em; } .frac span.bottom { border-top: thin solid black; } .frac span.symbol { display: none; } <\/style> <div class=\"formel\">  $$\\frac{x_1+x_2+x_3+\\ldots+x_n}{n}$$  <\/div> <br\/><br\/>\n\n<script src=\"https:\/\/ajax.googleapis.com\/ajax\/libs\/jquery\/3.5.1\/jquery.min.js\"><\/script> <script> $(function () { $(\"#regnut\").click(function () { var str = $(\"#tall\").val(); var res = Array.from(str.split(\/[ ]+\/)); for (var i = 0; i < res.length; i++) { res[i] = res[i].replace(\",\", \".\"); res[i] = parseFloat(res[i]); } var total = 0; for (var i = 0; i < res.length; i++) { total += res[i]; } var gjsnitt = total \/ res.length; if (gjsnitt % 1 !== 0) { gjsnitt = gjsnitt.toFixed(4); } else { gjsnitt = gjsnitt.toFixed(); } gjsnitt = gjsnitt.toString(); gjsnitt = gjsnitt.replace(\".\", \",\"); $(\"#resultat\").html(gjsnitt); $(\"#resultatBoks\").css({ \"visibility\": \"initial\" }); }); }); <\/script>\n<label for=\"tall\">Nummernliste (verwenden Sie Leerzeichen zur Trennung der Nummern)<\/label><br\/>\n<textarea type=\"text\" id=\"tall\"><\/textarea>\n<br\/><br\/> <br\/><br\/>\n<input type=\"button\" id=\"regnut\" value=\"Berechnen Sie\"\/> <br\/><br\/> <div id=\"resultatBoks\" style=\"visibility: hidden;\"> <span>Ergebnis:<\/span><br\/> <span id=\"resultat\" class=\"kalkyleResultat\"><\/span> <\/div>\n\n<p><\/p>\n","protected":false},"excerpt":{"rendered":"<p>Berechnen Sie den Mittelwert. Unser Rechner ermittelt den Mittelwert f\u00fcr Sie. Wie man den Mittelwert berechnet Der Mittelwert kann einfach [&hellip;]<\/p>\n","protected":false},"author":1,"featured_media":0,"parent":1705,"menu_order":0,"comment_status":"closed","ping_status":"closed","template":"kalkulator-side.php","meta":{"site-sidebar-layout":"default","site-content-layout":"default","ast-site-content-layout":"default","site-content-style":"default","site-sidebar-style":"default","ast-global-header-display":"","ast-banner-title-visibility":"","ast-main-header-display":"","ast-hfb-above-header-display":"","ast-hfb-below-header-display":"","ast-hfb-mobile-header-display":"","site-post-title":"","ast-breadcrumbs-content":"","ast-featured-img":"","footer-sml-layout":"","theme-transparent-header-meta":"default","adv-header-id-meta":"","stick-header-meta":"default","header-above-stick-meta":"","header-main-stick-meta":"","header-below-stick-meta":"","astra-migrate-meta-layouts":"default","ast-page-background-enabled":"default","ast-page-background-meta":{"desktop":{"background-color":"var(--ast-global-color-5)","background-image":"","background-repeat":"repeat","background-position":"center center","background-size":"auto","background-attachment":"scroll","background-type":"","background-media":"","overlay-type":"","overlay-color":"","overlay-opacity":"","overlay-gradient":""},"tablet":{"background-color":"","background-image":"","background-repeat":"repeat","background-position":"center center","background-size":"auto","background-attachment":"scroll","background-type":"","background-media":"","overlay-type":"","overlay-color":"","overlay-opacity":"","overlay-gradient":""},"mobile":{"background-color":"","background-image":"","background-repeat":"repeat","background-position":"center center","background-size":"auto","background-attachment":"scroll","background-type":"","background-media":"","overlay-type":"","overlay-color":"","overlay-opacity":"","overlay-gradient":""}},"ast-content-background-meta":{"desktop":{"background-color":"var(--ast-global-color-4)","background-image":"","background-repeat":"repeat","background-position":"center center","background-size":"auto","background-attachment":"scroll","background-type":"","background-media":"","overlay-type":"","overlay-color":"","overlay-opacity":"","overlay-gradient":""},"tablet":{"background-color":"var(--ast-global-color-4)","background-image":"","background-repeat":"repeat","background-position":"center center","background-size":"auto","background-attachment":"scroll","background-type":"","background-media":"","overlay-type":"","overlay-color":"","overlay-opacity":"","overlay-gradient":""},"mobile":{"background-color":"var(--ast-global-color-4)","background-image":"","background-repeat":"repeat","background-position":"center center","background-size":"auto","background-attachment":"scroll","background-type":"","background-media":"","overlay-type":"","overlay-color":"","overlay-opacity":"","overlay-gradient":""}},"footnotes":""},"class_list":["post-1718","page","type-page","status-publish","hentry"],"yoast_head":"<!-- This site is optimized with the Yoast SEO plugin v25.5 - https:\/\/yoast.com\/wordpress\/plugins\/seo\/ -->\n<title>Mittelwert-Rechner - Ermitteln Sie den Mittelwert - Quick Percent Calculator<\/title>\n<meta name=\"robots\" content=\"index, follow, max-snippet:-1, max-image-preview:large, max-video-preview:-1\" \/>\n<link rel=\"canonical\" href=\"https:\/\/quickpercentcalc.com\/de\/statistik\/mittelwert-durchschnitt-rechner\/\" \/>\n<meta property=\"og:locale\" content=\"de_DE\" \/>\n<meta property=\"og:type\" content=\"article\" \/>\n<meta property=\"og:title\" content=\"Mittelwert-Rechner - Ermitteln Sie den Mittelwert - Quick Percent Calculator\" \/>\n<meta property=\"og:description\" content=\"Berechnen Sie den Mittelwert. Unser Rechner ermittelt den Mittelwert f\u00fcr Sie. Wie man den Mittelwert berechnet Der Mittelwert kann einfach [&hellip;]\" \/>\n<meta property=\"og:url\" content=\"https:\/\/quickpercentcalc.com\/de\/statistik\/mittelwert-durchschnitt-rechner\/\" \/>\n<meta property=\"og:site_name\" content=\"Quick Percent Calculator\" \/>\n<meta property=\"article:modified_time\" content=\"2025-04-07T18:46:23+00:00\" \/>\n<meta name=\"twitter:card\" content=\"summary_large_image\" \/>\n<meta name=\"twitter:label1\" content=\"Gesch\u00e4tzte Lesezeit\" \/>\n\t<meta name=\"twitter:data1\" content=\"1\u00a0Minute\" \/>\n<script type=\"application\/ld+json\" class=\"yoast-schema-graph\">{\"@context\":\"https:\/\/schema.org\",\"@graph\":[{\"@type\":\"WebPage\",\"@id\":\"https:\/\/quickpercentcalc.com\/de\/statistik\/mittelwert-durchschnitt-rechner\/\",\"url\":\"https:\/\/quickpercentcalc.com\/de\/statistik\/mittelwert-durchschnitt-rechner\/\",\"name\":\"Mittelwert-Rechner - Ermitteln Sie den Mittelwert - Quick Percent Calculator\",\"isPartOf\":{\"@id\":\"https:\/\/quickpercentcalc.com\/de\/#website\"},\"datePublished\":\"2021-03-03T08:37:16+00:00\",\"dateModified\":\"2025-04-07T18:46:23+00:00\",\"breadcrumb\":{\"@id\":\"https:\/\/quickpercentcalc.com\/de\/statistik\/mittelwert-durchschnitt-rechner\/#breadcrumb\"},\"inLanguage\":\"de\",\"potentialAction\":[{\"@type\":\"ReadAction\",\"target\":[\"https:\/\/quickpercentcalc.com\/de\/statistik\/mittelwert-durchschnitt-rechner\/\"]}]},{\"@type\":\"BreadcrumbList\",\"@id\":\"https:\/\/quickpercentcalc.com\/de\/statistik\/mittelwert-durchschnitt-rechner\/#breadcrumb\",\"itemListElement\":[{\"@type\":\"ListItem\",\"position\":1,\"name\":\"Home\",\"item\":\"https:\/\/quickpercentcalc.com\/de\/\"},{\"@type\":\"ListItem\",\"position\":2,\"name\":\"Statistik\",\"item\":\"https:\/\/quickpercentcalc.com\/de\/statistics\/\"},{\"@type\":\"ListItem\",\"position\":3,\"name\":\"Mittelwert (Durchschnitt) Rechner\"}]},{\"@type\":\"WebSite\",\"@id\":\"https:\/\/quickpercentcalc.com\/de\/#website\",\"url\":\"https:\/\/quickpercentcalc.com\/de\/\",\"name\":\"Quick Percent Calculator\",\"description\":\"\",\"potentialAction\":[{\"@type\":\"SearchAction\",\"target\":{\"@type\":\"EntryPoint\",\"urlTemplate\":\"https:\/\/quickpercentcalc.com\/de\/?s={search_term_string}\"},\"query-input\":{\"@type\":\"PropertyValueSpecification\",\"valueRequired\":true,\"valueName\":\"search_term_string\"}}],\"inLanguage\":\"de\"}]}<\/script>\n<!-- \/ Yoast SEO plugin. -->","yoast_head_json":{"title":"Mittelwert-Rechner - Ermitteln Sie den Mittelwert - Quick Percent Calculator","robots":{"index":"index","follow":"follow","max-snippet":"max-snippet:-1","max-image-preview":"max-image-preview:large","max-video-preview":"max-video-preview:-1"},"canonical":"https:\/\/quickpercentcalc.com\/de\/statistik\/mittelwert-durchschnitt-rechner\/","og_locale":"de_DE","og_type":"article","og_title":"Mittelwert-Rechner - Ermitteln Sie den Mittelwert - Quick Percent Calculator","og_description":"Berechnen Sie den Mittelwert. Unser Rechner ermittelt den Mittelwert f\u00fcr Sie. Wie man den Mittelwert berechnet Der Mittelwert kann einfach [&hellip;]","og_url":"https:\/\/quickpercentcalc.com\/de\/statistik\/mittelwert-durchschnitt-rechner\/","og_site_name":"Quick Percent Calculator","article_modified_time":"2025-04-07T18:46:23+00:00","twitter_card":"summary_large_image","twitter_misc":{"Gesch\u00e4tzte Lesezeit":"1\u00a0Minute"},"schema":{"@context":"https:\/\/schema.org","@graph":[{"@type":"WebPage","@id":"https:\/\/quickpercentcalc.com\/de\/statistik\/mittelwert-durchschnitt-rechner\/","url":"https:\/\/quickpercentcalc.com\/de\/statistik\/mittelwert-durchschnitt-rechner\/","name":"Mittelwert-Rechner - Ermitteln Sie den Mittelwert - Quick Percent Calculator","isPartOf":{"@id":"https:\/\/quickpercentcalc.com\/de\/#website"},"datePublished":"2021-03-03T08:37:16+00:00","dateModified":"2025-04-07T18:46:23+00:00","breadcrumb":{"@id":"https:\/\/quickpercentcalc.com\/de\/statistik\/mittelwert-durchschnitt-rechner\/#breadcrumb"},"inLanguage":"de","potentialAction":[{"@type":"ReadAction","target":["https:\/\/quickpercentcalc.com\/de\/statistik\/mittelwert-durchschnitt-rechner\/"]}]},{"@type":"BreadcrumbList","@id":"https:\/\/quickpercentcalc.com\/de\/statistik\/mittelwert-durchschnitt-rechner\/#breadcrumb","itemListElement":[{"@type":"ListItem","position":1,"name":"Home","item":"https:\/\/quickpercentcalc.com\/de\/"},{"@type":"ListItem","position":2,"name":"Statistik","item":"https:\/\/quickpercentcalc.com\/de\/statistics\/"},{"@type":"ListItem","position":3,"name":"Mittelwert (Durchschnitt) Rechner"}]},{"@type":"WebSite","@id":"https:\/\/quickpercentcalc.com\/de\/#website","url":"https:\/\/quickpercentcalc.com\/de\/","name":"Quick Percent Calculator","description":"","potentialAction":[{"@type":"SearchAction","target":{"@type":"EntryPoint","urlTemplate":"https:\/\/quickpercentcalc.com\/de\/?s={search_term_string}"},"query-input":{"@type":"PropertyValueSpecification","valueRequired":true,"valueName":"search_term_string"}}],"inLanguage":"de"}]}},"_links":{"self":[{"href":"https:\/\/quickpercentcalc.com\/de\/wp-json\/wp\/v2\/pages\/1718","targetHints":{"allow":["GET"]}}],"collection":[{"href":"https:\/\/quickpercentcalc.com\/de\/wp-json\/wp\/v2\/pages"}],"about":[{"href":"https:\/\/quickpercentcalc.com\/de\/wp-json\/wp\/v2\/types\/page"}],"author":[{"embeddable":true,"href":"https:\/\/quickpercentcalc.com\/de\/wp-json\/wp\/v2\/users\/1"}],"replies":[{"embeddable":true,"href":"https:\/\/quickpercentcalc.com\/de\/wp-json\/wp\/v2\/comments?post=1718"}],"version-history":[{"count":1,"href":"https:\/\/quickpercentcalc.com\/de\/wp-json\/wp\/v2\/pages\/1718\/revisions"}],"predecessor-version":[{"id":1719,"href":"https:\/\/quickpercentcalc.com\/de\/wp-json\/wp\/v2\/pages\/1718\/revisions\/1719"}],"up":[{"embeddable":true,"href":"https:\/\/quickpercentcalc.com\/de\/wp-json\/wp\/v2\/pages\/1705"}],"wp:attachment":[{"href":"https:\/\/quickpercentcalc.com\/de\/wp-json\/wp\/v2\/media?parent=1718"}],"curies":[{"name":"wp","href":"https:\/\/api.w.org\/{rel}","templated":true}]}}