{"id":1804,"date":"2024-01-20T12:06:42","date_gmt":"2024-01-20T12:06:42","guid":{"rendered":"https:\/\/quickpercentcalc.com\/sonstiges\/marathon-rechner\/"},"modified":"2025-04-07T18:56:15","modified_gmt":"2025-04-07T18:56:15","slug":"marathon-rechner","status":"publish","type":"page","link":"https:\/\/quickpercentcalc.com\/de\/sonstiges\/marathon-rechner\/","title":{"rendered":"Marathon-Rechner"},"content":{"rendered":"\n<p>Berechnen Sie Ihre Marathonzeit! Unser Laufrechner nimmt Ihre gew\u00fcnschte Zeit oder Geschwindigkeit und errechnet Tempo\/Zeit f\u00fcr Sie! <\/p>\n\n<p>Sehen Sie sich auch unseren<a href=\"https:\/\/quickpercentcalc.com\/misc\/1rm-strength-calculator\/\"> 1RM-Kraft-Rechner an!<\/a><\/p>\n\n<h2 class=\"wp-block-heading\">Laufender Rechner<\/h2>\n\n<p>Geben Sie ein, wie weit Sie \u00fcber eine bestimmte Distanz laufen, und der Rechner zeigt Ihnen das Tempo pro km, 5 km, 10 km, Halbmarathon, Vollmarathon und 50 km an.<\/p>\n\n   <!-- script remains unchanged; it's logic, not language -->   <label for=\"timer\">Stunden<\/label> <input type=\"number\" id=\"timer\" min=\"0\"\/> <br\/><br\/> <label for=\"minutter\">Protokoll<\/label> <input type=\"number\" id=\"minutter\" min=\"0\"\/> <br\/><br\/> <label for=\"sekunder\">Sekunden<\/label> <input type=\"number\" id=\"sekunder\" min=\"0\"\/> <br\/><br\/> <label for=\"distanse\">Entfernung (Kilometer)<\/label> <input type=\"number\" id=\"distanse\" min=\"0\"\/> <br\/><br\/><input type=\"button\" id=\"regnut\" value=\"Berechnen Sie\" onclick=\"regnUt()\"\/>\n<br\/><br\/><div id=\"resultatBoks\" style=\"visibility: hidden;\">\n    <span>Ergebnisse:<\/span><br\/>    <span id=\"resultat\" class=\"maratonResultat\"><\/span>\n<\/div>\n\n \n\n<h2 class=\"wp-block-heading\">Wie lang ist ein Marathon?<\/h2>\n\n<p>Ein Marathon ist 42,195 Kilometer lang, was 42.195 Metern entspricht.<\/p>\n\n<p>Diese beeindruckende Distanz geht auf die Olympischen Spiele 1908 in London zur\u00fcck. Damals f\u00fcgten die Organisatoren eine zus\u00e4tzliche Strecke von 385 Metern hinzu, um sicherzustellen, dass das Rennen am Schloss Windsor beginnt und vor der britischen K\u00f6nigsfamilie im Buckingham Palace endet. Seitdem ist diese Distanz weltweit als offizielle Marathondistanz standardisiert. <\/p>\n\n<h2 class=\"wp-block-heading\">Was ist ein Halbmarathon?<\/h2>\n\n<p>Ein Halbmarathon ist ein 21,1-Kilometer-Lauf, der genau halb so lang ist wie ein voller Marathon. Dieses Format bietet eine einzigartige Mischung aus Ausdauer und Geschwindigkeit, was es zu einer attraktiven Distanz f\u00fcr eine Vielzahl von L\u00e4ufern macht. Viele nutzen den Halbmarathon als Sprungbrett in Richtung eines vollen Marathons, w\u00e4hrend andere ihn als Hauptlaufdistanz bevorzugen.  <\/p>\n\n<p>Ein Halbmarathon ist mehr als nur ein Rennen; er ist eine Reise. Mit der richtigen Vorbereitung und Einstellung kann jeder den Nervenkitzel genie\u00dfen, nach 21,1 anspruchsvollen und lohnenden Kilometern die Ziellinie zu \u00fcberqueren. <\/p>\n\n<h2 class=\"wp-block-heading\">Marathon-Trainingsplan<\/h2>\n\n<p>Ein gut strukturierter Marathon-Trainingsplan ist unerl\u00e4sslich, um sich auf eine der anspruchsvollsten Laufherausforderungen vorzubereiten &#8211; den Marathon. Egal, ob Sie ein erfahrener L\u00e4ufer oder ein Anf\u00e4nger sind, ein gezielter Trainingsplan bietet Richtlinien f\u00fcr den Aufbau von Ausdauer, Kraft und Leistung, die Sie ben\u00f6tigen, um die legend\u00e4re Distanz von 42,195 km zu bew\u00e4ltigen. <\/p>\n\n<p>Wenn Sie davon tr\u00e4umen, einen Marathon zu absolvieren, ist es wichtig, einen strukturierten Trainingsplan zu haben. Dieses Marathontrainingsprogramm ist sowohl f\u00fcr Anf\u00e4nger als auch f\u00fcr erfahrene L\u00e4ufer geeignet, die ihre Ziele erreichen wollen. Nachfolgend finden Sie eine w\u00f6chentliche \u00dcbersicht \u00fcber die Trainingseinheiten:  <\/p>\n\n<p><strong>Woche 1-4: Aufbau der Basisausdauer<\/strong><\/p>\n\n<ul class=\"wp-block-list\">\n<li><strong>Montag:<\/strong> 45 Minuten leichtes Laufen<\/li>\n\n\n\n<li><strong>Mittwoch:<\/strong> 30 Minuten Laufen mit Fokus auf die Technik<\/li>\n\n\n\n<li><strong>Freitag:<\/strong> 60 Minuten langsames Laufen<\/li>\n\n\n\n<li><strong>Sonntag:<\/strong> 90 Minuten langsames Laufen<\/li>\n<\/ul>\n\n<p><strong>Woche 5-8: Vergr\u00f6\u00dferung der Entfernung<\/strong><\/p>\n\n<ul class=\"wp-block-list\">\n<li><strong>Montag:<\/strong> 45 Minuten leichtes Laufen<\/li>\n\n\n\n<li><strong>Mittwoch:<\/strong> 40 Minuten Laufen mit Fokus auf das Tempo<\/li>\n\n\n\n<li><strong>Freitag:<\/strong> 75 Minuten langsames Laufen<\/li>\n\n\n\n<li><strong>Sonntag:<\/strong> 2 Stunden langsames Laufen<\/li>\n<\/ul>\n\n<p><strong>Woche 9-12: Ausdauer und Geschwindigkeit aufbauen<\/strong><\/p>\n\n<ul class=\"wp-block-list\">\n<li><strong>Montag:<\/strong> 45 Minuten Laufen mit einigen Sprintintervallen<\/li>\n\n\n\n<li><strong>Mittwoch:<\/strong> 50 Minuten Laufen mit erh\u00f6htem Tempo<\/li>\n\n\n\n<li><strong>Freitag:<\/strong> 90 Minuten langsames Laufen<\/li>\n\n\n\n<li><strong>Sonntag:<\/strong> 2,5 Stunden langsames Laufen<\/li>\n<\/ul>\n\n<p><strong>Woche 13-16: Spezifische Marathonvorbereitung<\/strong><\/p>\n\n<ul class=\"wp-block-list\">\n<li><strong>Montag:<\/strong> 45 Minuten Laufen mit Geschwindigkeitstraining<\/li>\n\n\n\n<li><strong>Mittwoch:<\/strong> 60 Minuten Laufen mit langen Tempol\u00e4ufen<\/li>\n\n\n\n<li><strong>Freitag:<\/strong> 100 Minuten langsames Laufen<\/li>\n\n\n\n<li><strong>Sonntag:<\/strong> 3 Stunden langsames Laufen<\/li>\n<\/ul>\n\n<p><strong>Woche 17-20: Tapering und Erholung<\/strong><\/p>\n\n<ul class=\"wp-block-list\">\n<li><strong>Montag:<\/strong> 45 Minuten leichtes Laufen<\/li>\n\n\n\n<li><strong>Mittwoch:<\/strong> 40 Minuten leichtes Laufen<\/li>\n\n\n\n<li><strong>Freitag:<\/strong> 30 Minuten leichtes Laufen<\/li>\n\n\n\n<li><strong>Sonntag:<\/strong> Marathonlauf!<\/li>\n<\/ul>\n\n<p>Achten Sie darauf, dass Sie w\u00e4hrend des Programms auch Kraft- und Dehnungs\u00fcbungen durchf\u00fchren, um Verletzungen vorzubeugen und Ihre Laufform zu verbessern.<\/p>\n\n<p>Wenn Sie dieses Marathon-Trainingsprogramm befolgen und es mit der richtigen Ern\u00e4hrung und ausreichender Erholung kombinieren, sind Sie gut ger\u00fcstet, um die Ziellinie bei Ihrem bevorstehenden Marathon zu \u00fcberqueren. Viel Gl\u00fcck beim Training und viel Spa\u00df auf dem Weg zu Ihren Zielen beim Laufen! <\/p>\n","protected":false},"excerpt":{"rendered":"<p>Berechnen Sie Ihre Marathonzeit! Unser Laufrechner nimmt Ihre gew\u00fcnschte Zeit oder Geschwindigkeit und errechnet Tempo\/Zeit f\u00fcr Sie! Sehen Sie sich [&hellip;]<\/p>\n","protected":false},"author":1,"featured_media":0,"parent":1773,"menu_order":0,"comment_status":"closed","ping_status":"closed","template":"kalkulator-side.php","meta":{"site-sidebar-layout":"default","site-content-layout":"default","ast-site-content-layout":"default","site-content-style":"default","site-sidebar-style":"default","ast-global-header-display":"","ast-banner-title-visibility":"","ast-main-header-display":"","ast-hfb-above-header-display":"","ast-hfb-below-header-display":"","ast-hfb-mobile-header-display":"","site-post-title":"","ast-breadcrumbs-content":"","ast-featured-img":"","footer-sml-layout":"","theme-transparent-header-meta":"default","adv-header-id-meta":"","stick-header-meta":"default","header-above-stick-meta":"","header-main-stick-meta":"","header-below-stick-meta":"","astra-migrate-meta-layouts":"default","ast-page-background-enabled":"default","ast-page-background-meta":{"desktop":{"background-color":"var(--ast-global-color-5)","background-image":"","background-repeat":"repeat","background-position":"center center","background-size":"auto","background-attachment":"scroll","background-type":"","background-media":"","overlay-type":"","overlay-color":"","overlay-opacity":"","overlay-gradient":""},"tablet":{"background-color":"","background-image":"","background-repeat":"repeat","background-position":"center center","background-size":"auto","background-attachment":"scroll","background-type":"","background-media":"","overlay-type":"","overlay-color":"","overlay-opacity":"","overlay-gradient":""},"mobile":{"background-color":"","background-image":"","background-repeat":"repeat","background-position":"center center","background-size":"auto","background-attachment":"scroll","background-type":"","background-media":"","overlay-type":"","overlay-color":"","overlay-opacity":"","overlay-gradient":""}},"ast-content-background-meta":{"desktop":{"background-color":"var(--ast-global-color-4)","background-image":"","background-repeat":"repeat","background-position":"center center","background-size":"auto","background-attachment":"scroll","background-type":"","background-media":"","overlay-type":"","overlay-color":"","overlay-opacity":"","overlay-gradient":""},"tablet":{"background-color":"var(--ast-global-color-4)","background-image":"","background-repeat":"repeat","background-position":"center center","background-size":"auto","background-attachment":"scroll","background-type":"","background-media":"","overlay-type":"","overlay-color":"","overlay-opacity":"","overlay-gradient":""},"mobile":{"background-color":"var(--ast-global-color-4)","background-image":"","background-repeat":"repeat","background-position":"center center","background-size":"auto","background-attachment":"scroll","background-type":"","background-media":"","overlay-type":"","overlay-color":"","overlay-opacity":"","overlay-gradient":""}},"footnotes":""},"class_list":["post-1804","page","type-page","status-publish","hentry"],"yoast_head":"<!-- This site is optimized with the Yoast SEO plugin v25.5 - https:\/\/yoast.com\/wordpress\/plugins\/seo\/ -->\n<title>Lauf-Rechner - Marathon-Rechner - Finden Sie Ihr Tempo<\/title>\n<meta name=\"description\" content=\"Unser Laufrechner hilft Ihnen, Ihre optimale Marathonzeit zu finden.\" \/>\n<meta name=\"robots\" content=\"index, follow, max-snippet:-1, max-image-preview:large, max-video-preview:-1\" \/>\n<link rel=\"canonical\" href=\"https:\/\/quickpercentcalc.com\/de\/sonstiges\/marathon-rechner\/\" \/>\n<meta property=\"og:locale\" content=\"de_DE\" \/>\n<meta property=\"og:type\" content=\"article\" \/>\n<meta property=\"og:title\" content=\"Lauf-Rechner - Marathon-Rechner - Finden Sie Ihr Tempo\" \/>\n<meta property=\"og:description\" content=\"Unser Laufrechner hilft Ihnen, Ihre optimale Marathonzeit zu finden.\" \/>\n<meta property=\"og:url\" content=\"https:\/\/quickpercentcalc.com\/de\/sonstiges\/marathon-rechner\/\" \/>\n<meta property=\"og:site_name\" content=\"Quick Percent Calculator\" \/>\n<meta property=\"article:modified_time\" content=\"2025-04-07T18:56:15+00:00\" \/>\n<meta name=\"twitter:card\" content=\"summary_large_image\" \/>\n<meta name=\"twitter:label1\" content=\"Gesch\u00e4tzte Lesezeit\" \/>\n\t<meta name=\"twitter:data1\" content=\"3\u00a0Minuten\" \/>\n<script type=\"application\/ld+json\" class=\"yoast-schema-graph\">{\"@context\":\"https:\/\/schema.org\",\"@graph\":[{\"@type\":\"WebPage\",\"@id\":\"https:\/\/quickpercentcalc.com\/de\/sonstiges\/marathon-rechner\/\",\"url\":\"https:\/\/quickpercentcalc.com\/de\/sonstiges\/marathon-rechner\/\",\"name\":\"Lauf-Rechner - Marathon-Rechner - Finden Sie Ihr Tempo\",\"isPartOf\":{\"@id\":\"https:\/\/quickpercentcalc.com\/de\/#website\"},\"datePublished\":\"2024-01-20T12:06:42+00:00\",\"dateModified\":\"2025-04-07T18:56:15+00:00\",\"description\":\"Unser Laufrechner hilft Ihnen, Ihre optimale Marathonzeit zu finden.\",\"breadcrumb\":{\"@id\":\"https:\/\/quickpercentcalc.com\/de\/sonstiges\/marathon-rechner\/#breadcrumb\"},\"inLanguage\":\"de\",\"potentialAction\":[{\"@type\":\"ReadAction\",\"target\":[\"https:\/\/quickpercentcalc.com\/de\/sonstiges\/marathon-rechner\/\"]}]},{\"@type\":\"BreadcrumbList\",\"@id\":\"https:\/\/quickpercentcalc.com\/de\/sonstiges\/marathon-rechner\/#breadcrumb\",\"itemListElement\":[{\"@type\":\"ListItem\",\"position\":1,\"name\":\"Home\",\"item\":\"https:\/\/quickpercentcalc.com\/de\/\"},{\"@type\":\"ListItem\",\"position\":2,\"name\":\"Sonstiges\",\"item\":\"https:\/\/quickpercentcalc.com\/de\/misc\/\"},{\"@type\":\"ListItem\",\"position\":3,\"name\":\"Marathon-Rechner\"}]},{\"@type\":\"WebSite\",\"@id\":\"https:\/\/quickpercentcalc.com\/de\/#website\",\"url\":\"https:\/\/quickpercentcalc.com\/de\/\",\"name\":\"Quick Percent Calculator\",\"description\":\"\",\"potentialAction\":[{\"@type\":\"SearchAction\",\"target\":{\"@type\":\"EntryPoint\",\"urlTemplate\":\"https:\/\/quickpercentcalc.com\/de\/?s={search_term_string}\"},\"query-input\":{\"@type\":\"PropertyValueSpecification\",\"valueRequired\":true,\"valueName\":\"search_term_string\"}}],\"inLanguage\":\"de\"}]}<\/script>\n<!-- \/ Yoast SEO plugin. -->","yoast_head_json":{"title":"Lauf-Rechner - Marathon-Rechner - Finden Sie Ihr Tempo","description":"Unser Laufrechner hilft Ihnen, Ihre optimale Marathonzeit zu finden.","robots":{"index":"index","follow":"follow","max-snippet":"max-snippet:-1","max-image-preview":"max-image-preview:large","max-video-preview":"max-video-preview:-1"},"canonical":"https:\/\/quickpercentcalc.com\/de\/sonstiges\/marathon-rechner\/","og_locale":"de_DE","og_type":"article","og_title":"Lauf-Rechner - Marathon-Rechner - Finden Sie Ihr Tempo","og_description":"Unser Laufrechner hilft Ihnen, Ihre optimale Marathonzeit zu finden.","og_url":"https:\/\/quickpercentcalc.com\/de\/sonstiges\/marathon-rechner\/","og_site_name":"Quick Percent Calculator","article_modified_time":"2025-04-07T18:56:15+00:00","twitter_card":"summary_large_image","twitter_misc":{"Gesch\u00e4tzte Lesezeit":"3\u00a0Minuten"},"schema":{"@context":"https:\/\/schema.org","@graph":[{"@type":"WebPage","@id":"https:\/\/quickpercentcalc.com\/de\/sonstiges\/marathon-rechner\/","url":"https:\/\/quickpercentcalc.com\/de\/sonstiges\/marathon-rechner\/","name":"Lauf-Rechner - Marathon-Rechner - Finden Sie Ihr Tempo","isPartOf":{"@id":"https:\/\/quickpercentcalc.com\/de\/#website"},"datePublished":"2024-01-20T12:06:42+00:00","dateModified":"2025-04-07T18:56:15+00:00","description":"Unser Laufrechner hilft Ihnen, Ihre optimale Marathonzeit zu finden.","breadcrumb":{"@id":"https:\/\/quickpercentcalc.com\/de\/sonstiges\/marathon-rechner\/#breadcrumb"},"inLanguage":"de","potentialAction":[{"@type":"ReadAction","target":["https:\/\/quickpercentcalc.com\/de\/sonstiges\/marathon-rechner\/"]}]},{"@type":"BreadcrumbList","@id":"https:\/\/quickpercentcalc.com\/de\/sonstiges\/marathon-rechner\/#breadcrumb","itemListElement":[{"@type":"ListItem","position":1,"name":"Home","item":"https:\/\/quickpercentcalc.com\/de\/"},{"@type":"ListItem","position":2,"name":"Sonstiges","item":"https:\/\/quickpercentcalc.com\/de\/misc\/"},{"@type":"ListItem","position":3,"name":"Marathon-Rechner"}]},{"@type":"WebSite","@id":"https:\/\/quickpercentcalc.com\/de\/#website","url":"https:\/\/quickpercentcalc.com\/de\/","name":"Quick Percent Calculator","description":"","potentialAction":[{"@type":"SearchAction","target":{"@type":"EntryPoint","urlTemplate":"https:\/\/quickpercentcalc.com\/de\/?s={search_term_string}"},"query-input":{"@type":"PropertyValueSpecification","valueRequired":true,"valueName":"search_term_string"}}],"inLanguage":"de"}]}},"_links":{"self":[{"href":"https:\/\/quickpercentcalc.com\/de\/wp-json\/wp\/v2\/pages\/1804","targetHints":{"allow":["GET"]}}],"collection":[{"href":"https:\/\/quickpercentcalc.com\/de\/wp-json\/wp\/v2\/pages"}],"about":[{"href":"https:\/\/quickpercentcalc.com\/de\/wp-json\/wp\/v2\/types\/page"}],"author":[{"embeddable":true,"href":"https:\/\/quickpercentcalc.com\/de\/wp-json\/wp\/v2\/users\/1"}],"replies":[{"embeddable":true,"href":"https:\/\/quickpercentcalc.com\/de\/wp-json\/wp\/v2\/comments?post=1804"}],"version-history":[{"count":1,"href":"https:\/\/quickpercentcalc.com\/de\/wp-json\/wp\/v2\/pages\/1804\/revisions"}],"predecessor-version":[{"id":1805,"href":"https:\/\/quickpercentcalc.com\/de\/wp-json\/wp\/v2\/pages\/1804\/revisions\/1805"}],"up":[{"embeddable":true,"href":"https:\/\/quickpercentcalc.com\/de\/wp-json\/wp\/v2\/pages\/1773"}],"wp:attachment":[{"href":"https:\/\/quickpercentcalc.com\/de\/wp-json\/wp\/v2\/media?parent=1804"}],"curies":[{"name":"wp","href":"https:\/\/api.w.org\/{rel}","templated":true}]}}