{"id":1923,"date":"2024-01-16T21:03:36","date_gmt":"2024-01-16T21:03:36","guid":{"rendered":"https:\/\/quickpercentcalc.com\/sonstiges\/watt-rechner\/"},"modified":"2025-04-08T15:13:34","modified_gmt":"2025-04-08T15:13:34","slug":"watt-rechner","status":"publish","type":"page","link":"https:\/\/quickpercentcalc.com\/de\/sonstiges\/watt-rechner\/","title":{"rendered":"Watt-Rechner"},"content":{"rendered":"\n<p>Berechnen Sie Ampere, Volt und Watt. Unser Rechner hilft Ihnen bei der Berechnung von Ampere, Volt und Watt. <\/p>\n\n<h2 class=\"wp-block-heading\">Wie man Ampere und Volt in Watt umrechnet<\/h2>\n\n<p>Die Berechnung von Ampere, Volt und Watt ist relativ einfach, da die drei Messungen eng miteinander verbunden sind.<\/p>\n\n<p><strong>Watt = Ampere x Volt<\/strong><\/p>\n\n<p>Wie wir sehen k\u00f6nnen, multiplizieren Sie Ampere und Volt, um Watt zu erhalten. Wir k\u00f6nnen die Formel auch umstellen, um entweder Ampere oder Volt zu erhalten: <\/p>\n\n<p><strong>Ampere = Watt \/ Volt<\/strong><\/p>\n\n<p><strong>Volt = Watt \/ Ampere<\/strong><\/p>\n\n<script>\n    function regnUtWatt(){\n        var volt = parseFloat(document.getElementById(\"volt\").value.replace(\/,\/g, \".\")) || 0;\n        var ampere = parseFloat(document.getElementById(\"ampere\").value.replace(\/,\/g, \".\")) || 0;\n\n        \/\/ Calculation: watt = volt * ampere\n        var watt = volt * ampere;\n\n        if (!isNaN(watt)) {\n            document.getElementById(\"resultatWatt\").innerHTML = \"Power (Watts): \" + watt.toString() + \" W\";\n            document.getElementById(\"resultatBoksWatt\").style.visibility = \"initial\";\n        }\n    }\n\n    function regnUtAmpere(){\n        var watt = parseFloat(document.getElementById(\"watt\").value.replace(\/,\/g, \".\")) || 0;\n        var volt = parseFloat(document.getElementById(\"voltAmpere\").value.replace(\/,\/g, \".\")) || 0;\n\n        \/\/ Calculation: ampere = watt \/ volt\n        var ampere = watt \/ volt;\n\n        if (!isNaN(ampere)) {\n            document.getElementById(\"resultatAmpere\").innerHTML = \"Current (Amps): \" + ampere.toString() + \" A\";\n            document.getElementById(\"resultatBoksAmpere\").style.visibility = \"initial\";\n        }\n    }\n\n    function regnUtVolt(){\n        var watt = parseFloat(document.getElementById(\"wattVolt\").value.replace(\/,\/g, \".\")) || 0;\n        var ampere = parseFloat(document.getElementById(\"ampereVolt\").value.replace(\/,\/g, \".\")) || 0;\n\n        \/\/ Calculation: volt = watt \/ ampere\n        var volt = watt \/ ampere;\n\n        if (!isNaN(volt)) {\n            document.getElementById(\"resultatVolt\").innerHTML = \"Voltage (Volts): \" + volt.toString() + \" V\";\n            document.getElementById(\"resultatBoksVolt\").style.visibility = \"initial\";\n        }\n    }\n<\/script>\n\n<!-- Calculator for Watts -->\n<h2>Watt-Rechner<\/h2>\n<label for=\"volt\">Spannung (Volt)<\/label><br\/><input type=\"number\" id=\"volt\" min=\"0\"\/>\n<br\/><br\/>\n<label for=\"ampere\">Stromst\u00e4rke (Ampere)<\/label><br\/><input type=\"number\" id=\"ampere\" min=\"0\"\/>\n<br\/><br\/>\n<input type=\"button\" id=\"regnutWatt\" value=\"Berechnen Sie\" onclick=\"regnUtWatt()\"\/>\n<br\/><br\/>\n<div id=\"resultatBoksWatt\" style=\"visibility: hidden;\">\n    <span>Ergebnis:<\/span><br\/>    <span id=\"resultatWatt\" class=\"kalkyleResultat\"><\/span>    \n<\/div>\n<br\/><br\/>\n<!-- Calculator for Amps -->\n<h2>Ampere-Rechner<\/h2>\n<label for=\"watt\">Leistung (Watt)<\/label><br\/><input type=\"number\" id=\"watt\" min=\"0\"\/>\n<br\/><br\/>\n<label for=\"voltAmpere\">Spannung (Volt)<\/label><br\/><input type=\"number\" id=\"voltAmpere\" min=\"0\"\/>\n<br\/><br\/>\n<input type=\"button\" id=\"regnutAmpere\" value=\"Berechnen Sie\" onclick=\"regnUtAmpere()\"\/>\n<br\/><br\/>\n<div id=\"resultatBoksAmpere\" style=\"visibility: hidden;\">\n    <span>Ergebnis:<\/span><br\/>    <span id=\"resultatAmpere\" class=\"kalkyleResultat\"><\/span>    \n<\/div>\n<br\/><br\/>\n<!-- Calculator for Volts -->\n<h2>Spannungsberechnung<\/h2>\n<label for=\"wattVolt\">Leistung (Watt)<\/label><br\/><input type=\"number\" id=\"wattVolt\" min=\"0\"\/>\n<br\/><br\/>\n<label for=\"ampereVolt\">Stromst\u00e4rke (Ampere)<\/label><br\/><input type=\"number\" id=\"ampereVolt\" min=\"0\"\/>\n<br\/><br\/>\n<input type=\"button\" id=\"regnutVolt\" value=\"Berechnen Sie\" onclick=\"regnUtVolt()\"\/>\n<br\/><br\/>\n<div id=\"resultatBoksVolt\" style=\"visibility: hidden;\">\n    <span>Ergebnis:<\/span><br\/>    <span id=\"resultatVolt\" class=\"kalkyleResultat\"><\/span>    \n<\/div>\n\n<h2 class=\"wp-block-heading\">Was sind Ampere und Volt?<\/h2>\n\n<p>Ampere und Volt sind grundlegende Einheiten in der Elektrotechnik, die eine zentrale Rolle beim Verst\u00e4ndnis von elektrischem Strom und Spannung spielen. <strong>Ampere<\/strong>, oft einfach &#8222;Amp&#8220; genannt, messen den elektrischen Strom und geben an, wie viele Elektronen pro Sekunde durch einen Leiter flie\u00dfen. Dieses Konzept ist besonders wichtig, wenn es darum geht, den Stromverbrauch und die Kapazit\u00e4t von elektrischen Ger\u00e4ten zu beurteilen. <strong>Volt<\/strong> hingegen misst das elektrische Potenzial. Es zeigt an, wie viel Kraft zur Verf\u00fcgung steht, um den Strom durch einen Stromkreis zu treiben. Zusammen ergeben Ampere und Volt ein vollst\u00e4ndiges Bild der elektrischen Leistung, was f\u00fcr das Verst\u00e4ndnis der Funktionsweise verschiedener Ger\u00e4te und Systeme entscheidend ist.    <\/p>\n\n<h2 class=\"wp-block-heading\">Umrechnung von Ampere in Watt<\/h2>\n\n<p>Die Umrechnung von <strong>Ampere in Watt<\/strong> ist bei vielen elektrischen Anwendungen eine wichtige Berechnung. Watt ist eine Einheit der Leistung und gibt an, wie viel Energie im Laufe der Zeit verbraucht oder erzeugt wird. Um Ampere (Strom) in Watt (Leistung) umzurechnen, m\u00fcssen Sie die Spannung (gemessen in Volt) im Stromkreis kennen. Die Grundformel lautet: <strong>Watt = Ampere x Volt<\/strong>.   <\/p>\n\n<h2 class=\"wp-block-heading\">Was bedeutet Volt-Ampere?<\/h2>\n\n<p>Der Begriff <strong>Volt-Ampere<\/strong> ist auch wichtig, wenn es um elektrische Leistung geht. W\u00e4hrend Watt f\u00fcr die tats\u00e4chlich in einem Stromkreis verbrauchte Leistung steht, beziehen sich Volt-Ampere auf die &#8218;Scheinleistung&#8216;, oft im Zusammenhang mit Wechselstromkreisen. Diese Unterscheidung ist entscheidend f\u00fcr das Verst\u00e4ndnis elektrischer Systeme, insbesondere im Hinblick auf die Planung von Last und Kapazit\u00e4t.  <\/p>\n\n<h2 class=\"wp-block-heading\">Was sind Amperestunden?<\/h2>\n\n<p><strong>Amperestunden<\/strong> ist ein weiteres Schl\u00fcsselkonzept in der Welt der Elektrizit\u00e4t. Er misst die Menge an elektrischer Ladung, die innerhalb eines bestimmten Zeitraums durch ein Bauteil flie\u00dft. Dieses Konzept ist besonders wichtig f\u00fcr Batterien und Energiespeichersysteme, da es ein Ma\u00df f\u00fcr die Kapazit\u00e4t der Batterie ist &#8211; oder wie lange sie einen bestimmten Strom liefern kann, bevor sie wieder aufgeladen werden muss. Eine Amperestunde bedeutet, dass 1 Ampere eine Stunde lang durch ein Bauteil flie\u00dft.   <\/p>\n","protected":false},"excerpt":{"rendered":"<p>Berechnen Sie Ampere, Volt und Watt. Unser Rechner hilft Ihnen bei der Berechnung von Ampere, Volt und Watt. Wie man [&hellip;]<\/p>\n","protected":false},"author":1,"featured_media":0,"parent":1773,"menu_order":0,"comment_status":"closed","ping_status":"closed","template":"kalkulator-side.php","meta":{"site-sidebar-layout":"default","site-content-layout":"default","ast-site-content-layout":"default","site-content-style":"default","site-sidebar-style":"default","ast-global-header-display":"","ast-banner-title-visibility":"","ast-main-header-display":"","ast-hfb-above-header-display":"","ast-hfb-below-header-display":"","ast-hfb-mobile-header-display":"","site-post-title":"","ast-breadcrumbs-content":"","ast-featured-img":"","footer-sml-layout":"","theme-transparent-header-meta":"default","adv-header-id-meta":"","stick-header-meta":"default","header-above-stick-meta":"","header-main-stick-meta":"","header-below-stick-meta":"","astra-migrate-meta-layouts":"default","ast-page-background-enabled":"default","ast-page-background-meta":{"desktop":{"background-color":"var(--ast-global-color-5)","background-image":"","background-repeat":"repeat","background-position":"center center","background-size":"auto","background-attachment":"scroll","background-type":"","background-media":"","overlay-type":"","overlay-color":"","overlay-opacity":"","overlay-gradient":""},"tablet":{"background-color":"","background-image":"","background-repeat":"repeat","background-position":"center center","background-size":"auto","background-attachment":"scroll","background-type":"","background-media":"","overlay-type":"","overlay-color":"","overlay-opacity":"","overlay-gradient":""},"mobile":{"background-color":"","background-image":"","background-repeat":"repeat","background-position":"center center","background-size":"auto","background-attachment":"scroll","background-type":"","background-media":"","overlay-type":"","overlay-color":"","overlay-opacity":"","overlay-gradient":""}},"ast-content-background-meta":{"desktop":{"background-color":"var(--ast-global-color-4)","background-image":"","background-repeat":"repeat","background-position":"center center","background-size":"auto","background-attachment":"scroll","background-type":"","background-media":"","overlay-type":"","overlay-color":"","overlay-opacity":"","overlay-gradient":""},"tablet":{"background-color":"var(--ast-global-color-4)","background-image":"","background-repeat":"repeat","background-position":"center center","background-size":"auto","background-attachment":"scroll","background-type":"","background-media":"","overlay-type":"","overlay-color":"","overlay-opacity":"","overlay-gradient":""},"mobile":{"background-color":"var(--ast-global-color-4)","background-image":"","background-repeat":"repeat","background-position":"center center","background-size":"auto","background-attachment":"scroll","background-type":"","background-media":"","overlay-type":"","overlay-color":"","overlay-opacity":"","overlay-gradient":""}},"footnotes":""},"class_list":["post-1923","page","type-page","status-publish","hentry"],"yoast_head":"<!-- This site is optimized with the Yoast SEO plugin v25.5 - https:\/\/yoast.com\/wordpress\/plugins\/seo\/ -->\n<title>Rechner f\u00fcr Watt, Ampere und Volt<\/title>\n<meta name=\"description\" content=\"Unser Rechner rechnet Watt, Ampere und Volt um\" \/>\n<meta name=\"robots\" content=\"index, follow, max-snippet:-1, max-image-preview:large, max-video-preview:-1\" \/>\n<link rel=\"canonical\" href=\"https:\/\/quickpercentcalc.com\/de\/sonstiges\/watt-rechner\/\" \/>\n<meta property=\"og:locale\" content=\"de_DE\" \/>\n<meta property=\"og:type\" content=\"article\" \/>\n<meta property=\"og:title\" content=\"Rechner f\u00fcr Watt, Ampere und Volt\" \/>\n<meta property=\"og:description\" content=\"Unser Rechner rechnet Watt, Ampere und Volt um\" \/>\n<meta property=\"og:url\" content=\"https:\/\/quickpercentcalc.com\/de\/sonstiges\/watt-rechner\/\" \/>\n<meta property=\"og:site_name\" content=\"Quick Percent Calculator\" \/>\n<meta property=\"article:modified_time\" content=\"2025-04-08T15:13:34+00:00\" \/>\n<meta name=\"twitter:card\" content=\"summary_large_image\" \/>\n<meta name=\"twitter:label1\" content=\"Gesch\u00e4tzte Lesezeit\" \/>\n\t<meta name=\"twitter:data1\" content=\"2\u00a0Minuten\" \/>\n<script type=\"application\/ld+json\" class=\"yoast-schema-graph\">{\"@context\":\"https:\/\/schema.org\",\"@graph\":[{\"@type\":\"WebPage\",\"@id\":\"https:\/\/quickpercentcalc.com\/de\/sonstiges\/watt-rechner\/\",\"url\":\"https:\/\/quickpercentcalc.com\/de\/sonstiges\/watt-rechner\/\",\"name\":\"Rechner f\u00fcr Watt, Ampere und Volt\",\"isPartOf\":{\"@id\":\"https:\/\/quickpercentcalc.com\/de\/#website\"},\"datePublished\":\"2024-01-16T21:03:36+00:00\",\"dateModified\":\"2025-04-08T15:13:34+00:00\",\"description\":\"Unser Rechner rechnet Watt, Ampere und Volt um\",\"breadcrumb\":{\"@id\":\"https:\/\/quickpercentcalc.com\/de\/sonstiges\/watt-rechner\/#breadcrumb\"},\"inLanguage\":\"de\",\"potentialAction\":[{\"@type\":\"ReadAction\",\"target\":[\"https:\/\/quickpercentcalc.com\/de\/sonstiges\/watt-rechner\/\"]}]},{\"@type\":\"BreadcrumbList\",\"@id\":\"https:\/\/quickpercentcalc.com\/de\/sonstiges\/watt-rechner\/#breadcrumb\",\"itemListElement\":[{\"@type\":\"ListItem\",\"position\":1,\"name\":\"Home\",\"item\":\"https:\/\/quickpercentcalc.com\/de\/\"},{\"@type\":\"ListItem\",\"position\":2,\"name\":\"Sonstiges\",\"item\":\"https:\/\/quickpercentcalc.com\/de\/misc\/\"},{\"@type\":\"ListItem\",\"position\":3,\"name\":\"Watt-Rechner\"}]},{\"@type\":\"WebSite\",\"@id\":\"https:\/\/quickpercentcalc.com\/de\/#website\",\"url\":\"https:\/\/quickpercentcalc.com\/de\/\",\"name\":\"Quick Percent Calculator\",\"description\":\"\",\"potentialAction\":[{\"@type\":\"SearchAction\",\"target\":{\"@type\":\"EntryPoint\",\"urlTemplate\":\"https:\/\/quickpercentcalc.com\/de\/?s={search_term_string}\"},\"query-input\":{\"@type\":\"PropertyValueSpecification\",\"valueRequired\":true,\"valueName\":\"search_term_string\"}}],\"inLanguage\":\"de\"}]}<\/script>\n<!-- \/ Yoast SEO plugin. -->","yoast_head_json":{"title":"Rechner f\u00fcr Watt, Ampere und Volt","description":"Unser Rechner rechnet Watt, Ampere und Volt um","robots":{"index":"index","follow":"follow","max-snippet":"max-snippet:-1","max-image-preview":"max-image-preview:large","max-video-preview":"max-video-preview:-1"},"canonical":"https:\/\/quickpercentcalc.com\/de\/sonstiges\/watt-rechner\/","og_locale":"de_DE","og_type":"article","og_title":"Rechner f\u00fcr Watt, Ampere und Volt","og_description":"Unser Rechner rechnet Watt, Ampere und Volt um","og_url":"https:\/\/quickpercentcalc.com\/de\/sonstiges\/watt-rechner\/","og_site_name":"Quick Percent Calculator","article_modified_time":"2025-04-08T15:13:34+00:00","twitter_card":"summary_large_image","twitter_misc":{"Gesch\u00e4tzte Lesezeit":"2\u00a0Minuten"},"schema":{"@context":"https:\/\/schema.org","@graph":[{"@type":"WebPage","@id":"https:\/\/quickpercentcalc.com\/de\/sonstiges\/watt-rechner\/","url":"https:\/\/quickpercentcalc.com\/de\/sonstiges\/watt-rechner\/","name":"Rechner f\u00fcr Watt, Ampere und Volt","isPartOf":{"@id":"https:\/\/quickpercentcalc.com\/de\/#website"},"datePublished":"2024-01-16T21:03:36+00:00","dateModified":"2025-04-08T15:13:34+00:00","description":"Unser Rechner rechnet Watt, Ampere und Volt um","breadcrumb":{"@id":"https:\/\/quickpercentcalc.com\/de\/sonstiges\/watt-rechner\/#breadcrumb"},"inLanguage":"de","potentialAction":[{"@type":"ReadAction","target":["https:\/\/quickpercentcalc.com\/de\/sonstiges\/watt-rechner\/"]}]},{"@type":"BreadcrumbList","@id":"https:\/\/quickpercentcalc.com\/de\/sonstiges\/watt-rechner\/#breadcrumb","itemListElement":[{"@type":"ListItem","position":1,"name":"Home","item":"https:\/\/quickpercentcalc.com\/de\/"},{"@type":"ListItem","position":2,"name":"Sonstiges","item":"https:\/\/quickpercentcalc.com\/de\/misc\/"},{"@type":"ListItem","position":3,"name":"Watt-Rechner"}]},{"@type":"WebSite","@id":"https:\/\/quickpercentcalc.com\/de\/#website","url":"https:\/\/quickpercentcalc.com\/de\/","name":"Quick Percent Calculator","description":"","potentialAction":[{"@type":"SearchAction","target":{"@type":"EntryPoint","urlTemplate":"https:\/\/quickpercentcalc.com\/de\/?s={search_term_string}"},"query-input":{"@type":"PropertyValueSpecification","valueRequired":true,"valueName":"search_term_string"}}],"inLanguage":"de"}]}},"_links":{"self":[{"href":"https:\/\/quickpercentcalc.com\/de\/wp-json\/wp\/v2\/pages\/1923","targetHints":{"allow":["GET"]}}],"collection":[{"href":"https:\/\/quickpercentcalc.com\/de\/wp-json\/wp\/v2\/pages"}],"about":[{"href":"https:\/\/quickpercentcalc.com\/de\/wp-json\/wp\/v2\/types\/page"}],"author":[{"embeddable":true,"href":"https:\/\/quickpercentcalc.com\/de\/wp-json\/wp\/v2\/users\/1"}],"replies":[{"embeddable":true,"href":"https:\/\/quickpercentcalc.com\/de\/wp-json\/wp\/v2\/comments?post=1923"}],"version-history":[{"count":1,"href":"https:\/\/quickpercentcalc.com\/de\/wp-json\/wp\/v2\/pages\/1923\/revisions"}],"predecessor-version":[{"id":1924,"href":"https:\/\/quickpercentcalc.com\/de\/wp-json\/wp\/v2\/pages\/1923\/revisions\/1924"}],"up":[{"embeddable":true,"href":"https:\/\/quickpercentcalc.com\/de\/wp-json\/wp\/v2\/pages\/1773"}],"wp:attachment":[{"href":"https:\/\/quickpercentcalc.com\/de\/wp-json\/wp\/v2\/media?parent=1923"}],"curies":[{"name":"wp","href":"https:\/\/api.w.org\/{rel}","templated":true}]}}