{"id":1640,"date":"2024-11-20T08:03:02","date_gmt":"2024-11-20T08:03:02","guid":{"rendered":"https:\/\/quickpercentcalc.com\/matematicas\/calculadora-de-pulgadas-a-cm\/"},"modified":"2025-04-07T18:36:16","modified_gmt":"2025-04-07T18:36:16","slug":"calculadora-de-pulgadas-a-cm","status":"publish","type":"page","link":"https:\/\/quickpercentcalc.com\/es\/matematicas\/calculadora-de-pulgadas-a-cm\/","title":{"rendered":"Calculadora de pulgadas a cm"},"content":{"rendered":"\n<p>Esta calculadora se basa en un valor elegido dado en pulgadas o cm para convertirlo a la otra unidad.<\/p>\n\n<p>\u00bfTe has preguntado alguna vez c\u00f3mo convertir pulgadas a cm? Se trata de un reto habitual, sobre todo cuando te encuentras con medidas y tama\u00f1os que no utilizan el sistema m\u00e9trico decimal. <\/p> <p>Para saber cu\u00e1ntos cent\u00edmetros hay en una pulgada, basta con multiplicar el n\u00famero de pulgadas por 2,54. Esto se debe a que una pulgada equivale a 2,54 cm. <\/p>\n<h2>F\u00f3rmula para convertir pulgadas a cm:<\/h2>\n<style>\n.frac {<br \/>\n    display: inline-block;<br \/>\n    position: relative;<br \/>\n    vertical-align: middle;<br \/>\n    letter-spacing: 0.001em;<br \/>\n    text-align: center;<br \/>\n}<br \/>\n.frac > span {<br \/>\n    display: block;<br \/>\n    padding: 0.1em;<br \/>\n}<br \/>\n.frac span.bottom {<br \/>\n    border-top: thin solid black;<br \/>\n}<br \/>\n.frac span.symbol {<br \/>\n    display: none;<br \/>\n}<br \/>\n<\/style>\n<div class=\"formel\">n\u00famero de pulgadas x 2,54<\/div>\n<p>\nPodemos invertir f\u00e1cilmente la f\u00f3rmula para saber cu\u00e1ntos cent\u00edmetros hay en un valor dado de cm.<\/p>\n<h2>F\u00f3rmula para convertir cm a pulgadas:<\/h2>\n<div class=\"formel\">n\u00famero de cm \u00f7 2,54<\/div>\n<h2>Convertir entre cent\u00edmetros y pulgadas<\/h2>\n<p>Utiliza esta calculadora para convertir un valor de cm a pulgadas o de pulgadas a cm.<\/p>\n\n<label for=\"verdi\">Valor<\/label>\n<input id=\"verdi\" type=\"number\" placeholder=\"Introduce el valor\"\/>\n\n<label for=\"retning\">Convi\u00e9rtete:<\/label>\n<select id=\"retning\">\n<option value=\"cmPulgadas\">De cent\u00edmetros a pulgadas<\/option>\n<option value=\"inchesToCm\">Pulgadas a Cent\u00edmetros<\/option>\n<\/select>\n\n<input id=\"regnut\" type=\"button\" value=\"Convertir\"\/>\n<div id=\"resultatBoks\" style=\"visibility: hidden;\">Resultado:\n<span id=\"resultat\" class=\"kalkyleResultat\"><\/span><\/div>\n<h2>\u00bfQu\u00e9 es una pulgada?<\/h2>\n<p>\nUna pulgada es una unidad de medida tradicional utilizada habitualmente en pa\u00edses de habla inglesa como Estados Unidos y el Reino Unido. Una pulgada equivale exactamente a 2,54 cent\u00edmetros y suele utilizarse para medir: <\/p>\n<ul>\n \t<li>Tama\u00f1os de pantalla (por ejemplo, televisores, monitores de ordenador, tel\u00e9fonos)<\/li>\n \t<li>Tallas de ropa (por ejemplo, talla de cintura, longitud del pantal\u00f3n)<\/li>\n \t<li>Madera y materiales de construcci\u00f3n (por ejemplo, anchura y grosor de las tablas)<\/li>\n<\/ul>\n<h2>\u00bfQu\u00e9 es un cent\u00edmetro?<\/h2><p>\nUn cent\u00edmetro (cm) es una unidad del sistema m\u00e9trico decimal, que es el est\u00e1ndar en la mayor\u00eda de los dem\u00e1s pa\u00edses. Un cent\u00edmetro es la cent\u00e9sima parte de un metro y se utiliza para medir longitudes y distancias en todo tipo de tareas, desde las cotidianas hasta los c\u00e1lculos cient\u00edficos. <\/p>\n\n<script>\ndocument.addEventListener(\"DOMContentLoaded\", function () {\n    document.getElementById(\"regnut\").addEventListener(\"click\", function () {\n        let verdi = parseFloat(document.getElementById(\"verdi\").value.replace(\/,\/g, \".\"));\n        let retning = document.getElementById(\"retning\").value;\n\n        if (isNaN(verdi)) {\n            alert(\"Please enter a valid number.\");\n            return;\n        }\n\n        let resultat;\n\n        if (retning === \"cmToInches\") {\n            resultat = verdi \/ 2.54;\n        } else if (retning === \"inchesToCm\") {\n            resultat = verdi * 2.54;\n        }\n\n        resultat = resultat % 1 !== 0 ? resultat.toFixed(2).replace(\".\", \",\") : resultat.toFixed();\n\n        document.getElementById(\"resultat\").innerHTML = resultat;\n        document.getElementById(\"resultatBoks\").style.visibility = \"visible\";\n    });\n});\n<\/script>\n\n","protected":false},"excerpt":{"rendered":"<p>Esta calculadora se basa en un valor elegido dado en pulgadas o cm para convertirlo a la otra unidad. \u00bfTe [&hellip;]<\/p>\n","protected":false},"author":1,"featured_media":0,"parent":1618,"menu_order":0,"comment_status":"closed","ping_status":"closed","template":"kalkulator-side.php","meta":{"site-sidebar-layout":"default","site-content-layout":"","ast-site-content-layout":"default","site-content-style":"default","site-sidebar-style":"default","ast-global-header-display":"","ast-banner-title-visibility":"","ast-main-header-display":"","ast-hfb-above-header-display":"","ast-hfb-below-header-display":"","ast-hfb-mobile-header-display":"","site-post-title":"","ast-breadcrumbs-content":"","ast-featured-img":"","footer-sml-layout":"","theme-transparent-header-meta":"","adv-header-id-meta":"","stick-header-meta":"","header-above-stick-meta":"","header-main-stick-meta":"","header-below-stick-meta":"","astra-migrate-meta-layouts":"default","ast-page-background-enabled":"default","ast-page-background-meta":{"desktop":{"background-color":"var(--ast-global-color-5)","background-image":"","background-repeat":"repeat","background-position":"center center","background-size":"auto","background-attachment":"scroll","background-type":"","background-media":"","overlay-type":"","overlay-color":"","overlay-opacity":"","overlay-gradient":""},"tablet":{"background-color":"","background-image":"","background-repeat":"repeat","background-position":"center center","background-size":"auto","background-attachment":"scroll","background-type":"","background-media":"","overlay-type":"","overlay-color":"","overlay-opacity":"","overlay-gradient":""},"mobile":{"background-color":"","background-image":"","background-repeat":"repeat","background-position":"center center","background-size":"auto","background-attachment":"scroll","background-type":"","background-media":"","overlay-type":"","overlay-color":"","overlay-opacity":"","overlay-gradient":""}},"ast-content-background-meta":{"desktop":{"background-color":"var(--ast-global-color-4)","background-image":"","background-repeat":"repeat","background-position":"center center","background-size":"auto","background-attachment":"scroll","background-type":"","background-media":"","overlay-type":"","overlay-color":"","overlay-opacity":"","overlay-gradient":""},"tablet":{"background-color":"var(--ast-global-color-4)","background-image":"","background-repeat":"repeat","background-position":"center center","background-size":"auto","background-attachment":"scroll","background-type":"","background-media":"","overlay-type":"","overlay-color":"","overlay-opacity":"","overlay-gradient":""},"mobile":{"background-color":"var(--ast-global-color-4)","background-image":"","background-repeat":"repeat","background-position":"center center","background-size":"auto","background-attachment":"scroll","background-type":"","background-media":"","overlay-type":"","overlay-color":"","overlay-opacity":"","overlay-gradient":""}},"footnotes":""},"class_list":["post-1640","page","type-page","status-publish","hentry"],"yoast_head":"<!-- This site is optimized with the Yoast SEO plugin v25.5 - https:\/\/yoast.com\/wordpress\/plugins\/seo\/ -->\n<title>Calculadora de pulgadas a cm - Quick Percent Calculator<\/title>\n<meta name=\"robots\" content=\"index, follow, max-snippet:-1, max-image-preview:large, max-video-preview:-1\" \/>\n<link rel=\"canonical\" href=\"https:\/\/quickpercentcalc.com\/es\/matematicas\/calculadora-de-pulgadas-a-cm\/\" \/>\n<meta property=\"og:locale\" content=\"es_ES\" \/>\n<meta property=\"og:type\" content=\"article\" \/>\n<meta property=\"og:title\" content=\"Calculadora de pulgadas a cm - Quick Percent Calculator\" \/>\n<meta property=\"og:description\" content=\"Esta calculadora se basa en un valor elegido dado en pulgadas o cm para convertirlo a la otra unidad. \u00bfTe [&hellip;]\" \/>\n<meta property=\"og:url\" content=\"https:\/\/quickpercentcalc.com\/es\/matematicas\/calculadora-de-pulgadas-a-cm\/\" \/>\n<meta property=\"og:site_name\" content=\"Quick Percent Calculator\" \/>\n<meta property=\"article:modified_time\" content=\"2025-04-07T18:36:16+00:00\" \/>\n<meta name=\"twitter:card\" content=\"summary_large_image\" \/>\n<meta name=\"twitter:label1\" content=\"Tiempo de lectura\" \/>\n\t<meta name=\"twitter:data1\" content=\"2 minutos\" \/>\n<script type=\"application\/ld+json\" class=\"yoast-schema-graph\">{\"@context\":\"https:\/\/schema.org\",\"@graph\":[{\"@type\":\"WebPage\",\"@id\":\"https:\/\/quickpercentcalc.com\/es\/matematicas\/calculadora-de-pulgadas-a-cm\/\",\"url\":\"https:\/\/quickpercentcalc.com\/es\/matematicas\/calculadora-de-pulgadas-a-cm\/\",\"name\":\"Calculadora de pulgadas a cm - Quick Percent Calculator\",\"isPartOf\":{\"@id\":\"https:\/\/quickpercentcalc.com\/es\/#website\"},\"datePublished\":\"2024-11-20T08:03:02+00:00\",\"dateModified\":\"2025-04-07T18:36:16+00:00\",\"breadcrumb\":{\"@id\":\"https:\/\/quickpercentcalc.com\/es\/matematicas\/calculadora-de-pulgadas-a-cm\/#breadcrumb\"},\"inLanguage\":\"es\",\"potentialAction\":[{\"@type\":\"ReadAction\",\"target\":[\"https:\/\/quickpercentcalc.com\/es\/matematicas\/calculadora-de-pulgadas-a-cm\/\"]}]},{\"@type\":\"BreadcrumbList\",\"@id\":\"https:\/\/quickpercentcalc.com\/es\/matematicas\/calculadora-de-pulgadas-a-cm\/#breadcrumb\",\"itemListElement\":[{\"@type\":\"ListItem\",\"position\":1,\"name\":\"Home\",\"item\":\"https:\/\/quickpercentcalc.com\/es\/\"},{\"@type\":\"ListItem\",\"position\":2,\"name\":\"Matem\u00e1ticas\",\"item\":\"https:\/\/quickpercentcalc.com\/es\/math\/\"},{\"@type\":\"ListItem\",\"position\":3,\"name\":\"Calculadora de pulgadas a cm\"}]},{\"@type\":\"WebSite\",\"@id\":\"https:\/\/quickpercentcalc.com\/es\/#website\",\"url\":\"https:\/\/quickpercentcalc.com\/es\/\",\"name\":\"Quick Percent Calculator\",\"description\":\"\",\"potentialAction\":[{\"@type\":\"SearchAction\",\"target\":{\"@type\":\"EntryPoint\",\"urlTemplate\":\"https:\/\/quickpercentcalc.com\/es\/?s={search_term_string}\"},\"query-input\":{\"@type\":\"PropertyValueSpecification\",\"valueRequired\":true,\"valueName\":\"search_term_string\"}}],\"inLanguage\":\"es\"}]}<\/script>\n<!-- \/ Yoast SEO plugin. -->","yoast_head_json":{"title":"Calculadora de pulgadas a cm - Quick Percent Calculator","robots":{"index":"index","follow":"follow","max-snippet":"max-snippet:-1","max-image-preview":"max-image-preview:large","max-video-preview":"max-video-preview:-1"},"canonical":"https:\/\/quickpercentcalc.com\/es\/matematicas\/calculadora-de-pulgadas-a-cm\/","og_locale":"es_ES","og_type":"article","og_title":"Calculadora de pulgadas a cm - Quick Percent Calculator","og_description":"Esta calculadora se basa en un valor elegido dado en pulgadas o cm para convertirlo a la otra unidad. \u00bfTe [&hellip;]","og_url":"https:\/\/quickpercentcalc.com\/es\/matematicas\/calculadora-de-pulgadas-a-cm\/","og_site_name":"Quick Percent Calculator","article_modified_time":"2025-04-07T18:36:16+00:00","twitter_card":"summary_large_image","twitter_misc":{"Tiempo de lectura":"2 minutos"},"schema":{"@context":"https:\/\/schema.org","@graph":[{"@type":"WebPage","@id":"https:\/\/quickpercentcalc.com\/es\/matematicas\/calculadora-de-pulgadas-a-cm\/","url":"https:\/\/quickpercentcalc.com\/es\/matematicas\/calculadora-de-pulgadas-a-cm\/","name":"Calculadora de pulgadas a cm - Quick Percent Calculator","isPartOf":{"@id":"https:\/\/quickpercentcalc.com\/es\/#website"},"datePublished":"2024-11-20T08:03:02+00:00","dateModified":"2025-04-07T18:36:16+00:00","breadcrumb":{"@id":"https:\/\/quickpercentcalc.com\/es\/matematicas\/calculadora-de-pulgadas-a-cm\/#breadcrumb"},"inLanguage":"es","potentialAction":[{"@type":"ReadAction","target":["https:\/\/quickpercentcalc.com\/es\/matematicas\/calculadora-de-pulgadas-a-cm\/"]}]},{"@type":"BreadcrumbList","@id":"https:\/\/quickpercentcalc.com\/es\/matematicas\/calculadora-de-pulgadas-a-cm\/#breadcrumb","itemListElement":[{"@type":"ListItem","position":1,"name":"Home","item":"https:\/\/quickpercentcalc.com\/es\/"},{"@type":"ListItem","position":2,"name":"Matem\u00e1ticas","item":"https:\/\/quickpercentcalc.com\/es\/math\/"},{"@type":"ListItem","position":3,"name":"Calculadora de pulgadas a cm"}]},{"@type":"WebSite","@id":"https:\/\/quickpercentcalc.com\/es\/#website","url":"https:\/\/quickpercentcalc.com\/es\/","name":"Quick Percent Calculator","description":"","potentialAction":[{"@type":"SearchAction","target":{"@type":"EntryPoint","urlTemplate":"https:\/\/quickpercentcalc.com\/es\/?s={search_term_string}"},"query-input":{"@type":"PropertyValueSpecification","valueRequired":true,"valueName":"search_term_string"}}],"inLanguage":"es"}]}},"_links":{"self":[{"href":"https:\/\/quickpercentcalc.com\/es\/wp-json\/wp\/v2\/pages\/1640","targetHints":{"allow":["GET"]}}],"collection":[{"href":"https:\/\/quickpercentcalc.com\/es\/wp-json\/wp\/v2\/pages"}],"about":[{"href":"https:\/\/quickpercentcalc.com\/es\/wp-json\/wp\/v2\/types\/page"}],"author":[{"embeddable":true,"href":"https:\/\/quickpercentcalc.com\/es\/wp-json\/wp\/v2\/users\/1"}],"replies":[{"embeddable":true,"href":"https:\/\/quickpercentcalc.com\/es\/wp-json\/wp\/v2\/comments?post=1640"}],"version-history":[{"count":2,"href":"https:\/\/quickpercentcalc.com\/es\/wp-json\/wp\/v2\/pages\/1640\/revisions"}],"predecessor-version":[{"id":1682,"href":"https:\/\/quickpercentcalc.com\/es\/wp-json\/wp\/v2\/pages\/1640\/revisions\/1682"}],"up":[{"embeddable":true,"href":"https:\/\/quickpercentcalc.com\/es\/wp-json\/wp\/v2\/pages\/1618"}],"wp:attachment":[{"href":"https:\/\/quickpercentcalc.com\/es\/wp-json\/wp\/v2\/media?parent=1640"}],"curies":[{"name":"wp","href":"https:\/\/api.w.org\/{rel}","templated":true}]}}