{"id":1699,"date":"2024-01-24T20:41:53","date_gmt":"2024-01-24T20:41:53","guid":{"rendered":"https:\/\/quickpercentcalc.com\/matematicas\/calculadora-de-nudos\/"},"modified":"2025-04-07T18:39:35","modified_gmt":"2025-04-07T18:39:35","slug":"calculadora-de-nudos","status":"publish","type":"page","link":"https:\/\/quickpercentcalc.com\/es\/matematicas\/calculadora-de-nudos\/","title":{"rendered":"Calculadora de nudos"},"content":{"rendered":"\n<p>Convertir nudos. Nuestra calculadora te ayuda a convertir entre nudos, km\/h, m\/s y mph. <\/p>\n\n<p>Esta calculadora te permite convertir entre nudos, kil\u00f3metros por hora (km\/h), metros por segundo (m\/s) y millas por hora (mph).<\/p>\n\n<p>Los nudos, o millas n\u00e1uticas por hora, son la unidad est\u00e1ndar de velocidad utilizada en contextos mar\u00edtimos y de aviaci\u00f3n. Un nudo equivale exactamente a 1,852 kil\u00f3metros por hora o aproximadamente a 1,15078 millas por hora. Sigue siendo la norma internacional para la navegaci\u00f3n mar\u00edtima y a\u00e9rea.  <\/p>\n\n<p>Kil\u00f3metros por hora es la unidad m\u00e9trica utilizada habitualmente para medir la velocidad en tierra en la mayor\u00eda de los pa\u00edses. En EEUU, sin embargo, la velocidad se mide normalmente en millas por hora (mph). <\/p>\n\n<script>\nfunction convertKnotsToKmh() {\n    var knots = parseFloat(document.getElementById(\"knotsToKmh\").value.replace(\/,\/g, \".\"));\n    document.getElementById(\"kmhResult\").value = (knots * 1.852).toFixed(2);\n}\n\nfunction convertKnotsToMs() {\n    var knots = parseFloat(document.getElementById(\"knotsToMs\").value.replace(\/,\/g, \".\"));\n    document.getElementById(\"msResult\").value = (knots * 0.514444).toFixed(2);\n}\n\nfunction convertKnotsToMph() {\n    var knots = parseFloat(document.getElementById(\"knotsToMph\").value.replace(\/,\/g, \".\"));\n    document.getElementById(\"mphResult\").value = (knots * 1.15078).toFixed(2);\n}\n\nfunction convertKmhToKnots() {\n    var kmh = parseFloat(document.getElementById(\"kmhToKnots\").value.replace(\/,\/g, \".\"));\n    document.getElementById(\"knotsResult\").value = (kmh * 0.539957).toFixed(2);\n}\n<\/script>\n\n<!-- Knots to km\/h -->\n<label for=\"knotsToKmh\"><h2>De nudos a km\/h<\/h2><\/label><br\/><input type=\"number\" id=\"knotsToKmh\" min=\"0\" placeholder=\"Nudos\"\/>\n<br\/><input type=\"text\" id=\"kmhResult\" placeholder=\"km\/h\" readonly=\"readonly\"\/>\n<button onclick=\"convertKnotsToKmh()\">Convertir<\/button>\n<br\/><br\/>\n<!-- Knots to m\/s -->\n<label for=\"knotsToMs\"><h2>Nudos a m\/s<\/h2><\/label><br\/><input type=\"number\" id=\"knotsToMs\" min=\"0\" placeholder=\"Nudos\"\/>\n<br\/><input type=\"text\" id=\"msResult\" placeholder=\"m\/s\" readonly=\"readonly\"\/>\n<button onclick=\"convertKnotsToMs()\">Convertir<\/button>\n<br\/><br\/>\n<!-- Knots to mph -->\n<label for=\"knotsToMph\"><h2>Nudos a mph<\/h2><\/label><br\/><input type=\"number\" id=\"knotsToMph\" min=\"0\" placeholder=\"Nudos\"\/>\n<br\/><input type=\"text\" id=\"mphResult\" placeholder=\"mph\" readonly=\"readonly\"\/>\n<button onclick=\"convertKnotsToMph()\">Convertir<\/button>\n<br\/><br\/>\n<!-- km\/h to Knots -->\n<label for=\"kmhToKnots\"><h2>km\/h a Nudos<\/h2><\/label><br\/><input type=\"number\" id=\"kmhToKnots\" min=\"0\" placeholder=\"km\/h\"\/>\n<br\/><input type=\"text\" id=\"knotsResult\" placeholder=\"Nudos\" readonly=\"readonly\"\/>\n<button onclick=\"convertKmhToKnots()\">Convertir<\/button>\n<br\/><br\/>\n\n<h2 class=\"wp-block-heading\">C\u00f3mo convertir nudos a millas por hora (mph)<\/h2>\n\n<p>Convertir nudos a millas por hora es sencillo. Como 1 nudo equivale aproximadamente a 1,15078 mph, s\u00f3lo tienes que multiplicar el n\u00famero de nudos por 1,15078. <\/p>\n\n<p><strong>F\u00f3rmula:<\/strong> mph = Nudos \u00d7 1,15078<\/p>\n\n<p>Ejemplo: Un barco que viaja a 10 nudos se mover\u00eda a 10 \u00d7 1,15078 = 11,51 mph<\/p>\n\n<h3 class=\"wp-block-heading\">Uso pr\u00e1ctico de estas conversiones<\/h3>\n\n<p>Estas conversiones son especialmente \u00fatiles para marineros y pilotos que necesitan convertir su velocidad a unidades m\u00e9tricas o imperiales para la navegaci\u00f3n o la comunicaci\u00f3n. Tambi\u00e9n son \u00fatiles para los estudiantes o aficionados que estudian meteorolog\u00eda o n\u00e1utica. <\/p>\n\n<h3 class=\"wp-block-heading\">Herramientas de conversi\u00f3n<\/h3>\n\n<p>En la era digital actual, existen muchas herramientas para hacer estas conversiones de forma r\u00e1pida y sencilla. Desde calculadoras en l\u00ednea a aplicaciones m\u00f3viles, encontrar una herramienta que se adapte a tus necesidades es sencillo. <\/p>\n","protected":false},"excerpt":{"rendered":"<p>Convertir nudos. Nuestra calculadora te ayuda a convertir entre nudos, km\/h, m\/s y mph. Esta calculadora te permite convertir entre [&hellip;]<\/p>\n","protected":false},"author":1,"featured_media":0,"parent":1618,"menu_order":0,"comment_status":"closed","ping_status":"closed","template":"kalkulator-side.php","meta":{"site-sidebar-layout":"default","site-content-layout":"default","ast-site-content-layout":"default","site-content-style":"default","site-sidebar-style":"default","ast-global-header-display":"","ast-banner-title-visibility":"","ast-main-header-display":"","ast-hfb-above-header-display":"","ast-hfb-below-header-display":"","ast-hfb-mobile-header-display":"","site-post-title":"","ast-breadcrumbs-content":"","ast-featured-img":"","footer-sml-layout":"","theme-transparent-header-meta":"default","adv-header-id-meta":"","stick-header-meta":"default","header-above-stick-meta":"","header-main-stick-meta":"","header-below-stick-meta":"","astra-migrate-meta-layouts":"default","ast-page-background-enabled":"default","ast-page-background-meta":{"desktop":{"background-color":"var(--ast-global-color-5)","background-image":"","background-repeat":"repeat","background-position":"center center","background-size":"auto","background-attachment":"scroll","background-type":"","background-media":"","overlay-type":"","overlay-color":"","overlay-opacity":"","overlay-gradient":""},"tablet":{"background-color":"","background-image":"","background-repeat":"repeat","background-position":"center center","background-size":"auto","background-attachment":"scroll","background-type":"","background-media":"","overlay-type":"","overlay-color":"","overlay-opacity":"","overlay-gradient":""},"mobile":{"background-color":"","background-image":"","background-repeat":"repeat","background-position":"center center","background-size":"auto","background-attachment":"scroll","background-type":"","background-media":"","overlay-type":"","overlay-color":"","overlay-opacity":"","overlay-gradient":""}},"ast-content-background-meta":{"desktop":{"background-color":"var(--ast-global-color-4)","background-image":"","background-repeat":"repeat","background-position":"center center","background-size":"auto","background-attachment":"scroll","background-type":"","background-media":"","overlay-type":"","overlay-color":"","overlay-opacity":"","overlay-gradient":""},"tablet":{"background-color":"var(--ast-global-color-4)","background-image":"","background-repeat":"repeat","background-position":"center center","background-size":"auto","background-attachment":"scroll","background-type":"","background-media":"","overlay-type":"","overlay-color":"","overlay-opacity":"","overlay-gradient":""},"mobile":{"background-color":"var(--ast-global-color-4)","background-image":"","background-repeat":"repeat","background-position":"center center","background-size":"auto","background-attachment":"scroll","background-type":"","background-media":"","overlay-type":"","overlay-color":"","overlay-opacity":"","overlay-gradient":""}},"footnotes":""},"class_list":["post-1699","page","type-page","status-publish","hentry"],"yoast_head":"<!-- This site is optimized with the Yoast SEO plugin v25.5 - https:\/\/yoast.com\/wordpress\/plugins\/seo\/ -->\n<title>Conversor de nudos a mph - \u00a1Convierte nudos a km\/h, m\/s o mph!<\/title>\n<meta name=\"description\" content=\"Convierte nudos a mph con nuestra calculadora. \ud83d\udea4 Esta herramienta te permite introducir un valor en nudos, km\/h o m\/s y calcula la velocidad correspondiente en las otras unidades.\" \/>\n<meta name=\"robots\" content=\"index, follow, max-snippet:-1, max-image-preview:large, max-video-preview:-1\" \/>\n<link rel=\"canonical\" href=\"https:\/\/quickpercentcalc.com\/es\/matematicas\/calculadora-de-nudos\/\" \/>\n<meta property=\"og:locale\" content=\"es_ES\" \/>\n<meta property=\"og:type\" content=\"article\" \/>\n<meta property=\"og:title\" content=\"Conversor de nudos a mph - \u00a1Convierte nudos a km\/h, m\/s o mph!\" \/>\n<meta property=\"og:description\" content=\"Convierte nudos a mph con nuestra calculadora. \ud83d\udea4 Esta herramienta te permite introducir un valor en nudos, km\/h o m\/s y calcula la velocidad correspondiente en las otras unidades.\" \/>\n<meta property=\"og:url\" content=\"https:\/\/quickpercentcalc.com\/es\/matematicas\/calculadora-de-nudos\/\" \/>\n<meta property=\"og:site_name\" content=\"Quick Percent Calculator\" \/>\n<meta property=\"article:modified_time\" content=\"2025-04-07T18:39:35+00:00\" \/>\n<meta name=\"twitter:card\" content=\"summary_large_image\" \/>\n<meta name=\"twitter:label1\" content=\"Tiempo de lectura\" \/>\n\t<meta name=\"twitter:data1\" content=\"1 minuto\" \/>\n<script type=\"application\/ld+json\" class=\"yoast-schema-graph\">{\"@context\":\"https:\/\/schema.org\",\"@graph\":[{\"@type\":\"WebPage\",\"@id\":\"https:\/\/quickpercentcalc.com\/es\/matematicas\/calculadora-de-nudos\/\",\"url\":\"https:\/\/quickpercentcalc.com\/es\/matematicas\/calculadora-de-nudos\/\",\"name\":\"Conversor de nudos a mph - \u00a1Convierte nudos a km\/h, m\/s o mph!\",\"isPartOf\":{\"@id\":\"https:\/\/quickpercentcalc.com\/es\/#website\"},\"datePublished\":\"2024-01-24T20:41:53+00:00\",\"dateModified\":\"2025-04-07T18:39:35+00:00\",\"description\":\"Convierte nudos a mph con nuestra calculadora. \ud83d\udea4 Esta herramienta te permite introducir un valor en nudos, km\/h o m\/s y calcula la velocidad correspondiente en las otras unidades.\",\"breadcrumb\":{\"@id\":\"https:\/\/quickpercentcalc.com\/es\/matematicas\/calculadora-de-nudos\/#breadcrumb\"},\"inLanguage\":\"es\",\"potentialAction\":[{\"@type\":\"ReadAction\",\"target\":[\"https:\/\/quickpercentcalc.com\/es\/matematicas\/calculadora-de-nudos\/\"]}]},{\"@type\":\"BreadcrumbList\",\"@id\":\"https:\/\/quickpercentcalc.com\/es\/matematicas\/calculadora-de-nudos\/#breadcrumb\",\"itemListElement\":[{\"@type\":\"ListItem\",\"position\":1,\"name\":\"Home\",\"item\":\"https:\/\/quickpercentcalc.com\/es\/\"},{\"@type\":\"ListItem\",\"position\":2,\"name\":\"Matem\u00e1ticas\",\"item\":\"https:\/\/quickpercentcalc.com\/es\/math\/\"},{\"@type\":\"ListItem\",\"position\":3,\"name\":\"Calculadora de nudos\"}]},{\"@type\":\"WebSite\",\"@id\":\"https:\/\/quickpercentcalc.com\/es\/#website\",\"url\":\"https:\/\/quickpercentcalc.com\/es\/\",\"name\":\"Quick Percent Calculator\",\"description\":\"\",\"potentialAction\":[{\"@type\":\"SearchAction\",\"target\":{\"@type\":\"EntryPoint\",\"urlTemplate\":\"https:\/\/quickpercentcalc.com\/es\/?s={search_term_string}\"},\"query-input\":{\"@type\":\"PropertyValueSpecification\",\"valueRequired\":true,\"valueName\":\"search_term_string\"}}],\"inLanguage\":\"es\"}]}<\/script>\n<!-- \/ Yoast SEO plugin. -->","yoast_head_json":{"title":"Conversor de nudos a mph - \u00a1Convierte nudos a km\/h, m\/s o mph!","description":"Convierte nudos a mph con nuestra calculadora. \ud83d\udea4 Esta herramienta te permite introducir un valor en nudos, km\/h o m\/s y calcula la velocidad correspondiente en las otras unidades.","robots":{"index":"index","follow":"follow","max-snippet":"max-snippet:-1","max-image-preview":"max-image-preview:large","max-video-preview":"max-video-preview:-1"},"canonical":"https:\/\/quickpercentcalc.com\/es\/matematicas\/calculadora-de-nudos\/","og_locale":"es_ES","og_type":"article","og_title":"Conversor de nudos a mph - \u00a1Convierte nudos a km\/h, m\/s o mph!","og_description":"Convierte nudos a mph con nuestra calculadora. \ud83d\udea4 Esta herramienta te permite introducir un valor en nudos, km\/h o m\/s y calcula la velocidad correspondiente en las otras unidades.","og_url":"https:\/\/quickpercentcalc.com\/es\/matematicas\/calculadora-de-nudos\/","og_site_name":"Quick Percent Calculator","article_modified_time":"2025-04-07T18:39:35+00:00","twitter_card":"summary_large_image","twitter_misc":{"Tiempo de lectura":"1 minuto"},"schema":{"@context":"https:\/\/schema.org","@graph":[{"@type":"WebPage","@id":"https:\/\/quickpercentcalc.com\/es\/matematicas\/calculadora-de-nudos\/","url":"https:\/\/quickpercentcalc.com\/es\/matematicas\/calculadora-de-nudos\/","name":"Conversor de nudos a mph - \u00a1Convierte nudos a km\/h, m\/s o mph!","isPartOf":{"@id":"https:\/\/quickpercentcalc.com\/es\/#website"},"datePublished":"2024-01-24T20:41:53+00:00","dateModified":"2025-04-07T18:39:35+00:00","description":"Convierte nudos a mph con nuestra calculadora. \ud83d\udea4 Esta herramienta te permite introducir un valor en nudos, km\/h o m\/s y calcula la velocidad correspondiente en las otras unidades.","breadcrumb":{"@id":"https:\/\/quickpercentcalc.com\/es\/matematicas\/calculadora-de-nudos\/#breadcrumb"},"inLanguage":"es","potentialAction":[{"@type":"ReadAction","target":["https:\/\/quickpercentcalc.com\/es\/matematicas\/calculadora-de-nudos\/"]}]},{"@type":"BreadcrumbList","@id":"https:\/\/quickpercentcalc.com\/es\/matematicas\/calculadora-de-nudos\/#breadcrumb","itemListElement":[{"@type":"ListItem","position":1,"name":"Home","item":"https:\/\/quickpercentcalc.com\/es\/"},{"@type":"ListItem","position":2,"name":"Matem\u00e1ticas","item":"https:\/\/quickpercentcalc.com\/es\/math\/"},{"@type":"ListItem","position":3,"name":"Calculadora de nudos"}]},{"@type":"WebSite","@id":"https:\/\/quickpercentcalc.com\/es\/#website","url":"https:\/\/quickpercentcalc.com\/es\/","name":"Quick Percent Calculator","description":"","potentialAction":[{"@type":"SearchAction","target":{"@type":"EntryPoint","urlTemplate":"https:\/\/quickpercentcalc.com\/es\/?s={search_term_string}"},"query-input":{"@type":"PropertyValueSpecification","valueRequired":true,"valueName":"search_term_string"}}],"inLanguage":"es"}]}},"_links":{"self":[{"href":"https:\/\/quickpercentcalc.com\/es\/wp-json\/wp\/v2\/pages\/1699","targetHints":{"allow":["GET"]}}],"collection":[{"href":"https:\/\/quickpercentcalc.com\/es\/wp-json\/wp\/v2\/pages"}],"about":[{"href":"https:\/\/quickpercentcalc.com\/es\/wp-json\/wp\/v2\/types\/page"}],"author":[{"embeddable":true,"href":"https:\/\/quickpercentcalc.com\/es\/wp-json\/wp\/v2\/users\/1"}],"replies":[{"embeddable":true,"href":"https:\/\/quickpercentcalc.com\/es\/wp-json\/wp\/v2\/comments?post=1699"}],"version-history":[{"count":1,"href":"https:\/\/quickpercentcalc.com\/es\/wp-json\/wp\/v2\/pages\/1699\/revisions"}],"predecessor-version":[{"id":1700,"href":"https:\/\/quickpercentcalc.com\/es\/wp-json\/wp\/v2\/pages\/1699\/revisions\/1700"}],"up":[{"embeddable":true,"href":"https:\/\/quickpercentcalc.com\/es\/wp-json\/wp\/v2\/pages\/1618"}],"wp:attachment":[{"href":"https:\/\/quickpercentcalc.com\/es\/wp-json\/wp\/v2\/media?parent=1699"}],"curies":[{"name":"wp","href":"https:\/\/api.w.org\/{rel}","templated":true}]}}