{"id":1744,"date":"2021-03-03T09:18:08","date_gmt":"2021-03-03T09:18:08","guid":{"rendered":"https:\/\/quickpercentcalc.com\/estadisticas\/calculadora-de-la-mediana\/"},"modified":"2025-04-07T18:49:10","modified_gmt":"2025-04-07T18:49:10","slug":"calculadora-de-la-mediana","status":"publish","type":"page","link":"https:\/\/quickpercentcalc.com\/es\/estadisticas\/calculadora-de-la-mediana\/","title":{"rendered":"Calculadora de la mediana"},"content":{"rendered":"\n<p>Calcula la mediana. Nuestra calculadora encuentra la mediana por ti.<\/p>\n\n<p>La mediana es el n\u00famero medio de una lista ordenada de n\u00fameros. La mediana se ve menos afectada por los valores extremos que la <a href=\"https:\/\/quickpercentcalc.com\/es\/estadisticas\/calculadora-media\/\">media<\/a>, y suele preferirse cuando se trata de valores at\u00edpicos.<\/p>\n\n<p>Para utilizar esta calculadora, separa cada n\u00famero con un espacio (ejemplo: 2 5 4 etc). Esta calculadora no acepta n\u00fameros decimales. No utilices separadores de miles ni letras.<\/p>\n\n<p>F\u00f3rmula para la posici\u00f3n de la mediana cuando el n\u00famero de valores, n, es impar:<\/p>\n\n<style> .frac { display: inline-block; position: relative; vertical-align: middle; letter-spacing: 0.001em; text-align: center; } .frac > span { display: block; padding: 0.1em; } .frac span.bottom { border-top: thin solid black; } .frac span.symbol { display: none; } <\/style> <div class=\"formel\">  $$\\frac{n+1}{2}$$  <\/div> <br\/><br\/>\n\n<p>F\u00f3rmula para la posici\u00f3n de la mediana cuando el n\u00famero de valores, n, es par:<\/p>\n\n<style> .frac { display: inline-block; position: relative; vertical-align: middle; letter-spacing: 0.001em; text-align: center; } .frac > span { display: block; padding: 0.1em; } .frac span.bottom { border-top: thin solid black; } .frac span.symbol { display: none; } <\/style> <div class=\"formel\">  $$\\frac{n}{2}$$  <\/div> <br\/><br\/>\n\n<script src=\"https:\/\/ajax.googleapis.com\/ajax\/libs\/jquery\/3.5.1\/jquery.min.js\"><\/script> <script> $(function () { $(\"#regnut\").click(function () { var str = $(\"#tall\").val(); var res = Array.from(str.split(\/[ ]+\/)); res.sort(); var median = 0; for (var i = 0; i < res.length; i++) { res[i] = res[i].replace(\",\", \".\"); res[i] = parseFloat(res[i]); } var half = Math.floor(res.length \/ 2); if (res.length % 2) { median = res[half]; } else { median = (res[half - 1] + res[half]) \/ 2; } if (median % 1 !== 0) { median = median.toFixed(1); } else { median = median.toFixed(); } median = median.toString(); median = median.replace(\".\", \",\"); $(\"#resultat\").html(median); $(\"#resultatBoks\").css({ \"visibility\": \"initial\" }); }); }); <\/script>\n<label for=\"tall\">Lista de n\u00fameros (utiliza espacio para separar los n\u00fameros)<\/label><br\/>\n<textarea type=\"text\" id=\"tall\"><\/textarea>\n<br\/><br\/> <br\/><br\/>\n<input type=\"button\" id=\"regnut\" value=\"Calcula\"\/> <br\/><br\/> <div id=\"resultatBoks\" style=\"visibility: hidden;\"> <span>Resultado:<\/span><br\/> <span id=\"resultat\" class=\"kalkyleResultat\"><\/span> <\/div>\n\n<p><\/p>\n","protected":false},"excerpt":{"rendered":"<p>Calcula la mediana. Nuestra calculadora encuentra la mediana por ti. La mediana es el n\u00famero medio de una lista ordenada [&hellip;]<\/p>\n","protected":false},"author":1,"featured_media":0,"parent":1709,"menu_order":0,"comment_status":"closed","ping_status":"closed","template":"kalkulator-side.php","meta":{"site-sidebar-layout":"default","site-content-layout":"default","ast-site-content-layout":"","site-content-style":"default","site-sidebar-style":"default","ast-global-header-display":"","ast-banner-title-visibility":"","ast-main-header-display":"","ast-hfb-above-header-display":"","ast-hfb-below-header-display":"","ast-hfb-mobile-header-display":"","site-post-title":"","ast-breadcrumbs-content":"","ast-featured-img":"","footer-sml-layout":"","theme-transparent-header-meta":"default","adv-header-id-meta":"","stick-header-meta":"default","header-above-stick-meta":"","header-main-stick-meta":"","header-below-stick-meta":"","astra-migrate-meta-layouts":"default","ast-page-background-enabled":"default","ast-page-background-meta":{"desktop":{"background-color":"var(--ast-global-color-5)","background-image":"","background-repeat":"repeat","background-position":"center center","background-size":"auto","background-attachment":"scroll","background-type":"","background-media":"","overlay-type":"","overlay-color":"","overlay-opacity":"","overlay-gradient":""},"tablet":{"background-color":"","background-image":"","background-repeat":"repeat","background-position":"center center","background-size":"auto","background-attachment":"scroll","background-type":"","background-media":"","overlay-type":"","overlay-color":"","overlay-opacity":"","overlay-gradient":""},"mobile":{"background-color":"","background-image":"","background-repeat":"repeat","background-position":"center center","background-size":"auto","background-attachment":"scroll","background-type":"","background-media":"","overlay-type":"","overlay-color":"","overlay-opacity":"","overlay-gradient":""}},"ast-content-background-meta":{"desktop":{"background-color":"var(--ast-global-color-4)","background-image":"","background-repeat":"repeat","background-position":"center center","background-size":"auto","background-attachment":"scroll","background-type":"","background-media":"","overlay-type":"","overlay-color":"","overlay-opacity":"","overlay-gradient":""},"tablet":{"background-color":"var(--ast-global-color-4)","background-image":"","background-repeat":"repeat","background-position":"center center","background-size":"auto","background-attachment":"scroll","background-type":"","background-media":"","overlay-type":"","overlay-color":"","overlay-opacity":"","overlay-gradient":""},"mobile":{"background-color":"var(--ast-global-color-4)","background-image":"","background-repeat":"repeat","background-position":"center center","background-size":"auto","background-attachment":"scroll","background-type":"","background-media":"","overlay-type":"","overlay-color":"","overlay-opacity":"","overlay-gradient":""}},"footnotes":""},"class_list":["post-1744","page","type-page","status-publish","hentry"],"yoast_head":"<!-- This site is optimized with the Yoast SEO plugin v25.5 - https:\/\/yoast.com\/wordpress\/plugins\/seo\/ -->\n<title>Calculadora de la mediana - Quick Percent Calculator<\/title>\n<meta name=\"robots\" content=\"index, follow, max-snippet:-1, max-image-preview:large, max-video-preview:-1\" \/>\n<link rel=\"canonical\" href=\"https:\/\/quickpercentcalc.com\/es\/estadisticas\/calculadora-de-la-mediana\/\" \/>\n<meta property=\"og:locale\" content=\"es_ES\" \/>\n<meta property=\"og:type\" content=\"article\" \/>\n<meta property=\"og:title\" content=\"Calculadora de la mediana - Quick Percent Calculator\" \/>\n<meta property=\"og:description\" content=\"Calcula la mediana. Nuestra calculadora encuentra la mediana por ti. La mediana es el n\u00famero medio de una lista ordenada [&hellip;]\" \/>\n<meta property=\"og:url\" content=\"https:\/\/quickpercentcalc.com\/es\/estadisticas\/calculadora-de-la-mediana\/\" \/>\n<meta property=\"og:site_name\" content=\"Quick Percent Calculator\" \/>\n<meta property=\"article:modified_time\" content=\"2025-04-07T18:49:10+00:00\" \/>\n<meta name=\"twitter:card\" content=\"summary_large_image\" \/>\n<meta name=\"twitter:label1\" content=\"Tiempo de lectura\" \/>\n\t<meta name=\"twitter:data1\" content=\"1 minuto\" \/>\n<script type=\"application\/ld+json\" class=\"yoast-schema-graph\">{\"@context\":\"https:\/\/schema.org\",\"@graph\":[{\"@type\":\"WebPage\",\"@id\":\"https:\/\/quickpercentcalc.com\/es\/estadisticas\/calculadora-de-la-mediana\/\",\"url\":\"https:\/\/quickpercentcalc.com\/es\/estadisticas\/calculadora-de-la-mediana\/\",\"name\":\"Calculadora de la mediana - Quick Percent Calculator\",\"isPartOf\":{\"@id\":\"https:\/\/quickpercentcalc.com\/es\/#website\"},\"datePublished\":\"2021-03-03T09:18:08+00:00\",\"dateModified\":\"2025-04-07T18:49:10+00:00\",\"breadcrumb\":{\"@id\":\"https:\/\/quickpercentcalc.com\/es\/estadisticas\/calculadora-de-la-mediana\/#breadcrumb\"},\"inLanguage\":\"es\",\"potentialAction\":[{\"@type\":\"ReadAction\",\"target\":[\"https:\/\/quickpercentcalc.com\/es\/estadisticas\/calculadora-de-la-mediana\/\"]}]},{\"@type\":\"BreadcrumbList\",\"@id\":\"https:\/\/quickpercentcalc.com\/es\/estadisticas\/calculadora-de-la-mediana\/#breadcrumb\",\"itemListElement\":[{\"@type\":\"ListItem\",\"position\":1,\"name\":\"Home\",\"item\":\"https:\/\/quickpercentcalc.com\/es\/\"},{\"@type\":\"ListItem\",\"position\":2,\"name\":\"Estad\u00edsticas\",\"item\":\"https:\/\/quickpercentcalc.com\/es\/statistics\/\"},{\"@type\":\"ListItem\",\"position\":3,\"name\":\"Calculadora de la mediana\"}]},{\"@type\":\"WebSite\",\"@id\":\"https:\/\/quickpercentcalc.com\/es\/#website\",\"url\":\"https:\/\/quickpercentcalc.com\/es\/\",\"name\":\"Quick Percent Calculator\",\"description\":\"\",\"potentialAction\":[{\"@type\":\"SearchAction\",\"target\":{\"@type\":\"EntryPoint\",\"urlTemplate\":\"https:\/\/quickpercentcalc.com\/es\/?s={search_term_string}\"},\"query-input\":{\"@type\":\"PropertyValueSpecification\",\"valueRequired\":true,\"valueName\":\"search_term_string\"}}],\"inLanguage\":\"es\"}]}<\/script>\n<!-- \/ Yoast SEO plugin. -->","yoast_head_json":{"title":"Calculadora de la mediana - Quick Percent Calculator","robots":{"index":"index","follow":"follow","max-snippet":"max-snippet:-1","max-image-preview":"max-image-preview:large","max-video-preview":"max-video-preview:-1"},"canonical":"https:\/\/quickpercentcalc.com\/es\/estadisticas\/calculadora-de-la-mediana\/","og_locale":"es_ES","og_type":"article","og_title":"Calculadora de la mediana - Quick Percent Calculator","og_description":"Calcula la mediana. Nuestra calculadora encuentra la mediana por ti. La mediana es el n\u00famero medio de una lista ordenada [&hellip;]","og_url":"https:\/\/quickpercentcalc.com\/es\/estadisticas\/calculadora-de-la-mediana\/","og_site_name":"Quick Percent Calculator","article_modified_time":"2025-04-07T18:49:10+00:00","twitter_card":"summary_large_image","twitter_misc":{"Tiempo de lectura":"1 minuto"},"schema":{"@context":"https:\/\/schema.org","@graph":[{"@type":"WebPage","@id":"https:\/\/quickpercentcalc.com\/es\/estadisticas\/calculadora-de-la-mediana\/","url":"https:\/\/quickpercentcalc.com\/es\/estadisticas\/calculadora-de-la-mediana\/","name":"Calculadora de la mediana - Quick Percent Calculator","isPartOf":{"@id":"https:\/\/quickpercentcalc.com\/es\/#website"},"datePublished":"2021-03-03T09:18:08+00:00","dateModified":"2025-04-07T18:49:10+00:00","breadcrumb":{"@id":"https:\/\/quickpercentcalc.com\/es\/estadisticas\/calculadora-de-la-mediana\/#breadcrumb"},"inLanguage":"es","potentialAction":[{"@type":"ReadAction","target":["https:\/\/quickpercentcalc.com\/es\/estadisticas\/calculadora-de-la-mediana\/"]}]},{"@type":"BreadcrumbList","@id":"https:\/\/quickpercentcalc.com\/es\/estadisticas\/calculadora-de-la-mediana\/#breadcrumb","itemListElement":[{"@type":"ListItem","position":1,"name":"Home","item":"https:\/\/quickpercentcalc.com\/es\/"},{"@type":"ListItem","position":2,"name":"Estad\u00edsticas","item":"https:\/\/quickpercentcalc.com\/es\/statistics\/"},{"@type":"ListItem","position":3,"name":"Calculadora de la mediana"}]},{"@type":"WebSite","@id":"https:\/\/quickpercentcalc.com\/es\/#website","url":"https:\/\/quickpercentcalc.com\/es\/","name":"Quick Percent Calculator","description":"","potentialAction":[{"@type":"SearchAction","target":{"@type":"EntryPoint","urlTemplate":"https:\/\/quickpercentcalc.com\/es\/?s={search_term_string}"},"query-input":{"@type":"PropertyValueSpecification","valueRequired":true,"valueName":"search_term_string"}}],"inLanguage":"es"}]}},"_links":{"self":[{"href":"https:\/\/quickpercentcalc.com\/es\/wp-json\/wp\/v2\/pages\/1744","targetHints":{"allow":["GET"]}}],"collection":[{"href":"https:\/\/quickpercentcalc.com\/es\/wp-json\/wp\/v2\/pages"}],"about":[{"href":"https:\/\/quickpercentcalc.com\/es\/wp-json\/wp\/v2\/types\/page"}],"author":[{"embeddable":true,"href":"https:\/\/quickpercentcalc.com\/es\/wp-json\/wp\/v2\/users\/1"}],"replies":[{"embeddable":true,"href":"https:\/\/quickpercentcalc.com\/es\/wp-json\/wp\/v2\/comments?post=1744"}],"version-history":[{"count":1,"href":"https:\/\/quickpercentcalc.com\/es\/wp-json\/wp\/v2\/pages\/1744\/revisions"}],"predecessor-version":[{"id":1745,"href":"https:\/\/quickpercentcalc.com\/es\/wp-json\/wp\/v2\/pages\/1744\/revisions\/1745"}],"up":[{"embeddable":true,"href":"https:\/\/quickpercentcalc.com\/es\/wp-json\/wp\/v2\/pages\/1709"}],"wp:attachment":[{"href":"https:\/\/quickpercentcalc.com\/es\/wp-json\/wp\/v2\/media?parent=1744"}],"curies":[{"name":"wp","href":"https:\/\/api.w.org\/{rel}","templated":true}]}}