{"id":1812,"date":"2024-01-20T12:06:42","date_gmt":"2024-01-20T12:06:42","guid":{"rendered":"https:\/\/quickpercentcalc.com\/varios\/calculadora-de-maraton\/"},"modified":"2025-04-07T18:56:29","modified_gmt":"2025-04-07T18:56:29","slug":"calculadora-de-maraton","status":"publish","type":"page","link":"https:\/\/quickpercentcalc.com\/es\/varios\/calculadora-de-maraton\/","title":{"rendered":"Calculadora de marat\u00f3n"},"content":{"rendered":"\n<p>\u00a1Calcula el tiempo de tu marat\u00f3n! Nuestra calculadora de carrera toma tu tiempo o velocidad deseados y calcula el ritmo\/tiempo por ti. <\/p>\n\n<p>\u00a1Consulta tambi\u00e9n nuestra<a href=\"https:\/\/quickpercentcalc.com\/misc\/1rm-strength-calculator\/\"> calculadora de fuerza 1RM!<\/a><\/p>\n\n<h2 class=\"wp-block-heading\">Calculadora de carrera<\/h2>\n\n<p>Introduce la distancia que corres en una distancia determinada, y la calculadora te mostrar\u00e1 el ritmo por km, 5 km, 10 km, media marat\u00f3n, marat\u00f3n completa y 50 km.<\/p>\n\n   <!-- script remains unchanged; it's logic, not language -->   <label for=\"timer\">Horas<\/label> <input type=\"number\" id=\"timer\" min=\"0\"\/> <br\/><br\/> <label for=\"minutter\">Actas<\/label> <input type=\"number\" id=\"minutter\" min=\"0\"\/> <br\/><br\/> <label for=\"sekunder\">Segundos<\/label> <input type=\"number\" id=\"sekunder\" min=\"0\"\/> <br\/><br\/> <label for=\"distanse\">Distancia (kil\u00f3metros)<\/label> <input type=\"number\" id=\"distanse\" min=\"0\"\/> <br\/><br\/><input type=\"button\" id=\"regnut\" value=\"Calcula\" onclick=\"regnUt()\"\/>\n<br\/><br\/><div id=\"resultatBoks\" style=\"visibility: hidden;\">\n    <span>Resultados:<\/span><br\/>    <span id=\"resultat\" class=\"maratonResultat\"><\/span>\n<\/div>\n\n \n\n<h2 class=\"wp-block-heading\">\u00bfCu\u00e1nto dura un marat\u00f3n?<\/h2>\n\n<p>Un marat\u00f3n mide 42,195 kil\u00f3metros, lo que equivale a 42.195 metros.<\/p>\n\n<p>Esta impresionante distancia se remonta a los Juegos Ol\u00edmpicos de Londres de 1908, en los que los organizadores a\u00f1adieron 385 metros m\u00e1s para garantizar que la carrera empezara en el castillo de Windsor y terminara ante la familia real brit\u00e1nica en el palacio de Buckingham. Desde entonces, esta distancia se ha estandarizado como la distancia oficial del marat\u00f3n en todo el mundo. <\/p>\n\n<h2 class=\"wp-block-heading\">\u00bfQu\u00e9 es un medio marat\u00f3n?<\/h2>\n\n<p>Un medio marat\u00f3n es una carrera de 21,1 kil\u00f3metros, exactamente la mitad de un marat\u00f3n completo. Este formato ofrece una mezcla \u00fanica de resistencia y velocidad, lo que la convierte en una distancia atractiva para un amplio abanico de corredores. Muchos utilizan el medio marat\u00f3n como paso previo al marat\u00f3n completo, mientras que otros lo prefieren como distancia principal de carrera.  <\/p>\n\n<p>Un medio marat\u00f3n es algo m\u00e1s que una carrera: es un viaje. Con la preparaci\u00f3n y la mentalidad adecuadas, cualquiera puede disfrutar de la emoci\u00f3n de cruzar la l\u00ednea de meta tras 21,1 kil\u00f3metros desafiantes y gratificantes. <\/p>\n\n<h2 class=\"wp-block-heading\">Plan de entrenamiento para marat\u00f3n<\/h2>\n\n<p>Un plan de entrenamiento para marat\u00f3n bien estructurado es esencial para prepararse para uno de los retos m\u00e1s exigentes del running: el marat\u00f3n. Tanto si eres un corredor experimentado como un principiante, un plan de entrenamiento espec\u00edfico proporciona las pautas para desarrollar la resistencia, la fuerza y el rendimiento necesarios para conquistar la legendaria distancia de 42,195 km. <\/p>\n\n<p>Si sue\u00f1as con completar un marat\u00f3n, es importante tener un plan de entrenamiento estructurado. Este programa de entrenamiento para marat\u00f3n est\u00e1 dise\u00f1ado tanto para principiantes como para corredores m\u00e1s experimentados que quieran alcanzar sus objetivos. A continuaci\u00f3n encontrar\u00e1s un resumen semanal de las sesiones de entrenamiento:  <\/p>\n\n<p><strong>Semana 1-4: Desarrollo de la resistencia de base<\/strong><\/p>\n\n<ul class=\"wp-block-list\">\n<li><strong>Lunes<\/strong> 45 minutos de carrera f\u00e1cil<\/li>\n\n\n\n<li><strong>Mi\u00e9rcoles:<\/strong> 30 minutos de carrera centrados en la t\u00e9cnica<\/li>\n\n\n\n<li><strong>Viernes:<\/strong> 60 minutos de carrera lenta<\/li>\n\n\n\n<li><strong>Domingo:<\/strong> 90 minutos de carrera lenta<\/li>\n<\/ul>\n\n<p><strong>Semana 5-8: Aumentar la distancia<\/strong><\/p>\n\n<ul class=\"wp-block-list\">\n<li><strong>Lunes<\/strong> 45 minutos de carrera f\u00e1cil<\/li>\n\n\n\n<li><strong>Mi\u00e9rcoles:<\/strong> 40 minutos de carrera centrados en el ritmo<\/li>\n\n\n\n<li><strong>Viernes:<\/strong> 75 minutos de carrera lenta<\/li>\n\n\n\n<li><strong>Domingo:<\/strong> 2 horas de carrera lenta<\/li>\n<\/ul>\n\n<p><strong>Semana 9-12: Aumenta la resistencia y la velocidad<\/strong><\/p>\n\n<ul class=\"wp-block-list\">\n<li><strong>Lunes<\/strong> 45 minutos corriendo con algunos intervalos de sprint<\/li>\n\n\n\n<li><strong>Mi\u00e9rcoles:<\/strong> 50 minutos de carrera con aumento del ritmo<\/li>\n\n\n\n<li><strong>Viernes:<\/strong> 90 minutos de carrera lenta<\/li>\n\n\n\n<li><strong>Domingo:<\/strong> 2,5 horas de carrera lenta<\/li>\n<\/ul>\n\n<p><strong>Semana 13-16: Preparaci\u00f3n espec\u00edfica para el marat\u00f3n<\/strong><\/p>\n\n<ul class=\"wp-block-list\">\n<li><strong>Lunes<\/strong> 45 minutos corriendo con entrenamiento de velocidad<\/li>\n\n\n\n<li><strong>Mi\u00e9rcoles:<\/strong> 60 minutos de carrera con sesiones largas de tempo<\/li>\n\n\n\n<li><strong>Viernes:<\/strong> 100 minutos de carrera lenta<\/li>\n\n\n\n<li><strong>Domingo<\/strong> 3 horas de carrera lenta<\/li>\n<\/ul>\n\n<p><strong>Semana 17-20: Reducci\u00f3n y recuperaci\u00f3n<\/strong><\/p>\n\n<ul class=\"wp-block-list\">\n<li><strong>Lunes<\/strong> 45 minutos de carrera ligera<\/li>\n\n\n\n<li><strong>Mi\u00e9rcoles<\/strong> 40 minutos de carrera ligera<\/li>\n\n\n\n<li><strong>Viernes<\/strong> 30 minutos de carrera ligera<\/li>\n\n\n\n<li><strong>Domingo:<\/strong> \u00a1Carrera de marat\u00f3n!<\/li>\n<\/ul>\n\n<p>Aseg\u00farate de incluir ejercicios de fuerza y estiramiento a lo largo del programa para prevenir lesiones y mejorar tu forma de correr.<\/p>\n\n<p>Si sigues este programa de entrenamiento para el marat\u00f3n y lo combinas con una nutrici\u00f3n adecuada y un descanso suficiente, estar\u00e1s bien equipado para cruzar la l\u00ednea de meta en tu pr\u00f3ximo marat\u00f3n. Buena suerte con tu entrenamiento, \u00a1y disfruta del viaje hacia la consecuci\u00f3n de tus objetivos! <\/p>\n","protected":false},"excerpt":{"rendered":"<p>\u00a1Calcula el tiempo de tu marat\u00f3n! Nuestra calculadora de carrera toma tu tiempo o velocidad deseados y calcula el ritmo\/tiempo [&hellip;]<\/p>\n","protected":false},"author":1,"featured_media":0,"parent":1777,"menu_order":0,"comment_status":"closed","ping_status":"closed","template":"kalkulator-side.php","meta":{"site-sidebar-layout":"default","site-content-layout":"default","ast-site-content-layout":"default","site-content-style":"default","site-sidebar-style":"default","ast-global-header-display":"","ast-banner-title-visibility":"","ast-main-header-display":"","ast-hfb-above-header-display":"","ast-hfb-below-header-display":"","ast-hfb-mobile-header-display":"","site-post-title":"","ast-breadcrumbs-content":"","ast-featured-img":"","footer-sml-layout":"","theme-transparent-header-meta":"default","adv-header-id-meta":"","stick-header-meta":"default","header-above-stick-meta":"","header-main-stick-meta":"","header-below-stick-meta":"","astra-migrate-meta-layouts":"default","ast-page-background-enabled":"default","ast-page-background-meta":{"desktop":{"background-color":"var(--ast-global-color-5)","background-image":"","background-repeat":"repeat","background-position":"center center","background-size":"auto","background-attachment":"scroll","background-type":"","background-media":"","overlay-type":"","overlay-color":"","overlay-opacity":"","overlay-gradient":""},"tablet":{"background-color":"","background-image":"","background-repeat":"repeat","background-position":"center center","background-size":"auto","background-attachment":"scroll","background-type":"","background-media":"","overlay-type":"","overlay-color":"","overlay-opacity":"","overlay-gradient":""},"mobile":{"background-color":"","background-image":"","background-repeat":"repeat","background-position":"center center","background-size":"auto","background-attachment":"scroll","background-type":"","background-media":"","overlay-type":"","overlay-color":"","overlay-opacity":"","overlay-gradient":""}},"ast-content-background-meta":{"desktop":{"background-color":"var(--ast-global-color-4)","background-image":"","background-repeat":"repeat","background-position":"center center","background-size":"auto","background-attachment":"scroll","background-type":"","background-media":"","overlay-type":"","overlay-color":"","overlay-opacity":"","overlay-gradient":""},"tablet":{"background-color":"var(--ast-global-color-4)","background-image":"","background-repeat":"repeat","background-position":"center center","background-size":"auto","background-attachment":"scroll","background-type":"","background-media":"","overlay-type":"","overlay-color":"","overlay-opacity":"","overlay-gradient":""},"mobile":{"background-color":"var(--ast-global-color-4)","background-image":"","background-repeat":"repeat","background-position":"center center","background-size":"auto","background-attachment":"scroll","background-type":"","background-media":"","overlay-type":"","overlay-color":"","overlay-opacity":"","overlay-gradient":""}},"footnotes":""},"class_list":["post-1812","page","type-page","status-publish","hentry"],"yoast_head":"<!-- This site is optimized with the Yoast SEO plugin v25.5 - https:\/\/yoast.com\/wordpress\/plugins\/seo\/ -->\n<title>Calculadora de carrera - Calculadora de marat\u00f3n - Encuentra tu ritmo<\/title>\n<meta name=\"description\" content=\"Nuestra calculadora de carrera te ayuda a encontrar tu tiempo \u00f3ptimo de marat\u00f3n.\" \/>\n<meta name=\"robots\" content=\"index, follow, max-snippet:-1, max-image-preview:large, max-video-preview:-1\" \/>\n<link rel=\"canonical\" href=\"https:\/\/quickpercentcalc.com\/es\/varios\/calculadora-de-maraton\/\" \/>\n<meta property=\"og:locale\" content=\"es_ES\" \/>\n<meta property=\"og:type\" content=\"article\" \/>\n<meta property=\"og:title\" content=\"Calculadora de carrera - Calculadora de marat\u00f3n - Encuentra tu ritmo\" \/>\n<meta property=\"og:description\" content=\"Nuestra calculadora de carrera te ayuda a encontrar tu tiempo \u00f3ptimo de marat\u00f3n.\" \/>\n<meta property=\"og:url\" content=\"https:\/\/quickpercentcalc.com\/es\/varios\/calculadora-de-maraton\/\" \/>\n<meta property=\"og:site_name\" content=\"Quick Percent Calculator\" \/>\n<meta property=\"article:modified_time\" content=\"2025-04-07T18:56:29+00:00\" \/>\n<meta name=\"twitter:card\" content=\"summary_large_image\" \/>\n<meta name=\"twitter:label1\" content=\"Tiempo de lectura\" \/>\n\t<meta name=\"twitter:data1\" content=\"3 minutos\" \/>\n<script type=\"application\/ld+json\" class=\"yoast-schema-graph\">{\"@context\":\"https:\/\/schema.org\",\"@graph\":[{\"@type\":\"WebPage\",\"@id\":\"https:\/\/quickpercentcalc.com\/es\/varios\/calculadora-de-maraton\/\",\"url\":\"https:\/\/quickpercentcalc.com\/es\/varios\/calculadora-de-maraton\/\",\"name\":\"Calculadora de carrera - Calculadora de marat\u00f3n - Encuentra tu ritmo\",\"isPartOf\":{\"@id\":\"https:\/\/quickpercentcalc.com\/es\/#website\"},\"datePublished\":\"2024-01-20T12:06:42+00:00\",\"dateModified\":\"2025-04-07T18:56:29+00:00\",\"description\":\"Nuestra calculadora de carrera te ayuda a encontrar tu tiempo \u00f3ptimo de marat\u00f3n.\",\"breadcrumb\":{\"@id\":\"https:\/\/quickpercentcalc.com\/es\/varios\/calculadora-de-maraton\/#breadcrumb\"},\"inLanguage\":\"es\",\"potentialAction\":[{\"@type\":\"ReadAction\",\"target\":[\"https:\/\/quickpercentcalc.com\/es\/varios\/calculadora-de-maraton\/\"]}]},{\"@type\":\"BreadcrumbList\",\"@id\":\"https:\/\/quickpercentcalc.com\/es\/varios\/calculadora-de-maraton\/#breadcrumb\",\"itemListElement\":[{\"@type\":\"ListItem\",\"position\":1,\"name\":\"Home\",\"item\":\"https:\/\/quickpercentcalc.com\/es\/\"},{\"@type\":\"ListItem\",\"position\":2,\"name\":\"Varios\",\"item\":\"https:\/\/quickpercentcalc.com\/es\/misc\/\"},{\"@type\":\"ListItem\",\"position\":3,\"name\":\"Calculadora de marat\u00f3n\"}]},{\"@type\":\"WebSite\",\"@id\":\"https:\/\/quickpercentcalc.com\/es\/#website\",\"url\":\"https:\/\/quickpercentcalc.com\/es\/\",\"name\":\"Quick Percent Calculator\",\"description\":\"\",\"potentialAction\":[{\"@type\":\"SearchAction\",\"target\":{\"@type\":\"EntryPoint\",\"urlTemplate\":\"https:\/\/quickpercentcalc.com\/es\/?s={search_term_string}\"},\"query-input\":{\"@type\":\"PropertyValueSpecification\",\"valueRequired\":true,\"valueName\":\"search_term_string\"}}],\"inLanguage\":\"es\"}]}<\/script>\n<!-- \/ Yoast SEO plugin. -->","yoast_head_json":{"title":"Calculadora de carrera - Calculadora de marat\u00f3n - Encuentra tu ritmo","description":"Nuestra calculadora de carrera te ayuda a encontrar tu tiempo \u00f3ptimo de marat\u00f3n.","robots":{"index":"index","follow":"follow","max-snippet":"max-snippet:-1","max-image-preview":"max-image-preview:large","max-video-preview":"max-video-preview:-1"},"canonical":"https:\/\/quickpercentcalc.com\/es\/varios\/calculadora-de-maraton\/","og_locale":"es_ES","og_type":"article","og_title":"Calculadora de carrera - Calculadora de marat\u00f3n - Encuentra tu ritmo","og_description":"Nuestra calculadora de carrera te ayuda a encontrar tu tiempo \u00f3ptimo de marat\u00f3n.","og_url":"https:\/\/quickpercentcalc.com\/es\/varios\/calculadora-de-maraton\/","og_site_name":"Quick Percent Calculator","article_modified_time":"2025-04-07T18:56:29+00:00","twitter_card":"summary_large_image","twitter_misc":{"Tiempo de lectura":"3 minutos"},"schema":{"@context":"https:\/\/schema.org","@graph":[{"@type":"WebPage","@id":"https:\/\/quickpercentcalc.com\/es\/varios\/calculadora-de-maraton\/","url":"https:\/\/quickpercentcalc.com\/es\/varios\/calculadora-de-maraton\/","name":"Calculadora de carrera - Calculadora de marat\u00f3n - Encuentra tu ritmo","isPartOf":{"@id":"https:\/\/quickpercentcalc.com\/es\/#website"},"datePublished":"2024-01-20T12:06:42+00:00","dateModified":"2025-04-07T18:56:29+00:00","description":"Nuestra calculadora de carrera te ayuda a encontrar tu tiempo \u00f3ptimo de marat\u00f3n.","breadcrumb":{"@id":"https:\/\/quickpercentcalc.com\/es\/varios\/calculadora-de-maraton\/#breadcrumb"},"inLanguage":"es","potentialAction":[{"@type":"ReadAction","target":["https:\/\/quickpercentcalc.com\/es\/varios\/calculadora-de-maraton\/"]}]},{"@type":"BreadcrumbList","@id":"https:\/\/quickpercentcalc.com\/es\/varios\/calculadora-de-maraton\/#breadcrumb","itemListElement":[{"@type":"ListItem","position":1,"name":"Home","item":"https:\/\/quickpercentcalc.com\/es\/"},{"@type":"ListItem","position":2,"name":"Varios","item":"https:\/\/quickpercentcalc.com\/es\/misc\/"},{"@type":"ListItem","position":3,"name":"Calculadora de marat\u00f3n"}]},{"@type":"WebSite","@id":"https:\/\/quickpercentcalc.com\/es\/#website","url":"https:\/\/quickpercentcalc.com\/es\/","name":"Quick Percent Calculator","description":"","potentialAction":[{"@type":"SearchAction","target":{"@type":"EntryPoint","urlTemplate":"https:\/\/quickpercentcalc.com\/es\/?s={search_term_string}"},"query-input":{"@type":"PropertyValueSpecification","valueRequired":true,"valueName":"search_term_string"}}],"inLanguage":"es"}]}},"_links":{"self":[{"href":"https:\/\/quickpercentcalc.com\/es\/wp-json\/wp\/v2\/pages\/1812","targetHints":{"allow":["GET"]}}],"collection":[{"href":"https:\/\/quickpercentcalc.com\/es\/wp-json\/wp\/v2\/pages"}],"about":[{"href":"https:\/\/quickpercentcalc.com\/es\/wp-json\/wp\/v2\/types\/page"}],"author":[{"embeddable":true,"href":"https:\/\/quickpercentcalc.com\/es\/wp-json\/wp\/v2\/users\/1"}],"replies":[{"embeddable":true,"href":"https:\/\/quickpercentcalc.com\/es\/wp-json\/wp\/v2\/comments?post=1812"}],"version-history":[{"count":1,"href":"https:\/\/quickpercentcalc.com\/es\/wp-json\/wp\/v2\/pages\/1812\/revisions"}],"predecessor-version":[{"id":1813,"href":"https:\/\/quickpercentcalc.com\/es\/wp-json\/wp\/v2\/pages\/1812\/revisions\/1813"}],"up":[{"embeddable":true,"href":"https:\/\/quickpercentcalc.com\/es\/wp-json\/wp\/v2\/pages\/1777"}],"wp:attachment":[{"href":"https:\/\/quickpercentcalc.com\/es\/wp-json\/wp\/v2\/media?parent=1812"}],"curies":[{"name":"wp","href":"https:\/\/api.w.org\/{rel}","templated":true}]}}