{"id":1896,"date":"2021-04-04T22:44:40","date_gmt":"2021-04-04T22:44:40","guid":{"rendered":"https:\/\/quickpercentcalc.com\/calculadora-del-denominador-comun\/"},"modified":"2025-04-14T11:00:40","modified_gmt":"2025-04-14T11:00:40","slug":"calculadora-del-denominador-comun","status":"publish","type":"page","link":"https:\/\/quickpercentcalc.com\/es\/matematicas\/calculadora-del-denominador-comun\/","title":{"rendered":"Calculadora del denominador com\u00fan"},"content":{"rendered":"\n<p>Calcula el denominador com\u00fan. Nuestra calculadora encuentra el denominador com\u00fan por ti. <\/p>\n\n<p>Esta calculadora te ayuda a encontrar el com\u00fan denominador de dos fracciones. Introduce los denominadores de las fracciones y nuestra calculadora te dir\u00e1 cu\u00e1l es el m\u00ednimo com\u00fan denominador. <\/p>\n\n<p>El denominador es el n\u00famero inferior de una fracci\u00f3n. En este ejemplo, 2 es el numerador y 3 el denominador: $$\\frac{2}{3}$$ <\/p>\n\n<script>\n\nfunction lcm_two_numbers(x, y) {\n   if ((typeof x !== 'number') || (typeof y !== 'number')) \n    return false;\n  return (!x || !y) ? 0 : Math.abs((x * y) \/ gcd_two_numbers(x, y));\n}\n\nfunction gcd_two_numbers(x, y) {\n  x = Math.abs(x);\n  y = Math.abs(y);\n  while(y) {\n    var t = y;\n    y = x % y;\n    x = t;\n  }\n  return x;\n}\n\nfunction regnUt(){\n\n    var n3 = parseFloat(\n        document.getElementById(\"n1\").value.replace(\/,\/g, \".\")\n    ).toFixed(4);\n    var n4 = parseFloat(\n        document.getElementById(\"n2\").value.replace(\/,\/g, \".\")\n    ).toFixed(4);\n\n    var n1 = parseFloat(n3);\n    var n2 = parseFloat(n4);\n\n    \/\/ Calculation using the formula\n    var utregning = lcm_two_numbers(parseInt(n1), parseInt(n2));\n    utregning = parseFloat(utregning);\n\n    \/\/ Decide whether to show decimals\n    if (utregning % 1 !== 0) {\n        utregning = utregning.toFixed(4);\n    } else {\n        utregning = utregning.toFixed();\n    }\n\n    \/\/ Show result\n    document.getElementById(\"resultat\").innerHTML = utregning.toString();\n\n    \/\/ Make result visible\n    document.getElementById(\"resultatBoks\").style.visibility = \"initial\";\n}\n<\/script>\n\n<label for=\"n1\">Denominador 1<\/label>\n<input type=\"number\" id=\"n1\" min=\"0\"\/>\n<br\/><br\/><label for=\"n2\">Denominador 2<\/label>\n<input type=\"number\" id=\"n2\" min=\"0\"\/>\n<br\/><br\/>\n<input type=\"button\" id=\"regnut\" value=\"Calcula\" onclick=\"regnUt()\"\/>\n<br\/><br\/><div id=\"resultatBoks\" style=\"visibility: hidden;\">\n    <span>Denominador com\u00fan:<\/span><br\/>    <span id=\"resultat\" class=\"kalkyleResultat\"><\/span>    \n<\/div>\n","protected":false},"excerpt":{"rendered":"<p>Calcula el denominador com\u00fan. Nuestra calculadora encuentra el denominador com\u00fan por ti. Esta calculadora te ayuda a encontrar el com\u00fan [&hellip;]<\/p>\n","protected":false},"author":1,"featured_media":0,"parent":1618,"menu_order":0,"comment_status":"closed","ping_status":"closed","template":"kalkulator-side.php","meta":{"site-sidebar-layout":"default","site-content-layout":"default","ast-site-content-layout":"","site-content-style":"default","site-sidebar-style":"default","ast-global-header-display":"","ast-banner-title-visibility":"","ast-main-header-display":"","ast-hfb-above-header-display":"","ast-hfb-below-header-display":"","ast-hfb-mobile-header-display":"","site-post-title":"","ast-breadcrumbs-content":"","ast-featured-img":"","footer-sml-layout":"","theme-transparent-header-meta":"default","adv-header-id-meta":"","stick-header-meta":"default","header-above-stick-meta":"","header-main-stick-meta":"","header-below-stick-meta":"","astra-migrate-meta-layouts":"default","ast-page-background-enabled":"default","ast-page-background-meta":{"desktop":{"background-color":"var(--ast-global-color-5)","background-image":"","background-repeat":"repeat","background-position":"center center","background-size":"auto","background-attachment":"scroll","background-type":"","background-media":"","overlay-type":"","overlay-color":"","overlay-opacity":"","overlay-gradient":""},"tablet":{"background-color":"","background-image":"","background-repeat":"repeat","background-position":"center center","background-size":"auto","background-attachment":"scroll","background-type":"","background-media":"","overlay-type":"","overlay-color":"","overlay-opacity":"","overlay-gradient":""},"mobile":{"background-color":"","background-image":"","background-repeat":"repeat","background-position":"center center","background-size":"auto","background-attachment":"scroll","background-type":"","background-media":"","overlay-type":"","overlay-color":"","overlay-opacity":"","overlay-gradient":""}},"ast-content-background-meta":{"desktop":{"background-color":"var(--ast-global-color-4)","background-image":"","background-repeat":"repeat","background-position":"center center","background-size":"auto","background-attachment":"scroll","background-type":"","background-media":"","overlay-type":"","overlay-color":"","overlay-opacity":"","overlay-gradient":""},"tablet":{"background-color":"var(--ast-global-color-4)","background-image":"","background-repeat":"repeat","background-position":"center center","background-size":"auto","background-attachment":"scroll","background-type":"","background-media":"","overlay-type":"","overlay-color":"","overlay-opacity":"","overlay-gradient":""},"mobile":{"background-color":"var(--ast-global-color-4)","background-image":"","background-repeat":"repeat","background-position":"center center","background-size":"auto","background-attachment":"scroll","background-type":"","background-media":"","overlay-type":"","overlay-color":"","overlay-opacity":"","overlay-gradient":""}},"footnotes":""},"class_list":["post-1896","page","type-page","status-publish","hentry"],"yoast_head":"<!-- This site is optimized with the Yoast SEO plugin v25.5 - https:\/\/yoast.com\/wordpress\/plugins\/seo\/ -->\n<title>Calculadora del denominador com\u00fan - Quick Percent Calculator<\/title>\n<meta name=\"robots\" content=\"index, follow, max-snippet:-1, max-image-preview:large, max-video-preview:-1\" \/>\n<link rel=\"canonical\" href=\"https:\/\/quickpercentcalc.com\/es\/matematicas\/calculadora-del-denominador-comun\/\" \/>\n<meta property=\"og:locale\" content=\"es_ES\" \/>\n<meta property=\"og:type\" content=\"article\" \/>\n<meta property=\"og:title\" content=\"Calculadora del denominador com\u00fan - Quick Percent Calculator\" \/>\n<meta property=\"og:description\" content=\"Calcula el denominador com\u00fan. Nuestra calculadora encuentra el denominador com\u00fan por ti. Esta calculadora te ayuda a encontrar el com\u00fan [&hellip;]\" \/>\n<meta property=\"og:url\" content=\"https:\/\/quickpercentcalc.com\/es\/matematicas\/calculadora-del-denominador-comun\/\" \/>\n<meta property=\"og:site_name\" content=\"Quick Percent Calculator\" \/>\n<meta property=\"article:modified_time\" content=\"2025-04-14T11:00:40+00:00\" \/>\n<meta name=\"twitter:card\" content=\"summary_large_image\" \/>\n<script type=\"application\/ld+json\" class=\"yoast-schema-graph\">{\"@context\":\"https:\/\/schema.org\",\"@graph\":[{\"@type\":\"WebPage\",\"@id\":\"https:\/\/quickpercentcalc.com\/es\/matematicas\/calculadora-del-denominador-comun\/\",\"url\":\"https:\/\/quickpercentcalc.com\/es\/matematicas\/calculadora-del-denominador-comun\/\",\"name\":\"Calculadora del denominador com\u00fan - Quick Percent Calculator\",\"isPartOf\":{\"@id\":\"https:\/\/quickpercentcalc.com\/es\/#website\"},\"datePublished\":\"2021-04-04T22:44:40+00:00\",\"dateModified\":\"2025-04-14T11:00:40+00:00\",\"breadcrumb\":{\"@id\":\"https:\/\/quickpercentcalc.com\/es\/matematicas\/calculadora-del-denominador-comun\/#breadcrumb\"},\"inLanguage\":\"es\",\"potentialAction\":[{\"@type\":\"ReadAction\",\"target\":[\"https:\/\/quickpercentcalc.com\/es\/matematicas\/calculadora-del-denominador-comun\/\"]}]},{\"@type\":\"BreadcrumbList\",\"@id\":\"https:\/\/quickpercentcalc.com\/es\/matematicas\/calculadora-del-denominador-comun\/#breadcrumb\",\"itemListElement\":[{\"@type\":\"ListItem\",\"position\":1,\"name\":\"Home\",\"item\":\"https:\/\/quickpercentcalc.com\/es\/\"},{\"@type\":\"ListItem\",\"position\":2,\"name\":\"Calculadora del denominador com\u00fan\"}]},{\"@type\":\"WebSite\",\"@id\":\"https:\/\/quickpercentcalc.com\/es\/#website\",\"url\":\"https:\/\/quickpercentcalc.com\/es\/\",\"name\":\"Quick Percent Calculator\",\"description\":\"\",\"potentialAction\":[{\"@type\":\"SearchAction\",\"target\":{\"@type\":\"EntryPoint\",\"urlTemplate\":\"https:\/\/quickpercentcalc.com\/es\/?s={search_term_string}\"},\"query-input\":{\"@type\":\"PropertyValueSpecification\",\"valueRequired\":true,\"valueName\":\"search_term_string\"}}],\"inLanguage\":\"es\"}]}<\/script>\n<!-- \/ Yoast SEO plugin. -->","yoast_head_json":{"title":"Calculadora del denominador com\u00fan - Quick Percent Calculator","robots":{"index":"index","follow":"follow","max-snippet":"max-snippet:-1","max-image-preview":"max-image-preview:large","max-video-preview":"max-video-preview:-1"},"canonical":"https:\/\/quickpercentcalc.com\/es\/matematicas\/calculadora-del-denominador-comun\/","og_locale":"es_ES","og_type":"article","og_title":"Calculadora del denominador com\u00fan - Quick Percent Calculator","og_description":"Calcula el denominador com\u00fan. Nuestra calculadora encuentra el denominador com\u00fan por ti. Esta calculadora te ayuda a encontrar el com\u00fan [&hellip;]","og_url":"https:\/\/quickpercentcalc.com\/es\/matematicas\/calculadora-del-denominador-comun\/","og_site_name":"Quick Percent Calculator","article_modified_time":"2025-04-14T11:00:40+00:00","twitter_card":"summary_large_image","schema":{"@context":"https:\/\/schema.org","@graph":[{"@type":"WebPage","@id":"https:\/\/quickpercentcalc.com\/es\/matematicas\/calculadora-del-denominador-comun\/","url":"https:\/\/quickpercentcalc.com\/es\/matematicas\/calculadora-del-denominador-comun\/","name":"Calculadora del denominador com\u00fan - Quick Percent Calculator","isPartOf":{"@id":"https:\/\/quickpercentcalc.com\/es\/#website"},"datePublished":"2021-04-04T22:44:40+00:00","dateModified":"2025-04-14T11:00:40+00:00","breadcrumb":{"@id":"https:\/\/quickpercentcalc.com\/es\/matematicas\/calculadora-del-denominador-comun\/#breadcrumb"},"inLanguage":"es","potentialAction":[{"@type":"ReadAction","target":["https:\/\/quickpercentcalc.com\/es\/matematicas\/calculadora-del-denominador-comun\/"]}]},{"@type":"BreadcrumbList","@id":"https:\/\/quickpercentcalc.com\/es\/matematicas\/calculadora-del-denominador-comun\/#breadcrumb","itemListElement":[{"@type":"ListItem","position":1,"name":"Home","item":"https:\/\/quickpercentcalc.com\/es\/"},{"@type":"ListItem","position":2,"name":"Calculadora del denominador com\u00fan"}]},{"@type":"WebSite","@id":"https:\/\/quickpercentcalc.com\/es\/#website","url":"https:\/\/quickpercentcalc.com\/es\/","name":"Quick Percent Calculator","description":"","potentialAction":[{"@type":"SearchAction","target":{"@type":"EntryPoint","urlTemplate":"https:\/\/quickpercentcalc.com\/es\/?s={search_term_string}"},"query-input":{"@type":"PropertyValueSpecification","valueRequired":true,"valueName":"search_term_string"}}],"inLanguage":"es"}]}},"_links":{"self":[{"href":"https:\/\/quickpercentcalc.com\/es\/wp-json\/wp\/v2\/pages\/1896","targetHints":{"allow":["GET"]}}],"collection":[{"href":"https:\/\/quickpercentcalc.com\/es\/wp-json\/wp\/v2\/pages"}],"about":[{"href":"https:\/\/quickpercentcalc.com\/es\/wp-json\/wp\/v2\/types\/page"}],"author":[{"embeddable":true,"href":"https:\/\/quickpercentcalc.com\/es\/wp-json\/wp\/v2\/users\/1"}],"replies":[{"embeddable":true,"href":"https:\/\/quickpercentcalc.com\/es\/wp-json\/wp\/v2\/comments?post=1896"}],"version-history":[{"count":1,"href":"https:\/\/quickpercentcalc.com\/es\/wp-json\/wp\/v2\/pages\/1896\/revisions"}],"predecessor-version":[{"id":1897,"href":"https:\/\/quickpercentcalc.com\/es\/wp-json\/wp\/v2\/pages\/1896\/revisions\/1897"}],"up":[{"embeddable":true,"href":"https:\/\/quickpercentcalc.com\/es\/wp-json\/wp\/v2\/pages\/1618"}],"wp:attachment":[{"href":"https:\/\/quickpercentcalc.com\/es\/wp-json\/wp\/v2\/media?parent=1896"}],"curies":[{"name":"wp","href":"https:\/\/api.w.org\/{rel}","templated":true}]}}