{"id":1915,"date":"2024-01-16T21:03:36","date_gmt":"2024-01-16T21:03:36","guid":{"rendered":"https:\/\/quickpercentcalc.com\/varios\/calculadora-de-vatios\/"},"modified":"2025-04-08T15:13:03","modified_gmt":"2025-04-08T15:13:03","slug":"calculadora-de-vatios","status":"publish","type":"page","link":"https:\/\/quickpercentcalc.com\/es\/varios\/calculadora-de-vatios\/","title":{"rendered":"Calculadora de vatios"},"content":{"rendered":"\n<p>Calcula amperios, voltios y vatios. Nuestra calculadora te ayuda a calcular amperios, voltios y vatios. <\/p>\n\n<h2 class=\"wp-block-heading\">C\u00f3mo calcular amperios y voltios en vatios<\/h2>\n\n<p>Calcular amperios, voltios y vatios es relativamente sencillo, ya que las tres medidas est\u00e1n estrechamente relacionadas.<\/p>\n\n<p><strong>vatio = amperio x voltio<\/strong><\/p>\n\n<p>Como vemos, se multiplican los amperios y los voltios para obtener los vatios. Tambi\u00e9n podemos reordenar la f\u00f3rmula para obtener amperios o voltios: <\/p>\n\n<p><strong>amperio = vatio \/ voltio<\/strong><\/p>\n\n<p><strong>voltio = vatio \/ amperio<\/strong><\/p>\n\n<script>\n    function regnUtWatt(){\n        var volt = parseFloat(document.getElementById(\"volt\").value.replace(\/,\/g, \".\")) || 0;\n        var ampere = parseFloat(document.getElementById(\"ampere\").value.replace(\/,\/g, \".\")) || 0;\n\n        \/\/ Calculation: watt = volt * ampere\n        var watt = volt * ampere;\n\n        if (!isNaN(watt)) {\n            document.getElementById(\"resultatWatt\").innerHTML = \"Power (Watts): \" + watt.toString() + \" W\";\n            document.getElementById(\"resultatBoksWatt\").style.visibility = \"initial\";\n        }\n    }\n\n    function regnUtAmpere(){\n        var watt = parseFloat(document.getElementById(\"watt\").value.replace(\/,\/g, \".\")) || 0;\n        var volt = parseFloat(document.getElementById(\"voltAmpere\").value.replace(\/,\/g, \".\")) || 0;\n\n        \/\/ Calculation: ampere = watt \/ volt\n        var ampere = watt \/ volt;\n\n        if (!isNaN(ampere)) {\n            document.getElementById(\"resultatAmpere\").innerHTML = \"Current (Amps): \" + ampere.toString() + \" A\";\n            document.getElementById(\"resultatBoksAmpere\").style.visibility = \"initial\";\n        }\n    }\n\n    function regnUtVolt(){\n        var watt = parseFloat(document.getElementById(\"wattVolt\").value.replace(\/,\/g, \".\")) || 0;\n        var ampere = parseFloat(document.getElementById(\"ampereVolt\").value.replace(\/,\/g, \".\")) || 0;\n\n        \/\/ Calculation: volt = watt \/ ampere\n        var volt = watt \/ ampere;\n\n        if (!isNaN(volt)) {\n            document.getElementById(\"resultatVolt\").innerHTML = \"Voltage (Volts): \" + volt.toString() + \" V\";\n            document.getElementById(\"resultatBoksVolt\").style.visibility = \"initial\";\n        }\n    }\n<\/script>\n\n<!-- Calculator for Watts -->\n<h2>Calculadora de vatios<\/h2>\n<label for=\"volt\">Tensi\u00f3n (voltios)<\/label><br\/><input type=\"number\" id=\"volt\" min=\"0\"\/>\n<br\/><br\/>\n<label for=\"ampere\">Corriente (Amperios)<\/label><br\/><input type=\"number\" id=\"ampere\" min=\"0\"\/>\n<br\/><br\/>\n<input type=\"button\" id=\"regnutWatt\" value=\"Calcula\" onclick=\"regnUtWatt()\"\/>\n<br\/><br\/>\n<div id=\"resultatBoksWatt\" style=\"visibility: hidden;\">\n    <span>Resultado:<\/span><br\/>    <span id=\"resultatWatt\" class=\"kalkyleResultat\"><\/span>    \n<\/div>\n<br\/><br\/>\n<!-- Calculator for Amps -->\n<h2>Calculadora de amperios<\/h2>\n<label for=\"watt\">Potencia (vatios)<\/label><br\/><input type=\"number\" id=\"watt\" min=\"0\"\/>\n<br\/><br\/>\n<label for=\"voltAmpere\">Tensi\u00f3n (voltios)<\/label><br\/><input type=\"number\" id=\"voltAmpere\" min=\"0\"\/>\n<br\/><br\/>\n<input type=\"button\" id=\"regnutAmpere\" value=\"Calcula\" onclick=\"regnUtAmpere()\"\/>\n<br\/><br\/>\n<div id=\"resultatBoksAmpere\" style=\"visibility: hidden;\">\n    <span>Resultado:<\/span><br\/>    <span id=\"resultatAmpere\" class=\"kalkyleResultat\"><\/span>    \n<\/div>\n<br\/><br\/>\n<!-- Calculator for Volts -->\n<h2>Calculadora de tensi\u00f3n<\/h2>\n<label for=\"wattVolt\">Potencia (vatios)<\/label><br\/><input type=\"number\" id=\"wattVolt\" min=\"0\"\/>\n<br\/><br\/>\n<label for=\"ampereVolt\">Corriente (Amperios)<\/label><br\/><input type=\"number\" id=\"ampereVolt\" min=\"0\"\/>\n<br\/><br\/>\n<input type=\"button\" id=\"regnutVolt\" value=\"Calcula\" onclick=\"regnUtVolt()\"\/>\n<br\/><br\/>\n<div id=\"resultatBoksVolt\" style=\"visibility: hidden;\">\n    <span>Resultado:<\/span><br\/>    <span id=\"resultatVolt\" class=\"kalkyleResultat\"><\/span>    \n<\/div>\n\n<h2 class=\"wp-block-heading\">\u00bfQu\u00e9 son los amperios y los voltios?<\/h2>\n\n<p>Los amperios y los voltios son unidades fundamentales en electrotecnia que desempe\u00f1an un papel central en la comprensi\u00f3n de la corriente el\u00e9ctrica y la tensi\u00f3n. <strong>Los amperios<\/strong>, a menudo llamados simplemente \u00abamp\u00bb, miden la corriente el\u00e9ctrica e indican cu\u00e1ntos electrones fluyen por un conductor por segundo. Este concepto es especialmente importante a la hora de evaluar el consumo de energ\u00eda y la capacidad de los dispositivos el\u00e9ctricos. Por su parte, <strong>los voltios<\/strong> miden el potencial el\u00e9ctrico. Indica cu\u00e1nta fuerza hay disponible para impulsar la corriente a trav\u00e9s de un circuito. Juntos, los amperios y los voltios dan una imagen completa del rendimiento el\u00e9ctrico, que es crucial para comprender c\u00f3mo funcionan los distintos dispositivos y sistemas.    <\/p>\n\n<h2 class=\"wp-block-heading\">Convertir amperios en vatios<\/h2>\n\n<p>La conversi\u00f3n <strong>de amperios a vatios<\/strong> es un c\u00e1lculo fundamental en muchas aplicaciones el\u00e9ctricas. Los vatios son una unidad de potencia, y nos indican cu\u00e1nta energ\u00eda se consume o se produce a lo largo del tiempo. Para convertir amperios (corriente) en vatios (potencia), necesitas conocer la tensi\u00f3n (medida en voltios) del circuito. La f\u00f3rmula b\u00e1sica es: <strong>vatio = amperio x voltio<\/strong>.   <\/p>\n\n<h2 class=\"wp-block-heading\">\u00bfQu\u00e9 es el voltio-amperio?<\/h2>\n\n<p>El t\u00e9rmino <strong>voltio-amperio<\/strong> tambi\u00e9n es importante cuando se habla de potencia el\u00e9ctrica. Mientras que los vatios representan la potencia real consumida en un circuito, los voltios-amperios se refieren a la potencia \u00abaparente\u00bb, a menudo en el contexto de los circuitos de CA (corriente alterna). Esta distinci\u00f3n es fundamental para comprender los sistemas el\u00e9ctricos, sobre todo en lo que se refiere a la planificaci\u00f3n de la carga y la capacidad.  <\/p>\n\n<h2 class=\"wp-block-heading\">\u00bfQu\u00e9 son los amperios-hora?<\/h2>\n\n<p><strong>El amperio-hora<\/strong> es otro concepto clave en el mundo de la electricidad. Mide la cantidad de carga el\u00e9ctrica que fluye a trav\u00e9s de un componente durante un periodo determinado. Este concepto es especialmente relevante para las bater\u00edas y los sistemas de almacenamiento de energ\u00eda, ya que da una medida de la capacidad de la bater\u00eda, o de cu\u00e1nto tiempo puede suministrar una determinada corriente antes de necesitar ser recargada. Un amperio-hora significa que 1 amperio fluye a trav\u00e9s de un componente durante una hora.   <\/p>\n","protected":false},"excerpt":{"rendered":"<p>Calcula amperios, voltios y vatios. Nuestra calculadora te ayuda a calcular amperios, voltios y vatios. C\u00f3mo calcular amperios y voltios [&hellip;]<\/p>\n","protected":false},"author":1,"featured_media":0,"parent":1777,"menu_order":0,"comment_status":"closed","ping_status":"closed","template":"kalkulator-side.php","meta":{"site-sidebar-layout":"default","site-content-layout":"default","ast-site-content-layout":"default","site-content-style":"default","site-sidebar-style":"default","ast-global-header-display":"","ast-banner-title-visibility":"","ast-main-header-display":"","ast-hfb-above-header-display":"","ast-hfb-below-header-display":"","ast-hfb-mobile-header-display":"","site-post-title":"","ast-breadcrumbs-content":"","ast-featured-img":"","footer-sml-layout":"","theme-transparent-header-meta":"default","adv-header-id-meta":"","stick-header-meta":"default","header-above-stick-meta":"","header-main-stick-meta":"","header-below-stick-meta":"","astra-migrate-meta-layouts":"default","ast-page-background-enabled":"default","ast-page-background-meta":{"desktop":{"background-color":"var(--ast-global-color-5)","background-image":"","background-repeat":"repeat","background-position":"center center","background-size":"auto","background-attachment":"scroll","background-type":"","background-media":"","overlay-type":"","overlay-color":"","overlay-opacity":"","overlay-gradient":""},"tablet":{"background-color":"","background-image":"","background-repeat":"repeat","background-position":"center center","background-size":"auto","background-attachment":"scroll","background-type":"","background-media":"","overlay-type":"","overlay-color":"","overlay-opacity":"","overlay-gradient":""},"mobile":{"background-color":"","background-image":"","background-repeat":"repeat","background-position":"center center","background-size":"auto","background-attachment":"scroll","background-type":"","background-media":"","overlay-type":"","overlay-color":"","overlay-opacity":"","overlay-gradient":""}},"ast-content-background-meta":{"desktop":{"background-color":"var(--ast-global-color-4)","background-image":"","background-repeat":"repeat","background-position":"center center","background-size":"auto","background-attachment":"scroll","background-type":"","background-media":"","overlay-type":"","overlay-color":"","overlay-opacity":"","overlay-gradient":""},"tablet":{"background-color":"var(--ast-global-color-4)","background-image":"","background-repeat":"repeat","background-position":"center center","background-size":"auto","background-attachment":"scroll","background-type":"","background-media":"","overlay-type":"","overlay-color":"","overlay-opacity":"","overlay-gradient":""},"mobile":{"background-color":"var(--ast-global-color-4)","background-image":"","background-repeat":"repeat","background-position":"center center","background-size":"auto","background-attachment":"scroll","background-type":"","background-media":"","overlay-type":"","overlay-color":"","overlay-opacity":"","overlay-gradient":""}},"footnotes":""},"class_list":["post-1915","page","type-page","status-publish","hentry"],"yoast_head":"<!-- This site is optimized with the Yoast SEO plugin v25.5 - https:\/\/yoast.com\/wordpress\/plugins\/seo\/ -->\n<title>Calculadora de vatios, amperios y voltios<\/title>\n<meta name=\"description\" content=\"Nuestra calculadora convierte vatios, amperios y voltios\" \/>\n<meta name=\"robots\" content=\"index, follow, max-snippet:-1, max-image-preview:large, max-video-preview:-1\" \/>\n<link rel=\"canonical\" href=\"https:\/\/quickpercentcalc.com\/es\/varios\/calculadora-de-vatios\/\" \/>\n<meta property=\"og:locale\" content=\"es_ES\" \/>\n<meta property=\"og:type\" content=\"article\" \/>\n<meta property=\"og:title\" content=\"Calculadora de vatios, amperios y voltios\" \/>\n<meta property=\"og:description\" content=\"Nuestra calculadora convierte vatios, amperios y voltios\" \/>\n<meta property=\"og:url\" content=\"https:\/\/quickpercentcalc.com\/es\/varios\/calculadora-de-vatios\/\" \/>\n<meta property=\"og:site_name\" content=\"Quick Percent Calculator\" \/>\n<meta property=\"article:modified_time\" content=\"2025-04-08T15:13:03+00:00\" \/>\n<meta name=\"twitter:card\" content=\"summary_large_image\" \/>\n<meta name=\"twitter:label1\" content=\"Tiempo de lectura\" \/>\n\t<meta name=\"twitter:data1\" content=\"2 minutos\" \/>\n<script type=\"application\/ld+json\" class=\"yoast-schema-graph\">{\"@context\":\"https:\/\/schema.org\",\"@graph\":[{\"@type\":\"WebPage\",\"@id\":\"https:\/\/quickpercentcalc.com\/es\/varios\/calculadora-de-vatios\/\",\"url\":\"https:\/\/quickpercentcalc.com\/es\/varios\/calculadora-de-vatios\/\",\"name\":\"Calculadora de vatios, amperios y voltios\",\"isPartOf\":{\"@id\":\"https:\/\/quickpercentcalc.com\/es\/#website\"},\"datePublished\":\"2024-01-16T21:03:36+00:00\",\"dateModified\":\"2025-04-08T15:13:03+00:00\",\"description\":\"Nuestra calculadora convierte vatios, amperios y voltios\",\"breadcrumb\":{\"@id\":\"https:\/\/quickpercentcalc.com\/es\/varios\/calculadora-de-vatios\/#breadcrumb\"},\"inLanguage\":\"es\",\"potentialAction\":[{\"@type\":\"ReadAction\",\"target\":[\"https:\/\/quickpercentcalc.com\/es\/varios\/calculadora-de-vatios\/\"]}]},{\"@type\":\"BreadcrumbList\",\"@id\":\"https:\/\/quickpercentcalc.com\/es\/varios\/calculadora-de-vatios\/#breadcrumb\",\"itemListElement\":[{\"@type\":\"ListItem\",\"position\":1,\"name\":\"Home\",\"item\":\"https:\/\/quickpercentcalc.com\/es\/\"},{\"@type\":\"ListItem\",\"position\":2,\"name\":\"Varios\",\"item\":\"https:\/\/quickpercentcalc.com\/es\/misc\/\"},{\"@type\":\"ListItem\",\"position\":3,\"name\":\"Calculadora de vatios\"}]},{\"@type\":\"WebSite\",\"@id\":\"https:\/\/quickpercentcalc.com\/es\/#website\",\"url\":\"https:\/\/quickpercentcalc.com\/es\/\",\"name\":\"Quick Percent Calculator\",\"description\":\"\",\"potentialAction\":[{\"@type\":\"SearchAction\",\"target\":{\"@type\":\"EntryPoint\",\"urlTemplate\":\"https:\/\/quickpercentcalc.com\/es\/?s={search_term_string}\"},\"query-input\":{\"@type\":\"PropertyValueSpecification\",\"valueRequired\":true,\"valueName\":\"search_term_string\"}}],\"inLanguage\":\"es\"}]}<\/script>\n<!-- \/ Yoast SEO plugin. -->","yoast_head_json":{"title":"Calculadora de vatios, amperios y voltios","description":"Nuestra calculadora convierte vatios, amperios y voltios","robots":{"index":"index","follow":"follow","max-snippet":"max-snippet:-1","max-image-preview":"max-image-preview:large","max-video-preview":"max-video-preview:-1"},"canonical":"https:\/\/quickpercentcalc.com\/es\/varios\/calculadora-de-vatios\/","og_locale":"es_ES","og_type":"article","og_title":"Calculadora de vatios, amperios y voltios","og_description":"Nuestra calculadora convierte vatios, amperios y voltios","og_url":"https:\/\/quickpercentcalc.com\/es\/varios\/calculadora-de-vatios\/","og_site_name":"Quick Percent Calculator","article_modified_time":"2025-04-08T15:13:03+00:00","twitter_card":"summary_large_image","twitter_misc":{"Tiempo de lectura":"2 minutos"},"schema":{"@context":"https:\/\/schema.org","@graph":[{"@type":"WebPage","@id":"https:\/\/quickpercentcalc.com\/es\/varios\/calculadora-de-vatios\/","url":"https:\/\/quickpercentcalc.com\/es\/varios\/calculadora-de-vatios\/","name":"Calculadora de vatios, amperios y voltios","isPartOf":{"@id":"https:\/\/quickpercentcalc.com\/es\/#website"},"datePublished":"2024-01-16T21:03:36+00:00","dateModified":"2025-04-08T15:13:03+00:00","description":"Nuestra calculadora convierte vatios, amperios y voltios","breadcrumb":{"@id":"https:\/\/quickpercentcalc.com\/es\/varios\/calculadora-de-vatios\/#breadcrumb"},"inLanguage":"es","potentialAction":[{"@type":"ReadAction","target":["https:\/\/quickpercentcalc.com\/es\/varios\/calculadora-de-vatios\/"]}]},{"@type":"BreadcrumbList","@id":"https:\/\/quickpercentcalc.com\/es\/varios\/calculadora-de-vatios\/#breadcrumb","itemListElement":[{"@type":"ListItem","position":1,"name":"Home","item":"https:\/\/quickpercentcalc.com\/es\/"},{"@type":"ListItem","position":2,"name":"Varios","item":"https:\/\/quickpercentcalc.com\/es\/misc\/"},{"@type":"ListItem","position":3,"name":"Calculadora de vatios"}]},{"@type":"WebSite","@id":"https:\/\/quickpercentcalc.com\/es\/#website","url":"https:\/\/quickpercentcalc.com\/es\/","name":"Quick Percent Calculator","description":"","potentialAction":[{"@type":"SearchAction","target":{"@type":"EntryPoint","urlTemplate":"https:\/\/quickpercentcalc.com\/es\/?s={search_term_string}"},"query-input":{"@type":"PropertyValueSpecification","valueRequired":true,"valueName":"search_term_string"}}],"inLanguage":"es"}]}},"_links":{"self":[{"href":"https:\/\/quickpercentcalc.com\/es\/wp-json\/wp\/v2\/pages\/1915","targetHints":{"allow":["GET"]}}],"collection":[{"href":"https:\/\/quickpercentcalc.com\/es\/wp-json\/wp\/v2\/pages"}],"about":[{"href":"https:\/\/quickpercentcalc.com\/es\/wp-json\/wp\/v2\/types\/page"}],"author":[{"embeddable":true,"href":"https:\/\/quickpercentcalc.com\/es\/wp-json\/wp\/v2\/users\/1"}],"replies":[{"embeddable":true,"href":"https:\/\/quickpercentcalc.com\/es\/wp-json\/wp\/v2\/comments?post=1915"}],"version-history":[{"count":1,"href":"https:\/\/quickpercentcalc.com\/es\/wp-json\/wp\/v2\/pages\/1915\/revisions"}],"predecessor-version":[{"id":1916,"href":"https:\/\/quickpercentcalc.com\/es\/wp-json\/wp\/v2\/pages\/1915\/revisions\/1916"}],"up":[{"embeddable":true,"href":"https:\/\/quickpercentcalc.com\/es\/wp-json\/wp\/v2\/pages\/1777"}],"wp:attachment":[{"href":"https:\/\/quickpercentcalc.com\/es\/wp-json\/wp\/v2\/media?parent=1915"}],"curies":[{"name":"wp","href":"https:\/\/api.w.org\/{rel}","templated":true}]}}