{"id":1634,"date":"2024-11-20T08:03:02","date_gmt":"2024-11-20T08:03:02","guid":{"rendered":"https:\/\/quickpercentcalc.com\/matematiikka\/tuumaa-kohteeseen-cm-laskin\/"},"modified":"2025-04-07T18:34:39","modified_gmt":"2025-04-07T18:34:39","slug":"tuumaa-kohteeseen-cm-laskin","status":"publish","type":"page","link":"https:\/\/quickpercentcalc.com\/fi\/matematiikka\/tuumaa-kohteeseen-cm-laskin\/","title":{"rendered":"Tuumaa kohteeseen cm laskin"},"content":{"rendered":"\n<p>T\u00e4m\u00e4 laskin perustuu valittuun arvoon, joka on annettu joko tuumina tai senttimetrein\u00e4 ja muunnetaan toiseen yksikk\u00f6\u00f6n.<\/p>\n\n<p>Oletko koskaan miettinyt, miten muunnetaan tuuma senttimetreiksi? T\u00e4m\u00e4 on yleinen haaste erityisesti silloin, kun k\u00e4ytet\u00e4\u00e4n mittoja ja kokoja, joissa ei k\u00e4ytet\u00e4 metrij\u00e4rjestelm\u00e4\u00e4.<\/p> <p>Jos haluat tiet\u00e4\u00e4, kuinka monta senttimetri\u00e4 on tuumassa, kerro tuuman m\u00e4\u00e4r\u00e4 yksinkertaisesti 2,54:ll\u00e4. T\u00e4m\u00e4 johtuu siit\u00e4, ett\u00e4 yksi tuuma vastaa 2,54 cm.<\/p>\n<h2>Kaava muuntamiseen tuumaa = cm:<\/h2>\n<style>\n.frac {<br \/>\n    display: inline-block;<br \/>\n    position: relative;<br \/>\n    vertical-align: middle;<br \/>\n    letter-spacing: 0.001em;<br \/>\n    text-align: center;<br \/>\n}<br \/>\n.frac > span {<br \/>\n    display: block;<br \/>\n    padding: 0.1em;<br \/>\n}<br \/>\n.frac span.bottom {<br \/>\n    border-top: thin solid black;<br \/>\n}<br \/>\n.frac span.symbol {<br \/>\n    display: none;<br \/>\n}<br \/>\n<\/style>\n<div class=\"formel\">tuuman m\u00e4\u00e4r\u00e4 x 2,54<\/div>\n<p>\nVoimme helposti k\u00e4\u00e4nt\u00e4\u00e4 kaavan p\u00e4invastaiseksi saadaksemme selville, kuinka monta tuumaa on tietyss\u00e4 cm:n arvossa.<\/p>\n<h2>Kaava muuntamiseen cm tuumaksi:<\/h2>\n<div class=\"formel\">cm:n m\u00e4\u00e4r\u00e4 \u00f7 2,54<\/div>\n<h2>Muunna senttimetrien ja tuuman v\u00e4lill\u00e4<\/h2>\n<p>K\u00e4yt\u00e4 t\u00e4t\u00e4 laskinta arvon muuntamiseen cm:st\u00e4 tuumaksi tai tuumasta cm:ksi.<\/p>\n\n<label for=\"verdi\">Arvo<\/label>\n<input id=\"verdi\" type=\"number\" placeholder=\"Sy\u00f6t\u00e4 arvo\"\/>\n\n<label for=\"retning\">Muunna:<\/label>\n<select id=\"retning\">\n<option value=\"cmToInches\">Senttimetri\u00e4 kohteeseen Tuumaa<\/option>\n<option value=\"inchesToCm\">Tuuma ett\u00e4 Senttimetri<\/option>\n<\/select>\n\n<input id=\"regnut\" type=\"button\" value=\"Muunna\"\/>\n<div id=\"resultatBoks\" style=\"visibility: hidden;\">Tulos:\n<span id=\"resultat\" class=\"kalkyleResultat\"><\/span><\/div>\n<h2>Mik\u00e4 on tuuma?<\/h2>\n<p>\nTuuma on perinteinen mittayksikk\u00f6, jota k\u00e4ytet\u00e4\u00e4n yleisesti englanninkielisiss\u00e4 maissa, kuten Yhdysvalloissa ja Yhdistyneess\u00e4 kuningaskunnassa. Yksi tuuma vastaa t\u00e4sm\u00e4lleen 2,54 senttimetri\u00e4, ja sit\u00e4 k\u00e4ytet\u00e4\u00e4n usein mittaamiseen:<\/p>\n<ul>\n \t<li>N\u00e4ytt\u00f6jen koot (esim. televisiot, tietokonen\u00e4yt\u00f6t, puhelimet).<\/li>\n \t<li>Vaatekoot (esim. vy\u00f6t\u00e4r\u00f6nymp\u00e4rys, housujen pituus).<\/li>\n \t<li>Puu ja rakennusmateriaalit (esim. lankkujen leveys ja paksuus).<\/li>\n<\/ul>\n<h2>Mik\u00e4 on senttimetri?<\/h2><p>\nSenttimetri (cm) on metrij\u00e4rjestelm\u00e4n yksikk\u00f6, joka on standardi useimmissa muissa maissa. Senttimetri on metrin sadasosa, ja sit\u00e4 k\u00e4ytet\u00e4\u00e4n pituuksien ja et\u00e4isyyksien mittaamiseen kaikissa arkip\u00e4iv\u00e4isiss\u00e4 teht\u00e4viss\u00e4 ja tieteellisiss\u00e4 laskelmissa.<\/p>\n\n<script>\ndocument.addEventListener(\"DOMContentLoaded\", function () {\n    document.getElementById(\"regnut\").addEventListener(\"click\", function () {\n        let verdi = parseFloat(document.getElementById(\"verdi\").value.replace(\/,\/g, \".\"));\n        let retning = document.getElementById(\"retning\").value;\n\n        if (isNaN(verdi)) {\n            alert(\"Please enter a valid number.\");\n            return;\n        }\n\n        let resultat;\n\n        if (retning === \"cmToInches\") {\n            resultat = verdi \/ 2.54;\n        } else if (retning === \"inchesToCm\") {\n            resultat = verdi * 2.54;\n        }\n\n        resultat = resultat % 1 !== 0 ? resultat.toFixed(2).replace(\".\", \",\") : resultat.toFixed();\n\n        document.getElementById(\"resultat\").innerHTML = resultat;\n        document.getElementById(\"resultatBoks\").style.visibility = \"visible\";\n    });\n});\n<\/script>\n\n","protected":false},"excerpt":{"rendered":"<p>T\u00e4m\u00e4 laskin perustuu valittuun arvoon, joka on annettu joko tuumina tai senttimetrein\u00e4 ja muunnetaan toiseen yksikk\u00f6\u00f6n. Oletko koskaan miettinyt, miten [&hellip;]<\/p>\n","protected":false},"author":1,"featured_media":0,"parent":1612,"menu_order":0,"comment_status":"closed","ping_status":"closed","template":"kalkulator-side.php","meta":{"site-sidebar-layout":"default","site-content-layout":"","ast-site-content-layout":"default","site-content-style":"default","site-sidebar-style":"default","ast-global-header-display":"","ast-banner-title-visibility":"","ast-main-header-display":"","ast-hfb-above-header-display":"","ast-hfb-below-header-display":"","ast-hfb-mobile-header-display":"","site-post-title":"","ast-breadcrumbs-content":"","ast-featured-img":"","footer-sml-layout":"","theme-transparent-header-meta":"","adv-header-id-meta":"","stick-header-meta":"","header-above-stick-meta":"","header-main-stick-meta":"","header-below-stick-meta":"","astra-migrate-meta-layouts":"default","ast-page-background-enabled":"default","ast-page-background-meta":{"desktop":{"background-color":"var(--ast-global-color-5)","background-image":"","background-repeat":"repeat","background-position":"center center","background-size":"auto","background-attachment":"scroll","background-type":"","background-media":"","overlay-type":"","overlay-color":"","overlay-opacity":"","overlay-gradient":""},"tablet":{"background-color":"","background-image":"","background-repeat":"repeat","background-position":"center center","background-size":"auto","background-attachment":"scroll","background-type":"","background-media":"","overlay-type":"","overlay-color":"","overlay-opacity":"","overlay-gradient":""},"mobile":{"background-color":"","background-image":"","background-repeat":"repeat","background-position":"center center","background-size":"auto","background-attachment":"scroll","background-type":"","background-media":"","overlay-type":"","overlay-color":"","overlay-opacity":"","overlay-gradient":""}},"ast-content-background-meta":{"desktop":{"background-color":"var(--ast-global-color-4)","background-image":"","background-repeat":"repeat","background-position":"center center","background-size":"auto","background-attachment":"scroll","background-type":"","background-media":"","overlay-type":"","overlay-color":"","overlay-opacity":"","overlay-gradient":""},"tablet":{"background-color":"var(--ast-global-color-4)","background-image":"","background-repeat":"repeat","background-position":"center center","background-size":"auto","background-attachment":"scroll","background-type":"","background-media":"","overlay-type":"","overlay-color":"","overlay-opacity":"","overlay-gradient":""},"mobile":{"background-color":"var(--ast-global-color-4)","background-image":"","background-repeat":"repeat","background-position":"center center","background-size":"auto","background-attachment":"scroll","background-type":"","background-media":"","overlay-type":"","overlay-color":"","overlay-opacity":"","overlay-gradient":""}},"footnotes":""},"class_list":["post-1634","page","type-page","status-publish","hentry"],"yoast_head":"<!-- This site is optimized with the Yoast SEO plugin v25.5 - https:\/\/yoast.com\/wordpress\/plugins\/seo\/ -->\n<title>Tuumaa kohteeseen cm laskin - Quick Percent Calculator<\/title>\n<meta name=\"robots\" content=\"index, follow, max-snippet:-1, max-image-preview:large, max-video-preview:-1\" \/>\n<link rel=\"canonical\" href=\"https:\/\/quickpercentcalc.com\/fi\/matematiikka\/tuumaa-kohteeseen-cm-laskin\/\" \/>\n<meta property=\"og:locale\" content=\"fi_FI\" \/>\n<meta property=\"og:type\" content=\"article\" \/>\n<meta property=\"og:title\" content=\"Tuumaa kohteeseen cm laskin - Quick Percent Calculator\" \/>\n<meta property=\"og:description\" content=\"T\u00e4m\u00e4 laskin perustuu valittuun arvoon, joka on annettu joko tuumina tai senttimetrein\u00e4 ja muunnetaan toiseen yksikk\u00f6\u00f6n. Oletko koskaan miettinyt, miten [&hellip;]\" \/>\n<meta property=\"og:url\" content=\"https:\/\/quickpercentcalc.com\/fi\/matematiikka\/tuumaa-kohteeseen-cm-laskin\/\" \/>\n<meta property=\"og:site_name\" content=\"Quick Percent Calculator\" \/>\n<meta property=\"article:modified_time\" content=\"2025-04-07T18:34:39+00:00\" \/>\n<meta name=\"twitter:card\" content=\"summary_large_image\" \/>\n<meta name=\"twitter:label1\" content=\"Arvioitu lukuaika\" \/>\n\t<meta name=\"twitter:data1\" content=\"1 minuutti\" \/>\n<script type=\"application\/ld+json\" class=\"yoast-schema-graph\">{\"@context\":\"https:\/\/schema.org\",\"@graph\":[{\"@type\":\"WebPage\",\"@id\":\"https:\/\/quickpercentcalc.com\/fi\/matematiikka\/tuumaa-kohteeseen-cm-laskin\/\",\"url\":\"https:\/\/quickpercentcalc.com\/fi\/matematiikka\/tuumaa-kohteeseen-cm-laskin\/\",\"name\":\"Tuumaa kohteeseen cm laskin - Quick Percent Calculator\",\"isPartOf\":{\"@id\":\"https:\/\/quickpercentcalc.com\/fi\/#website\"},\"datePublished\":\"2024-11-20T08:03:02+00:00\",\"dateModified\":\"2025-04-07T18:34:39+00:00\",\"breadcrumb\":{\"@id\":\"https:\/\/quickpercentcalc.com\/fi\/matematiikka\/tuumaa-kohteeseen-cm-laskin\/#breadcrumb\"},\"inLanguage\":\"fi\",\"potentialAction\":[{\"@type\":\"ReadAction\",\"target\":[\"https:\/\/quickpercentcalc.com\/fi\/matematiikka\/tuumaa-kohteeseen-cm-laskin\/\"]}]},{\"@type\":\"BreadcrumbList\",\"@id\":\"https:\/\/quickpercentcalc.com\/fi\/matematiikka\/tuumaa-kohteeseen-cm-laskin\/#breadcrumb\",\"itemListElement\":[{\"@type\":\"ListItem\",\"position\":1,\"name\":\"Home\",\"item\":\"https:\/\/quickpercentcalc.com\/fi\/\"},{\"@type\":\"ListItem\",\"position\":2,\"name\":\"Matematiikka\",\"item\":\"https:\/\/quickpercentcalc.com\/fi\/math\/\"},{\"@type\":\"ListItem\",\"position\":3,\"name\":\"Tuumaa kohteeseen cm laskin\"}]},{\"@type\":\"WebSite\",\"@id\":\"https:\/\/quickpercentcalc.com\/fi\/#website\",\"url\":\"https:\/\/quickpercentcalc.com\/fi\/\",\"name\":\"Quick Percent Calculator\",\"description\":\"\",\"potentialAction\":[{\"@type\":\"SearchAction\",\"target\":{\"@type\":\"EntryPoint\",\"urlTemplate\":\"https:\/\/quickpercentcalc.com\/fi\/?s={search_term_string}\"},\"query-input\":{\"@type\":\"PropertyValueSpecification\",\"valueRequired\":true,\"valueName\":\"search_term_string\"}}],\"inLanguage\":\"fi\"}]}<\/script>\n<!-- \/ Yoast SEO plugin. -->","yoast_head_json":{"title":"Tuumaa kohteeseen cm laskin - Quick Percent Calculator","robots":{"index":"index","follow":"follow","max-snippet":"max-snippet:-1","max-image-preview":"max-image-preview:large","max-video-preview":"max-video-preview:-1"},"canonical":"https:\/\/quickpercentcalc.com\/fi\/matematiikka\/tuumaa-kohteeseen-cm-laskin\/","og_locale":"fi_FI","og_type":"article","og_title":"Tuumaa kohteeseen cm laskin - Quick Percent Calculator","og_description":"T\u00e4m\u00e4 laskin perustuu valittuun arvoon, joka on annettu joko tuumina tai senttimetrein\u00e4 ja muunnetaan toiseen yksikk\u00f6\u00f6n. Oletko koskaan miettinyt, miten [&hellip;]","og_url":"https:\/\/quickpercentcalc.com\/fi\/matematiikka\/tuumaa-kohteeseen-cm-laskin\/","og_site_name":"Quick Percent Calculator","article_modified_time":"2025-04-07T18:34:39+00:00","twitter_card":"summary_large_image","twitter_misc":{"Arvioitu lukuaika":"1 minuutti"},"schema":{"@context":"https:\/\/schema.org","@graph":[{"@type":"WebPage","@id":"https:\/\/quickpercentcalc.com\/fi\/matematiikka\/tuumaa-kohteeseen-cm-laskin\/","url":"https:\/\/quickpercentcalc.com\/fi\/matematiikka\/tuumaa-kohteeseen-cm-laskin\/","name":"Tuumaa kohteeseen cm laskin - Quick Percent Calculator","isPartOf":{"@id":"https:\/\/quickpercentcalc.com\/fi\/#website"},"datePublished":"2024-11-20T08:03:02+00:00","dateModified":"2025-04-07T18:34:39+00:00","breadcrumb":{"@id":"https:\/\/quickpercentcalc.com\/fi\/matematiikka\/tuumaa-kohteeseen-cm-laskin\/#breadcrumb"},"inLanguage":"fi","potentialAction":[{"@type":"ReadAction","target":["https:\/\/quickpercentcalc.com\/fi\/matematiikka\/tuumaa-kohteeseen-cm-laskin\/"]}]},{"@type":"BreadcrumbList","@id":"https:\/\/quickpercentcalc.com\/fi\/matematiikka\/tuumaa-kohteeseen-cm-laskin\/#breadcrumb","itemListElement":[{"@type":"ListItem","position":1,"name":"Home","item":"https:\/\/quickpercentcalc.com\/fi\/"},{"@type":"ListItem","position":2,"name":"Matematiikka","item":"https:\/\/quickpercentcalc.com\/fi\/math\/"},{"@type":"ListItem","position":3,"name":"Tuumaa kohteeseen cm laskin"}]},{"@type":"WebSite","@id":"https:\/\/quickpercentcalc.com\/fi\/#website","url":"https:\/\/quickpercentcalc.com\/fi\/","name":"Quick Percent Calculator","description":"","potentialAction":[{"@type":"SearchAction","target":{"@type":"EntryPoint","urlTemplate":"https:\/\/quickpercentcalc.com\/fi\/?s={search_term_string}"},"query-input":{"@type":"PropertyValueSpecification","valueRequired":true,"valueName":"search_term_string"}}],"inLanguage":"fi"}]}},"_links":{"self":[{"href":"https:\/\/quickpercentcalc.com\/fi\/wp-json\/wp\/v2\/pages\/1634","targetHints":{"allow":["GET"]}}],"collection":[{"href":"https:\/\/quickpercentcalc.com\/fi\/wp-json\/wp\/v2\/pages"}],"about":[{"href":"https:\/\/quickpercentcalc.com\/fi\/wp-json\/wp\/v2\/types\/page"}],"author":[{"embeddable":true,"href":"https:\/\/quickpercentcalc.com\/fi\/wp-json\/wp\/v2\/users\/1"}],"replies":[{"embeddable":true,"href":"https:\/\/quickpercentcalc.com\/fi\/wp-json\/wp\/v2\/comments?post=1634"}],"version-history":[{"count":2,"href":"https:\/\/quickpercentcalc.com\/fi\/wp-json\/wp\/v2\/pages\/1634\/revisions"}],"predecessor-version":[{"id":1670,"href":"https:\/\/quickpercentcalc.com\/fi\/wp-json\/wp\/v2\/pages\/1634\/revisions\/1670"}],"up":[{"embeddable":true,"href":"https:\/\/quickpercentcalc.com\/fi\/wp-json\/wp\/v2\/pages\/1612"}],"wp:attachment":[{"href":"https:\/\/quickpercentcalc.com\/fi\/wp-json\/wp\/v2\/media?parent=1634"}],"curies":[{"name":"wp","href":"https:\/\/api.w.org\/{rel}","templated":true}]}}