{"id":1687,"date":"2024-01-24T20:41:53","date_gmt":"2024-01-24T20:41:53","guid":{"rendered":"https:\/\/quickpercentcalc.com\/matematiikka\/solmut-laskin\/"},"modified":"2025-04-07T18:37:50","modified_gmt":"2025-04-07T18:37:50","slug":"solmut-laskin","status":"publish","type":"page","link":"https:\/\/quickpercentcalc.com\/fi\/matematiikka\/solmut-laskin\/","title":{"rendered":"Solmut laskin"},"content":{"rendered":"\n<p>Muunna solmut. Laskurimme auttaa sinua muuntamaan solmujen, km\/h, m\/s ja mph v\u00e4lill\u00e4. <\/p>\n\n<p>T\u00e4m\u00e4n laskimen avulla voit muuntaa solmujen, kilometrien tunnissa (km\/h), metrien sekunnissa (m\/s) ja mailien tunnissa (mph) v\u00e4lill\u00e4.<\/p>\n\n<p>Solmut eli merimailit tunnissa ovat merenkulussa ja ilmailussa k\u00e4ytetty nopeuden standardiyksikk\u00f6. Yksi solmu vastaa tasan 1,852 kilometri\u00e4 tunnissa tai noin 1,15078 mailia tunnissa. Se on edelleen kansainv\u00e4linen standardi merell\u00e4 ja ilmassa tapahtuvassa navigoinnissa.  <\/p>\n\n<p>Kilometri\u00e4 tunnissa on metrinen yksikk\u00f6, jota k\u00e4ytet\u00e4\u00e4n yleisesti nopeuden mittaamiseen maalla useimmissa maissa. Yhdysvalloissa nopeus mitataan kuitenkin yleens\u00e4 mailia tunnissa (mph). <\/p>\n\n<script>\nfunction convertKnotsToKmh() {\n    var knots = parseFloat(document.getElementById(\"knotsToKmh\").value.replace(\/,\/g, \".\"));\n    document.getElementById(\"kmhResult\").value = (knots * 1.852).toFixed(2);\n}\n\nfunction convertKnotsToMs() {\n    var knots = parseFloat(document.getElementById(\"knotsToMs\").value.replace(\/,\/g, \".\"));\n    document.getElementById(\"msResult\").value = (knots * 0.514444).toFixed(2);\n}\n\nfunction convertKnotsToMph() {\n    var knots = parseFloat(document.getElementById(\"knotsToMph\").value.replace(\/,\/g, \".\"));\n    document.getElementById(\"mphResult\").value = (knots * 1.15078).toFixed(2);\n}\n\nfunction convertKmhToKnots() {\n    var kmh = parseFloat(document.getElementById(\"kmhToKnots\").value.replace(\/,\/g, \".\"));\n    document.getElementById(\"knotsResult\").value = (kmh * 0.539957).toFixed(2);\n}\n<\/script>\n\n<!-- Knots to km\/h -->\n<label for=\"knotsToKmh\"><h2>Solmut jotta km\/h<\/h2><\/label><br\/><input type=\"number\" id=\"knotsToKmh\" min=\"0\" placeholder=\"Solmut\"\/>\n<br\/><input type=\"text\" id=\"kmhResult\" placeholder=\"km\/h\" readonly=\"readonly\"\/>\n<button onclick=\"convertKnotsToKmh()\">Muunna<\/button>\n<br\/><br\/>\n<!-- Knots to m\/s -->\n<label for=\"knotsToMs\"><h2>Solmut jotta m\/s<\/h2><\/label><br\/><input type=\"number\" id=\"knotsToMs\" min=\"0\" placeholder=\"Solmut\"\/>\n<br\/><input type=\"text\" id=\"msResult\" placeholder=\"m\/s\" readonly=\"readonly\"\/>\n<button onclick=\"convertKnotsToMs()\">Muunna<\/button>\n<br\/><br\/>\n<!-- Knots to mph -->\n<label for=\"knotsToMph\"><h2>Solmut jotta mph<\/h2><\/label><br\/><input type=\"number\" id=\"knotsToMph\" min=\"0\" placeholder=\"Solmut\"\/>\n<br\/><input type=\"text\" id=\"mphResult\" placeholder=\"mph\" readonly=\"readonly\"\/>\n<button onclick=\"convertKnotsToMph()\">Muunna<\/button>\n<br\/><br\/>\n<!-- km\/h to Knots -->\n<label for=\"kmhToKnots\"><h2>km\/h ett\u00e4 Solmut<\/h2><\/label><br\/><input type=\"number\" id=\"kmhToKnots\" min=\"0\" placeholder=\"km\/h\"\/>\n<br\/><input type=\"text\" id=\"knotsResult\" placeholder=\"Solmut\" readonly=\"readonly\"\/>\n<button onclick=\"convertKmhToKnots()\">Muunna<\/button>\n<br\/><br\/>\n\n<h2 class=\"wp-block-heading\">Kuinka muuntaa Solmuja kohteeseen Mailia tunnissa (mph)?<\/h2>\n\n<p>Solmujen muuntaminen mailiksi tunnissa on yksinkertaista. Koska 1 solmu vastaa noin 1,15078 mph, solmujen m\u00e4\u00e4r\u00e4 kerrotaan vain 1,15078:lla. <\/p>\n\n<p><strong>Kaava:<\/strong> mph = solmut \u00d7 1,15078<\/p>\n\n<p>Esimerkki: Vene, joka kulkee 10 solmun nopeudella, liikkuu nopeudella: 10 \u00d7 1,15078 = 11,51 mph.<\/p>\n\n<h3 class=\"wp-block-heading\">N\u00e4iden muunnosten k\u00e4yt\u00e4nn\u00f6n k\u00e4ytt\u00f6<\/h3>\n\n<p>N\u00e4m\u00e4 muunnokset ovat erityisen hy\u00f6dyllisi\u00e4 merenkulkijoille ja lent\u00e4jille, joiden on muunnettava nopeutensa metri- tai imperialisiin yksik\u00f6ihin navigointia tai viestint\u00e4\u00e4 varten. Ne ovat hy\u00f6dyllisi\u00e4 my\u00f6s meteorologiaa tai merenkulkutiedett\u00e4 opiskeleville tai harrastaville. <\/p>\n\n<h3 class=\"wp-block-heading\">Muuntoty\u00f6kalut<\/h3>\n\n<p>Nykyp\u00e4iv\u00e4n digitaalisella aikakaudella on paljon ty\u00f6kaluja, joiden avulla n\u00e4m\u00e4 muunnokset ovat nopeita ja helppoja. Tarpeisiisi sopivan ty\u00f6kalun l\u00f6yt\u00e4minen on helppoa verkkolaskimista mobiilisovelluksiin. <\/p>\n","protected":false},"excerpt":{"rendered":"<p>Muunna solmut. Laskurimme auttaa sinua muuntamaan solmujen, km\/h, m\/s ja mph v\u00e4lill\u00e4. T\u00e4m\u00e4n laskimen avulla voit muuntaa solmujen, kilometrien tunnissa [&hellip;]<\/p>\n","protected":false},"author":1,"featured_media":0,"parent":1612,"menu_order":0,"comment_status":"closed","ping_status":"closed","template":"kalkulator-side.php","meta":{"site-sidebar-layout":"default","site-content-layout":"default","ast-site-content-layout":"default","site-content-style":"default","site-sidebar-style":"default","ast-global-header-display":"","ast-banner-title-visibility":"","ast-main-header-display":"","ast-hfb-above-header-display":"","ast-hfb-below-header-display":"","ast-hfb-mobile-header-display":"","site-post-title":"","ast-breadcrumbs-content":"","ast-featured-img":"","footer-sml-layout":"","theme-transparent-header-meta":"default","adv-header-id-meta":"","stick-header-meta":"default","header-above-stick-meta":"","header-main-stick-meta":"","header-below-stick-meta":"","astra-migrate-meta-layouts":"default","ast-page-background-enabled":"default","ast-page-background-meta":{"desktop":{"background-color":"var(--ast-global-color-5)","background-image":"","background-repeat":"repeat","background-position":"center center","background-size":"auto","background-attachment":"scroll","background-type":"","background-media":"","overlay-type":"","overlay-color":"","overlay-opacity":"","overlay-gradient":""},"tablet":{"background-color":"","background-image":"","background-repeat":"repeat","background-position":"center center","background-size":"auto","background-attachment":"scroll","background-type":"","background-media":"","overlay-type":"","overlay-color":"","overlay-opacity":"","overlay-gradient":""},"mobile":{"background-color":"","background-image":"","background-repeat":"repeat","background-position":"center center","background-size":"auto","background-attachment":"scroll","background-type":"","background-media":"","overlay-type":"","overlay-color":"","overlay-opacity":"","overlay-gradient":""}},"ast-content-background-meta":{"desktop":{"background-color":"var(--ast-global-color-4)","background-image":"","background-repeat":"repeat","background-position":"center center","background-size":"auto","background-attachment":"scroll","background-type":"","background-media":"","overlay-type":"","overlay-color":"","overlay-opacity":"","overlay-gradient":""},"tablet":{"background-color":"var(--ast-global-color-4)","background-image":"","background-repeat":"repeat","background-position":"center center","background-size":"auto","background-attachment":"scroll","background-type":"","background-media":"","overlay-type":"","overlay-color":"","overlay-opacity":"","overlay-gradient":""},"mobile":{"background-color":"var(--ast-global-color-4)","background-image":"","background-repeat":"repeat","background-position":"center center","background-size":"auto","background-attachment":"scroll","background-type":"","background-media":"","overlay-type":"","overlay-color":"","overlay-opacity":"","overlay-gradient":""}},"footnotes":""},"class_list":["post-1687","page","type-page","status-publish","hentry"],"yoast_head":"<!-- This site is optimized with the Yoast SEO plugin v25.5 - https:\/\/yoast.com\/wordpress\/plugins\/seo\/ -->\n<title>Knots to mph Converter - Muunna Knots muotoon km\/h, m\/s tai mph!<\/title>\n<meta name=\"description\" content=\"Muunna solmut mph:ksi laskurillamme. \ud83d\udea4 T\u00e4m\u00e4n ty\u00f6kalun avulla voit sy\u00f6tt\u00e4\u00e4 arvon solmuina, km\/h tai m\/s ja laskea vastaavan nopeuden muissa yksik\u00f6iss\u00e4.\" \/>\n<meta name=\"robots\" content=\"index, follow, max-snippet:-1, max-image-preview:large, max-video-preview:-1\" \/>\n<link rel=\"canonical\" href=\"https:\/\/quickpercentcalc.com\/fi\/matematiikka\/solmut-laskin\/\" \/>\n<meta property=\"og:locale\" content=\"fi_FI\" \/>\n<meta property=\"og:type\" content=\"article\" \/>\n<meta property=\"og:title\" content=\"Knots to mph Converter - Muunna Knots muotoon km\/h, m\/s tai mph!\" \/>\n<meta property=\"og:description\" content=\"Muunna solmut mph:ksi laskurillamme. \ud83d\udea4 T\u00e4m\u00e4n ty\u00f6kalun avulla voit sy\u00f6tt\u00e4\u00e4 arvon solmuina, km\/h tai m\/s ja laskea vastaavan nopeuden muissa yksik\u00f6iss\u00e4.\" \/>\n<meta property=\"og:url\" content=\"https:\/\/quickpercentcalc.com\/fi\/matematiikka\/solmut-laskin\/\" \/>\n<meta property=\"og:site_name\" content=\"Quick Percent Calculator\" \/>\n<meta property=\"article:modified_time\" content=\"2025-04-07T18:37:50+00:00\" \/>\n<meta name=\"twitter:card\" content=\"summary_large_image\" \/>\n<meta name=\"twitter:label1\" content=\"Arvioitu lukuaika\" \/>\n\t<meta name=\"twitter:data1\" content=\"1 minuutti\" \/>\n<script type=\"application\/ld+json\" class=\"yoast-schema-graph\">{\"@context\":\"https:\/\/schema.org\",\"@graph\":[{\"@type\":\"WebPage\",\"@id\":\"https:\/\/quickpercentcalc.com\/fi\/matematiikka\/solmut-laskin\/\",\"url\":\"https:\/\/quickpercentcalc.com\/fi\/matematiikka\/solmut-laskin\/\",\"name\":\"Knots to mph Converter - Muunna Knots muotoon km\/h, m\/s tai mph!\",\"isPartOf\":{\"@id\":\"https:\/\/quickpercentcalc.com\/fi\/#website\"},\"datePublished\":\"2024-01-24T20:41:53+00:00\",\"dateModified\":\"2025-04-07T18:37:50+00:00\",\"description\":\"Muunna solmut mph:ksi laskurillamme. \ud83d\udea4 T\u00e4m\u00e4n ty\u00f6kalun avulla voit sy\u00f6tt\u00e4\u00e4 arvon solmuina, km\/h tai m\/s ja laskea vastaavan nopeuden muissa yksik\u00f6iss\u00e4.\",\"breadcrumb\":{\"@id\":\"https:\/\/quickpercentcalc.com\/fi\/matematiikka\/solmut-laskin\/#breadcrumb\"},\"inLanguage\":\"fi\",\"potentialAction\":[{\"@type\":\"ReadAction\",\"target\":[\"https:\/\/quickpercentcalc.com\/fi\/matematiikka\/solmut-laskin\/\"]}]},{\"@type\":\"BreadcrumbList\",\"@id\":\"https:\/\/quickpercentcalc.com\/fi\/matematiikka\/solmut-laskin\/#breadcrumb\",\"itemListElement\":[{\"@type\":\"ListItem\",\"position\":1,\"name\":\"Home\",\"item\":\"https:\/\/quickpercentcalc.com\/fi\/\"},{\"@type\":\"ListItem\",\"position\":2,\"name\":\"Matematiikka\",\"item\":\"https:\/\/quickpercentcalc.com\/fi\/math\/\"},{\"@type\":\"ListItem\",\"position\":3,\"name\":\"Solmut laskin\"}]},{\"@type\":\"WebSite\",\"@id\":\"https:\/\/quickpercentcalc.com\/fi\/#website\",\"url\":\"https:\/\/quickpercentcalc.com\/fi\/\",\"name\":\"Quick Percent Calculator\",\"description\":\"\",\"potentialAction\":[{\"@type\":\"SearchAction\",\"target\":{\"@type\":\"EntryPoint\",\"urlTemplate\":\"https:\/\/quickpercentcalc.com\/fi\/?s={search_term_string}\"},\"query-input\":{\"@type\":\"PropertyValueSpecification\",\"valueRequired\":true,\"valueName\":\"search_term_string\"}}],\"inLanguage\":\"fi\"}]}<\/script>\n<!-- \/ Yoast SEO plugin. -->","yoast_head_json":{"title":"Knots to mph Converter - Muunna Knots muotoon km\/h, m\/s tai mph!","description":"Muunna solmut mph:ksi laskurillamme. \ud83d\udea4 T\u00e4m\u00e4n ty\u00f6kalun avulla voit sy\u00f6tt\u00e4\u00e4 arvon solmuina, km\/h tai m\/s ja laskea vastaavan nopeuden muissa yksik\u00f6iss\u00e4.","robots":{"index":"index","follow":"follow","max-snippet":"max-snippet:-1","max-image-preview":"max-image-preview:large","max-video-preview":"max-video-preview:-1"},"canonical":"https:\/\/quickpercentcalc.com\/fi\/matematiikka\/solmut-laskin\/","og_locale":"fi_FI","og_type":"article","og_title":"Knots to mph Converter - Muunna Knots muotoon km\/h, m\/s tai mph!","og_description":"Muunna solmut mph:ksi laskurillamme. \ud83d\udea4 T\u00e4m\u00e4n ty\u00f6kalun avulla voit sy\u00f6tt\u00e4\u00e4 arvon solmuina, km\/h tai m\/s ja laskea vastaavan nopeuden muissa yksik\u00f6iss\u00e4.","og_url":"https:\/\/quickpercentcalc.com\/fi\/matematiikka\/solmut-laskin\/","og_site_name":"Quick Percent Calculator","article_modified_time":"2025-04-07T18:37:50+00:00","twitter_card":"summary_large_image","twitter_misc":{"Arvioitu lukuaika":"1 minuutti"},"schema":{"@context":"https:\/\/schema.org","@graph":[{"@type":"WebPage","@id":"https:\/\/quickpercentcalc.com\/fi\/matematiikka\/solmut-laskin\/","url":"https:\/\/quickpercentcalc.com\/fi\/matematiikka\/solmut-laskin\/","name":"Knots to mph Converter - Muunna Knots muotoon km\/h, m\/s tai mph!","isPartOf":{"@id":"https:\/\/quickpercentcalc.com\/fi\/#website"},"datePublished":"2024-01-24T20:41:53+00:00","dateModified":"2025-04-07T18:37:50+00:00","description":"Muunna solmut mph:ksi laskurillamme. \ud83d\udea4 T\u00e4m\u00e4n ty\u00f6kalun avulla voit sy\u00f6tt\u00e4\u00e4 arvon solmuina, km\/h tai m\/s ja laskea vastaavan nopeuden muissa yksik\u00f6iss\u00e4.","breadcrumb":{"@id":"https:\/\/quickpercentcalc.com\/fi\/matematiikka\/solmut-laskin\/#breadcrumb"},"inLanguage":"fi","potentialAction":[{"@type":"ReadAction","target":["https:\/\/quickpercentcalc.com\/fi\/matematiikka\/solmut-laskin\/"]}]},{"@type":"BreadcrumbList","@id":"https:\/\/quickpercentcalc.com\/fi\/matematiikka\/solmut-laskin\/#breadcrumb","itemListElement":[{"@type":"ListItem","position":1,"name":"Home","item":"https:\/\/quickpercentcalc.com\/fi\/"},{"@type":"ListItem","position":2,"name":"Matematiikka","item":"https:\/\/quickpercentcalc.com\/fi\/math\/"},{"@type":"ListItem","position":3,"name":"Solmut laskin"}]},{"@type":"WebSite","@id":"https:\/\/quickpercentcalc.com\/fi\/#website","url":"https:\/\/quickpercentcalc.com\/fi\/","name":"Quick Percent Calculator","description":"","potentialAction":[{"@type":"SearchAction","target":{"@type":"EntryPoint","urlTemplate":"https:\/\/quickpercentcalc.com\/fi\/?s={search_term_string}"},"query-input":{"@type":"PropertyValueSpecification","valueRequired":true,"valueName":"search_term_string"}}],"inLanguage":"fi"}]}},"_links":{"self":[{"href":"https:\/\/quickpercentcalc.com\/fi\/wp-json\/wp\/v2\/pages\/1687","targetHints":{"allow":["GET"]}}],"collection":[{"href":"https:\/\/quickpercentcalc.com\/fi\/wp-json\/wp\/v2\/pages"}],"about":[{"href":"https:\/\/quickpercentcalc.com\/fi\/wp-json\/wp\/v2\/types\/page"}],"author":[{"embeddable":true,"href":"https:\/\/quickpercentcalc.com\/fi\/wp-json\/wp\/v2\/users\/1"}],"replies":[{"embeddable":true,"href":"https:\/\/quickpercentcalc.com\/fi\/wp-json\/wp\/v2\/comments?post=1687"}],"version-history":[{"count":1,"href":"https:\/\/quickpercentcalc.com\/fi\/wp-json\/wp\/v2\/pages\/1687\/revisions"}],"predecessor-version":[{"id":1688,"href":"https:\/\/quickpercentcalc.com\/fi\/wp-json\/wp\/v2\/pages\/1687\/revisions\/1688"}],"up":[{"embeddable":true,"href":"https:\/\/quickpercentcalc.com\/fi\/wp-json\/wp\/v2\/pages\/1612"}],"wp:attachment":[{"href":"https:\/\/quickpercentcalc.com\/fi\/wp-json\/wp\/v2\/media?parent=1687"}],"curies":[{"name":"wp","href":"https:\/\/api.w.org\/{rel}","templated":true}]}}