{"id":1732,"date":"2021-03-03T09:18:08","date_gmt":"2021-03-03T09:18:08","guid":{"rendered":"https:\/\/quickpercentcalc.com\/tilastot\/mediaanilaskuri\/"},"modified":"2025-04-07T18:48:18","modified_gmt":"2025-04-07T18:48:18","slug":"mediaanilaskuri","status":"publish","type":"page","link":"https:\/\/quickpercentcalc.com\/fi\/tilastot\/mediaanilaskuri\/","title":{"rendered":"Mediaanilaskuri"},"content":{"rendered":"\n<p>Laske mediaani. Laskurimme l\u00f6yt\u00e4\u00e4 mediaanin puolestasi.<\/p>\n\n<p>Mediaani on lajitellun numeroluettelon keskimm\u00e4inen luku. \u00c4\u00e4riarvot vaikuttavat mediaaniin v\u00e4hemm\u00e4n kuin <a href=\"https:\/\/quickpercentcalc.com\/fi\/tilastot\/keskiarvo-average-laskin\/\">keskiarvoon<\/a>, ja sit\u00e4 k\u00e4ytet\u00e4\u00e4n usein mieluummin, kun k\u00e4sitell\u00e4\u00e4n poikkeavia arvoja.<\/p>\n\n<p>Jos haluat k\u00e4ytt\u00e4\u00e4 t\u00e4t\u00e4 laskinta, erota jokainen numero v\u00e4lily\u00f6nnill\u00e4 (esimerkki: 2 5 4 jne.). T\u00e4m\u00e4 laskin ei hyv\u00e4ksy desimaalilukuja. \u00c4l\u00e4 k\u00e4yt\u00e4 tuhannen erottimia tai kirjaimia.<\/p>\n\n<p>Kaava mediaanin sijaintia varten, kun arvojen lukum\u00e4\u00e4r\u00e4 n on pariton:<\/p>\n\n<style> .frac { display: inline-block; position: relative; vertical-align: middle; letter-spacing: 0.001em; text-align: center; } .frac > span { display: block; padding: 0.1em; } .frac span.bottom { border-top: thin solid black; } .frac span.symbol { display: none; } <\/style> <div class=\"formel\">  $$\\frac{n+1}{2}$$$  <\/div> <br\/><br\/>\n\n<p>Kaava mediaanin sijaintia varten, kun arvojen lukum\u00e4\u00e4r\u00e4 n on parillinen:<\/p>\n\n<style> .frac { display: inline-block; position: relative; vertical-align: middle; letter-spacing: 0.001em; text-align: center; } .frac > span { display: block; padding: 0.1em; } .frac span.bottom { border-top: thin solid black; } .frac span.symbol { display: none; } <\/style> <div class=\"formel\">  $$\\frac{n}{2}$$$  <\/div> <br\/><br\/>\n\n<script src=\"https:\/\/ajax.googleapis.com\/ajax\/libs\/jquery\/3.5.1\/jquery.min.js\"><\/script> <script> $(function () { $(\"#regnut\").click(function () { var str = $(\"#tall\").val(); var res = Array.from(str.split(\/[ ]+\/)); res.sort(); var median = 0; for (var i = 0; i < res.length; i++) { res[i] = res[i].replace(\",\", \".\"); res[i] = parseFloat(res[i]); } var half = Math.floor(res.length \/ 2); if (res.length % 2) { median = res[half]; } else { median = (res[half - 1] + res[half]) \/ 2; } if (median % 1 !== 0) { median = median.toFixed(1); } else { median = median.toFixed(); } median = median.toString(); median = median.replace(\".\", \",\"); $(\"#resultat\").html(median); $(\"#resultatBoks\").css({ \"visibility\": \"initial\" }); }); }); <\/script>\n<label for=\"tall\">Numeroluettelo (k\u00e4yt\u00e4 v\u00e4lily\u00f6nti\u00e4 numeroiden erottamiseen)<\/label><br\/>\n<textarea type=\"text\" id=\"tall\"><\/textarea>\n<br\/><br\/> <br\/><br\/>\n<input type=\"button\" id=\"regnut\" value=\"Laske\"\/> <br\/><br\/> <div id=\"resultatBoks\" style=\"visibility: hidden;\"> <span>Tulos:<\/span><br\/> <span id=\"resultat\" class=\"kalkyleResultat\"><\/span> <\/div>\n\n<p><\/p>\n","protected":false},"excerpt":{"rendered":"<p>Laske mediaani. Laskurimme l\u00f6yt\u00e4\u00e4 mediaanin puolestasi. Mediaani on lajitellun numeroluettelon keskimm\u00e4inen luku. \u00c4\u00e4riarvot vaikuttavat mediaaniin v\u00e4hemm\u00e4n kuin keskiarvoon, ja sit\u00e4 [&hellip;]<\/p>\n","protected":false},"author":1,"featured_media":0,"parent":1703,"menu_order":0,"comment_status":"closed","ping_status":"closed","template":"kalkulator-side.php","meta":{"site-sidebar-layout":"default","site-content-layout":"default","ast-site-content-layout":"","site-content-style":"default","site-sidebar-style":"default","ast-global-header-display":"","ast-banner-title-visibility":"","ast-main-header-display":"","ast-hfb-above-header-display":"","ast-hfb-below-header-display":"","ast-hfb-mobile-header-display":"","site-post-title":"","ast-breadcrumbs-content":"","ast-featured-img":"","footer-sml-layout":"","theme-transparent-header-meta":"default","adv-header-id-meta":"","stick-header-meta":"default","header-above-stick-meta":"","header-main-stick-meta":"","header-below-stick-meta":"","astra-migrate-meta-layouts":"default","ast-page-background-enabled":"default","ast-page-background-meta":{"desktop":{"background-color":"var(--ast-global-color-5)","background-image":"","background-repeat":"repeat","background-position":"center center","background-size":"auto","background-attachment":"scroll","background-type":"","background-media":"","overlay-type":"","overlay-color":"","overlay-opacity":"","overlay-gradient":""},"tablet":{"background-color":"","background-image":"","background-repeat":"repeat","background-position":"center center","background-size":"auto","background-attachment":"scroll","background-type":"","background-media":"","overlay-type":"","overlay-color":"","overlay-opacity":"","overlay-gradient":""},"mobile":{"background-color":"","background-image":"","background-repeat":"repeat","background-position":"center center","background-size":"auto","background-attachment":"scroll","background-type":"","background-media":"","overlay-type":"","overlay-color":"","overlay-opacity":"","overlay-gradient":""}},"ast-content-background-meta":{"desktop":{"background-color":"var(--ast-global-color-4)","background-image":"","background-repeat":"repeat","background-position":"center center","background-size":"auto","background-attachment":"scroll","background-type":"","background-media":"","overlay-type":"","overlay-color":"","overlay-opacity":"","overlay-gradient":""},"tablet":{"background-color":"var(--ast-global-color-4)","background-image":"","background-repeat":"repeat","background-position":"center center","background-size":"auto","background-attachment":"scroll","background-type":"","background-media":"","overlay-type":"","overlay-color":"","overlay-opacity":"","overlay-gradient":""},"mobile":{"background-color":"var(--ast-global-color-4)","background-image":"","background-repeat":"repeat","background-position":"center center","background-size":"auto","background-attachment":"scroll","background-type":"","background-media":"","overlay-type":"","overlay-color":"","overlay-opacity":"","overlay-gradient":""}},"footnotes":""},"class_list":["post-1732","page","type-page","status-publish","hentry"],"yoast_head":"<!-- This site is optimized with the Yoast SEO plugin v25.5 - https:\/\/yoast.com\/wordpress\/plugins\/seo\/ -->\n<title>Mediaanilaskuri - Quick Percent Calculator<\/title>\n<meta name=\"robots\" content=\"index, follow, max-snippet:-1, max-image-preview:large, max-video-preview:-1\" \/>\n<link rel=\"canonical\" href=\"https:\/\/quickpercentcalc.com\/fi\/tilastot\/mediaanilaskuri\/\" \/>\n<meta property=\"og:locale\" content=\"fi_FI\" \/>\n<meta property=\"og:type\" content=\"article\" \/>\n<meta property=\"og:title\" content=\"Mediaanilaskuri - Quick Percent Calculator\" \/>\n<meta property=\"og:description\" content=\"Laske mediaani. Laskurimme l\u00f6yt\u00e4\u00e4 mediaanin puolestasi. Mediaani on lajitellun numeroluettelon keskimm\u00e4inen luku. \u00c4\u00e4riarvot vaikuttavat mediaaniin v\u00e4hemm\u00e4n kuin keskiarvoon, ja sit\u00e4 [&hellip;]\" \/>\n<meta property=\"og:url\" content=\"https:\/\/quickpercentcalc.com\/fi\/tilastot\/mediaanilaskuri\/\" \/>\n<meta property=\"og:site_name\" content=\"Quick Percent Calculator\" \/>\n<meta property=\"article:modified_time\" content=\"2025-04-07T18:48:18+00:00\" \/>\n<meta name=\"twitter:card\" content=\"summary_large_image\" \/>\n<script type=\"application\/ld+json\" class=\"yoast-schema-graph\">{\"@context\":\"https:\/\/schema.org\",\"@graph\":[{\"@type\":\"WebPage\",\"@id\":\"https:\/\/quickpercentcalc.com\/fi\/tilastot\/mediaanilaskuri\/\",\"url\":\"https:\/\/quickpercentcalc.com\/fi\/tilastot\/mediaanilaskuri\/\",\"name\":\"Mediaanilaskuri - Quick Percent Calculator\",\"isPartOf\":{\"@id\":\"https:\/\/quickpercentcalc.com\/fi\/#website\"},\"datePublished\":\"2021-03-03T09:18:08+00:00\",\"dateModified\":\"2025-04-07T18:48:18+00:00\",\"breadcrumb\":{\"@id\":\"https:\/\/quickpercentcalc.com\/fi\/tilastot\/mediaanilaskuri\/#breadcrumb\"},\"inLanguage\":\"fi\",\"potentialAction\":[{\"@type\":\"ReadAction\",\"target\":[\"https:\/\/quickpercentcalc.com\/fi\/tilastot\/mediaanilaskuri\/\"]}]},{\"@type\":\"BreadcrumbList\",\"@id\":\"https:\/\/quickpercentcalc.com\/fi\/tilastot\/mediaanilaskuri\/#breadcrumb\",\"itemListElement\":[{\"@type\":\"ListItem\",\"position\":1,\"name\":\"Home\",\"item\":\"https:\/\/quickpercentcalc.com\/fi\/\"},{\"@type\":\"ListItem\",\"position\":2,\"name\":\"Tilastot\",\"item\":\"https:\/\/quickpercentcalc.com\/fi\/statistics\/\"},{\"@type\":\"ListItem\",\"position\":3,\"name\":\"Mediaanilaskuri\"}]},{\"@type\":\"WebSite\",\"@id\":\"https:\/\/quickpercentcalc.com\/fi\/#website\",\"url\":\"https:\/\/quickpercentcalc.com\/fi\/\",\"name\":\"Quick Percent Calculator\",\"description\":\"\",\"potentialAction\":[{\"@type\":\"SearchAction\",\"target\":{\"@type\":\"EntryPoint\",\"urlTemplate\":\"https:\/\/quickpercentcalc.com\/fi\/?s={search_term_string}\"},\"query-input\":{\"@type\":\"PropertyValueSpecification\",\"valueRequired\":true,\"valueName\":\"search_term_string\"}}],\"inLanguage\":\"fi\"}]}<\/script>\n<!-- \/ Yoast SEO plugin. -->","yoast_head_json":{"title":"Mediaanilaskuri - Quick Percent Calculator","robots":{"index":"index","follow":"follow","max-snippet":"max-snippet:-1","max-image-preview":"max-image-preview:large","max-video-preview":"max-video-preview:-1"},"canonical":"https:\/\/quickpercentcalc.com\/fi\/tilastot\/mediaanilaskuri\/","og_locale":"fi_FI","og_type":"article","og_title":"Mediaanilaskuri - Quick Percent Calculator","og_description":"Laske mediaani. Laskurimme l\u00f6yt\u00e4\u00e4 mediaanin puolestasi. Mediaani on lajitellun numeroluettelon keskimm\u00e4inen luku. \u00c4\u00e4riarvot vaikuttavat mediaaniin v\u00e4hemm\u00e4n kuin keskiarvoon, ja sit\u00e4 [&hellip;]","og_url":"https:\/\/quickpercentcalc.com\/fi\/tilastot\/mediaanilaskuri\/","og_site_name":"Quick Percent Calculator","article_modified_time":"2025-04-07T18:48:18+00:00","twitter_card":"summary_large_image","schema":{"@context":"https:\/\/schema.org","@graph":[{"@type":"WebPage","@id":"https:\/\/quickpercentcalc.com\/fi\/tilastot\/mediaanilaskuri\/","url":"https:\/\/quickpercentcalc.com\/fi\/tilastot\/mediaanilaskuri\/","name":"Mediaanilaskuri - Quick Percent Calculator","isPartOf":{"@id":"https:\/\/quickpercentcalc.com\/fi\/#website"},"datePublished":"2021-03-03T09:18:08+00:00","dateModified":"2025-04-07T18:48:18+00:00","breadcrumb":{"@id":"https:\/\/quickpercentcalc.com\/fi\/tilastot\/mediaanilaskuri\/#breadcrumb"},"inLanguage":"fi","potentialAction":[{"@type":"ReadAction","target":["https:\/\/quickpercentcalc.com\/fi\/tilastot\/mediaanilaskuri\/"]}]},{"@type":"BreadcrumbList","@id":"https:\/\/quickpercentcalc.com\/fi\/tilastot\/mediaanilaskuri\/#breadcrumb","itemListElement":[{"@type":"ListItem","position":1,"name":"Home","item":"https:\/\/quickpercentcalc.com\/fi\/"},{"@type":"ListItem","position":2,"name":"Tilastot","item":"https:\/\/quickpercentcalc.com\/fi\/statistics\/"},{"@type":"ListItem","position":3,"name":"Mediaanilaskuri"}]},{"@type":"WebSite","@id":"https:\/\/quickpercentcalc.com\/fi\/#website","url":"https:\/\/quickpercentcalc.com\/fi\/","name":"Quick Percent Calculator","description":"","potentialAction":[{"@type":"SearchAction","target":{"@type":"EntryPoint","urlTemplate":"https:\/\/quickpercentcalc.com\/fi\/?s={search_term_string}"},"query-input":{"@type":"PropertyValueSpecification","valueRequired":true,"valueName":"search_term_string"}}],"inLanguage":"fi"}]}},"_links":{"self":[{"href":"https:\/\/quickpercentcalc.com\/fi\/wp-json\/wp\/v2\/pages\/1732","targetHints":{"allow":["GET"]}}],"collection":[{"href":"https:\/\/quickpercentcalc.com\/fi\/wp-json\/wp\/v2\/pages"}],"about":[{"href":"https:\/\/quickpercentcalc.com\/fi\/wp-json\/wp\/v2\/types\/page"}],"author":[{"embeddable":true,"href":"https:\/\/quickpercentcalc.com\/fi\/wp-json\/wp\/v2\/users\/1"}],"replies":[{"embeddable":true,"href":"https:\/\/quickpercentcalc.com\/fi\/wp-json\/wp\/v2\/comments?post=1732"}],"version-history":[{"count":1,"href":"https:\/\/quickpercentcalc.com\/fi\/wp-json\/wp\/v2\/pages\/1732\/revisions"}],"predecessor-version":[{"id":1733,"href":"https:\/\/quickpercentcalc.com\/fi\/wp-json\/wp\/v2\/pages\/1732\/revisions\/1733"}],"up":[{"embeddable":true,"href":"https:\/\/quickpercentcalc.com\/fi\/wp-json\/wp\/v2\/pages\/1703"}],"wp:attachment":[{"href":"https:\/\/quickpercentcalc.com\/fi\/wp-json\/wp\/v2\/media?parent=1732"}],"curies":[{"name":"wp","href":"https:\/\/api.w.org\/{rel}","templated":true}]}}