{"id":1754,"date":"2021-03-03T09:58:02","date_gmt":"2021-03-03T09:58:02","guid":{"rendered":"https:\/\/quickpercentcalc.com\/tilastot\/keskihajonnan-laskin\/"},"modified":"2025-04-07T18:50:57","modified_gmt":"2025-04-07T18:50:57","slug":"keskihajonnan-laskin","status":"publish","type":"page","link":"https:\/\/quickpercentcalc.com\/fi\/tilastot\/keskihajonnan-laskin\/","title":{"rendered":"Keskihajonnan laskin"},"content":{"rendered":"\n<p>Laske keskihajonta. Laskurimme laskee keskihajonnan puolestasi. <\/p>\n\n<p>Keskihajonta (s) kertoo keskim\u00e4\u00e4r\u00e4isen poikkeaman keskiarvosta aineistossamme. Keskihajonta on my\u00f6s varianssin neli\u00f6juuri. <\/p>\n\n<h2 class=\"wp-block-heading\">Kuinka laskea keskihajonta<\/h2>\n\n<p><strong>Vaiheet keskihajonnan laskemiseksi:<\/strong><br\/>1. Etsit\u00e4\u00e4n kunkin luvun (x) ja <a href=\"https:\/\/quickpercentcalc.com\/fi\/tilastot\/keskiarvo-average-laskin\/\">keskiarvon<\/a> v\u00e4linen erotus (\\(\\bar{x}\\)).<br\/>2. Neli\u00f6id\u00e4\u00e4n (^2) kukin ero<br\/>3. Lasketaan <strong>keskihajonta<\/strong>. Lasketaan yhteen kaikki neli\u00f6idyt erot<br\/>4. Jaa arvojen lukum\u00e4\u00e4r\u00e4ll\u00e4 miinus 1<br\/>5. Ota neli\u00f6juuri<\/p>\n\n<p>Jos haluat k\u00e4ytt\u00e4\u00e4 t\u00e4t\u00e4 laskinta, erota jokainen numero v\u00e4lily\u00f6nnill\u00e4 (esimerkki: 2 5 4 jne.). Desimaaliluvuissa voit k\u00e4ytt\u00e4\u00e4 joko pilkkua tai pistett\u00e4. \u00c4l\u00e4 k\u00e4yt\u00e4 tuhansien erottimia tai kirjaimia.<\/p>\n\n<h2 class=\"wp-block-heading\">Keskihajonnan kaava<\/h2>\n\n<style> .frac { display: inline-block; position: relative; vertical-align: middle; letter-spacing: 0.001em; text-align: center; } .frac > span { display: block; padding: 0.1em; } .frac span.bottom { border-top: thin solid black; } .frac span.symbol { display: none; } <\/style> <div class=\"formel\">  $$\\sqrt{\\frac{1}{n-1} \\sum_{i=1}^N (x_i &#8211; \\overline{x})^2}$$$  <\/div> <br\/><br\/>\n\n<h2 class=\"wp-block-heading\">Keskihajonnan laskin<\/h2>\n\n<script src=\"https:\/\/ajax.googleapis.com\/ajax\/libs\/jquery\/3.5.1\/jquery.min.js\"><\/script> <script> $(function () { $(\"#regnut\").click(function () { var str = $(\"#tall\").val(); var res = Array.from(str.split(\/[ ]+\/)); var utregning = Array; var std; for (var i = 0; i < res.length; i++) { res[i] = res[i].replace(\",\", \".\"); res[i] = parseFloat(res[i]); } var total = 0; for (var i = 0; i < res.length; i++) { total = total + res[i]; } var gjsnitt = total \/ res.length; for (var i = 0; i < res.length; i++) { utregning[i] = res[i] - gjsnitt; } for (var i = 0; i < res.length; i++) { utregning[i] = Math.pow(utregning[i], 2); } var sumKv = 0; for (var i = 0; i < res.length; i++) { sumKv = sumKv + utregning[i]; } std = sumKv \/ (res.length - 1); std = Math.sqrt(std); if (std % 1 !== 0) { std = std.toFixed(4); } else { std = std.toFixed(); } std = std.toString(); $(\"#resultat\").html(std); $(\"#resultatBoks\").css({ \"visibility\": \"initial\" }); }); }); <\/script>\n<label for=\"tall\">Numeroluettelo (k\u00e4yt\u00e4 v\u00e4lily\u00f6nti\u00e4 numeroiden erottamiseen)<\/label><br\/>\n<textarea type=\"text\" id=\"tall\"><\/textarea>\n<br\/><br\/> <br\/><br\/>\n<input type=\"button\" id=\"regnut\" value=\"Laske\"\/> <br\/><br\/> <div id=\"resultatBoks\" style=\"visibility: hidden;\"> <span>Tulos:<\/span><br\/> <span id=\"resultat\" class=\"kalkyleResultat\"><\/span> <\/div>\n\n<p><\/p>\n","protected":false},"excerpt":{"rendered":"<p>Laske keskihajonta. Laskurimme laskee keskihajonnan puolestasi. Keskihajonta (s) kertoo keskim\u00e4\u00e4r\u00e4isen poikkeaman keskiarvosta aineistossamme. Keskihajonta on my\u00f6s varianssin neli\u00f6juuri. Kuinka laskea [&hellip;]<\/p>\n","protected":false},"author":1,"featured_media":0,"parent":1703,"menu_order":0,"comment_status":"closed","ping_status":"closed","template":"kalkulator-side.php","meta":{"site-sidebar-layout":"default","site-content-layout":"default","ast-site-content-layout":"default","site-content-style":"default","site-sidebar-style":"default","ast-global-header-display":"","ast-banner-title-visibility":"","ast-main-header-display":"","ast-hfb-above-header-display":"","ast-hfb-below-header-display":"","ast-hfb-mobile-header-display":"","site-post-title":"","ast-breadcrumbs-content":"","ast-featured-img":"","footer-sml-layout":"","theme-transparent-header-meta":"default","adv-header-id-meta":"","stick-header-meta":"default","header-above-stick-meta":"","header-main-stick-meta":"","header-below-stick-meta":"","astra-migrate-meta-layouts":"default","ast-page-background-enabled":"default","ast-page-background-meta":{"desktop":{"background-color":"var(--ast-global-color-5)","background-image":"","background-repeat":"repeat","background-position":"center center","background-size":"auto","background-attachment":"scroll","background-type":"","background-media":"","overlay-type":"","overlay-color":"","overlay-opacity":"","overlay-gradient":""},"tablet":{"background-color":"","background-image":"","background-repeat":"repeat","background-position":"center center","background-size":"auto","background-attachment":"scroll","background-type":"","background-media":"","overlay-type":"","overlay-color":"","overlay-opacity":"","overlay-gradient":""},"mobile":{"background-color":"","background-image":"","background-repeat":"repeat","background-position":"center center","background-size":"auto","background-attachment":"scroll","background-type":"","background-media":"","overlay-type":"","overlay-color":"","overlay-opacity":"","overlay-gradient":""}},"ast-content-background-meta":{"desktop":{"background-color":"var(--ast-global-color-4)","background-image":"","background-repeat":"repeat","background-position":"center center","background-size":"auto","background-attachment":"scroll","background-type":"","background-media":"","overlay-type":"","overlay-color":"","overlay-opacity":"","overlay-gradient":""},"tablet":{"background-color":"var(--ast-global-color-4)","background-image":"","background-repeat":"repeat","background-position":"center center","background-size":"auto","background-attachment":"scroll","background-type":"","background-media":"","overlay-type":"","overlay-color":"","overlay-opacity":"","overlay-gradient":""},"mobile":{"background-color":"var(--ast-global-color-4)","background-image":"","background-repeat":"repeat","background-position":"center center","background-size":"auto","background-attachment":"scroll","background-type":"","background-media":"","overlay-type":"","overlay-color":"","overlay-opacity":"","overlay-gradient":""}},"footnotes":""},"class_list":["post-1754","page","type-page","status-publish","hentry"],"yoast_head":"<!-- This site is optimized with the Yoast SEO plugin v25.5 - https:\/\/yoast.com\/wordpress\/plugins\/seo\/ -->\n<title>Keskihajonnan laskin - Quick Percent Calculator<\/title>\n<meta name=\"robots\" content=\"index, follow, max-snippet:-1, max-image-preview:large, max-video-preview:-1\" \/>\n<link rel=\"canonical\" href=\"https:\/\/quickpercentcalc.com\/fi\/tilastot\/keskihajonnan-laskin\/\" \/>\n<meta property=\"og:locale\" content=\"fi_FI\" \/>\n<meta property=\"og:type\" content=\"article\" \/>\n<meta property=\"og:title\" content=\"Keskihajonnan laskin - Quick Percent Calculator\" \/>\n<meta property=\"og:description\" content=\"Laske keskihajonta. Laskurimme laskee keskihajonnan puolestasi. Keskihajonta (s) kertoo keskim\u00e4\u00e4r\u00e4isen poikkeaman keskiarvosta aineistossamme. Keskihajonta on my\u00f6s varianssin neli\u00f6juuri. Kuinka laskea [&hellip;]\" \/>\n<meta property=\"og:url\" content=\"https:\/\/quickpercentcalc.com\/fi\/tilastot\/keskihajonnan-laskin\/\" \/>\n<meta property=\"og:site_name\" content=\"Quick Percent Calculator\" \/>\n<meta property=\"article:modified_time\" content=\"2025-04-07T18:50:57+00:00\" \/>\n<meta name=\"twitter:card\" content=\"summary_large_image\" \/>\n<meta name=\"twitter:label1\" content=\"Arvioitu lukuaika\" \/>\n\t<meta name=\"twitter:data1\" content=\"1 minuutti\" \/>\n<script type=\"application\/ld+json\" class=\"yoast-schema-graph\">{\"@context\":\"https:\/\/schema.org\",\"@graph\":[{\"@type\":\"WebPage\",\"@id\":\"https:\/\/quickpercentcalc.com\/fi\/tilastot\/keskihajonnan-laskin\/\",\"url\":\"https:\/\/quickpercentcalc.com\/fi\/tilastot\/keskihajonnan-laskin\/\",\"name\":\"Keskihajonnan laskin - Quick Percent Calculator\",\"isPartOf\":{\"@id\":\"https:\/\/quickpercentcalc.com\/fi\/#website\"},\"datePublished\":\"2021-03-03T09:58:02+00:00\",\"dateModified\":\"2025-04-07T18:50:57+00:00\",\"breadcrumb\":{\"@id\":\"https:\/\/quickpercentcalc.com\/fi\/tilastot\/keskihajonnan-laskin\/#breadcrumb\"},\"inLanguage\":\"fi\",\"potentialAction\":[{\"@type\":\"ReadAction\",\"target\":[\"https:\/\/quickpercentcalc.com\/fi\/tilastot\/keskihajonnan-laskin\/\"]}]},{\"@type\":\"BreadcrumbList\",\"@id\":\"https:\/\/quickpercentcalc.com\/fi\/tilastot\/keskihajonnan-laskin\/#breadcrumb\",\"itemListElement\":[{\"@type\":\"ListItem\",\"position\":1,\"name\":\"Home\",\"item\":\"https:\/\/quickpercentcalc.com\/fi\/\"},{\"@type\":\"ListItem\",\"position\":2,\"name\":\"Tilastot\",\"item\":\"https:\/\/quickpercentcalc.com\/fi\/statistics\/\"},{\"@type\":\"ListItem\",\"position\":3,\"name\":\"Keskihajonnan laskin\"}]},{\"@type\":\"WebSite\",\"@id\":\"https:\/\/quickpercentcalc.com\/fi\/#website\",\"url\":\"https:\/\/quickpercentcalc.com\/fi\/\",\"name\":\"Quick Percent Calculator\",\"description\":\"\",\"potentialAction\":[{\"@type\":\"SearchAction\",\"target\":{\"@type\":\"EntryPoint\",\"urlTemplate\":\"https:\/\/quickpercentcalc.com\/fi\/?s={search_term_string}\"},\"query-input\":{\"@type\":\"PropertyValueSpecification\",\"valueRequired\":true,\"valueName\":\"search_term_string\"}}],\"inLanguage\":\"fi\"}]}<\/script>\n<!-- \/ Yoast SEO plugin. -->","yoast_head_json":{"title":"Keskihajonnan laskin - Quick Percent Calculator","robots":{"index":"index","follow":"follow","max-snippet":"max-snippet:-1","max-image-preview":"max-image-preview:large","max-video-preview":"max-video-preview:-1"},"canonical":"https:\/\/quickpercentcalc.com\/fi\/tilastot\/keskihajonnan-laskin\/","og_locale":"fi_FI","og_type":"article","og_title":"Keskihajonnan laskin - Quick Percent Calculator","og_description":"Laske keskihajonta. Laskurimme laskee keskihajonnan puolestasi. Keskihajonta (s) kertoo keskim\u00e4\u00e4r\u00e4isen poikkeaman keskiarvosta aineistossamme. Keskihajonta on my\u00f6s varianssin neli\u00f6juuri. Kuinka laskea [&hellip;]","og_url":"https:\/\/quickpercentcalc.com\/fi\/tilastot\/keskihajonnan-laskin\/","og_site_name":"Quick Percent Calculator","article_modified_time":"2025-04-07T18:50:57+00:00","twitter_card":"summary_large_image","twitter_misc":{"Arvioitu lukuaika":"1 minuutti"},"schema":{"@context":"https:\/\/schema.org","@graph":[{"@type":"WebPage","@id":"https:\/\/quickpercentcalc.com\/fi\/tilastot\/keskihajonnan-laskin\/","url":"https:\/\/quickpercentcalc.com\/fi\/tilastot\/keskihajonnan-laskin\/","name":"Keskihajonnan laskin - Quick Percent Calculator","isPartOf":{"@id":"https:\/\/quickpercentcalc.com\/fi\/#website"},"datePublished":"2021-03-03T09:58:02+00:00","dateModified":"2025-04-07T18:50:57+00:00","breadcrumb":{"@id":"https:\/\/quickpercentcalc.com\/fi\/tilastot\/keskihajonnan-laskin\/#breadcrumb"},"inLanguage":"fi","potentialAction":[{"@type":"ReadAction","target":["https:\/\/quickpercentcalc.com\/fi\/tilastot\/keskihajonnan-laskin\/"]}]},{"@type":"BreadcrumbList","@id":"https:\/\/quickpercentcalc.com\/fi\/tilastot\/keskihajonnan-laskin\/#breadcrumb","itemListElement":[{"@type":"ListItem","position":1,"name":"Home","item":"https:\/\/quickpercentcalc.com\/fi\/"},{"@type":"ListItem","position":2,"name":"Tilastot","item":"https:\/\/quickpercentcalc.com\/fi\/statistics\/"},{"@type":"ListItem","position":3,"name":"Keskihajonnan laskin"}]},{"@type":"WebSite","@id":"https:\/\/quickpercentcalc.com\/fi\/#website","url":"https:\/\/quickpercentcalc.com\/fi\/","name":"Quick Percent Calculator","description":"","potentialAction":[{"@type":"SearchAction","target":{"@type":"EntryPoint","urlTemplate":"https:\/\/quickpercentcalc.com\/fi\/?s={search_term_string}"},"query-input":{"@type":"PropertyValueSpecification","valueRequired":true,"valueName":"search_term_string"}}],"inLanguage":"fi"}]}},"_links":{"self":[{"href":"https:\/\/quickpercentcalc.com\/fi\/wp-json\/wp\/v2\/pages\/1754","targetHints":{"allow":["GET"]}}],"collection":[{"href":"https:\/\/quickpercentcalc.com\/fi\/wp-json\/wp\/v2\/pages"}],"about":[{"href":"https:\/\/quickpercentcalc.com\/fi\/wp-json\/wp\/v2\/types\/page"}],"author":[{"embeddable":true,"href":"https:\/\/quickpercentcalc.com\/fi\/wp-json\/wp\/v2\/users\/1"}],"replies":[{"embeddable":true,"href":"https:\/\/quickpercentcalc.com\/fi\/wp-json\/wp\/v2\/comments?post=1754"}],"version-history":[{"count":1,"href":"https:\/\/quickpercentcalc.com\/fi\/wp-json\/wp\/v2\/pages\/1754\/revisions"}],"predecessor-version":[{"id":1755,"href":"https:\/\/quickpercentcalc.com\/fi\/wp-json\/wp\/v2\/pages\/1754\/revisions\/1755"}],"up":[{"embeddable":true,"href":"https:\/\/quickpercentcalc.com\/fi\/wp-json\/wp\/v2\/pages\/1703"}],"wp:attachment":[{"href":"https:\/\/quickpercentcalc.com\/fi\/wp-json\/wp\/v2\/media?parent=1754"}],"curies":[{"name":"wp","href":"https:\/\/api.w.org\/{rel}","templated":true}]}}