{"id":1818,"date":"2023-06-04T01:54:38","date_gmt":"2023-06-04T01:54:38","guid":{"rendered":"https:\/\/quickpercentcalc.com\/misc\/voimalaskuri-1rm\/"},"modified":"2025-04-07T18:56:37","modified_gmt":"2025-04-07T18:56:37","slug":"voimalaskuri-1rm","status":"publish","type":"page","link":"https:\/\/quickpercentcalc.com\/fi\/misc\/voimalaskuri-1rm\/","title":{"rendered":"Voimalaskuri (1RM)"},"content":{"rendered":"\n<p>Laske yhden toiston maksimi (1RM). Laskurimme auttaa sinua arvioimaan 1RM:n helposti. <\/p>\n\n<p>T\u00e4m\u00e4n laskurin avulla voit sy\u00f6tt\u00e4\u00e4 painon ja toistojen m\u00e4\u00e4r\u00e4n, jonka voit suorittaa voimaharjoituksessa, jotta voit arvioida maksimipainon, jonka voit nostaa yhdell\u00e4 toistolla. Jos esimerkiksi penkkipunnerrat 225 lbs 5 toistoa, arvioitu 1RM olisi 253,2 lbs.<\/p>\n\n<p>1RM:n arvioimiseksi k\u00e4ytet\u00e4\u00e4n useita kaavoja, mutta yksi suosituimmista ja melko tarkoista menetelmist\u00e4 on Matt Brzyckin kaava.<\/p>\n\n<p>Kaava 1RM:lle:<\/p>\n\n<style>\n.frac {\n    display: inline-block;\n    position: relative;\n    vertical-align: middle;\n    letter-spacing: 0.001em;\n    text-align: center;\n}\n.frac > span {\n    display: block;\n    padding: 0.1em;\n}\n.frac span.bottom {\n    border-top: thin solid black;\n}\n.frac span.symbol {\n    display: none;\n}\n<\/style>\n\n<div class=\"formel\">\n  $$\\frac{paino ~ ~ paunoina ~ tai ~ kiloina}{1.0278 &#8211; (0.0278 \\ kertaa toistot)}$$\n<\/div>\n<br\/><br\/>\n\n<script>\nfunction calculate1RM() {\n    var weight = parseFloat(\n        document.getElementById(\"w\").value.replace(\/,\/g, \".\")\n    ).toFixed(4);\n\n    var reps = parseFloat(\n        document.getElementById(\"r\").value.replace(\/,\/g, \".\")\n    ).toFixed(4);\n\n    var result = weight \/ (1.0278 - (0.0278 * reps));\n    result = parseFloat(result);\n\n    if (result % 1 !== 0) {\n        result = result.toFixed(1);\n    } else {\n        result = result.toFixed();\n    }\n\n    document.getElementById(\"result\").innerHTML = result.toString();\n    document.getElementById(\"resultBox\").style.visibility = \"visible\";\n}\n<\/script>\n\n<label for=\"w\">Nostettu paino (lbs tai kg)<\/label>\n<input type=\"number\" id=\"w\" min=\"0\"\/>\n<br\/><br\/><label for=\"r\">Toistojen m\u00e4\u00e4r\u00e4<\/label>\n<input type=\"number\" id=\"r\" min=\"0\"\/>\n<br\/><br\/>\n<input type=\"button\" id=\"calculate\" value=\"Laske\" onclick=\"calculate1RM()\"\/>\n<br\/><br\/><div id=\"resultBox\" style=\"visibility: hidden;\">\n    <span>Arvioitu 1RM:<\/span><br\/>    <span id=\"result\" class=\"calculationResult\"><\/span>    \n<\/div>\n","protected":false},"excerpt":{"rendered":"<p>Laske yhden toiston maksimi (1RM). Laskurimme auttaa sinua arvioimaan 1RM:n helposti. T\u00e4m\u00e4n laskurin avulla voit sy\u00f6tt\u00e4\u00e4 painon ja toistojen m\u00e4\u00e4r\u00e4n, [&hellip;]<\/p>\n","protected":false},"author":1,"featured_media":0,"parent":1771,"menu_order":0,"comment_status":"closed","ping_status":"closed","template":"kalkulator-side.php","meta":{"site-sidebar-layout":"default","site-content-layout":"default","ast-site-content-layout":"default","site-content-style":"default","site-sidebar-style":"default","ast-global-header-display":"","ast-banner-title-visibility":"","ast-main-header-display":"","ast-hfb-above-header-display":"","ast-hfb-below-header-display":"","ast-hfb-mobile-header-display":"","site-post-title":"","ast-breadcrumbs-content":"","ast-featured-img":"","footer-sml-layout":"","theme-transparent-header-meta":"default","adv-header-id-meta":"","stick-header-meta":"default","header-above-stick-meta":"","header-main-stick-meta":"","header-below-stick-meta":"","astra-migrate-meta-layouts":"default","ast-page-background-enabled":"default","ast-page-background-meta":{"desktop":{"background-color":"var(--ast-global-color-5)","background-image":"","background-repeat":"repeat","background-position":"center center","background-size":"auto","background-attachment":"scroll","background-type":"","background-media":"","overlay-type":"","overlay-color":"","overlay-opacity":"","overlay-gradient":""},"tablet":{"background-color":"","background-image":"","background-repeat":"repeat","background-position":"center center","background-size":"auto","background-attachment":"scroll","background-type":"","background-media":"","overlay-type":"","overlay-color":"","overlay-opacity":"","overlay-gradient":""},"mobile":{"background-color":"","background-image":"","background-repeat":"repeat","background-position":"center center","background-size":"auto","background-attachment":"scroll","background-type":"","background-media":"","overlay-type":"","overlay-color":"","overlay-opacity":"","overlay-gradient":""}},"ast-content-background-meta":{"desktop":{"background-color":"var(--ast-global-color-4)","background-image":"","background-repeat":"repeat","background-position":"center center","background-size":"auto","background-attachment":"scroll","background-type":"","background-media":"","overlay-type":"","overlay-color":"","overlay-opacity":"","overlay-gradient":""},"tablet":{"background-color":"var(--ast-global-color-4)","background-image":"","background-repeat":"repeat","background-position":"center center","background-size":"auto","background-attachment":"scroll","background-type":"","background-media":"","overlay-type":"","overlay-color":"","overlay-opacity":"","overlay-gradient":""},"mobile":{"background-color":"var(--ast-global-color-4)","background-image":"","background-repeat":"repeat","background-position":"center center","background-size":"auto","background-attachment":"scroll","background-type":"","background-media":"","overlay-type":"","overlay-color":"","overlay-opacity":"","overlay-gradient":""}},"footnotes":""},"class_list":["post-1818","page","type-page","status-publish","hentry"],"yoast_head":"<!-- This site is optimized with the Yoast SEO plugin v25.5 - https:\/\/yoast.com\/wordpress\/plugins\/seo\/ -->\n<title>Voimalaskuri (1RM) - Quick Percent Calculator<\/title>\n<meta name=\"robots\" content=\"index, follow, max-snippet:-1, max-image-preview:large, max-video-preview:-1\" \/>\n<link rel=\"canonical\" href=\"https:\/\/quickpercentcalc.com\/fi\/misc\/voimalaskuri-1rm\/\" \/>\n<meta property=\"og:locale\" content=\"fi_FI\" \/>\n<meta property=\"og:type\" content=\"article\" \/>\n<meta property=\"og:title\" content=\"Voimalaskuri (1RM) - Quick Percent Calculator\" \/>\n<meta property=\"og:description\" content=\"Laske yhden toiston maksimi (1RM). Laskurimme auttaa sinua arvioimaan 1RM:n helposti. T\u00e4m\u00e4n laskurin avulla voit sy\u00f6tt\u00e4\u00e4 painon ja toistojen m\u00e4\u00e4r\u00e4n, [&hellip;]\" \/>\n<meta property=\"og:url\" content=\"https:\/\/quickpercentcalc.com\/fi\/misc\/voimalaskuri-1rm\/\" \/>\n<meta property=\"og:site_name\" content=\"Quick Percent Calculator\" \/>\n<meta property=\"article:modified_time\" content=\"2025-04-07T18:56:37+00:00\" \/>\n<meta name=\"twitter:card\" content=\"summary_large_image\" \/>\n<script type=\"application\/ld+json\" class=\"yoast-schema-graph\">{\"@context\":\"https:\/\/schema.org\",\"@graph\":[{\"@type\":\"WebPage\",\"@id\":\"https:\/\/quickpercentcalc.com\/fi\/misc\/voimalaskuri-1rm\/\",\"url\":\"https:\/\/quickpercentcalc.com\/fi\/misc\/voimalaskuri-1rm\/\",\"name\":\"Voimalaskuri (1RM) - Quick Percent Calculator\",\"isPartOf\":{\"@id\":\"https:\/\/quickpercentcalc.com\/fi\/#website\"},\"datePublished\":\"2023-06-04T01:54:38+00:00\",\"dateModified\":\"2025-04-07T18:56:37+00:00\",\"breadcrumb\":{\"@id\":\"https:\/\/quickpercentcalc.com\/fi\/misc\/voimalaskuri-1rm\/#breadcrumb\"},\"inLanguage\":\"fi\",\"potentialAction\":[{\"@type\":\"ReadAction\",\"target\":[\"https:\/\/quickpercentcalc.com\/fi\/misc\/voimalaskuri-1rm\/\"]}]},{\"@type\":\"BreadcrumbList\",\"@id\":\"https:\/\/quickpercentcalc.com\/fi\/misc\/voimalaskuri-1rm\/#breadcrumb\",\"itemListElement\":[{\"@type\":\"ListItem\",\"position\":1,\"name\":\"Home\",\"item\":\"https:\/\/quickpercentcalc.com\/fi\/\"},{\"@type\":\"ListItem\",\"position\":2,\"name\":\"Misc\",\"item\":\"https:\/\/quickpercentcalc.com\/fi\/misc\/\"},{\"@type\":\"ListItem\",\"position\":3,\"name\":\"Voimalaskuri (1RM)\"}]},{\"@type\":\"WebSite\",\"@id\":\"https:\/\/quickpercentcalc.com\/fi\/#website\",\"url\":\"https:\/\/quickpercentcalc.com\/fi\/\",\"name\":\"Quick Percent Calculator\",\"description\":\"\",\"potentialAction\":[{\"@type\":\"SearchAction\",\"target\":{\"@type\":\"EntryPoint\",\"urlTemplate\":\"https:\/\/quickpercentcalc.com\/fi\/?s={search_term_string}\"},\"query-input\":{\"@type\":\"PropertyValueSpecification\",\"valueRequired\":true,\"valueName\":\"search_term_string\"}}],\"inLanguage\":\"fi\"}]}<\/script>\n<!-- \/ Yoast SEO plugin. -->","yoast_head_json":{"title":"Voimalaskuri (1RM) - Quick Percent Calculator","robots":{"index":"index","follow":"follow","max-snippet":"max-snippet:-1","max-image-preview":"max-image-preview:large","max-video-preview":"max-video-preview:-1"},"canonical":"https:\/\/quickpercentcalc.com\/fi\/misc\/voimalaskuri-1rm\/","og_locale":"fi_FI","og_type":"article","og_title":"Voimalaskuri (1RM) - Quick Percent Calculator","og_description":"Laske yhden toiston maksimi (1RM). Laskurimme auttaa sinua arvioimaan 1RM:n helposti. T\u00e4m\u00e4n laskurin avulla voit sy\u00f6tt\u00e4\u00e4 painon ja toistojen m\u00e4\u00e4r\u00e4n, [&hellip;]","og_url":"https:\/\/quickpercentcalc.com\/fi\/misc\/voimalaskuri-1rm\/","og_site_name":"Quick Percent Calculator","article_modified_time":"2025-04-07T18:56:37+00:00","twitter_card":"summary_large_image","schema":{"@context":"https:\/\/schema.org","@graph":[{"@type":"WebPage","@id":"https:\/\/quickpercentcalc.com\/fi\/misc\/voimalaskuri-1rm\/","url":"https:\/\/quickpercentcalc.com\/fi\/misc\/voimalaskuri-1rm\/","name":"Voimalaskuri (1RM) - Quick Percent Calculator","isPartOf":{"@id":"https:\/\/quickpercentcalc.com\/fi\/#website"},"datePublished":"2023-06-04T01:54:38+00:00","dateModified":"2025-04-07T18:56:37+00:00","breadcrumb":{"@id":"https:\/\/quickpercentcalc.com\/fi\/misc\/voimalaskuri-1rm\/#breadcrumb"},"inLanguage":"fi","potentialAction":[{"@type":"ReadAction","target":["https:\/\/quickpercentcalc.com\/fi\/misc\/voimalaskuri-1rm\/"]}]},{"@type":"BreadcrumbList","@id":"https:\/\/quickpercentcalc.com\/fi\/misc\/voimalaskuri-1rm\/#breadcrumb","itemListElement":[{"@type":"ListItem","position":1,"name":"Home","item":"https:\/\/quickpercentcalc.com\/fi\/"},{"@type":"ListItem","position":2,"name":"Misc","item":"https:\/\/quickpercentcalc.com\/fi\/misc\/"},{"@type":"ListItem","position":3,"name":"Voimalaskuri (1RM)"}]},{"@type":"WebSite","@id":"https:\/\/quickpercentcalc.com\/fi\/#website","url":"https:\/\/quickpercentcalc.com\/fi\/","name":"Quick Percent Calculator","description":"","potentialAction":[{"@type":"SearchAction","target":{"@type":"EntryPoint","urlTemplate":"https:\/\/quickpercentcalc.com\/fi\/?s={search_term_string}"},"query-input":{"@type":"PropertyValueSpecification","valueRequired":true,"valueName":"search_term_string"}}],"inLanguage":"fi"}]}},"_links":{"self":[{"href":"https:\/\/quickpercentcalc.com\/fi\/wp-json\/wp\/v2\/pages\/1818","targetHints":{"allow":["GET"]}}],"collection":[{"href":"https:\/\/quickpercentcalc.com\/fi\/wp-json\/wp\/v2\/pages"}],"about":[{"href":"https:\/\/quickpercentcalc.com\/fi\/wp-json\/wp\/v2\/types\/page"}],"author":[{"embeddable":true,"href":"https:\/\/quickpercentcalc.com\/fi\/wp-json\/wp\/v2\/users\/1"}],"replies":[{"embeddable":true,"href":"https:\/\/quickpercentcalc.com\/fi\/wp-json\/wp\/v2\/comments?post=1818"}],"version-history":[{"count":1,"href":"https:\/\/quickpercentcalc.com\/fi\/wp-json\/wp\/v2\/pages\/1818\/revisions"}],"predecessor-version":[{"id":1819,"href":"https:\/\/quickpercentcalc.com\/fi\/wp-json\/wp\/v2\/pages\/1818\/revisions\/1819"}],"up":[{"embeddable":true,"href":"https:\/\/quickpercentcalc.com\/fi\/wp-json\/wp\/v2\/pages\/1771"}],"wp:attachment":[{"href":"https:\/\/quickpercentcalc.com\/fi\/wp-json\/wp\/v2\/media?parent=1818"}],"curies":[{"name":"wp","href":"https:\/\/api.w.org\/{rel}","templated":true}]}}