{"id":1880,"date":"2021-03-03T13:01:39","date_gmt":"2021-03-03T13:01:39","guid":{"rendered":"https:\/\/quickpercentcalc.com\/tilastot\/poikkeaman-laskuri\/"},"modified":"2025-04-08T15:03:09","modified_gmt":"2025-04-08T15:03:09","slug":"poikkeaman-laskuri","status":"publish","type":"page","link":"https:\/\/quickpercentcalc.com\/fi\/tilastot\/poikkeaman-laskuri\/","title":{"rendered":"Poikkeaman laskuri"},"content":{"rendered":"\n<p>Laske varianssi. Laskurimme laskee varianssin puolestasi. <\/p>\n\n<p>Varianssi (<sup>s2<\/sup>) on lukujonon hajonnan mitta. Varianssi on <a href=\"https:\/\/quickpercentcalc.com\/fi\/tilastot\/keskihajonnan-laskin\/\">keskihajonnan<\/a> neli\u00f6. <\/p>\n\n<p><strong>Vaiheet varianssin laskemiseksi:<\/strong><br\/>1. Etsit\u00e4\u00e4n kunkin luvun (x) ja <a href=\"https:\/\/quickpercentcalc.com\/fi\/tilastot\/keskiarvo-average-laskin\/\">keskiarvon<\/a> ((palkki{x})) v\u00e4linen erotus.<br\/>2. Neli\u00f6id\u00e4\u00e4n (^2) kukin erotus<br\/>3. Lasketaan varianssi. Lasketaan lukujen summa<br\/>4. Jaa arvojen lukum\u00e4\u00e4r\u00e4ll\u00e4 miinus 1.<\/p>\n\n<p><\/p>\n\n<p>Jos haluat k\u00e4ytt\u00e4\u00e4 t\u00e4t\u00e4 laskinta, erota jokainen luku v\u00e4lily\u00f6nnill\u00e4 (esim. 2 5 4 jne.). Desimaaliluvuissa voit k\u00e4ytt\u00e4\u00e4 joko pilkkua tai pistett\u00e4.  \u00c4l\u00e4 k\u00e4yt\u00e4 tuhannen erottimia tai kirjaimia.<\/p>\n\n<p>Varianssin kaava:<\/p>\n\n<style>\n\n.frac {\n    display: inline-block;\n    position: relative;\n    vertical-align: middle;\n    letter-spacing: 0.001em;\n    text-align: center;\n}\n.frac > span {\n    display: block;\n    padding: 0.1em;\n}\n.frac span.bottom {\n    border-top: thin solid black;\n}\n.frac span.symbol {\n    display: none;\n}\n<\/style>\n\n<div class=\"formel\">\n  $${\\frac{1}{n-1} \\sum_{i=1}^N (x_i &#8211; \\overline{x})^2}$$$\n<\/div>\n<br\/><br\/>\n\n<script src=\"https:\/\/ajax.googleapis.com\/ajax\/libs\/jquery\/3.5.1\/jquery.min.js\"><\/script>\n<script>\n    $(function () {\n        $(\"#regnut\").click(function () {\n            var str = $(\"#tall\").val();\n            var res = Array.from(str.split(\/[ ]+\/));\n            var utregning = Array;\n            var std;\n\n\n            for (var i = 0; i < res.length; i++) {\n                res[i] = res[i].replace(\",\", \".\");\n                res[i] = parseFloat(res[i]);\n            }\n\n            var total = 0;\n\n            for (var i = 0; i < res.length; i++) {\n                total = total + res[i];\n            }\n\n            \/\/mean\n            var gjsnitt = total \/ res.length;\n\n            \/\/difference between each number and mean\n            for (var i = 0; i < res.length; i++) {\n                utregning[i] = res[i] - gjsnitt;\n\n            }\n\n            for (var i = 0; i < res.length; i++) {\n                utregning[i] = Math.pow(utregning[i], 2);\n            }\n\n            \/\/sum of squares\n            var sumKv = 0;\n            for (var i = 0; i < res.length; i++) {\n                sumKv = sumKv + utregning[i];\n            }\n            console.log(sumKv);\n            \/\/calculate variance\n            std = sumKv \/ (res.length - 1);\n\n\n            if (std % 1 !== 0) {\n                std = std.toFixed(4);\n            }\n            else {\n                std = std.toFixed();\n            }\n\n            std = std.toString();\n            std = std.replace(\".\", \",\");\n\n            $(\"#resultat\").html(std);\n\n            $(\"#resultatBoks\").css({ \"visibility\": \"initial\" });\n\n\n        });\n\n\n    });\n\n<\/script>\n\n\n<label for=\"tall\">Numeroj\u00e4rjestys (numerot erotetaan v\u00e4lily\u00f6nnill\u00e4)<\/label><br\/><textarea type=\"text\" id=\"tall\"><\/textarea>\n<br\/><br\/><br\/><br\/>\n<input type=\"button\" id=\"regnut\" value=\"Laske\"\/>\n<br\/><br\/><div id=\"resultatBoks\" style=\"visibility: hidden;\">\n    <span>Tulos:<\/span><br\/>    <span id=\"resultat\" class=\"kalkyleResultat\"><\/span>\n<\/div>\n\n<p><\/p>\n","protected":false},"excerpt":{"rendered":"<p>Laske varianssi. Laskurimme laskee varianssin puolestasi. Varianssi (s2) on lukujonon hajonnan mitta. Varianssi on keskihajonnan neli\u00f6. Vaiheet varianssin laskemiseksi:1. Etsit\u00e4\u00e4n [&hellip;]<\/p>\n","protected":false},"author":1,"featured_media":0,"parent":1703,"menu_order":0,"comment_status":"closed","ping_status":"closed","template":"kalkulator-side.php","meta":{"site-sidebar-layout":"default","site-content-layout":"default","ast-site-content-layout":"","site-content-style":"default","site-sidebar-style":"default","ast-global-header-display":"","ast-banner-title-visibility":"","ast-main-header-display":"","ast-hfb-above-header-display":"","ast-hfb-below-header-display":"","ast-hfb-mobile-header-display":"","site-post-title":"","ast-breadcrumbs-content":"","ast-featured-img":"","footer-sml-layout":"","theme-transparent-header-meta":"default","adv-header-id-meta":"","stick-header-meta":"default","header-above-stick-meta":"","header-main-stick-meta":"","header-below-stick-meta":"","astra-migrate-meta-layouts":"default","ast-page-background-enabled":"default","ast-page-background-meta":{"desktop":{"background-color":"var(--ast-global-color-5)","background-image":"","background-repeat":"repeat","background-position":"center center","background-size":"auto","background-attachment":"scroll","background-type":"","background-media":"","overlay-type":"","overlay-color":"","overlay-opacity":"","overlay-gradient":""},"tablet":{"background-color":"","background-image":"","background-repeat":"repeat","background-position":"center center","background-size":"auto","background-attachment":"scroll","background-type":"","background-media":"","overlay-type":"","overlay-color":"","overlay-opacity":"","overlay-gradient":""},"mobile":{"background-color":"","background-image":"","background-repeat":"repeat","background-position":"center center","background-size":"auto","background-attachment":"scroll","background-type":"","background-media":"","overlay-type":"","overlay-color":"","overlay-opacity":"","overlay-gradient":""}},"ast-content-background-meta":{"desktop":{"background-color":"var(--ast-global-color-4)","background-image":"","background-repeat":"repeat","background-position":"center center","background-size":"auto","background-attachment":"scroll","background-type":"","background-media":"","overlay-type":"","overlay-color":"","overlay-opacity":"","overlay-gradient":""},"tablet":{"background-color":"var(--ast-global-color-4)","background-image":"","background-repeat":"repeat","background-position":"center center","background-size":"auto","background-attachment":"scroll","background-type":"","background-media":"","overlay-type":"","overlay-color":"","overlay-opacity":"","overlay-gradient":""},"mobile":{"background-color":"var(--ast-global-color-4)","background-image":"","background-repeat":"repeat","background-position":"center center","background-size":"auto","background-attachment":"scroll","background-type":"","background-media":"","overlay-type":"","overlay-color":"","overlay-opacity":"","overlay-gradient":""}},"footnotes":""},"class_list":["post-1880","page","type-page","status-publish","hentry"],"yoast_head":"<!-- This site is optimized with the Yoast SEO plugin v25.5 - https:\/\/yoast.com\/wordpress\/plugins\/seo\/ -->\n<title>Poikkeaman laskuri - Quick Percent Calculator<\/title>\n<meta name=\"robots\" content=\"index, follow, max-snippet:-1, max-image-preview:large, max-video-preview:-1\" \/>\n<link rel=\"canonical\" href=\"https:\/\/quickpercentcalc.com\/fi\/tilastot\/poikkeaman-laskuri\/\" \/>\n<meta property=\"og:locale\" content=\"fi_FI\" \/>\n<meta property=\"og:type\" content=\"article\" \/>\n<meta property=\"og:title\" content=\"Poikkeaman laskuri - Quick Percent Calculator\" \/>\n<meta property=\"og:description\" content=\"Laske varianssi. Laskurimme laskee varianssin puolestasi. Varianssi (s2) on lukujonon hajonnan mitta. Varianssi on keskihajonnan neli\u00f6. Vaiheet varianssin laskemiseksi:1. Etsit\u00e4\u00e4n [&hellip;]\" \/>\n<meta property=\"og:url\" content=\"https:\/\/quickpercentcalc.com\/fi\/tilastot\/poikkeaman-laskuri\/\" \/>\n<meta property=\"og:site_name\" content=\"Quick Percent Calculator\" \/>\n<meta property=\"article:modified_time\" content=\"2025-04-08T15:03:09+00:00\" \/>\n<meta name=\"twitter:card\" content=\"summary_large_image\" \/>\n<script type=\"application\/ld+json\" class=\"yoast-schema-graph\">{\"@context\":\"https:\/\/schema.org\",\"@graph\":[{\"@type\":\"WebPage\",\"@id\":\"https:\/\/quickpercentcalc.com\/fi\/tilastot\/poikkeaman-laskuri\/\",\"url\":\"https:\/\/quickpercentcalc.com\/fi\/tilastot\/poikkeaman-laskuri\/\",\"name\":\"Poikkeaman laskuri - Quick Percent Calculator\",\"isPartOf\":{\"@id\":\"https:\/\/quickpercentcalc.com\/fi\/#website\"},\"datePublished\":\"2021-03-03T13:01:39+00:00\",\"dateModified\":\"2025-04-08T15:03:09+00:00\",\"breadcrumb\":{\"@id\":\"https:\/\/quickpercentcalc.com\/fi\/tilastot\/poikkeaman-laskuri\/#breadcrumb\"},\"inLanguage\":\"fi\",\"potentialAction\":[{\"@type\":\"ReadAction\",\"target\":[\"https:\/\/quickpercentcalc.com\/fi\/tilastot\/poikkeaman-laskuri\/\"]}]},{\"@type\":\"BreadcrumbList\",\"@id\":\"https:\/\/quickpercentcalc.com\/fi\/tilastot\/poikkeaman-laskuri\/#breadcrumb\",\"itemListElement\":[{\"@type\":\"ListItem\",\"position\":1,\"name\":\"Home\",\"item\":\"https:\/\/quickpercentcalc.com\/fi\/\"},{\"@type\":\"ListItem\",\"position\":2,\"name\":\"Tilastot\",\"item\":\"https:\/\/quickpercentcalc.com\/fi\/statistics\/\"},{\"@type\":\"ListItem\",\"position\":3,\"name\":\"Poikkeaman laskuri\"}]},{\"@type\":\"WebSite\",\"@id\":\"https:\/\/quickpercentcalc.com\/fi\/#website\",\"url\":\"https:\/\/quickpercentcalc.com\/fi\/\",\"name\":\"Quick Percent Calculator\",\"description\":\"\",\"potentialAction\":[{\"@type\":\"SearchAction\",\"target\":{\"@type\":\"EntryPoint\",\"urlTemplate\":\"https:\/\/quickpercentcalc.com\/fi\/?s={search_term_string}\"},\"query-input\":{\"@type\":\"PropertyValueSpecification\",\"valueRequired\":true,\"valueName\":\"search_term_string\"}}],\"inLanguage\":\"fi\"}]}<\/script>\n<!-- \/ Yoast SEO plugin. -->","yoast_head_json":{"title":"Poikkeaman laskuri - Quick Percent Calculator","robots":{"index":"index","follow":"follow","max-snippet":"max-snippet:-1","max-image-preview":"max-image-preview:large","max-video-preview":"max-video-preview:-1"},"canonical":"https:\/\/quickpercentcalc.com\/fi\/tilastot\/poikkeaman-laskuri\/","og_locale":"fi_FI","og_type":"article","og_title":"Poikkeaman laskuri - Quick Percent Calculator","og_description":"Laske varianssi. Laskurimme laskee varianssin puolestasi. Varianssi (s2) on lukujonon hajonnan mitta. Varianssi on keskihajonnan neli\u00f6. Vaiheet varianssin laskemiseksi:1. Etsit\u00e4\u00e4n [&hellip;]","og_url":"https:\/\/quickpercentcalc.com\/fi\/tilastot\/poikkeaman-laskuri\/","og_site_name":"Quick Percent Calculator","article_modified_time":"2025-04-08T15:03:09+00:00","twitter_card":"summary_large_image","schema":{"@context":"https:\/\/schema.org","@graph":[{"@type":"WebPage","@id":"https:\/\/quickpercentcalc.com\/fi\/tilastot\/poikkeaman-laskuri\/","url":"https:\/\/quickpercentcalc.com\/fi\/tilastot\/poikkeaman-laskuri\/","name":"Poikkeaman laskuri - Quick Percent Calculator","isPartOf":{"@id":"https:\/\/quickpercentcalc.com\/fi\/#website"},"datePublished":"2021-03-03T13:01:39+00:00","dateModified":"2025-04-08T15:03:09+00:00","breadcrumb":{"@id":"https:\/\/quickpercentcalc.com\/fi\/tilastot\/poikkeaman-laskuri\/#breadcrumb"},"inLanguage":"fi","potentialAction":[{"@type":"ReadAction","target":["https:\/\/quickpercentcalc.com\/fi\/tilastot\/poikkeaman-laskuri\/"]}]},{"@type":"BreadcrumbList","@id":"https:\/\/quickpercentcalc.com\/fi\/tilastot\/poikkeaman-laskuri\/#breadcrumb","itemListElement":[{"@type":"ListItem","position":1,"name":"Home","item":"https:\/\/quickpercentcalc.com\/fi\/"},{"@type":"ListItem","position":2,"name":"Tilastot","item":"https:\/\/quickpercentcalc.com\/fi\/statistics\/"},{"@type":"ListItem","position":3,"name":"Poikkeaman laskuri"}]},{"@type":"WebSite","@id":"https:\/\/quickpercentcalc.com\/fi\/#website","url":"https:\/\/quickpercentcalc.com\/fi\/","name":"Quick Percent Calculator","description":"","potentialAction":[{"@type":"SearchAction","target":{"@type":"EntryPoint","urlTemplate":"https:\/\/quickpercentcalc.com\/fi\/?s={search_term_string}"},"query-input":{"@type":"PropertyValueSpecification","valueRequired":true,"valueName":"search_term_string"}}],"inLanguage":"fi"}]}},"_links":{"self":[{"href":"https:\/\/quickpercentcalc.com\/fi\/wp-json\/wp\/v2\/pages\/1880","targetHints":{"allow":["GET"]}}],"collection":[{"href":"https:\/\/quickpercentcalc.com\/fi\/wp-json\/wp\/v2\/pages"}],"about":[{"href":"https:\/\/quickpercentcalc.com\/fi\/wp-json\/wp\/v2\/types\/page"}],"author":[{"embeddable":true,"href":"https:\/\/quickpercentcalc.com\/fi\/wp-json\/wp\/v2\/users\/1"}],"replies":[{"embeddable":true,"href":"https:\/\/quickpercentcalc.com\/fi\/wp-json\/wp\/v2\/comments?post=1880"}],"version-history":[{"count":1,"href":"https:\/\/quickpercentcalc.com\/fi\/wp-json\/wp\/v2\/pages\/1880\/revisions"}],"predecessor-version":[{"id":1881,"href":"https:\/\/quickpercentcalc.com\/fi\/wp-json\/wp\/v2\/pages\/1880\/revisions\/1881"}],"up":[{"embeddable":true,"href":"https:\/\/quickpercentcalc.com\/fi\/wp-json\/wp\/v2\/pages\/1703"}],"wp:attachment":[{"href":"https:\/\/quickpercentcalc.com\/fi\/wp-json\/wp\/v2\/media?parent=1880"}],"curies":[{"name":"wp","href":"https:\/\/api.w.org\/{rel}","templated":true}]}}