{"id":2011,"date":"2021-02-25T15:09:41","date_gmt":"2021-02-25T15:09:41","guid":{"rendered":"https:\/\/quickpercentcalc.com\/?page_id=2011"},"modified":"2025-04-10T17:29:11","modified_gmt":"2025-04-10T17:29:11","slug":"katetuottolaskuri","status":"publish","type":"page","link":"https:\/\/quickpercentcalc.com\/fi\/liiketaloustiede\/katetuottolaskuri\/","title":{"rendered":"Katetuottolaskuri"},"content":{"rendered":"\n<p>Laske katetuotto. Laskurimme laskee katetuoton puolestasi.<\/p>\n\n\n\n<p><strong>Katetuotto<\/strong> on myyntihinnan ja tuotteen kustannuksen v\u00e4linen ero \u2014 aivan kuten bruttovoitto \u2014 mutta se eroaa bruttovoittoprosentista siin\u00e4, ett\u00e4 katetuotto lasketaan jakamalla voitto euroina tuotteen kustannuksella. T\u00e4m\u00e4 laskuri antaa sinulle katetuoton sek\u00e4 lukuna ett\u00e4 <a href=\"https:\/\/quickpercentcalc.com\/math\/percentage-calculator\/\">prosentteina<\/a>.<\/p>\n\n\n\n<script>\n    function regnUt(){\n\n    \/\/muunna arvot liukuluvuiksi\n    var si = parseFloat(\n        document.getElementById(\"si\").value.replace(\/,\/g, \".\")\n    ).toFixed(4);\n    var vk = parseFloat(\n        document.getElementById(\"vk\").value.replace(\/,\/g, \".\")\n    ).toFixed(4);\n\n    \/\/laskenta\n    var utregning = parseFloat(si)-parseFloat(vk);\n\n    \/\/m\u00e4\u00e4rit\u00e4 n\u00e4ytet\u00e4\u00e4nk\u00f6 desimaaleja\n    if ( utregning % 1 !== 0 ) {\n  utregning = utregning.toFixed(2);\n}\nelse{\n    utregning = utregning.toFixed();\n}\n\nvar utregning2 = (utregning\/vk)*100;\n\nif ( utregning2 % 1 !== 0 ) {\n  utregning2 = utregning2.toFixed(2);\n}\nelse{\n    utregning2 = utregning2.toFixed();\n}\n    \n   \/\/n\u00e4yt\u00e4 tulos\n\n    document.getElementById(\"resultat\").innerHTML=utregning.toString();\n    document.getElementById(\"resultat2\").innerHTML=utregning2.toString() + \" %\";\n\n    \/\/tee tulos n\u00e4kyv\u00e4ksi\n    document.getElementById(\"resultatBoks\").style.visibility=\"initial\";\n\n    }\n<\/script>\n\n<label for=\"si\">Myyntihinta<\/label>\n<input type=\"number\" id=\"si\" min=\"0\">\n<br><br>\n<label for=\"vk\">Tuotteen kustannus<\/label>\n<input type=\"number\" id=\"vk\" min=\"0\">\n<br><br>\n<br><br>\n\n<input type=\"button\" id=\"regnut\" value=\"Laske\" onclick=\"regnUt()\">\n<br><br>\n<div id=\"resultatBoks\" style=\"visibility: hidden;\">\n    <span>Katetuotto<\/span><br>\n    <span id=\"resultat\" class=\"kalkyleResultat\"><\/span>  <br><br>\n    <span>Katetuotto %:<\/span><br>\n    <span id=\"resultat2\" class=\"kalkyleResultat\"><\/span>  \n<\/div>\n\n\n\n<h2 class=\"wp-block-heading\">Katetuoton kaava<\/h2>\n\n\n\n<style>\n\n.frac {\n    display: inline-block;\n    position: relative;\n    vertical-align: middle;\n    letter-spacing: 0.001em;\n    text-align: center;\n}\n.frac > span {\n    display: block;\n    padding: 0.1em;\n}\n.frac span.bottom {\n    border-top: thin solid black;\n}\n.frac span.symbol {\n    display: none;\n}\n<\/style>\n\n<div class=\"formel\">\n  $$myyntihinta~-~tuotteen~kustannus$$\n<\/div>\n<br><br>\n\n\n\n<h2 class=\"wp-block-heading\">Katetuoton kaava prosentteina<\/h2>\n\n\n\n<div class=\"formel\">\n  $$\\frac{myyntihinta~-~tuotteen~kustannus}{tuotteen~kustannus}*100$$\n<\/div>\n<br><br>\n\n\n\n<p><\/p>\n\n","protected":false},"excerpt":{"rendered":"<p>Laske katetuotto. Laskurimme laskee katetuoton puolestasi. Katetuotto on myyntihinnan ja tuotteen kustannuksen v\u00e4linen ero \u2014 aivan kuten bruttovoitto \u2014 mutta [&hellip;]<\/p>\n","protected":false},"author":1,"featured_media":0,"parent":1984,"menu_order":0,"comment_status":"closed","ping_status":"closed","template":"kalkulator-side.php","meta":{"site-sidebar-layout":"default","site-content-layout":"default","ast-site-content-layout":"default","site-content-style":"default","site-sidebar-style":"default","ast-global-header-display":"","ast-banner-title-visibility":"","ast-main-header-display":"","ast-hfb-above-header-display":"","ast-hfb-below-header-display":"","ast-hfb-mobile-header-display":"","site-post-title":"","ast-breadcrumbs-content":"","ast-featured-img":"","footer-sml-layout":"","theme-transparent-header-meta":"default","adv-header-id-meta":"","stick-header-meta":"default","header-above-stick-meta":"","header-main-stick-meta":"","header-below-stick-meta":"","astra-migrate-meta-layouts":"default","ast-page-background-enabled":"default","ast-page-background-meta":{"desktop":{"background-color":"var(--ast-global-color-5)","background-image":"","background-repeat":"repeat","background-position":"center center","background-size":"auto","background-attachment":"scroll","background-type":"","background-media":"","overlay-type":"","overlay-color":"","overlay-opacity":"","overlay-gradient":""},"tablet":{"background-color":"","background-image":"","background-repeat":"repeat","background-position":"center center","background-size":"auto","background-attachment":"scroll","background-type":"","background-media":"","overlay-type":"","overlay-color":"","overlay-opacity":"","overlay-gradient":""},"mobile":{"background-color":"","background-image":"","background-repeat":"repeat","background-position":"center center","background-size":"auto","background-attachment":"scroll","background-type":"","background-media":"","overlay-type":"","overlay-color":"","overlay-opacity":"","overlay-gradient":""}},"ast-content-background-meta":{"desktop":{"background-color":"var(--ast-global-color-4)","background-image":"","background-repeat":"repeat","background-position":"center center","background-size":"auto","background-attachment":"scroll","background-type":"","background-media":"","overlay-type":"","overlay-color":"","overlay-opacity":"","overlay-gradient":""},"tablet":{"background-color":"var(--ast-global-color-4)","background-image":"","background-repeat":"repeat","background-position":"center center","background-size":"auto","background-attachment":"scroll","background-type":"","background-media":"","overlay-type":"","overlay-color":"","overlay-opacity":"","overlay-gradient":""},"mobile":{"background-color":"var(--ast-global-color-4)","background-image":"","background-repeat":"repeat","background-position":"center center","background-size":"auto","background-attachment":"scroll","background-type":"","background-media":"","overlay-type":"","overlay-color":"","overlay-opacity":"","overlay-gradient":""}},"footnotes":""},"class_list":["post-2011","page","type-page","status-publish","hentry"],"yoast_head":"<!-- This site is optimized with the Yoast SEO plugin v25.5 - https:\/\/yoast.com\/wordpress\/plugins\/seo\/ -->\n<title>Katetuottolaskuri - Quick Percent Calculator<\/title>\n<meta name=\"robots\" content=\"index, follow, max-snippet:-1, max-image-preview:large, max-video-preview:-1\" \/>\n<link rel=\"canonical\" href=\"https:\/\/quickpercentcalc.com\/fi\/liiketaloustiede\/katetuottolaskuri\/\" \/>\n<meta property=\"og:locale\" content=\"fi_FI\" \/>\n<meta property=\"og:type\" content=\"article\" \/>\n<meta property=\"og:title\" content=\"Katetuottolaskuri - Quick Percent Calculator\" \/>\n<meta property=\"og:description\" content=\"Laske katetuotto. Laskurimme laskee katetuoton puolestasi. Katetuotto on myyntihinnan ja tuotteen kustannuksen v\u00e4linen ero \u2014 aivan kuten bruttovoitto \u2014 mutta [&hellip;]\" \/>\n<meta property=\"og:url\" content=\"https:\/\/quickpercentcalc.com\/fi\/liiketaloustiede\/katetuottolaskuri\/\" \/>\n<meta property=\"og:site_name\" content=\"Quick Percent Calculator\" \/>\n<meta property=\"article:modified_time\" content=\"2025-04-10T17:29:11+00:00\" \/>\n<meta name=\"twitter:card\" content=\"summary_large_image\" \/>\n<meta name=\"twitter:label1\" content=\"Arvioitu lukuaika\" \/>\n\t<meta name=\"twitter:data1\" content=\"1 minuutti\" \/>\n<script type=\"application\/ld+json\" class=\"yoast-schema-graph\">{\"@context\":\"https:\/\/schema.org\",\"@graph\":[{\"@type\":\"WebPage\",\"@id\":\"https:\/\/quickpercentcalc.com\/fi\/liiketaloustiede\/katetuottolaskuri\/\",\"url\":\"https:\/\/quickpercentcalc.com\/fi\/liiketaloustiede\/katetuottolaskuri\/\",\"name\":\"Katetuottolaskuri - Quick Percent Calculator\",\"isPartOf\":{\"@id\":\"https:\/\/quickpercentcalc.com\/fi\/#website\"},\"datePublished\":\"2021-02-25T15:09:41+00:00\",\"dateModified\":\"2025-04-10T17:29:11+00:00\",\"breadcrumb\":{\"@id\":\"https:\/\/quickpercentcalc.com\/fi\/liiketaloustiede\/katetuottolaskuri\/#breadcrumb\"},\"inLanguage\":\"fi\",\"potentialAction\":[{\"@type\":\"ReadAction\",\"target\":[\"https:\/\/quickpercentcalc.com\/fi\/liiketaloustiede\/katetuottolaskuri\/\"]}]},{\"@type\":\"BreadcrumbList\",\"@id\":\"https:\/\/quickpercentcalc.com\/fi\/liiketaloustiede\/katetuottolaskuri\/#breadcrumb\",\"itemListElement\":[{\"@type\":\"ListItem\",\"position\":1,\"name\":\"Home\",\"item\":\"https:\/\/quickpercentcalc.com\/fi\/\"},{\"@type\":\"ListItem\",\"position\":2,\"name\":\"Liiketaloustiede\",\"item\":\"https:\/\/quickpercentcalc.com\/fi\/liiketaloustiede\/\"},{\"@type\":\"ListItem\",\"position\":3,\"name\":\"Katetuottolaskuri\"}]},{\"@type\":\"WebSite\",\"@id\":\"https:\/\/quickpercentcalc.com\/fi\/#website\",\"url\":\"https:\/\/quickpercentcalc.com\/fi\/\",\"name\":\"Quick Percent Calculator\",\"description\":\"\",\"potentialAction\":[{\"@type\":\"SearchAction\",\"target\":{\"@type\":\"EntryPoint\",\"urlTemplate\":\"https:\/\/quickpercentcalc.com\/fi\/?s={search_term_string}\"},\"query-input\":{\"@type\":\"PropertyValueSpecification\",\"valueRequired\":true,\"valueName\":\"search_term_string\"}}],\"inLanguage\":\"fi\"}]}<\/script>\n<!-- \/ Yoast SEO plugin. -->","yoast_head_json":{"title":"Katetuottolaskuri - Quick Percent Calculator","robots":{"index":"index","follow":"follow","max-snippet":"max-snippet:-1","max-image-preview":"max-image-preview:large","max-video-preview":"max-video-preview:-1"},"canonical":"https:\/\/quickpercentcalc.com\/fi\/liiketaloustiede\/katetuottolaskuri\/","og_locale":"fi_FI","og_type":"article","og_title":"Katetuottolaskuri - Quick Percent Calculator","og_description":"Laske katetuotto. Laskurimme laskee katetuoton puolestasi. Katetuotto on myyntihinnan ja tuotteen kustannuksen v\u00e4linen ero \u2014 aivan kuten bruttovoitto \u2014 mutta [&hellip;]","og_url":"https:\/\/quickpercentcalc.com\/fi\/liiketaloustiede\/katetuottolaskuri\/","og_site_name":"Quick Percent Calculator","article_modified_time":"2025-04-10T17:29:11+00:00","twitter_card":"summary_large_image","twitter_misc":{"Arvioitu lukuaika":"1 minuutti"},"schema":{"@context":"https:\/\/schema.org","@graph":[{"@type":"WebPage","@id":"https:\/\/quickpercentcalc.com\/fi\/liiketaloustiede\/katetuottolaskuri\/","url":"https:\/\/quickpercentcalc.com\/fi\/liiketaloustiede\/katetuottolaskuri\/","name":"Katetuottolaskuri - Quick Percent Calculator","isPartOf":{"@id":"https:\/\/quickpercentcalc.com\/fi\/#website"},"datePublished":"2021-02-25T15:09:41+00:00","dateModified":"2025-04-10T17:29:11+00:00","breadcrumb":{"@id":"https:\/\/quickpercentcalc.com\/fi\/liiketaloustiede\/katetuottolaskuri\/#breadcrumb"},"inLanguage":"fi","potentialAction":[{"@type":"ReadAction","target":["https:\/\/quickpercentcalc.com\/fi\/liiketaloustiede\/katetuottolaskuri\/"]}]},{"@type":"BreadcrumbList","@id":"https:\/\/quickpercentcalc.com\/fi\/liiketaloustiede\/katetuottolaskuri\/#breadcrumb","itemListElement":[{"@type":"ListItem","position":1,"name":"Home","item":"https:\/\/quickpercentcalc.com\/fi\/"},{"@type":"ListItem","position":2,"name":"Liiketaloustiede","item":"https:\/\/quickpercentcalc.com\/fi\/liiketaloustiede\/"},{"@type":"ListItem","position":3,"name":"Katetuottolaskuri"}]},{"@type":"WebSite","@id":"https:\/\/quickpercentcalc.com\/fi\/#website","url":"https:\/\/quickpercentcalc.com\/fi\/","name":"Quick Percent Calculator","description":"","potentialAction":[{"@type":"SearchAction","target":{"@type":"EntryPoint","urlTemplate":"https:\/\/quickpercentcalc.com\/fi\/?s={search_term_string}"},"query-input":{"@type":"PropertyValueSpecification","valueRequired":true,"valueName":"search_term_string"}}],"inLanguage":"fi"}]}},"_links":{"self":[{"href":"https:\/\/quickpercentcalc.com\/fi\/wp-json\/wp\/v2\/pages\/2011","targetHints":{"allow":["GET"]}}],"collection":[{"href":"https:\/\/quickpercentcalc.com\/fi\/wp-json\/wp\/v2\/pages"}],"about":[{"href":"https:\/\/quickpercentcalc.com\/fi\/wp-json\/wp\/v2\/types\/page"}],"author":[{"embeddable":true,"href":"https:\/\/quickpercentcalc.com\/fi\/wp-json\/wp\/v2\/users\/1"}],"replies":[{"embeddable":true,"href":"https:\/\/quickpercentcalc.com\/fi\/wp-json\/wp\/v2\/comments?post=2011"}],"version-history":[{"count":1,"href":"https:\/\/quickpercentcalc.com\/fi\/wp-json\/wp\/v2\/pages\/2011\/revisions"}],"predecessor-version":[{"id":2012,"href":"https:\/\/quickpercentcalc.com\/fi\/wp-json\/wp\/v2\/pages\/2011\/revisions\/2012"}],"up":[{"embeddable":true,"href":"https:\/\/quickpercentcalc.com\/fi\/wp-json\/wp\/v2\/pages\/1984"}],"wp:attachment":[{"href":"https:\/\/quickpercentcalc.com\/fi\/wp-json\/wp\/v2\/media?parent=2011"}],"curies":[{"name":"wp","href":"https:\/\/api.w.org\/{rel}","templated":true}]}}