{"id":2150,"date":"2021-12-16T12:00:05","date_gmt":"2021-12-16T12:00:05","guid":{"rendered":"https:\/\/quickpercentcalc.com\/liiketaloustiede\/arvonlisaverolaskuri\/"},"modified":"2025-04-25T20:02:57","modified_gmt":"2025-04-25T20:02:57","slug":"arvonlisaverolaskuri","status":"publish","type":"page","link":"https:\/\/quickpercentcalc.com\/fi\/liiketaloustiede\/arvonlisaverolaskuri\/","title":{"rendered":"Arvonlis\u00e4verolaskuri"},"content":{"rendered":"\n<p>Laske arvonlis\u00e4vero (alv). T\u00e4m\u00e4 arvonlis\u00e4verolaskuri auttaa sinua laskemaan sek\u00e4 arvonlis\u00e4veron sis\u00e4lt\u00e4v\u00e4n ett\u00e4 sis\u00e4lt\u00e4m\u00e4tt\u00f6m\u00e4n arvonlis\u00e4veron m\u00e4\u00e4r\u00e4n sek\u00e4 itse arvonlis\u00e4veron arvon. <\/p>\n\n<p>Arvonlis\u00e4vero (alv) on kulutusvero, joka lis\u00e4t\u00e4\u00e4n tavaroihin ja palveluihin. T\u00e4m\u00e4 laskuri n\u00e4ytt\u00e4\u00e4, kuinka paljon arvonlis\u00e4veroa sis\u00e4ltyy hintaan, ja voit laskea arvonlis\u00e4veron sis\u00e4lt\u00e4v\u00e4n tai sis\u00e4lt\u00e4m\u00e4tt\u00f6m\u00e4n m\u00e4\u00e4r\u00e4n k\u00e4ytt\u00e4m\u00e4ll\u00e4 omaa arvonlis\u00e4verokantaa. <\/p>\n\n<p>Kaava arvonlis\u00e4veron <strong>sis\u00e4lt\u00e4v\u00e4\u00e4<\/strong> m\u00e4\u00e4r\u00e4\u00e4 varten:<\/p>\n\n<div class=\"formel\">\n  $$$M\u00e4\u00e4r\u00e4 ilman arvonlis\u00e4veroa \\times (1 + \\frac{VAT~rate}{100})$$$\n<\/div>\n<br\/><br\/>\n\n<p>Kaava <strong>arvonlis\u00e4verotonta<\/strong> m\u00e4\u00e4r\u00e4\u00e4 varten:<\/p>\n\n<div class=\"formel\">\n  $$\\frac{Amount~including~VAT}{1 + \\frac{VAT~rate}{100}}$$\n<\/div>\n<br\/><br\/>\n\n<p>Kaava arvonlis\u00e4veron m\u00e4\u00e4r\u00e4n m\u00e4\u00e4ritt\u00e4miseksi:<\/p>\n\n<div class=\"formel\">\n  $$Amount~including~VAT &#8211; Amount~excluding~VAT$$\n<\/div>\n<br\/><br\/>\n\n<h2 class=\"wp-block-heading\">Arvonlis\u00e4verolaskuri<\/h2>\n\n<script>\nfunction regnUt() {\n    document.getElementById(\"feilmeld\").style.visibility = \"hidden\";\n    document.getElementById(\"resultatBoks\").style.visibility = \"hidden\";\n\n    var belop = parseFloat(document.getElementById(\"belop\").value.replace(\/,\/g, \".\"));\n    var sats = parseFloat(document.getElementById(\"sats\").value.replace(\/,\/g, \".\"));\n\n    if (isNaN(belop) || isNaN(sats)) {\n        document.getElementById(\"feilmeld\").style.visibility = \"visible\";\n        return;\n    }\n\n    var inklmva = \"\";\n    var ekslmva = \"\";\n    var mva = 0;\n    var utregning = 0;\n\n    if (document.getElementById(\"inklmva\").checked) {\n        mva = belop * sats \/ 100;\n        utregning = belop + mva;\n    } else {\n        mva = belop - (belop \/ (1 + sats \/ 100));\n        utregning = belop \/ (1 + sats \/ 100);\n    }\n\n    if (utregning % 1 !== 0) {\n        utregning = utregning.toFixed(2);\n    } else {\n        utregning = utregning.toFixed();\n    }\n\n    if (mva % 1 !== 0) {\n        mva = mva.toFixed(2);\n    } else {\n        mva = mva.toFixed();\n    }\n\n    var utregning2 = \"\";\n    if (document.getElementById(\"inklmva\").checked) {\n        inklmva = belop.toFixed(2) + \" excl. VAT = \" + utregning + \" incl. VAT\";\n        utregning2 = inklmva;\n    } else {\n        ekslmva = belop.toFixed(2) + \" incl. VAT = \" + utregning + \" excl. VAT\";\n        utregning2 = ekslmva;\n    }\n\n    document.getElementById(\"resultat\").innerHTML = utregning2;\n    document.getElementById(\"mvaresultat\").innerHTML = mva;\n    document.getElementById(\"resultatBoks\").style.visibility = \"initial\";\n}\n<\/script>\n\n<label for=\"belop\">M\u00e4\u00e4r\u00e4<\/label><br\/><input type=\"number\" id=\"belop\" min=\"0\" step=\"0.01\"\/>\n<br\/><br\/><label for=\"sats\">Arvonlis\u00e4verokanta (%)<\/label><br\/><input type=\"number\" id=\"sats\" min=\"0\" value=\"25\" step=\"0.01\"\/>\n<br\/><br\/>\n<input type=\"radio\" id=\"ekslmva\" name=\"mva\" checked=\"checked\"\/>\n<label for=\"ekslmva\">Haluan l\u00f6yt\u00e4\u00e4 summan ilman arvonlis\u00e4veroa<\/label><br\/><input type=\"radio\" id=\"inklmva\" name=\"mva\"\/>\n<label for=\"inklmva\">Haluan l\u00f6yt\u00e4\u00e4 arvonlis\u00e4veron sis\u00e4lt\u00e4v\u00e4n summan<\/label><br\/><input type=\"button\" id=\"regnut\" value=\"Laske\" onclick=\"regnUt()\"\/>\n<br\/><br\/><span id=\"feilmeld\" style=\"visibility: hidden; color: red;\">T\u00e4yt\u00e4 kaikki kent\u00e4t<\/span>\n<div id=\"resultatBoks\" style=\"visibility: hidden;\">\n    <span>Tulos:<\/span><br\/>    <span id=\"resultat\" class=\"kalkyleResultat\"><\/span><br\/>    <span>Arvonlis\u00e4veron m\u00e4\u00e4r\u00e4: <\/span> <span id=\"mvaresultat\" class=\"mvaresultat\"><\/span>\n<\/div>\n\n<div style=\"height:100px\" aria-hidden=\"true\" class=\"wp-block-spacer\"><\/div>\n\n<h2 class=\"wp-block-heading\">Mik\u00e4 on arvonlis\u00e4vero?<\/h2>\n\n<p>Arvonlis\u00e4vero on vero, jota sovelletaan tavaroiden ja palvelujen ostamiseen. Kuluttaja maksaa veron, mutta tavaroita tai palveluja myyv\u00e4 yritys ker\u00e4\u00e4 ja tilitt\u00e4\u00e4 sen valtiolle. Arvonlis\u00e4verokannat vaihtelevat maittain ja joskus my\u00f6s tuotetyypeitt\u00e4in. Monissa Euroopan maissa yleinen arvonlis\u00e4verokanta on noin 20-25 prosenttia, ja alennettu verokanta koskee esimerkiksi elintarvikkeita, liikennett\u00e4 ja kulttuuripalveluja.   <\/p>\n","protected":false},"excerpt":{"rendered":"<p>Laske arvonlis\u00e4vero (alv). T\u00e4m\u00e4 arvonlis\u00e4verolaskuri auttaa sinua laskemaan sek\u00e4 arvonlis\u00e4veron sis\u00e4lt\u00e4v\u00e4n ett\u00e4 sis\u00e4lt\u00e4m\u00e4tt\u00f6m\u00e4n arvonlis\u00e4veron m\u00e4\u00e4r\u00e4n sek\u00e4 itse arvonlis\u00e4veron arvon. Arvonlis\u00e4vero [&hellip;]<\/p>\n","protected":false},"author":1,"featured_media":0,"parent":1984,"menu_order":0,"comment_status":"closed","ping_status":"closed","template":"kalkulator-side.php","meta":{"site-sidebar-layout":"default","site-content-layout":"default","ast-site-content-layout":"default","site-content-style":"default","site-sidebar-style":"default","ast-global-header-display":"","ast-banner-title-visibility":"","ast-main-header-display":"","ast-hfb-above-header-display":"","ast-hfb-below-header-display":"","ast-hfb-mobile-header-display":"","site-post-title":"","ast-breadcrumbs-content":"","ast-featured-img":"","footer-sml-layout":"","theme-transparent-header-meta":"default","adv-header-id-meta":"","stick-header-meta":"default","header-above-stick-meta":"","header-main-stick-meta":"","header-below-stick-meta":"","astra-migrate-meta-layouts":"default","ast-page-background-enabled":"default","ast-page-background-meta":{"desktop":{"background-color":"var(--ast-global-color-5)","background-image":"","background-repeat":"repeat","background-position":"center center","background-size":"auto","background-attachment":"scroll","background-type":"","background-media":"","overlay-type":"","overlay-color":"","overlay-opacity":"","overlay-gradient":""},"tablet":{"background-color":"","background-image":"","background-repeat":"repeat","background-position":"center center","background-size":"auto","background-attachment":"scroll","background-type":"","background-media":"","overlay-type":"","overlay-color":"","overlay-opacity":"","overlay-gradient":""},"mobile":{"background-color":"","background-image":"","background-repeat":"repeat","background-position":"center center","background-size":"auto","background-attachment":"scroll","background-type":"","background-media":"","overlay-type":"","overlay-color":"","overlay-opacity":"","overlay-gradient":""}},"ast-content-background-meta":{"desktop":{"background-color":"var(--ast-global-color-4)","background-image":"","background-repeat":"repeat","background-position":"center center","background-size":"auto","background-attachment":"scroll","background-type":"","background-media":"","overlay-type":"","overlay-color":"","overlay-opacity":"","overlay-gradient":""},"tablet":{"background-color":"var(--ast-global-color-4)","background-image":"","background-repeat":"repeat","background-position":"center center","background-size":"auto","background-attachment":"scroll","background-type":"","background-media":"","overlay-type":"","overlay-color":"","overlay-opacity":"","overlay-gradient":""},"mobile":{"background-color":"var(--ast-global-color-4)","background-image":"","background-repeat":"repeat","background-position":"center center","background-size":"auto","background-attachment":"scroll","background-type":"","background-media":"","overlay-type":"","overlay-color":"","overlay-opacity":"","overlay-gradient":""}},"footnotes":""},"class_list":["post-2150","page","type-page","status-publish","hentry"],"yoast_head":"<!-- This site is optimized with the Yoast SEO plugin v25.5 - https:\/\/yoast.com\/wordpress\/plugins\/seo\/ -->\n<title>Arvonlis\u00e4verolaskuri | Arvonlis\u00e4verolaskuri | Arvonlis\u00e4verolaskuri<\/title>\n<meta name=\"robots\" content=\"index, follow, max-snippet:-1, max-image-preview:large, max-video-preview:-1\" \/>\n<link rel=\"canonical\" href=\"https:\/\/quickpercentcalc.com\/fi\/liiketaloustiede\/arvonlisaverolaskuri\/\" \/>\n<meta property=\"og:locale\" content=\"fi_FI\" \/>\n<meta property=\"og:type\" content=\"article\" \/>\n<meta property=\"og:title\" content=\"Arvonlis\u00e4verolaskuri | Arvonlis\u00e4verolaskuri | Arvonlis\u00e4verolaskuri\" \/>\n<meta property=\"og:description\" content=\"Laske arvonlis\u00e4vero (alv). T\u00e4m\u00e4 arvonlis\u00e4verolaskuri auttaa sinua laskemaan sek\u00e4 arvonlis\u00e4veron sis\u00e4lt\u00e4v\u00e4n ett\u00e4 sis\u00e4lt\u00e4m\u00e4tt\u00f6m\u00e4n arvonlis\u00e4veron m\u00e4\u00e4r\u00e4n sek\u00e4 itse arvonlis\u00e4veron arvon. Arvonlis\u00e4vero [&hellip;]\" \/>\n<meta property=\"og:url\" content=\"https:\/\/quickpercentcalc.com\/fi\/liiketaloustiede\/arvonlisaverolaskuri\/\" \/>\n<meta property=\"og:site_name\" content=\"Quick Percent Calculator\" \/>\n<meta property=\"article:modified_time\" content=\"2025-04-25T20:02:57+00:00\" \/>\n<meta name=\"twitter:card\" content=\"summary_large_image\" \/>\n<meta name=\"twitter:label1\" content=\"Arvioitu lukuaika\" \/>\n\t<meta name=\"twitter:data1\" content=\"1 minuutti\" \/>\n<script type=\"application\/ld+json\" class=\"yoast-schema-graph\">{\"@context\":\"https:\/\/schema.org\",\"@graph\":[{\"@type\":\"WebPage\",\"@id\":\"https:\/\/quickpercentcalc.com\/fi\/liiketaloustiede\/arvonlisaverolaskuri\/\",\"url\":\"https:\/\/quickpercentcalc.com\/fi\/liiketaloustiede\/arvonlisaverolaskuri\/\",\"name\":\"Arvonlis\u00e4verolaskuri | Arvonlis\u00e4verolaskuri | Arvonlis\u00e4verolaskuri\",\"isPartOf\":{\"@id\":\"https:\/\/quickpercentcalc.com\/fi\/#website\"},\"datePublished\":\"2021-12-16T12:00:05+00:00\",\"dateModified\":\"2025-04-25T20:02:57+00:00\",\"breadcrumb\":{\"@id\":\"https:\/\/quickpercentcalc.com\/fi\/liiketaloustiede\/arvonlisaverolaskuri\/#breadcrumb\"},\"inLanguage\":\"fi\",\"potentialAction\":[{\"@type\":\"ReadAction\",\"target\":[\"https:\/\/quickpercentcalc.com\/fi\/liiketaloustiede\/arvonlisaverolaskuri\/\"]}]},{\"@type\":\"BreadcrumbList\",\"@id\":\"https:\/\/quickpercentcalc.com\/fi\/liiketaloustiede\/arvonlisaverolaskuri\/#breadcrumb\",\"itemListElement\":[{\"@type\":\"ListItem\",\"position\":1,\"name\":\"Home\",\"item\":\"https:\/\/quickpercentcalc.com\/fi\/\"},{\"@type\":\"ListItem\",\"position\":2,\"name\":\"Liiketaloustiede\",\"item\":\"https:\/\/quickpercentcalc.com\/fi\/liiketaloustiede\/\"},{\"@type\":\"ListItem\",\"position\":3,\"name\":\"Arvonlis\u00e4verolaskuri\"}]},{\"@type\":\"WebSite\",\"@id\":\"https:\/\/quickpercentcalc.com\/fi\/#website\",\"url\":\"https:\/\/quickpercentcalc.com\/fi\/\",\"name\":\"Quick Percent Calculator\",\"description\":\"\",\"potentialAction\":[{\"@type\":\"SearchAction\",\"target\":{\"@type\":\"EntryPoint\",\"urlTemplate\":\"https:\/\/quickpercentcalc.com\/fi\/?s={search_term_string}\"},\"query-input\":{\"@type\":\"PropertyValueSpecification\",\"valueRequired\":true,\"valueName\":\"search_term_string\"}}],\"inLanguage\":\"fi\"}]}<\/script>\n<!-- \/ Yoast SEO plugin. -->","yoast_head_json":{"title":"Arvonlis\u00e4verolaskuri | Arvonlis\u00e4verolaskuri | Arvonlis\u00e4verolaskuri","robots":{"index":"index","follow":"follow","max-snippet":"max-snippet:-1","max-image-preview":"max-image-preview:large","max-video-preview":"max-video-preview:-1"},"canonical":"https:\/\/quickpercentcalc.com\/fi\/liiketaloustiede\/arvonlisaverolaskuri\/","og_locale":"fi_FI","og_type":"article","og_title":"Arvonlis\u00e4verolaskuri | Arvonlis\u00e4verolaskuri | Arvonlis\u00e4verolaskuri","og_description":"Laske arvonlis\u00e4vero (alv). T\u00e4m\u00e4 arvonlis\u00e4verolaskuri auttaa sinua laskemaan sek\u00e4 arvonlis\u00e4veron sis\u00e4lt\u00e4v\u00e4n ett\u00e4 sis\u00e4lt\u00e4m\u00e4tt\u00f6m\u00e4n arvonlis\u00e4veron m\u00e4\u00e4r\u00e4n sek\u00e4 itse arvonlis\u00e4veron arvon. Arvonlis\u00e4vero [&hellip;]","og_url":"https:\/\/quickpercentcalc.com\/fi\/liiketaloustiede\/arvonlisaverolaskuri\/","og_site_name":"Quick Percent Calculator","article_modified_time":"2025-04-25T20:02:57+00:00","twitter_card":"summary_large_image","twitter_misc":{"Arvioitu lukuaika":"1 minuutti"},"schema":{"@context":"https:\/\/schema.org","@graph":[{"@type":"WebPage","@id":"https:\/\/quickpercentcalc.com\/fi\/liiketaloustiede\/arvonlisaverolaskuri\/","url":"https:\/\/quickpercentcalc.com\/fi\/liiketaloustiede\/arvonlisaverolaskuri\/","name":"Arvonlis\u00e4verolaskuri | Arvonlis\u00e4verolaskuri | Arvonlis\u00e4verolaskuri","isPartOf":{"@id":"https:\/\/quickpercentcalc.com\/fi\/#website"},"datePublished":"2021-12-16T12:00:05+00:00","dateModified":"2025-04-25T20:02:57+00:00","breadcrumb":{"@id":"https:\/\/quickpercentcalc.com\/fi\/liiketaloustiede\/arvonlisaverolaskuri\/#breadcrumb"},"inLanguage":"fi","potentialAction":[{"@type":"ReadAction","target":["https:\/\/quickpercentcalc.com\/fi\/liiketaloustiede\/arvonlisaverolaskuri\/"]}]},{"@type":"BreadcrumbList","@id":"https:\/\/quickpercentcalc.com\/fi\/liiketaloustiede\/arvonlisaverolaskuri\/#breadcrumb","itemListElement":[{"@type":"ListItem","position":1,"name":"Home","item":"https:\/\/quickpercentcalc.com\/fi\/"},{"@type":"ListItem","position":2,"name":"Liiketaloustiede","item":"https:\/\/quickpercentcalc.com\/fi\/liiketaloustiede\/"},{"@type":"ListItem","position":3,"name":"Arvonlis\u00e4verolaskuri"}]},{"@type":"WebSite","@id":"https:\/\/quickpercentcalc.com\/fi\/#website","url":"https:\/\/quickpercentcalc.com\/fi\/","name":"Quick Percent Calculator","description":"","potentialAction":[{"@type":"SearchAction","target":{"@type":"EntryPoint","urlTemplate":"https:\/\/quickpercentcalc.com\/fi\/?s={search_term_string}"},"query-input":{"@type":"PropertyValueSpecification","valueRequired":true,"valueName":"search_term_string"}}],"inLanguage":"fi"}]}},"_links":{"self":[{"href":"https:\/\/quickpercentcalc.com\/fi\/wp-json\/wp\/v2\/pages\/2150","targetHints":{"allow":["GET"]}}],"collection":[{"href":"https:\/\/quickpercentcalc.com\/fi\/wp-json\/wp\/v2\/pages"}],"about":[{"href":"https:\/\/quickpercentcalc.com\/fi\/wp-json\/wp\/v2\/types\/page"}],"author":[{"embeddable":true,"href":"https:\/\/quickpercentcalc.com\/fi\/wp-json\/wp\/v2\/users\/1"}],"replies":[{"embeddable":true,"href":"https:\/\/quickpercentcalc.com\/fi\/wp-json\/wp\/v2\/comments?post=2150"}],"version-history":[{"count":1,"href":"https:\/\/quickpercentcalc.com\/fi\/wp-json\/wp\/v2\/pages\/2150\/revisions"}],"predecessor-version":[{"id":2151,"href":"https:\/\/quickpercentcalc.com\/fi\/wp-json\/wp\/v2\/pages\/2150\/revisions\/2151"}],"up":[{"embeddable":true,"href":"https:\/\/quickpercentcalc.com\/fi\/wp-json\/wp\/v2\/pages\/1984"}],"wp:attachment":[{"href":"https:\/\/quickpercentcalc.com\/fi\/wp-json\/wp\/v2\/media?parent=2150"}],"curies":[{"name":"wp","href":"https:\/\/api.w.org\/{rel}","templated":true}]}}