{"id":1635,"date":"2024-11-20T08:03:02","date_gmt":"2024-11-20T08:03:02","guid":{"rendered":"https:\/\/quickpercentcalc.com\/mathematiques\/calculatrice-de-pouces-en-cm\/"},"modified":"2025-04-07T18:34:53","modified_gmt":"2025-04-07T18:34:53","slug":"calculatrice-de-pouces-en-cm","status":"publish","type":"page","link":"https:\/\/quickpercentcalc.com\/fr\/mathematiques\/calculatrice-de-pouces-en-cm\/","title":{"rendered":"Calculatrice de pouces en cm"},"content":{"rendered":"\n<p>Cette calculatrice se base sur une valeur choisie donn\u00e9e en pouces ou en cm pour la convertir dans l&rsquo;autre unit\u00e9.<\/p>\n\n<p>Vous \u00eates-vous d\u00e9j\u00e0 demand\u00e9 comment convertir des pouces en cm ? Il s&rsquo;agit d&rsquo;un probl\u00e8me courant, en particulier lorsqu&rsquo;il s&rsquo;agit de mesures et de tailles qui n&rsquo;utilisent pas le syst\u00e8me m\u00e9trique.<\/p> <p>Pour conna\u00eetre le nombre de centim\u00e8tres dans un pouce, il suffit de multiplier le nombre de pouces par 2,54. En effet, un pouce \u00e9quivaut \u00e0 2,54 cm.<\/p>\n<h2>Formule de conversion des pouces en cm :<\/h2>\n<style>\n.frac {<br \/>\n    display: inline-block;<br \/>\n    position: relative;<br \/>\n    vertical-align: middle;<br \/>\n    letter-spacing: 0.001em;<br \/>\n    text-align: center;<br \/>\n}<br \/>\n.frac > span {<br \/>\n    display: block;<br \/>\n    padding: 0.1em;<br \/>\n}<br \/>\n.frac span.bottom {<br \/>\n    border-top: thin solid black;<br \/>\n}<br \/>\n.frac span.symbol {<br \/>\n    display: none;<br \/>\n}<br \/>\n<\/style>\n<div class=\"formel\">nombre de pouces x 2,54<\/div>\n<p>\nNous pouvons facilement inverser la formule pour trouver combien de pouces se trouvent dans une valeur donn\u00e9e de cm.<\/p>\n<h2>Formule de conversion des cm en pouces :<\/h2>\n<div class=\"formel\">nombre de cm \u00f7 2,54<\/div>\n<h2>Convertir les centim\u00e8tres en pouces<\/h2>\n<p>Utilisez cette calculatrice pour convertir une valeur de cm en pouces ou de pouces en cm.<\/p>\n\n<label for=\"verdi\">Valeur<\/label>\n<input id=\"verdi\" type=\"number\" placeholder=\"Entrez la valeur\"\/>\n\n<label for=\"retning\">Convertir :<\/label>\n<select id=\"retning\">\n<option value=\"cmToInches\">De centim\u00e8tres en pouces<\/option>\n<option value=\"pouces en cm\">Pouces en Centim\u00e8tres<\/option>\n<\/select>\n\n<input id=\"regnut\" type=\"button\" value=\"Convertir\"\/>\n<div id=\"resultatBoks\" style=\"visibility: hidden;\">R\u00e9sultat :\n<span id=\"resultat\" class=\"kalkyleResultat\"><\/span><\/div>\n<h2>Qu&rsquo;est-ce qu&rsquo;un pouce ?<\/h2>\n<p>\nLe pouce est une unit\u00e9 de mesure traditionnelle couramment utilis\u00e9e dans les pays anglophones tels que les \u00c9tats-Unis et le Royaume-Uni. Un pouce est exactement \u00e9gal \u00e0 2,54 centim\u00e8tres et est souvent utilis\u00e9 pour mesurer :<\/p>\n<ul>\n \t<li>Taille des \u00e9crans (par exemple, t\u00e9l\u00e9viseurs, \u00e9crans d&rsquo;ordinateur, t\u00e9l\u00e9phones)<\/li>\n \t<li>Taille des v\u00eatements (par exemple, tour de taille, longueur du pantalon)<\/li>\n \t<li>Bois et mat\u00e9riaux de construction (par exemple, largeur et \u00e9paisseur des planches)<\/li>\n<\/ul>\n<h2>Qu&rsquo;est-ce qu&rsquo;un centim\u00e8tre ?<\/h2><p>\nLe centim\u00e8tre (cm) est une unit\u00e9 du syst\u00e8me m\u00e9trique, qui est la norme dans la plupart des autres pays. Un centim\u00e8tre est un centi\u00e8me de m\u00e8tre et est utilis\u00e9 pour mesurer les longueurs et les distances dans tous les domaines, des t\u00e2ches quotidiennes aux calculs scientifiques.<\/p>\n\n<script>\ndocument.addEventListener(\"DOMContentLoaded\", function () {\n    document.getElementById(\"regnut\").addEventListener(\"click\", function () {\n        let verdi = parseFloat(document.getElementById(\"verdi\").value.replace(\/,\/g, \".\"));\n        let retning = document.getElementById(\"retning\").value;\n\n        if (isNaN(verdi)) {\n            alert(\"Please enter a valid number.\");\n            return;\n        }\n\n        let resultat;\n\n        if (retning === \"cmToInches\") {\n            resultat = verdi \/ 2.54;\n        } else if (retning === \"inchesToCm\") {\n            resultat = verdi * 2.54;\n        }\n\n        resultat = resultat % 1 !== 0 ? resultat.toFixed(2).replace(\".\", \",\") : resultat.toFixed();\n\n        document.getElementById(\"resultat\").innerHTML = resultat;\n        document.getElementById(\"resultatBoks\").style.visibility = \"visible\";\n    });\n});\n<\/script>\n\n","protected":false},"excerpt":{"rendered":"<p>Cette calculatrice se base sur une valeur choisie donn\u00e9e en pouces ou en cm pour la convertir dans l&rsquo;autre unit\u00e9. [&hellip;]<\/p>\n","protected":false},"author":1,"featured_media":0,"parent":1613,"menu_order":0,"comment_status":"closed","ping_status":"closed","template":"kalkulator-side.php","meta":{"site-sidebar-layout":"default","site-content-layout":"","ast-site-content-layout":"default","site-content-style":"default","site-sidebar-style":"default","ast-global-header-display":"","ast-banner-title-visibility":"","ast-main-header-display":"","ast-hfb-above-header-display":"","ast-hfb-below-header-display":"","ast-hfb-mobile-header-display":"","site-post-title":"","ast-breadcrumbs-content":"","ast-featured-img":"","footer-sml-layout":"","theme-transparent-header-meta":"","adv-header-id-meta":"","stick-header-meta":"","header-above-stick-meta":"","header-main-stick-meta":"","header-below-stick-meta":"","astra-migrate-meta-layouts":"default","ast-page-background-enabled":"default","ast-page-background-meta":{"desktop":{"background-color":"var(--ast-global-color-5)","background-image":"","background-repeat":"repeat","background-position":"center center","background-size":"auto","background-attachment":"scroll","background-type":"","background-media":"","overlay-type":"","overlay-color":"","overlay-opacity":"","overlay-gradient":""},"tablet":{"background-color":"","background-image":"","background-repeat":"repeat","background-position":"center center","background-size":"auto","background-attachment":"scroll","background-type":"","background-media":"","overlay-type":"","overlay-color":"","overlay-opacity":"","overlay-gradient":""},"mobile":{"background-color":"","background-image":"","background-repeat":"repeat","background-position":"center center","background-size":"auto","background-attachment":"scroll","background-type":"","background-media":"","overlay-type":"","overlay-color":"","overlay-opacity":"","overlay-gradient":""}},"ast-content-background-meta":{"desktop":{"background-color":"var(--ast-global-color-4)","background-image":"","background-repeat":"repeat","background-position":"center center","background-size":"auto","background-attachment":"scroll","background-type":"","background-media":"","overlay-type":"","overlay-color":"","overlay-opacity":"","overlay-gradient":""},"tablet":{"background-color":"var(--ast-global-color-4)","background-image":"","background-repeat":"repeat","background-position":"center center","background-size":"auto","background-attachment":"scroll","background-type":"","background-media":"","overlay-type":"","overlay-color":"","overlay-opacity":"","overlay-gradient":""},"mobile":{"background-color":"var(--ast-global-color-4)","background-image":"","background-repeat":"repeat","background-position":"center center","background-size":"auto","background-attachment":"scroll","background-type":"","background-media":"","overlay-type":"","overlay-color":"","overlay-opacity":"","overlay-gradient":""}},"footnotes":""},"class_list":["post-1635","page","type-page","status-publish","hentry"],"yoast_head":"<!-- This site is optimized with the Yoast SEO plugin v25.5 - https:\/\/yoast.com\/wordpress\/plugins\/seo\/ -->\n<title>Calculatrice de pouces en cm - Quick Percent Calculator<\/title>\n<meta name=\"robots\" content=\"index, follow, max-snippet:-1, max-image-preview:large, max-video-preview:-1\" \/>\n<link rel=\"canonical\" href=\"https:\/\/quickpercentcalc.com\/fr\/mathematiques\/calculatrice-de-pouces-en-cm\/\" \/>\n<meta property=\"og:locale\" content=\"fr_FR\" \/>\n<meta property=\"og:type\" content=\"article\" \/>\n<meta property=\"og:title\" content=\"Calculatrice de pouces en cm - Quick Percent Calculator\" \/>\n<meta property=\"og:description\" content=\"Cette calculatrice se base sur une valeur choisie donn\u00e9e en pouces ou en cm pour la convertir dans l&rsquo;autre unit\u00e9. [&hellip;]\" \/>\n<meta property=\"og:url\" content=\"https:\/\/quickpercentcalc.com\/fr\/mathematiques\/calculatrice-de-pouces-en-cm\/\" \/>\n<meta property=\"og:site_name\" content=\"Quick Percent Calculator\" \/>\n<meta property=\"article:modified_time\" content=\"2025-04-07T18:34:53+00:00\" \/>\n<meta name=\"twitter:card\" content=\"summary_large_image\" \/>\n<meta name=\"twitter:label1\" content=\"Dur\u00e9e de lecture estim\u00e9e\" \/>\n\t<meta name=\"twitter:data1\" content=\"1 minute\" \/>\n<script type=\"application\/ld+json\" class=\"yoast-schema-graph\">{\"@context\":\"https:\/\/schema.org\",\"@graph\":[{\"@type\":\"WebPage\",\"@id\":\"https:\/\/quickpercentcalc.com\/fr\/mathematiques\/calculatrice-de-pouces-en-cm\/\",\"url\":\"https:\/\/quickpercentcalc.com\/fr\/mathematiques\/calculatrice-de-pouces-en-cm\/\",\"name\":\"Calculatrice de pouces en cm - Quick Percent Calculator\",\"isPartOf\":{\"@id\":\"https:\/\/quickpercentcalc.com\/fr\/#website\"},\"datePublished\":\"2024-11-20T08:03:02+00:00\",\"dateModified\":\"2025-04-07T18:34:53+00:00\",\"breadcrumb\":{\"@id\":\"https:\/\/quickpercentcalc.com\/fr\/mathematiques\/calculatrice-de-pouces-en-cm\/#breadcrumb\"},\"inLanguage\":\"fr-FR\",\"potentialAction\":[{\"@type\":\"ReadAction\",\"target\":[\"https:\/\/quickpercentcalc.com\/fr\/mathematiques\/calculatrice-de-pouces-en-cm\/\"]}]},{\"@type\":\"BreadcrumbList\",\"@id\":\"https:\/\/quickpercentcalc.com\/fr\/mathematiques\/calculatrice-de-pouces-en-cm\/#breadcrumb\",\"itemListElement\":[{\"@type\":\"ListItem\",\"position\":1,\"name\":\"Home\",\"item\":\"https:\/\/quickpercentcalc.com\/fr\/\"},{\"@type\":\"ListItem\",\"position\":2,\"name\":\"Math\u00e9matiques\",\"item\":\"https:\/\/quickpercentcalc.com\/fr\/math\/\"},{\"@type\":\"ListItem\",\"position\":3,\"name\":\"Calculatrice de pouces en cm\"}]},{\"@type\":\"WebSite\",\"@id\":\"https:\/\/quickpercentcalc.com\/fr\/#website\",\"url\":\"https:\/\/quickpercentcalc.com\/fr\/\",\"name\":\"Quick Percent Calculator\",\"description\":\"\",\"potentialAction\":[{\"@type\":\"SearchAction\",\"target\":{\"@type\":\"EntryPoint\",\"urlTemplate\":\"https:\/\/quickpercentcalc.com\/fr\/?s={search_term_string}\"},\"query-input\":{\"@type\":\"PropertyValueSpecification\",\"valueRequired\":true,\"valueName\":\"search_term_string\"}}],\"inLanguage\":\"fr-FR\"}]}<\/script>\n<!-- \/ Yoast SEO plugin. -->","yoast_head_json":{"title":"Calculatrice de pouces en cm - Quick Percent Calculator","robots":{"index":"index","follow":"follow","max-snippet":"max-snippet:-1","max-image-preview":"max-image-preview:large","max-video-preview":"max-video-preview:-1"},"canonical":"https:\/\/quickpercentcalc.com\/fr\/mathematiques\/calculatrice-de-pouces-en-cm\/","og_locale":"fr_FR","og_type":"article","og_title":"Calculatrice de pouces en cm - Quick Percent Calculator","og_description":"Cette calculatrice se base sur une valeur choisie donn\u00e9e en pouces ou en cm pour la convertir dans l&rsquo;autre unit\u00e9. [&hellip;]","og_url":"https:\/\/quickpercentcalc.com\/fr\/mathematiques\/calculatrice-de-pouces-en-cm\/","og_site_name":"Quick Percent Calculator","article_modified_time":"2025-04-07T18:34:53+00:00","twitter_card":"summary_large_image","twitter_misc":{"Dur\u00e9e de lecture estim\u00e9e":"1 minute"},"schema":{"@context":"https:\/\/schema.org","@graph":[{"@type":"WebPage","@id":"https:\/\/quickpercentcalc.com\/fr\/mathematiques\/calculatrice-de-pouces-en-cm\/","url":"https:\/\/quickpercentcalc.com\/fr\/mathematiques\/calculatrice-de-pouces-en-cm\/","name":"Calculatrice de pouces en cm - Quick Percent Calculator","isPartOf":{"@id":"https:\/\/quickpercentcalc.com\/fr\/#website"},"datePublished":"2024-11-20T08:03:02+00:00","dateModified":"2025-04-07T18:34:53+00:00","breadcrumb":{"@id":"https:\/\/quickpercentcalc.com\/fr\/mathematiques\/calculatrice-de-pouces-en-cm\/#breadcrumb"},"inLanguage":"fr-FR","potentialAction":[{"@type":"ReadAction","target":["https:\/\/quickpercentcalc.com\/fr\/mathematiques\/calculatrice-de-pouces-en-cm\/"]}]},{"@type":"BreadcrumbList","@id":"https:\/\/quickpercentcalc.com\/fr\/mathematiques\/calculatrice-de-pouces-en-cm\/#breadcrumb","itemListElement":[{"@type":"ListItem","position":1,"name":"Home","item":"https:\/\/quickpercentcalc.com\/fr\/"},{"@type":"ListItem","position":2,"name":"Math\u00e9matiques","item":"https:\/\/quickpercentcalc.com\/fr\/math\/"},{"@type":"ListItem","position":3,"name":"Calculatrice de pouces en cm"}]},{"@type":"WebSite","@id":"https:\/\/quickpercentcalc.com\/fr\/#website","url":"https:\/\/quickpercentcalc.com\/fr\/","name":"Quick Percent Calculator","description":"","potentialAction":[{"@type":"SearchAction","target":{"@type":"EntryPoint","urlTemplate":"https:\/\/quickpercentcalc.com\/fr\/?s={search_term_string}"},"query-input":{"@type":"PropertyValueSpecification","valueRequired":true,"valueName":"search_term_string"}}],"inLanguage":"fr-FR"}]}},"_links":{"self":[{"href":"https:\/\/quickpercentcalc.com\/fr\/wp-json\/wp\/v2\/pages\/1635","targetHints":{"allow":["GET"]}}],"collection":[{"href":"https:\/\/quickpercentcalc.com\/fr\/wp-json\/wp\/v2\/pages"}],"about":[{"href":"https:\/\/quickpercentcalc.com\/fr\/wp-json\/wp\/v2\/types\/page"}],"author":[{"embeddable":true,"href":"https:\/\/quickpercentcalc.com\/fr\/wp-json\/wp\/v2\/users\/1"}],"replies":[{"embeddable":true,"href":"https:\/\/quickpercentcalc.com\/fr\/wp-json\/wp\/v2\/comments?post=1635"}],"version-history":[{"count":2,"href":"https:\/\/quickpercentcalc.com\/fr\/wp-json\/wp\/v2\/pages\/1635\/revisions"}],"predecessor-version":[{"id":1672,"href":"https:\/\/quickpercentcalc.com\/fr\/wp-json\/wp\/v2\/pages\/1635\/revisions\/1672"}],"up":[{"embeddable":true,"href":"https:\/\/quickpercentcalc.com\/fr\/wp-json\/wp\/v2\/pages\/1613"}],"wp:attachment":[{"href":"https:\/\/quickpercentcalc.com\/fr\/wp-json\/wp\/v2\/media?parent=1635"}],"curies":[{"name":"wp","href":"https:\/\/api.w.org\/{rel}","templated":true}]}}