{"id":1689,"date":"2024-01-24T20:41:53","date_gmt":"2024-01-24T20:41:53","guid":{"rendered":"https:\/\/quickpercentcalc.com\/mathematiques\/calculatrice-de-noeuds\/"},"modified":"2025-04-07T18:38:04","modified_gmt":"2025-04-07T18:38:04","slug":"calculatrice-de-noeuds","status":"publish","type":"page","link":"https:\/\/quickpercentcalc.com\/fr\/mathematiques\/calculatrice-de-noeuds\/","title":{"rendered":"Calculatrice de n\u0153uds"},"content":{"rendered":"\n<p>Convertissez les n\u0153uds. Notre calculatrice vous aide \u00e0 convertir les n\u0153uds, les km\/h, les m\/s et les mph. <\/p>\n\n<p>Cette calculatrice vous permet de convertir les n\u0153uds, les kilom\u00e8tres par heure (km\/h), les m\u00e8tres par seconde (m\/s) et les miles par heure (mph).<\/p>\n\n<p>Les n\u0153uds, ou miles nautiques par heure, sont l&rsquo;unit\u00e9 standard de vitesse utilis\u00e9e dans les contextes maritime et a\u00e9rien. Un n\u0153ud \u00e9quivaut exactement \u00e0 1,852 kilom\u00e8tre par heure ou environ 1,15078 milles par heure. Il reste la norme internationale pour la navigation en mer et dans les airs.  <\/p>\n\n<p>Le kilom\u00e8tre par heure est l&rsquo;unit\u00e9 m\u00e9trique couramment utilis\u00e9e pour mesurer la vitesse sur terre dans la plupart des pays. Aux \u00c9tats-Unis, cependant, la vitesse est g\u00e9n\u00e9ralement mesur\u00e9e en miles par heure (mph). <\/p>\n\n<script>\nfunction convertKnotsToKmh() {\n    var knots = parseFloat(document.getElementById(\"knotsToKmh\").value.replace(\/,\/g, \".\"));\n    document.getElementById(\"kmhResult\").value = (knots * 1.852).toFixed(2);\n}\n\nfunction convertKnotsToMs() {\n    var knots = parseFloat(document.getElementById(\"knotsToMs\").value.replace(\/,\/g, \".\"));\n    document.getElementById(\"msResult\").value = (knots * 0.514444).toFixed(2);\n}\n\nfunction convertKnotsToMph() {\n    var knots = parseFloat(document.getElementById(\"knotsToMph\").value.replace(\/,\/g, \".\"));\n    document.getElementById(\"mphResult\").value = (knots * 1.15078).toFixed(2);\n}\n\nfunction convertKmhToKnots() {\n    var kmh = parseFloat(document.getElementById(\"kmhToKnots\").value.replace(\/,\/g, \".\"));\n    document.getElementById(\"knotsResult\").value = (kmh * 0.539957).toFixed(2);\n}\n<\/script>\n\n<!-- Knots to km\/h -->\n<label for=\"knotsToKmh\"><h2>Des n\u0153uds aux km\/h<\/h2><\/label><br\/><input type=\"number\" id=\"knotsToKmh\" min=\"0\" placeholder=\"N\u0153uds\"\/>\n<br\/><input type=\"text\" id=\"kmhResult\" placeholder=\"km\/h\" readonly=\"readonly\"\/>\n<button onclick=\"convertKnotsToKmh()\">Convertir<\/button>\n<br\/><br\/>\n<!-- Knots to m\/s -->\n<label for=\"knotsToMs\"><h2>N\u0153uds en m\/s<\/h2><\/label><br\/><input type=\"number\" id=\"knotsToMs\" min=\"0\" placeholder=\"N\u0153uds\"\/>\n<br\/><input type=\"text\" id=\"msResult\" placeholder=\"m\/s\" readonly=\"readonly\"\/>\n<button onclick=\"convertKnotsToMs()\">Convertir<\/button>\n<br\/><br\/>\n<!-- Knots to mph -->\n<label for=\"knotsToMph\"><h2>N\u0153uds \u00e0 mph<\/h2><\/label><br\/><input type=\"number\" id=\"knotsToMph\" min=\"0\" placeholder=\"N\u0153uds\"\/>\n<br\/><input type=\"text\" id=\"mphResult\" placeholder=\"mph\" readonly=\"readonly\"\/>\n<button onclick=\"convertKnotsToMph()\">Convertir<\/button>\n<br\/><br\/>\n<!-- km\/h to Knots -->\n<label for=\"kmhToKnots\"><h2>km\/h en n\u0153uds<\/h2><\/label><br\/><input type=\"number\" id=\"kmhToKnots\" min=\"0\" placeholder=\"km\/h\"\/>\n<br\/><input type=\"text\" id=\"knotsResult\" placeholder=\"N\u0153uds\" readonly=\"readonly\"\/>\n<button onclick=\"convertKmhToKnots()\">Convertir<\/button>\n<br\/><br\/>\n\n<h2 class=\"wp-block-heading\">Comment convertir les n\u0153uds en miles par heure (mph) ?<\/h2>\n\n<p>La conversion des n\u0153uds en miles par heure est simple. Puisque 1 n\u0153ud \u00e9quivaut \u00e0 environ 1,15078 mph, il suffit de multiplier le nombre de n\u0153uds par 1,15078. <\/p>\n\n<p><strong>Formule :<\/strong> mph = N\u0153uds \u00d7 1,15078<\/p>\n\n<p>Exemple : Un bateau se d\u00e9pla\u00e7ant \u00e0 une vitesse de 10 n\u0153uds se d\u00e9placerait \u00e0 : 10 \u00d7 1,15078 = 11,51 mph<\/p>\n\n<h3 class=\"wp-block-heading\">Utilisation pratique de ces conversions<\/h3>\n\n<p>Ces conversions sont particuli\u00e8rement utiles pour les marins et les pilotes qui doivent convertir leur vitesse en unit\u00e9s m\u00e9triques ou imp\u00e9riales pour la navigation ou la communication. Elles sont \u00e9galement utiles aux \u00e9tudiants ou aux passionn\u00e9s qui \u00e9tudient la m\u00e9t\u00e9orologie ou les sciences nautiques. <\/p>\n\n<h3 class=\"wp-block-heading\">Outils de conversion<\/h3>\n\n<p>\u00c0 l&rsquo;\u00e8re du num\u00e9rique, de nombreux outils existent pour faciliter et acc\u00e9l\u00e9rer ces conversions. Des calculatrices en ligne aux applications mobiles, il est facile de trouver un outil qui r\u00e9ponde \u00e0 vos besoins. <\/p>\n","protected":false},"excerpt":{"rendered":"<p>Convertissez les n\u0153uds. Notre calculatrice vous aide \u00e0 convertir les n\u0153uds, les km\/h, les m\/s et les mph. Cette calculatrice [&hellip;]<\/p>\n","protected":false},"author":1,"featured_media":0,"parent":1613,"menu_order":0,"comment_status":"closed","ping_status":"closed","template":"kalkulator-side.php","meta":{"site-sidebar-layout":"default","site-content-layout":"default","ast-site-content-layout":"default","site-content-style":"default","site-sidebar-style":"default","ast-global-header-display":"","ast-banner-title-visibility":"","ast-main-header-display":"","ast-hfb-above-header-display":"","ast-hfb-below-header-display":"","ast-hfb-mobile-header-display":"","site-post-title":"","ast-breadcrumbs-content":"","ast-featured-img":"","footer-sml-layout":"","theme-transparent-header-meta":"default","adv-header-id-meta":"","stick-header-meta":"default","header-above-stick-meta":"","header-main-stick-meta":"","header-below-stick-meta":"","astra-migrate-meta-layouts":"default","ast-page-background-enabled":"default","ast-page-background-meta":{"desktop":{"background-color":"var(--ast-global-color-5)","background-image":"","background-repeat":"repeat","background-position":"center center","background-size":"auto","background-attachment":"scroll","background-type":"","background-media":"","overlay-type":"","overlay-color":"","overlay-opacity":"","overlay-gradient":""},"tablet":{"background-color":"","background-image":"","background-repeat":"repeat","background-position":"center center","background-size":"auto","background-attachment":"scroll","background-type":"","background-media":"","overlay-type":"","overlay-color":"","overlay-opacity":"","overlay-gradient":""},"mobile":{"background-color":"","background-image":"","background-repeat":"repeat","background-position":"center center","background-size":"auto","background-attachment":"scroll","background-type":"","background-media":"","overlay-type":"","overlay-color":"","overlay-opacity":"","overlay-gradient":""}},"ast-content-background-meta":{"desktop":{"background-color":"var(--ast-global-color-4)","background-image":"","background-repeat":"repeat","background-position":"center center","background-size":"auto","background-attachment":"scroll","background-type":"","background-media":"","overlay-type":"","overlay-color":"","overlay-opacity":"","overlay-gradient":""},"tablet":{"background-color":"var(--ast-global-color-4)","background-image":"","background-repeat":"repeat","background-position":"center center","background-size":"auto","background-attachment":"scroll","background-type":"","background-media":"","overlay-type":"","overlay-color":"","overlay-opacity":"","overlay-gradient":""},"mobile":{"background-color":"var(--ast-global-color-4)","background-image":"","background-repeat":"repeat","background-position":"center center","background-size":"auto","background-attachment":"scroll","background-type":"","background-media":"","overlay-type":"","overlay-color":"","overlay-opacity":"","overlay-gradient":""}},"footnotes":""},"class_list":["post-1689","page","type-page","status-publish","hentry"],"yoast_head":"<!-- This site is optimized with the Yoast SEO plugin v25.5 - https:\/\/yoast.com\/wordpress\/plugins\/seo\/ -->\n<title>Convertisseur de n\u0153uds en mph - Convertissez les n\u0153uds en km\/h, m\/s ou mph !<\/title>\n<meta name=\"description\" content=\"Convertissez les n\u0153uds en mph \u00e0 l&#039;aide de notre calculatrice. \ud83d\udea4 Cet outil vous permet de saisir une valeur en n\u0153uds, km\/h ou m\/s et de calculer la vitesse correspondante dans les autres unit\u00e9s.\" \/>\n<meta name=\"robots\" content=\"index, follow, max-snippet:-1, max-image-preview:large, max-video-preview:-1\" \/>\n<link rel=\"canonical\" href=\"https:\/\/quickpercentcalc.com\/fr\/mathematiques\/calculatrice-de-noeuds\/\" \/>\n<meta property=\"og:locale\" content=\"fr_FR\" \/>\n<meta property=\"og:type\" content=\"article\" \/>\n<meta property=\"og:title\" content=\"Convertisseur de n\u0153uds en mph - Convertissez les n\u0153uds en km\/h, m\/s ou mph !\" \/>\n<meta property=\"og:description\" content=\"Convertissez les n\u0153uds en mph \u00e0 l&#039;aide de notre calculatrice. \ud83d\udea4 Cet outil vous permet de saisir une valeur en n\u0153uds, km\/h ou m\/s et de calculer la vitesse correspondante dans les autres unit\u00e9s.\" \/>\n<meta property=\"og:url\" content=\"https:\/\/quickpercentcalc.com\/fr\/mathematiques\/calculatrice-de-noeuds\/\" \/>\n<meta property=\"og:site_name\" content=\"Quick Percent Calculator\" \/>\n<meta property=\"article:modified_time\" content=\"2025-04-07T18:38:04+00:00\" \/>\n<meta name=\"twitter:card\" content=\"summary_large_image\" \/>\n<meta name=\"twitter:label1\" content=\"Dur\u00e9e de lecture estim\u00e9e\" \/>\n\t<meta name=\"twitter:data1\" content=\"2 minutes\" \/>\n<script type=\"application\/ld+json\" class=\"yoast-schema-graph\">{\"@context\":\"https:\/\/schema.org\",\"@graph\":[{\"@type\":\"WebPage\",\"@id\":\"https:\/\/quickpercentcalc.com\/fr\/mathematiques\/calculatrice-de-noeuds\/\",\"url\":\"https:\/\/quickpercentcalc.com\/fr\/mathematiques\/calculatrice-de-noeuds\/\",\"name\":\"Convertisseur de n\u0153uds en mph - Convertissez les n\u0153uds en km\/h, m\/s ou mph !\",\"isPartOf\":{\"@id\":\"https:\/\/quickpercentcalc.com\/fr\/#website\"},\"datePublished\":\"2024-01-24T20:41:53+00:00\",\"dateModified\":\"2025-04-07T18:38:04+00:00\",\"description\":\"Convertissez les n\u0153uds en mph \u00e0 l'aide de notre calculatrice. \ud83d\udea4 Cet outil vous permet de saisir une valeur en n\u0153uds, km\/h ou m\/s et de calculer la vitesse correspondante dans les autres unit\u00e9s.\",\"breadcrumb\":{\"@id\":\"https:\/\/quickpercentcalc.com\/fr\/mathematiques\/calculatrice-de-noeuds\/#breadcrumb\"},\"inLanguage\":\"fr-FR\",\"potentialAction\":[{\"@type\":\"ReadAction\",\"target\":[\"https:\/\/quickpercentcalc.com\/fr\/mathematiques\/calculatrice-de-noeuds\/\"]}]},{\"@type\":\"BreadcrumbList\",\"@id\":\"https:\/\/quickpercentcalc.com\/fr\/mathematiques\/calculatrice-de-noeuds\/#breadcrumb\",\"itemListElement\":[{\"@type\":\"ListItem\",\"position\":1,\"name\":\"Home\",\"item\":\"https:\/\/quickpercentcalc.com\/fr\/\"},{\"@type\":\"ListItem\",\"position\":2,\"name\":\"Math\u00e9matiques\",\"item\":\"https:\/\/quickpercentcalc.com\/fr\/math\/\"},{\"@type\":\"ListItem\",\"position\":3,\"name\":\"Calculatrice de n\u0153uds\"}]},{\"@type\":\"WebSite\",\"@id\":\"https:\/\/quickpercentcalc.com\/fr\/#website\",\"url\":\"https:\/\/quickpercentcalc.com\/fr\/\",\"name\":\"Quick Percent Calculator\",\"description\":\"\",\"potentialAction\":[{\"@type\":\"SearchAction\",\"target\":{\"@type\":\"EntryPoint\",\"urlTemplate\":\"https:\/\/quickpercentcalc.com\/fr\/?s={search_term_string}\"},\"query-input\":{\"@type\":\"PropertyValueSpecification\",\"valueRequired\":true,\"valueName\":\"search_term_string\"}}],\"inLanguage\":\"fr-FR\"}]}<\/script>\n<!-- \/ Yoast SEO plugin. -->","yoast_head_json":{"title":"Convertisseur de n\u0153uds en mph - Convertissez les n\u0153uds en km\/h, m\/s ou mph !","description":"Convertissez les n\u0153uds en mph \u00e0 l'aide de notre calculatrice. \ud83d\udea4 Cet outil vous permet de saisir une valeur en n\u0153uds, km\/h ou m\/s et de calculer la vitesse correspondante dans les autres unit\u00e9s.","robots":{"index":"index","follow":"follow","max-snippet":"max-snippet:-1","max-image-preview":"max-image-preview:large","max-video-preview":"max-video-preview:-1"},"canonical":"https:\/\/quickpercentcalc.com\/fr\/mathematiques\/calculatrice-de-noeuds\/","og_locale":"fr_FR","og_type":"article","og_title":"Convertisseur de n\u0153uds en mph - Convertissez les n\u0153uds en km\/h, m\/s ou mph !","og_description":"Convertissez les n\u0153uds en mph \u00e0 l'aide de notre calculatrice. \ud83d\udea4 Cet outil vous permet de saisir une valeur en n\u0153uds, km\/h ou m\/s et de calculer la vitesse correspondante dans les autres unit\u00e9s.","og_url":"https:\/\/quickpercentcalc.com\/fr\/mathematiques\/calculatrice-de-noeuds\/","og_site_name":"Quick Percent Calculator","article_modified_time":"2025-04-07T18:38:04+00:00","twitter_card":"summary_large_image","twitter_misc":{"Dur\u00e9e de lecture estim\u00e9e":"2 minutes"},"schema":{"@context":"https:\/\/schema.org","@graph":[{"@type":"WebPage","@id":"https:\/\/quickpercentcalc.com\/fr\/mathematiques\/calculatrice-de-noeuds\/","url":"https:\/\/quickpercentcalc.com\/fr\/mathematiques\/calculatrice-de-noeuds\/","name":"Convertisseur de n\u0153uds en mph - Convertissez les n\u0153uds en km\/h, m\/s ou mph !","isPartOf":{"@id":"https:\/\/quickpercentcalc.com\/fr\/#website"},"datePublished":"2024-01-24T20:41:53+00:00","dateModified":"2025-04-07T18:38:04+00:00","description":"Convertissez les n\u0153uds en mph \u00e0 l'aide de notre calculatrice. \ud83d\udea4 Cet outil vous permet de saisir une valeur en n\u0153uds, km\/h ou m\/s et de calculer la vitesse correspondante dans les autres unit\u00e9s.","breadcrumb":{"@id":"https:\/\/quickpercentcalc.com\/fr\/mathematiques\/calculatrice-de-noeuds\/#breadcrumb"},"inLanguage":"fr-FR","potentialAction":[{"@type":"ReadAction","target":["https:\/\/quickpercentcalc.com\/fr\/mathematiques\/calculatrice-de-noeuds\/"]}]},{"@type":"BreadcrumbList","@id":"https:\/\/quickpercentcalc.com\/fr\/mathematiques\/calculatrice-de-noeuds\/#breadcrumb","itemListElement":[{"@type":"ListItem","position":1,"name":"Home","item":"https:\/\/quickpercentcalc.com\/fr\/"},{"@type":"ListItem","position":2,"name":"Math\u00e9matiques","item":"https:\/\/quickpercentcalc.com\/fr\/math\/"},{"@type":"ListItem","position":3,"name":"Calculatrice de n\u0153uds"}]},{"@type":"WebSite","@id":"https:\/\/quickpercentcalc.com\/fr\/#website","url":"https:\/\/quickpercentcalc.com\/fr\/","name":"Quick Percent Calculator","description":"","potentialAction":[{"@type":"SearchAction","target":{"@type":"EntryPoint","urlTemplate":"https:\/\/quickpercentcalc.com\/fr\/?s={search_term_string}"},"query-input":{"@type":"PropertyValueSpecification","valueRequired":true,"valueName":"search_term_string"}}],"inLanguage":"fr-FR"}]}},"_links":{"self":[{"href":"https:\/\/quickpercentcalc.com\/fr\/wp-json\/wp\/v2\/pages\/1689","targetHints":{"allow":["GET"]}}],"collection":[{"href":"https:\/\/quickpercentcalc.com\/fr\/wp-json\/wp\/v2\/pages"}],"about":[{"href":"https:\/\/quickpercentcalc.com\/fr\/wp-json\/wp\/v2\/types\/page"}],"author":[{"embeddable":true,"href":"https:\/\/quickpercentcalc.com\/fr\/wp-json\/wp\/v2\/users\/1"}],"replies":[{"embeddable":true,"href":"https:\/\/quickpercentcalc.com\/fr\/wp-json\/wp\/v2\/comments?post=1689"}],"version-history":[{"count":1,"href":"https:\/\/quickpercentcalc.com\/fr\/wp-json\/wp\/v2\/pages\/1689\/revisions"}],"predecessor-version":[{"id":1690,"href":"https:\/\/quickpercentcalc.com\/fr\/wp-json\/wp\/v2\/pages\/1689\/revisions\/1690"}],"up":[{"embeddable":true,"href":"https:\/\/quickpercentcalc.com\/fr\/wp-json\/wp\/v2\/pages\/1613"}],"wp:attachment":[{"href":"https:\/\/quickpercentcalc.com\/fr\/wp-json\/wp\/v2\/media?parent=1689"}],"curies":[{"name":"wp","href":"https:\/\/api.w.org\/{rel}","templated":true}]}}