{"id":1716,"date":"2021-03-03T08:37:16","date_gmt":"2021-03-03T08:37:16","guid":{"rendered":"https:\/\/quickpercentcalc.com\/statistiques\/moyenne-moyenne-calculateur\/"},"modified":"2025-04-07T18:46:10","modified_gmt":"2025-04-07T18:46:10","slug":"moyenne-moyenne-calculateur","status":"publish","type":"page","link":"https:\/\/quickpercentcalc.com\/fr\/statistiques\/moyenne-moyenne-calculateur\/","title":{"rendered":"Moyenne (moyenne) Calculateur"},"content":{"rendered":"\n<p>Calculez la moyenne. Notre calculateur trouve la moyenne pour vous. <\/p>\n\n<h2 class=\"wp-block-heading\">Comment calculer la moyenne<\/h2>\n\n<p>La moyenne peut \u00eatre calcul\u00e9e simplement en additionnant les nombres de la liste et en les divisant par le nombre de valeurs. Il s&rsquo;agit de la moyenne arithm\u00e9tique, \u00e9galement connue sous le nom de moyenne r\u00e9guli\u00e8re, repr\u00e9sent\u00e9e par le symbole \\(\\bar{x}\\). <\/p>\n\n<p>La moyenne peut souvent \u00eatre affect\u00e9e par des valeurs aberrantes et, dans ce cas, la <a href=\"https:\/\/quickpercentcalc.com\/statistics\/median\/\">m\u00e9diane<\/a> peut \u00eatre la mesure pr\u00e9f\u00e9r\u00e9e.<\/p>\n\n<p>Pour utiliser cette calculatrice, s\u00e9parez chaque nombre par un espace (exemple : 2 5 4 etc). Pour les nombres d\u00e9cimaux, vous pouvez utiliser une virgule ou un point. N&rsquo;utilisez pas de s\u00e9parateurs de milliers ou de lettres.  <\/p>\n\n<h2 class=\"wp-block-heading\">Formule moyenne<\/h2>\n\n<p>Formule pour la moyenne o\u00f9 n est le nombre de valeurs :<\/p>\n\n<style> .frac { display: inline-block; position: relative; vertical-align: middle; letter-spacing: 0.001em; text-align: center; } .frac > span { display: block; padding: 0.1em; } .frac span.bottom { border-top: thin solid black; } .frac span.symbol { display: none; } <\/style> <div class=\"formel\">  $$\\frac{x_1+x_2+x_3+\\ldots+x_n}{n}$$  <\/div> <br\/><br\/>\n\n<script src=\"https:\/\/ajax.googleapis.com\/ajax\/libs\/jquery\/3.5.1\/jquery.min.js\"><\/script> <script> $(function () { $(\"#regnut\").click(function () { var str = $(\"#tall\").val(); var res = Array.from(str.split(\/[ ]+\/)); for (var i = 0; i < res.length; i++) { res[i] = res[i].replace(\",\", \".\"); res[i] = parseFloat(res[i]); } var total = 0; for (var i = 0; i < res.length; i++) { total += res[i]; } var gjsnitt = total \/ res.length; if (gjsnitt % 1 !== 0) { gjsnitt = gjsnitt.toFixed(4); } else { gjsnitt = gjsnitt.toFixed(); } gjsnitt = gjsnitt.toString(); gjsnitt = gjsnitt.replace(\".\", \",\"); $(\"#resultat\").html(gjsnitt); $(\"#resultatBoks\").css({ \"visibility\": \"initial\" }); }); }); <\/script>\n<label for=\"tall\">Liste de num\u00e9ros (utilisez des espaces pour s\u00e9parer les num\u00e9ros)<\/label><br\/>\n<textarea type=\"text\" id=\"tall\"><\/textarea>\n<br\/><br\/> <br\/><br\/>\n<input type=\"button\" id=\"regnut\" value=\"Calculer\"\/> <br\/><br\/> <div id=\"resultatBoks\" style=\"visibility: hidden;\"> <span>R\u00e9sultat :<\/span><br\/> <span id=\"resultat\" class=\"kalkyleResultat\"><\/span> <\/div>\n\n<p><\/p>\n","protected":false},"excerpt":{"rendered":"<p>Calculez la moyenne. Notre calculateur trouve la moyenne pour vous. Comment calculer la moyenne La moyenne peut \u00eatre calcul\u00e9e simplement [&hellip;]<\/p>\n","protected":false},"author":1,"featured_media":0,"parent":1704,"menu_order":0,"comment_status":"closed","ping_status":"closed","template":"kalkulator-side.php","meta":{"site-sidebar-layout":"default","site-content-layout":"default","ast-site-content-layout":"default","site-content-style":"default","site-sidebar-style":"default","ast-global-header-display":"","ast-banner-title-visibility":"","ast-main-header-display":"","ast-hfb-above-header-display":"","ast-hfb-below-header-display":"","ast-hfb-mobile-header-display":"","site-post-title":"","ast-breadcrumbs-content":"","ast-featured-img":"","footer-sml-layout":"","theme-transparent-header-meta":"default","adv-header-id-meta":"","stick-header-meta":"default","header-above-stick-meta":"","header-main-stick-meta":"","header-below-stick-meta":"","astra-migrate-meta-layouts":"default","ast-page-background-enabled":"default","ast-page-background-meta":{"desktop":{"background-color":"var(--ast-global-color-5)","background-image":"","background-repeat":"repeat","background-position":"center center","background-size":"auto","background-attachment":"scroll","background-type":"","background-media":"","overlay-type":"","overlay-color":"","overlay-opacity":"","overlay-gradient":""},"tablet":{"background-color":"","background-image":"","background-repeat":"repeat","background-position":"center center","background-size":"auto","background-attachment":"scroll","background-type":"","background-media":"","overlay-type":"","overlay-color":"","overlay-opacity":"","overlay-gradient":""},"mobile":{"background-color":"","background-image":"","background-repeat":"repeat","background-position":"center center","background-size":"auto","background-attachment":"scroll","background-type":"","background-media":"","overlay-type":"","overlay-color":"","overlay-opacity":"","overlay-gradient":""}},"ast-content-background-meta":{"desktop":{"background-color":"var(--ast-global-color-4)","background-image":"","background-repeat":"repeat","background-position":"center center","background-size":"auto","background-attachment":"scroll","background-type":"","background-media":"","overlay-type":"","overlay-color":"","overlay-opacity":"","overlay-gradient":""},"tablet":{"background-color":"var(--ast-global-color-4)","background-image":"","background-repeat":"repeat","background-position":"center center","background-size":"auto","background-attachment":"scroll","background-type":"","background-media":"","overlay-type":"","overlay-color":"","overlay-opacity":"","overlay-gradient":""},"mobile":{"background-color":"var(--ast-global-color-4)","background-image":"","background-repeat":"repeat","background-position":"center center","background-size":"auto","background-attachment":"scroll","background-type":"","background-media":"","overlay-type":"","overlay-color":"","overlay-opacity":"","overlay-gradient":""}},"footnotes":""},"class_list":["post-1716","page","type-page","status-publish","hentry"],"yoast_head":"<!-- This site is optimized with the Yoast SEO plugin v25.5 - https:\/\/yoast.com\/wordpress\/plugins\/seo\/ -->\n<title>Calculatrice de la moyenne - Trouvez la moyenne - Quick Percent Calculator<\/title>\n<meta name=\"robots\" content=\"index, follow, max-snippet:-1, max-image-preview:large, max-video-preview:-1\" \/>\n<link rel=\"canonical\" href=\"https:\/\/quickpercentcalc.com\/fr\/statistiques\/moyenne-moyenne-calculateur\/\" \/>\n<meta property=\"og:locale\" content=\"fr_FR\" \/>\n<meta property=\"og:type\" content=\"article\" \/>\n<meta property=\"og:title\" content=\"Calculatrice de la moyenne - Trouvez la moyenne - Quick Percent Calculator\" \/>\n<meta property=\"og:description\" content=\"Calculez la moyenne. Notre calculateur trouve la moyenne pour vous. Comment calculer la moyenne La moyenne peut \u00eatre calcul\u00e9e simplement [&hellip;]\" \/>\n<meta property=\"og:url\" content=\"https:\/\/quickpercentcalc.com\/fr\/statistiques\/moyenne-moyenne-calculateur\/\" \/>\n<meta property=\"og:site_name\" content=\"Quick Percent Calculator\" \/>\n<meta property=\"article:modified_time\" content=\"2025-04-07T18:46:10+00:00\" \/>\n<meta name=\"twitter:card\" content=\"summary_large_image\" \/>\n<meta name=\"twitter:label1\" content=\"Dur\u00e9e de lecture estim\u00e9e\" \/>\n\t<meta name=\"twitter:data1\" content=\"1 minute\" \/>\n<script type=\"application\/ld+json\" class=\"yoast-schema-graph\">{\"@context\":\"https:\/\/schema.org\",\"@graph\":[{\"@type\":\"WebPage\",\"@id\":\"https:\/\/quickpercentcalc.com\/fr\/statistiques\/moyenne-moyenne-calculateur\/\",\"url\":\"https:\/\/quickpercentcalc.com\/fr\/statistiques\/moyenne-moyenne-calculateur\/\",\"name\":\"Calculatrice de la moyenne - Trouvez la moyenne - Quick Percent Calculator\",\"isPartOf\":{\"@id\":\"https:\/\/quickpercentcalc.com\/fr\/#website\"},\"datePublished\":\"2021-03-03T08:37:16+00:00\",\"dateModified\":\"2025-04-07T18:46:10+00:00\",\"breadcrumb\":{\"@id\":\"https:\/\/quickpercentcalc.com\/fr\/statistiques\/moyenne-moyenne-calculateur\/#breadcrumb\"},\"inLanguage\":\"fr-FR\",\"potentialAction\":[{\"@type\":\"ReadAction\",\"target\":[\"https:\/\/quickpercentcalc.com\/fr\/statistiques\/moyenne-moyenne-calculateur\/\"]}]},{\"@type\":\"BreadcrumbList\",\"@id\":\"https:\/\/quickpercentcalc.com\/fr\/statistiques\/moyenne-moyenne-calculateur\/#breadcrumb\",\"itemListElement\":[{\"@type\":\"ListItem\",\"position\":1,\"name\":\"Home\",\"item\":\"https:\/\/quickpercentcalc.com\/fr\/\"},{\"@type\":\"ListItem\",\"position\":2,\"name\":\"Statistiques\",\"item\":\"https:\/\/quickpercentcalc.com\/fr\/statistics\/\"},{\"@type\":\"ListItem\",\"position\":3,\"name\":\"Moyenne (moyenne) Calculateur\"}]},{\"@type\":\"WebSite\",\"@id\":\"https:\/\/quickpercentcalc.com\/fr\/#website\",\"url\":\"https:\/\/quickpercentcalc.com\/fr\/\",\"name\":\"Quick Percent Calculator\",\"description\":\"\",\"potentialAction\":[{\"@type\":\"SearchAction\",\"target\":{\"@type\":\"EntryPoint\",\"urlTemplate\":\"https:\/\/quickpercentcalc.com\/fr\/?s={search_term_string}\"},\"query-input\":{\"@type\":\"PropertyValueSpecification\",\"valueRequired\":true,\"valueName\":\"search_term_string\"}}],\"inLanguage\":\"fr-FR\"}]}<\/script>\n<!-- \/ Yoast SEO plugin. -->","yoast_head_json":{"title":"Calculatrice de la moyenne - Trouvez la moyenne - Quick Percent Calculator","robots":{"index":"index","follow":"follow","max-snippet":"max-snippet:-1","max-image-preview":"max-image-preview:large","max-video-preview":"max-video-preview:-1"},"canonical":"https:\/\/quickpercentcalc.com\/fr\/statistiques\/moyenne-moyenne-calculateur\/","og_locale":"fr_FR","og_type":"article","og_title":"Calculatrice de la moyenne - Trouvez la moyenne - Quick Percent Calculator","og_description":"Calculez la moyenne. Notre calculateur trouve la moyenne pour vous. Comment calculer la moyenne La moyenne peut \u00eatre calcul\u00e9e simplement [&hellip;]","og_url":"https:\/\/quickpercentcalc.com\/fr\/statistiques\/moyenne-moyenne-calculateur\/","og_site_name":"Quick Percent Calculator","article_modified_time":"2025-04-07T18:46:10+00:00","twitter_card":"summary_large_image","twitter_misc":{"Dur\u00e9e de lecture estim\u00e9e":"1 minute"},"schema":{"@context":"https:\/\/schema.org","@graph":[{"@type":"WebPage","@id":"https:\/\/quickpercentcalc.com\/fr\/statistiques\/moyenne-moyenne-calculateur\/","url":"https:\/\/quickpercentcalc.com\/fr\/statistiques\/moyenne-moyenne-calculateur\/","name":"Calculatrice de la moyenne - Trouvez la moyenne - Quick Percent Calculator","isPartOf":{"@id":"https:\/\/quickpercentcalc.com\/fr\/#website"},"datePublished":"2021-03-03T08:37:16+00:00","dateModified":"2025-04-07T18:46:10+00:00","breadcrumb":{"@id":"https:\/\/quickpercentcalc.com\/fr\/statistiques\/moyenne-moyenne-calculateur\/#breadcrumb"},"inLanguage":"fr-FR","potentialAction":[{"@type":"ReadAction","target":["https:\/\/quickpercentcalc.com\/fr\/statistiques\/moyenne-moyenne-calculateur\/"]}]},{"@type":"BreadcrumbList","@id":"https:\/\/quickpercentcalc.com\/fr\/statistiques\/moyenne-moyenne-calculateur\/#breadcrumb","itemListElement":[{"@type":"ListItem","position":1,"name":"Home","item":"https:\/\/quickpercentcalc.com\/fr\/"},{"@type":"ListItem","position":2,"name":"Statistiques","item":"https:\/\/quickpercentcalc.com\/fr\/statistics\/"},{"@type":"ListItem","position":3,"name":"Moyenne (moyenne) Calculateur"}]},{"@type":"WebSite","@id":"https:\/\/quickpercentcalc.com\/fr\/#website","url":"https:\/\/quickpercentcalc.com\/fr\/","name":"Quick Percent Calculator","description":"","potentialAction":[{"@type":"SearchAction","target":{"@type":"EntryPoint","urlTemplate":"https:\/\/quickpercentcalc.com\/fr\/?s={search_term_string}"},"query-input":{"@type":"PropertyValueSpecification","valueRequired":true,"valueName":"search_term_string"}}],"inLanguage":"fr-FR"}]}},"_links":{"self":[{"href":"https:\/\/quickpercentcalc.com\/fr\/wp-json\/wp\/v2\/pages\/1716","targetHints":{"allow":["GET"]}}],"collection":[{"href":"https:\/\/quickpercentcalc.com\/fr\/wp-json\/wp\/v2\/pages"}],"about":[{"href":"https:\/\/quickpercentcalc.com\/fr\/wp-json\/wp\/v2\/types\/page"}],"author":[{"embeddable":true,"href":"https:\/\/quickpercentcalc.com\/fr\/wp-json\/wp\/v2\/users\/1"}],"replies":[{"embeddable":true,"href":"https:\/\/quickpercentcalc.com\/fr\/wp-json\/wp\/v2\/comments?post=1716"}],"version-history":[{"count":1,"href":"https:\/\/quickpercentcalc.com\/fr\/wp-json\/wp\/v2\/pages\/1716\/revisions"}],"predecessor-version":[{"id":1717,"href":"https:\/\/quickpercentcalc.com\/fr\/wp-json\/wp\/v2\/pages\/1716\/revisions\/1717"}],"up":[{"embeddable":true,"href":"https:\/\/quickpercentcalc.com\/fr\/wp-json\/wp\/v2\/pages\/1704"}],"wp:attachment":[{"href":"https:\/\/quickpercentcalc.com\/fr\/wp-json\/wp\/v2\/media?parent=1716"}],"curies":[{"name":"wp","href":"https:\/\/api.w.org\/{rel}","templated":true}]}}