{"id":1802,"date":"2024-01-20T12:06:42","date_gmt":"2024-01-20T12:06:42","guid":{"rendered":"https:\/\/quickpercentcalc.com\/divers\/calculateur-de-marathon\/"},"modified":"2025-04-07T18:56:11","modified_gmt":"2025-04-07T18:56:11","slug":"calculateur-de-marathon","status":"publish","type":"page","link":"https:\/\/quickpercentcalc.com\/fr\/divers\/calculateur-de-marathon\/","title":{"rendered":"Calculateur de marathon"},"content":{"rendered":"\n<p>Calculez votre temps de marathon ! Notre calculateur de course \u00e0 pied prend en compte le temps ou la vitesse que vous souhaitez et calcule l&rsquo;allure\/le temps pour vous ! <\/p>\n\n<p>Consultez \u00e9galement notre<a href=\"https:\/\/quickpercentcalc.com\/misc\/1rm-strength-calculator\/\"> calculateur de force 1RM !<\/a><\/p>\n\n<h2 class=\"wp-block-heading\">Calculateur de course \u00e0 pied<\/h2>\n\n<p>Entrez la distance que vous parcourez sur une distance donn\u00e9e et le calculateur vous indiquera l&rsquo;allure par km, 5 km, 10 km, semi-marathon, marathon complet et 50 km.<\/p>\n\n   <!-- script remains unchanged; it's logic, not language -->   <label for=\"timer\">Heures<\/label> <input type=\"number\" id=\"timer\" min=\"0\"\/> <br\/><br\/> <label for=\"minutter\">Proc\u00e8s-verbal<\/label> <input type=\"number\" id=\"minutter\" min=\"0\"\/> <br\/><br\/> <label for=\"sekunder\">Secondes<\/label> <input type=\"number\" id=\"sekunder\" min=\"0\"\/> <br\/><br\/> <label for=\"distanse\">Distance (kilom\u00e8tres)<\/label> <input type=\"number\" id=\"distanse\" min=\"0\"\/> <br\/><br\/><input type=\"button\" id=\"regnut\" value=\"Calculer\" onclick=\"regnUt()\"\/>\n<br\/><br\/><div id=\"resultatBoks\" style=\"visibility: hidden;\">\n    <span>R\u00e9sultats :<\/span><br\/>    <span id=\"resultat\" class=\"maratonResultat\"><\/span>\n<\/div>\n\n \n\n<h2 class=\"wp-block-heading\">Quelle est la dur\u00e9e d&rsquo;un marathon ?<\/h2>\n\n<p>Un marathon fait 42,195 kilom\u00e8tres, soit 42,195 m\u00e8tres.<\/p>\n\n<p>Cette distance impressionnante remonte aux Jeux olympiques de 1908 \u00e0 Londres, o\u00f9 les organisateurs ont ajout\u00e9 385 m\u00e8tres suppl\u00e9mentaires pour que la course commence au ch\u00e2teau de Windsor et se termine devant la famille royale britannique au palais de Buckingham. Depuis lors, cette distance a \u00e9t\u00e9 normalis\u00e9e comme distance officielle du marathon dans le monde entier. <\/p>\n\n<h2 class=\"wp-block-heading\">Qu&rsquo;est-ce qu&rsquo;un semi-marathon ?<\/h2>\n\n<p>Un semi-marathon est une course de 21,1 kilom\u00e8tres, soit exactement la moiti\u00e9 de la longueur d&rsquo;un marathon complet. Ce format offre un m\u00e9lange unique d&rsquo;endurance et de vitesse, ce qui en fait une distance attrayante pour un large \u00e9ventail de coureurs. Beaucoup utilisent le semi-marathon comme un tremplin vers le marathon complet, tandis que d&rsquo;autres le pr\u00e9f\u00e8rent comme distance de course principale.  <\/p>\n\n<p>Un semi-marathon est plus qu&rsquo;une simple course, c&rsquo;est un voyage. Avec une bonne pr\u00e9paration et un bon \u00e9tat d&rsquo;esprit, tout le monde peut \u00e9prouver le plaisir de franchir la ligne d&rsquo;arriv\u00e9e apr\u00e8s 21,1 kilom\u00e8tres difficiles et gratifiants. <\/p>\n\n<h2 class=\"wp-block-heading\">Plan d&rsquo;entra\u00eenement pour le marathon<\/h2>\n\n<p>Un plan d&rsquo;entra\u00eenement bien structur\u00e9 pour le marathon est essentiel pour se pr\u00e9parer \u00e0 l&rsquo;un des d\u00e9fis les plus exigeants de la course \u00e0 pied : le marathon. Que vous soyez un coureur exp\u00e9riment\u00e9 ou un d\u00e9butant, un plan d&rsquo;entra\u00eenement d\u00e9di\u00e9 fournit des lignes directrices pour d\u00e9velopper l&rsquo;endurance, la force et la performance n\u00e9cessaires pour conqu\u00e9rir la distance l\u00e9gendaire de 42,195 km. <\/p>\n\n<p>Si vous r\u00eavez de participer \u00e0 un marathon, il est important d&rsquo;avoir un plan d&rsquo;entra\u00eenement structur\u00e9. Ce programme d&rsquo;entra\u00eenement au marathon est con\u00e7u pour les d\u00e9butants et les coureurs plus exp\u00e9riment\u00e9s qui souhaitent atteindre leurs objectifs. Vous trouverez ci-dessous un aper\u00e7u hebdomadaire des s\u00e9ances d&rsquo;entra\u00eenement :  <\/p>\n\n<p><strong>Semaine 1-4 : D\u00e9veloppement de l&rsquo;endurance de base<\/strong><\/p>\n\n<ul class=\"wp-block-list\">\n<li><strong>Lundi :<\/strong> 45 minutes de course facile<\/li>\n\n\n\n<li><strong>Mercredi :<\/strong> 30 minutes de course \u00e0 pied en mettant l&rsquo;accent sur la technique<\/li>\n\n\n\n<li><strong>Vendredi :<\/strong> 60 minutes de course lente<\/li>\n\n\n\n<li><strong>Dimanche :<\/strong> 90 minutes de course lente<\/li>\n<\/ul>\n\n<p><strong>Semaine 5-8 : Augmenter la distance<\/strong><\/p>\n\n<ul class=\"wp-block-list\">\n<li><strong>Lundi :<\/strong> 45 minutes de course facile<\/li>\n\n\n\n<li><strong>Mercredi :<\/strong> 40 minutes de course \u00e0 pied en se concentrant sur le rythme<\/li>\n\n\n\n<li><strong>Vendredi :<\/strong> 75 minutes de course lente<\/li>\n\n\n\n<li><strong>Dimanche :<\/strong> 2 heures de course lente<\/li>\n<\/ul>\n\n<p><strong>Semaine 9-12 : D\u00e9velopper l&rsquo;endurance et la vitesse<\/strong><\/p>\n\n<ul class=\"wp-block-list\">\n<li><strong>Lundi :<\/strong> 45 minutes de course \u00e0 pied avec quelques intervalles de sprint<\/li>\n\n\n\n<li><strong>Mercredi :<\/strong> 50 minutes de course \u00e0 pied \u00e0 un rythme plus soutenu<\/li>\n\n\n\n<li><strong>Vendredi :<\/strong> 90 minutes de course lente<\/li>\n\n\n\n<li><strong>Dimanche :<\/strong> 2,5 heures de course lente<\/li>\n<\/ul>\n\n<p><strong>Semaine 13-16 : Pr\u00e9paration sp\u00e9cifique au marathon<\/strong><\/p>\n\n<ul class=\"wp-block-list\">\n<li><strong>Lundi :<\/strong> 45 minutes de course \u00e0 pied avec entra\u00eenement \u00e0 la vitesse<\/li>\n\n\n\n<li><strong>Mercredi :<\/strong> 60 minutes de course \u00e0 pied avec de longues s\u00e9ances de tempo<\/li>\n\n\n\n<li><strong>Vendredi :<\/strong> 100 minutes de course lente<\/li>\n\n\n\n<li><strong>Dimanche :<\/strong> 3 heures de course lente<\/li>\n<\/ul>\n\n<p><strong>Semaines 17 \u00e0 20 : R\u00e9duction des doses et r\u00e9cup\u00e9ration<\/strong><\/p>\n\n<ul class=\"wp-block-list\">\n<li><strong>Lundi :<\/strong> 45 minutes de course \u00e0 pied l\u00e9g\u00e8re<\/li>\n\n\n\n<li><strong>Mercredi :<\/strong> 40 minutes de course l\u00e9g\u00e8re<\/li>\n\n\n\n<li><strong>Vendredi :<\/strong> 30 minutes de course l\u00e9g\u00e8re<\/li>\n\n\n\n<li><strong>Dimanche :<\/strong> Marathon !<\/li>\n<\/ul>\n\n<p>Veillez \u00e0 inclure des exercices de renforcement et d&rsquo;\u00e9tirement tout au long du programme afin de pr\u00e9venir les blessures et d&rsquo;am\u00e9liorer votre forme de course.<\/p>\n\n<p>Lorsque vous suivez ce programme d&rsquo;entra\u00eenement au marathon et que vous le combinez \u00e0 une alimentation appropri\u00e9e et \u00e0 un repos suffisant, vous \u00eates bien \u00e9quip\u00e9 pour franchir la ligne d&rsquo;arriv\u00e9e de votre prochain marathon. Bonne chance pour votre entra\u00eenement et bon voyage pour atteindre vos objectifs de course \u00e0 pied ! <\/p>\n","protected":false},"excerpt":{"rendered":"<p>Calculez votre temps de marathon ! Notre calculateur de course \u00e0 pied prend en compte le temps ou la vitesse [&hellip;]<\/p>\n","protected":false},"author":1,"featured_media":0,"parent":1772,"menu_order":0,"comment_status":"closed","ping_status":"closed","template":"kalkulator-side.php","meta":{"site-sidebar-layout":"default","site-content-layout":"default","ast-site-content-layout":"default","site-content-style":"default","site-sidebar-style":"default","ast-global-header-display":"","ast-banner-title-visibility":"","ast-main-header-display":"","ast-hfb-above-header-display":"","ast-hfb-below-header-display":"","ast-hfb-mobile-header-display":"","site-post-title":"","ast-breadcrumbs-content":"","ast-featured-img":"","footer-sml-layout":"","theme-transparent-header-meta":"default","adv-header-id-meta":"","stick-header-meta":"default","header-above-stick-meta":"","header-main-stick-meta":"","header-below-stick-meta":"","astra-migrate-meta-layouts":"default","ast-page-background-enabled":"default","ast-page-background-meta":{"desktop":{"background-color":"var(--ast-global-color-5)","background-image":"","background-repeat":"repeat","background-position":"center center","background-size":"auto","background-attachment":"scroll","background-type":"","background-media":"","overlay-type":"","overlay-color":"","overlay-opacity":"","overlay-gradient":""},"tablet":{"background-color":"","background-image":"","background-repeat":"repeat","background-position":"center center","background-size":"auto","background-attachment":"scroll","background-type":"","background-media":"","overlay-type":"","overlay-color":"","overlay-opacity":"","overlay-gradient":""},"mobile":{"background-color":"","background-image":"","background-repeat":"repeat","background-position":"center center","background-size":"auto","background-attachment":"scroll","background-type":"","background-media":"","overlay-type":"","overlay-color":"","overlay-opacity":"","overlay-gradient":""}},"ast-content-background-meta":{"desktop":{"background-color":"var(--ast-global-color-4)","background-image":"","background-repeat":"repeat","background-position":"center center","background-size":"auto","background-attachment":"scroll","background-type":"","background-media":"","overlay-type":"","overlay-color":"","overlay-opacity":"","overlay-gradient":""},"tablet":{"background-color":"var(--ast-global-color-4)","background-image":"","background-repeat":"repeat","background-position":"center center","background-size":"auto","background-attachment":"scroll","background-type":"","background-media":"","overlay-type":"","overlay-color":"","overlay-opacity":"","overlay-gradient":""},"mobile":{"background-color":"var(--ast-global-color-4)","background-image":"","background-repeat":"repeat","background-position":"center center","background-size":"auto","background-attachment":"scroll","background-type":"","background-media":"","overlay-type":"","overlay-color":"","overlay-opacity":"","overlay-gradient":""}},"footnotes":""},"class_list":["post-1802","page","type-page","status-publish","hentry"],"yoast_head":"<!-- This site is optimized with the Yoast SEO plugin v25.5 - https:\/\/yoast.com\/wordpress\/plugins\/seo\/ -->\n<title>Calculateur de course \u00e0 pied - Calculateur de marathon - Trouvez votre rythme<\/title>\n<meta name=\"description\" content=\"Notre calculateur de course \u00e0 pied vous aide \u00e0 trouver votre temps optimal pour le marathon.\" \/>\n<meta name=\"robots\" content=\"index, follow, max-snippet:-1, max-image-preview:large, max-video-preview:-1\" \/>\n<link rel=\"canonical\" href=\"https:\/\/quickpercentcalc.com\/fr\/divers\/calculateur-de-marathon\/\" \/>\n<meta property=\"og:locale\" content=\"fr_FR\" \/>\n<meta property=\"og:type\" content=\"article\" \/>\n<meta property=\"og:title\" content=\"Calculateur de course \u00e0 pied - Calculateur de marathon - Trouvez votre rythme\" \/>\n<meta property=\"og:description\" content=\"Notre calculateur de course \u00e0 pied vous aide \u00e0 trouver votre temps optimal pour le marathon.\" \/>\n<meta property=\"og:url\" content=\"https:\/\/quickpercentcalc.com\/fr\/divers\/calculateur-de-marathon\/\" \/>\n<meta property=\"og:site_name\" content=\"Quick Percent Calculator\" \/>\n<meta property=\"article:modified_time\" content=\"2025-04-07T18:56:11+00:00\" \/>\n<meta name=\"twitter:card\" content=\"summary_large_image\" \/>\n<meta name=\"twitter:label1\" content=\"Dur\u00e9e de lecture estim\u00e9e\" \/>\n\t<meta name=\"twitter:data1\" content=\"3 minutes\" \/>\n<script type=\"application\/ld+json\" class=\"yoast-schema-graph\">{\"@context\":\"https:\/\/schema.org\",\"@graph\":[{\"@type\":\"WebPage\",\"@id\":\"https:\/\/quickpercentcalc.com\/fr\/divers\/calculateur-de-marathon\/\",\"url\":\"https:\/\/quickpercentcalc.com\/fr\/divers\/calculateur-de-marathon\/\",\"name\":\"Calculateur de course \u00e0 pied - Calculateur de marathon - Trouvez votre rythme\",\"isPartOf\":{\"@id\":\"https:\/\/quickpercentcalc.com\/fr\/#website\"},\"datePublished\":\"2024-01-20T12:06:42+00:00\",\"dateModified\":\"2025-04-07T18:56:11+00:00\",\"description\":\"Notre calculateur de course \u00e0 pied vous aide \u00e0 trouver votre temps optimal pour le marathon.\",\"breadcrumb\":{\"@id\":\"https:\/\/quickpercentcalc.com\/fr\/divers\/calculateur-de-marathon\/#breadcrumb\"},\"inLanguage\":\"fr-FR\",\"potentialAction\":[{\"@type\":\"ReadAction\",\"target\":[\"https:\/\/quickpercentcalc.com\/fr\/divers\/calculateur-de-marathon\/\"]}]},{\"@type\":\"BreadcrumbList\",\"@id\":\"https:\/\/quickpercentcalc.com\/fr\/divers\/calculateur-de-marathon\/#breadcrumb\",\"itemListElement\":[{\"@type\":\"ListItem\",\"position\":1,\"name\":\"Home\",\"item\":\"https:\/\/quickpercentcalc.com\/fr\/\"},{\"@type\":\"ListItem\",\"position\":2,\"name\":\"Divers\",\"item\":\"https:\/\/quickpercentcalc.com\/fr\/misc\/\"},{\"@type\":\"ListItem\",\"position\":3,\"name\":\"Calculateur de marathon\"}]},{\"@type\":\"WebSite\",\"@id\":\"https:\/\/quickpercentcalc.com\/fr\/#website\",\"url\":\"https:\/\/quickpercentcalc.com\/fr\/\",\"name\":\"Quick Percent Calculator\",\"description\":\"\",\"potentialAction\":[{\"@type\":\"SearchAction\",\"target\":{\"@type\":\"EntryPoint\",\"urlTemplate\":\"https:\/\/quickpercentcalc.com\/fr\/?s={search_term_string}\"},\"query-input\":{\"@type\":\"PropertyValueSpecification\",\"valueRequired\":true,\"valueName\":\"search_term_string\"}}],\"inLanguage\":\"fr-FR\"}]}<\/script>\n<!-- \/ Yoast SEO plugin. -->","yoast_head_json":{"title":"Calculateur de course \u00e0 pied - Calculateur de marathon - Trouvez votre rythme","description":"Notre calculateur de course \u00e0 pied vous aide \u00e0 trouver votre temps optimal pour le marathon.","robots":{"index":"index","follow":"follow","max-snippet":"max-snippet:-1","max-image-preview":"max-image-preview:large","max-video-preview":"max-video-preview:-1"},"canonical":"https:\/\/quickpercentcalc.com\/fr\/divers\/calculateur-de-marathon\/","og_locale":"fr_FR","og_type":"article","og_title":"Calculateur de course \u00e0 pied - Calculateur de marathon - Trouvez votre rythme","og_description":"Notre calculateur de course \u00e0 pied vous aide \u00e0 trouver votre temps optimal pour le marathon.","og_url":"https:\/\/quickpercentcalc.com\/fr\/divers\/calculateur-de-marathon\/","og_site_name":"Quick Percent Calculator","article_modified_time":"2025-04-07T18:56:11+00:00","twitter_card":"summary_large_image","twitter_misc":{"Dur\u00e9e de lecture estim\u00e9e":"3 minutes"},"schema":{"@context":"https:\/\/schema.org","@graph":[{"@type":"WebPage","@id":"https:\/\/quickpercentcalc.com\/fr\/divers\/calculateur-de-marathon\/","url":"https:\/\/quickpercentcalc.com\/fr\/divers\/calculateur-de-marathon\/","name":"Calculateur de course \u00e0 pied - Calculateur de marathon - Trouvez votre rythme","isPartOf":{"@id":"https:\/\/quickpercentcalc.com\/fr\/#website"},"datePublished":"2024-01-20T12:06:42+00:00","dateModified":"2025-04-07T18:56:11+00:00","description":"Notre calculateur de course \u00e0 pied vous aide \u00e0 trouver votre temps optimal pour le marathon.","breadcrumb":{"@id":"https:\/\/quickpercentcalc.com\/fr\/divers\/calculateur-de-marathon\/#breadcrumb"},"inLanguage":"fr-FR","potentialAction":[{"@type":"ReadAction","target":["https:\/\/quickpercentcalc.com\/fr\/divers\/calculateur-de-marathon\/"]}]},{"@type":"BreadcrumbList","@id":"https:\/\/quickpercentcalc.com\/fr\/divers\/calculateur-de-marathon\/#breadcrumb","itemListElement":[{"@type":"ListItem","position":1,"name":"Home","item":"https:\/\/quickpercentcalc.com\/fr\/"},{"@type":"ListItem","position":2,"name":"Divers","item":"https:\/\/quickpercentcalc.com\/fr\/misc\/"},{"@type":"ListItem","position":3,"name":"Calculateur de marathon"}]},{"@type":"WebSite","@id":"https:\/\/quickpercentcalc.com\/fr\/#website","url":"https:\/\/quickpercentcalc.com\/fr\/","name":"Quick Percent Calculator","description":"","potentialAction":[{"@type":"SearchAction","target":{"@type":"EntryPoint","urlTemplate":"https:\/\/quickpercentcalc.com\/fr\/?s={search_term_string}"},"query-input":{"@type":"PropertyValueSpecification","valueRequired":true,"valueName":"search_term_string"}}],"inLanguage":"fr-FR"}]}},"_links":{"self":[{"href":"https:\/\/quickpercentcalc.com\/fr\/wp-json\/wp\/v2\/pages\/1802","targetHints":{"allow":["GET"]}}],"collection":[{"href":"https:\/\/quickpercentcalc.com\/fr\/wp-json\/wp\/v2\/pages"}],"about":[{"href":"https:\/\/quickpercentcalc.com\/fr\/wp-json\/wp\/v2\/types\/page"}],"author":[{"embeddable":true,"href":"https:\/\/quickpercentcalc.com\/fr\/wp-json\/wp\/v2\/users\/1"}],"replies":[{"embeddable":true,"href":"https:\/\/quickpercentcalc.com\/fr\/wp-json\/wp\/v2\/comments?post=1802"}],"version-history":[{"count":1,"href":"https:\/\/quickpercentcalc.com\/fr\/wp-json\/wp\/v2\/pages\/1802\/revisions"}],"predecessor-version":[{"id":1803,"href":"https:\/\/quickpercentcalc.com\/fr\/wp-json\/wp\/v2\/pages\/1802\/revisions\/1803"}],"up":[{"embeddable":true,"href":"https:\/\/quickpercentcalc.com\/fr\/wp-json\/wp\/v2\/pages\/1772"}],"wp:attachment":[{"href":"https:\/\/quickpercentcalc.com\/fr\/wp-json\/wp\/v2\/media?parent=1802"}],"curies":[{"name":"wp","href":"https:\/\/api.w.org\/{rel}","templated":true}]}}