{"id":1925,"date":"2024-01-16T21:03:36","date_gmt":"2024-01-16T21:03:36","guid":{"rendered":"https:\/\/quickpercentcalc.com\/divers\/calculateur-de-watts\/"},"modified":"2025-04-08T15:13:41","modified_gmt":"2025-04-08T15:13:41","slug":"calculateur-de-watts","status":"publish","type":"page","link":"https:\/\/quickpercentcalc.com\/fr\/divers\/calculateur-de-watts\/","title":{"rendered":"Calculateur de watts"},"content":{"rendered":"\n<p>Calculez les amp\u00e8res, les volts et les watts. Notre calculatrice vous aide \u00e0 calculer les amp\u00e8res, les volts et les watts. <\/p>\n\n<h2 class=\"wp-block-heading\">Comment calculer les amp\u00e8res et les volts en watts ?<\/h2>\n\n<p>Le calcul des amp\u00e8res, des volts et des watts est relativement simple car ces trois mesures sont \u00e9troitement li\u00e9es.<\/p>\n\n<p><strong>watt = amp\u00e8re x volt<\/strong><\/p>\n\n<p>Comme nous pouvons le voir, vous multipliez les amp\u00e8res et les volts pour obtenir les watts. Nous pouvons \u00e9galement r\u00e9arranger la formule pour obtenir soit des amp\u00e8res, soit des volts : <\/p>\n\n<p><strong>amp\u00e8re = watt \/ volt<\/strong><\/p>\n\n<p><strong>volt = watt \/ amp\u00e8re<\/strong><\/p>\n\n<script>\n    function regnUtWatt(){\n        var volt = parseFloat(document.getElementById(\"volt\").value.replace(\/,\/g, \".\")) || 0;\n        var ampere = parseFloat(document.getElementById(\"ampere\").value.replace(\/,\/g, \".\")) || 0;\n\n        \/\/ Calculation: watt = volt * ampere\n        var watt = volt * ampere;\n\n        if (!isNaN(watt)) {\n            document.getElementById(\"resultatWatt\").innerHTML = \"Power (Watts): \" + watt.toString() + \" W\";\n            document.getElementById(\"resultatBoksWatt\").style.visibility = \"initial\";\n        }\n    }\n\n    function regnUtAmpere(){\n        var watt = parseFloat(document.getElementById(\"watt\").value.replace(\/,\/g, \".\")) || 0;\n        var volt = parseFloat(document.getElementById(\"voltAmpere\").value.replace(\/,\/g, \".\")) || 0;\n\n        \/\/ Calculation: ampere = watt \/ volt\n        var ampere = watt \/ volt;\n\n        if (!isNaN(ampere)) {\n            document.getElementById(\"resultatAmpere\").innerHTML = \"Current (Amps): \" + ampere.toString() + \" A\";\n            document.getElementById(\"resultatBoksAmpere\").style.visibility = \"initial\";\n        }\n    }\n\n    function regnUtVolt(){\n        var watt = parseFloat(document.getElementById(\"wattVolt\").value.replace(\/,\/g, \".\")) || 0;\n        var ampere = parseFloat(document.getElementById(\"ampereVolt\").value.replace(\/,\/g, \".\")) || 0;\n\n        \/\/ Calculation: volt = watt \/ ampere\n        var volt = watt \/ ampere;\n\n        if (!isNaN(volt)) {\n            document.getElementById(\"resultatVolt\").innerHTML = \"Voltage (Volts): \" + volt.toString() + \" V\";\n            document.getElementById(\"resultatBoksVolt\").style.visibility = \"initial\";\n        }\n    }\n<\/script>\n\n<!-- Calculator for Watts -->\n<h2>Calculateur de watts<\/h2>\n<label for=\"volt\">Tension (Volts)<\/label><br\/><input type=\"number\" id=\"volt\" min=\"0\"\/>\n<br\/><br\/>\n<label for=\"ampere\">Courant (Amp\u00e8res)<\/label><br\/><input type=\"number\" id=\"ampere\" min=\"0\"\/>\n<br\/><br\/>\n<input type=\"button\" id=\"regnutWatt\" value=\"Calculer\" onclick=\"regnUtWatt()\"\/>\n<br\/><br\/>\n<div id=\"resultatBoksWatt\" style=\"visibility: hidden;\">\n    <span>R\u00e9sultat :<\/span><br\/>    <span id=\"resultatWatt\" class=\"kalkyleResultat\"><\/span>    \n<\/div>\n<br\/><br\/>\n<!-- Calculator for Amps -->\n<h2>Calculateur d&rsquo;amp\u00e8res<\/h2>\n<label for=\"watt\">Puissance (Watts)<\/label><br\/><input type=\"number\" id=\"watt\" min=\"0\"\/>\n<br\/><br\/>\n<label for=\"voltAmpere\">Tension (Volts)<\/label><br\/><input type=\"number\" id=\"voltAmpere\" min=\"0\"\/>\n<br\/><br\/>\n<input type=\"button\" id=\"regnutAmpere\" value=\"Calculer\" onclick=\"regnUtAmpere()\"\/>\n<br\/><br\/>\n<div id=\"resultatBoksAmpere\" style=\"visibility: hidden;\">\n    <span>R\u00e9sultat :<\/span><br\/>    <span id=\"resultatAmpere\" class=\"kalkyleResultat\"><\/span>    \n<\/div>\n<br\/><br\/>\n<!-- Calculator for Volts -->\n<h2>Calculateur de tension<\/h2>\n<label for=\"wattVolt\">Puissance (Watts)<\/label><br\/><input type=\"number\" id=\"wattVolt\" min=\"0\"\/>\n<br\/><br\/>\n<label for=\"ampereVolt\">Courant (Amp\u00e8res)<\/label><br\/><input type=\"number\" id=\"ampereVolt\" min=\"0\"\/>\n<br\/><br\/>\n<input type=\"button\" id=\"regnutVolt\" value=\"Calculer\" onclick=\"regnUtVolt()\"\/>\n<br\/><br\/>\n<div id=\"resultatBoksVolt\" style=\"visibility: hidden;\">\n    <span>R\u00e9sultat :<\/span><br\/>    <span id=\"resultatVolt\" class=\"kalkyleResultat\"><\/span>    \n<\/div>\n\n<h2 class=\"wp-block-heading\">Que sont les amp\u00e8res et les volts ?<\/h2>\n\n<p>Les amp\u00e8res et les volts sont des unit\u00e9s fondamentales en \u00e9lectrotechnique qui jouent un r\u00f4le central dans la compr\u00e9hension du courant et de la tension \u00e9lectriques. Les <strong>amp\u00e8res<\/strong>, souvent appel\u00e9s simplement \u00ab\u00a0amp\u00a0\u00bb, mesurent le courant \u00e9lectrique et indiquent combien d&rsquo;\u00e9lectrons circulent dans un conducteur par seconde. Ce concept est particuli\u00e8rement important pour \u00e9valuer la consommation d&rsquo;\u00e9nergie et la capacit\u00e9 des appareils \u00e9lectriques. Les <strong>volts<\/strong>, quant \u00e0 eux, mesurent le potentiel \u00e9lectrique. Ils indiquent la force disponible pour faire passer le courant dans un circuit. Ensemble, les amp\u00e8res et les volts donnent une image compl\u00e8te des performances \u00e9lectriques, ce qui est essentiel pour comprendre le fonctionnement des diff\u00e9rents appareils et syst\u00e8mes.    <\/p>\n\n<h2 class=\"wp-block-heading\">Conversion des amp\u00e8res en watts<\/h2>\n\n<p>La conversion des <strong>amp\u00e8res en watts<\/strong> est un calcul essentiel dans de nombreuses applications \u00e9lectriques. Les watts sont une unit\u00e9 de puissance qui nous indique la quantit\u00e9 d&rsquo;\u00e9nergie consomm\u00e9e ou produite dans le temps. Pour convertir les amp\u00e8res (courant) en watts (puissance), vous devez conna\u00eetre la tension (mesur\u00e9e en volts) dans le circuit. La formule de base est la suivante : <strong>watt = amp\u00e8re x volt<\/strong>.   <\/p>\n\n<h2 class=\"wp-block-heading\">Qu&rsquo;est-ce que le volt-amp\u00e8re ?<\/h2>\n\n<p>Le terme <strong>volt-amp\u00e8re<\/strong> est \u00e9galement important lorsqu&rsquo;il est question de puissance \u00e9lectrique. Alors que les watts repr\u00e9sentent la puissance r\u00e9elle consomm\u00e9e dans un circuit, les volts-amp\u00e8res font r\u00e9f\u00e9rence \u00e0 la puissance \u00ab\u00a0apparente\u00a0\u00bb, souvent dans le contexte des circuits \u00e0 courant alternatif (AC). Cette distinction est essentielle pour comprendre les syst\u00e8mes \u00e9lectriques, notamment en termes de planification de la charge et de la capacit\u00e9.  <\/p>\n\n<h2 class=\"wp-block-heading\">Que sont les amp\u00e8res-heures ?<\/h2>\n\n<p>L&rsquo;<strong>amp\u00e8re-heure<\/strong> est un autre concept cl\u00e9 dans le monde de l&rsquo;\u00e9lectricit\u00e9. Il mesure la quantit\u00e9 de charge \u00e9lectrique qui traverse un composant pendant une p\u00e9riode donn\u00e9e. Ce concept est particuli\u00e8rement pertinent pour les batteries et les syst\u00e8mes de stockage d&rsquo;\u00e9nergie, car il donne une mesure de la capacit\u00e9 de la batterie &#8211; ou de la dur\u00e9e pendant laquelle elle peut fournir un certain courant avant d&rsquo;avoir besoin d&rsquo;\u00eatre recharg\u00e9e. Un amp\u00e8re-heure signifie qu&rsquo;un amp\u00e8re traverse un composant pendant une heure.   <\/p>\n","protected":false},"excerpt":{"rendered":"<p>Calculez les amp\u00e8res, les volts et les watts. Notre calculatrice vous aide \u00e0 calculer les amp\u00e8res, les volts et les [&hellip;]<\/p>\n","protected":false},"author":1,"featured_media":0,"parent":1772,"menu_order":0,"comment_status":"closed","ping_status":"closed","template":"kalkulator-side.php","meta":{"site-sidebar-layout":"default","site-content-layout":"default","ast-site-content-layout":"default","site-content-style":"default","site-sidebar-style":"default","ast-global-header-display":"","ast-banner-title-visibility":"","ast-main-header-display":"","ast-hfb-above-header-display":"","ast-hfb-below-header-display":"","ast-hfb-mobile-header-display":"","site-post-title":"","ast-breadcrumbs-content":"","ast-featured-img":"","footer-sml-layout":"","theme-transparent-header-meta":"default","adv-header-id-meta":"","stick-header-meta":"default","header-above-stick-meta":"","header-main-stick-meta":"","header-below-stick-meta":"","astra-migrate-meta-layouts":"default","ast-page-background-enabled":"default","ast-page-background-meta":{"desktop":{"background-color":"var(--ast-global-color-5)","background-image":"","background-repeat":"repeat","background-position":"center center","background-size":"auto","background-attachment":"scroll","background-type":"","background-media":"","overlay-type":"","overlay-color":"","overlay-opacity":"","overlay-gradient":""},"tablet":{"background-color":"","background-image":"","background-repeat":"repeat","background-position":"center center","background-size":"auto","background-attachment":"scroll","background-type":"","background-media":"","overlay-type":"","overlay-color":"","overlay-opacity":"","overlay-gradient":""},"mobile":{"background-color":"","background-image":"","background-repeat":"repeat","background-position":"center center","background-size":"auto","background-attachment":"scroll","background-type":"","background-media":"","overlay-type":"","overlay-color":"","overlay-opacity":"","overlay-gradient":""}},"ast-content-background-meta":{"desktop":{"background-color":"var(--ast-global-color-4)","background-image":"","background-repeat":"repeat","background-position":"center center","background-size":"auto","background-attachment":"scroll","background-type":"","background-media":"","overlay-type":"","overlay-color":"","overlay-opacity":"","overlay-gradient":""},"tablet":{"background-color":"var(--ast-global-color-4)","background-image":"","background-repeat":"repeat","background-position":"center center","background-size":"auto","background-attachment":"scroll","background-type":"","background-media":"","overlay-type":"","overlay-color":"","overlay-opacity":"","overlay-gradient":""},"mobile":{"background-color":"var(--ast-global-color-4)","background-image":"","background-repeat":"repeat","background-position":"center center","background-size":"auto","background-attachment":"scroll","background-type":"","background-media":"","overlay-type":"","overlay-color":"","overlay-opacity":"","overlay-gradient":""}},"footnotes":""},"class_list":["post-1925","page","type-page","status-publish","hentry"],"yoast_head":"<!-- This site is optimized with the Yoast SEO plugin v25.5 - https:\/\/yoast.com\/wordpress\/plugins\/seo\/ -->\n<title>Calculatrice de watts, d&#039;amp\u00e8res et de volts<\/title>\n<meta name=\"description\" content=\"Notre calculateur convertit les watts, les amp\u00e8res et les volts.\" \/>\n<meta name=\"robots\" content=\"index, follow, max-snippet:-1, max-image-preview:large, max-video-preview:-1\" \/>\n<link rel=\"canonical\" href=\"https:\/\/quickpercentcalc.com\/fr\/divers\/calculateur-de-watts\/\" \/>\n<meta property=\"og:locale\" content=\"fr_FR\" \/>\n<meta property=\"og:type\" content=\"article\" \/>\n<meta property=\"og:title\" content=\"Calculatrice de watts, d&#039;amp\u00e8res et de volts\" \/>\n<meta property=\"og:description\" content=\"Notre calculateur convertit les watts, les amp\u00e8res et les volts.\" \/>\n<meta property=\"og:url\" content=\"https:\/\/quickpercentcalc.com\/fr\/divers\/calculateur-de-watts\/\" \/>\n<meta property=\"og:site_name\" content=\"Quick Percent Calculator\" \/>\n<meta property=\"article:modified_time\" content=\"2025-04-08T15:13:41+00:00\" \/>\n<meta name=\"twitter:card\" content=\"summary_large_image\" \/>\n<meta name=\"twitter:label1\" content=\"Dur\u00e9e de lecture estim\u00e9e\" \/>\n\t<meta name=\"twitter:data1\" content=\"3 minutes\" \/>\n<script type=\"application\/ld+json\" class=\"yoast-schema-graph\">{\"@context\":\"https:\/\/schema.org\",\"@graph\":[{\"@type\":\"WebPage\",\"@id\":\"https:\/\/quickpercentcalc.com\/fr\/divers\/calculateur-de-watts\/\",\"url\":\"https:\/\/quickpercentcalc.com\/fr\/divers\/calculateur-de-watts\/\",\"name\":\"Calculatrice de watts, d'amp\u00e8res et de volts\",\"isPartOf\":{\"@id\":\"https:\/\/quickpercentcalc.com\/fr\/#website\"},\"datePublished\":\"2024-01-16T21:03:36+00:00\",\"dateModified\":\"2025-04-08T15:13:41+00:00\",\"description\":\"Notre calculateur convertit les watts, les amp\u00e8res et les volts.\",\"breadcrumb\":{\"@id\":\"https:\/\/quickpercentcalc.com\/fr\/divers\/calculateur-de-watts\/#breadcrumb\"},\"inLanguage\":\"fr-FR\",\"potentialAction\":[{\"@type\":\"ReadAction\",\"target\":[\"https:\/\/quickpercentcalc.com\/fr\/divers\/calculateur-de-watts\/\"]}]},{\"@type\":\"BreadcrumbList\",\"@id\":\"https:\/\/quickpercentcalc.com\/fr\/divers\/calculateur-de-watts\/#breadcrumb\",\"itemListElement\":[{\"@type\":\"ListItem\",\"position\":1,\"name\":\"Home\",\"item\":\"https:\/\/quickpercentcalc.com\/fr\/\"},{\"@type\":\"ListItem\",\"position\":2,\"name\":\"Divers\",\"item\":\"https:\/\/quickpercentcalc.com\/fr\/misc\/\"},{\"@type\":\"ListItem\",\"position\":3,\"name\":\"Calculateur de watts\"}]},{\"@type\":\"WebSite\",\"@id\":\"https:\/\/quickpercentcalc.com\/fr\/#website\",\"url\":\"https:\/\/quickpercentcalc.com\/fr\/\",\"name\":\"Quick Percent Calculator\",\"description\":\"\",\"potentialAction\":[{\"@type\":\"SearchAction\",\"target\":{\"@type\":\"EntryPoint\",\"urlTemplate\":\"https:\/\/quickpercentcalc.com\/fr\/?s={search_term_string}\"},\"query-input\":{\"@type\":\"PropertyValueSpecification\",\"valueRequired\":true,\"valueName\":\"search_term_string\"}}],\"inLanguage\":\"fr-FR\"}]}<\/script>\n<!-- \/ Yoast SEO plugin. -->","yoast_head_json":{"title":"Calculatrice de watts, d'amp\u00e8res et de volts","description":"Notre calculateur convertit les watts, les amp\u00e8res et les volts.","robots":{"index":"index","follow":"follow","max-snippet":"max-snippet:-1","max-image-preview":"max-image-preview:large","max-video-preview":"max-video-preview:-1"},"canonical":"https:\/\/quickpercentcalc.com\/fr\/divers\/calculateur-de-watts\/","og_locale":"fr_FR","og_type":"article","og_title":"Calculatrice de watts, d'amp\u00e8res et de volts","og_description":"Notre calculateur convertit les watts, les amp\u00e8res et les volts.","og_url":"https:\/\/quickpercentcalc.com\/fr\/divers\/calculateur-de-watts\/","og_site_name":"Quick Percent Calculator","article_modified_time":"2025-04-08T15:13:41+00:00","twitter_card":"summary_large_image","twitter_misc":{"Dur\u00e9e de lecture estim\u00e9e":"3 minutes"},"schema":{"@context":"https:\/\/schema.org","@graph":[{"@type":"WebPage","@id":"https:\/\/quickpercentcalc.com\/fr\/divers\/calculateur-de-watts\/","url":"https:\/\/quickpercentcalc.com\/fr\/divers\/calculateur-de-watts\/","name":"Calculatrice de watts, d'amp\u00e8res et de volts","isPartOf":{"@id":"https:\/\/quickpercentcalc.com\/fr\/#website"},"datePublished":"2024-01-16T21:03:36+00:00","dateModified":"2025-04-08T15:13:41+00:00","description":"Notre calculateur convertit les watts, les amp\u00e8res et les volts.","breadcrumb":{"@id":"https:\/\/quickpercentcalc.com\/fr\/divers\/calculateur-de-watts\/#breadcrumb"},"inLanguage":"fr-FR","potentialAction":[{"@type":"ReadAction","target":["https:\/\/quickpercentcalc.com\/fr\/divers\/calculateur-de-watts\/"]}]},{"@type":"BreadcrumbList","@id":"https:\/\/quickpercentcalc.com\/fr\/divers\/calculateur-de-watts\/#breadcrumb","itemListElement":[{"@type":"ListItem","position":1,"name":"Home","item":"https:\/\/quickpercentcalc.com\/fr\/"},{"@type":"ListItem","position":2,"name":"Divers","item":"https:\/\/quickpercentcalc.com\/fr\/misc\/"},{"@type":"ListItem","position":3,"name":"Calculateur de watts"}]},{"@type":"WebSite","@id":"https:\/\/quickpercentcalc.com\/fr\/#website","url":"https:\/\/quickpercentcalc.com\/fr\/","name":"Quick Percent Calculator","description":"","potentialAction":[{"@type":"SearchAction","target":{"@type":"EntryPoint","urlTemplate":"https:\/\/quickpercentcalc.com\/fr\/?s={search_term_string}"},"query-input":{"@type":"PropertyValueSpecification","valueRequired":true,"valueName":"search_term_string"}}],"inLanguage":"fr-FR"}]}},"_links":{"self":[{"href":"https:\/\/quickpercentcalc.com\/fr\/wp-json\/wp\/v2\/pages\/1925","targetHints":{"allow":["GET"]}}],"collection":[{"href":"https:\/\/quickpercentcalc.com\/fr\/wp-json\/wp\/v2\/pages"}],"about":[{"href":"https:\/\/quickpercentcalc.com\/fr\/wp-json\/wp\/v2\/types\/page"}],"author":[{"embeddable":true,"href":"https:\/\/quickpercentcalc.com\/fr\/wp-json\/wp\/v2\/users\/1"}],"replies":[{"embeddable":true,"href":"https:\/\/quickpercentcalc.com\/fr\/wp-json\/wp\/v2\/comments?post=1925"}],"version-history":[{"count":1,"href":"https:\/\/quickpercentcalc.com\/fr\/wp-json\/wp\/v2\/pages\/1925\/revisions"}],"predecessor-version":[{"id":1926,"href":"https:\/\/quickpercentcalc.com\/fr\/wp-json\/wp\/v2\/pages\/1925\/revisions\/1926"}],"up":[{"embeddable":true,"href":"https:\/\/quickpercentcalc.com\/fr\/wp-json\/wp\/v2\/pages\/1772"}],"wp:attachment":[{"href":"https:\/\/quickpercentcalc.com\/fr\/wp-json\/wp\/v2\/media?parent=1925"}],"curies":[{"name":"wp","href":"https:\/\/api.w.org\/{rel}","templated":true}]}}