{"id":1954,"date":"2024-01-20T15:39:55","date_gmt":"2024-01-20T15:39:55","guid":{"rendered":"https:\/\/quickpercentcalc.com\/?page_id=1954"},"modified":"2025-04-08T17:48:05","modified_gmt":"2025-04-08T17:48:05","slug":"calculateur-de-date-daccouchement","status":"publish","type":"page","link":"https:\/\/quickpercentcalc.com\/fr\/divers\/calculateur-de-date-daccouchement\/","title":{"rendered":"Calculateur de date d&rsquo;accouchement"},"content":{"rendered":"\n<p>Calculez la date d\u2019accouchement. Notre calculateur vous permet de s\u00e9lectionner le premier jour de vos derni\u00e8res r\u00e8gles et vous donne une estimation de la date pr\u00e9vue d\u2019accouchement.<\/p>\n\n\n\n<p>Ce calculateur est bas\u00e9 sur l\u2019hypoth\u00e8se standard selon laquelle il y a 283 jours entre le premier jour des derni\u00e8res r\u00e8gles et la date d\u2019accouchement. Il fournit une date estim\u00e9e ainsi que la semaine de grossesse dans laquelle vous vous trouvez actuellement. Des variations peuvent survenir, et aucune responsabilit\u00e9 ne sera engag\u00e9e en cas d\u2019erreurs.<\/p>\n\n\n\n<h2 class=\"wp-block-heading\">Comment calculer la date d\u2019accouchement<\/h2>\n\n\n\n<p>La date d\u2019accouchement est g\u00e9n\u00e9ralement calcul\u00e9e en ajoutant 283 jours \u00e0 la date du premier jour de vos derni\u00e8res r\u00e8gles. Par exemple, si cette date \u00e9tait le 01\/12\/2023, la date d\u2019accouchement serait le 09\/09\/2024.<\/p>\n\n\n\n<h2 class=\"wp-block-heading\">Calculateur de date d\u2019accouchement<\/h2>\n\n\n\n<label for=\"sisteMenstruasjon\">Premier jour des derni\u00e8res r\u00e8gles (cliquez pour s\u00e9lectionner la date) :<\/label><br>\n<input type=\"date\" id=\"sisteMenstruasjon\" placeholder=\"MM.JJ.AAAA\">\n<br><br>\n\n<input type=\"button\" id=\"regnUtTermin\" value=\"Calculer la date d\u2019accouchement\" onclick=\"regnUtTermin()\">\n<br><br>\n\n<div id=\"resultatBoks\" style=\"visibility: hidden;\">\n    <span>Date d\u2019accouchement estim\u00e9e :<\/span><br>\n    <span id=\"resultat\" class=\"kalkyleResultat\"><\/span><br>\n    <span id=\"svangerskapsuke\"><\/span>\n<\/div>\n\n<script>\n    function regnUtTermin() {\n        var lmp = new Date(document.getElementById(\"sisteMenstruasjon\").value);\n        var iDag = new Date();\n\n        var terminDato = new Date(lmp);\n        terminDato.setDate(lmp.getDate() + 283);\n\n        var diff = iDag.getTime() - lmp.getTime();\n        var jours = Math.floor(diff \/ (1000 * 3600 * 24));\n        var semaineGrossesse = Math.floor(jours \/ 7);\n\n        var mm = String(terminDato.getMonth() + 1).padStart(2, '0');\n        var dd = String(terminDato.getDate()).padStart(2, '0');\n        var yyyy = terminDato.getFullYear();\n        var dateFormat = mm + '\/' + dd + '\/' + yyyy;\n\n        document.getElementById(\"resultat\").innerHTML = dateFormat;\n        document.getElementById(\"svangerskapsuke\").innerHTML = \"Vous \u00eates actuellement dans la semaine \" + semaineGrossesse + \" de votre grossesse.\";\n\n        document.getElementById(\"resultatBoks\").style.visibility = \"initial\";\n    }\n<\/script>\n\n\n\n<h2 class=\"wp-block-heading\">Dur\u00e9e moyenne d\u2019une grossesse<\/h2>\n\n\n\n<p>Une grossesse dure en moyenne environ 40 semaines \u00e0 partir du premier jour des derni\u00e8res r\u00e8gles. Toutefois, cette dur\u00e9e peut varier en fonction de facteurs tels que la g\u00e9n\u00e9tique, la sant\u00e9 et les grossesses pr\u00e9c\u00e9dentes.<\/p>\n\n\n\n<h2 class=\"wp-block-heading\">M\u00e9thodes de calcul de la date d\u2019accouchement<\/h2>\n\n\n\n<p>Traditionnellement, la date d\u2019accouchement est calcul\u00e9e \u00e0 partir du premier jour du dernier cycle menstruel. Des \u00e9chographies pr\u00e9coces permettent \u00e9galement d\u2019estimer une date plus pr\u00e9cise. Cela est important pour planifier les examens pr\u00e9natals et se pr\u00e9parer \u00e0 l\u2019accouchement.<\/p>\n\n\n\n<h2 class=\"wp-block-heading\">Importance d\u2019un calcul pr\u00e9cis de la date<\/h2>\n\n\n\n<p>Une estimation pr\u00e9cise permet de suivre l\u2019\u00e9volution de la grossesse et de planifier la naissance. Elle aide \u00e9galement les professionnels de sant\u00e9 \u00e0 d\u00e9tecter et g\u00e9rer d\u2019\u00e9ventuelles complications.<\/p>\n\n\n\n<h2 class=\"wp-block-heading\">Id\u00e9es re\u00e7ues sur la date d\u2019accouchement<\/h2>\n\n\n\n<p>Il existe de nombreux mythes sur la date d\u2019accouchement. Certains pensent que toutes les grossesses durent exactement 40 semaines, ce qui est rarement le cas. Il est important de comprendre que cette date est une estimation et non une science exacte.<\/p>\n\n\n\n<h2 class=\"wp-block-heading\">Calcul sans outil en ligne<\/h2>\n\n\n\n<p>Bien que les calculateurs de date soient populaires, il est possible de faire le calcul soi-m\u00eame. Il suffit d\u2019ajouter 280 jours (40 semaines) au premier jour des derni\u00e8res r\u00e8gles. De nombreuses personnes trouvent cette m\u00e9thode plus personnelle et satisfaisante.<\/p>\n\n\n\n<h2 class=\"wp-block-heading\">Conseils pour suivre la grossesse<\/h2>\n\n\n\n<p>Des visites m\u00e9dicales r\u00e9guli\u00e8res sont essentielles pour suivre l\u2019\u00e9volution de la grossesse. Il est aussi important pour la personne enceinte de rester attentive aux signaux de son corps, comme les mouvements du f\u0153tus et son propre \u00e9tat de sant\u00e9.<\/p>\n\n\n\n<h2 class=\"wp-block-heading\">Date pr\u00e9vue et pr\u00e9paration \u00e0 l\u2019accouchement<\/h2>\n\n\n\n<p>\u00c0 l\u2019approche de la date pr\u00e9vue, il est important de se pr\u00e9parer \u00e0 l\u2019accouchement. Cela inclut le choix du mode d\u2019accouchement, du lieu, ainsi que la discussion d\u2019un plan de naissance avec les soignants.<\/p>\n\n\n\n<h2 class=\"wp-block-heading\">Communication avec les professionnels de sant\u00e9<\/h2>\n\n\n\n<p>Une communication ouverte et honn\u00eate avec une sage-femme ou un m\u00e9decin est essentielle pour une grossesse en toute s\u00e9curit\u00e9. Parler de la date pr\u00e9vue permet aux futurs parents de mieux se pr\u00e9parer aux semaines pr\u00e9c\u00e9dant et suivant l\u2019accouchement.<\/p>\n\n\n\n<h2 class=\"wp-block-heading\">Adapter son mode de vie avant la naissance<\/h2>\n\n\n\n<p>Dans les derni\u00e8res semaines de grossesse, il est important d\u2019adapter son quotidien en vue de la naissance et de la parentalit\u00e9. Cela peut inclure des ajustements au travail, \u00e0 la maison et dans la routine quotidienne.<\/p>\n\n\n\n<h2 class=\"wp-block-heading\">Grossesse d\u00e9passant le terme<\/h2>\n\n\n\n<p>Il arrive que certaines grossesses d\u00e9passent la date pr\u00e9vue. Dans ce cas, les m\u00e9decins peuvent proposer des m\u00e9thodes m\u00e9dicales ou naturelles pour d\u00e9clencher l\u2019accouchement. Il est essentiel de discuter des options avec les professionnels de sant\u00e9.<\/p>\n\n\n\n<h2 class=\"wp-block-heading\">Impact psychologique de la date pr\u00e9vue<\/h2>\n\n\n\n<p>Approcher ou d\u00e9passer la date d\u2019accouchement peut \u00eatre mentalement difficile. Il est important de demander du soutien \u00e0 ses proches ou \u00e0 des professionnels pendant cette p\u00e9riode.<\/p>\n\n\n\n<h3 class=\"wp-block-heading\">Date d\u2019accouchement et pr\u00e9paration \u00e0 la parentalit\u00e9<\/h3>\n\n\n\n<p>Se pr\u00e9parer \u00e0 devenir parent est une \u00e9tape essentielle de la grossesse. Il existe de nombreux cours et ressources \u00e0 destination des futurs parents couvrant la pr\u00e9paration \u00e0 la naissance et les soins de base pour b\u00e9b\u00e9.<\/p>\n\n\n\n<h2 class=\"wp-block-heading\">FAQ sur la date d\u2019accouchement<\/h2>\n\n\n\n<ul class=\"wp-block-list\">\n<li><strong>Quelle est la pr\u00e9cision du calcul bas\u00e9 sur le cycle menstruel ?<\/strong> Le calcul bas\u00e9 sur les r\u00e8gles est une m\u00e9thode courante, mais la naissance peut avoir lieu jusqu\u2019\u00e0 deux semaines avant ou apr\u00e8s cette date.<\/li>\n<li><strong>Une \u00e9chographie peut-elle fournir une estimation plus pr\u00e9cise ?<\/strong> Oui, une \u00e9chographie r\u00e9alis\u00e9e t\u00f4t dans la grossesse peut souvent fournir une estimation plus fiable de la date pr\u00e9vue.<\/li>\n<\/ul>\n\n","protected":false},"excerpt":{"rendered":"<p>Calculez la date d\u2019accouchement. Notre calculateur vous permet de s\u00e9lectionner le premier jour de vos derni\u00e8res r\u00e8gles et vous donne [&hellip;]<\/p>\n","protected":false},"author":1,"featured_media":0,"parent":1772,"menu_order":0,"comment_status":"closed","ping_status":"closed","template":"kalkulator-side.php","meta":{"site-sidebar-layout":"default","site-content-layout":"default","ast-site-content-layout":"default","site-content-style":"default","site-sidebar-style":"default","ast-global-header-display":"","ast-banner-title-visibility":"","ast-main-header-display":"","ast-hfb-above-header-display":"","ast-hfb-below-header-display":"","ast-hfb-mobile-header-display":"","site-post-title":"","ast-breadcrumbs-content":"","ast-featured-img":"","footer-sml-layout":"","theme-transparent-header-meta":"default","adv-header-id-meta":"","stick-header-meta":"default","header-above-stick-meta":"","header-main-stick-meta":"","header-below-stick-meta":"","astra-migrate-meta-layouts":"default","ast-page-background-enabled":"default","ast-page-background-meta":{"desktop":{"background-color":"var(--ast-global-color-5)","background-image":"","background-repeat":"repeat","background-position":"center center","background-size":"auto","background-attachment":"scroll","background-type":"","background-media":"","overlay-type":"","overlay-color":"","overlay-opacity":"","overlay-gradient":""},"tablet":{"background-color":"","background-image":"","background-repeat":"repeat","background-position":"center center","background-size":"auto","background-attachment":"scroll","background-type":"","background-media":"","overlay-type":"","overlay-color":"","overlay-opacity":"","overlay-gradient":""},"mobile":{"background-color":"","background-image":"","background-repeat":"repeat","background-position":"center center","background-size":"auto","background-attachment":"scroll","background-type":"","background-media":"","overlay-type":"","overlay-color":"","overlay-opacity":"","overlay-gradient":""}},"ast-content-background-meta":{"desktop":{"background-color":"var(--ast-global-color-4)","background-image":"","background-repeat":"repeat","background-position":"center center","background-size":"auto","background-attachment":"scroll","background-type":"","background-media":"","overlay-type":"","overlay-color":"","overlay-opacity":"","overlay-gradient":""},"tablet":{"background-color":"var(--ast-global-color-4)","background-image":"","background-repeat":"repeat","background-position":"center center","background-size":"auto","background-attachment":"scroll","background-type":"","background-media":"","overlay-type":"","overlay-color":"","overlay-opacity":"","overlay-gradient":""},"mobile":{"background-color":"var(--ast-global-color-4)","background-image":"","background-repeat":"repeat","background-position":"center center","background-size":"auto","background-attachment":"scroll","background-type":"","background-media":"","overlay-type":"","overlay-color":"","overlay-opacity":"","overlay-gradient":""}},"footnotes":""},"class_list":["post-1954","page","type-page","status-publish","hentry"],"yoast_head":"<!-- This site is optimized with the Yoast SEO plugin v25.5 - https:\/\/yoast.com\/wordpress\/plugins\/seo\/ -->\n<title>Calculateur de date d&#039;accouchement - Quick Percent Calculator<\/title>\n<meta name=\"robots\" content=\"index, follow, max-snippet:-1, max-image-preview:large, max-video-preview:-1\" \/>\n<link rel=\"canonical\" href=\"https:\/\/quickpercentcalc.com\/fr\/divers\/calculateur-de-date-daccouchement\/\" \/>\n<meta property=\"og:locale\" content=\"fr_FR\" \/>\n<meta property=\"og:type\" content=\"article\" \/>\n<meta property=\"og:title\" content=\"Calculateur de date d&#039;accouchement - Quick Percent Calculator\" \/>\n<meta property=\"og:description\" content=\"Calculez la date d\u2019accouchement. Notre calculateur vous permet de s\u00e9lectionner le premier jour de vos derni\u00e8res r\u00e8gles et vous donne [&hellip;]\" \/>\n<meta property=\"og:url\" content=\"https:\/\/quickpercentcalc.com\/fr\/divers\/calculateur-de-date-daccouchement\/\" \/>\n<meta property=\"og:site_name\" content=\"Quick Percent Calculator\" \/>\n<meta property=\"article:modified_time\" content=\"2025-04-08T17:48:05+00:00\" \/>\n<meta name=\"twitter:card\" content=\"summary_large_image\" \/>\n<meta name=\"twitter:label1\" content=\"Dur\u00e9e de lecture estim\u00e9e\" \/>\n\t<meta name=\"twitter:data1\" content=\"4 minutes\" \/>\n<script type=\"application\/ld+json\" class=\"yoast-schema-graph\">{\"@context\":\"https:\/\/schema.org\",\"@graph\":[{\"@type\":\"WebPage\",\"@id\":\"https:\/\/quickpercentcalc.com\/fr\/divers\/calculateur-de-date-daccouchement\/\",\"url\":\"https:\/\/quickpercentcalc.com\/fr\/divers\/calculateur-de-date-daccouchement\/\",\"name\":\"Calculateur de date d'accouchement - Quick Percent Calculator\",\"isPartOf\":{\"@id\":\"https:\/\/quickpercentcalc.com\/fr\/#website\"},\"datePublished\":\"2024-01-20T15:39:55+00:00\",\"dateModified\":\"2025-04-08T17:48:05+00:00\",\"breadcrumb\":{\"@id\":\"https:\/\/quickpercentcalc.com\/fr\/divers\/calculateur-de-date-daccouchement\/#breadcrumb\"},\"inLanguage\":\"fr-FR\",\"potentialAction\":[{\"@type\":\"ReadAction\",\"target\":[\"https:\/\/quickpercentcalc.com\/fr\/divers\/calculateur-de-date-daccouchement\/\"]}]},{\"@type\":\"BreadcrumbList\",\"@id\":\"https:\/\/quickpercentcalc.com\/fr\/divers\/calculateur-de-date-daccouchement\/#breadcrumb\",\"itemListElement\":[{\"@type\":\"ListItem\",\"position\":1,\"name\":\"Home\",\"item\":\"https:\/\/quickpercentcalc.com\/fr\/\"},{\"@type\":\"ListItem\",\"position\":2,\"name\":\"Divers\",\"item\":\"https:\/\/quickpercentcalc.com\/fr\/misc\/\"},{\"@type\":\"ListItem\",\"position\":3,\"name\":\"Calculateur de date d&#8217;accouchement\"}]},{\"@type\":\"WebSite\",\"@id\":\"https:\/\/quickpercentcalc.com\/fr\/#website\",\"url\":\"https:\/\/quickpercentcalc.com\/fr\/\",\"name\":\"Quick Percent Calculator\",\"description\":\"\",\"potentialAction\":[{\"@type\":\"SearchAction\",\"target\":{\"@type\":\"EntryPoint\",\"urlTemplate\":\"https:\/\/quickpercentcalc.com\/fr\/?s={search_term_string}\"},\"query-input\":{\"@type\":\"PropertyValueSpecification\",\"valueRequired\":true,\"valueName\":\"search_term_string\"}}],\"inLanguage\":\"fr-FR\"}]}<\/script>\n<!-- \/ Yoast SEO plugin. -->","yoast_head_json":{"title":"Calculateur de date d'accouchement - Quick Percent Calculator","robots":{"index":"index","follow":"follow","max-snippet":"max-snippet:-1","max-image-preview":"max-image-preview:large","max-video-preview":"max-video-preview:-1"},"canonical":"https:\/\/quickpercentcalc.com\/fr\/divers\/calculateur-de-date-daccouchement\/","og_locale":"fr_FR","og_type":"article","og_title":"Calculateur de date d'accouchement - Quick Percent Calculator","og_description":"Calculez la date d\u2019accouchement. Notre calculateur vous permet de s\u00e9lectionner le premier jour de vos derni\u00e8res r\u00e8gles et vous donne [&hellip;]","og_url":"https:\/\/quickpercentcalc.com\/fr\/divers\/calculateur-de-date-daccouchement\/","og_site_name":"Quick Percent Calculator","article_modified_time":"2025-04-08T17:48:05+00:00","twitter_card":"summary_large_image","twitter_misc":{"Dur\u00e9e de lecture estim\u00e9e":"4 minutes"},"schema":{"@context":"https:\/\/schema.org","@graph":[{"@type":"WebPage","@id":"https:\/\/quickpercentcalc.com\/fr\/divers\/calculateur-de-date-daccouchement\/","url":"https:\/\/quickpercentcalc.com\/fr\/divers\/calculateur-de-date-daccouchement\/","name":"Calculateur de date d'accouchement - Quick Percent Calculator","isPartOf":{"@id":"https:\/\/quickpercentcalc.com\/fr\/#website"},"datePublished":"2024-01-20T15:39:55+00:00","dateModified":"2025-04-08T17:48:05+00:00","breadcrumb":{"@id":"https:\/\/quickpercentcalc.com\/fr\/divers\/calculateur-de-date-daccouchement\/#breadcrumb"},"inLanguage":"fr-FR","potentialAction":[{"@type":"ReadAction","target":["https:\/\/quickpercentcalc.com\/fr\/divers\/calculateur-de-date-daccouchement\/"]}]},{"@type":"BreadcrumbList","@id":"https:\/\/quickpercentcalc.com\/fr\/divers\/calculateur-de-date-daccouchement\/#breadcrumb","itemListElement":[{"@type":"ListItem","position":1,"name":"Home","item":"https:\/\/quickpercentcalc.com\/fr\/"},{"@type":"ListItem","position":2,"name":"Divers","item":"https:\/\/quickpercentcalc.com\/fr\/misc\/"},{"@type":"ListItem","position":3,"name":"Calculateur de date d&#8217;accouchement"}]},{"@type":"WebSite","@id":"https:\/\/quickpercentcalc.com\/fr\/#website","url":"https:\/\/quickpercentcalc.com\/fr\/","name":"Quick Percent Calculator","description":"","potentialAction":[{"@type":"SearchAction","target":{"@type":"EntryPoint","urlTemplate":"https:\/\/quickpercentcalc.com\/fr\/?s={search_term_string}"},"query-input":{"@type":"PropertyValueSpecification","valueRequired":true,"valueName":"search_term_string"}}],"inLanguage":"fr-FR"}]}},"_links":{"self":[{"href":"https:\/\/quickpercentcalc.com\/fr\/wp-json\/wp\/v2\/pages\/1954","targetHints":{"allow":["GET"]}}],"collection":[{"href":"https:\/\/quickpercentcalc.com\/fr\/wp-json\/wp\/v2\/pages"}],"about":[{"href":"https:\/\/quickpercentcalc.com\/fr\/wp-json\/wp\/v2\/types\/page"}],"author":[{"embeddable":true,"href":"https:\/\/quickpercentcalc.com\/fr\/wp-json\/wp\/v2\/users\/1"}],"replies":[{"embeddable":true,"href":"https:\/\/quickpercentcalc.com\/fr\/wp-json\/wp\/v2\/comments?post=1954"}],"version-history":[{"count":2,"href":"https:\/\/quickpercentcalc.com\/fr\/wp-json\/wp\/v2\/pages\/1954\/revisions"}],"predecessor-version":[{"id":1956,"href":"https:\/\/quickpercentcalc.com\/fr\/wp-json\/wp\/v2\/pages\/1954\/revisions\/1956"}],"up":[{"embeddable":true,"href":"https:\/\/quickpercentcalc.com\/fr\/wp-json\/wp\/v2\/pages\/1772"}],"wp:attachment":[{"href":"https:\/\/quickpercentcalc.com\/fr\/wp-json\/wp\/v2\/media?parent=1954"}],"curies":[{"name":"wp","href":"https:\/\/api.w.org\/{rel}","templated":true}]}}