{"id":2013,"date":"2021-02-25T15:09:41","date_gmt":"2021-02-25T15:09:41","guid":{"rendered":"https:\/\/quickpercentcalc.com\/?page_id=2013"},"modified":"2025-04-10T17:30:28","modified_gmt":"2025-04-10T17:30:28","slug":"calculateur-de-marge-beneficiaire","status":"publish","type":"page","link":"https:\/\/quickpercentcalc.com\/fr\/economie-dentreprise\/calculateur-de-marge-beneficiaire\/","title":{"rendered":"Calculateur de Marge B\u00e9n\u00e9ficiaire"},"content":{"rendered":"\n<p>Calculez la marge b\u00e9n\u00e9ficiaire. Notre calculateur calcule la marge pour vous.<\/p>\n\n\n\n<p><strong>La marge b\u00e9n\u00e9ficiaire<\/strong> est la diff\u00e9rence entre le co\u00fbt des marchandises et le prix de vente \u2014 tout comme le b\u00e9n\u00e9fice brut \u2014 mais elle diff\u00e8re du pourcentage de b\u00e9n\u00e9fice brut, car la marge est calcul\u00e9e en divisant le b\u00e9n\u00e9fice en euros par le co\u00fbt des marchandises. Ce calculateur vous donne \u00e0 la fois la marge en valeur et en <a href=\"https:\/\/quickpercentcalc.com\/math\/percentage-calculator\/\">pourcentage<\/a>.<\/p>\n\n\n\n<script>\n    function regnUt(){\n\n    \/\/analyser la valeur comme flottant\n    var si = parseFloat(\n        document.getElementById(\"si\").value.replace(\/,\/g, \".\")\n    ).toFixed(4);\n    var vk = parseFloat(\n        document.getElementById(\"vk\").value.replace(\/,\/g, \".\")\n    ).toFixed(4);\n\n    \/\/calcul\n    var utregning = parseFloat(si)-parseFloat(vk);\n\n    \/\/d\u00e9terminer si les d\u00e9cimales doivent \u00eatre affich\u00e9es\n    if ( utregning % 1 !== 0 ) {\n  utregning = utregning.toFixed(2);\n}\nelse{\n    utregning = utregning.toFixed();\n}\n\nvar utregning2 = (utregning\/vk)*100;\n\nif ( utregning2 % 1 !== 0 ) {\n  utregning2 = utregning2.toFixed(2);\n}\nelse{\n    utregning2 = utregning2.toFixed();\n}\n    \n   \/\/afficher le r\u00e9sultat\n\n    document.getElementById(\"resultat\").innerHTML=utregning.toString();\n    document.getElementById(\"resultat2\").innerHTML=utregning2.toString() + \" %\";\n\n    \/\/rendre le r\u00e9sultat visible\n    document.getElementById(\"resultatBoks\").style.visibility=\"initial\";\n\n    }\n<\/script>\n\n<label for=\"si\">Prix de vente<\/label>\n<input type=\"number\" id=\"si\" min=\"0\">\n<br><br>\n<label for=\"vk\">Co\u00fbt des marchandises<\/label>\n<input type=\"number\" id=\"vk\" min=\"0\">\n<br><br>\n<br><br>\n\n<input type=\"button\" id=\"regnut\" value=\"Calculer\" onclick=\"regnUt()\">\n<br><br>\n<div id=\"resultatBoks\" style=\"visibility: hidden;\">\n    <span>Marge b\u00e9n\u00e9ficiaire<\/span><br>\n    <span id=\"resultat\" class=\"kalkyleResultat\"><\/span>  <br><br>\n    <span>Marge b\u00e9n\u00e9ficiaire en % :<\/span><br>\n    <span id=\"resultat2\" class=\"kalkyleResultat\"><\/span>  \n<\/div>\n\n\n\n<h2 class=\"wp-block-heading\">Formule de la marge b\u00e9n\u00e9ficiaire<\/h2>\n\n\n\n<style>\n\n.frac {\n    display: inline-block;\n    position: relative;\n    vertical-align: middle;\n    letter-spacing: 0.001em;\n    text-align: center;\n}\n.frac > span {\n    display: block;\n    padding: 0.1em;\n}\n.frac span.bottom {\n    border-top: thin solid black;\n}\n.frac span.symbol {\n    display: none;\n}\n<\/style>\n\n<div class=\"formel\">\n  $$prix~de~vente~-~co\u00fbt~des~marchandises$$\n<\/div>\n<br><br>\n\n\n\n<h2 class=\"wp-block-heading\">Formule de la marge en pourcentage<\/h2>\n\n\n\n<div class=\"formel\">\n  $$\\frac{prix~de~vente~-~co\u00fbt~des~marchandises}{co\u00fbt~des~marchandises}*100$$\n<\/div>\n<br><br>\n\n\n\n<p><\/p>\n\n","protected":false},"excerpt":{"rendered":"<p>Calculez la marge b\u00e9n\u00e9ficiaire. Notre calculateur calcule la marge pour vous. La marge b\u00e9n\u00e9ficiaire est la diff\u00e9rence entre le co\u00fbt [&hellip;]<\/p>\n","protected":false},"author":1,"featured_media":0,"parent":1985,"menu_order":0,"comment_status":"closed","ping_status":"closed","template":"kalkulator-side.php","meta":{"site-sidebar-layout":"default","site-content-layout":"default","ast-site-content-layout":"default","site-content-style":"default","site-sidebar-style":"default","ast-global-header-display":"","ast-banner-title-visibility":"","ast-main-header-display":"","ast-hfb-above-header-display":"","ast-hfb-below-header-display":"","ast-hfb-mobile-header-display":"","site-post-title":"","ast-breadcrumbs-content":"","ast-featured-img":"","footer-sml-layout":"","theme-transparent-header-meta":"default","adv-header-id-meta":"","stick-header-meta":"default","header-above-stick-meta":"","header-main-stick-meta":"","header-below-stick-meta":"","astra-migrate-meta-layouts":"default","ast-page-background-enabled":"default","ast-page-background-meta":{"desktop":{"background-color":"var(--ast-global-color-5)","background-image":"","background-repeat":"repeat","background-position":"center center","background-size":"auto","background-attachment":"scroll","background-type":"","background-media":"","overlay-type":"","overlay-color":"","overlay-opacity":"","overlay-gradient":""},"tablet":{"background-color":"","background-image":"","background-repeat":"repeat","background-position":"center center","background-size":"auto","background-attachment":"scroll","background-type":"","background-media":"","overlay-type":"","overlay-color":"","overlay-opacity":"","overlay-gradient":""},"mobile":{"background-color":"","background-image":"","background-repeat":"repeat","background-position":"center center","background-size":"auto","background-attachment":"scroll","background-type":"","background-media":"","overlay-type":"","overlay-color":"","overlay-opacity":"","overlay-gradient":""}},"ast-content-background-meta":{"desktop":{"background-color":"var(--ast-global-color-4)","background-image":"","background-repeat":"repeat","background-position":"center center","background-size":"auto","background-attachment":"scroll","background-type":"","background-media":"","overlay-type":"","overlay-color":"","overlay-opacity":"","overlay-gradient":""},"tablet":{"background-color":"var(--ast-global-color-4)","background-image":"","background-repeat":"repeat","background-position":"center center","background-size":"auto","background-attachment":"scroll","background-type":"","background-media":"","overlay-type":"","overlay-color":"","overlay-opacity":"","overlay-gradient":""},"mobile":{"background-color":"var(--ast-global-color-4)","background-image":"","background-repeat":"repeat","background-position":"center center","background-size":"auto","background-attachment":"scroll","background-type":"","background-media":"","overlay-type":"","overlay-color":"","overlay-opacity":"","overlay-gradient":""}},"footnotes":""},"class_list":["post-2013","page","type-page","status-publish","hentry"],"yoast_head":"<!-- This site is optimized with the Yoast SEO plugin v25.5 - https:\/\/yoast.com\/wordpress\/plugins\/seo\/ -->\n<title>Calculateur de Marge B\u00e9n\u00e9ficiaire - Quick Percent Calculator<\/title>\n<meta name=\"robots\" content=\"index, follow, max-snippet:-1, max-image-preview:large, max-video-preview:-1\" \/>\n<link rel=\"canonical\" href=\"https:\/\/quickpercentcalc.com\/fr\/economie-dentreprise\/calculateur-de-marge-beneficiaire\/\" \/>\n<meta property=\"og:locale\" content=\"fr_FR\" \/>\n<meta property=\"og:type\" content=\"article\" \/>\n<meta property=\"og:title\" content=\"Calculateur de Marge B\u00e9n\u00e9ficiaire - Quick Percent Calculator\" \/>\n<meta property=\"og:description\" content=\"Calculez la marge b\u00e9n\u00e9ficiaire. Notre calculateur calcule la marge pour vous. La marge b\u00e9n\u00e9ficiaire est la diff\u00e9rence entre le co\u00fbt [&hellip;]\" \/>\n<meta property=\"og:url\" content=\"https:\/\/quickpercentcalc.com\/fr\/economie-dentreprise\/calculateur-de-marge-beneficiaire\/\" \/>\n<meta property=\"og:site_name\" content=\"Quick Percent Calculator\" \/>\n<meta property=\"article:modified_time\" content=\"2025-04-10T17:30:28+00:00\" \/>\n<meta name=\"twitter:card\" content=\"summary_large_image\" \/>\n<meta name=\"twitter:label1\" content=\"Dur\u00e9e de lecture estim\u00e9e\" \/>\n\t<meta name=\"twitter:data1\" content=\"1 minute\" \/>\n<script type=\"application\/ld+json\" class=\"yoast-schema-graph\">{\"@context\":\"https:\/\/schema.org\",\"@graph\":[{\"@type\":\"WebPage\",\"@id\":\"https:\/\/quickpercentcalc.com\/fr\/economie-dentreprise\/calculateur-de-marge-beneficiaire\/\",\"url\":\"https:\/\/quickpercentcalc.com\/fr\/economie-dentreprise\/calculateur-de-marge-beneficiaire\/\",\"name\":\"Calculateur de Marge B\u00e9n\u00e9ficiaire - Quick Percent Calculator\",\"isPartOf\":{\"@id\":\"https:\/\/quickpercentcalc.com\/fr\/#website\"},\"datePublished\":\"2021-02-25T15:09:41+00:00\",\"dateModified\":\"2025-04-10T17:30:28+00:00\",\"breadcrumb\":{\"@id\":\"https:\/\/quickpercentcalc.com\/fr\/economie-dentreprise\/calculateur-de-marge-beneficiaire\/#breadcrumb\"},\"inLanguage\":\"fr-FR\",\"potentialAction\":[{\"@type\":\"ReadAction\",\"target\":[\"https:\/\/quickpercentcalc.com\/fr\/economie-dentreprise\/calculateur-de-marge-beneficiaire\/\"]}]},{\"@type\":\"BreadcrumbList\",\"@id\":\"https:\/\/quickpercentcalc.com\/fr\/economie-dentreprise\/calculateur-de-marge-beneficiaire\/#breadcrumb\",\"itemListElement\":[{\"@type\":\"ListItem\",\"position\":1,\"name\":\"Home\",\"item\":\"https:\/\/quickpercentcalc.com\/fr\/\"},{\"@type\":\"ListItem\",\"position\":2,\"name\":\"\u00c9conomie d\u2019entreprise\",\"item\":\"https:\/\/quickpercentcalc.com\/fr\/economie-dentreprise\/\"},{\"@type\":\"ListItem\",\"position\":3,\"name\":\"Calculateur de Marge B\u00e9n\u00e9ficiaire\"}]},{\"@type\":\"WebSite\",\"@id\":\"https:\/\/quickpercentcalc.com\/fr\/#website\",\"url\":\"https:\/\/quickpercentcalc.com\/fr\/\",\"name\":\"Quick Percent Calculator\",\"description\":\"\",\"potentialAction\":[{\"@type\":\"SearchAction\",\"target\":{\"@type\":\"EntryPoint\",\"urlTemplate\":\"https:\/\/quickpercentcalc.com\/fr\/?s={search_term_string}\"},\"query-input\":{\"@type\":\"PropertyValueSpecification\",\"valueRequired\":true,\"valueName\":\"search_term_string\"}}],\"inLanguage\":\"fr-FR\"}]}<\/script>\n<!-- \/ Yoast SEO plugin. -->","yoast_head_json":{"title":"Calculateur de Marge B\u00e9n\u00e9ficiaire - Quick Percent Calculator","robots":{"index":"index","follow":"follow","max-snippet":"max-snippet:-1","max-image-preview":"max-image-preview:large","max-video-preview":"max-video-preview:-1"},"canonical":"https:\/\/quickpercentcalc.com\/fr\/economie-dentreprise\/calculateur-de-marge-beneficiaire\/","og_locale":"fr_FR","og_type":"article","og_title":"Calculateur de Marge B\u00e9n\u00e9ficiaire - Quick Percent Calculator","og_description":"Calculez la marge b\u00e9n\u00e9ficiaire. Notre calculateur calcule la marge pour vous. La marge b\u00e9n\u00e9ficiaire est la diff\u00e9rence entre le co\u00fbt [&hellip;]","og_url":"https:\/\/quickpercentcalc.com\/fr\/economie-dentreprise\/calculateur-de-marge-beneficiaire\/","og_site_name":"Quick Percent Calculator","article_modified_time":"2025-04-10T17:30:28+00:00","twitter_card":"summary_large_image","twitter_misc":{"Dur\u00e9e de lecture estim\u00e9e":"1 minute"},"schema":{"@context":"https:\/\/schema.org","@graph":[{"@type":"WebPage","@id":"https:\/\/quickpercentcalc.com\/fr\/economie-dentreprise\/calculateur-de-marge-beneficiaire\/","url":"https:\/\/quickpercentcalc.com\/fr\/economie-dentreprise\/calculateur-de-marge-beneficiaire\/","name":"Calculateur de Marge B\u00e9n\u00e9ficiaire - Quick Percent Calculator","isPartOf":{"@id":"https:\/\/quickpercentcalc.com\/fr\/#website"},"datePublished":"2021-02-25T15:09:41+00:00","dateModified":"2025-04-10T17:30:28+00:00","breadcrumb":{"@id":"https:\/\/quickpercentcalc.com\/fr\/economie-dentreprise\/calculateur-de-marge-beneficiaire\/#breadcrumb"},"inLanguage":"fr-FR","potentialAction":[{"@type":"ReadAction","target":["https:\/\/quickpercentcalc.com\/fr\/economie-dentreprise\/calculateur-de-marge-beneficiaire\/"]}]},{"@type":"BreadcrumbList","@id":"https:\/\/quickpercentcalc.com\/fr\/economie-dentreprise\/calculateur-de-marge-beneficiaire\/#breadcrumb","itemListElement":[{"@type":"ListItem","position":1,"name":"Home","item":"https:\/\/quickpercentcalc.com\/fr\/"},{"@type":"ListItem","position":2,"name":"\u00c9conomie d\u2019entreprise","item":"https:\/\/quickpercentcalc.com\/fr\/economie-dentreprise\/"},{"@type":"ListItem","position":3,"name":"Calculateur de Marge B\u00e9n\u00e9ficiaire"}]},{"@type":"WebSite","@id":"https:\/\/quickpercentcalc.com\/fr\/#website","url":"https:\/\/quickpercentcalc.com\/fr\/","name":"Quick Percent Calculator","description":"","potentialAction":[{"@type":"SearchAction","target":{"@type":"EntryPoint","urlTemplate":"https:\/\/quickpercentcalc.com\/fr\/?s={search_term_string}"},"query-input":{"@type":"PropertyValueSpecification","valueRequired":true,"valueName":"search_term_string"}}],"inLanguage":"fr-FR"}]}},"_links":{"self":[{"href":"https:\/\/quickpercentcalc.com\/fr\/wp-json\/wp\/v2\/pages\/2013","targetHints":{"allow":["GET"]}}],"collection":[{"href":"https:\/\/quickpercentcalc.com\/fr\/wp-json\/wp\/v2\/pages"}],"about":[{"href":"https:\/\/quickpercentcalc.com\/fr\/wp-json\/wp\/v2\/types\/page"}],"author":[{"embeddable":true,"href":"https:\/\/quickpercentcalc.com\/fr\/wp-json\/wp\/v2\/users\/1"}],"replies":[{"embeddable":true,"href":"https:\/\/quickpercentcalc.com\/fr\/wp-json\/wp\/v2\/comments?post=2013"}],"version-history":[{"count":1,"href":"https:\/\/quickpercentcalc.com\/fr\/wp-json\/wp\/v2\/pages\/2013\/revisions"}],"predecessor-version":[{"id":2014,"href":"https:\/\/quickpercentcalc.com\/fr\/wp-json\/wp\/v2\/pages\/2013\/revisions\/2014"}],"up":[{"embeddable":true,"href":"https:\/\/quickpercentcalc.com\/fr\/wp-json\/wp\/v2\/pages\/1985"}],"wp:attachment":[{"href":"https:\/\/quickpercentcalc.com\/fr\/wp-json\/wp\/v2\/media?parent=2013"}],"curies":[{"name":"wp","href":"https:\/\/api.w.org\/{rel}","templated":true}]}}