{"id":2152,"date":"2021-12-16T12:00:05","date_gmt":"2021-12-16T12:00:05","guid":{"rendered":"https:\/\/quickpercentcalc.com\/economie-dentreprise\/calculateur-de-tva\/"},"modified":"2025-04-25T20:03:07","modified_gmt":"2025-04-25T20:03:07","slug":"calculateur-de-tva","status":"publish","type":"page","link":"https:\/\/quickpercentcalc.com\/fr\/economie-dentreprise\/calculateur-de-tva\/","title":{"rendered":"Calculateur de TVA"},"content":{"rendered":"\n<p>Calculez la taxe sur la valeur ajout\u00e9e (TVA). Ce calculateur de TVA vous aide \u00e0 calculer les montants de TVA inclus et exclusifs, ainsi que la valeur de la TVA elle-m\u00eame. <\/p>\n\n<p>La TVA (taxe sur la valeur ajout\u00e9e) est une taxe \u00e0 la consommation ajout\u00e9e aux biens et aux services. Cette calculatrice indique le montant de la TVA incluse dans un prix et vous permet de calculer les montants inclus ou exclus en utilisant votre propre taux de TVA. <\/p>\n\n<p>Formule pour le montant TVA <strong>incluse<\/strong>:<\/p>\n\n<div class=\"formel\">\n  $$Montant~hors~TVA \\ fois (1 + \\frac{TVA~taux}{100})$$.\n<\/div>\n<br\/><br\/>\n\n<p>Formule pour le montant <strong>hors<\/strong> TVA :<\/p>\n\n<div class=\"formel\">\n  $$\\frac{Montant~incluant~laTVA}{1 + \\frac{TVA~taux}{100}}$$\n<\/div>\n<br\/><br\/>\n\n<p>Formule pour calculer le montant de la TVA :<\/p>\n\n<div class=\"formel\">\n  Montant~incluant~la~TVA &#8211; Montant~excluant~la~TVA$$$.\n<\/div>\n<br\/><br\/>\n\n<h2 class=\"wp-block-heading\">Calculateur de TVA<\/h2>\n\n<script>\nfunction regnUt() {\n    document.getElementById(\"feilmeld\").style.visibility = \"hidden\";\n    document.getElementById(\"resultatBoks\").style.visibility = \"hidden\";\n\n    var belop = parseFloat(document.getElementById(\"belop\").value.replace(\/,\/g, \".\"));\n    var sats = parseFloat(document.getElementById(\"sats\").value.replace(\/,\/g, \".\"));\n\n    if (isNaN(belop) || isNaN(sats)) {\n        document.getElementById(\"feilmeld\").style.visibility = \"visible\";\n        return;\n    }\n\n    var inklmva = \"\";\n    var ekslmva = \"\";\n    var mva = 0;\n    var utregning = 0;\n\n    if (document.getElementById(\"inklmva\").checked) {\n        mva = belop * sats \/ 100;\n        utregning = belop + mva;\n    } else {\n        mva = belop - (belop \/ (1 + sats \/ 100));\n        utregning = belop \/ (1 + sats \/ 100);\n    }\n\n    if (utregning % 1 !== 0) {\n        utregning = utregning.toFixed(2);\n    } else {\n        utregning = utregning.toFixed();\n    }\n\n    if (mva % 1 !== 0) {\n        mva = mva.toFixed(2);\n    } else {\n        mva = mva.toFixed();\n    }\n\n    var utregning2 = \"\";\n    if (document.getElementById(\"inklmva\").checked) {\n        inklmva = belop.toFixed(2) + \" excl. VAT = \" + utregning + \" incl. VAT\";\n        utregning2 = inklmva;\n    } else {\n        ekslmva = belop.toFixed(2) + \" incl. VAT = \" + utregning + \" excl. VAT\";\n        utregning2 = ekslmva;\n    }\n\n    document.getElementById(\"resultat\").innerHTML = utregning2;\n    document.getElementById(\"mvaresultat\").innerHTML = mva;\n    document.getElementById(\"resultatBoks\").style.visibility = \"initial\";\n}\n<\/script>\n\n<label for=\"belop\">Montant<\/label><br\/><input type=\"number\" id=\"belop\" min=\"0\" step=\"0.01\"\/>\n<br\/><br\/><label for=\"sats\">Taux de TVA (%)<\/label><br\/><input type=\"number\" id=\"sats\" min=\"0\" value=\"25\" step=\"0.01\"\/>\n<br\/><br\/>\n<input type=\"radio\" id=\"ekslmva\" name=\"mva\" checked=\"checked\"\/>\n<label for=\"ekslmva\">Je veux trouver le montant hors TVA<\/label><br\/><input type=\"radio\" id=\"inklmva\" name=\"mva\"\/>\n<label for=\"inklmva\">Je veux trouver le montant TVA incluse<\/label><br\/><input type=\"button\" id=\"regnut\" value=\"Calculer\" onclick=\"regnUt()\"\/>\n<br\/><br\/><span id=\"feilmeld\" style=\"visibility: hidden; color: red;\">Veuillez remplir tous les champs<\/span>\n<div id=\"resultatBoks\" style=\"visibility: hidden;\">\n    <span>R\u00e9sultat :<\/span><br\/>    <span id=\"resultat\" class=\"kalkyleResultat\"><\/span><br\/>    <span>Montant de la TVA : <\/span> <span id=\"mvaresultat\" class=\"mvaresultat\"><\/span>\n<\/div>\n\n<div style=\"height:100px\" aria-hidden=\"true\" class=\"wp-block-spacer\"><\/div>\n\n<h2 class=\"wp-block-heading\">Qu&rsquo;est-ce que la TVA ?<\/h2>\n\n<p>La TVA, ou taxe sur la valeur ajout\u00e9e, est une taxe appliqu\u00e9e \u00e0 l&rsquo;achat de biens et de services. Le consommateur paie la taxe, mais celle-ci est collect\u00e9e et revers\u00e9e au gouvernement par l&rsquo;entreprise qui vend les biens ou les services. Les taux de TVA varient d&rsquo;un pays \u00e0 l&rsquo;autre et parfois d&rsquo;un type de produit \u00e0 l&rsquo;autre. Dans de nombreux pays europ\u00e9ens, le taux de TVA standard est d&rsquo;environ 20-25 %, avec des taux r\u00e9duits sur des produits tels que la nourriture, les transports et les services culturels.   <\/p>\n","protected":false},"excerpt":{"rendered":"<p>Calculez la taxe sur la valeur ajout\u00e9e (TVA). Ce calculateur de TVA vous aide \u00e0 calculer les montants de TVA [&hellip;]<\/p>\n","protected":false},"author":1,"featured_media":0,"parent":1985,"menu_order":0,"comment_status":"closed","ping_status":"closed","template":"kalkulator-side.php","meta":{"site-sidebar-layout":"default","site-content-layout":"default","ast-site-content-layout":"default","site-content-style":"default","site-sidebar-style":"default","ast-global-header-display":"","ast-banner-title-visibility":"","ast-main-header-display":"","ast-hfb-above-header-display":"","ast-hfb-below-header-display":"","ast-hfb-mobile-header-display":"","site-post-title":"","ast-breadcrumbs-content":"","ast-featured-img":"","footer-sml-layout":"","theme-transparent-header-meta":"default","adv-header-id-meta":"","stick-header-meta":"default","header-above-stick-meta":"","header-main-stick-meta":"","header-below-stick-meta":"","astra-migrate-meta-layouts":"default","ast-page-background-enabled":"default","ast-page-background-meta":{"desktop":{"background-color":"var(--ast-global-color-5)","background-image":"","background-repeat":"repeat","background-position":"center center","background-size":"auto","background-attachment":"scroll","background-type":"","background-media":"","overlay-type":"","overlay-color":"","overlay-opacity":"","overlay-gradient":""},"tablet":{"background-color":"","background-image":"","background-repeat":"repeat","background-position":"center center","background-size":"auto","background-attachment":"scroll","background-type":"","background-media":"","overlay-type":"","overlay-color":"","overlay-opacity":"","overlay-gradient":""},"mobile":{"background-color":"","background-image":"","background-repeat":"repeat","background-position":"center center","background-size":"auto","background-attachment":"scroll","background-type":"","background-media":"","overlay-type":"","overlay-color":"","overlay-opacity":"","overlay-gradient":""}},"ast-content-background-meta":{"desktop":{"background-color":"var(--ast-global-color-4)","background-image":"","background-repeat":"repeat","background-position":"center center","background-size":"auto","background-attachment":"scroll","background-type":"","background-media":"","overlay-type":"","overlay-color":"","overlay-opacity":"","overlay-gradient":""},"tablet":{"background-color":"var(--ast-global-color-4)","background-image":"","background-repeat":"repeat","background-position":"center center","background-size":"auto","background-attachment":"scroll","background-type":"","background-media":"","overlay-type":"","overlay-color":"","overlay-opacity":"","overlay-gradient":""},"mobile":{"background-color":"var(--ast-global-color-4)","background-image":"","background-repeat":"repeat","background-position":"center center","background-size":"auto","background-attachment":"scroll","background-type":"","background-media":"","overlay-type":"","overlay-color":"","overlay-opacity":"","overlay-gradient":""}},"footnotes":""},"class_list":["post-2152","page","type-page","status-publish","hentry"],"yoast_head":"<!-- This site is optimized with the Yoast SEO plugin v25.5 - https:\/\/yoast.com\/wordpress\/plugins\/seo\/ -->\n<title>Calculateur de TVA - Calculateur de taxe sur la valeur ajout\u00e9e<\/title>\n<meta name=\"robots\" content=\"index, follow, max-snippet:-1, max-image-preview:large, max-video-preview:-1\" \/>\n<link rel=\"canonical\" href=\"https:\/\/quickpercentcalc.com\/fr\/economie-dentreprise\/calculateur-de-tva\/\" \/>\n<meta property=\"og:locale\" content=\"fr_FR\" \/>\n<meta property=\"og:type\" content=\"article\" \/>\n<meta property=\"og:title\" content=\"Calculateur de TVA - Calculateur de taxe sur la valeur ajout\u00e9e\" \/>\n<meta property=\"og:description\" content=\"Calculez la taxe sur la valeur ajout\u00e9e (TVA). Ce calculateur de TVA vous aide \u00e0 calculer les montants de TVA [&hellip;]\" \/>\n<meta property=\"og:url\" content=\"https:\/\/quickpercentcalc.com\/fr\/economie-dentreprise\/calculateur-de-tva\/\" \/>\n<meta property=\"og:site_name\" content=\"Quick Percent Calculator\" \/>\n<meta property=\"article:modified_time\" content=\"2025-04-25T20:03:07+00:00\" \/>\n<meta name=\"twitter:card\" content=\"summary_large_image\" \/>\n<meta name=\"twitter:label1\" content=\"Dur\u00e9e de lecture estim\u00e9e\" \/>\n\t<meta name=\"twitter:data1\" content=\"1 minute\" \/>\n<script type=\"application\/ld+json\" class=\"yoast-schema-graph\">{\"@context\":\"https:\/\/schema.org\",\"@graph\":[{\"@type\":\"WebPage\",\"@id\":\"https:\/\/quickpercentcalc.com\/fr\/economie-dentreprise\/calculateur-de-tva\/\",\"url\":\"https:\/\/quickpercentcalc.com\/fr\/economie-dentreprise\/calculateur-de-tva\/\",\"name\":\"Calculateur de TVA - Calculateur de taxe sur la valeur ajout\u00e9e\",\"isPartOf\":{\"@id\":\"https:\/\/quickpercentcalc.com\/fr\/#website\"},\"datePublished\":\"2021-12-16T12:00:05+00:00\",\"dateModified\":\"2025-04-25T20:03:07+00:00\",\"breadcrumb\":{\"@id\":\"https:\/\/quickpercentcalc.com\/fr\/economie-dentreprise\/calculateur-de-tva\/#breadcrumb\"},\"inLanguage\":\"fr-FR\",\"potentialAction\":[{\"@type\":\"ReadAction\",\"target\":[\"https:\/\/quickpercentcalc.com\/fr\/economie-dentreprise\/calculateur-de-tva\/\"]}]},{\"@type\":\"BreadcrumbList\",\"@id\":\"https:\/\/quickpercentcalc.com\/fr\/economie-dentreprise\/calculateur-de-tva\/#breadcrumb\",\"itemListElement\":[{\"@type\":\"ListItem\",\"position\":1,\"name\":\"Home\",\"item\":\"https:\/\/quickpercentcalc.com\/fr\/\"},{\"@type\":\"ListItem\",\"position\":2,\"name\":\"\u00c9conomie d\u2019entreprise\",\"item\":\"https:\/\/quickpercentcalc.com\/fr\/economie-dentreprise\/\"},{\"@type\":\"ListItem\",\"position\":3,\"name\":\"Calculateur de TVA\"}]},{\"@type\":\"WebSite\",\"@id\":\"https:\/\/quickpercentcalc.com\/fr\/#website\",\"url\":\"https:\/\/quickpercentcalc.com\/fr\/\",\"name\":\"Quick Percent Calculator\",\"description\":\"\",\"potentialAction\":[{\"@type\":\"SearchAction\",\"target\":{\"@type\":\"EntryPoint\",\"urlTemplate\":\"https:\/\/quickpercentcalc.com\/fr\/?s={search_term_string}\"},\"query-input\":{\"@type\":\"PropertyValueSpecification\",\"valueRequired\":true,\"valueName\":\"search_term_string\"}}],\"inLanguage\":\"fr-FR\"}]}<\/script>\n<!-- \/ Yoast SEO plugin. -->","yoast_head_json":{"title":"Calculateur de TVA - Calculateur de taxe sur la valeur ajout\u00e9e","robots":{"index":"index","follow":"follow","max-snippet":"max-snippet:-1","max-image-preview":"max-image-preview:large","max-video-preview":"max-video-preview:-1"},"canonical":"https:\/\/quickpercentcalc.com\/fr\/economie-dentreprise\/calculateur-de-tva\/","og_locale":"fr_FR","og_type":"article","og_title":"Calculateur de TVA - Calculateur de taxe sur la valeur ajout\u00e9e","og_description":"Calculez la taxe sur la valeur ajout\u00e9e (TVA). Ce calculateur de TVA vous aide \u00e0 calculer les montants de TVA [&hellip;]","og_url":"https:\/\/quickpercentcalc.com\/fr\/economie-dentreprise\/calculateur-de-tva\/","og_site_name":"Quick Percent Calculator","article_modified_time":"2025-04-25T20:03:07+00:00","twitter_card":"summary_large_image","twitter_misc":{"Dur\u00e9e de lecture estim\u00e9e":"1 minute"},"schema":{"@context":"https:\/\/schema.org","@graph":[{"@type":"WebPage","@id":"https:\/\/quickpercentcalc.com\/fr\/economie-dentreprise\/calculateur-de-tva\/","url":"https:\/\/quickpercentcalc.com\/fr\/economie-dentreprise\/calculateur-de-tva\/","name":"Calculateur de TVA - Calculateur de taxe sur la valeur ajout\u00e9e","isPartOf":{"@id":"https:\/\/quickpercentcalc.com\/fr\/#website"},"datePublished":"2021-12-16T12:00:05+00:00","dateModified":"2025-04-25T20:03:07+00:00","breadcrumb":{"@id":"https:\/\/quickpercentcalc.com\/fr\/economie-dentreprise\/calculateur-de-tva\/#breadcrumb"},"inLanguage":"fr-FR","potentialAction":[{"@type":"ReadAction","target":["https:\/\/quickpercentcalc.com\/fr\/economie-dentreprise\/calculateur-de-tva\/"]}]},{"@type":"BreadcrumbList","@id":"https:\/\/quickpercentcalc.com\/fr\/economie-dentreprise\/calculateur-de-tva\/#breadcrumb","itemListElement":[{"@type":"ListItem","position":1,"name":"Home","item":"https:\/\/quickpercentcalc.com\/fr\/"},{"@type":"ListItem","position":2,"name":"\u00c9conomie d\u2019entreprise","item":"https:\/\/quickpercentcalc.com\/fr\/economie-dentreprise\/"},{"@type":"ListItem","position":3,"name":"Calculateur de TVA"}]},{"@type":"WebSite","@id":"https:\/\/quickpercentcalc.com\/fr\/#website","url":"https:\/\/quickpercentcalc.com\/fr\/","name":"Quick Percent Calculator","description":"","potentialAction":[{"@type":"SearchAction","target":{"@type":"EntryPoint","urlTemplate":"https:\/\/quickpercentcalc.com\/fr\/?s={search_term_string}"},"query-input":{"@type":"PropertyValueSpecification","valueRequired":true,"valueName":"search_term_string"}}],"inLanguage":"fr-FR"}]}},"_links":{"self":[{"href":"https:\/\/quickpercentcalc.com\/fr\/wp-json\/wp\/v2\/pages\/2152","targetHints":{"allow":["GET"]}}],"collection":[{"href":"https:\/\/quickpercentcalc.com\/fr\/wp-json\/wp\/v2\/pages"}],"about":[{"href":"https:\/\/quickpercentcalc.com\/fr\/wp-json\/wp\/v2\/types\/page"}],"author":[{"embeddable":true,"href":"https:\/\/quickpercentcalc.com\/fr\/wp-json\/wp\/v2\/users\/1"}],"replies":[{"embeddable":true,"href":"https:\/\/quickpercentcalc.com\/fr\/wp-json\/wp\/v2\/comments?post=2152"}],"version-history":[{"count":1,"href":"https:\/\/quickpercentcalc.com\/fr\/wp-json\/wp\/v2\/pages\/2152\/revisions"}],"predecessor-version":[{"id":2153,"href":"https:\/\/quickpercentcalc.com\/fr\/wp-json\/wp\/v2\/pages\/2152\/revisions\/2153"}],"up":[{"embeddable":true,"href":"https:\/\/quickpercentcalc.com\/fr\/wp-json\/wp\/v2\/pages\/1985"}],"wp:attachment":[{"href":"https:\/\/quickpercentcalc.com\/fr\/wp-json\/wp\/v2\/media?parent=2152"}],"curies":[{"name":"wp","href":"https:\/\/api.w.org\/{rel}","templated":true}]}}