{"id":1693,"date":"2024-01-24T20:41:53","date_gmt":"2024-01-24T20:41:53","guid":{"rendered":"https:\/\/quickpercentcalc.com\/staerdfraedi\/hnuta-reiknivel\/"},"modified":"2025-04-07T18:38:36","modified_gmt":"2025-04-07T18:38:36","slug":"hnuta-reiknivel","status":"publish","type":"page","link":"https:\/\/quickpercentcalc.com\/is\/staerdfraedi\/hnuta-reiknivel\/","title":{"rendered":"Hn\u00fata reikniv\u00e9l"},"content":{"rendered":"\n<p>Umbreyta hn\u00fatum. Reikniv\u00e9lin okkar hj\u00e1lpar \u00fe\u00e9r a\u00f0 breyta \u00e1 milli hn\u00fata, km\/klst, m\/s og mph. <\/p>\n\n<p>\u00deessi reikniv\u00e9l gerir \u00fe\u00e9r kleift a\u00f0 breyta \u00e1 milli hn\u00fata, k\u00edl\u00f3metra \u00e1 klukkustund (km\/klst), metra \u00e1 sek\u00fandu (m\/s) og m\u00edlna \u00e1 klukkustund (mph).<\/p>\n\n<p>Hn\u00fatar, e\u00f0a sj\u00f3m\u00edlur \u00e1 klukkustund, eru venjuleg hra\u00f0aeining sem notu\u00f0 er \u00ed sj\u00f3- og flugsamhengi. Einn hn\u00fatur jafngildir n\u00e1kv\u00e6mlega 1,852 km \u00e1 klukkustund e\u00f0a um \u00fea\u00f0 bil 1,15078 m\u00edlur \u00e1 klukkustund. \u00dea\u00f0 er \u00e1fram al\u00fej\u00f3\u00f0legur sta\u00f0all fyrir siglingar \u00e1 sj\u00f3 og \u00ed lofti.  <\/p>\n\n<p>K\u00edl\u00f3metrar \u00e1 klukkustund er m\u00e6lieiningin sem almennt er notu\u00f0 til a\u00f0 m\u00e6la hra\u00f0a \u00e1 landi \u00ed flestum l\u00f6ndum. \u00cd Bandar\u00edkjunum er hra\u00f0i hins vegar venjulega m\u00e6ldur \u00ed m\u00edlum \u00e1 klukkustund (mph). <\/p>\n\n<script>\nfunction convertKnotsToKmh() {\n    var knots = parseFloat(document.getElementById(\"knotsToKmh\").value.replace(\/,\/g, \".\"));\n    document.getElementById(\"kmhResult\").value = (knots * 1.852).toFixed(2);\n}\n\nfunction convertKnotsToMs() {\n    var knots = parseFloat(document.getElementById(\"knotsToMs\").value.replace(\/,\/g, \".\"));\n    document.getElementById(\"msResult\").value = (knots * 0.514444).toFixed(2);\n}\n\nfunction convertKnotsToMph() {\n    var knots = parseFloat(document.getElementById(\"knotsToMph\").value.replace(\/,\/g, \".\"));\n    document.getElementById(\"mphResult\").value = (knots * 1.15078).toFixed(2);\n}\n\nfunction convertKmhToKnots() {\n    var kmh = parseFloat(document.getElementById(\"kmhToKnots\").value.replace(\/,\/g, \".\"));\n    document.getElementById(\"knotsResult\").value = (kmh * 0.539957).toFixed(2);\n}\n<\/script>\n\n<!-- Knots to km\/h -->\n<label for=\"knotsToKmh\"><h2>Hn\u00fatar a\u00f0 km\/klst<\/h2><\/label><br\/><input type=\"number\" id=\"knotsToKmh\" min=\"0\" placeholder=\"Hn\u00fatar\"\/>\n<br\/><input type=\"text\" id=\"kmhResult\" placeholder=\"km\/klst\" readonly=\"readonly\"\/>\n<button onclick=\"convertKnotsToKmh()\">Umbreyta<\/button>\n<br\/><br\/>\n<!-- Knots to m\/s -->\n<label for=\"knotsToMs\"><h2>Hn\u00fatar a\u00f0 m\/s<\/h2><\/label><br\/><input type=\"number\" id=\"knotsToMs\" min=\"0\" placeholder=\"Hn\u00fatar\"\/>\n<br\/><input type=\"text\" id=\"msResult\" placeholder=\"m\/s\" readonly=\"readonly\"\/>\n<button onclick=\"convertKnotsToMs()\">Umbreyta<\/button>\n<br\/><br\/>\n<!-- Knots to mph -->\n<label for=\"knotsToMph\"><h2>Hn\u00fatar a\u00f0 mph<\/h2><\/label><br\/><input type=\"number\" id=\"knotsToMph\" min=\"0\" placeholder=\"Hn\u00fatar\"\/>\n<br\/><input type=\"text\" id=\"mphResult\" placeholder=\"mph\" readonly=\"readonly\"\/>\n<button onclick=\"convertKnotsToMph()\">Umbreyta<\/button>\n<br\/><br\/>\n<!-- km\/h to Knots -->\n<label for=\"kmhToKnots\"><h2>km\/klst til hn\u00fata<\/h2><\/label><br\/><input type=\"number\" id=\"kmhToKnots\" min=\"0\" placeholder=\"km\/klst\"\/>\n<br\/><input type=\"text\" id=\"knotsResult\" placeholder=\"Hn\u00fatar\" readonly=\"readonly\"\/>\n<button onclick=\"convertKmhToKnots()\">Umbreyta<\/button>\n<br\/><br\/>\n\n<h2 class=\"wp-block-heading\">Hvernig \u00e1 a\u00f0 breyta hn\u00fatum \u00ed m\u00edlur \u00e1 klukkustund (mph)<\/h2>\n\n<p>\u00dea\u00f0 er einfalt a\u00f0 breyta hn\u00fatum \u00ed m\u00edlur \u00e1 klukkustund. \u00dear sem 1 hn\u00fatur jafngildir um \u00fea\u00f0 bil 1,15078 mph, margfaldar\u00f0u bara fj\u00f6lda hn\u00fata me\u00f0 1,15078. <\/p>\n\n<p><strong>Form\u00fala:<\/strong> mph = Hn\u00fatar \u00d7 1,15078<\/p>\n\n<p>D\u00e6mi: B\u00e1tur sem fer\u00f0ast \u00e1 10 hn\u00fata hreyfist \u00e1: 10 \u00d7 1,15078 = 11,51 mph<\/p>\n\n<h3 class=\"wp-block-heading\">Hagn\u00fdt notkun \u00feessara umbreytinga<\/h3>\n\n<p>\u00deessar umbreytingar eru s\u00e9rstaklega gagnlegar fyrir sj\u00f3menn og flugmenn sem \u00feurfa a\u00f0 breyta hra\u00f0a s\u00ednum \u00ed metra- e\u00f0a heimseiningar fyrir siglingar e\u00f0a samskipti. \u00deeir eru l\u00edka gagnlegir fyrir nemendur e\u00f0a \u00e1hugamenn sem l\u00e6ra ve\u00f0urfr\u00e6\u00f0i e\u00f0a sj\u00f3fr\u00e6\u00f0i. <\/p>\n\n<h3 class=\"wp-block-heading\">Vi\u00f0skiptaverkf\u00e6ri<\/h3>\n\n<p>\u00c1 stafr\u00e6nu t\u00edmum n\u00fat\u00edmans eru fullt af verkf\u00e6rum til til a\u00f0 gera \u00feessar umbreytingar flj\u00f3tar og au\u00f0veldar. Allt fr\u00e1 reikniv\u00e9lum \u00e1 netinu til fars\u00edmaforrita, \u00fea\u00f0 er einfalt a\u00f0 finna t\u00f3l sem hentar \u00fe\u00ednum \u00fe\u00f6rfum. <\/p>\n","protected":false},"excerpt":{"rendered":"<p>Umbreyta hn\u00fatum. Reikniv\u00e9lin okkar hj\u00e1lpar \u00fe\u00e9r a\u00f0 breyta \u00e1 milli hn\u00fata, km\/klst, m\/s og mph. \u00deessi reikniv\u00e9l gerir \u00fe\u00e9r kleift [&hellip;]<\/p>\n","protected":false},"author":1,"featured_media":0,"parent":1615,"menu_order":0,"comment_status":"closed","ping_status":"closed","template":"kalkulator-side.php","meta":{"site-sidebar-layout":"default","site-content-layout":"default","ast-site-content-layout":"default","site-content-style":"default","site-sidebar-style":"default","ast-global-header-display":"","ast-banner-title-visibility":"","ast-main-header-display":"","ast-hfb-above-header-display":"","ast-hfb-below-header-display":"","ast-hfb-mobile-header-display":"","site-post-title":"","ast-breadcrumbs-content":"","ast-featured-img":"","footer-sml-layout":"","theme-transparent-header-meta":"default","adv-header-id-meta":"","stick-header-meta":"default","header-above-stick-meta":"","header-main-stick-meta":"","header-below-stick-meta":"","astra-migrate-meta-layouts":"default","ast-page-background-enabled":"default","ast-page-background-meta":{"desktop":{"background-color":"var(--ast-global-color-5)","background-image":"","background-repeat":"repeat","background-position":"center center","background-size":"auto","background-attachment":"scroll","background-type":"","background-media":"","overlay-type":"","overlay-color":"","overlay-opacity":"","overlay-gradient":""},"tablet":{"background-color":"","background-image":"","background-repeat":"repeat","background-position":"center center","background-size":"auto","background-attachment":"scroll","background-type":"","background-media":"","overlay-type":"","overlay-color":"","overlay-opacity":"","overlay-gradient":""},"mobile":{"background-color":"","background-image":"","background-repeat":"repeat","background-position":"center center","background-size":"auto","background-attachment":"scroll","background-type":"","background-media":"","overlay-type":"","overlay-color":"","overlay-opacity":"","overlay-gradient":""}},"ast-content-background-meta":{"desktop":{"background-color":"var(--ast-global-color-4)","background-image":"","background-repeat":"repeat","background-position":"center center","background-size":"auto","background-attachment":"scroll","background-type":"","background-media":"","overlay-type":"","overlay-color":"","overlay-opacity":"","overlay-gradient":""},"tablet":{"background-color":"var(--ast-global-color-4)","background-image":"","background-repeat":"repeat","background-position":"center center","background-size":"auto","background-attachment":"scroll","background-type":"","background-media":"","overlay-type":"","overlay-color":"","overlay-opacity":"","overlay-gradient":""},"mobile":{"background-color":"var(--ast-global-color-4)","background-image":"","background-repeat":"repeat","background-position":"center center","background-size":"auto","background-attachment":"scroll","background-type":"","background-media":"","overlay-type":"","overlay-color":"","overlay-opacity":"","overlay-gradient":""}},"footnotes":""},"class_list":["post-1693","page","type-page","status-publish","hentry"],"yoast_head":"<!-- This site is optimized with the Yoast SEO plugin v25.5 - https:\/\/yoast.com\/wordpress\/plugins\/seo\/ -->\n<title>Hn\u00fatar \u00ed mph Breytir - Umbreyttu hn\u00fatum \u00ed km\/klst, m\/s e\u00f0a mph!<\/title>\n<meta name=\"description\" content=\"Umbreyttu hn\u00fatum \u00ed mph me\u00f0 \u00fev\u00ed a\u00f0 nota reikniv\u00e9lina okkar. \ud83d\udea4 \u00deetta t\u00f3l gerir \u00fe\u00e9r kleift a\u00f0 sl\u00e1 inn gildi \u00ed hn\u00fatum, km\/klst e\u00f0a m\/s og reikna \u00fat samsvarandi hra\u00f0a \u00ed hinum einingunum.\" \/>\n<meta name=\"robots\" content=\"index, follow, max-snippet:-1, max-image-preview:large, max-video-preview:-1\" \/>\n<link rel=\"canonical\" href=\"https:\/\/quickpercentcalc.com\/is\/staerdfraedi\/hnuta-reiknivel\/\" \/>\n<meta property=\"og:locale\" content=\"is_IS\" \/>\n<meta property=\"og:type\" content=\"article\" \/>\n<meta property=\"og:title\" content=\"Hn\u00fatar \u00ed mph Breytir - Umbreyttu hn\u00fatum \u00ed km\/klst, m\/s e\u00f0a mph!\" \/>\n<meta property=\"og:description\" content=\"Umbreyttu hn\u00fatum \u00ed mph me\u00f0 \u00fev\u00ed a\u00f0 nota reikniv\u00e9lina okkar. \ud83d\udea4 \u00deetta t\u00f3l gerir \u00fe\u00e9r kleift a\u00f0 sl\u00e1 inn gildi \u00ed hn\u00fatum, km\/klst e\u00f0a m\/s og reikna \u00fat samsvarandi hra\u00f0a \u00ed hinum einingunum.\" \/>\n<meta property=\"og:url\" content=\"https:\/\/quickpercentcalc.com\/is\/staerdfraedi\/hnuta-reiknivel\/\" \/>\n<meta property=\"og:site_name\" content=\"Quick Percent Calculator\" \/>\n<meta property=\"article:modified_time\" content=\"2025-04-07T18:38:36+00:00\" \/>\n<meta name=\"twitter:card\" content=\"summary_large_image\" \/>\n<meta name=\"twitter:label1\" content=\"Est. reading time\" \/>\n\t<meta name=\"twitter:data1\" content=\"2 minutes\" \/>\n<script type=\"application\/ld+json\" class=\"yoast-schema-graph\">{\"@context\":\"https:\/\/schema.org\",\"@graph\":[{\"@type\":\"WebPage\",\"@id\":\"https:\/\/quickpercentcalc.com\/is\/staerdfraedi\/hnuta-reiknivel\/\",\"url\":\"https:\/\/quickpercentcalc.com\/is\/staerdfraedi\/hnuta-reiknivel\/\",\"name\":\"Hn\u00fatar \u00ed mph Breytir - Umbreyttu hn\u00fatum \u00ed km\/klst, m\/s e\u00f0a mph!\",\"isPartOf\":{\"@id\":\"https:\/\/quickpercentcalc.com\/is\/#website\"},\"datePublished\":\"2024-01-24T20:41:53+00:00\",\"dateModified\":\"2025-04-07T18:38:36+00:00\",\"description\":\"Umbreyttu hn\u00fatum \u00ed mph me\u00f0 \u00fev\u00ed a\u00f0 nota reikniv\u00e9lina okkar. \ud83d\udea4 \u00deetta t\u00f3l gerir \u00fe\u00e9r kleift a\u00f0 sl\u00e1 inn gildi \u00ed hn\u00fatum, km\/klst e\u00f0a m\/s og reikna \u00fat samsvarandi hra\u00f0a \u00ed hinum einingunum.\",\"breadcrumb\":{\"@id\":\"https:\/\/quickpercentcalc.com\/is\/staerdfraedi\/hnuta-reiknivel\/#breadcrumb\"},\"inLanguage\":\"is\",\"potentialAction\":[{\"@type\":\"ReadAction\",\"target\":[\"https:\/\/quickpercentcalc.com\/is\/staerdfraedi\/hnuta-reiknivel\/\"]}]},{\"@type\":\"BreadcrumbList\",\"@id\":\"https:\/\/quickpercentcalc.com\/is\/staerdfraedi\/hnuta-reiknivel\/#breadcrumb\",\"itemListElement\":[{\"@type\":\"ListItem\",\"position\":1,\"name\":\"Home\",\"item\":\"https:\/\/quickpercentcalc.com\/is\/\"},{\"@type\":\"ListItem\",\"position\":2,\"name\":\"St\u00e6r\u00f0fr\u00e6\u00f0i\",\"item\":\"https:\/\/quickpercentcalc.com\/is\/math\/\"},{\"@type\":\"ListItem\",\"position\":3,\"name\":\"Hn\u00fata reikniv\u00e9l\"}]},{\"@type\":\"WebSite\",\"@id\":\"https:\/\/quickpercentcalc.com\/is\/#website\",\"url\":\"https:\/\/quickpercentcalc.com\/is\/\",\"name\":\"Quick Percent Calculator\",\"description\":\"\",\"potentialAction\":[{\"@type\":\"SearchAction\",\"target\":{\"@type\":\"EntryPoint\",\"urlTemplate\":\"https:\/\/quickpercentcalc.com\/is\/?s={search_term_string}\"},\"query-input\":{\"@type\":\"PropertyValueSpecification\",\"valueRequired\":true,\"valueName\":\"search_term_string\"}}],\"inLanguage\":\"is\"}]}<\/script>\n<!-- \/ Yoast SEO plugin. -->","yoast_head_json":{"title":"Hn\u00fatar \u00ed mph Breytir - Umbreyttu hn\u00fatum \u00ed km\/klst, m\/s e\u00f0a mph!","description":"Umbreyttu hn\u00fatum \u00ed mph me\u00f0 \u00fev\u00ed a\u00f0 nota reikniv\u00e9lina okkar. \ud83d\udea4 \u00deetta t\u00f3l gerir \u00fe\u00e9r kleift a\u00f0 sl\u00e1 inn gildi \u00ed hn\u00fatum, km\/klst e\u00f0a m\/s og reikna \u00fat samsvarandi hra\u00f0a \u00ed hinum einingunum.","robots":{"index":"index","follow":"follow","max-snippet":"max-snippet:-1","max-image-preview":"max-image-preview:large","max-video-preview":"max-video-preview:-1"},"canonical":"https:\/\/quickpercentcalc.com\/is\/staerdfraedi\/hnuta-reiknivel\/","og_locale":"is_IS","og_type":"article","og_title":"Hn\u00fatar \u00ed mph Breytir - Umbreyttu hn\u00fatum \u00ed km\/klst, m\/s e\u00f0a mph!","og_description":"Umbreyttu hn\u00fatum \u00ed mph me\u00f0 \u00fev\u00ed a\u00f0 nota reikniv\u00e9lina okkar. \ud83d\udea4 \u00deetta t\u00f3l gerir \u00fe\u00e9r kleift a\u00f0 sl\u00e1 inn gildi \u00ed hn\u00fatum, km\/klst e\u00f0a m\/s og reikna \u00fat samsvarandi hra\u00f0a \u00ed hinum einingunum.","og_url":"https:\/\/quickpercentcalc.com\/is\/staerdfraedi\/hnuta-reiknivel\/","og_site_name":"Quick Percent Calculator","article_modified_time":"2025-04-07T18:38:36+00:00","twitter_card":"summary_large_image","twitter_misc":{"Est. reading time":"2 minutes"},"schema":{"@context":"https:\/\/schema.org","@graph":[{"@type":"WebPage","@id":"https:\/\/quickpercentcalc.com\/is\/staerdfraedi\/hnuta-reiknivel\/","url":"https:\/\/quickpercentcalc.com\/is\/staerdfraedi\/hnuta-reiknivel\/","name":"Hn\u00fatar \u00ed mph Breytir - Umbreyttu hn\u00fatum \u00ed km\/klst, m\/s e\u00f0a mph!","isPartOf":{"@id":"https:\/\/quickpercentcalc.com\/is\/#website"},"datePublished":"2024-01-24T20:41:53+00:00","dateModified":"2025-04-07T18:38:36+00:00","description":"Umbreyttu hn\u00fatum \u00ed mph me\u00f0 \u00fev\u00ed a\u00f0 nota reikniv\u00e9lina okkar. \ud83d\udea4 \u00deetta t\u00f3l gerir \u00fe\u00e9r kleift a\u00f0 sl\u00e1 inn gildi \u00ed hn\u00fatum, km\/klst e\u00f0a m\/s og reikna \u00fat samsvarandi hra\u00f0a \u00ed hinum einingunum.","breadcrumb":{"@id":"https:\/\/quickpercentcalc.com\/is\/staerdfraedi\/hnuta-reiknivel\/#breadcrumb"},"inLanguage":"is","potentialAction":[{"@type":"ReadAction","target":["https:\/\/quickpercentcalc.com\/is\/staerdfraedi\/hnuta-reiknivel\/"]}]},{"@type":"BreadcrumbList","@id":"https:\/\/quickpercentcalc.com\/is\/staerdfraedi\/hnuta-reiknivel\/#breadcrumb","itemListElement":[{"@type":"ListItem","position":1,"name":"Home","item":"https:\/\/quickpercentcalc.com\/is\/"},{"@type":"ListItem","position":2,"name":"St\u00e6r\u00f0fr\u00e6\u00f0i","item":"https:\/\/quickpercentcalc.com\/is\/math\/"},{"@type":"ListItem","position":3,"name":"Hn\u00fata reikniv\u00e9l"}]},{"@type":"WebSite","@id":"https:\/\/quickpercentcalc.com\/is\/#website","url":"https:\/\/quickpercentcalc.com\/is\/","name":"Quick Percent Calculator","description":"","potentialAction":[{"@type":"SearchAction","target":{"@type":"EntryPoint","urlTemplate":"https:\/\/quickpercentcalc.com\/is\/?s={search_term_string}"},"query-input":{"@type":"PropertyValueSpecification","valueRequired":true,"valueName":"search_term_string"}}],"inLanguage":"is"}]}},"_links":{"self":[{"href":"https:\/\/quickpercentcalc.com\/is\/wp-json\/wp\/v2\/pages\/1693","targetHints":{"allow":["GET"]}}],"collection":[{"href":"https:\/\/quickpercentcalc.com\/is\/wp-json\/wp\/v2\/pages"}],"about":[{"href":"https:\/\/quickpercentcalc.com\/is\/wp-json\/wp\/v2\/types\/page"}],"author":[{"embeddable":true,"href":"https:\/\/quickpercentcalc.com\/is\/wp-json\/wp\/v2\/users\/1"}],"replies":[{"embeddable":true,"href":"https:\/\/quickpercentcalc.com\/is\/wp-json\/wp\/v2\/comments?post=1693"}],"version-history":[{"count":1,"href":"https:\/\/quickpercentcalc.com\/is\/wp-json\/wp\/v2\/pages\/1693\/revisions"}],"predecessor-version":[{"id":1694,"href":"https:\/\/quickpercentcalc.com\/is\/wp-json\/wp\/v2\/pages\/1693\/revisions\/1694"}],"up":[{"embeddable":true,"href":"https:\/\/quickpercentcalc.com\/is\/wp-json\/wp\/v2\/pages\/1615"}],"wp:attachment":[{"href":"https:\/\/quickpercentcalc.com\/is\/wp-json\/wp\/v2\/media?parent=1693"}],"curies":[{"name":"wp","href":"https:\/\/api.w.org\/{rel}","templated":true}]}}