{"id":1921,"date":"2024-01-16T21:03:36","date_gmt":"2024-01-16T21:03:36","guid":{"rendered":"https:\/\/quickpercentcalc.com\/ymislegt\/watta-reiknivel\/"},"modified":"2025-04-08T15:13:26","modified_gmt":"2025-04-08T15:13:26","slug":"watta-reiknivel","status":"publish","type":"page","link":"https:\/\/quickpercentcalc.com\/is\/ymislegt\/watta-reiknivel\/","title":{"rendered":"Watta reikniv\u00e9l"},"content":{"rendered":"\n<p>Reikna\u00f0u magnara, volt og w\u00f6tt. Reikniv\u00e9lin okkar hj\u00e1lpar \u00fe\u00e9r a\u00f0 reikna magnara, volt og w\u00f6tt. <\/p>\n\n<h2 class=\"wp-block-heading\">Hvernig \u00e1 a\u00f0 reikna magnara og volt \u00ed v\u00f6tt<\/h2>\n\n<p>\u00dea\u00f0 er tilt\u00f6lulega einfalt a\u00f0 reikna magnara, volt og w\u00f6tt \u00fear sem m\u00e6lingarnar \u00ferj\u00e1r eru n\u00e1tengdar.<\/p>\n\n<p><strong>watt = amper x volt<\/strong><\/p>\n\n<p>Eins og vi\u00f0 sj\u00e1um margfaldar\u00f0u ampera og volt til a\u00f0 f\u00e1 v\u00f6tt. Vi\u00f0 getum l\u00edka endurra\u00f0a\u00f0 form\u00falunni til a\u00f0 finna anna\u00f0 hvort magnara e\u00f0a volt: <\/p>\n\n<p><strong>amper = watt \/ volt<\/strong><\/p>\n\n<p><strong>volt = watt \/ amper<\/strong><\/p>\n\n<script>\n    function regnUtWatt(){\n        var volt = parseFloat(document.getElementById(\"volt\").value.replace(\/,\/g, \".\")) || 0;\n        var ampere = parseFloat(document.getElementById(\"ampere\").value.replace(\/,\/g, \".\")) || 0;\n\n        \/\/ Calculation: watt = volt * ampere\n        var watt = volt * ampere;\n\n        if (!isNaN(watt)) {\n            document.getElementById(\"resultatWatt\").innerHTML = \"Power (Watts): \" + watt.toString() + \" W\";\n            document.getElementById(\"resultatBoksWatt\").style.visibility = \"initial\";\n        }\n    }\n\n    function regnUtAmpere(){\n        var watt = parseFloat(document.getElementById(\"watt\").value.replace(\/,\/g, \".\")) || 0;\n        var volt = parseFloat(document.getElementById(\"voltAmpere\").value.replace(\/,\/g, \".\")) || 0;\n\n        \/\/ Calculation: ampere = watt \/ volt\n        var ampere = watt \/ volt;\n\n        if (!isNaN(ampere)) {\n            document.getElementById(\"resultatAmpere\").innerHTML = \"Current (Amps): \" + ampere.toString() + \" A\";\n            document.getElementById(\"resultatBoksAmpere\").style.visibility = \"initial\";\n        }\n    }\n\n    function regnUtVolt(){\n        var watt = parseFloat(document.getElementById(\"wattVolt\").value.replace(\/,\/g, \".\")) || 0;\n        var ampere = parseFloat(document.getElementById(\"ampereVolt\").value.replace(\/,\/g, \".\")) || 0;\n\n        \/\/ Calculation: volt = watt \/ ampere\n        var volt = watt \/ ampere;\n\n        if (!isNaN(volt)) {\n            document.getElementById(\"resultatVolt\").innerHTML = \"Voltage (Volts): \" + volt.toString() + \" V\";\n            document.getElementById(\"resultatBoksVolt\").style.visibility = \"initial\";\n        }\n    }\n<\/script>\n\n<!-- Calculator for Watts -->\n<h2>Watta reikniv\u00e9l<\/h2>\n<label for=\"volt\">Spenna (volt)<\/label><br\/><input type=\"number\" id=\"volt\" min=\"0\"\/>\n<br\/><br\/>\n<label for=\"ampere\">Straumur (ampara)<\/label><br\/><input type=\"number\" id=\"ampere\" min=\"0\"\/>\n<br\/><br\/>\n<input type=\"button\" id=\"regnutWatt\" value=\"Reikna\u00f0u\" onclick=\"regnUtWatt()\"\/>\n<br\/><br\/>\n<div id=\"resultatBoksWatt\" style=\"visibility: hidden;\">\n    <span>Ni\u00f0ursta\u00f0a:<\/span><br\/>    <span id=\"resultatWatt\" class=\"kalkyleResultat\"><\/span>    \n<\/div>\n<br\/><br\/>\n<!-- Calculator for Amps -->\n<h2>Amper reikniv\u00e9l<\/h2>\n<label for=\"watt\">Afl (w\u00f6tt)<\/label><br\/><input type=\"number\" id=\"watt\" min=\"0\"\/>\n<br\/><br\/>\n<label for=\"voltAmpere\">Spenna (volt)<\/label><br\/><input type=\"number\" id=\"voltAmpere\" min=\"0\"\/>\n<br\/><br\/>\n<input type=\"button\" id=\"regnutAmpere\" value=\"Reikna\u00f0u\" onclick=\"regnUtAmpere()\"\/>\n<br\/><br\/>\n<div id=\"resultatBoksAmpere\" style=\"visibility: hidden;\">\n    <span>Ni\u00f0ursta\u00f0a:<\/span><br\/>    <span id=\"resultatAmpere\" class=\"kalkyleResultat\"><\/span>    \n<\/div>\n<br\/><br\/>\n<!-- Calculator for Volts -->\n<h2>Spenna reikniv\u00e9l<\/h2>\n<label for=\"wattVolt\">Afl (w\u00f6tt)<\/label><br\/><input type=\"number\" id=\"wattVolt\" min=\"0\"\/>\n<br\/><br\/>\n<label for=\"ampereVolt\">Straumur (ampara)<\/label><br\/><input type=\"number\" id=\"ampereVolt\" min=\"0\"\/>\n<br\/><br\/>\n<input type=\"button\" id=\"regnutVolt\" value=\"Reikna\u00f0u\" onclick=\"regnUtVolt()\"\/>\n<br\/><br\/>\n<div id=\"resultatBoksVolt\" style=\"visibility: hidden;\">\n    <span>Ni\u00f0ursta\u00f0a:<\/span><br\/>    <span id=\"resultatVolt\" class=\"kalkyleResultat\"><\/span>    \n<\/div>\n\n<h2 class=\"wp-block-heading\">Hva\u00f0 eru amperar og volt?<\/h2>\n\n<p>Amper og volt eru grundvallareiningar \u00ed rafmagnsverkfr\u00e6\u00f0i sem gegna lykilhlutverki vi\u00f0 a\u00f0 skilja rafstraum og spennu. <strong>Amperar<\/strong> , oft bara kalla\u00f0ir \u201eamp\u201c, m\u00e6la rafstraum og gefa til kynna hversu margar rafeindir streyma \u00ed gegnum lei\u00f0ara \u00e1 sek\u00fandu. \u00deetta hugtak er s\u00e9rstaklega mikilv\u00e6gt \u00feegar meti\u00f0 er orkunotkun og afkastagetu raft\u00e6kja. \u00c1 me\u00f0an m\u00e6la <strong>volt<\/strong> rafgetu. \u00dea\u00f0 gefur til kynna hversu mikill kraftur er til sta\u00f0ar til a\u00f0 keyra strauminn \u00ed gegnum hringr\u00e1s. Saman gefa magnarar og volt heildarmynd af rafafk\u00f6stum, sem skiptir sk\u00f6pum til a\u00f0 skilja hvernig mismunandi t\u00e6ki og kerfi virka.    <\/p>\n\n<h2 class=\"wp-block-heading\">A\u00f0 breyta magnara \u00ed w\u00f6tt<\/h2>\n\n<p>\u00deegar \u00fea\u00f0 kemur a\u00f0 \u00fev\u00ed a\u00f0 breyta <strong>magnara \u00ed v\u00f6tt<\/strong> , \u00fe\u00e1 er \u00feetta mikilv\u00e6gur \u00fatreikningur \u00ed m\u00f6rgum rafforritum. V\u00f6tt er eining af krafti og segir okkur hversu mikilli orku er neytt e\u00f0a framleitt me\u00f0 t\u00edmanum. Til a\u00f0 umbreyta amperum (straumi) \u00ed v\u00f6tt (afl) \u00fearftu a\u00f0 vita spennuna (m\u00e6ld \u00ed voltum) \u00ed hringr\u00e1sinni. Grunnform\u00falan er: <strong>watt = amper x volt<\/strong> .   <\/p>\n\n<h2 class=\"wp-block-heading\">Hva\u00f0 er volt-ampera?<\/h2>\n\n<p>Hugtaki\u00f0 <strong>volt-ampere<\/strong> er einnig mikilv\u00e6gt \u00feegar r\u00e6tt er um raforku. \u00de\u00f3 a\u00f0 v\u00f6tt t\u00e1kni raunverulegt afl sem nota\u00f0 er \u00ed hringr\u00e1s, v\u00edsa volt-amper til \u201es\u00fdnilegs\u201c afl, oft \u00ed samhengi vi\u00f0 AC (ri\u00f0straums) hringr\u00e1sir. \u00deessi greinarmunur er mikilv\u00e6gur til a\u00f0 skilja rafkerfi, s\u00e9rstaklega hva\u00f0 var\u00f0ar \u00e1lags- og afkastagetuskipulagningu.  <\/p>\n\n<h2 class=\"wp-block-heading\">Hva\u00f0 eru amperstundir?<\/h2>\n\n<p><strong>Ampere-hours<\/strong> er anna\u00f0 lykilhugtak \u00ed raforkuheiminum. \u00dea\u00f0 m\u00e6lir magn rafhle\u00f0slu sem fl\u00e6\u00f0ir \u00ed gegnum \u00edhlut \u00e1 tilteknu t\u00edmabili. \u00deetta hugtak er s\u00e9rstaklega vi\u00f0eigandi fyrir rafhl\u00f6\u00f0ur og orkugeymslukerfi, \u00fear sem \u00fea\u00f0 gefur m\u00e6likvar\u00f0a \u00e1 getu rafhl\u00f6\u00f0unnar &#8211; e\u00f0a hversu lengi h\u00fan getur skila\u00f0 \u00e1kve\u00f0num straumi \u00e1\u00f0ur en \u00fearf a\u00f0 endurhla\u00f0a hana. Ein amperstund \u00fe\u00fd\u00f0ir a\u00f0 1 amper fl\u00e6\u00f0ir \u00ed gegnum \u00edhlut \u00ed eina klukkustund.   <\/p>\n","protected":false},"excerpt":{"rendered":"<p>Reikna\u00f0u magnara, volt og w\u00f6tt. Reikniv\u00e9lin okkar hj\u00e1lpar \u00fe\u00e9r a\u00f0 reikna magnara, volt og w\u00f6tt. Hvernig \u00e1 a\u00f0 reikna magnara [&hellip;]<\/p>\n","protected":false},"author":1,"featured_media":0,"parent":1774,"menu_order":0,"comment_status":"closed","ping_status":"closed","template":"kalkulator-side.php","meta":{"site-sidebar-layout":"default","site-content-layout":"default","ast-site-content-layout":"default","site-content-style":"default","site-sidebar-style":"default","ast-global-header-display":"","ast-banner-title-visibility":"","ast-main-header-display":"","ast-hfb-above-header-display":"","ast-hfb-below-header-display":"","ast-hfb-mobile-header-display":"","site-post-title":"","ast-breadcrumbs-content":"","ast-featured-img":"","footer-sml-layout":"","theme-transparent-header-meta":"default","adv-header-id-meta":"","stick-header-meta":"default","header-above-stick-meta":"","header-main-stick-meta":"","header-below-stick-meta":"","astra-migrate-meta-layouts":"default","ast-page-background-enabled":"default","ast-page-background-meta":{"desktop":{"background-color":"var(--ast-global-color-5)","background-image":"","background-repeat":"repeat","background-position":"center center","background-size":"auto","background-attachment":"scroll","background-type":"","background-media":"","overlay-type":"","overlay-color":"","overlay-opacity":"","overlay-gradient":""},"tablet":{"background-color":"","background-image":"","background-repeat":"repeat","background-position":"center center","background-size":"auto","background-attachment":"scroll","background-type":"","background-media":"","overlay-type":"","overlay-color":"","overlay-opacity":"","overlay-gradient":""},"mobile":{"background-color":"","background-image":"","background-repeat":"repeat","background-position":"center center","background-size":"auto","background-attachment":"scroll","background-type":"","background-media":"","overlay-type":"","overlay-color":"","overlay-opacity":"","overlay-gradient":""}},"ast-content-background-meta":{"desktop":{"background-color":"var(--ast-global-color-4)","background-image":"","background-repeat":"repeat","background-position":"center center","background-size":"auto","background-attachment":"scroll","background-type":"","background-media":"","overlay-type":"","overlay-color":"","overlay-opacity":"","overlay-gradient":""},"tablet":{"background-color":"var(--ast-global-color-4)","background-image":"","background-repeat":"repeat","background-position":"center center","background-size":"auto","background-attachment":"scroll","background-type":"","background-media":"","overlay-type":"","overlay-color":"","overlay-opacity":"","overlay-gradient":""},"mobile":{"background-color":"var(--ast-global-color-4)","background-image":"","background-repeat":"repeat","background-position":"center center","background-size":"auto","background-attachment":"scroll","background-type":"","background-media":"","overlay-type":"","overlay-color":"","overlay-opacity":"","overlay-gradient":""}},"footnotes":""},"class_list":["post-1921","page","type-page","status-publish","hentry"],"yoast_head":"<!-- This site is optimized with the Yoast SEO plugin v25.5 - https:\/\/yoast.com\/wordpress\/plugins\/seo\/ -->\n<title>Reikniv\u00e9l fyrir v\u00f6tt, amper og volt<\/title>\n<meta name=\"description\" content=\"Reikniv\u00e9lin okkar breytir w\u00f6ttum, amperum og voltum\" \/>\n<meta name=\"robots\" content=\"index, follow, max-snippet:-1, max-image-preview:large, max-video-preview:-1\" \/>\n<link rel=\"canonical\" href=\"https:\/\/quickpercentcalc.com\/is\/ymislegt\/watta-reiknivel\/\" \/>\n<meta property=\"og:locale\" content=\"is_IS\" \/>\n<meta property=\"og:type\" content=\"article\" \/>\n<meta property=\"og:title\" content=\"Reikniv\u00e9l fyrir v\u00f6tt, amper og volt\" \/>\n<meta property=\"og:description\" content=\"Reikniv\u00e9lin okkar breytir w\u00f6ttum, amperum og voltum\" \/>\n<meta property=\"og:url\" content=\"https:\/\/quickpercentcalc.com\/is\/ymislegt\/watta-reiknivel\/\" \/>\n<meta property=\"og:site_name\" content=\"Quick Percent Calculator\" \/>\n<meta property=\"article:modified_time\" content=\"2025-04-08T15:13:26+00:00\" \/>\n<meta name=\"twitter:card\" content=\"summary_large_image\" \/>\n<meta name=\"twitter:label1\" content=\"Est. reading time\" \/>\n\t<meta name=\"twitter:data1\" content=\"2 minutes\" \/>\n<script type=\"application\/ld+json\" class=\"yoast-schema-graph\">{\"@context\":\"https:\/\/schema.org\",\"@graph\":[{\"@type\":\"WebPage\",\"@id\":\"https:\/\/quickpercentcalc.com\/is\/ymislegt\/watta-reiknivel\/\",\"url\":\"https:\/\/quickpercentcalc.com\/is\/ymislegt\/watta-reiknivel\/\",\"name\":\"Reikniv\u00e9l fyrir v\u00f6tt, amper og volt\",\"isPartOf\":{\"@id\":\"https:\/\/quickpercentcalc.com\/is\/#website\"},\"datePublished\":\"2024-01-16T21:03:36+00:00\",\"dateModified\":\"2025-04-08T15:13:26+00:00\",\"description\":\"Reikniv\u00e9lin okkar breytir w\u00f6ttum, amperum og voltum\",\"breadcrumb\":{\"@id\":\"https:\/\/quickpercentcalc.com\/is\/ymislegt\/watta-reiknivel\/#breadcrumb\"},\"inLanguage\":\"is\",\"potentialAction\":[{\"@type\":\"ReadAction\",\"target\":[\"https:\/\/quickpercentcalc.com\/is\/ymislegt\/watta-reiknivel\/\"]}]},{\"@type\":\"BreadcrumbList\",\"@id\":\"https:\/\/quickpercentcalc.com\/is\/ymislegt\/watta-reiknivel\/#breadcrumb\",\"itemListElement\":[{\"@type\":\"ListItem\",\"position\":1,\"name\":\"Home\",\"item\":\"https:\/\/quickpercentcalc.com\/is\/\"},{\"@type\":\"ListItem\",\"position\":2,\"name\":\"\u00ddmislegt\",\"item\":\"https:\/\/quickpercentcalc.com\/is\/misc\/\"},{\"@type\":\"ListItem\",\"position\":3,\"name\":\"Watta reikniv\u00e9l\"}]},{\"@type\":\"WebSite\",\"@id\":\"https:\/\/quickpercentcalc.com\/is\/#website\",\"url\":\"https:\/\/quickpercentcalc.com\/is\/\",\"name\":\"Quick Percent Calculator\",\"description\":\"\",\"potentialAction\":[{\"@type\":\"SearchAction\",\"target\":{\"@type\":\"EntryPoint\",\"urlTemplate\":\"https:\/\/quickpercentcalc.com\/is\/?s={search_term_string}\"},\"query-input\":{\"@type\":\"PropertyValueSpecification\",\"valueRequired\":true,\"valueName\":\"search_term_string\"}}],\"inLanguage\":\"is\"}]}<\/script>\n<!-- \/ Yoast SEO plugin. -->","yoast_head_json":{"title":"Reikniv\u00e9l fyrir v\u00f6tt, amper og volt","description":"Reikniv\u00e9lin okkar breytir w\u00f6ttum, amperum og voltum","robots":{"index":"index","follow":"follow","max-snippet":"max-snippet:-1","max-image-preview":"max-image-preview:large","max-video-preview":"max-video-preview:-1"},"canonical":"https:\/\/quickpercentcalc.com\/is\/ymislegt\/watta-reiknivel\/","og_locale":"is_IS","og_type":"article","og_title":"Reikniv\u00e9l fyrir v\u00f6tt, amper og volt","og_description":"Reikniv\u00e9lin okkar breytir w\u00f6ttum, amperum og voltum","og_url":"https:\/\/quickpercentcalc.com\/is\/ymislegt\/watta-reiknivel\/","og_site_name":"Quick Percent Calculator","article_modified_time":"2025-04-08T15:13:26+00:00","twitter_card":"summary_large_image","twitter_misc":{"Est. reading time":"2 minutes"},"schema":{"@context":"https:\/\/schema.org","@graph":[{"@type":"WebPage","@id":"https:\/\/quickpercentcalc.com\/is\/ymislegt\/watta-reiknivel\/","url":"https:\/\/quickpercentcalc.com\/is\/ymislegt\/watta-reiknivel\/","name":"Reikniv\u00e9l fyrir v\u00f6tt, amper og volt","isPartOf":{"@id":"https:\/\/quickpercentcalc.com\/is\/#website"},"datePublished":"2024-01-16T21:03:36+00:00","dateModified":"2025-04-08T15:13:26+00:00","description":"Reikniv\u00e9lin okkar breytir w\u00f6ttum, amperum og voltum","breadcrumb":{"@id":"https:\/\/quickpercentcalc.com\/is\/ymislegt\/watta-reiknivel\/#breadcrumb"},"inLanguage":"is","potentialAction":[{"@type":"ReadAction","target":["https:\/\/quickpercentcalc.com\/is\/ymislegt\/watta-reiknivel\/"]}]},{"@type":"BreadcrumbList","@id":"https:\/\/quickpercentcalc.com\/is\/ymislegt\/watta-reiknivel\/#breadcrumb","itemListElement":[{"@type":"ListItem","position":1,"name":"Home","item":"https:\/\/quickpercentcalc.com\/is\/"},{"@type":"ListItem","position":2,"name":"\u00ddmislegt","item":"https:\/\/quickpercentcalc.com\/is\/misc\/"},{"@type":"ListItem","position":3,"name":"Watta reikniv\u00e9l"}]},{"@type":"WebSite","@id":"https:\/\/quickpercentcalc.com\/is\/#website","url":"https:\/\/quickpercentcalc.com\/is\/","name":"Quick Percent Calculator","description":"","potentialAction":[{"@type":"SearchAction","target":{"@type":"EntryPoint","urlTemplate":"https:\/\/quickpercentcalc.com\/is\/?s={search_term_string}"},"query-input":{"@type":"PropertyValueSpecification","valueRequired":true,"valueName":"search_term_string"}}],"inLanguage":"is"}]}},"_links":{"self":[{"href":"https:\/\/quickpercentcalc.com\/is\/wp-json\/wp\/v2\/pages\/1921","targetHints":{"allow":["GET"]}}],"collection":[{"href":"https:\/\/quickpercentcalc.com\/is\/wp-json\/wp\/v2\/pages"}],"about":[{"href":"https:\/\/quickpercentcalc.com\/is\/wp-json\/wp\/v2\/types\/page"}],"author":[{"embeddable":true,"href":"https:\/\/quickpercentcalc.com\/is\/wp-json\/wp\/v2\/users\/1"}],"replies":[{"embeddable":true,"href":"https:\/\/quickpercentcalc.com\/is\/wp-json\/wp\/v2\/comments?post=1921"}],"version-history":[{"count":1,"href":"https:\/\/quickpercentcalc.com\/is\/wp-json\/wp\/v2\/pages\/1921\/revisions"}],"predecessor-version":[{"id":1922,"href":"https:\/\/quickpercentcalc.com\/is\/wp-json\/wp\/v2\/pages\/1921\/revisions\/1922"}],"up":[{"embeddable":true,"href":"https:\/\/quickpercentcalc.com\/is\/wp-json\/wp\/v2\/pages\/1774"}],"wp:attachment":[{"href":"https:\/\/quickpercentcalc.com\/is\/wp-json\/wp\/v2\/media?parent=1921"}],"curies":[{"name":"wp","href":"https:\/\/api.w.org\/{rel}","templated":true}]}}