{"id":1942,"date":"2024-01-20T15:39:55","date_gmt":"2024-01-20T15:39:55","guid":{"rendered":"https:\/\/quickpercentcalc.com\/ymislegt\/reiknivel-fyrir-gjalddaga\/"},"modified":"2025-04-08T15:20:37","modified_gmt":"2025-04-08T15:20:37","slug":"reiknivel-fyrir-gjalddaga","status":"publish","type":"page","link":"https:\/\/quickpercentcalc.com\/is\/ymislegt\/reiknivel-fyrir-gjalddaga\/","title":{"rendered":"Reikniv\u00e9l fyrir gjalddaga"},"content":{"rendered":"\n<p>Reikna\u00f0u gjalddaga. Reikniv\u00e9lin okkar fyrir gjalddaga gerir \u00fe\u00e9r kleift a\u00f0 velja fyrsta dag s\u00ed\u00f0asta bl\u00e6\u00f0inga og gefur \u00fe\u00e9r \u00e1\u00e6tla\u00f0an gjalddaga. <\/p>\n\n<p>\u00deessi reikniv\u00e9l byggir \u00e1 sta\u00f0la\u00f0ri forsendu a\u00f0 \u00fea\u00f0 s\u00e9u 283 dagar fr\u00e1 fyrsta degi s\u00ed\u00f0asta t\u00edmabils til gjalddaga. \u00dea\u00f0 gefur upp \u00e1\u00e6tla\u00f0an gjalddaga og hva\u00f0a me\u00f0g\u00f6nguviku \u00fe\u00fa ert \u00ed n\u00fana. Afbrig\u00f0i geta \u00e1tt s\u00e9r sta\u00f0 og engin \u00e1byrg\u00f0 er tekin \u00e1 hugsanlegri \u00f3n\u00e1kv\u00e6mni.  <\/p>\n\n<h2 class=\"wp-block-heading\">Hvernig \u00e1 a\u00f0 reikna \u00fat gjalddaga<\/h2>\n\n<p>Gjalddagi er venjulega reikna\u00f0ur \u00fat me\u00f0 \u00fev\u00ed a\u00f0 b\u00e6ta vi\u00f0 283 d\u00f6gum fr\u00e1 fyrsta degi s\u00ed\u00f0ustu t\u00ed\u00f0abl\u00e6\u00f0inga. Til d\u00e6mis, ef \u00feessi dagur v\u00e6ri 12\/01\/2023, v\u00e6ri gjalddagi 09\/09\/2024. <\/p>\n\n<h2 class=\"wp-block-heading\">Reikniv\u00e9l fyrir gjalddaga<\/h2>\n\n<label for=\"sisteMenstruasjon\">Fyrsti dagur s\u00ed\u00f0asta t\u00edmabils (smelltu til a\u00f0 velja dagsetningu):<\/label><br\/><input type=\"date\" id=\"sisteMenstruasjon\" placeholder=\"DD.MM.\u00c1\u00c1\u00c1\u00c1\"\/>\n<br\/><br\/>\n<input type=\"button\" id=\"regnUtTermin\" value=\"Reikna\u00f0u gjalddaga\" onclick=\"regnUtTermin()\"\/>\n<br\/><br\/>\n<div id=\"resultatBoks\" style=\"visibility: hidden;\">\n    <span>\u00c1\u00e6tla\u00f0ur gjalddagi:<\/span><br\/>    <span id=\"resultat\" class=\"kalkyleResultat\"><\/span><br\/>    <span id=\"svangerskapsuke\"><\/span>\n<\/div>\n\n<script>\n    function regnUtTermin() {\n        var lmp = new Date(document.getElementById(\"sisteMenstruasjon\").value);\n        var iDag = new Date();\n\n        \/\/ Add 283 days (approximately 40 weeks) to the date\n        var terminDato = new Date(lmp);\n        terminDato.setDate(lmp.getDate() + 283);\n\n        \/\/ Calculate the difference in days and convert to weeks\n        var forskjell = iDag.getTime() - lmp.getTime();\n        var dager = Math.floor(forskjell \/ (1000 * 3600 * 24));\n        var svangerskapsuke = Math.floor(dager \/ 7);\n\n        \/\/ Format date to MM\/DD\/YYYY\n        var mm = String(terminDato.getMonth() + 1).padStart(2, '0');\n        var dd = String(terminDato.getDate()).padStart(2, '0');\n        var yyyy = terminDato.getFullYear();\n        var formatertTerminDato = mm + '\/' + dd + '\/' + yyyy;\n\n        \/\/ Display result\n        document.getElementById(\"resultat\").innerHTML = formatertTerminDato;\n        document.getElementById(\"svangerskapsuke\").innerHTML = \"You are now in week \" + svangerskapsuke + \" of your pregnancy.\";\n\n        \/\/ Make result visible\n        document.getElementById(\"resultatBoks\").style.visibility = \"initial\";\n    }\n<\/script>\n\n\n<h2 class=\"wp-block-heading\">Grunnatri\u00f0i me\u00f0g\u00f6ngulengd<\/h2>\n\n<p>Me\u00f0al\u00feungun varir \u00ed um 40 vikur fr\u00e1 fyrsta degi s\u00ed\u00f0asta bl\u00e6\u00f0inga. Hins vegar er mikilv\u00e6gt a\u00f0 muna a\u00f0 lengdin getur veri\u00f0 mismunandi vegna \u00fe\u00e1tta eins og erf\u00f0afr\u00e6\u00f0i, heilsu og fyrri me\u00f0g\u00f6ngu. <\/p>\n\n<h2 class=\"wp-block-heading\">A\u00f0fer\u00f0ir til a\u00f0 reikna \u00fat gjalddaga<\/h2>\n\n<p>Hef\u00f0 er fyrir \u00fev\u00ed a\u00f0 gjalddagi er reikna\u00f0ur fr\u00e1 fyrsta degi s\u00ed\u00f0asta t\u00ed\u00f0ahring konu. Snemma \u00f3msko\u00f0un hj\u00e1lpar einnig til vi\u00f0 a\u00f0 \u00e1kvar\u00f0a n\u00e1kv\u00e6mari gjalddaga. \u00deetta er mikilv\u00e6gt fyrir t\u00edmasetningu f\u00e6\u00f0ingarsko\u00f0unar og undirb\u00fanings fyrir f\u00e6\u00f0ingu.  <\/p>\n\n<h2 class=\"wp-block-heading\">Mikilv\u00e6gi n\u00e1kv\u00e6ms gjalddaga\u00fatreiknings<\/h2>\n\n<p>N\u00e1kv\u00e6m gjalddagi er mikilv\u00e6gur til a\u00f0 fylgjast me\u00f0 me\u00f0g\u00f6ngu og skipuleggja f\u00e6\u00f0ingu. \u00dea\u00f0 hj\u00e1lpar einnig heilbrig\u00f0isstarfsm\u00f6nnum a\u00f0 stj\u00f3rna og bera kennsl \u00e1 fylgikvilla sem geta komi\u00f0 upp. <\/p>\n\n<h2 class=\"wp-block-heading\">Algengar ranghugmyndir um gjalddaga<\/h2>\n\n<p>\u00dea\u00f0 eru margar go\u00f0sagnir og ranghugmyndir um gjalddaga og me\u00f0g\u00f6ngu. Sumir telja a\u00f0 allar me\u00f0g\u00f6ngur standi \u00ed n\u00e1kv\u00e6mlega 40 vikur, en \u00fea\u00f0 er sjaldan raunin. \u00dea\u00f0 er mikilv\u00e6gt a\u00f0 skilja a\u00f0 gjalddagi er \u00e1\u00e6tlun, ekki n\u00e1kv\u00e6m v\u00edsindi.  <\/p>\n\n<h2 class=\"wp-block-heading\">Reikna gjalddaga \u00e1n reikniv\u00e9lar<\/h2>\n\n<p>\u00de\u00f3 a\u00f0 gjalddagareikniv\u00e9lar s\u00e9u vins\u00e6l verkf\u00e6ri, \u00fe\u00e1 er l\u00edka h\u00e6gt a\u00f0 reikna \u00fat gjalddaga handvirkt. B\u00e6ttu bara 280 d\u00f6gum (40 vikum) vi\u00f0 fyrsta dag s\u00ed\u00f0asta bl\u00e6\u00f0inga. M\u00f6rgum finnst \u00feessi a\u00f0fer\u00f0 pers\u00f3nulegri og \u00e1n\u00e6gjulegri.  <\/p>\n\n<h2 class=\"wp-block-heading\">R\u00e1\u00f0 til a\u00f0 fylgjast me\u00f0 framvindu me\u00f0g\u00f6ngu<\/h2>\n\n<p>Reglulegar l\u00e6knisheims\u00f3knir eru nau\u00f0synlegar til a\u00f0 fylgjast me\u00f0 framvindu me\u00f0g\u00f6ngunnar. \u00dea\u00f0 er l\u00edka mikilv\u00e6gt fyrir barnshafandi manneskju a\u00f0 vera me\u00f0vitu\u00f0 um merki l\u00edkamans, svo sem hreyfingar f\u00f3sturs og almenna heilsu. <\/p>\n\n<h2 class=\"wp-block-heading\">Gjalddagi og f\u00e6\u00f0ingarundirb\u00faningur<\/h2>\n\n<p>\u00deegar skiladagur n\u00e1lgast ver\u00f0ur mikilv\u00e6gt a\u00f0 b\u00faa sig undir f\u00e6\u00f0ingu. \u00deetta felur \u00ed s\u00e9r a\u00f0 velja f\u00e6\u00f0ingara\u00f0fer\u00f0, \u00e1kve\u00f0a f\u00e6\u00f0ingarsta\u00f0 og r\u00e6\u00f0a f\u00e6\u00f0ingar\u00e1\u00e6tlunina vi\u00f0 heilbrig\u00f0isstarfsmenn. <\/p>\n\n<h2 class=\"wp-block-heading\">Samskipti vi\u00f0 heilbrig\u00f0isstarfsmenn<\/h2>\n\n<p>Opin og hei\u00f0arleg samskipti vi\u00f0 lj\u00f3sm\u00f3\u00f0ur e\u00f0a l\u00e6kni eru l\u00edfsnau\u00f0synleg fyrir \u00f6rugga og heilbrig\u00f0a me\u00f0g\u00f6ngu. A\u00f0 tala um gjalddaga hj\u00e1lpar ver\u00f0andi foreldrum a\u00f0 vita hverju \u00feeir eiga a\u00f0 b\u00faast vi\u00f0 vikurnar fyrir og eftir \u00e1\u00e6tla\u00f0an dag. <\/p>\n\n<h2 class=\"wp-block-heading\">A\u00f0laga l\u00edfsst\u00edl \u00ed kringum gjalddaga<\/h2>\n\n<p>\u00c1 s\u00ed\u00f0ustu vikum me\u00f0g\u00f6ngu er mikilv\u00e6gt a\u00f0 laga l\u00edfsst\u00edlinn til a\u00f0 undirb\u00faa f\u00e6\u00f0ingu og foreldrahlutverki\u00f0. \u00deetta g\u00e6ti fali\u00f0 \u00ed s\u00e9r breytingar \u00ed vinnunni, heima og \u00ed daglegum venjum. <\/p>\n\n<h2 class=\"wp-block-heading\">Me\u00f0h\u00f6ndlun \u00e1 t\u00edmab\u00e6rri me\u00f0g\u00f6ngu<\/h2>\n\n<p>Sumar me\u00f0g\u00f6ngur fara fram yfir gjalddaga. \u00cd sl\u00edkum tilvikum geta l\u00e6knar stungi\u00f0 upp \u00e1 l\u00e6knisfr\u00e6\u00f0ilegum inngripum e\u00f0a n\u00e1tt\u00farulegum a\u00f0fer\u00f0um til a\u00f0 framkalla f\u00e6\u00f0ingu. \u00dea\u00f0 er mikilv\u00e6gt a\u00f0 r\u00e6\u00f0a \u00feessa valkosti r\u00e6kilega vi\u00f0 heilbrig\u00f0isstarfsmenn.  <\/p>\n\n<h2 class=\"wp-block-heading\">S\u00e1lfr\u00e6\u00f0ileg \u00e1hrif gjalddaga<\/h2>\n\n<p>\u00dea\u00f0 getur veri\u00f0 andlega krefjandi a\u00f0 n\u00e1lgast e\u00f0a fara yfir gjalddaga. \u00dea\u00f0 er mikilv\u00e6gt a\u00f0 leita stu\u00f0nings fr\u00e1 fj\u00f6lskyldu, vinum og fagf\u00f3lki til a\u00f0 takast \u00e1 vi\u00f0 \u00feennan t\u00edma. <\/p>\n\n<h3 class=\"wp-block-heading\">Gjalddagi og undirb\u00faningur fyrir foreldrahlutverki\u00f0<\/h3>\n\n<p>Undirb\u00faningur fyrir foreldrahlutverki\u00f0 er mikilv\u00e6gur hluti af me\u00f0g\u00f6ngu. \u00dea\u00f0 eru m\u00f6rg n\u00e1mskei\u00f0 og \u00farr\u00e6\u00f0i \u00ed bo\u00f0i fyrir ver\u00f0andi foreldra sem n\u00e1 yfir allt fr\u00e1 undirb\u00faningi f\u00e6\u00f0ingar til grunnum\u00f6nnunar barna. <\/p>\n\n<h2 class=\"wp-block-heading\">Algengar spurningar um gjalddaga<\/h2>\n\n<ul class=\"wp-block-list\">\n<li><strong>Hversu n\u00e1kv\u00e6mur er \u00fatreikningur gjalddaga bygg\u00f0ur \u00e1 t\u00ed\u00f0ahringnum?<\/strong>  Gjalddagi mi\u00f0a\u00f0 vi\u00f0 t\u00ed\u00f0ahring er algeng a\u00f0fer\u00f0, en raunveruleg f\u00e6\u00f0ing getur veri\u00f0 breytileg um allt a\u00f0 tv\u00e6r vikur.<\/li>\n\n\n\n<li><strong>Getur \u00f3msko\u00f0un gefi\u00f0 n\u00e1kv\u00e6mari gjalddaga?<\/strong>  J\u00e1, \u00f3msko\u00f0un snemma \u00e1 me\u00f0g\u00f6ngu getur oft gefi\u00f0 n\u00e1kv\u00e6mara mat \u00e1 gjalddaga.<\/li>\n<\/ul>\n","protected":false},"excerpt":{"rendered":"<p>Reikna\u00f0u gjalddaga. Reikniv\u00e9lin okkar fyrir gjalddaga gerir \u00fe\u00e9r kleift a\u00f0 velja fyrsta dag s\u00ed\u00f0asta bl\u00e6\u00f0inga og gefur \u00fe\u00e9r \u00e1\u00e6tla\u00f0an gjalddaga. [&hellip;]<\/p>\n","protected":false},"author":1,"featured_media":0,"parent":1774,"menu_order":0,"comment_status":"closed","ping_status":"closed","template":"kalkulator-side.php","meta":{"site-sidebar-layout":"default","site-content-layout":"default","ast-site-content-layout":"default","site-content-style":"default","site-sidebar-style":"default","ast-global-header-display":"","ast-banner-title-visibility":"","ast-main-header-display":"","ast-hfb-above-header-display":"","ast-hfb-below-header-display":"","ast-hfb-mobile-header-display":"","site-post-title":"","ast-breadcrumbs-content":"","ast-featured-img":"","footer-sml-layout":"","theme-transparent-header-meta":"default","adv-header-id-meta":"","stick-header-meta":"default","header-above-stick-meta":"","header-main-stick-meta":"","header-below-stick-meta":"","astra-migrate-meta-layouts":"default","ast-page-background-enabled":"default","ast-page-background-meta":{"desktop":{"background-color":"var(--ast-global-color-5)","background-image":"","background-repeat":"repeat","background-position":"center center","background-size":"auto","background-attachment":"scroll","background-type":"","background-media":"","overlay-type":"","overlay-color":"","overlay-opacity":"","overlay-gradient":""},"tablet":{"background-color":"","background-image":"","background-repeat":"repeat","background-position":"center center","background-size":"auto","background-attachment":"scroll","background-type":"","background-media":"","overlay-type":"","overlay-color":"","overlay-opacity":"","overlay-gradient":""},"mobile":{"background-color":"","background-image":"","background-repeat":"repeat","background-position":"center center","background-size":"auto","background-attachment":"scroll","background-type":"","background-media":"","overlay-type":"","overlay-color":"","overlay-opacity":"","overlay-gradient":""}},"ast-content-background-meta":{"desktop":{"background-color":"var(--ast-global-color-4)","background-image":"","background-repeat":"repeat","background-position":"center center","background-size":"auto","background-attachment":"scroll","background-type":"","background-media":"","overlay-type":"","overlay-color":"","overlay-opacity":"","overlay-gradient":""},"tablet":{"background-color":"var(--ast-global-color-4)","background-image":"","background-repeat":"repeat","background-position":"center center","background-size":"auto","background-attachment":"scroll","background-type":"","background-media":"","overlay-type":"","overlay-color":"","overlay-opacity":"","overlay-gradient":""},"mobile":{"background-color":"var(--ast-global-color-4)","background-image":"","background-repeat":"repeat","background-position":"center center","background-size":"auto","background-attachment":"scroll","background-type":"","background-media":"","overlay-type":"","overlay-color":"","overlay-opacity":"","overlay-gradient":""}},"footnotes":""},"class_list":["post-1942","page","type-page","status-publish","hentry"],"yoast_head":"<!-- This site is optimized with the Yoast SEO plugin v25.5 - https:\/\/yoast.com\/wordpress\/plugins\/seo\/ -->\n<title>Reikniv\u00e9l fyrir gjalddaga - \u00c1\u00e6tla f\u00e6\u00f0ingardag<\/title>\n<meta name=\"robots\" content=\"index, follow, max-snippet:-1, max-image-preview:large, max-video-preview:-1\" \/>\n<link rel=\"canonical\" href=\"https:\/\/quickpercentcalc.com\/is\/ymislegt\/reiknivel-fyrir-gjalddaga\/\" \/>\n<meta property=\"og:locale\" content=\"is_IS\" \/>\n<meta property=\"og:type\" content=\"article\" \/>\n<meta property=\"og:title\" content=\"Reikniv\u00e9l fyrir gjalddaga - \u00c1\u00e6tla f\u00e6\u00f0ingardag\" \/>\n<meta property=\"og:description\" content=\"Reikna\u00f0u gjalddaga. Reikniv\u00e9lin okkar fyrir gjalddaga gerir \u00fe\u00e9r kleift a\u00f0 velja fyrsta dag s\u00ed\u00f0asta bl\u00e6\u00f0inga og gefur \u00fe\u00e9r \u00e1\u00e6tla\u00f0an gjalddaga. [&hellip;]\" \/>\n<meta property=\"og:url\" content=\"https:\/\/quickpercentcalc.com\/is\/ymislegt\/reiknivel-fyrir-gjalddaga\/\" \/>\n<meta property=\"og:site_name\" content=\"Quick Percent Calculator\" \/>\n<meta property=\"article:modified_time\" content=\"2025-04-08T15:20:37+00:00\" \/>\n<meta name=\"twitter:card\" content=\"summary_large_image\" \/>\n<meta name=\"twitter:label1\" content=\"Est. reading time\" \/>\n\t<meta name=\"twitter:data1\" content=\"4 minutes\" \/>\n<script type=\"application\/ld+json\" class=\"yoast-schema-graph\">{\"@context\":\"https:\/\/schema.org\",\"@graph\":[{\"@type\":\"WebPage\",\"@id\":\"https:\/\/quickpercentcalc.com\/is\/ymislegt\/reiknivel-fyrir-gjalddaga\/\",\"url\":\"https:\/\/quickpercentcalc.com\/is\/ymislegt\/reiknivel-fyrir-gjalddaga\/\",\"name\":\"Reikniv\u00e9l fyrir gjalddaga - \u00c1\u00e6tla f\u00e6\u00f0ingardag\",\"isPartOf\":{\"@id\":\"https:\/\/quickpercentcalc.com\/is\/#website\"},\"datePublished\":\"2024-01-20T15:39:55+00:00\",\"dateModified\":\"2025-04-08T15:20:37+00:00\",\"breadcrumb\":{\"@id\":\"https:\/\/quickpercentcalc.com\/is\/ymislegt\/reiknivel-fyrir-gjalddaga\/#breadcrumb\"},\"inLanguage\":\"is\",\"potentialAction\":[{\"@type\":\"ReadAction\",\"target\":[\"https:\/\/quickpercentcalc.com\/is\/ymislegt\/reiknivel-fyrir-gjalddaga\/\"]}]},{\"@type\":\"BreadcrumbList\",\"@id\":\"https:\/\/quickpercentcalc.com\/is\/ymislegt\/reiknivel-fyrir-gjalddaga\/#breadcrumb\",\"itemListElement\":[{\"@type\":\"ListItem\",\"position\":1,\"name\":\"Home\",\"item\":\"https:\/\/quickpercentcalc.com\/is\/\"},{\"@type\":\"ListItem\",\"position\":2,\"name\":\"\u00ddmislegt\",\"item\":\"https:\/\/quickpercentcalc.com\/is\/misc\/\"},{\"@type\":\"ListItem\",\"position\":3,\"name\":\"Reikniv\u00e9l fyrir gjalddaga\"}]},{\"@type\":\"WebSite\",\"@id\":\"https:\/\/quickpercentcalc.com\/is\/#website\",\"url\":\"https:\/\/quickpercentcalc.com\/is\/\",\"name\":\"Quick Percent Calculator\",\"description\":\"\",\"potentialAction\":[{\"@type\":\"SearchAction\",\"target\":{\"@type\":\"EntryPoint\",\"urlTemplate\":\"https:\/\/quickpercentcalc.com\/is\/?s={search_term_string}\"},\"query-input\":{\"@type\":\"PropertyValueSpecification\",\"valueRequired\":true,\"valueName\":\"search_term_string\"}}],\"inLanguage\":\"is\"}]}<\/script>\n<!-- \/ Yoast SEO plugin. -->","yoast_head_json":{"title":"Reikniv\u00e9l fyrir gjalddaga - \u00c1\u00e6tla f\u00e6\u00f0ingardag","robots":{"index":"index","follow":"follow","max-snippet":"max-snippet:-1","max-image-preview":"max-image-preview:large","max-video-preview":"max-video-preview:-1"},"canonical":"https:\/\/quickpercentcalc.com\/is\/ymislegt\/reiknivel-fyrir-gjalddaga\/","og_locale":"is_IS","og_type":"article","og_title":"Reikniv\u00e9l fyrir gjalddaga - \u00c1\u00e6tla f\u00e6\u00f0ingardag","og_description":"Reikna\u00f0u gjalddaga. Reikniv\u00e9lin okkar fyrir gjalddaga gerir \u00fe\u00e9r kleift a\u00f0 velja fyrsta dag s\u00ed\u00f0asta bl\u00e6\u00f0inga og gefur \u00fe\u00e9r \u00e1\u00e6tla\u00f0an gjalddaga. [&hellip;]","og_url":"https:\/\/quickpercentcalc.com\/is\/ymislegt\/reiknivel-fyrir-gjalddaga\/","og_site_name":"Quick Percent Calculator","article_modified_time":"2025-04-08T15:20:37+00:00","twitter_card":"summary_large_image","twitter_misc":{"Est. reading time":"4 minutes"},"schema":{"@context":"https:\/\/schema.org","@graph":[{"@type":"WebPage","@id":"https:\/\/quickpercentcalc.com\/is\/ymislegt\/reiknivel-fyrir-gjalddaga\/","url":"https:\/\/quickpercentcalc.com\/is\/ymislegt\/reiknivel-fyrir-gjalddaga\/","name":"Reikniv\u00e9l fyrir gjalddaga - \u00c1\u00e6tla f\u00e6\u00f0ingardag","isPartOf":{"@id":"https:\/\/quickpercentcalc.com\/is\/#website"},"datePublished":"2024-01-20T15:39:55+00:00","dateModified":"2025-04-08T15:20:37+00:00","breadcrumb":{"@id":"https:\/\/quickpercentcalc.com\/is\/ymislegt\/reiknivel-fyrir-gjalddaga\/#breadcrumb"},"inLanguage":"is","potentialAction":[{"@type":"ReadAction","target":["https:\/\/quickpercentcalc.com\/is\/ymislegt\/reiknivel-fyrir-gjalddaga\/"]}]},{"@type":"BreadcrumbList","@id":"https:\/\/quickpercentcalc.com\/is\/ymislegt\/reiknivel-fyrir-gjalddaga\/#breadcrumb","itemListElement":[{"@type":"ListItem","position":1,"name":"Home","item":"https:\/\/quickpercentcalc.com\/is\/"},{"@type":"ListItem","position":2,"name":"\u00ddmislegt","item":"https:\/\/quickpercentcalc.com\/is\/misc\/"},{"@type":"ListItem","position":3,"name":"Reikniv\u00e9l fyrir gjalddaga"}]},{"@type":"WebSite","@id":"https:\/\/quickpercentcalc.com\/is\/#website","url":"https:\/\/quickpercentcalc.com\/is\/","name":"Quick Percent Calculator","description":"","potentialAction":[{"@type":"SearchAction","target":{"@type":"EntryPoint","urlTemplate":"https:\/\/quickpercentcalc.com\/is\/?s={search_term_string}"},"query-input":{"@type":"PropertyValueSpecification","valueRequired":true,"valueName":"search_term_string"}}],"inLanguage":"is"}]}},"_links":{"self":[{"href":"https:\/\/quickpercentcalc.com\/is\/wp-json\/wp\/v2\/pages\/1942","targetHints":{"allow":["GET"]}}],"collection":[{"href":"https:\/\/quickpercentcalc.com\/is\/wp-json\/wp\/v2\/pages"}],"about":[{"href":"https:\/\/quickpercentcalc.com\/is\/wp-json\/wp\/v2\/types\/page"}],"author":[{"embeddable":true,"href":"https:\/\/quickpercentcalc.com\/is\/wp-json\/wp\/v2\/users\/1"}],"replies":[{"embeddable":true,"href":"https:\/\/quickpercentcalc.com\/is\/wp-json\/wp\/v2\/comments?post=1942"}],"version-history":[{"count":1,"href":"https:\/\/quickpercentcalc.com\/is\/wp-json\/wp\/v2\/pages\/1942\/revisions"}],"predecessor-version":[{"id":1943,"href":"https:\/\/quickpercentcalc.com\/is\/wp-json\/wp\/v2\/pages\/1942\/revisions\/1943"}],"up":[{"embeddable":true,"href":"https:\/\/quickpercentcalc.com\/is\/wp-json\/wp\/v2\/pages\/1774"}],"wp:attachment":[{"href":"https:\/\/quickpercentcalc.com\/is\/wp-json\/wp\/v2\/media?parent=1942"}],"curies":[{"name":"wp","href":"https:\/\/api.w.org\/{rel}","templated":true}]}}