{"id":2156,"date":"2021-12-16T12:00:05","date_gmt":"2021-12-16T12:00:05","guid":{"rendered":"https:\/\/quickpercentcalc.com\/vidskiptahagfraedi\/vsk-reiknivel\/"},"modified":"2025-04-25T20:03:34","modified_gmt":"2025-04-25T20:03:34","slug":"vsk-reiknivel","status":"publish","type":"page","link":"https:\/\/quickpercentcalc.com\/is\/vidskiptahagfraedi\/vsk-reiknivel\/","title":{"rendered":"VSK reikniv\u00e9l"},"content":{"rendered":"\n<p>Reikna\u00f0u vir\u00f0isaukaskatt (VSK). \u00deessi vir\u00f0isaukaskattsreikniv\u00e9l hj\u00e1lpar \u00fe\u00e9r a\u00f0 reikna \u00fat b\u00e6\u00f0i vir\u00f0isaukaskattsupph\u00e6\u00f0ir me\u00f0 og \u00e1n vir\u00f0isaukaskatts, svo og vir\u00f0isaukaskattsvir\u00f0i\u00f0 sj\u00e1lft. <\/p>\n\n<p>Vir\u00f0isaukaskattur (VSK) er neysluskattur sem lag\u00f0ur er \u00e1 v\u00f6rur og \u00fej\u00f3nustu. \u00deessi reikniv\u00e9l s\u00fdnir hversu mikill VSK er innifalinn \u00ed ver\u00f0i og gerir \u00fe\u00e9r kleift a\u00f0 reikna \u00fat upph\u00e6\u00f0ir me\u00f0 e\u00f0a \u00e1n VSK me\u00f0 \u00fev\u00ed a\u00f0 nota \u00feitt eigi\u00f0 VSK-hlutfall. <\/p>\n\n<p>Form\u00fala fyrir upph\u00e6\u00f0 <strong>me\u00f0<\/strong> VSK:<\/p>\n\n<div class=\"formel\">\n  $$Upph\u00e6\u00f0~\u00e1n~VSK \\times (1 + \\frac{VSK~rate}{100} )$$\n<\/div>\n<br\/><br\/>\n\n<p>Form\u00fala fyrir upph\u00e6\u00f0 <strong>\u00e1n<\/strong> VSK:<\/p>\n\n<div class=\"formel\">\n  $$\\frac{Upph\u00e6\u00f0~me\u00f0~VSK}{1 + \\frac{VSK~hlutfall}{100} }$$\n<\/div>\n<br\/><br\/>\n\n<p>Form\u00fala til a\u00f0 finna VSK upph\u00e6\u00f0:<\/p>\n\n<div class=\"formel\">\n  $$Amount~me\u00f0~VSK &#8211; Upph\u00e6\u00f0~\u00e1n~VSK$$\n<\/div>\n<br\/><br\/>\n\n<h2 class=\"wp-block-heading\">VSK reikniv\u00e9l<\/h2>\n\n<script>\nfunction regnUt() {\n    document.getElementById(\"feilmeld\").style.visibility = \"hidden\";\n    document.getElementById(\"resultatBoks\").style.visibility = \"hidden\";\n\n    var belop = parseFloat(document.getElementById(\"belop\").value.replace(\/,\/g, \".\"));\n    var sats = parseFloat(document.getElementById(\"sats\").value.replace(\/,\/g, \".\"));\n\n    if (isNaN(belop) || isNaN(sats)) {\n        document.getElementById(\"feilmeld\").style.visibility = \"visible\";\n        return;\n    }\n\n    var inklmva = \"\";\n    var ekslmva = \"\";\n    var mva = 0;\n    var utregning = 0;\n\n    if (document.getElementById(\"inklmva\").checked) {\n        mva = belop * sats \/ 100;\n        utregning = belop + mva;\n    } else {\n        mva = belop - (belop \/ (1 + sats \/ 100));\n        utregning = belop \/ (1 + sats \/ 100);\n    }\n\n    if (utregning % 1 !== 0) {\n        utregning = utregning.toFixed(2);\n    } else {\n        utregning = utregning.toFixed();\n    }\n\n    if (mva % 1 !== 0) {\n        mva = mva.toFixed(2);\n    } else {\n        mva = mva.toFixed();\n    }\n\n    var utregning2 = \"\";\n    if (document.getElementById(\"inklmva\").checked) {\n        inklmva = belop.toFixed(2) + \" excl. VAT = \" + utregning + \" incl. VAT\";\n        utregning2 = inklmva;\n    } else {\n        ekslmva = belop.toFixed(2) + \" incl. VAT = \" + utregning + \" excl. VAT\";\n        utregning2 = ekslmva;\n    }\n\n    document.getElementById(\"resultat\").innerHTML = utregning2;\n    document.getElementById(\"mvaresultat\").innerHTML = mva;\n    document.getElementById(\"resultatBoks\").style.visibility = \"initial\";\n}\n<\/script>\n\n<label for=\"belop\">Upph\u00e6\u00f0<\/label><br\/><input type=\"number\" id=\"belop\" min=\"0\" step=\"0.01\"\/>\n<br\/><br\/><label for=\"sats\">VSK hlutfall (%)<\/label><br\/><input type=\"number\" id=\"sats\" min=\"0\" value=\"25\" step=\"0.01\"\/>\n<br\/><br\/>\n<input type=\"radio\" id=\"ekslmva\" name=\"mva\" checked=\"checked\"\/>\n<label for=\"ekslmva\">\u00c9g vil finna upph\u00e6\u00f0 \u00e1n VSK<\/label><br\/><input type=\"radio\" id=\"inklmva\" name=\"mva\"\/>\n<label for=\"inklmva\">\u00c9g vil finna upph\u00e6\u00f0 me\u00f0 vsk<\/label><br\/><input type=\"button\" id=\"regnut\" value=\"Reikna\u00f0u\" onclick=\"regnUt()\"\/>\n<br\/><br\/><span id=\"feilmeld\" style=\"visibility: hidden; color: red;\">Vinsamlegast fylltu \u00fat alla reiti<\/span>\n<div id=\"resultatBoks\" style=\"visibility: hidden;\">\n    <span>Ni\u00f0ursta\u00f0a:<\/span><br\/><span id=\"resultat\" class=\"kalkyleResultat\"><\/span><br\/> <span>VSK upph\u00e6\u00f0:<\/span> <span id=\"mvaresultat\" class=\"mvaresultat\"><\/span>\n<\/div>\n\n<div style=\"height:100px\" aria-hidden=\"true\" class=\"wp-block-spacer\"><\/div>\n\n<h2 class=\"wp-block-heading\">Hva\u00f0 er vir\u00f0isaukaskattur?<\/h2>\n\n<p>Vir\u00f0isaukaskattur, e\u00f0a vir\u00f0isaukaskattur, er skattur sem lag\u00f0ur er \u00e1 kaup \u00e1 v\u00f6rum og \u00fej\u00f3nustu. \u00c1 me\u00f0an neytandinn grei\u00f0ir skattinn er hann innheimtur og sendur til r\u00edkisins af fyrirt\u00e6kinu sem selur v\u00f6runa e\u00f0a \u00fej\u00f3nustuna. VSK-hlutf\u00f6ll eru mismunandi milli landa og stundum milli v\u00f6rutegunda. \u00cd m\u00f6rgum Evr\u00f3pul\u00f6ndum er sta\u00f0la\u00f0 vir\u00f0isaukaskattshlutfall um 20\u201325%, me\u00f0 l\u00e6kku\u00f0um hlutum eins og mat, flutningum og menningar\u00fej\u00f3nustu.   <\/p>\n","protected":false},"excerpt":{"rendered":"<p>Reikna\u00f0u vir\u00f0isaukaskatt (VSK). \u00deessi vir\u00f0isaukaskattsreikniv\u00e9l hj\u00e1lpar \u00fe\u00e9r a\u00f0 reikna \u00fat b\u00e6\u00f0i vir\u00f0isaukaskattsupph\u00e6\u00f0ir me\u00f0 og \u00e1n vir\u00f0isaukaskatts, svo og vir\u00f0isaukaskattsvir\u00f0i\u00f0 sj\u00e1lft. [&hellip;]<\/p>\n","protected":false},"author":1,"featured_media":0,"parent":1987,"menu_order":0,"comment_status":"closed","ping_status":"closed","template":"kalkulator-side.php","meta":{"site-sidebar-layout":"default","site-content-layout":"default","ast-site-content-layout":"default","site-content-style":"default","site-sidebar-style":"default","ast-global-header-display":"","ast-banner-title-visibility":"","ast-main-header-display":"","ast-hfb-above-header-display":"","ast-hfb-below-header-display":"","ast-hfb-mobile-header-display":"","site-post-title":"","ast-breadcrumbs-content":"","ast-featured-img":"","footer-sml-layout":"","theme-transparent-header-meta":"default","adv-header-id-meta":"","stick-header-meta":"default","header-above-stick-meta":"","header-main-stick-meta":"","header-below-stick-meta":"","astra-migrate-meta-layouts":"default","ast-page-background-enabled":"default","ast-page-background-meta":{"desktop":{"background-color":"var(--ast-global-color-5)","background-image":"","background-repeat":"repeat","background-position":"center center","background-size":"auto","background-attachment":"scroll","background-type":"","background-media":"","overlay-type":"","overlay-color":"","overlay-opacity":"","overlay-gradient":""},"tablet":{"background-color":"","background-image":"","background-repeat":"repeat","background-position":"center center","background-size":"auto","background-attachment":"scroll","background-type":"","background-media":"","overlay-type":"","overlay-color":"","overlay-opacity":"","overlay-gradient":""},"mobile":{"background-color":"","background-image":"","background-repeat":"repeat","background-position":"center center","background-size":"auto","background-attachment":"scroll","background-type":"","background-media":"","overlay-type":"","overlay-color":"","overlay-opacity":"","overlay-gradient":""}},"ast-content-background-meta":{"desktop":{"background-color":"var(--ast-global-color-4)","background-image":"","background-repeat":"repeat","background-position":"center center","background-size":"auto","background-attachment":"scroll","background-type":"","background-media":"","overlay-type":"","overlay-color":"","overlay-opacity":"","overlay-gradient":""},"tablet":{"background-color":"var(--ast-global-color-4)","background-image":"","background-repeat":"repeat","background-position":"center center","background-size":"auto","background-attachment":"scroll","background-type":"","background-media":"","overlay-type":"","overlay-color":"","overlay-opacity":"","overlay-gradient":""},"mobile":{"background-color":"var(--ast-global-color-4)","background-image":"","background-repeat":"repeat","background-position":"center center","background-size":"auto","background-attachment":"scroll","background-type":"","background-media":"","overlay-type":"","overlay-color":"","overlay-opacity":"","overlay-gradient":""}},"footnotes":""},"class_list":["post-2156","page","type-page","status-publish","hentry"],"yoast_head":"<!-- This site is optimized with the Yoast SEO plugin v25.5 - https:\/\/yoast.com\/wordpress\/plugins\/seo\/ -->\n<title>VSK Reikniv\u00e9l | Reikniv\u00e9l fyrir vir\u00f0isaukaskatt<\/title>\n<meta name=\"robots\" content=\"index, follow, max-snippet:-1, max-image-preview:large, max-video-preview:-1\" \/>\n<link rel=\"canonical\" href=\"https:\/\/quickpercentcalc.com\/is\/vidskiptahagfraedi\/vsk-reiknivel\/\" \/>\n<meta property=\"og:locale\" content=\"is_IS\" \/>\n<meta property=\"og:type\" content=\"article\" \/>\n<meta property=\"og:title\" content=\"VSK Reikniv\u00e9l | Reikniv\u00e9l fyrir vir\u00f0isaukaskatt\" \/>\n<meta property=\"og:description\" content=\"Reikna\u00f0u vir\u00f0isaukaskatt (VSK). \u00deessi vir\u00f0isaukaskattsreikniv\u00e9l hj\u00e1lpar \u00fe\u00e9r a\u00f0 reikna \u00fat b\u00e6\u00f0i vir\u00f0isaukaskattsupph\u00e6\u00f0ir me\u00f0 og \u00e1n vir\u00f0isaukaskatts, svo og vir\u00f0isaukaskattsvir\u00f0i\u00f0 sj\u00e1lft. [&hellip;]\" \/>\n<meta property=\"og:url\" content=\"https:\/\/quickpercentcalc.com\/is\/vidskiptahagfraedi\/vsk-reiknivel\/\" \/>\n<meta property=\"og:site_name\" content=\"Quick Percent Calculator\" \/>\n<meta property=\"article:modified_time\" content=\"2025-04-25T20:03:34+00:00\" \/>\n<meta name=\"twitter:card\" content=\"summary_large_image\" \/>\n<meta name=\"twitter:label1\" content=\"Est. reading time\" \/>\n\t<meta name=\"twitter:data1\" content=\"1 minute\" \/>\n<script type=\"application\/ld+json\" class=\"yoast-schema-graph\">{\"@context\":\"https:\/\/schema.org\",\"@graph\":[{\"@type\":\"WebPage\",\"@id\":\"https:\/\/quickpercentcalc.com\/is\/vidskiptahagfraedi\/vsk-reiknivel\/\",\"url\":\"https:\/\/quickpercentcalc.com\/is\/vidskiptahagfraedi\/vsk-reiknivel\/\",\"name\":\"VSK Reikniv\u00e9l | Reikniv\u00e9l fyrir vir\u00f0isaukaskatt\",\"isPartOf\":{\"@id\":\"https:\/\/quickpercentcalc.com\/is\/#website\"},\"datePublished\":\"2021-12-16T12:00:05+00:00\",\"dateModified\":\"2025-04-25T20:03:34+00:00\",\"breadcrumb\":{\"@id\":\"https:\/\/quickpercentcalc.com\/is\/vidskiptahagfraedi\/vsk-reiknivel\/#breadcrumb\"},\"inLanguage\":\"is\",\"potentialAction\":[{\"@type\":\"ReadAction\",\"target\":[\"https:\/\/quickpercentcalc.com\/is\/vidskiptahagfraedi\/vsk-reiknivel\/\"]}]},{\"@type\":\"BreadcrumbList\",\"@id\":\"https:\/\/quickpercentcalc.com\/is\/vidskiptahagfraedi\/vsk-reiknivel\/#breadcrumb\",\"itemListElement\":[{\"@type\":\"ListItem\",\"position\":1,\"name\":\"Home\",\"item\":\"https:\/\/quickpercentcalc.com\/is\/\"},{\"@type\":\"ListItem\",\"position\":2,\"name\":\"Vi\u00f0skiptahagfr\u00e6\u00f0i\",\"item\":\"https:\/\/quickpercentcalc.com\/is\/vidskiptahagfraedi\/\"},{\"@type\":\"ListItem\",\"position\":3,\"name\":\"VSK reikniv\u00e9l\"}]},{\"@type\":\"WebSite\",\"@id\":\"https:\/\/quickpercentcalc.com\/is\/#website\",\"url\":\"https:\/\/quickpercentcalc.com\/is\/\",\"name\":\"Quick Percent Calculator\",\"description\":\"\",\"potentialAction\":[{\"@type\":\"SearchAction\",\"target\":{\"@type\":\"EntryPoint\",\"urlTemplate\":\"https:\/\/quickpercentcalc.com\/is\/?s={search_term_string}\"},\"query-input\":{\"@type\":\"PropertyValueSpecification\",\"valueRequired\":true,\"valueName\":\"search_term_string\"}}],\"inLanguage\":\"is\"}]}<\/script>\n<!-- \/ Yoast SEO plugin. -->","yoast_head_json":{"title":"VSK Reikniv\u00e9l | Reikniv\u00e9l fyrir vir\u00f0isaukaskatt","robots":{"index":"index","follow":"follow","max-snippet":"max-snippet:-1","max-image-preview":"max-image-preview:large","max-video-preview":"max-video-preview:-1"},"canonical":"https:\/\/quickpercentcalc.com\/is\/vidskiptahagfraedi\/vsk-reiknivel\/","og_locale":"is_IS","og_type":"article","og_title":"VSK Reikniv\u00e9l | Reikniv\u00e9l fyrir vir\u00f0isaukaskatt","og_description":"Reikna\u00f0u vir\u00f0isaukaskatt (VSK). \u00deessi vir\u00f0isaukaskattsreikniv\u00e9l hj\u00e1lpar \u00fe\u00e9r a\u00f0 reikna \u00fat b\u00e6\u00f0i vir\u00f0isaukaskattsupph\u00e6\u00f0ir me\u00f0 og \u00e1n vir\u00f0isaukaskatts, svo og vir\u00f0isaukaskattsvir\u00f0i\u00f0 sj\u00e1lft. [&hellip;]","og_url":"https:\/\/quickpercentcalc.com\/is\/vidskiptahagfraedi\/vsk-reiknivel\/","og_site_name":"Quick Percent Calculator","article_modified_time":"2025-04-25T20:03:34+00:00","twitter_card":"summary_large_image","twitter_misc":{"Est. reading time":"1 minute"},"schema":{"@context":"https:\/\/schema.org","@graph":[{"@type":"WebPage","@id":"https:\/\/quickpercentcalc.com\/is\/vidskiptahagfraedi\/vsk-reiknivel\/","url":"https:\/\/quickpercentcalc.com\/is\/vidskiptahagfraedi\/vsk-reiknivel\/","name":"VSK Reikniv\u00e9l | Reikniv\u00e9l fyrir vir\u00f0isaukaskatt","isPartOf":{"@id":"https:\/\/quickpercentcalc.com\/is\/#website"},"datePublished":"2021-12-16T12:00:05+00:00","dateModified":"2025-04-25T20:03:34+00:00","breadcrumb":{"@id":"https:\/\/quickpercentcalc.com\/is\/vidskiptahagfraedi\/vsk-reiknivel\/#breadcrumb"},"inLanguage":"is","potentialAction":[{"@type":"ReadAction","target":["https:\/\/quickpercentcalc.com\/is\/vidskiptahagfraedi\/vsk-reiknivel\/"]}]},{"@type":"BreadcrumbList","@id":"https:\/\/quickpercentcalc.com\/is\/vidskiptahagfraedi\/vsk-reiknivel\/#breadcrumb","itemListElement":[{"@type":"ListItem","position":1,"name":"Home","item":"https:\/\/quickpercentcalc.com\/is\/"},{"@type":"ListItem","position":2,"name":"Vi\u00f0skiptahagfr\u00e6\u00f0i","item":"https:\/\/quickpercentcalc.com\/is\/vidskiptahagfraedi\/"},{"@type":"ListItem","position":3,"name":"VSK reikniv\u00e9l"}]},{"@type":"WebSite","@id":"https:\/\/quickpercentcalc.com\/is\/#website","url":"https:\/\/quickpercentcalc.com\/is\/","name":"Quick Percent Calculator","description":"","potentialAction":[{"@type":"SearchAction","target":{"@type":"EntryPoint","urlTemplate":"https:\/\/quickpercentcalc.com\/is\/?s={search_term_string}"},"query-input":{"@type":"PropertyValueSpecification","valueRequired":true,"valueName":"search_term_string"}}],"inLanguage":"is"}]}},"_links":{"self":[{"href":"https:\/\/quickpercentcalc.com\/is\/wp-json\/wp\/v2\/pages\/2156","targetHints":{"allow":["GET"]}}],"collection":[{"href":"https:\/\/quickpercentcalc.com\/is\/wp-json\/wp\/v2\/pages"}],"about":[{"href":"https:\/\/quickpercentcalc.com\/is\/wp-json\/wp\/v2\/types\/page"}],"author":[{"embeddable":true,"href":"https:\/\/quickpercentcalc.com\/is\/wp-json\/wp\/v2\/users\/1"}],"replies":[{"embeddable":true,"href":"https:\/\/quickpercentcalc.com\/is\/wp-json\/wp\/v2\/comments?post=2156"}],"version-history":[{"count":1,"href":"https:\/\/quickpercentcalc.com\/is\/wp-json\/wp\/v2\/pages\/2156\/revisions"}],"predecessor-version":[{"id":2157,"href":"https:\/\/quickpercentcalc.com\/is\/wp-json\/wp\/v2\/pages\/2156\/revisions\/2157"}],"up":[{"embeddable":true,"href":"https:\/\/quickpercentcalc.com\/is\/wp-json\/wp\/v2\/pages\/1987"}],"wp:attachment":[{"href":"https:\/\/quickpercentcalc.com\/is\/wp-json\/wp\/v2\/media?parent=2156"}],"curies":[{"name":"wp","href":"https:\/\/api.w.org\/{rel}","templated":true}]}}