{"id":1638,"date":"2024-11-20T08:03:02","date_gmt":"2024-11-20T08:03:02","guid":{"rendered":"https:\/\/quickpercentcalc.com\/matematica\/calcolatrice-da-pollici-a-cm\/"},"modified":"2025-04-07T18:35:44","modified_gmt":"2025-04-07T18:35:44","slug":"calcolatrice-da-pollici-a-cm","status":"publish","type":"page","link":"https:\/\/quickpercentcalc.com\/it\/matematica\/calcolatrice-da-pollici-a-cm\/","title":{"rendered":"Calcolatrice da pollici a cm"},"content":{"rendered":"\n<p>Questa calcolatrice si basa su un valore scelto in pollici o in cm da convertire nell&#8217;altra unit\u00e0.<\/p>\n\n<p>Ti sei mai chiesto come convertire i pollici in cm? Si tratta di una sfida comune, soprattutto quando si incontrano misure e dimensioni che non utilizzano il sistema metrico. <\/p> <p>Per sapere quanti centimetri ci sono in un pollice, devi semplicemente moltiplicare il numero di pollici per 2,54. Questo perch\u00e9 un pollice equivale a 2,54 cm. <\/p>\n<h2>Formula per convertire i pollici in cm:<\/h2>\n<style>\n.frac {<br \/>\n    display: inline-block;<br \/>\n    position: relative;<br \/>\n    vertical-align: middle;<br \/>\n    letter-spacing: 0.001em;<br \/>\n    text-align: center;<br \/>\n}<br \/>\n.frac > span {<br \/>\n    display: block;<br \/>\n    padding: 0.1em;<br \/>\n}<br \/>\n.frac span.bottom {<br \/>\n    border-top: thin solid black;<br \/>\n}<br \/>\n.frac span.symbol {<br \/>\n    display: none;<br \/>\n}<br \/>\n<\/style>\n<div class=\"formel\">numero di pollici x 2,54<\/div>\n<p>\nPossiamo facilmente invertire la formula per trovare quanti pollici ci sono in un dato valore di cm.<\/p>\n<h2>Formula per convertire i cm in pollici:<\/h2>\n<div class=\"formel\">numero di cm \u00f7 2,54<\/div>\n<h2>Convertire tra centimetri e pollici<\/h2>\n<p>Usa questa calcolatrice per convertire un valore da cm a pollici o da pollici a cm.<\/p>\n\n<label for=\"verdi\">Valore<\/label>\n<input id=\"verdi\" type=\"number\" placeholder=\"Inserisci il valore\"\/>\n\n<label for=\"retning\">Convertire:<\/label>\n<select id=\"retning\">\n<option value=\"cmToInches\">Da centimetri a pollici<\/option>\n<option value=\"inchesToCm\">Da pollici a centimetri<\/option>\n<\/select>\n\n<input id=\"regnut\" type=\"button\" value=\"Convertire\"\/>\n<div id=\"resultatBoks\" style=\"visibility: hidden;\">Risultato:\n<span id=\"resultat\" class=\"kalkyleResultat\"><\/span><\/div>\n<h2>Che cos&#8217;\u00e8 un pollice?<\/h2>\n<p>\nIl pollice \u00e8 un&#8217;unit\u00e0 di misura tradizionale comunemente utilizzata nei paesi di lingua inglese come gli Stati Uniti e il Regno Unito. Un pollice equivale esattamente a 2,54 centimetri e viene spesso utilizzato per misurare: <\/p>\n<ul>\n \t<li>Dimensioni dello schermo (ad esempio, TV, monitor di computer, telefoni)<\/li>\n \t<li>Taglie dei vestiti (ad esempio, misura della vita, lunghezza dei pantaloni)<\/li>\n \t<li>Legno e materiali da costruzione (ad esempio, larghezza e spessore delle tavole)<\/li>\n<\/ul>\n<h2>Che cos&#8217;\u00e8 un centimetro?<\/h2><p>\nIl centimetro (cm) \u00e8 un&#8217;unit\u00e0 di misura del sistema metrico, che \u00e8 lo standard nella maggior parte degli altri paesi. Il centimetro \u00e8 un centesimo di metro e viene utilizzato per misurare le lunghezze e le distanze, dalle attivit\u00e0 quotidiane ai calcoli scientifici. <\/p>\n\n<script>\ndocument.addEventListener(\"DOMContentLoaded\", function () {\n    document.getElementById(\"regnut\").addEventListener(\"click\", function () {\n        let verdi = parseFloat(document.getElementById(\"verdi\").value.replace(\/,\/g, \".\"));\n        let retning = document.getElementById(\"retning\").value;\n\n        if (isNaN(verdi)) {\n            alert(\"Please enter a valid number.\");\n            return;\n        }\n\n        let resultat;\n\n        if (retning === \"cmToInches\") {\n            resultat = verdi \/ 2.54;\n        } else if (retning === \"inchesToCm\") {\n            resultat = verdi * 2.54;\n        }\n\n        resultat = resultat % 1 !== 0 ? resultat.toFixed(2).replace(\".\", \",\") : resultat.toFixed();\n\n        document.getElementById(\"resultat\").innerHTML = resultat;\n        document.getElementById(\"resultatBoks\").style.visibility = \"visible\";\n    });\n});\n<\/script>\n\n","protected":false},"excerpt":{"rendered":"<p>Questa calcolatrice si basa su un valore scelto in pollici o in cm da convertire nell&#8217;altra unit\u00e0. Ti sei mai [&hellip;]<\/p>\n","protected":false},"author":1,"featured_media":0,"parent":1616,"menu_order":0,"comment_status":"closed","ping_status":"closed","template":"kalkulator-side.php","meta":{"site-sidebar-layout":"default","site-content-layout":"","ast-site-content-layout":"default","site-content-style":"default","site-sidebar-style":"default","ast-global-header-display":"","ast-banner-title-visibility":"","ast-main-header-display":"","ast-hfb-above-header-display":"","ast-hfb-below-header-display":"","ast-hfb-mobile-header-display":"","site-post-title":"","ast-breadcrumbs-content":"","ast-featured-img":"","footer-sml-layout":"","theme-transparent-header-meta":"","adv-header-id-meta":"","stick-header-meta":"","header-above-stick-meta":"","header-main-stick-meta":"","header-below-stick-meta":"","astra-migrate-meta-layouts":"default","ast-page-background-enabled":"default","ast-page-background-meta":{"desktop":{"background-color":"var(--ast-global-color-5)","background-image":"","background-repeat":"repeat","background-position":"center center","background-size":"auto","background-attachment":"scroll","background-type":"","background-media":"","overlay-type":"","overlay-color":"","overlay-opacity":"","overlay-gradient":""},"tablet":{"background-color":"","background-image":"","background-repeat":"repeat","background-position":"center center","background-size":"auto","background-attachment":"scroll","background-type":"","background-media":"","overlay-type":"","overlay-color":"","overlay-opacity":"","overlay-gradient":""},"mobile":{"background-color":"","background-image":"","background-repeat":"repeat","background-position":"center center","background-size":"auto","background-attachment":"scroll","background-type":"","background-media":"","overlay-type":"","overlay-color":"","overlay-opacity":"","overlay-gradient":""}},"ast-content-background-meta":{"desktop":{"background-color":"var(--ast-global-color-4)","background-image":"","background-repeat":"repeat","background-position":"center center","background-size":"auto","background-attachment":"scroll","background-type":"","background-media":"","overlay-type":"","overlay-color":"","overlay-opacity":"","overlay-gradient":""},"tablet":{"background-color":"var(--ast-global-color-4)","background-image":"","background-repeat":"repeat","background-position":"center center","background-size":"auto","background-attachment":"scroll","background-type":"","background-media":"","overlay-type":"","overlay-color":"","overlay-opacity":"","overlay-gradient":""},"mobile":{"background-color":"var(--ast-global-color-4)","background-image":"","background-repeat":"repeat","background-position":"center center","background-size":"auto","background-attachment":"scroll","background-type":"","background-media":"","overlay-type":"","overlay-color":"","overlay-opacity":"","overlay-gradient":""}},"footnotes":""},"class_list":["post-1638","page","type-page","status-publish","hentry"],"yoast_head":"<!-- This site is optimized with the Yoast SEO plugin v25.5 - https:\/\/yoast.com\/wordpress\/plugins\/seo\/ -->\n<title>Calcolatrice da pollici a cm - Quick Percent Calculator<\/title>\n<meta name=\"robots\" content=\"index, follow, max-snippet:-1, max-image-preview:large, max-video-preview:-1\" \/>\n<link rel=\"canonical\" href=\"https:\/\/quickpercentcalc.com\/it\/matematica\/calcolatrice-da-pollici-a-cm\/\" \/>\n<meta property=\"og:locale\" content=\"it_IT\" \/>\n<meta property=\"og:type\" content=\"article\" \/>\n<meta property=\"og:title\" content=\"Calcolatrice da pollici a cm - Quick Percent Calculator\" \/>\n<meta property=\"og:description\" content=\"Questa calcolatrice si basa su un valore scelto in pollici o in cm da convertire nell&#8217;altra unit\u00e0. Ti sei mai [&hellip;]\" \/>\n<meta property=\"og:url\" content=\"https:\/\/quickpercentcalc.com\/it\/matematica\/calcolatrice-da-pollici-a-cm\/\" \/>\n<meta property=\"og:site_name\" content=\"Quick Percent Calculator\" \/>\n<meta property=\"article:modified_time\" content=\"2025-04-07T18:35:44+00:00\" \/>\n<meta name=\"twitter:card\" content=\"summary_large_image\" \/>\n<meta name=\"twitter:label1\" content=\"Tempo di lettura stimato\" \/>\n\t<meta name=\"twitter:data1\" content=\"1 minuto\" \/>\n<script type=\"application\/ld+json\" class=\"yoast-schema-graph\">{\"@context\":\"https:\/\/schema.org\",\"@graph\":[{\"@type\":\"WebPage\",\"@id\":\"https:\/\/quickpercentcalc.com\/it\/matematica\/calcolatrice-da-pollici-a-cm\/\",\"url\":\"https:\/\/quickpercentcalc.com\/it\/matematica\/calcolatrice-da-pollici-a-cm\/\",\"name\":\"Calcolatrice da pollici a cm - Quick Percent Calculator\",\"isPartOf\":{\"@id\":\"https:\/\/quickpercentcalc.com\/it\/#website\"},\"datePublished\":\"2024-11-20T08:03:02+00:00\",\"dateModified\":\"2025-04-07T18:35:44+00:00\",\"breadcrumb\":{\"@id\":\"https:\/\/quickpercentcalc.com\/it\/matematica\/calcolatrice-da-pollici-a-cm\/#breadcrumb\"},\"inLanguage\":\"it-IT\",\"potentialAction\":[{\"@type\":\"ReadAction\",\"target\":[\"https:\/\/quickpercentcalc.com\/it\/matematica\/calcolatrice-da-pollici-a-cm\/\"]}]},{\"@type\":\"BreadcrumbList\",\"@id\":\"https:\/\/quickpercentcalc.com\/it\/matematica\/calcolatrice-da-pollici-a-cm\/#breadcrumb\",\"itemListElement\":[{\"@type\":\"ListItem\",\"position\":1,\"name\":\"Home\",\"item\":\"https:\/\/quickpercentcalc.com\/it\/\"},{\"@type\":\"ListItem\",\"position\":2,\"name\":\"Matematica\",\"item\":\"https:\/\/quickpercentcalc.com\/it\/math\/\"},{\"@type\":\"ListItem\",\"position\":3,\"name\":\"Calcolatrice da pollici a cm\"}]},{\"@type\":\"WebSite\",\"@id\":\"https:\/\/quickpercentcalc.com\/it\/#website\",\"url\":\"https:\/\/quickpercentcalc.com\/it\/\",\"name\":\"Quick Percent Calculator\",\"description\":\"\",\"potentialAction\":[{\"@type\":\"SearchAction\",\"target\":{\"@type\":\"EntryPoint\",\"urlTemplate\":\"https:\/\/quickpercentcalc.com\/it\/?s={search_term_string}\"},\"query-input\":{\"@type\":\"PropertyValueSpecification\",\"valueRequired\":true,\"valueName\":\"search_term_string\"}}],\"inLanguage\":\"it-IT\"}]}<\/script>\n<!-- \/ Yoast SEO plugin. -->","yoast_head_json":{"title":"Calcolatrice da pollici a cm - Quick Percent Calculator","robots":{"index":"index","follow":"follow","max-snippet":"max-snippet:-1","max-image-preview":"max-image-preview:large","max-video-preview":"max-video-preview:-1"},"canonical":"https:\/\/quickpercentcalc.com\/it\/matematica\/calcolatrice-da-pollici-a-cm\/","og_locale":"it_IT","og_type":"article","og_title":"Calcolatrice da pollici a cm - Quick Percent Calculator","og_description":"Questa calcolatrice si basa su un valore scelto in pollici o in cm da convertire nell&#8217;altra unit\u00e0. Ti sei mai [&hellip;]","og_url":"https:\/\/quickpercentcalc.com\/it\/matematica\/calcolatrice-da-pollici-a-cm\/","og_site_name":"Quick Percent Calculator","article_modified_time":"2025-04-07T18:35:44+00:00","twitter_card":"summary_large_image","twitter_misc":{"Tempo di lettura stimato":"1 minuto"},"schema":{"@context":"https:\/\/schema.org","@graph":[{"@type":"WebPage","@id":"https:\/\/quickpercentcalc.com\/it\/matematica\/calcolatrice-da-pollici-a-cm\/","url":"https:\/\/quickpercentcalc.com\/it\/matematica\/calcolatrice-da-pollici-a-cm\/","name":"Calcolatrice da pollici a cm - Quick Percent Calculator","isPartOf":{"@id":"https:\/\/quickpercentcalc.com\/it\/#website"},"datePublished":"2024-11-20T08:03:02+00:00","dateModified":"2025-04-07T18:35:44+00:00","breadcrumb":{"@id":"https:\/\/quickpercentcalc.com\/it\/matematica\/calcolatrice-da-pollici-a-cm\/#breadcrumb"},"inLanguage":"it-IT","potentialAction":[{"@type":"ReadAction","target":["https:\/\/quickpercentcalc.com\/it\/matematica\/calcolatrice-da-pollici-a-cm\/"]}]},{"@type":"BreadcrumbList","@id":"https:\/\/quickpercentcalc.com\/it\/matematica\/calcolatrice-da-pollici-a-cm\/#breadcrumb","itemListElement":[{"@type":"ListItem","position":1,"name":"Home","item":"https:\/\/quickpercentcalc.com\/it\/"},{"@type":"ListItem","position":2,"name":"Matematica","item":"https:\/\/quickpercentcalc.com\/it\/math\/"},{"@type":"ListItem","position":3,"name":"Calcolatrice da pollici a cm"}]},{"@type":"WebSite","@id":"https:\/\/quickpercentcalc.com\/it\/#website","url":"https:\/\/quickpercentcalc.com\/it\/","name":"Quick Percent Calculator","description":"","potentialAction":[{"@type":"SearchAction","target":{"@type":"EntryPoint","urlTemplate":"https:\/\/quickpercentcalc.com\/it\/?s={search_term_string}"},"query-input":{"@type":"PropertyValueSpecification","valueRequired":true,"valueName":"search_term_string"}}],"inLanguage":"it-IT"}]}},"_links":{"self":[{"href":"https:\/\/quickpercentcalc.com\/it\/wp-json\/wp\/v2\/pages\/1638","targetHints":{"allow":["GET"]}}],"collection":[{"href":"https:\/\/quickpercentcalc.com\/it\/wp-json\/wp\/v2\/pages"}],"about":[{"href":"https:\/\/quickpercentcalc.com\/it\/wp-json\/wp\/v2\/types\/page"}],"author":[{"embeddable":true,"href":"https:\/\/quickpercentcalc.com\/it\/wp-json\/wp\/v2\/users\/1"}],"replies":[{"embeddable":true,"href":"https:\/\/quickpercentcalc.com\/it\/wp-json\/wp\/v2\/comments?post=1638"}],"version-history":[{"count":2,"href":"https:\/\/quickpercentcalc.com\/it\/wp-json\/wp\/v2\/pages\/1638\/revisions"}],"predecessor-version":[{"id":1678,"href":"https:\/\/quickpercentcalc.com\/it\/wp-json\/wp\/v2\/pages\/1638\/revisions\/1678"}],"up":[{"embeddable":true,"href":"https:\/\/quickpercentcalc.com\/it\/wp-json\/wp\/v2\/pages\/1616"}],"wp:attachment":[{"href":"https:\/\/quickpercentcalc.com\/it\/wp-json\/wp\/v2\/media?parent=1638"}],"curies":[{"name":"wp","href":"https:\/\/api.w.org\/{rel}","templated":true}]}}