{"id":1695,"date":"2024-01-24T20:41:53","date_gmt":"2024-01-24T20:41:53","guid":{"rendered":"https:\/\/quickpercentcalc.com\/matematica\/calcolatore-di-nodi\/"},"modified":"2025-04-07T18:38:50","modified_gmt":"2025-04-07T18:38:50","slug":"calcolatore-di-nodi","status":"publish","type":"page","link":"https:\/\/quickpercentcalc.com\/it\/matematica\/calcolatore-di-nodi\/","title":{"rendered":"Calcolatore di nodi"},"content":{"rendered":"\n<p>Convertire i nodi. La nostra calcolatrice ti aiuta a convertire nodi, km\/h, m\/s e mph. <\/p>\n\n<p>Questa calcolatrice ti permette di convertire tra nodi, chilometri all&#8217;ora (km\/h), metri al secondo (m\/s) e miglia all&#8217;ora (mph).<\/p>\n\n<p>I nodi, o miglia nautiche all&#8217;ora, sono l&#8217;unit\u00e0 di misura standard della velocit\u00e0 utilizzata in ambito marittimo e aeronautico. Un nodo equivale esattamente a 1,852 chilometri all&#8217;ora o a circa 1,15078 miglia all&#8217;ora. Rimane lo standard internazionale per la navigazione in mare e in aria.  <\/p>\n\n<p>Il chilometro all&#8217;ora \u00e8 l&#8217;unit\u00e0 metrica comunemente utilizzata per misurare la velocit\u00e0 sulla terraferma nella maggior parte dei paesi. Negli Stati Uniti, invece, la velocit\u00e0 \u00e8 tipicamente misurata in miglia orarie (mph). <\/p>\n\n<script>\nfunction convertKnotsToKmh() {\n    var knots = parseFloat(document.getElementById(\"knotsToKmh\").value.replace(\/,\/g, \".\"));\n    document.getElementById(\"kmhResult\").value = (knots * 1.852).toFixed(2);\n}\n\nfunction convertKnotsToMs() {\n    var knots = parseFloat(document.getElementById(\"knotsToMs\").value.replace(\/,\/g, \".\"));\n    document.getElementById(\"msResult\").value = (knots * 0.514444).toFixed(2);\n}\n\nfunction convertKnotsToMph() {\n    var knots = parseFloat(document.getElementById(\"knotsToMph\").value.replace(\/,\/g, \".\"));\n    document.getElementById(\"mphResult\").value = (knots * 1.15078).toFixed(2);\n}\n\nfunction convertKmhToKnots() {\n    var kmh = parseFloat(document.getElementById(\"kmhToKnots\").value.replace(\/,\/g, \".\"));\n    document.getElementById(\"knotsResult\").value = (kmh * 0.539957).toFixed(2);\n}\n<\/script>\n\n<!-- Knots to km\/h -->\n<label for=\"knotsToKmh\"><h2>Da nodi a km\/h<\/h2><\/label><br\/><input type=\"number\" id=\"knotsToKmh\" min=\"0\" placeholder=\"Nodi\"\/>\n<br\/><input type=\"text\" id=\"kmhResult\" placeholder=\"km\/h\" readonly=\"readonly\"\/>\n<button onclick=\"convertKnotsToKmh()\">Convertire<\/button>\n<br\/><br\/>\n<!-- Knots to m\/s -->\n<label for=\"knotsToMs\"><h2>Da nodi a m\/s<\/h2><\/label><br\/><input type=\"number\" id=\"knotsToMs\" min=\"0\" placeholder=\"Nodi\"\/>\n<br\/><input type=\"text\" id=\"msResult\" placeholder=\"m\/s\" readonly=\"readonly\"\/>\n<button onclick=\"convertKnotsToMs()\">Convertire<\/button>\n<br\/><br\/>\n<!-- Knots to mph -->\n<label for=\"knotsToMph\"><h2>Da nodi a miglia orarie<\/h2><\/label><br\/><input type=\"number\" id=\"knotsToMph\" min=\"0\" placeholder=\"Nodi\"\/>\n<br\/><input type=\"text\" id=\"mphResult\" placeholder=\"mph\" readonly=\"readonly\"\/>\n<button onclick=\"convertKnotsToMph()\">Convertire<\/button>\n<br\/><br\/>\n<!-- km\/h to Knots -->\n<label for=\"kmhToKnots\"><h2>Da km\/h a nodi<\/h2><\/label><br\/><input type=\"number\" id=\"kmhToKnots\" min=\"0\" placeholder=\"km\/h\"\/>\n<br\/><input type=\"text\" id=\"knotsResult\" placeholder=\"Nodi\" readonly=\"readonly\"\/>\n<button onclick=\"convertKmhToKnots()\">Convertire<\/button>\n<br\/><br\/>\n\n<h2 class=\"wp-block-heading\">Come convertire i nodi in miglia orarie (mph)<\/h2>\n\n<p>La conversione dei nodi in miglia orarie \u00e8 semplice. Dato che 1 nodo equivale a circa 1,15078 mph, basta moltiplicare il numero di nodi per 1,15078. <\/p>\n\n<p><strong>Formula:<\/strong> mph = nodi \u00d7 1,15078<\/p>\n\n<p>Esempio: Una barca che viaggia a 10 nodi si muove a: 10 \u00d7 1,15078 = 11,51 mph<\/p>\n\n<h3 class=\"wp-block-heading\">Uso pratico di queste conversioni<\/h3>\n\n<p>Queste conversioni sono particolarmente utili per i marinai e i piloti che devono convertire la loro velocit\u00e0 in unit\u00e0 metriche o imperiali per la navigazione o la comunicazione. Sono utili anche per gli studenti e gli appassionati che studiano meteorologia o scienze nautiche. <\/p>\n\n<h3 class=\"wp-block-heading\">Strumenti di conversione<\/h3>\n\n<p>Nell&#8217;era digitale di oggi, esistono molti strumenti per rendere queste conversioni facili e veloci. Dai calcolatori online alle applicazioni per dispositivi mobili, trovare uno strumento adatto alle tue esigenze \u00e8 semplice. <\/p>\n","protected":false},"excerpt":{"rendered":"<p>Convertire i nodi. La nostra calcolatrice ti aiuta a convertire nodi, km\/h, m\/s e mph. Questa calcolatrice ti permette di [&hellip;]<\/p>\n","protected":false},"author":1,"featured_media":0,"parent":1616,"menu_order":0,"comment_status":"closed","ping_status":"closed","template":"kalkulator-side.php","meta":{"site-sidebar-layout":"default","site-content-layout":"default","ast-site-content-layout":"default","site-content-style":"default","site-sidebar-style":"default","ast-global-header-display":"","ast-banner-title-visibility":"","ast-main-header-display":"","ast-hfb-above-header-display":"","ast-hfb-below-header-display":"","ast-hfb-mobile-header-display":"","site-post-title":"","ast-breadcrumbs-content":"","ast-featured-img":"","footer-sml-layout":"","theme-transparent-header-meta":"default","adv-header-id-meta":"","stick-header-meta":"default","header-above-stick-meta":"","header-main-stick-meta":"","header-below-stick-meta":"","astra-migrate-meta-layouts":"default","ast-page-background-enabled":"default","ast-page-background-meta":{"desktop":{"background-color":"var(--ast-global-color-5)","background-image":"","background-repeat":"repeat","background-position":"center center","background-size":"auto","background-attachment":"scroll","background-type":"","background-media":"","overlay-type":"","overlay-color":"","overlay-opacity":"","overlay-gradient":""},"tablet":{"background-color":"","background-image":"","background-repeat":"repeat","background-position":"center center","background-size":"auto","background-attachment":"scroll","background-type":"","background-media":"","overlay-type":"","overlay-color":"","overlay-opacity":"","overlay-gradient":""},"mobile":{"background-color":"","background-image":"","background-repeat":"repeat","background-position":"center center","background-size":"auto","background-attachment":"scroll","background-type":"","background-media":"","overlay-type":"","overlay-color":"","overlay-opacity":"","overlay-gradient":""}},"ast-content-background-meta":{"desktop":{"background-color":"var(--ast-global-color-4)","background-image":"","background-repeat":"repeat","background-position":"center center","background-size":"auto","background-attachment":"scroll","background-type":"","background-media":"","overlay-type":"","overlay-color":"","overlay-opacity":"","overlay-gradient":""},"tablet":{"background-color":"var(--ast-global-color-4)","background-image":"","background-repeat":"repeat","background-position":"center center","background-size":"auto","background-attachment":"scroll","background-type":"","background-media":"","overlay-type":"","overlay-color":"","overlay-opacity":"","overlay-gradient":""},"mobile":{"background-color":"var(--ast-global-color-4)","background-image":"","background-repeat":"repeat","background-position":"center center","background-size":"auto","background-attachment":"scroll","background-type":"","background-media":"","overlay-type":"","overlay-color":"","overlay-opacity":"","overlay-gradient":""}},"footnotes":""},"class_list":["post-1695","page","type-page","status-publish","hentry"],"yoast_head":"<!-- This site is optimized with the Yoast SEO plugin v25.5 - https:\/\/yoast.com\/wordpress\/plugins\/seo\/ -->\n<title>Convertitore di nodi in mph - Converti i nodi in km\/h, m\/s o mph!<\/title>\n<meta name=\"description\" content=\"Converti i nodi in miglia orarie con il nostro calcolatore. \ud83d\udea4 Questo strumento ti permette di inserire un valore in nodi, km\/h o m\/s e calcola la velocit\u00e0 corrispondente nelle altre unit\u00e0.\" \/>\n<meta name=\"robots\" content=\"index, follow, max-snippet:-1, max-image-preview:large, max-video-preview:-1\" \/>\n<link rel=\"canonical\" href=\"https:\/\/quickpercentcalc.com\/it\/matematica\/calcolatore-di-nodi\/\" \/>\n<meta property=\"og:locale\" content=\"it_IT\" \/>\n<meta property=\"og:type\" content=\"article\" \/>\n<meta property=\"og:title\" content=\"Convertitore di nodi in mph - Converti i nodi in km\/h, m\/s o mph!\" \/>\n<meta property=\"og:description\" content=\"Converti i nodi in miglia orarie con il nostro calcolatore. \ud83d\udea4 Questo strumento ti permette di inserire un valore in nodi, km\/h o m\/s e calcola la velocit\u00e0 corrispondente nelle altre unit\u00e0.\" \/>\n<meta property=\"og:url\" content=\"https:\/\/quickpercentcalc.com\/it\/matematica\/calcolatore-di-nodi\/\" \/>\n<meta property=\"og:site_name\" content=\"Quick Percent Calculator\" \/>\n<meta property=\"article:modified_time\" content=\"2025-04-07T18:38:50+00:00\" \/>\n<meta name=\"twitter:card\" content=\"summary_large_image\" \/>\n<meta name=\"twitter:label1\" content=\"Tempo di lettura stimato\" \/>\n\t<meta name=\"twitter:data1\" content=\"1 minuto\" \/>\n<script type=\"application\/ld+json\" class=\"yoast-schema-graph\">{\"@context\":\"https:\/\/schema.org\",\"@graph\":[{\"@type\":\"WebPage\",\"@id\":\"https:\/\/quickpercentcalc.com\/it\/matematica\/calcolatore-di-nodi\/\",\"url\":\"https:\/\/quickpercentcalc.com\/it\/matematica\/calcolatore-di-nodi\/\",\"name\":\"Convertitore di nodi in mph - Converti i nodi in km\/h, m\/s o mph!\",\"isPartOf\":{\"@id\":\"https:\/\/quickpercentcalc.com\/it\/#website\"},\"datePublished\":\"2024-01-24T20:41:53+00:00\",\"dateModified\":\"2025-04-07T18:38:50+00:00\",\"description\":\"Converti i nodi in miglia orarie con il nostro calcolatore. \ud83d\udea4 Questo strumento ti permette di inserire un valore in nodi, km\/h o m\/s e calcola la velocit\u00e0 corrispondente nelle altre unit\u00e0.\",\"breadcrumb\":{\"@id\":\"https:\/\/quickpercentcalc.com\/it\/matematica\/calcolatore-di-nodi\/#breadcrumb\"},\"inLanguage\":\"it-IT\",\"potentialAction\":[{\"@type\":\"ReadAction\",\"target\":[\"https:\/\/quickpercentcalc.com\/it\/matematica\/calcolatore-di-nodi\/\"]}]},{\"@type\":\"BreadcrumbList\",\"@id\":\"https:\/\/quickpercentcalc.com\/it\/matematica\/calcolatore-di-nodi\/#breadcrumb\",\"itemListElement\":[{\"@type\":\"ListItem\",\"position\":1,\"name\":\"Home\",\"item\":\"https:\/\/quickpercentcalc.com\/it\/\"},{\"@type\":\"ListItem\",\"position\":2,\"name\":\"Matematica\",\"item\":\"https:\/\/quickpercentcalc.com\/it\/math\/\"},{\"@type\":\"ListItem\",\"position\":3,\"name\":\"Calcolatore di nodi\"}]},{\"@type\":\"WebSite\",\"@id\":\"https:\/\/quickpercentcalc.com\/it\/#website\",\"url\":\"https:\/\/quickpercentcalc.com\/it\/\",\"name\":\"Quick Percent Calculator\",\"description\":\"\",\"potentialAction\":[{\"@type\":\"SearchAction\",\"target\":{\"@type\":\"EntryPoint\",\"urlTemplate\":\"https:\/\/quickpercentcalc.com\/it\/?s={search_term_string}\"},\"query-input\":{\"@type\":\"PropertyValueSpecification\",\"valueRequired\":true,\"valueName\":\"search_term_string\"}}],\"inLanguage\":\"it-IT\"}]}<\/script>\n<!-- \/ Yoast SEO plugin. -->","yoast_head_json":{"title":"Convertitore di nodi in mph - Converti i nodi in km\/h, m\/s o mph!","description":"Converti i nodi in miglia orarie con il nostro calcolatore. \ud83d\udea4 Questo strumento ti permette di inserire un valore in nodi, km\/h o m\/s e calcola la velocit\u00e0 corrispondente nelle altre unit\u00e0.","robots":{"index":"index","follow":"follow","max-snippet":"max-snippet:-1","max-image-preview":"max-image-preview:large","max-video-preview":"max-video-preview:-1"},"canonical":"https:\/\/quickpercentcalc.com\/it\/matematica\/calcolatore-di-nodi\/","og_locale":"it_IT","og_type":"article","og_title":"Convertitore di nodi in mph - Converti i nodi in km\/h, m\/s o mph!","og_description":"Converti i nodi in miglia orarie con il nostro calcolatore. \ud83d\udea4 Questo strumento ti permette di inserire un valore in nodi, km\/h o m\/s e calcola la velocit\u00e0 corrispondente nelle altre unit\u00e0.","og_url":"https:\/\/quickpercentcalc.com\/it\/matematica\/calcolatore-di-nodi\/","og_site_name":"Quick Percent Calculator","article_modified_time":"2025-04-07T18:38:50+00:00","twitter_card":"summary_large_image","twitter_misc":{"Tempo di lettura stimato":"1 minuto"},"schema":{"@context":"https:\/\/schema.org","@graph":[{"@type":"WebPage","@id":"https:\/\/quickpercentcalc.com\/it\/matematica\/calcolatore-di-nodi\/","url":"https:\/\/quickpercentcalc.com\/it\/matematica\/calcolatore-di-nodi\/","name":"Convertitore di nodi in mph - Converti i nodi in km\/h, m\/s o mph!","isPartOf":{"@id":"https:\/\/quickpercentcalc.com\/it\/#website"},"datePublished":"2024-01-24T20:41:53+00:00","dateModified":"2025-04-07T18:38:50+00:00","description":"Converti i nodi in miglia orarie con il nostro calcolatore. \ud83d\udea4 Questo strumento ti permette di inserire un valore in nodi, km\/h o m\/s e calcola la velocit\u00e0 corrispondente nelle altre unit\u00e0.","breadcrumb":{"@id":"https:\/\/quickpercentcalc.com\/it\/matematica\/calcolatore-di-nodi\/#breadcrumb"},"inLanguage":"it-IT","potentialAction":[{"@type":"ReadAction","target":["https:\/\/quickpercentcalc.com\/it\/matematica\/calcolatore-di-nodi\/"]}]},{"@type":"BreadcrumbList","@id":"https:\/\/quickpercentcalc.com\/it\/matematica\/calcolatore-di-nodi\/#breadcrumb","itemListElement":[{"@type":"ListItem","position":1,"name":"Home","item":"https:\/\/quickpercentcalc.com\/it\/"},{"@type":"ListItem","position":2,"name":"Matematica","item":"https:\/\/quickpercentcalc.com\/it\/math\/"},{"@type":"ListItem","position":3,"name":"Calcolatore di nodi"}]},{"@type":"WebSite","@id":"https:\/\/quickpercentcalc.com\/it\/#website","url":"https:\/\/quickpercentcalc.com\/it\/","name":"Quick Percent Calculator","description":"","potentialAction":[{"@type":"SearchAction","target":{"@type":"EntryPoint","urlTemplate":"https:\/\/quickpercentcalc.com\/it\/?s={search_term_string}"},"query-input":{"@type":"PropertyValueSpecification","valueRequired":true,"valueName":"search_term_string"}}],"inLanguage":"it-IT"}]}},"_links":{"self":[{"href":"https:\/\/quickpercentcalc.com\/it\/wp-json\/wp\/v2\/pages\/1695","targetHints":{"allow":["GET"]}}],"collection":[{"href":"https:\/\/quickpercentcalc.com\/it\/wp-json\/wp\/v2\/pages"}],"about":[{"href":"https:\/\/quickpercentcalc.com\/it\/wp-json\/wp\/v2\/types\/page"}],"author":[{"embeddable":true,"href":"https:\/\/quickpercentcalc.com\/it\/wp-json\/wp\/v2\/users\/1"}],"replies":[{"embeddable":true,"href":"https:\/\/quickpercentcalc.com\/it\/wp-json\/wp\/v2\/comments?post=1695"}],"version-history":[{"count":1,"href":"https:\/\/quickpercentcalc.com\/it\/wp-json\/wp\/v2\/pages\/1695\/revisions"}],"predecessor-version":[{"id":1696,"href":"https:\/\/quickpercentcalc.com\/it\/wp-json\/wp\/v2\/pages\/1695\/revisions\/1696"}],"up":[{"embeddable":true,"href":"https:\/\/quickpercentcalc.com\/it\/wp-json\/wp\/v2\/pages\/1616"}],"wp:attachment":[{"href":"https:\/\/quickpercentcalc.com\/it\/wp-json\/wp\/v2\/media?parent=1695"}],"curies":[{"name":"wp","href":"https:\/\/api.w.org\/{rel}","templated":true}]}}