{"id":1919,"date":"2024-01-16T21:03:36","date_gmt":"2024-01-16T21:03:36","guid":{"rendered":"https:\/\/quickpercentcalc.com\/varie\/calcolatore-di-watt\/"},"modified":"2025-04-08T15:13:18","modified_gmt":"2025-04-08T15:13:18","slug":"calcolatore-di-watt","status":"publish","type":"page","link":"https:\/\/quickpercentcalc.com\/it\/varie\/calcolatore-di-watt\/","title":{"rendered":"Calcolatore di Watt"},"content":{"rendered":"\n<p>Calcola ampere, volt e watt. La nostra calcolatrice ti aiuta a calcolare ampere, volt e watt. <\/p>\n\n<h2 class=\"wp-block-heading\">Come calcolare gli ampere e i volt in watt<\/h2>\n\n<p>Calcolare ampere, volt e watt \u00e8 relativamente semplice perch\u00e9 le tre misure sono strettamente collegate.<\/p>\n\n<p><strong>watt = ampere x volt<\/strong><\/p>\n\n<p>Come possiamo vedere, si moltiplicano gli ampere e i volt per ottenere i watt. Possiamo anche riorganizzare la formula per trovare gli ampere o i volt: <\/p>\n\n<p><strong>ampere = watt \/ volt<\/strong><\/p>\n\n<p><strong>volt = watt \/ ampere<\/strong><\/p>\n\n<script>\n    function regnUtWatt(){\n        var volt = parseFloat(document.getElementById(\"volt\").value.replace(\/,\/g, \".\")) || 0;\n        var ampere = parseFloat(document.getElementById(\"ampere\").value.replace(\/,\/g, \".\")) || 0;\n\n        \/\/ Calculation: watt = volt * ampere\n        var watt = volt * ampere;\n\n        if (!isNaN(watt)) {\n            document.getElementById(\"resultatWatt\").innerHTML = \"Power (Watts): \" + watt.toString() + \" W\";\n            document.getElementById(\"resultatBoksWatt\").style.visibility = \"initial\";\n        }\n    }\n\n    function regnUtAmpere(){\n        var watt = parseFloat(document.getElementById(\"watt\").value.replace(\/,\/g, \".\")) || 0;\n        var volt = parseFloat(document.getElementById(\"voltAmpere\").value.replace(\/,\/g, \".\")) || 0;\n\n        \/\/ Calculation: ampere = watt \/ volt\n        var ampere = watt \/ volt;\n\n        if (!isNaN(ampere)) {\n            document.getElementById(\"resultatAmpere\").innerHTML = \"Current (Amps): \" + ampere.toString() + \" A\";\n            document.getElementById(\"resultatBoksAmpere\").style.visibility = \"initial\";\n        }\n    }\n\n    function regnUtVolt(){\n        var watt = parseFloat(document.getElementById(\"wattVolt\").value.replace(\/,\/g, \".\")) || 0;\n        var ampere = parseFloat(document.getElementById(\"ampereVolt\").value.replace(\/,\/g, \".\")) || 0;\n\n        \/\/ Calculation: volt = watt \/ ampere\n        var volt = watt \/ ampere;\n\n        if (!isNaN(volt)) {\n            document.getElementById(\"resultatVolt\").innerHTML = \"Voltage (Volts): \" + volt.toString() + \" V\";\n            document.getElementById(\"resultatBoksVolt\").style.visibility = \"initial\";\n        }\n    }\n<\/script>\n\n<!-- Calculator for Watts -->\n<h2>Calcolatore di Watt<\/h2>\n<label for=\"volt\">Tensione (Volt)<\/label><br\/><input type=\"number\" id=\"volt\" min=\"0\"\/>\n<br\/><br\/>\n<label for=\"ampere\">Corrente (Ampere)<\/label><br\/><input type=\"number\" id=\"ampere\" min=\"0\"\/>\n<br\/><br\/>\n<input type=\"button\" id=\"regnutWatt\" value=\"Calcola\" onclick=\"regnUtWatt()\"\/>\n<br\/><br\/>\n<div id=\"resultatBoksWatt\" style=\"visibility: hidden;\">\n    <span>Risultato:<\/span><br\/>    <span id=\"resultatWatt\" class=\"kalkyleResultat\"><\/span>    \n<\/div>\n<br\/><br\/>\n<!-- Calculator for Amps -->\n<h2>Calcolatore di Ampere<\/h2>\n<label for=\"watt\">Potenza (Watt)<\/label><br\/><input type=\"number\" id=\"watt\" min=\"0\"\/>\n<br\/><br\/>\n<label for=\"voltAmpere\">Tensione (Volt)<\/label><br\/><input type=\"number\" id=\"voltAmpere\" min=\"0\"\/>\n<br\/><br\/>\n<input type=\"button\" id=\"regnutAmpere\" value=\"Calcola\" onclick=\"regnUtAmpere()\"\/>\n<br\/><br\/>\n<div id=\"resultatBoksAmpere\" style=\"visibility: hidden;\">\n    <span>Risultato:<\/span><br\/>    <span id=\"resultatAmpere\" class=\"kalkyleResultat\"><\/span>    \n<\/div>\n<br\/><br\/>\n<!-- Calculator for Volts -->\n<h2>Calcolatore di tensione<\/h2>\n<label for=\"wattVolt\">Potenza (Watt)<\/label><br\/><input type=\"number\" id=\"wattVolt\" min=\"0\"\/>\n<br\/><br\/>\n<label for=\"ampereVolt\">Corrente (Ampere)<\/label><br\/><input type=\"number\" id=\"ampereVolt\" min=\"0\"\/>\n<br\/><br\/>\n<input type=\"button\" id=\"regnutVolt\" value=\"Calcola\" onclick=\"regnUtVolt()\"\/>\n<br\/><br\/>\n<div id=\"resultatBoksVolt\" style=\"visibility: hidden;\">\n    <span>Risultato:<\/span><br\/>    <span id=\"resultatVolt\" class=\"kalkyleResultat\"><\/span>    \n<\/div>\n\n<h2 class=\"wp-block-heading\">Cosa sono gli ampere e i volt?<\/h2>\n\n<p>Gli ampere e i volt sono unit\u00e0 di misura fondamentali dell&#8217;elettrotecnica che svolgono un ruolo centrale nella comprensione della corrente e della tensione elettrica. <strong>Gli ampere<\/strong>, spesso chiamati semplicemente &#8220;amp&#8221;, misurano la corrente elettrica e indicano quanti elettroni attraversano un conduttore al secondo. Questo concetto \u00e8 particolarmente importante per valutare il consumo di energia e la capacit\u00e0 dei dispositivi elettrici. I <strong>volt<\/strong>, invece, misurano il potenziale elettrico. Indica quanta forza \u00e8 disponibile per far passare la corrente attraverso un circuito. Insieme, ampere e volt forniscono un quadro completo delle prestazioni elettriche, fondamentale per comprendere il funzionamento di diversi dispositivi e sistemi.    <\/p>\n\n<h2 class=\"wp-block-heading\">Conversione di ampere in watt<\/h2>\n\n<p>La conversione degli <strong>ampere in watt<\/strong> \u00e8 un calcolo fondamentale in molte applicazioni elettriche. I watt sono un&#8217;unit\u00e0 di misura della potenza e ci dicono quanta energia viene consumata o prodotta nel tempo. Per convertire gli ampere (corrente) in watt (potenza), devi conoscere la tensione (misurata in volt) del circuito. La formula di base \u00e8: <strong>watt = ampere x volt<\/strong>.   <\/p>\n\n<h2 class=\"wp-block-heading\">Che cos&#8217;\u00e8 il volt-ampere?<\/h2>\n\n<p>Il termine <strong>volt-ampere<\/strong> \u00e8 importante anche quando si parla di energia elettrica. Mentre i watt rappresentano la potenza effettiva consumata in un circuito, i volt-ampere si riferiscono alla potenza &#8220;apparente&#8221;, spesso nel contesto dei circuiti a corrente alternata. Questa distinzione \u00e8 fondamentale per comprendere i sistemi elettrici, soprattutto in termini di pianificazione del carico e della capacit\u00e0.  <\/p>\n\n<h2 class=\"wp-block-heading\">Cosa sono gli ampere-ora?<\/h2>\n\n<p>L&#8217;<strong>ampere-ora<\/strong> \u00e8 un altro concetto chiave nel mondo dell&#8217;elettricit\u00e0. Misura la quantit\u00e0 di carica elettrica che attraversa un componente in un determinato periodo. Questo concetto \u00e8 particolarmente importante per le batterie e i sistemi di accumulo dell&#8217;energia, in quanto fornisce una misura della capacit\u00e0 della batteria, ovvero per quanto tempo pu\u00f2 erogare una certa corrente prima di dover essere ricaricata. Un ampere-ora significa che 1 ampere attraversa un componente per un&#8217;ora.   <\/p>\n","protected":false},"excerpt":{"rendered":"<p>Calcola ampere, volt e watt. La nostra calcolatrice ti aiuta a calcolare ampere, volt e watt. Come calcolare gli ampere [&hellip;]<\/p>\n","protected":false},"author":1,"featured_media":0,"parent":1775,"menu_order":0,"comment_status":"closed","ping_status":"closed","template":"kalkulator-side.php","meta":{"site-sidebar-layout":"default","site-content-layout":"default","ast-site-content-layout":"default","site-content-style":"default","site-sidebar-style":"default","ast-global-header-display":"","ast-banner-title-visibility":"","ast-main-header-display":"","ast-hfb-above-header-display":"","ast-hfb-below-header-display":"","ast-hfb-mobile-header-display":"","site-post-title":"","ast-breadcrumbs-content":"","ast-featured-img":"","footer-sml-layout":"","theme-transparent-header-meta":"default","adv-header-id-meta":"","stick-header-meta":"default","header-above-stick-meta":"","header-main-stick-meta":"","header-below-stick-meta":"","astra-migrate-meta-layouts":"default","ast-page-background-enabled":"default","ast-page-background-meta":{"desktop":{"background-color":"var(--ast-global-color-5)","background-image":"","background-repeat":"repeat","background-position":"center center","background-size":"auto","background-attachment":"scroll","background-type":"","background-media":"","overlay-type":"","overlay-color":"","overlay-opacity":"","overlay-gradient":""},"tablet":{"background-color":"","background-image":"","background-repeat":"repeat","background-position":"center center","background-size":"auto","background-attachment":"scroll","background-type":"","background-media":"","overlay-type":"","overlay-color":"","overlay-opacity":"","overlay-gradient":""},"mobile":{"background-color":"","background-image":"","background-repeat":"repeat","background-position":"center center","background-size":"auto","background-attachment":"scroll","background-type":"","background-media":"","overlay-type":"","overlay-color":"","overlay-opacity":"","overlay-gradient":""}},"ast-content-background-meta":{"desktop":{"background-color":"var(--ast-global-color-4)","background-image":"","background-repeat":"repeat","background-position":"center center","background-size":"auto","background-attachment":"scroll","background-type":"","background-media":"","overlay-type":"","overlay-color":"","overlay-opacity":"","overlay-gradient":""},"tablet":{"background-color":"var(--ast-global-color-4)","background-image":"","background-repeat":"repeat","background-position":"center center","background-size":"auto","background-attachment":"scroll","background-type":"","background-media":"","overlay-type":"","overlay-color":"","overlay-opacity":"","overlay-gradient":""},"mobile":{"background-color":"var(--ast-global-color-4)","background-image":"","background-repeat":"repeat","background-position":"center center","background-size":"auto","background-attachment":"scroll","background-type":"","background-media":"","overlay-type":"","overlay-color":"","overlay-opacity":"","overlay-gradient":""}},"footnotes":""},"class_list":["post-1919","page","type-page","status-publish","hentry"],"yoast_head":"<!-- This site is optimized with the Yoast SEO plugin v25.5 - https:\/\/yoast.com\/wordpress\/plugins\/seo\/ -->\n<title>Calcolatrice per Watt, Ampere e Volt<\/title>\n<meta name=\"description\" content=\"Il nostro calcolatore converte watt, ampere e volt\" \/>\n<meta name=\"robots\" content=\"index, follow, max-snippet:-1, max-image-preview:large, max-video-preview:-1\" \/>\n<link rel=\"canonical\" href=\"https:\/\/quickpercentcalc.com\/it\/varie\/calcolatore-di-watt\/\" \/>\n<meta property=\"og:locale\" content=\"it_IT\" \/>\n<meta property=\"og:type\" content=\"article\" \/>\n<meta property=\"og:title\" content=\"Calcolatrice per Watt, Ampere e Volt\" \/>\n<meta property=\"og:description\" content=\"Il nostro calcolatore converte watt, ampere e volt\" \/>\n<meta property=\"og:url\" content=\"https:\/\/quickpercentcalc.com\/it\/varie\/calcolatore-di-watt\/\" \/>\n<meta property=\"og:site_name\" content=\"Quick Percent Calculator\" \/>\n<meta property=\"article:modified_time\" content=\"2025-04-08T15:13:18+00:00\" \/>\n<meta name=\"twitter:card\" content=\"summary_large_image\" \/>\n<meta name=\"twitter:label1\" content=\"Tempo di lettura stimato\" \/>\n\t<meta name=\"twitter:data1\" content=\"2 minuti\" \/>\n<script type=\"application\/ld+json\" class=\"yoast-schema-graph\">{\"@context\":\"https:\/\/schema.org\",\"@graph\":[{\"@type\":\"WebPage\",\"@id\":\"https:\/\/quickpercentcalc.com\/it\/varie\/calcolatore-di-watt\/\",\"url\":\"https:\/\/quickpercentcalc.com\/it\/varie\/calcolatore-di-watt\/\",\"name\":\"Calcolatrice per Watt, Ampere e Volt\",\"isPartOf\":{\"@id\":\"https:\/\/quickpercentcalc.com\/it\/#website\"},\"datePublished\":\"2024-01-16T21:03:36+00:00\",\"dateModified\":\"2025-04-08T15:13:18+00:00\",\"description\":\"Il nostro calcolatore converte watt, ampere e volt\",\"breadcrumb\":{\"@id\":\"https:\/\/quickpercentcalc.com\/it\/varie\/calcolatore-di-watt\/#breadcrumb\"},\"inLanguage\":\"it-IT\",\"potentialAction\":[{\"@type\":\"ReadAction\",\"target\":[\"https:\/\/quickpercentcalc.com\/it\/varie\/calcolatore-di-watt\/\"]}]},{\"@type\":\"BreadcrumbList\",\"@id\":\"https:\/\/quickpercentcalc.com\/it\/varie\/calcolatore-di-watt\/#breadcrumb\",\"itemListElement\":[{\"@type\":\"ListItem\",\"position\":1,\"name\":\"Home\",\"item\":\"https:\/\/quickpercentcalc.com\/it\/\"},{\"@type\":\"ListItem\",\"position\":2,\"name\":\"Varie\",\"item\":\"https:\/\/quickpercentcalc.com\/it\/misc\/\"},{\"@type\":\"ListItem\",\"position\":3,\"name\":\"Calcolatore di Watt\"}]},{\"@type\":\"WebSite\",\"@id\":\"https:\/\/quickpercentcalc.com\/it\/#website\",\"url\":\"https:\/\/quickpercentcalc.com\/it\/\",\"name\":\"Quick Percent Calculator\",\"description\":\"\",\"potentialAction\":[{\"@type\":\"SearchAction\",\"target\":{\"@type\":\"EntryPoint\",\"urlTemplate\":\"https:\/\/quickpercentcalc.com\/it\/?s={search_term_string}\"},\"query-input\":{\"@type\":\"PropertyValueSpecification\",\"valueRequired\":true,\"valueName\":\"search_term_string\"}}],\"inLanguage\":\"it-IT\"}]}<\/script>\n<!-- \/ Yoast SEO plugin. -->","yoast_head_json":{"title":"Calcolatrice per Watt, Ampere e Volt","description":"Il nostro calcolatore converte watt, ampere e volt","robots":{"index":"index","follow":"follow","max-snippet":"max-snippet:-1","max-image-preview":"max-image-preview:large","max-video-preview":"max-video-preview:-1"},"canonical":"https:\/\/quickpercentcalc.com\/it\/varie\/calcolatore-di-watt\/","og_locale":"it_IT","og_type":"article","og_title":"Calcolatrice per Watt, Ampere e Volt","og_description":"Il nostro calcolatore converte watt, ampere e volt","og_url":"https:\/\/quickpercentcalc.com\/it\/varie\/calcolatore-di-watt\/","og_site_name":"Quick Percent Calculator","article_modified_time":"2025-04-08T15:13:18+00:00","twitter_card":"summary_large_image","twitter_misc":{"Tempo di lettura stimato":"2 minuti"},"schema":{"@context":"https:\/\/schema.org","@graph":[{"@type":"WebPage","@id":"https:\/\/quickpercentcalc.com\/it\/varie\/calcolatore-di-watt\/","url":"https:\/\/quickpercentcalc.com\/it\/varie\/calcolatore-di-watt\/","name":"Calcolatrice per Watt, Ampere e Volt","isPartOf":{"@id":"https:\/\/quickpercentcalc.com\/it\/#website"},"datePublished":"2024-01-16T21:03:36+00:00","dateModified":"2025-04-08T15:13:18+00:00","description":"Il nostro calcolatore converte watt, ampere e volt","breadcrumb":{"@id":"https:\/\/quickpercentcalc.com\/it\/varie\/calcolatore-di-watt\/#breadcrumb"},"inLanguage":"it-IT","potentialAction":[{"@type":"ReadAction","target":["https:\/\/quickpercentcalc.com\/it\/varie\/calcolatore-di-watt\/"]}]},{"@type":"BreadcrumbList","@id":"https:\/\/quickpercentcalc.com\/it\/varie\/calcolatore-di-watt\/#breadcrumb","itemListElement":[{"@type":"ListItem","position":1,"name":"Home","item":"https:\/\/quickpercentcalc.com\/it\/"},{"@type":"ListItem","position":2,"name":"Varie","item":"https:\/\/quickpercentcalc.com\/it\/misc\/"},{"@type":"ListItem","position":3,"name":"Calcolatore di Watt"}]},{"@type":"WebSite","@id":"https:\/\/quickpercentcalc.com\/it\/#website","url":"https:\/\/quickpercentcalc.com\/it\/","name":"Quick Percent Calculator","description":"","potentialAction":[{"@type":"SearchAction","target":{"@type":"EntryPoint","urlTemplate":"https:\/\/quickpercentcalc.com\/it\/?s={search_term_string}"},"query-input":{"@type":"PropertyValueSpecification","valueRequired":true,"valueName":"search_term_string"}}],"inLanguage":"it-IT"}]}},"_links":{"self":[{"href":"https:\/\/quickpercentcalc.com\/it\/wp-json\/wp\/v2\/pages\/1919","targetHints":{"allow":["GET"]}}],"collection":[{"href":"https:\/\/quickpercentcalc.com\/it\/wp-json\/wp\/v2\/pages"}],"about":[{"href":"https:\/\/quickpercentcalc.com\/it\/wp-json\/wp\/v2\/types\/page"}],"author":[{"embeddable":true,"href":"https:\/\/quickpercentcalc.com\/it\/wp-json\/wp\/v2\/users\/1"}],"replies":[{"embeddable":true,"href":"https:\/\/quickpercentcalc.com\/it\/wp-json\/wp\/v2\/comments?post=1919"}],"version-history":[{"count":1,"href":"https:\/\/quickpercentcalc.com\/it\/wp-json\/wp\/v2\/pages\/1919\/revisions"}],"predecessor-version":[{"id":1920,"href":"https:\/\/quickpercentcalc.com\/it\/wp-json\/wp\/v2\/pages\/1919\/revisions\/1920"}],"up":[{"embeddable":true,"href":"https:\/\/quickpercentcalc.com\/it\/wp-json\/wp\/v2\/pages\/1775"}],"wp:attachment":[{"href":"https:\/\/quickpercentcalc.com\/it\/wp-json\/wp\/v2\/media?parent=1919"}],"curies":[{"name":"wp","href":"https:\/\/api.w.org\/{rel}","templated":true}]}}