{"id":1929,"date":"2024-01-16T21:03:36","date_gmt":"2024-01-16T21:03:36","guid":{"rendered":"https:\/\/quickpercentcalc.com\/overige\/watt-rekenmachine\/"},"modified":"2025-04-08T15:13:55","modified_gmt":"2025-04-08T15:13:55","slug":"watt-rekenmachine","status":"publish","type":"page","link":"https:\/\/quickpercentcalc.com\/nl\/overige\/watt-rekenmachine\/","title":{"rendered":"Watt Rekenmachine"},"content":{"rendered":"\n<p>Bereken amp\u00e8re, volt en watt. Met onze calculator kun je amp\u00e8re, volt en watt berekenen. <\/p>\n\n<h2 class=\"wp-block-heading\">Hoe bereken ik amp\u00e8re en volt naar watt?<\/h2>\n\n<p>Het berekenen van amp\u00e8re, volt en watt is relatief eenvoudig omdat de drie metingen nauw met elkaar verbonden zijn.<\/p>\n\n<p><strong>watt = amp\u00e8re x volt<\/strong><\/p>\n\n<p>Zoals we kunnen zien, vermenigvuldig je amp\u00e8re en volt om watt te krijgen. We kunnen de formule ook herschikken om ofwel amp\u00e8re ofwel volt te vinden: <\/p>\n\n<p><strong>amp\u00e8re = watt \/ volt<\/strong><\/p>\n\n<p><strong>volt = watt \/ amp\u00e8re<\/strong><\/p>\n\n<script>\n    function regnUtWatt(){\n        var volt = parseFloat(document.getElementById(\"volt\").value.replace(\/,\/g, \".\")) || 0;\n        var ampere = parseFloat(document.getElementById(\"ampere\").value.replace(\/,\/g, \".\")) || 0;\n\n        \/\/ Calculation: watt = volt * ampere\n        var watt = volt * ampere;\n\n        if (!isNaN(watt)) {\n            document.getElementById(\"resultatWatt\").innerHTML = \"Power (Watts): \" + watt.toString() + \" W\";\n            document.getElementById(\"resultatBoksWatt\").style.visibility = \"initial\";\n        }\n    }\n\n    function regnUtAmpere(){\n        var watt = parseFloat(document.getElementById(\"watt\").value.replace(\/,\/g, \".\")) || 0;\n        var volt = parseFloat(document.getElementById(\"voltAmpere\").value.replace(\/,\/g, \".\")) || 0;\n\n        \/\/ Calculation: ampere = watt \/ volt\n        var ampere = watt \/ volt;\n\n        if (!isNaN(ampere)) {\n            document.getElementById(\"resultatAmpere\").innerHTML = \"Current (Amps): \" + ampere.toString() + \" A\";\n            document.getElementById(\"resultatBoksAmpere\").style.visibility = \"initial\";\n        }\n    }\n\n    function regnUtVolt(){\n        var watt = parseFloat(document.getElementById(\"wattVolt\").value.replace(\/,\/g, \".\")) || 0;\n        var ampere = parseFloat(document.getElementById(\"ampereVolt\").value.replace(\/,\/g, \".\")) || 0;\n\n        \/\/ Calculation: volt = watt \/ ampere\n        var volt = watt \/ ampere;\n\n        if (!isNaN(volt)) {\n            document.getElementById(\"resultatVolt\").innerHTML = \"Voltage (Volts): \" + volt.toString() + \" V\";\n            document.getElementById(\"resultatBoksVolt\").style.visibility = \"initial\";\n        }\n    }\n<\/script>\n\n<!-- Calculator for Watts -->\n<h2>Watt Rekenmachine<\/h2>\n<label for=\"volt\">Spanning (Volt)<\/label><br\/><input type=\"number\" id=\"volt\" min=\"0\"\/>\n<br\/><br\/>\n<label for=\"ampere\">Stroom (Amp\u00e8re)<\/label><br\/><input type=\"number\" id=\"ampere\" min=\"0\"\/>\n<br\/><br\/>\n<input type=\"button\" id=\"regnutWatt\" value=\"Bereken\" onclick=\"regnUtWatt()\"\/>\n<br\/><br\/>\n<div id=\"resultatBoksWatt\" style=\"visibility: hidden;\">\n    <span>Resultaat:<\/span><br\/>    <span id=\"resultatWatt\" class=\"kalkyleResultat\"><\/span>    \n<\/div>\n<br\/><br\/>\n<!-- Calculator for Amps -->\n<h2>Amp\u00e8re rekenmachine<\/h2>\n<label for=\"watt\">Vermogen (Watt)<\/label><br\/><input type=\"number\" id=\"watt\" min=\"0\"\/>\n<br\/><br\/>\n<label for=\"voltAmpere\">Spanning (Volt)<\/label><br\/><input type=\"number\" id=\"voltAmpere\" min=\"0\"\/>\n<br\/><br\/>\n<input type=\"button\" id=\"regnutAmpere\" value=\"Bereken\" onclick=\"regnUtAmpere()\"\/>\n<br\/><br\/>\n<div id=\"resultatBoksAmpere\" style=\"visibility: hidden;\">\n    <span>Resultaat:<\/span><br\/>    <span id=\"resultatAmpere\" class=\"kalkyleResultat\"><\/span>    \n<\/div>\n<br\/><br\/>\n<!-- Calculator for Volts -->\n<h2>Spanning berekenen<\/h2>\n<label for=\"wattVolt\">Vermogen (Watt)<\/label><br\/><input type=\"number\" id=\"wattVolt\" min=\"0\"\/>\n<br\/><br\/>\n<label for=\"ampereVolt\">Stroom (Amp\u00e8re)<\/label><br\/><input type=\"number\" id=\"ampereVolt\" min=\"0\"\/>\n<br\/><br\/>\n<input type=\"button\" id=\"regnutVolt\" value=\"Bereken\" onclick=\"regnUtVolt()\"\/>\n<br\/><br\/>\n<div id=\"resultatBoksVolt\" style=\"visibility: hidden;\">\n    <span>Resultaat:<\/span><br\/>    <span id=\"resultatVolt\" class=\"kalkyleResultat\"><\/span>    \n<\/div>\n\n<h2 class=\"wp-block-heading\">Wat zijn amp\u00e8re en volt?<\/h2>\n\n<p>Amp\u00e8re en volt zijn fundamentele eenheden in de elektrotechniek die een centrale rol spelen bij het begrijpen van elektrische stroom en spanning. <strong>Amp\u00e8re<\/strong>, vaak gewoon &#8220;amp\u00e8re&#8221; genoemd, meet elektrische stroom en geeft aan hoeveel elektronen er per seconde door een geleider stromen. Dit concept is vooral belangrijk bij het beoordelen van stroomverbruik en de capaciteit van elektrische apparaten. <strong>Volt<\/strong> meet de elektrische potentiaal. Het geeft aan hoeveel kracht er beschikbaar is om de stroom door een circuit te sturen. Samen geven amp\u00e8re en volt een compleet beeld van elektrische prestaties, wat cruciaal is om te begrijpen hoe verschillende apparaten en systemen werken.    <\/p>\n\n<h2 class=\"wp-block-heading\">Amp\u00e8re omzetten naar watt<\/h2>\n\n<p>Het omrekenen van <strong>amp\u00e8re naar watt<\/strong> is een cruciale berekening in veel elektrische toepassingen. Watts is een eenheid van vermogen en vertelt ons hoeveel energie er in een bepaalde tijd wordt verbruikt of geproduceerd. Om amp\u00e8re (stroom) om te rekenen naar watt (vermogen), moet je de spanning (gemeten in volt) in het circuit kennen. De basisformule is: <strong>watt = amp\u00e8re x volt<\/strong>.   <\/p>\n\n<h2 class=\"wp-block-heading\">Wat is voltamp\u00e8re?<\/h2>\n\n<p>De term <strong>voltamp\u00e8re<\/strong> is ook belangrijk bij het bespreken van elektrisch vermogen. Terwijl watt staat voor het werkelijke vermogen dat in een circuit wordt verbruikt, verwijst volt-amp\u00e8re naar het &#8216;schijnbare&#8217; vermogen, vaak in de context van wisselstroomcircuits. Dit onderscheid is cruciaal bij het begrijpen van elektrische systemen, vooral als het gaat om belastings- en capaciteitsplanning.  <\/p>\n\n<h2 class=\"wp-block-heading\">Wat zijn amp\u00e8re-uren?<\/h2>\n\n<p><strong>Amp\u00e8re-uur<\/strong> is een ander sleutelbegrip in de wereld van elektriciteit. Het meet de hoeveelheid elektrische lading die in een bepaalde periode door een component stroomt. Dit concept is vooral relevant voor batterijen en energieopslagsystemen, omdat het een maatstaf is voor de capaciteit van de batterij &#8211; of hoe lang de batterij een bepaalde stroom kan leveren voordat hij weer moet worden opgeladen. E\u00e9n amp\u00e8re-uur betekent dat er 1 amp\u00e8re gedurende \u00e9\u00e9n uur door een component stroomt.   <\/p>\n","protected":false},"excerpt":{"rendered":"<p>Bereken amp\u00e8re, volt en watt. Met onze calculator kun je amp\u00e8re, volt en watt berekenen. Hoe bereken ik amp\u00e8re en [&hellip;]<\/p>\n","protected":false},"author":1,"featured_media":0,"parent":1770,"menu_order":0,"comment_status":"closed","ping_status":"closed","template":"kalkulator-side.php","meta":{"site-sidebar-layout":"default","site-content-layout":"default","ast-site-content-layout":"default","site-content-style":"default","site-sidebar-style":"default","ast-global-header-display":"","ast-banner-title-visibility":"","ast-main-header-display":"","ast-hfb-above-header-display":"","ast-hfb-below-header-display":"","ast-hfb-mobile-header-display":"","site-post-title":"","ast-breadcrumbs-content":"","ast-featured-img":"","footer-sml-layout":"","theme-transparent-header-meta":"default","adv-header-id-meta":"","stick-header-meta":"default","header-above-stick-meta":"","header-main-stick-meta":"","header-below-stick-meta":"","astra-migrate-meta-layouts":"default","ast-page-background-enabled":"default","ast-page-background-meta":{"desktop":{"background-color":"var(--ast-global-color-5)","background-image":"","background-repeat":"repeat","background-position":"center center","background-size":"auto","background-attachment":"scroll","background-type":"","background-media":"","overlay-type":"","overlay-color":"","overlay-opacity":"","overlay-gradient":""},"tablet":{"background-color":"","background-image":"","background-repeat":"repeat","background-position":"center center","background-size":"auto","background-attachment":"scroll","background-type":"","background-media":"","overlay-type":"","overlay-color":"","overlay-opacity":"","overlay-gradient":""},"mobile":{"background-color":"","background-image":"","background-repeat":"repeat","background-position":"center center","background-size":"auto","background-attachment":"scroll","background-type":"","background-media":"","overlay-type":"","overlay-color":"","overlay-opacity":"","overlay-gradient":""}},"ast-content-background-meta":{"desktop":{"background-color":"var(--ast-global-color-4)","background-image":"","background-repeat":"repeat","background-position":"center center","background-size":"auto","background-attachment":"scroll","background-type":"","background-media":"","overlay-type":"","overlay-color":"","overlay-opacity":"","overlay-gradient":""},"tablet":{"background-color":"var(--ast-global-color-4)","background-image":"","background-repeat":"repeat","background-position":"center center","background-size":"auto","background-attachment":"scroll","background-type":"","background-media":"","overlay-type":"","overlay-color":"","overlay-opacity":"","overlay-gradient":""},"mobile":{"background-color":"var(--ast-global-color-4)","background-image":"","background-repeat":"repeat","background-position":"center center","background-size":"auto","background-attachment":"scroll","background-type":"","background-media":"","overlay-type":"","overlay-color":"","overlay-opacity":"","overlay-gradient":""}},"footnotes":""},"class_list":["post-1929","page","type-page","status-publish","hentry"],"yoast_head":"<!-- This site is optimized with the Yoast SEO plugin v25.5 - https:\/\/yoast.com\/wordpress\/plugins\/seo\/ -->\n<title>Rekenmachine voor Watt, Amp\u00e8re en Volt<\/title>\n<meta name=\"description\" content=\"Onze calculator rekent watt, amp\u00e8re en volt om\" \/>\n<meta name=\"robots\" content=\"index, follow, max-snippet:-1, max-image-preview:large, max-video-preview:-1\" \/>\n<link rel=\"canonical\" href=\"https:\/\/quickpercentcalc.com\/nl\/overige\/watt-rekenmachine\/\" \/>\n<meta property=\"og:locale\" content=\"nl_NL\" \/>\n<meta property=\"og:type\" content=\"article\" \/>\n<meta property=\"og:title\" content=\"Rekenmachine voor Watt, Amp\u00e8re en Volt\" \/>\n<meta property=\"og:description\" content=\"Onze calculator rekent watt, amp\u00e8re en volt om\" \/>\n<meta property=\"og:url\" content=\"https:\/\/quickpercentcalc.com\/nl\/overige\/watt-rekenmachine\/\" \/>\n<meta property=\"og:site_name\" content=\"Quick Percent Calculator\" \/>\n<meta property=\"article:modified_time\" content=\"2025-04-08T15:13:55+00:00\" \/>\n<meta name=\"twitter:card\" content=\"summary_large_image\" \/>\n<meta name=\"twitter:label1\" content=\"Geschatte leestijd\" \/>\n\t<meta name=\"twitter:data1\" content=\"2 minuten\" \/>\n<script type=\"application\/ld+json\" class=\"yoast-schema-graph\">{\"@context\":\"https:\/\/schema.org\",\"@graph\":[{\"@type\":\"WebPage\",\"@id\":\"https:\/\/quickpercentcalc.com\/nl\/overige\/watt-rekenmachine\/\",\"url\":\"https:\/\/quickpercentcalc.com\/nl\/overige\/watt-rekenmachine\/\",\"name\":\"Rekenmachine voor Watt, Amp\u00e8re en Volt\",\"isPartOf\":{\"@id\":\"https:\/\/quickpercentcalc.com\/nl\/#website\"},\"datePublished\":\"2024-01-16T21:03:36+00:00\",\"dateModified\":\"2025-04-08T15:13:55+00:00\",\"description\":\"Onze calculator rekent watt, amp\u00e8re en volt om\",\"breadcrumb\":{\"@id\":\"https:\/\/quickpercentcalc.com\/nl\/overige\/watt-rekenmachine\/#breadcrumb\"},\"inLanguage\":\"nl-NL\",\"potentialAction\":[{\"@type\":\"ReadAction\",\"target\":[\"https:\/\/quickpercentcalc.com\/nl\/overige\/watt-rekenmachine\/\"]}]},{\"@type\":\"BreadcrumbList\",\"@id\":\"https:\/\/quickpercentcalc.com\/nl\/overige\/watt-rekenmachine\/#breadcrumb\",\"itemListElement\":[{\"@type\":\"ListItem\",\"position\":1,\"name\":\"Home\",\"item\":\"https:\/\/quickpercentcalc.com\/nl\/\"},{\"@type\":\"ListItem\",\"position\":2,\"name\":\"Overige\",\"item\":\"https:\/\/quickpercentcalc.com\/nl\/misc\/\"},{\"@type\":\"ListItem\",\"position\":3,\"name\":\"Watt Rekenmachine\"}]},{\"@type\":\"WebSite\",\"@id\":\"https:\/\/quickpercentcalc.com\/nl\/#website\",\"url\":\"https:\/\/quickpercentcalc.com\/nl\/\",\"name\":\"Quick Percent Calculator\",\"description\":\"\",\"potentialAction\":[{\"@type\":\"SearchAction\",\"target\":{\"@type\":\"EntryPoint\",\"urlTemplate\":\"https:\/\/quickpercentcalc.com\/nl\/?s={search_term_string}\"},\"query-input\":{\"@type\":\"PropertyValueSpecification\",\"valueRequired\":true,\"valueName\":\"search_term_string\"}}],\"inLanguage\":\"nl-NL\"}]}<\/script>\n<!-- \/ Yoast SEO plugin. -->","yoast_head_json":{"title":"Rekenmachine voor Watt, Amp\u00e8re en Volt","description":"Onze calculator rekent watt, amp\u00e8re en volt om","robots":{"index":"index","follow":"follow","max-snippet":"max-snippet:-1","max-image-preview":"max-image-preview:large","max-video-preview":"max-video-preview:-1"},"canonical":"https:\/\/quickpercentcalc.com\/nl\/overige\/watt-rekenmachine\/","og_locale":"nl_NL","og_type":"article","og_title":"Rekenmachine voor Watt, Amp\u00e8re en Volt","og_description":"Onze calculator rekent watt, amp\u00e8re en volt om","og_url":"https:\/\/quickpercentcalc.com\/nl\/overige\/watt-rekenmachine\/","og_site_name":"Quick Percent Calculator","article_modified_time":"2025-04-08T15:13:55+00:00","twitter_card":"summary_large_image","twitter_misc":{"Geschatte leestijd":"2 minuten"},"schema":{"@context":"https:\/\/schema.org","@graph":[{"@type":"WebPage","@id":"https:\/\/quickpercentcalc.com\/nl\/overige\/watt-rekenmachine\/","url":"https:\/\/quickpercentcalc.com\/nl\/overige\/watt-rekenmachine\/","name":"Rekenmachine voor Watt, Amp\u00e8re en Volt","isPartOf":{"@id":"https:\/\/quickpercentcalc.com\/nl\/#website"},"datePublished":"2024-01-16T21:03:36+00:00","dateModified":"2025-04-08T15:13:55+00:00","description":"Onze calculator rekent watt, amp\u00e8re en volt om","breadcrumb":{"@id":"https:\/\/quickpercentcalc.com\/nl\/overige\/watt-rekenmachine\/#breadcrumb"},"inLanguage":"nl-NL","potentialAction":[{"@type":"ReadAction","target":["https:\/\/quickpercentcalc.com\/nl\/overige\/watt-rekenmachine\/"]}]},{"@type":"BreadcrumbList","@id":"https:\/\/quickpercentcalc.com\/nl\/overige\/watt-rekenmachine\/#breadcrumb","itemListElement":[{"@type":"ListItem","position":1,"name":"Home","item":"https:\/\/quickpercentcalc.com\/nl\/"},{"@type":"ListItem","position":2,"name":"Overige","item":"https:\/\/quickpercentcalc.com\/nl\/misc\/"},{"@type":"ListItem","position":3,"name":"Watt Rekenmachine"}]},{"@type":"WebSite","@id":"https:\/\/quickpercentcalc.com\/nl\/#website","url":"https:\/\/quickpercentcalc.com\/nl\/","name":"Quick Percent Calculator","description":"","potentialAction":[{"@type":"SearchAction","target":{"@type":"EntryPoint","urlTemplate":"https:\/\/quickpercentcalc.com\/nl\/?s={search_term_string}"},"query-input":{"@type":"PropertyValueSpecification","valueRequired":true,"valueName":"search_term_string"}}],"inLanguage":"nl-NL"}]}},"_links":{"self":[{"href":"https:\/\/quickpercentcalc.com\/nl\/wp-json\/wp\/v2\/pages\/1929","targetHints":{"allow":["GET"]}}],"collection":[{"href":"https:\/\/quickpercentcalc.com\/nl\/wp-json\/wp\/v2\/pages"}],"about":[{"href":"https:\/\/quickpercentcalc.com\/nl\/wp-json\/wp\/v2\/types\/page"}],"author":[{"embeddable":true,"href":"https:\/\/quickpercentcalc.com\/nl\/wp-json\/wp\/v2\/users\/1"}],"replies":[{"embeddable":true,"href":"https:\/\/quickpercentcalc.com\/nl\/wp-json\/wp\/v2\/comments?post=1929"}],"version-history":[{"count":1,"href":"https:\/\/quickpercentcalc.com\/nl\/wp-json\/wp\/v2\/pages\/1929\/revisions"}],"predecessor-version":[{"id":1930,"href":"https:\/\/quickpercentcalc.com\/nl\/wp-json\/wp\/v2\/pages\/1929\/revisions\/1930"}],"up":[{"embeddable":true,"href":"https:\/\/quickpercentcalc.com\/nl\/wp-json\/wp\/v2\/pages\/1770"}],"wp:attachment":[{"href":"https:\/\/quickpercentcalc.com\/nl\/wp-json\/wp\/v2\/media?parent=1929"}],"curies":[{"name":"wp","href":"https:\/\/api.w.org\/{rel}","templated":true}]}}