{"id":1697,"date":"2024-01-24T20:41:53","date_gmt":"2024-01-24T20:41:53","guid":{"rendered":"https:\/\/quickpercentcalc.com\/matematica\/calculadora-de-nos\/"},"modified":"2025-04-07T18:39:18","modified_gmt":"2025-04-07T18:39:18","slug":"calculadora-de-nos","status":"publish","type":"page","link":"https:\/\/quickpercentcalc.com\/pt-pt\/matematica\/calculadora-de-nos\/","title":{"rendered":"Calculadora de n\u00f3s"},"content":{"rendered":"\n<p>Converte n\u00f3s. A nossa calculadora ajuda-te a converter entre n\u00f3s, km\/h, m\/s e mph. <\/p>\n\n<p>Esta calculadora permite-te converter entre n\u00f3s, quil\u00f3metros por hora (km\/h), metros por segundo (m\/s) e milhas por hora (mph).<\/p>\n\n<p>Os n\u00f3s, ou milhas n\u00e1uticas por hora, s\u00e3o a unidade padr\u00e3o de velocidade utilizada em contextos mar\u00edtimos e a\u00e9reos. Um n\u00f3 equivale exatamente a 1,852 quil\u00f3metros por hora ou aproximadamente 1,15078 milhas por hora. Continua a ser a norma internacional para a navega\u00e7\u00e3o no mar e no ar.  <\/p>\n\n<p>Quil\u00f3metros por hora \u00e9 a unidade m\u00e9trica normalmente utilizada para medir a velocidade em terra na maioria dos pa\u00edses. No entanto, nos EUA, a velocidade \u00e9 normalmente medida em milhas por hora (mph). <\/p>\n\n<script>\nfunction convertKnotsToKmh() {\n    var knots = parseFloat(document.getElementById(\"knotsToKmh\").value.replace(\/,\/g, \".\"));\n    document.getElementById(\"kmhResult\").value = (knots * 1.852).toFixed(2);\n}\n\nfunction convertKnotsToMs() {\n    var knots = parseFloat(document.getElementById(\"knotsToMs\").value.replace(\/,\/g, \".\"));\n    document.getElementById(\"msResult\").value = (knots * 0.514444).toFixed(2);\n}\n\nfunction convertKnotsToMph() {\n    var knots = parseFloat(document.getElementById(\"knotsToMph\").value.replace(\/,\/g, \".\"));\n    document.getElementById(\"mphResult\").value = (knots * 1.15078).toFixed(2);\n}\n\nfunction convertKmhToKnots() {\n    var kmh = parseFloat(document.getElementById(\"kmhToKnots\").value.replace(\/,\/g, \".\"));\n    document.getElementById(\"knotsResult\").value = (kmh * 0.539957).toFixed(2);\n}\n<\/script>\n\n<!-- Knots to km\/h -->\n<label for=\"knotsToKmh\"><h2>De n\u00f3s a km\/h<\/h2><\/label><br\/><input type=\"number\" id=\"knotsToKmh\" min=\"0\" placeholder=\"N\u00f3s\"\/>\n<br\/><input type=\"text\" id=\"kmhResult\" placeholder=\"km\/h\" readonly=\"readonly\"\/>\n<button onclick=\"convertKnotsToKmh()\">Converter<\/button>\n<br\/><br\/>\n<!-- Knots to m\/s -->\n<label for=\"knotsToMs\"><h2>N\u00f3s para m\/s<\/h2><\/label><br\/><input type=\"number\" id=\"knotsToMs\" min=\"0\" placeholder=\"N\u00f3s\"\/>\n<br\/><input type=\"text\" id=\"msResult\" placeholder=\"m\/s\" readonly=\"readonly\"\/>\n<button onclick=\"convertKnotsToMs()\">Converter<\/button>\n<br\/><br\/>\n<!-- Knots to mph -->\n<label for=\"knotsToMph\"><h2>De n\u00f3s para mph<\/h2><\/label><br\/><input type=\"number\" id=\"knotsToMph\" min=\"0\" placeholder=\"N\u00f3s\"\/>\n<br\/><input type=\"text\" id=\"mphResult\" placeholder=\"mph\" readonly=\"readonly\"\/>\n<button onclick=\"convertKnotsToMph()\">Converter<\/button>\n<br\/><br\/>\n<!-- km\/h to Knots -->\n<label for=\"kmhToKnots\"><h2>km\/h para N\u00f3s<\/h2><\/label><br\/><input type=\"number\" id=\"kmhToKnots\" min=\"0\" placeholder=\"km\/h\"\/>\n<br\/><input type=\"text\" id=\"knotsResult\" placeholder=\"N\u00f3s\" readonly=\"readonly\"\/>\n<button onclick=\"convertKmhToKnots()\">Converter<\/button>\n<br\/><br\/>\n\n<h2 class=\"wp-block-heading\">Como converter n\u00f3s em milhas por hora (mph)<\/h2>\n\n<p>A convers\u00e3o de n\u00f3s para milhas por hora \u00e9 simples. Uma vez que 1 n\u00f3 equivale a aproximadamente 1,15078 mph, basta multiplicar o n\u00famero de n\u00f3s por 1,15078. <\/p>\n\n<p><strong>F\u00f3rmula:<\/strong> mph = n\u00f3s \u00d7 1,15078<\/p>\n\n<p>Exemplo: Um barco que viaja a 10 n\u00f3s estaria a mover-se a: 10 \u00d7 1,15078 = 11,51 mph<\/p>\n\n<h3 class=\"wp-block-heading\">Utiliza\u00e7\u00e3o pr\u00e1tica destas convers\u00f5es<\/h3>\n\n<p>Estas convers\u00f5es s\u00e3o especialmente \u00fateis para marinheiros e pilotos que precisam de converter a sua velocidade para unidades m\u00e9tricas ou imperiais para navega\u00e7\u00e3o ou comunica\u00e7\u00e3o. Tamb\u00e9m s\u00e3o \u00fateis para estudantes ou entusiastas que estudam meteorologia ou ci\u00eancias n\u00e1uticas. <\/p>\n\n<h3 class=\"wp-block-heading\">Ferramentas de convers\u00e3o<\/h3>\n\n<p>Na era digital atual, existem muitas ferramentas para fazer estas convers\u00f5es de forma r\u00e1pida e f\u00e1cil. Desde calculadoras online a aplica\u00e7\u00f5es m\u00f3veis, \u00e9 simples encontrar uma ferramenta que se adapte \u00e0s tuas necessidades. <\/p>\n","protected":false},"excerpt":{"rendered":"<p>Converte n\u00f3s. A nossa calculadora ajuda-te a converter entre n\u00f3s, km\/h, m\/s e mph. Esta calculadora permite-te converter entre n\u00f3s, [&hellip;]<\/p>\n","protected":false},"author":1,"featured_media":0,"parent":1617,"menu_order":0,"comment_status":"closed","ping_status":"closed","template":"kalkulator-side.php","meta":{"site-sidebar-layout":"default","site-content-layout":"default","ast-site-content-layout":"default","site-content-style":"default","site-sidebar-style":"default","ast-global-header-display":"","ast-banner-title-visibility":"","ast-main-header-display":"","ast-hfb-above-header-display":"","ast-hfb-below-header-display":"","ast-hfb-mobile-header-display":"","site-post-title":"","ast-breadcrumbs-content":"","ast-featured-img":"","footer-sml-layout":"","theme-transparent-header-meta":"default","adv-header-id-meta":"","stick-header-meta":"default","header-above-stick-meta":"","header-main-stick-meta":"","header-below-stick-meta":"","astra-migrate-meta-layouts":"default","ast-page-background-enabled":"default","ast-page-background-meta":{"desktop":{"background-color":"var(--ast-global-color-5)","background-image":"","background-repeat":"repeat","background-position":"center center","background-size":"auto","background-attachment":"scroll","background-type":"","background-media":"","overlay-type":"","overlay-color":"","overlay-opacity":"","overlay-gradient":""},"tablet":{"background-color":"","background-image":"","background-repeat":"repeat","background-position":"center center","background-size":"auto","background-attachment":"scroll","background-type":"","background-media":"","overlay-type":"","overlay-color":"","overlay-opacity":"","overlay-gradient":""},"mobile":{"background-color":"","background-image":"","background-repeat":"repeat","background-position":"center center","background-size":"auto","background-attachment":"scroll","background-type":"","background-media":"","overlay-type":"","overlay-color":"","overlay-opacity":"","overlay-gradient":""}},"ast-content-background-meta":{"desktop":{"background-color":"var(--ast-global-color-4)","background-image":"","background-repeat":"repeat","background-position":"center center","background-size":"auto","background-attachment":"scroll","background-type":"","background-media":"","overlay-type":"","overlay-color":"","overlay-opacity":"","overlay-gradient":""},"tablet":{"background-color":"var(--ast-global-color-4)","background-image":"","background-repeat":"repeat","background-position":"center center","background-size":"auto","background-attachment":"scroll","background-type":"","background-media":"","overlay-type":"","overlay-color":"","overlay-opacity":"","overlay-gradient":""},"mobile":{"background-color":"var(--ast-global-color-4)","background-image":"","background-repeat":"repeat","background-position":"center center","background-size":"auto","background-attachment":"scroll","background-type":"","background-media":"","overlay-type":"","overlay-color":"","overlay-opacity":"","overlay-gradient":""}},"footnotes":""},"class_list":["post-1697","page","type-page","status-publish","hentry"],"yoast_head":"<!-- This site is optimized with the Yoast SEO plugin v25.5 - https:\/\/yoast.com\/wordpress\/plugins\/seo\/ -->\n<title>Conversor de n\u00f3s para mph - Converte n\u00f3s para km\/h, m\/s ou mph!<\/title>\n<meta name=\"description\" content=\"Converte n\u00f3s para mph com a nossa calculadora. \ud83d\udea4 Esta ferramenta permite-te introduzir um valor em n\u00f3s, km\/h ou m\/s e calcula a velocidade correspondente nas outras unidades.\" \/>\n<meta name=\"robots\" content=\"index, follow, max-snippet:-1, max-image-preview:large, max-video-preview:-1\" \/>\n<link rel=\"canonical\" href=\"https:\/\/quickpercentcalc.com\/pt-pt\/matematica\/calculadora-de-nos\/\" \/>\n<meta property=\"og:locale\" content=\"pt_PT\" \/>\n<meta property=\"og:type\" content=\"article\" \/>\n<meta property=\"og:title\" content=\"Conversor de n\u00f3s para mph - Converte n\u00f3s para km\/h, m\/s ou mph!\" \/>\n<meta property=\"og:description\" content=\"Converte n\u00f3s para mph com a nossa calculadora. \ud83d\udea4 Esta ferramenta permite-te introduzir um valor em n\u00f3s, km\/h ou m\/s e calcula a velocidade correspondente nas outras unidades.\" \/>\n<meta property=\"og:url\" content=\"https:\/\/quickpercentcalc.com\/pt-pt\/matematica\/calculadora-de-nos\/\" \/>\n<meta property=\"og:site_name\" content=\"Quick Percent Calculator\" \/>\n<meta property=\"article:modified_time\" content=\"2025-04-07T18:39:18+00:00\" \/>\n<meta name=\"twitter:card\" content=\"summary_large_image\" \/>\n<meta name=\"twitter:label1\" content=\"Tempo estimado de leitura\" \/>\n\t<meta name=\"twitter:data1\" content=\"2 minutos\" \/>\n<script type=\"application\/ld+json\" class=\"yoast-schema-graph\">{\"@context\":\"https:\/\/schema.org\",\"@graph\":[{\"@type\":\"WebPage\",\"@id\":\"https:\/\/quickpercentcalc.com\/pt-pt\/matematica\/calculadora-de-nos\/\",\"url\":\"https:\/\/quickpercentcalc.com\/pt-pt\/matematica\/calculadora-de-nos\/\",\"name\":\"Conversor de n\u00f3s para mph - Converte n\u00f3s para km\/h, m\/s ou mph!\",\"isPartOf\":{\"@id\":\"https:\/\/quickpercentcalc.com\/pt-pt\/#website\"},\"datePublished\":\"2024-01-24T20:41:53+00:00\",\"dateModified\":\"2025-04-07T18:39:18+00:00\",\"description\":\"Converte n\u00f3s para mph com a nossa calculadora. \ud83d\udea4 Esta ferramenta permite-te introduzir um valor em n\u00f3s, km\/h ou m\/s e calcula a velocidade correspondente nas outras unidades.\",\"breadcrumb\":{\"@id\":\"https:\/\/quickpercentcalc.com\/pt-pt\/matematica\/calculadora-de-nos\/#breadcrumb\"},\"inLanguage\":\"pt-PT\",\"potentialAction\":[{\"@type\":\"ReadAction\",\"target\":[\"https:\/\/quickpercentcalc.com\/pt-pt\/matematica\/calculadora-de-nos\/\"]}]},{\"@type\":\"BreadcrumbList\",\"@id\":\"https:\/\/quickpercentcalc.com\/pt-pt\/matematica\/calculadora-de-nos\/#breadcrumb\",\"itemListElement\":[{\"@type\":\"ListItem\",\"position\":1,\"name\":\"Home\",\"item\":\"https:\/\/quickpercentcalc.com\/pt-pt\/\"},{\"@type\":\"ListItem\",\"position\":2,\"name\":\"Matem\u00e1tica\",\"item\":\"https:\/\/quickpercentcalc.com\/pt-pt\/math\/\"},{\"@type\":\"ListItem\",\"position\":3,\"name\":\"Calculadora de n\u00f3s\"}]},{\"@type\":\"WebSite\",\"@id\":\"https:\/\/quickpercentcalc.com\/pt-pt\/#website\",\"url\":\"https:\/\/quickpercentcalc.com\/pt-pt\/\",\"name\":\"Quick Percent Calculator\",\"description\":\"\",\"potentialAction\":[{\"@type\":\"SearchAction\",\"target\":{\"@type\":\"EntryPoint\",\"urlTemplate\":\"https:\/\/quickpercentcalc.com\/pt-pt\/?s={search_term_string}\"},\"query-input\":{\"@type\":\"PropertyValueSpecification\",\"valueRequired\":true,\"valueName\":\"search_term_string\"}}],\"inLanguage\":\"pt-PT\"}]}<\/script>\n<!-- \/ Yoast SEO plugin. -->","yoast_head_json":{"title":"Conversor de n\u00f3s para mph - Converte n\u00f3s para km\/h, m\/s ou mph!","description":"Converte n\u00f3s para mph com a nossa calculadora. \ud83d\udea4 Esta ferramenta permite-te introduzir um valor em n\u00f3s, km\/h ou m\/s e calcula a velocidade correspondente nas outras unidades.","robots":{"index":"index","follow":"follow","max-snippet":"max-snippet:-1","max-image-preview":"max-image-preview:large","max-video-preview":"max-video-preview:-1"},"canonical":"https:\/\/quickpercentcalc.com\/pt-pt\/matematica\/calculadora-de-nos\/","og_locale":"pt_PT","og_type":"article","og_title":"Conversor de n\u00f3s para mph - Converte n\u00f3s para km\/h, m\/s ou mph!","og_description":"Converte n\u00f3s para mph com a nossa calculadora. \ud83d\udea4 Esta ferramenta permite-te introduzir um valor em n\u00f3s, km\/h ou m\/s e calcula a velocidade correspondente nas outras unidades.","og_url":"https:\/\/quickpercentcalc.com\/pt-pt\/matematica\/calculadora-de-nos\/","og_site_name":"Quick Percent Calculator","article_modified_time":"2025-04-07T18:39:18+00:00","twitter_card":"summary_large_image","twitter_misc":{"Tempo estimado de leitura":"2 minutos"},"schema":{"@context":"https:\/\/schema.org","@graph":[{"@type":"WebPage","@id":"https:\/\/quickpercentcalc.com\/pt-pt\/matematica\/calculadora-de-nos\/","url":"https:\/\/quickpercentcalc.com\/pt-pt\/matematica\/calculadora-de-nos\/","name":"Conversor de n\u00f3s para mph - Converte n\u00f3s para km\/h, m\/s ou mph!","isPartOf":{"@id":"https:\/\/quickpercentcalc.com\/pt-pt\/#website"},"datePublished":"2024-01-24T20:41:53+00:00","dateModified":"2025-04-07T18:39:18+00:00","description":"Converte n\u00f3s para mph com a nossa calculadora. \ud83d\udea4 Esta ferramenta permite-te introduzir um valor em n\u00f3s, km\/h ou m\/s e calcula a velocidade correspondente nas outras unidades.","breadcrumb":{"@id":"https:\/\/quickpercentcalc.com\/pt-pt\/matematica\/calculadora-de-nos\/#breadcrumb"},"inLanguage":"pt-PT","potentialAction":[{"@type":"ReadAction","target":["https:\/\/quickpercentcalc.com\/pt-pt\/matematica\/calculadora-de-nos\/"]}]},{"@type":"BreadcrumbList","@id":"https:\/\/quickpercentcalc.com\/pt-pt\/matematica\/calculadora-de-nos\/#breadcrumb","itemListElement":[{"@type":"ListItem","position":1,"name":"Home","item":"https:\/\/quickpercentcalc.com\/pt-pt\/"},{"@type":"ListItem","position":2,"name":"Matem\u00e1tica","item":"https:\/\/quickpercentcalc.com\/pt-pt\/math\/"},{"@type":"ListItem","position":3,"name":"Calculadora de n\u00f3s"}]},{"@type":"WebSite","@id":"https:\/\/quickpercentcalc.com\/pt-pt\/#website","url":"https:\/\/quickpercentcalc.com\/pt-pt\/","name":"Quick Percent Calculator","description":"","potentialAction":[{"@type":"SearchAction","target":{"@type":"EntryPoint","urlTemplate":"https:\/\/quickpercentcalc.com\/pt-pt\/?s={search_term_string}"},"query-input":{"@type":"PropertyValueSpecification","valueRequired":true,"valueName":"search_term_string"}}],"inLanguage":"pt-PT"}]}},"_links":{"self":[{"href":"https:\/\/quickpercentcalc.com\/pt-pt\/wp-json\/wp\/v2\/pages\/1697","targetHints":{"allow":["GET"]}}],"collection":[{"href":"https:\/\/quickpercentcalc.com\/pt-pt\/wp-json\/wp\/v2\/pages"}],"about":[{"href":"https:\/\/quickpercentcalc.com\/pt-pt\/wp-json\/wp\/v2\/types\/page"}],"author":[{"embeddable":true,"href":"https:\/\/quickpercentcalc.com\/pt-pt\/wp-json\/wp\/v2\/users\/1"}],"replies":[{"embeddable":true,"href":"https:\/\/quickpercentcalc.com\/pt-pt\/wp-json\/wp\/v2\/comments?post=1697"}],"version-history":[{"count":1,"href":"https:\/\/quickpercentcalc.com\/pt-pt\/wp-json\/wp\/v2\/pages\/1697\/revisions"}],"predecessor-version":[{"id":1698,"href":"https:\/\/quickpercentcalc.com\/pt-pt\/wp-json\/wp\/v2\/pages\/1697\/revisions\/1698"}],"up":[{"embeddable":true,"href":"https:\/\/quickpercentcalc.com\/pt-pt\/wp-json\/wp\/v2\/pages\/1617"}],"wp:attachment":[{"href":"https:\/\/quickpercentcalc.com\/pt-pt\/wp-json\/wp\/v2\/media?parent=1697"}],"curies":[{"name":"wp","href":"https:\/\/api.w.org\/{rel}","templated":true}]}}