{"id":1810,"date":"2024-01-20T12:06:42","date_gmt":"2024-01-20T12:06:42","guid":{"rendered":"https:\/\/quickpercentcalc.com\/diversos\/calculadora-da-maratona\/"},"modified":"2025-04-07T18:56:25","modified_gmt":"2025-04-07T18:56:25","slug":"calculadora-da-maratona","status":"publish","type":"page","link":"https:\/\/quickpercentcalc.com\/pt-pt\/diversos\/calculadora-da-maratona\/","title":{"rendered":"Calculadora da Maratona"},"content":{"rendered":"\n<p>Calcula o teu tempo de maratona! A nossa calculadora de corrida pega no teu tempo ou velocidade desejados e calcula o ritmo\/tempo para ti! <\/p>\n\n<p>V\u00ea tamb\u00e9m a nossa<a href=\"https:\/\/quickpercentcalc.com\/misc\/1rm-strength-calculator\/\"> calculadora de for\u00e7a 1RM!<\/a><\/p>\n\n<h2 class=\"wp-block-heading\">Calculadora de corrida<\/h2>\n\n<p>Introduz a dist\u00e2ncia que corres numa determinada dist\u00e2ncia e a calculadora mostra-te o ritmo por km, 5 km, 10 km, meia maratona, maratona completa e 50 km.<\/p>\n\n   <!-- script remains unchanged; it's logic, not language -->   <label for=\"timer\">Horas<\/label> <input type=\"number\" id=\"timer\" min=\"0\"\/> <br\/><br\/> <label for=\"minutter\">Minutos<\/label> <input type=\"number\" id=\"minutter\" min=\"0\"\/> <br\/><br\/> <label for=\"sekunder\">Segundos<\/label> <input type=\"number\" id=\"sekunder\" min=\"0\"\/> <br\/><br\/> <label for=\"distanse\">Dist\u00e2ncia (quil\u00f3metros)<\/label> <input type=\"number\" id=\"distanse\" min=\"0\"\/> <br\/><br\/><input type=\"button\" id=\"regnut\" value=\"Calcula\" onclick=\"regnUt()\"\/>\n<br\/><br\/><div id=\"resultatBoks\" style=\"visibility: hidden;\">\n    <span>Resultados:<\/span><br\/>    <span id=\"resultat\" class=\"maratonResultat\"><\/span>\n<\/div>\n\n \n\n<h2 class=\"wp-block-heading\">Quanto tempo dura uma maratona?<\/h2>\n\n<p>Uma maratona tem 42,195 quil\u00f3metros de comprimento, o que equivale a 42.195 metros.<\/p>\n\n<p>Esta dist\u00e2ncia impressionante remonta aos Jogos Ol\u00edmpicos de 1908 em Londres, onde os organizadores acrescentaram mais 385 metros para garantir que a corrida come\u00e7ava no Castelo de Windsor e terminava em frente \u00e0 fam\u00edlia real brit\u00e2nica no Pal\u00e1cio de Buckingham. Desde ent\u00e3o, esta dist\u00e2ncia tem sido padronizada como a dist\u00e2ncia oficial da maratona em todo o mundo. <\/p>\n\n<h2 class=\"wp-block-heading\">O que \u00e9 uma meia maratona?<\/h2>\n\n<p>A meia maratona \u00e9 uma corrida de 21,1 quil\u00f3metros, exatamente metade do comprimento de uma maratona completa. Este formato oferece uma mistura \u00fanica de resist\u00eancia e velocidade, tornando-a uma dist\u00e2ncia atractiva para uma grande variedade de corredores. Muitos utilizam a meia maratona como um trampolim para uma maratona completa, enquanto outros preferem-na como a sua dist\u00e2ncia principal de corrida.  <\/p>\n\n<p>Uma meia maratona \u00e9 mais do que apenas uma corrida; \u00e9 uma viagem. Com a prepara\u00e7\u00e3o e a mentalidade certas, qualquer pessoa pode desfrutar da emo\u00e7\u00e3o de cruzar a linha de chegada ap\u00f3s 21,1 quil\u00f3metros desafiantes e gratificantes. <\/p>\n\n<h2 class=\"wp-block-heading\">Plano de treino para a maratona<\/h2>\n\n<p>Um plano de treino para maratona bem estruturado \u00e9 essencial para te preparares para um dos desafios de corrida mais exigentes &#8211; a maratona. Quer sejas um corredor experiente ou um principiante, um plano de treino dedicado fornece orienta\u00e7\u00f5es para desenvolver a resist\u00eancia, a for\u00e7a e o desempenho necess\u00e1rios para conquistar a lend\u00e1ria dist\u00e2ncia de 42,195 km. <\/p>\n\n<p>Se sonhas em completar uma maratona, \u00e9 importante ter um plano de treino estruturado. Este programa de treino para a maratona foi concebido tanto para iniciantes como para corredores mais experientes que pretendam atingir os seus objectivos. Apresentamos-te um resumo semanal das sess\u00f5es de treino:  <\/p>\n\n<p><strong>Semana 1-4: Desenvolve a resist\u00eancia de base<\/strong><\/p>\n\n<ul class=\"wp-block-list\">\n<li><strong>Segunda-feira:<\/strong> 45 minutos de corrida f\u00e1cil<\/li>\n\n\n\n<li><strong>Quarta-feira:<\/strong> 30 minutos de corrida com foco na t\u00e9cnica<\/li>\n\n\n\n<li><strong>Sexta-feira:<\/strong> 60 minutos de corrida lenta<\/li>\n\n\n\n<li><strong>Domingo:<\/strong> 90 minutos de corrida lenta<\/li>\n<\/ul>\n\n<p><strong>Semana 5-8: Aumenta a dist\u00e2ncia<\/strong><\/p>\n\n<ul class=\"wp-block-list\">\n<li><strong>Segunda-feira:<\/strong> 45 minutos de corrida f\u00e1cil<\/li>\n\n\n\n<li><strong>Quarta-feira:<\/strong> 40 minutos de corrida com foco no ritmo<\/li>\n\n\n\n<li><strong>Sexta-feira:<\/strong> 75 minutos de corrida lenta<\/li>\n\n\n\n<li><strong>Domingo:<\/strong> 2 horas de corrida lenta<\/li>\n<\/ul>\n\n<p><strong>Semana 9-12: Desenvolve a resist\u00eancia e a velocidade<\/strong><\/p>\n\n<ul class=\"wp-block-list\">\n<li><strong>Segunda-feira:<\/strong> 45 minutos de corrida com alguns intervalos de sprint<\/li>\n\n\n\n<li><strong>Quarta-feira:<\/strong> 50 minutos de corrida a um ritmo mais acelerado<\/li>\n\n\n\n<li><strong>Sexta-feira:<\/strong> 90 minutos de corrida lenta<\/li>\n\n\n\n<li><strong>Domingo:<\/strong> 2,5 horas de corrida lenta<\/li>\n<\/ul>\n\n<p><strong>Semana 13-16: Prepara\u00e7\u00e3o espec\u00edfica para a maratona<\/strong><\/p>\n\n<ul class=\"wp-block-list\">\n<li><strong>Segunda-feira:<\/strong> 45 minutos de corrida com treino de velocidade<\/li>\n\n\n\n<li><strong>Quarta-feira:<\/strong> 60 minutos de corrida com sess\u00f5es de tempo longo<\/li>\n\n\n\n<li><strong>Sexta-feira:<\/strong> 100 minutos de corrida lenta<\/li>\n\n\n\n<li><strong>Domingo:<\/strong> 3 horas de corrida lenta<\/li>\n<\/ul>\n\n<p><strong>Semana 17-20: Afinamento e recupera\u00e7\u00e3o<\/strong><\/p>\n\n<ul class=\"wp-block-list\">\n<li><strong>Segunda-feira:<\/strong> 45 minutos de corrida ligeira<\/li>\n\n\n\n<li><strong>Quarta-feira:<\/strong> 40 minutos de corrida ligeira<\/li>\n\n\n\n<li><strong>Sexta-feira:<\/strong> 30 minutos de corrida ligeira<\/li>\n\n\n\n<li><strong>Domingo:<\/strong> Corrida de maratona!<\/li>\n<\/ul>\n\n<p>N\u00e3o te esque\u00e7as de incluir exerc\u00edcios de for\u00e7a e de alongamento ao longo do programa para evitar les\u00f5es e melhorar a tua forma de corrida.<\/p>\n\n<p>Se seguires este programa de treino para a maratona e o combinares com uma alimenta\u00e7\u00e3o adequada e um descanso apropriado, estar\u00e1s bem equipado para cruzar a linha de chegada na tua pr\u00f3xima maratona. Boa sorte com o teu treino e aproveita a viagem para alcan\u00e7ares os teus objectivos de corrida! <\/p>\n","protected":false},"excerpt":{"rendered":"<p>Calcula o teu tempo de maratona! A nossa calculadora de corrida pega no teu tempo ou velocidade desejados e calcula [&hellip;]<\/p>\n","protected":false},"author":1,"featured_media":0,"parent":1776,"menu_order":0,"comment_status":"closed","ping_status":"closed","template":"kalkulator-side.php","meta":{"site-sidebar-layout":"default","site-content-layout":"default","ast-site-content-layout":"default","site-content-style":"default","site-sidebar-style":"default","ast-global-header-display":"","ast-banner-title-visibility":"","ast-main-header-display":"","ast-hfb-above-header-display":"","ast-hfb-below-header-display":"","ast-hfb-mobile-header-display":"","site-post-title":"","ast-breadcrumbs-content":"","ast-featured-img":"","footer-sml-layout":"","theme-transparent-header-meta":"default","adv-header-id-meta":"","stick-header-meta":"default","header-above-stick-meta":"","header-main-stick-meta":"","header-below-stick-meta":"","astra-migrate-meta-layouts":"default","ast-page-background-enabled":"default","ast-page-background-meta":{"desktop":{"background-color":"var(--ast-global-color-5)","background-image":"","background-repeat":"repeat","background-position":"center center","background-size":"auto","background-attachment":"scroll","background-type":"","background-media":"","overlay-type":"","overlay-color":"","overlay-opacity":"","overlay-gradient":""},"tablet":{"background-color":"","background-image":"","background-repeat":"repeat","background-position":"center center","background-size":"auto","background-attachment":"scroll","background-type":"","background-media":"","overlay-type":"","overlay-color":"","overlay-opacity":"","overlay-gradient":""},"mobile":{"background-color":"","background-image":"","background-repeat":"repeat","background-position":"center center","background-size":"auto","background-attachment":"scroll","background-type":"","background-media":"","overlay-type":"","overlay-color":"","overlay-opacity":"","overlay-gradient":""}},"ast-content-background-meta":{"desktop":{"background-color":"var(--ast-global-color-4)","background-image":"","background-repeat":"repeat","background-position":"center center","background-size":"auto","background-attachment":"scroll","background-type":"","background-media":"","overlay-type":"","overlay-color":"","overlay-opacity":"","overlay-gradient":""},"tablet":{"background-color":"var(--ast-global-color-4)","background-image":"","background-repeat":"repeat","background-position":"center center","background-size":"auto","background-attachment":"scroll","background-type":"","background-media":"","overlay-type":"","overlay-color":"","overlay-opacity":"","overlay-gradient":""},"mobile":{"background-color":"var(--ast-global-color-4)","background-image":"","background-repeat":"repeat","background-position":"center center","background-size":"auto","background-attachment":"scroll","background-type":"","background-media":"","overlay-type":"","overlay-color":"","overlay-opacity":"","overlay-gradient":""}},"footnotes":""},"class_list":["post-1810","page","type-page","status-publish","hentry"],"yoast_head":"<!-- This site is optimized with the Yoast SEO plugin v25.5 - https:\/\/yoast.com\/wordpress\/plugins\/seo\/ -->\n<title>Calculadora de corrida - Calculadora de maratona - Encontra o teu ritmo<\/title>\n<meta name=\"description\" content=\"A nossa calculadora de corrida ajuda-te a encontrar o teu tempo ideal para a maratona.\" \/>\n<meta name=\"robots\" content=\"index, follow, max-snippet:-1, max-image-preview:large, max-video-preview:-1\" \/>\n<link rel=\"canonical\" href=\"https:\/\/quickpercentcalc.com\/pt-pt\/diversos\/calculadora-da-maratona\/\" \/>\n<meta property=\"og:locale\" content=\"pt_PT\" \/>\n<meta property=\"og:type\" content=\"article\" \/>\n<meta property=\"og:title\" content=\"Calculadora de corrida - Calculadora de maratona - Encontra o teu ritmo\" \/>\n<meta property=\"og:description\" content=\"A nossa calculadora de corrida ajuda-te a encontrar o teu tempo ideal para a maratona.\" \/>\n<meta property=\"og:url\" content=\"https:\/\/quickpercentcalc.com\/pt-pt\/diversos\/calculadora-da-maratona\/\" \/>\n<meta property=\"og:site_name\" content=\"Quick Percent Calculator\" \/>\n<meta property=\"article:modified_time\" content=\"2025-04-07T18:56:25+00:00\" \/>\n<meta name=\"twitter:card\" content=\"summary_large_image\" \/>\n<meta name=\"twitter:label1\" content=\"Tempo estimado de leitura\" \/>\n\t<meta name=\"twitter:data1\" content=\"3 minutos\" \/>\n<script type=\"application\/ld+json\" class=\"yoast-schema-graph\">{\"@context\":\"https:\/\/schema.org\",\"@graph\":[{\"@type\":\"WebPage\",\"@id\":\"https:\/\/quickpercentcalc.com\/pt-pt\/diversos\/calculadora-da-maratona\/\",\"url\":\"https:\/\/quickpercentcalc.com\/pt-pt\/diversos\/calculadora-da-maratona\/\",\"name\":\"Calculadora de corrida - Calculadora de maratona - Encontra o teu ritmo\",\"isPartOf\":{\"@id\":\"https:\/\/quickpercentcalc.com\/pt-pt\/#website\"},\"datePublished\":\"2024-01-20T12:06:42+00:00\",\"dateModified\":\"2025-04-07T18:56:25+00:00\",\"description\":\"A nossa calculadora de corrida ajuda-te a encontrar o teu tempo ideal para a maratona.\",\"breadcrumb\":{\"@id\":\"https:\/\/quickpercentcalc.com\/pt-pt\/diversos\/calculadora-da-maratona\/#breadcrumb\"},\"inLanguage\":\"pt-PT\",\"potentialAction\":[{\"@type\":\"ReadAction\",\"target\":[\"https:\/\/quickpercentcalc.com\/pt-pt\/diversos\/calculadora-da-maratona\/\"]}]},{\"@type\":\"BreadcrumbList\",\"@id\":\"https:\/\/quickpercentcalc.com\/pt-pt\/diversos\/calculadora-da-maratona\/#breadcrumb\",\"itemListElement\":[{\"@type\":\"ListItem\",\"position\":1,\"name\":\"Home\",\"item\":\"https:\/\/quickpercentcalc.com\/pt-pt\/\"},{\"@type\":\"ListItem\",\"position\":2,\"name\":\"Diversos\",\"item\":\"https:\/\/quickpercentcalc.com\/pt-pt\/misc\/\"},{\"@type\":\"ListItem\",\"position\":3,\"name\":\"Calculadora da Maratona\"}]},{\"@type\":\"WebSite\",\"@id\":\"https:\/\/quickpercentcalc.com\/pt-pt\/#website\",\"url\":\"https:\/\/quickpercentcalc.com\/pt-pt\/\",\"name\":\"Quick Percent Calculator\",\"description\":\"\",\"potentialAction\":[{\"@type\":\"SearchAction\",\"target\":{\"@type\":\"EntryPoint\",\"urlTemplate\":\"https:\/\/quickpercentcalc.com\/pt-pt\/?s={search_term_string}\"},\"query-input\":{\"@type\":\"PropertyValueSpecification\",\"valueRequired\":true,\"valueName\":\"search_term_string\"}}],\"inLanguage\":\"pt-PT\"}]}<\/script>\n<!-- \/ Yoast SEO plugin. -->","yoast_head_json":{"title":"Calculadora de corrida - Calculadora de maratona - Encontra o teu ritmo","description":"A nossa calculadora de corrida ajuda-te a encontrar o teu tempo ideal para a maratona.","robots":{"index":"index","follow":"follow","max-snippet":"max-snippet:-1","max-image-preview":"max-image-preview:large","max-video-preview":"max-video-preview:-1"},"canonical":"https:\/\/quickpercentcalc.com\/pt-pt\/diversos\/calculadora-da-maratona\/","og_locale":"pt_PT","og_type":"article","og_title":"Calculadora de corrida - Calculadora de maratona - Encontra o teu ritmo","og_description":"A nossa calculadora de corrida ajuda-te a encontrar o teu tempo ideal para a maratona.","og_url":"https:\/\/quickpercentcalc.com\/pt-pt\/diversos\/calculadora-da-maratona\/","og_site_name":"Quick Percent Calculator","article_modified_time":"2025-04-07T18:56:25+00:00","twitter_card":"summary_large_image","twitter_misc":{"Tempo estimado de leitura":"3 minutos"},"schema":{"@context":"https:\/\/schema.org","@graph":[{"@type":"WebPage","@id":"https:\/\/quickpercentcalc.com\/pt-pt\/diversos\/calculadora-da-maratona\/","url":"https:\/\/quickpercentcalc.com\/pt-pt\/diversos\/calculadora-da-maratona\/","name":"Calculadora de corrida - Calculadora de maratona - Encontra o teu ritmo","isPartOf":{"@id":"https:\/\/quickpercentcalc.com\/pt-pt\/#website"},"datePublished":"2024-01-20T12:06:42+00:00","dateModified":"2025-04-07T18:56:25+00:00","description":"A nossa calculadora de corrida ajuda-te a encontrar o teu tempo ideal para a maratona.","breadcrumb":{"@id":"https:\/\/quickpercentcalc.com\/pt-pt\/diversos\/calculadora-da-maratona\/#breadcrumb"},"inLanguage":"pt-PT","potentialAction":[{"@type":"ReadAction","target":["https:\/\/quickpercentcalc.com\/pt-pt\/diversos\/calculadora-da-maratona\/"]}]},{"@type":"BreadcrumbList","@id":"https:\/\/quickpercentcalc.com\/pt-pt\/diversos\/calculadora-da-maratona\/#breadcrumb","itemListElement":[{"@type":"ListItem","position":1,"name":"Home","item":"https:\/\/quickpercentcalc.com\/pt-pt\/"},{"@type":"ListItem","position":2,"name":"Diversos","item":"https:\/\/quickpercentcalc.com\/pt-pt\/misc\/"},{"@type":"ListItem","position":3,"name":"Calculadora da Maratona"}]},{"@type":"WebSite","@id":"https:\/\/quickpercentcalc.com\/pt-pt\/#website","url":"https:\/\/quickpercentcalc.com\/pt-pt\/","name":"Quick Percent Calculator","description":"","potentialAction":[{"@type":"SearchAction","target":{"@type":"EntryPoint","urlTemplate":"https:\/\/quickpercentcalc.com\/pt-pt\/?s={search_term_string}"},"query-input":{"@type":"PropertyValueSpecification","valueRequired":true,"valueName":"search_term_string"}}],"inLanguage":"pt-PT"}]}},"_links":{"self":[{"href":"https:\/\/quickpercentcalc.com\/pt-pt\/wp-json\/wp\/v2\/pages\/1810","targetHints":{"allow":["GET"]}}],"collection":[{"href":"https:\/\/quickpercentcalc.com\/pt-pt\/wp-json\/wp\/v2\/pages"}],"about":[{"href":"https:\/\/quickpercentcalc.com\/pt-pt\/wp-json\/wp\/v2\/types\/page"}],"author":[{"embeddable":true,"href":"https:\/\/quickpercentcalc.com\/pt-pt\/wp-json\/wp\/v2\/users\/1"}],"replies":[{"embeddable":true,"href":"https:\/\/quickpercentcalc.com\/pt-pt\/wp-json\/wp\/v2\/comments?post=1810"}],"version-history":[{"count":1,"href":"https:\/\/quickpercentcalc.com\/pt-pt\/wp-json\/wp\/v2\/pages\/1810\/revisions"}],"predecessor-version":[{"id":1811,"href":"https:\/\/quickpercentcalc.com\/pt-pt\/wp-json\/wp\/v2\/pages\/1810\/revisions\/1811"}],"up":[{"embeddable":true,"href":"https:\/\/quickpercentcalc.com\/pt-pt\/wp-json\/wp\/v2\/pages\/1776"}],"wp:attachment":[{"href":"https:\/\/quickpercentcalc.com\/pt-pt\/wp-json\/wp\/v2\/media?parent=1810"}],"curies":[{"name":"wp","href":"https:\/\/api.w.org\/{rel}","templated":true}]}}