{"id":1917,"date":"2024-01-16T21:03:36","date_gmt":"2024-01-16T21:03:36","guid":{"rendered":"https:\/\/quickpercentcalc.com\/diversos\/calculadora-de-watt\/"},"modified":"2025-04-08T15:13:11","modified_gmt":"2025-04-08T15:13:11","slug":"calculadora-de-watt","status":"publish","type":"page","link":"https:\/\/quickpercentcalc.com\/pt-pt\/diversos\/calculadora-de-watt\/","title":{"rendered":"Calculadora de Watt"},"content":{"rendered":"\n<p>Calcula amperes, volts e watts. A nossa calculadora ajuda-te a calcular amperes, volts e watts. <\/p>\n\n<h2 class=\"wp-block-heading\">Como calcular amperes e volts para watts<\/h2>\n\n<p>O c\u00e1lculo de amperes, volts e watts \u00e9 relativamente simples, uma vez que as tr\u00eas medidas est\u00e3o intimamente ligadas.<\/p>\n\n<p><strong>watt = ampere x volt<\/strong><\/p>\n\n<p>Como podemos ver, multiplica amperes e volts para obter watts. Tamb\u00e9m podemos reorganizar a f\u00f3rmula para encontrar amperes ou volts: <\/p>\n\n<p><strong>ampere = watt \/ volt<\/strong><\/p>\n\n<p><strong>volt = watt \/ ampere<\/strong><\/p>\n\n<script>\n    function regnUtWatt(){\n        var volt = parseFloat(document.getElementById(\"volt\").value.replace(\/,\/g, \".\")) || 0;\n        var ampere = parseFloat(document.getElementById(\"ampere\").value.replace(\/,\/g, \".\")) || 0;\n\n        \/\/ Calculation: watt = volt * ampere\n        var watt = volt * ampere;\n\n        if (!isNaN(watt)) {\n            document.getElementById(\"resultatWatt\").innerHTML = \"Power (Watts): \" + watt.toString() + \" W\";\n            document.getElementById(\"resultatBoksWatt\").style.visibility = \"initial\";\n        }\n    }\n\n    function regnUtAmpere(){\n        var watt = parseFloat(document.getElementById(\"watt\").value.replace(\/,\/g, \".\")) || 0;\n        var volt = parseFloat(document.getElementById(\"voltAmpere\").value.replace(\/,\/g, \".\")) || 0;\n\n        \/\/ Calculation: ampere = watt \/ volt\n        var ampere = watt \/ volt;\n\n        if (!isNaN(ampere)) {\n            document.getElementById(\"resultatAmpere\").innerHTML = \"Current (Amps): \" + ampere.toString() + \" A\";\n            document.getElementById(\"resultatBoksAmpere\").style.visibility = \"initial\";\n        }\n    }\n\n    function regnUtVolt(){\n        var watt = parseFloat(document.getElementById(\"wattVolt\").value.replace(\/,\/g, \".\")) || 0;\n        var ampere = parseFloat(document.getElementById(\"ampereVolt\").value.replace(\/,\/g, \".\")) || 0;\n\n        \/\/ Calculation: volt = watt \/ ampere\n        var volt = watt \/ ampere;\n\n        if (!isNaN(volt)) {\n            document.getElementById(\"resultatVolt\").innerHTML = \"Voltage (Volts): \" + volt.toString() + \" V\";\n            document.getElementById(\"resultatBoksVolt\").style.visibility = \"initial\";\n        }\n    }\n<\/script>\n\n<!-- Calculator for Watts -->\n<h2>Calculadora de Watt<\/h2>\n<label for=\"volt\">Tens\u00e3o (Volts)<\/label><br\/><input type=\"number\" id=\"volt\" min=\"0\"\/>\n<br\/><br\/>\n<label for=\"ampere\">Corrente (Amperes)<\/label><br\/><input type=\"number\" id=\"ampere\" min=\"0\"\/>\n<br\/><br\/>\n<input type=\"button\" id=\"regnutWatt\" value=\"Calcula\" onclick=\"regnUtWatt()\"\/>\n<br\/><br\/>\n<div id=\"resultatBoksWatt\" style=\"visibility: hidden;\">\n    <span>Resultado:<\/span><br\/>    <span id=\"resultatWatt\" class=\"kalkyleResultat\"><\/span>    \n<\/div>\n<br\/><br\/>\n<!-- Calculator for Amps -->\n<h2>Calculadora de amperes<\/h2>\n<label for=\"watt\">Pot\u00eancia (Watts)<\/label><br\/><input type=\"number\" id=\"watt\" min=\"0\"\/>\n<br\/><br\/>\n<label for=\"voltAmpere\">Tens\u00e3o (Volts)<\/label><br\/><input type=\"number\" id=\"voltAmpere\" min=\"0\"\/>\n<br\/><br\/>\n<input type=\"button\" id=\"regnutAmpere\" value=\"Calcula\" onclick=\"regnUtAmpere()\"\/>\n<br\/><br\/>\n<div id=\"resultatBoksAmpere\" style=\"visibility: hidden;\">\n    <span>Resultado:<\/span><br\/>    <span id=\"resultatAmpere\" class=\"kalkyleResultat\"><\/span>    \n<\/div>\n<br\/><br\/>\n<!-- Calculator for Volts -->\n<h2>Calculadora de tens\u00e3o<\/h2>\n<label for=\"wattVolt\">Pot\u00eancia (Watts)<\/label><br\/><input type=\"number\" id=\"wattVolt\" min=\"0\"\/>\n<br\/><br\/>\n<label for=\"ampereVolt\">Corrente (Amperes)<\/label><br\/><input type=\"number\" id=\"ampereVolt\" min=\"0\"\/>\n<br\/><br\/>\n<input type=\"button\" id=\"regnutVolt\" value=\"Calcula\" onclick=\"regnUtVolt()\"\/>\n<br\/><br\/>\n<div id=\"resultatBoksVolt\" style=\"visibility: hidden;\">\n    <span>Resultado:<\/span><br\/>    <span id=\"resultatVolt\" class=\"kalkyleResultat\"><\/span>    \n<\/div>\n\n<h2 class=\"wp-block-heading\">O que s\u00e3o os amperes e os volts?<\/h2>\n\n<p>Amperes e volts s\u00e3o unidades fundamentais na engenharia el\u00e9ctrica que desempenham um papel central na compreens\u00e3o da corrente el\u00e9ctrica e da tens\u00e3o. <strong>Os amperes<\/strong>, muitas vezes designados apenas por &#8220;amp&#8221;, medem a corrente el\u00e9ctrica e indicam quantos electr\u00f5es passam por um condutor por segundo. Este conceito \u00e9 especialmente importante para avaliar o consumo de energia e a capacidade dos dispositivos el\u00e9ctricos. Entretanto, <strong>os volts<\/strong> medem o potencial el\u00e9trico. Indica quanta for\u00e7a est\u00e1 dispon\u00edvel para conduzir a corrente atrav\u00e9s de um circuito. Em conjunto, os amperes e os volts d\u00e3o uma imagem completa do desempenho el\u00e9trico, o que \u00e9 crucial para compreender o funcionamento de diferentes dispositivos e sistemas.    <\/p>\n\n<h2 class=\"wp-block-heading\">Converter amperes em watts<\/h2>\n\n<p>Quando se trata de converter <strong>amperes em watts<\/strong>, este \u00e9 um c\u00e1lculo cr\u00edtico em muitas aplica\u00e7\u00f5es el\u00e9ctricas. Watts \u00e9 uma unidade de pot\u00eancia e indica-nos a quantidade de energia consumida ou produzida ao longo do tempo. Para converter amperes (corrente) em watts (pot\u00eancia), precisas de saber a tens\u00e3o (medida em volts) no circuito. A f\u00f3rmula b\u00e1sica \u00e9: <strong>watt = ampere x volt<\/strong>.   <\/p>\n\n<h2 class=\"wp-block-heading\">O que \u00e9 o volt-ampere?<\/h2>\n\n<p>O termo <strong>volt-ampere<\/strong> tamb\u00e9m \u00e9 importante quando se fala de energia el\u00e9ctrica. Enquanto os watts representam a pot\u00eancia real consumida num circuito, os volt-amperes referem-se \u00e0 pot\u00eancia &#8220;aparente&#8221;, frequentemente no contexto de circuitos de corrente alternada (CA). Esta distin\u00e7\u00e3o \u00e9 fundamental para compreender os sistemas el\u00e9ctricos, especialmente em termos de planeamento da carga e da capacidade.  <\/p>\n\n<h2 class=\"wp-block-heading\">O que s\u00e3o amperes-hora?<\/h2>\n\n<p><strong>O ampere-hora<\/strong> \u00e9 outro conceito-chave no mundo da eletricidade. Mede a quantidade de carga el\u00e9ctrica que flui atrav\u00e9s de um componente durante um determinado per\u00edodo. Este conceito \u00e9 especialmente relevante para baterias e sistemas de armazenamento de energia, uma vez que d\u00e1 uma medida da capacidade da bateria &#8211; ou quanto tempo pode fornecer uma determinada corrente antes de precisar de ser recarregada. Um ampere-hora significa que 1 amp\u00e8re flui atrav\u00e9s de um componente durante uma hora.   <\/p>\n","protected":false},"excerpt":{"rendered":"<p>Calcula amperes, volts e watts. A nossa calculadora ajuda-te a calcular amperes, volts e watts. Como calcular amperes e volts [&hellip;]<\/p>\n","protected":false},"author":1,"featured_media":0,"parent":1776,"menu_order":0,"comment_status":"closed","ping_status":"closed","template":"kalkulator-side.php","meta":{"site-sidebar-layout":"default","site-content-layout":"default","ast-site-content-layout":"default","site-content-style":"default","site-sidebar-style":"default","ast-global-header-display":"","ast-banner-title-visibility":"","ast-main-header-display":"","ast-hfb-above-header-display":"","ast-hfb-below-header-display":"","ast-hfb-mobile-header-display":"","site-post-title":"","ast-breadcrumbs-content":"","ast-featured-img":"","footer-sml-layout":"","theme-transparent-header-meta":"default","adv-header-id-meta":"","stick-header-meta":"default","header-above-stick-meta":"","header-main-stick-meta":"","header-below-stick-meta":"","astra-migrate-meta-layouts":"default","ast-page-background-enabled":"default","ast-page-background-meta":{"desktop":{"background-color":"var(--ast-global-color-5)","background-image":"","background-repeat":"repeat","background-position":"center center","background-size":"auto","background-attachment":"scroll","background-type":"","background-media":"","overlay-type":"","overlay-color":"","overlay-opacity":"","overlay-gradient":""},"tablet":{"background-color":"","background-image":"","background-repeat":"repeat","background-position":"center center","background-size":"auto","background-attachment":"scroll","background-type":"","background-media":"","overlay-type":"","overlay-color":"","overlay-opacity":"","overlay-gradient":""},"mobile":{"background-color":"","background-image":"","background-repeat":"repeat","background-position":"center center","background-size":"auto","background-attachment":"scroll","background-type":"","background-media":"","overlay-type":"","overlay-color":"","overlay-opacity":"","overlay-gradient":""}},"ast-content-background-meta":{"desktop":{"background-color":"var(--ast-global-color-4)","background-image":"","background-repeat":"repeat","background-position":"center center","background-size":"auto","background-attachment":"scroll","background-type":"","background-media":"","overlay-type":"","overlay-color":"","overlay-opacity":"","overlay-gradient":""},"tablet":{"background-color":"var(--ast-global-color-4)","background-image":"","background-repeat":"repeat","background-position":"center center","background-size":"auto","background-attachment":"scroll","background-type":"","background-media":"","overlay-type":"","overlay-color":"","overlay-opacity":"","overlay-gradient":""},"mobile":{"background-color":"var(--ast-global-color-4)","background-image":"","background-repeat":"repeat","background-position":"center center","background-size":"auto","background-attachment":"scroll","background-type":"","background-media":"","overlay-type":"","overlay-color":"","overlay-opacity":"","overlay-gradient":""}},"footnotes":""},"class_list":["post-1917","page","type-page","status-publish","hentry"],"yoast_head":"<!-- This site is optimized with the Yoast SEO plugin v25.5 - https:\/\/yoast.com\/wordpress\/plugins\/seo\/ -->\n<title>Calculadora para Watts, Amperes e Volts<\/title>\n<meta name=\"description\" content=\"A nossa calculadora converte watts, amperes e volts\" \/>\n<meta name=\"robots\" content=\"index, follow, max-snippet:-1, max-image-preview:large, max-video-preview:-1\" \/>\n<link rel=\"canonical\" href=\"https:\/\/quickpercentcalc.com\/pt-pt\/diversos\/calculadora-de-watt\/\" \/>\n<meta property=\"og:locale\" content=\"pt_PT\" \/>\n<meta property=\"og:type\" content=\"article\" \/>\n<meta property=\"og:title\" content=\"Calculadora para Watts, Amperes e Volts\" \/>\n<meta property=\"og:description\" content=\"A nossa calculadora converte watts, amperes e volts\" \/>\n<meta property=\"og:url\" content=\"https:\/\/quickpercentcalc.com\/pt-pt\/diversos\/calculadora-de-watt\/\" \/>\n<meta property=\"og:site_name\" content=\"Quick Percent Calculator\" \/>\n<meta property=\"article:modified_time\" content=\"2025-04-08T15:13:11+00:00\" \/>\n<meta name=\"twitter:card\" content=\"summary_large_image\" \/>\n<meta name=\"twitter:label1\" content=\"Tempo estimado de leitura\" \/>\n\t<meta name=\"twitter:data1\" content=\"2 minutos\" \/>\n<script type=\"application\/ld+json\" class=\"yoast-schema-graph\">{\"@context\":\"https:\/\/schema.org\",\"@graph\":[{\"@type\":\"WebPage\",\"@id\":\"https:\/\/quickpercentcalc.com\/pt-pt\/diversos\/calculadora-de-watt\/\",\"url\":\"https:\/\/quickpercentcalc.com\/pt-pt\/diversos\/calculadora-de-watt\/\",\"name\":\"Calculadora para Watts, Amperes e Volts\",\"isPartOf\":{\"@id\":\"https:\/\/quickpercentcalc.com\/pt-pt\/#website\"},\"datePublished\":\"2024-01-16T21:03:36+00:00\",\"dateModified\":\"2025-04-08T15:13:11+00:00\",\"description\":\"A nossa calculadora converte watts, amperes e volts\",\"breadcrumb\":{\"@id\":\"https:\/\/quickpercentcalc.com\/pt-pt\/diversos\/calculadora-de-watt\/#breadcrumb\"},\"inLanguage\":\"pt-PT\",\"potentialAction\":[{\"@type\":\"ReadAction\",\"target\":[\"https:\/\/quickpercentcalc.com\/pt-pt\/diversos\/calculadora-de-watt\/\"]}]},{\"@type\":\"BreadcrumbList\",\"@id\":\"https:\/\/quickpercentcalc.com\/pt-pt\/diversos\/calculadora-de-watt\/#breadcrumb\",\"itemListElement\":[{\"@type\":\"ListItem\",\"position\":1,\"name\":\"Home\",\"item\":\"https:\/\/quickpercentcalc.com\/pt-pt\/\"},{\"@type\":\"ListItem\",\"position\":2,\"name\":\"Diversos\",\"item\":\"https:\/\/quickpercentcalc.com\/pt-pt\/misc\/\"},{\"@type\":\"ListItem\",\"position\":3,\"name\":\"Calculadora de Watt\"}]},{\"@type\":\"WebSite\",\"@id\":\"https:\/\/quickpercentcalc.com\/pt-pt\/#website\",\"url\":\"https:\/\/quickpercentcalc.com\/pt-pt\/\",\"name\":\"Quick Percent Calculator\",\"description\":\"\",\"potentialAction\":[{\"@type\":\"SearchAction\",\"target\":{\"@type\":\"EntryPoint\",\"urlTemplate\":\"https:\/\/quickpercentcalc.com\/pt-pt\/?s={search_term_string}\"},\"query-input\":{\"@type\":\"PropertyValueSpecification\",\"valueRequired\":true,\"valueName\":\"search_term_string\"}}],\"inLanguage\":\"pt-PT\"}]}<\/script>\n<!-- \/ Yoast SEO plugin. -->","yoast_head_json":{"title":"Calculadora para Watts, Amperes e Volts","description":"A nossa calculadora converte watts, amperes e volts","robots":{"index":"index","follow":"follow","max-snippet":"max-snippet:-1","max-image-preview":"max-image-preview:large","max-video-preview":"max-video-preview:-1"},"canonical":"https:\/\/quickpercentcalc.com\/pt-pt\/diversos\/calculadora-de-watt\/","og_locale":"pt_PT","og_type":"article","og_title":"Calculadora para Watts, Amperes e Volts","og_description":"A nossa calculadora converte watts, amperes e volts","og_url":"https:\/\/quickpercentcalc.com\/pt-pt\/diversos\/calculadora-de-watt\/","og_site_name":"Quick Percent Calculator","article_modified_time":"2025-04-08T15:13:11+00:00","twitter_card":"summary_large_image","twitter_misc":{"Tempo estimado de leitura":"2 minutos"},"schema":{"@context":"https:\/\/schema.org","@graph":[{"@type":"WebPage","@id":"https:\/\/quickpercentcalc.com\/pt-pt\/diversos\/calculadora-de-watt\/","url":"https:\/\/quickpercentcalc.com\/pt-pt\/diversos\/calculadora-de-watt\/","name":"Calculadora para Watts, Amperes e Volts","isPartOf":{"@id":"https:\/\/quickpercentcalc.com\/pt-pt\/#website"},"datePublished":"2024-01-16T21:03:36+00:00","dateModified":"2025-04-08T15:13:11+00:00","description":"A nossa calculadora converte watts, amperes e volts","breadcrumb":{"@id":"https:\/\/quickpercentcalc.com\/pt-pt\/diversos\/calculadora-de-watt\/#breadcrumb"},"inLanguage":"pt-PT","potentialAction":[{"@type":"ReadAction","target":["https:\/\/quickpercentcalc.com\/pt-pt\/diversos\/calculadora-de-watt\/"]}]},{"@type":"BreadcrumbList","@id":"https:\/\/quickpercentcalc.com\/pt-pt\/diversos\/calculadora-de-watt\/#breadcrumb","itemListElement":[{"@type":"ListItem","position":1,"name":"Home","item":"https:\/\/quickpercentcalc.com\/pt-pt\/"},{"@type":"ListItem","position":2,"name":"Diversos","item":"https:\/\/quickpercentcalc.com\/pt-pt\/misc\/"},{"@type":"ListItem","position":3,"name":"Calculadora de Watt"}]},{"@type":"WebSite","@id":"https:\/\/quickpercentcalc.com\/pt-pt\/#website","url":"https:\/\/quickpercentcalc.com\/pt-pt\/","name":"Quick Percent Calculator","description":"","potentialAction":[{"@type":"SearchAction","target":{"@type":"EntryPoint","urlTemplate":"https:\/\/quickpercentcalc.com\/pt-pt\/?s={search_term_string}"},"query-input":{"@type":"PropertyValueSpecification","valueRequired":true,"valueName":"search_term_string"}}],"inLanguage":"pt-PT"}]}},"_links":{"self":[{"href":"https:\/\/quickpercentcalc.com\/pt-pt\/wp-json\/wp\/v2\/pages\/1917","targetHints":{"allow":["GET"]}}],"collection":[{"href":"https:\/\/quickpercentcalc.com\/pt-pt\/wp-json\/wp\/v2\/pages"}],"about":[{"href":"https:\/\/quickpercentcalc.com\/pt-pt\/wp-json\/wp\/v2\/types\/page"}],"author":[{"embeddable":true,"href":"https:\/\/quickpercentcalc.com\/pt-pt\/wp-json\/wp\/v2\/users\/1"}],"replies":[{"embeddable":true,"href":"https:\/\/quickpercentcalc.com\/pt-pt\/wp-json\/wp\/v2\/comments?post=1917"}],"version-history":[{"count":1,"href":"https:\/\/quickpercentcalc.com\/pt-pt\/wp-json\/wp\/v2\/pages\/1917\/revisions"}],"predecessor-version":[{"id":1918,"href":"https:\/\/quickpercentcalc.com\/pt-pt\/wp-json\/wp\/v2\/pages\/1917\/revisions\/1918"}],"up":[{"embeddable":true,"href":"https:\/\/quickpercentcalc.com\/pt-pt\/wp-json\/wp\/v2\/pages\/1776"}],"wp:attachment":[{"href":"https:\/\/quickpercentcalc.com\/pt-pt\/wp-json\/wp\/v2\/media?parent=1917"}],"curies":[{"name":"wp","href":"https:\/\/api.w.org\/{rel}","templated":true}]}}